{"id":4541,"date":"2019-01-08T21:42:04","date_gmt":"2019-01-08T21:42:04","guid":{"rendered":"https:\/\/internetaddictsanonymous.org\/?page_id=4541"},"modified":"2024-11-15T21:50:57","modified_gmt":"2024-11-16T05:50:57","slug":"12-schritte-der-itaa","status":"publish","type":"page","link":"https:\/\/internetaddictsanonymous.org\/de\/12-steps-of-itaa\/","title":{"rendered":"Die zw\u00f6lf Schritte und zw\u00f6lf Traditionen von ITAA"},"content":{"rendered":"<p>Die Zw\u00f6lf Schritte bilden den spirituellen Kern unseres Genesungsprogramms. Sie f\u00fchren uns aus der Sucht hin zu N\u00fcchternheit, innerem Frieden und Gelassenheit. Unsere Zw\u00f6lf Traditionen unterst\u00fctzen unsere Gruppen dabei, Einheit, Klarheit und N\u00e4chstenliebe zu finden. Wir haben erfahren, dass das Studium und die Praxis unserer Schritte und Traditionen, mit der Unterst\u00fctzung unserer H\u00f6heren Macht und anderer Mitglieder, der Schl\u00fcssel zu unserer langfristigen Genesung sind. Weitere Informationen zur Anwendung der Schritte finden Sie hier. <a href=\"https:\/\/internetaddictsanonymous.org\/de\/ressourcen\/literatur\/\">hier<\/a>.<\/p>\n\n\n\n<h3 class=\"wp-block-heading\"><strong>Die 12 Schritte der ITAA:<\/strong><\/h3>\n\n\n\n<p>1. Schritt: Wir gaben zu, dass wir gegen\u00fcber Internet und Technologie machtlos waren \u2013 dass wir unser Leben nicht mehr meistern konnten.<\/p>\n\n\n\n<p>2. Schritt: Wir kamen zu dem Glauben, dass uns eine Macht, gr\u00f6\u00dfer als wir selbst,\nunsere geistige Gesundheit wiedergeben kann.<\/p>\n\n\n\n<p>3. Schritt: Wir trafen eine Entscheidung, unseren Willen und unser Leben der Sorge dieser\nH\u00f6heren Macht anzuvertrauen,&nbsp;<em>so wie wir sie verstanden<\/em>.&nbsp;<\/p>\n\n\n\n<p>4. Schritt: Wir machten eine gr\u00fcndliche und furchtlose Inventur von uns selbst.<\/p>\n\n\n\n<p>5. Schritt: Wir gaben gegen\u00fcber dieser H\u00f6heren Macht, uns selbst und einem\nanderen Menschen die genaue Art unserer problematischen Verhaltensweisen und\nEinstellungen zu.<\/p>\n\n\n\n<p>6. Schritt: Wir waren v\u00f6llig bereit, uns durch diese Macht, gr\u00f6\u00dfer als wir selbst, von\nall diesen Charakterfehlern befreien zu lassen.<\/p>\n\n\n\n<p>7. Schritt: In Demut baten wir unsere H\u00f6here Macht um die Beseitigung all unserer\nM\u00e4ngel.<\/p>\n\n\n\n<p>8. Schritt: Wir machten eine Liste aller Personen, denen wir Schaden zugef\u00fcgt\nhatten, und wurden bereit, es an ihnen allen wieder gutzumachen.<\/p>\n\n\n\n<p>9. Schritt: Wo immer m\u00f6glich, realisierten wir direkte Wiedergutmachung an ihnen,\nvorausgesetzt, es w\u00fcrde ihnen oder anderen nicht schaden.<\/p>\n\n\n\n<p>10. Schritt: Wir fuhren fort, pers\u00f6nliche Inventur zu machen, und wenn wir Unrecht\nhatten, gaben wir es unmittelbar zu.<\/p>\n\n\n\n<p>11. Schritt: Wir suchten durch Gebet und Meditation die bewusste Verbindung zu einer Macht, gr\u00f6\u00dfer als wir selbst, zu vertiefen. Wir baten nur um das Wissen, was zu tun ist und die Kraft, es auszuf\u00fchren.<\/p>\n\n\n\n<p>12. Schritt: Nachdem wir durch diese Schritte ein spirituelles Erwachen erlebt hatten,\nversuchten wir, diese Botschaft an Internet- und Technologies\u00fcchtige weiterzugeben\nund uns in allen unseren Angelegenheit nach diesen Grunds\u00e4tzen zu richten.<\/p>\n\n\n\n<p><mark style=\"background-color:rgba(0, 0, 0, 0)\" class=\"has-inline-color has-white-color\"> .<\/mark><\/p>\n\n\n\n<h3 class=\"wp-block-heading\"><strong>Die 12 Traditionen von ITAA:<\/strong><\/h3>\n\n\n\n<p>Tradition 1: Unser gemeinsames Wohlergehen sollte an erster Stelle stehen; die\nGenesung jeder einzelnen Person beruht auf der Einigkeit von ITAA.<\/p>\n\n\n\n<p>Tradition 2: F\u00fcr unser Gruppenziel gibt es nur eine letzte Autorit\u00e4t - eine liebende H\u00f6here Macht, die durch unser Gruppengewissen zum Ausdruck kommen kann. Unsere F\u00fchrer sind nur vertrauensw\u00fcrdige Diener; sie regieren nicht.<\/p>\n\n\n\n<p>Tradition 3: Die einzige Voraussetzung f\u00fcr die Zugeh\u00f6rigkeit zu ITAA ist der\nWunsch, mit der zwanghaften Nutzung von Internet und Technologie aufzuh\u00f6ren.<\/p>\n\n\n\n<p>Tradition 4: Jede Gruppe sollte selbst\u00e4ndig sein, au\u00dfer in Dingen, die andere Gruppen oder ITAA als Ganzes betreffen.<\/p>\n\n\n\n<p>Tradition 5: Jede Gruppe hat nur ein Anliegen - ihre Botschaft an diejenigen weiterzugeben, die noch unter der zwanghaften Nutzung von Internet und Technologie leiden.<\/p>\n\n\n\n<p>Tradition 6: Eine ITAA-Gruppe sollte niemals ein au\u00dfenstehendes Unternehmen\nunterst\u00fctzen, finanzieren oder mit dem ITAA-Namen decken, damit uns nicht Geld-,\nEigentums- oder Prestigeprobleme von unserem eigentlichen Zweck ablenken.<\/p>\n\n\n\n<p>Tradition 7: Jede ITAA-Gruppe sollte sich selbst erhalten und von au\u00dfen kommende\nUnterst\u00fctzung ablehnen.<\/p>\n\n\n\n<p>Tradition 8: W\u00e4hrend unsere Dienstleistungsgremien qualifizierte Mitarbeiter besch\u00e4ftigen k\u00f6nnen, sollte die T\u00e4tigkeit eines Mitglieds, das einem anderen hilft, niemals verg\u00fctet werden, um sicherzustellen, dass die ITAA immer unprofessionell bleibt.<\/p>\n\n\n\n<p>Tradition 9: Die ITAA sollte niemals hierarchisch organisiert sein, aber wir k\u00f6nnen Dienstaussch\u00fcsse oder Komitees bilden, die direkt denjenigen verantwortlich sind, denen sie dienen.<\/p>\n\n\n\n<p>Tradition 10: ITAA nimmt zu Fragen au\u00dferhalb unserer Gemeinschaft keine\nStellung. Folglich sollte unser Name niemals in \u00f6ffentliche Auseinandersetzungen\nhineingezogen werden.<\/p>\n\n\n\n<p>Tradition 11: Unsere Beziehungen zur \u00d6ffentlichkeit st\u00fctzen sich mehr auf\nAnziehung als auf Werbung. Gegen\u00fcber Presse, Rundfunk, Film, Fernsehen und\nanderen \u00f6ffentlichen Medien sollten wir stets unsere pers\u00f6nliche Anonymit\u00e4t wahren.<\/p>\n\n\n\n<p>Tradition 12: Anonymit\u00e4t ist die spirituelle Grundlage aller unserer Traditionen, die\nuns immer daran erinnern soll, Prinzipien \u00fcber Personen zu stellen.<\/p>\n\n\n\n<p><br>Eine Historie der Entstehung unserer Schritte finden Sie hier. <a href=\"https:\/\/docs.google.com\/document\/d\/1p7lMaWd-PplLBSP2ulwmFvUSWR2bPam79UIJffN4UTM\/edit?usp=sharing\">hier<\/a>. Obwohl wir noch keine eigene Formulierung f\u00fcr die Zw\u00f6lf Konzepte haben, kann die Formulierung der AA-Konzepte gefunden werden. <a href=\"https:\/\/internetaddictsanonymous.org\/de\/die-zwolf-konzepte\/\">hier<\/a>die als n\u00fctzliche Referenz dienen kann.<br><\/p>\n\n\n\n<p><em>Die Zw\u00f6lf Schritte und Zw\u00f6lf Traditionen der Anonymen Alkoholiker wurden mit Genehmigung von Alcoholics Anonymous World Services, Inc. (\u201eAAWS\u201c) angepasst. Die Erlaubnis, die Zw\u00f6lf Schritte und Zw\u00f6lf Traditionen anzupassen, bedeutet nicht, dass die Anonymen Alkoholiker diesem Programm angeschlossen sind. AA ist nur ein Programm zur Genesung von Alkoholismus \u2013 die Verwendung von AA-Schritten oder einer angepassten Version in Verbindung mit Programmen und Aktivit\u00e4ten, die AA nachempfunden sind, aber andere Probleme ansprechen, oder die Verwendung in einem anderen Nicht-AA-Kontext impliziert nichts anderes .<\/em><\/p>\n<!-- PMB print buttons is only displayed on a single post\/page URLs-->","protected":false},"excerpt":{"rendered":"<p>The Twelve Steps are the spiritual core of our recovery program which guide us out of addiction and towards sobriety, serenity, and peace. Meanwhile, our Twelve Traditions help our groups navigate towards unity, clarity, and service. We have found that study and practice of our Steps and Traditions, with the help of our Higher Power &hellip; <a href=\"https:\/\/internetaddictsanonymous.org\/de\/12-steps-of-itaa\/\" class=\"more-link\"><span class=\"screen-reader-text\">Die zw\u00f6lf Schritte und zw\u00f6lf Traditionen von ITAA<\/span> weiterlesen<\/a><\/p>","protected":false},"author":35194238,"featured_media":0,"parent":0,"menu_order":0,"comment_status":"closed","ping_status":"closed","template":"full-width-page.php","meta":{"inline_featured_image":false,"_lmt_disableupdate":"no","_lmt_disable":"","jetpack_post_was_ever_published":false,"footnotes":""},"tags":[655524913],"class_list":["post-4541","page","type-page","status-publish","hentry","tag-12-steps"],"yoast_head":"<!-- This site is optimized with the Yoast SEO plugin v27.3 - https:\/\/yoast.com\/product\/yoast-seo-wordpress\/ -->\n<title>The Twelve Steps and Twelve Traditions of ITAA &#8211; Internet and Technology Addicts Anonymous<\/title>\n<meta name=\"description\" content=\"The 12 Steps of ITAA, which guide us in our recovery.\" \/>\n<meta name=\"robots\" content=\"index, follow, max-snippet:-1, max-image-preview:large, max-video-preview:-1\" \/>\n<link rel=\"canonical\" href=\"https:\/\/internetaddictsanonymous.org\/de\/12-schritte-der-itaa\/\" \/>\n<meta property=\"og:locale\" content=\"de_DE\" \/>\n<meta property=\"og:type\" content=\"article\" \/>\n<meta property=\"og:title\" content=\"The Twelve Steps and Twelve Traditions of ITAA &#8211; Internet and Technology Addicts Anonymous\" \/>\n<meta property=\"og:description\" content=\"The 12 Steps of ITAA, which guide us in our recovery.\" \/>\n<meta property=\"og:url\" content=\"https:\/\/internetaddictsanonymous.org\/de\/12-schritte-der-itaa\/\" \/>\n<meta property=\"og:site_name\" content=\"Internet and Technology Addicts Anonymous\" \/>\n<meta property=\"article:modified_time\" content=\"2024-11-16T05:50:57+00:00\" \/>\n<meta name=\"twitter:card\" content=\"summary_large_image\" \/>\n<meta name=\"twitter:label1\" content=\"Gesch\u00e4tzte Lesezeit\" \/>\n\t<meta name=\"twitter:data1\" content=\"4\u00a0Minuten\" \/>\n<script type=\"application\/ld+json\" class=\"yoast-schema-graph\">{\"@context\":\"https:\\\/\\\/schema.org\",\"@graph\":[{\"@type\":\"WebPage\",\"@id\":\"https:\\\/\\\/internetaddictsanonymous.org\\\/12-steps-of-itaa\\\/\",\"url\":\"https:\\\/\\\/internetaddictsanonymous.org\\\/12-steps-of-itaa\\\/\",\"name\":\"The Twelve Steps and Twelve Traditions of ITAA &#8211; Internet and Technology Addicts Anonymous\",\"isPartOf\":{\"@id\":\"https:\\\/\\\/internetaddictsanonymous.org\\\/#website\"},\"datePublished\":\"2019-01-08T21:42:04+00:00\",\"dateModified\":\"2024-11-16T05:50:57+00:00\",\"description\":\"The 12 Steps of ITAA, which guide us in our recovery.\",\"breadcrumb\":{\"@id\":\"https:\\\/\\\/internetaddictsanonymous.org\\\/12-steps-of-itaa\\\/#breadcrumb\"},\"inLanguage\":\"de\",\"potentialAction\":[{\"@type\":\"ReadAction\",\"target\":[\"https:\\\/\\\/internetaddictsanonymous.org\\\/12-steps-of-itaa\\\/\"]}]},{\"@type\":\"BreadcrumbList\",\"@id\":\"https:\\\/\\\/internetaddictsanonymous.org\\\/12-steps-of-itaa\\\/#breadcrumb\",\"itemListElement\":[{\"@type\":\"ListItem\",\"position\":1,\"name\":\"Home\",\"item\":\"https:\\\/\\\/internetaddictsanonymous.org\\\/\"},{\"@type\":\"ListItem\",\"position\":2,\"name\":\"The Twelve Steps and Twelve Traditions of ITAA\"}]},{\"@type\":\"WebSite\",\"@id\":\"https:\\\/\\\/internetaddictsanonymous.org\\\/#website\",\"url\":\"https:\\\/\\\/internetaddictsanonymous.org\\\/\",\"name\":\"Internet and Technology Addicts Anonymous\",\"description\":\"Worldwide 12-step Fellowship for Internet and Technology Addiction\",\"publisher\":{\"@id\":\"https:\\\/\\\/internetaddictsanonymous.org\\\/#organization\"},\"potentialAction\":[{\"@type\":\"SearchAction\",\"target\":{\"@type\":\"EntryPoint\",\"urlTemplate\":\"https:\\\/\\\/internetaddictsanonymous.org\\\/?s={search_term_string}\"},\"query-input\":{\"@type\":\"PropertyValueSpecification\",\"valueRequired\":true,\"valueName\":\"search_term_string\"}}],\"inLanguage\":\"de\"},{\"@type\":\"Organization\",\"@id\":\"https:\\\/\\\/internetaddictsanonymous.org\\\/#organization\",\"name\":\"Internet and Technology Addicts Anonymous\",\"url\":\"https:\\\/\\\/internetaddictsanonymous.org\\\/\",\"logo\":{\"@type\":\"ImageObject\",\"inLanguage\":\"de\",\"@id\":\"https:\\\/\\\/internetaddictsanonymous.org\\\/#\\\/schema\\\/logo\\\/image\\\/\",\"url\":\"https:\\\/\\\/internetaddictsanonymous.org\\\/wp-content\\\/uploads\\\/2023\\\/01\\\/cropped-ITAA-logo-480px.png\",\"contentUrl\":\"https:\\\/\\\/internetaddictsanonymous.org\\\/wp-content\\\/uploads\\\/2023\\\/01\\\/cropped-ITAA-logo-480px.png\",\"width\":480,\"height\":480,\"caption\":\"Internet and Technology Addicts Anonymous\"},\"image\":{\"@id\":\"https:\\\/\\\/internetaddictsanonymous.org\\\/#\\\/schema\\\/logo\\\/image\\\/\"}}]}<\/script>\n<!-- \/ Yoast SEO plugin. -->","yoast_head_json":{"title":"Die Zw\u00f6lf Schritte und Zw\u00f6lf Traditionen von ITAA - Internet and Technology Addicts Anonymous","description":"Die 12 Schritte der ITAA, die uns bei unserer Genesung leiten.","robots":{"index":"index","follow":"follow","max-snippet":"max-snippet:-1","max-image-preview":"max-image-preview:large","max-video-preview":"max-video-preview:-1"},"canonical":"https:\/\/internetaddictsanonymous.org\/de\/12-schritte-der-itaa\/","og_locale":"de_DE","og_type":"article","og_title":"The Twelve Steps and Twelve Traditions of ITAA &#8211; Internet and Technology Addicts Anonymous","og_description":"The 12 Steps of ITAA, which guide us in our recovery.","og_url":"https:\/\/internetaddictsanonymous.org\/de\/12-schritte-der-itaa\/","og_site_name":"Internet and Technology Addicts Anonymous","article_modified_time":"2024-11-16T05:50:57+00:00","twitter_card":"summary_large_image","twitter_misc":{"Gesch\u00e4tzte Lesezeit":"4\u00a0Minuten"},"schema":{"@context":"https:\/\/schema.org","@graph":[{"@type":"WebPage","@id":"https:\/\/internetaddictsanonymous.org\/12-steps-of-itaa\/","url":"https:\/\/internetaddictsanonymous.org\/12-steps-of-itaa\/","name":"Die Zw\u00f6lf Schritte und Zw\u00f6lf Traditionen von ITAA - Internet and Technology Addicts Anonymous","isPartOf":{"@id":"https:\/\/internetaddictsanonymous.org\/#website"},"datePublished":"2019-01-08T21:42:04+00:00","dateModified":"2024-11-16T05:50:57+00:00","description":"Die 12 Schritte der ITAA, die uns bei unserer Genesung leiten.","breadcrumb":{"@id":"https:\/\/internetaddictsanonymous.org\/12-steps-of-itaa\/#breadcrumb"},"inLanguage":"de","potentialAction":[{"@type":"ReadAction","target":["https:\/\/internetaddictsanonymous.org\/12-steps-of-itaa\/"]}]},{"@type":"BreadcrumbList","@id":"https:\/\/internetaddictsanonymous.org\/12-steps-of-itaa\/#breadcrumb","itemListElement":[{"@type":"ListItem","position":1,"name":"Home","item":"https:\/\/internetaddictsanonymous.org\/"},{"@type":"ListItem","position":2,"name":"The Twelve Steps and Twelve Traditions of ITAA"}]},{"@type":"WebSite","@id":"https:\/\/internetaddictsanonymous.org\/#website","url":"https:\/\/internetaddictsanonymous.org\/","name":"Die anonymen Internet- und Technologies\u00fcchtigen","description":"Weltweite 12-Schritte-Gemeinschaft f\u00fcr Internet- und Techniksucht","publisher":{"@id":"https:\/\/internetaddictsanonymous.org\/#organization"},"potentialAction":[{"@type":"SearchAction","target":{"@type":"EntryPoint","urlTemplate":"https:\/\/internetaddictsanonymous.org\/?s={search_term_string}"},"query-input":{"@type":"PropertyValueSpecification","valueRequired":true,"valueName":"search_term_string"}}],"inLanguage":"de"},{"@type":"Organization","@id":"https:\/\/internetaddictsanonymous.org\/#organization","name":"Die anonymen Internet- und Technologies\u00fcchtigen","url":"https:\/\/internetaddictsanonymous.org\/","logo":{"@type":"ImageObject","inLanguage":"de","@id":"https:\/\/internetaddictsanonymous.org\/#\/schema\/logo\/image\/","url":"https:\/\/internetaddictsanonymous.org\/wp-content\/uploads\/2023\/01\/cropped-ITAA-logo-480px.png","contentUrl":"https:\/\/internetaddictsanonymous.org\/wp-content\/uploads\/2023\/01\/cropped-ITAA-logo-480px.png","width":480,"height":480,"caption":"Internet and Technology Addicts Anonymous"},"image":{"@id":"https:\/\/internetaddictsanonymous.org\/#\/schema\/logo\/image\/"}}]}},"jetpack_sharing_enabled":true,"jetpack_shortlink":"https:\/\/wp.me\/P9Fwob-1bf","_links":{"self":[{"href":"https:\/\/internetaddictsanonymous.org\/de\/wp-json\/wp\/v2\/pages\/4541","targetHints":{"allow":["GET"]}}],"collection":[{"href":"https:\/\/internetaddictsanonymous.org\/de\/wp-json\/wp\/v2\/pages"}],"about":[{"href":"https:\/\/internetaddictsanonymous.org\/de\/wp-json\/wp\/v2\/types\/page"}],"author":[{"embeddable":true,"href":"https:\/\/internetaddictsanonymous.org\/de\/wp-json\/wp\/v2\/users\/35194238"}],"replies":[{"embeddable":true,"href":"https:\/\/internetaddictsanonymous.org\/de\/wp-json\/wp\/v2\/comments?post=4541"}],"version-history":[{"count":24,"href":"https:\/\/internetaddictsanonymous.org\/de\/wp-json\/wp\/v2\/pages\/4541\/revisions"}],"predecessor-version":[{"id":18938,"href":"https:\/\/internetaddictsanonymous.org\/de\/wp-json\/wp\/v2\/pages\/4541\/revisions\/18938"}],"wp:attachment":[{"href":"https:\/\/internetaddictsanonymous.org\/de\/wp-json\/wp\/v2\/media?parent=4541"}],"wp:term":[{"taxonomy":"post_tag","embeddable":true,"href":"https:\/\/internetaddictsanonymous.org\/de\/wp-json\/wp\/v2\/tags?post=4541"}],"curies":[{"name":"wp","href":"https:\/\/api.w.org\/{rel}","templated":true}]}}