{"id":9095,"date":"2019-11-12T19:19:38","date_gmt":"2019-11-12T19:19:38","guid":{"rendered":"https:\/\/internetaddictsanonymous.org\/?page_id=9095"},"modified":"2024-03-02T10:03:10","modified_gmt":"2024-03-02T15:03:10","slug":"neue-gesicht-zu-gesicht-treffen-beginnen","status":"publish","type":"page","link":"https:\/\/internetaddictsanonymous.org\/de\/starting-a-new-face-to-face-meeting\/","title":{"rendered":"Ein neues Meeting starten"},"content":{"rendered":"<p>Hier findest du einige Vorschl\u00e4ge, wie du ein neues Meeting starten kannst, sei es online oder als pers\u00f6nliches Meeting in deiner N\u00e4he. Das Starten eines neuen Meetings ist ein unglaublicher Dienst, der nicht nur dir, sondern auch anderen verzweifelten S\u00fcchtigen in deiner N\u00e4he helfen kann.<\/p>\n\n\n\n<p>\u2022 Die gute Nachricht ist, dass das Starten eines neuen Meetings sehr einfach ist! Jeder kann \u00fcberall ein ITAA-Meeting starten - es ist nicht erforderlich, die Erlaubnis von irgendjemandem zu erhalten. <\/p>\n\n\n\n<p>\u2022 Wir empfehlen, \u201e<a href=\"https:\/\/www.aa.org\/assets\/en_US\/en_bigbook_chapt11.pdf\">Eine Vision f\u00fcr dich<\/a>\u201dIm Blauen Buch der Anonymen Alkoholiker (AA) zu lesen. Das Kapitel ist unglaublich inspirierend und enth\u00e4lt praktische Ratschl\u00e4ge und Anleitungen f\u00fcr diejenigen, die neue Meetings beginnen m\u00f6chten.<\/p>\n\n\n\n<p>\u2022 \u2022 <a href=\"https:\/\/internetaddictsanonymous.org\/de\/12-schritte-der-itaa\/\">Die zw\u00f6lf Traditionen der ITAA<\/a> sind n\u00fctzliche Anleitungen f\u00fcr die Verwaltung eines neuen Meetings.<\/p>\n\n\n\n<p>- Sie brauchen nur zwei Personen, die sich von der Internet- und Technologiesucht erholen wollen, um ein Treffen zu beginnen.<\/p>\n\n\n\n<p>\u2022 Wenn du ein pers\u00f6nliches Meeting beginnst, kann es eine gute Idee sein, sich Orte anzusehen, an denen andere 12-Schritte-Meetings abgehalten werden, und zu fragen, ob dort Platz f\u00fcr dich verf\u00fcgbar ist, um ein neues ITAA-Meeting zu beginnen. Sobald du dich f\u00fcr einen Ort entschieden hast, kannst du uns den Treffpunkt, die Uhrzeit und die Kontaktdaten mitteilen und wir k\u00f6nnen diese auf der Seite f\u00fcr pers\u00f6nliche Treffen auflisten. Du kannst auch darum bitten, dass eine Ank\u00fcndigung zum Mitteilungsbrett hinzugef\u00fcgt wird.<\/p>\n\n\n\n<p>\u2022 Wenn du ein Online-Meeting startest, sende uns eine Nachricht \u00fcber das Kontaktformular auf der Website und wir k\u00f6nnen es in den Kalender und auf Wunsch in das Schwarze Brett f\u00fcr Ank\u00fcndigungen aufnehmen. Gib in deiner Nachricht bitte Tag und Uhrzeit des Meetings, den Namen des Meetings und eine kurze Beschreibung f\u00fcr die Veranstaltung an. Bitte gib in deiner Nachricht auch an, ob du einen der beiden&nbsp;<a href=\"https:\/\/internetaddictsanonymous.org\/de\/itaa-zoom-rooms\/\">ITAA-Zoom-Links<\/a>&nbsp;(die jedes ITAA-Mitglied verwenden kann) nutzen m\u00f6chtest oder einen alternativen Meeting-Link. Wir ermutigen dich auch folgende Empfehlung zu lesen: <a href=\"https:\/\/internetaddictsanonymous.org\/de\/sicherheitsrichtlinien-fur-itaa-meeting-hosts\/\">Vorschl\u00e4ge der ITAA zur Einhaltung der Sicherheitsbestimmungen<\/a>.<\/p>\n\n\n\n<p>\u2022 Ein hilfreiches Format f\u00fcr kleine Meetings mit wenigen Personen ist das Lesen aus 12-Schritte-Literatur. Ihr k\u00f6nnt abwechselnd Passagen lesen und Erfahrungen dazu austauschen. Du kannst auch dieses Stadard- <a href=\"https:\/\/internetaddictsanonymous.org\/de\/online-meeting-plan\/standardskript-fur-meetings\/\">Format<\/a> verwenden. Wir verwenden es traditionell in den Telefonkonferenzen.<\/p>\n\n\n\n<p>\u2022 F\u00fcr pers\u00f6nliche Meetings kann auch ein <a href=\"https:\/\/www.canva.com\/design\/DADrBuzE8Jo\/vhANeFLQMqW3fv3_ndWp0w\/edit?utm_content=DADrBuzE8Jo&amp;utm_campaign=designshare&amp;utm_medium=link2&amp;utm_source=sharebutton\" target=\"_blank\" rel=\"noreferrer noopener\">Flyer<\/a>hilfreich sein. In den meisten 12-Schritte Clubh\u00e4usern kannst du einen Flyer hinterlassen oder eure Meetingsdaten auflisten.\u00a0<\/p>\n\n\n\n<p>\u2022 Wenn du ein pers\u00f6nliches Meeting beginnst, solltest du \u00fcberlegen, wie du die Gesundheit und Sicherheit aller Meeting-Teilnehmer:innen gew\u00e4hrleisten k\u00f6nntest. Bitte beachte die lokalen Gesetze, Vorschriften und Gesundheitsrichtlinien. Du kannst auch in Erw\u00e4gung ziehen, sich im Freien zu treffen.<\/p>\n\n\n\n<p>\u2022 Wir w\u00fcnschen dir Beharrlichkeit, Geduld und Vertrauen in die h\u00f6here Macht.<\/p>\n\n\n\n<p><\/p>\n<!-- PMB print buttons is only displayed on a single post\/page URLs-->","protected":false},"excerpt":{"rendered":"<p>Hier finden Sie einige Vorschl\u00e4ge, wie Sie ein neues Meeting starten k\u00f6nnen, sei es online oder ein pers\u00f6nliches Meeting in Ihrer N\u00e4he. Die Gr\u00fcndung eines neuen Meetings ist ein unglaublicher Dienst, der nicht nur Ihnen helfen kann, sondern auch anderen k\u00e4mpfenden S\u00fcchtigen in Ihrer N\u00e4he. \u2022 Die gute Nachricht ist, dass der Beginn eines neuen \u2026 <a href=\"https:\/\/internetaddictsanonymous.org\/de\/starting-a-new-face-to-face-meeting\/\" class=\"more-link\"><span class=\"screen-reader-text\">Ein neues Meeting starten<\/span> weiterlesen<\/a><\/p>","protected":false},"author":35194237,"featured_media":0,"parent":0,"menu_order":0,"comment_status":"closed","ping_status":"closed","template":"full-width-page.php","meta":{"inline_featured_image":false,"_lmt_disableupdate":"no","_lmt_disable":"","footnotes":""},"tags":[],"class_list":["post-9095","page","type-page","status-publish","hentry"],"yoast_head":"<!-- This site is optimized with the Yoast SEO plugin v27.5 - https:\/\/yoast.com\/product\/yoast-seo-wordpress\/ -->\n<title>Starting a new meeting &#8211; Internet and Technology Addicts Anonymous<\/title>\n<meta name=\"robots\" content=\"index, follow, max-snippet:-1, max-image-preview:large, max-video-preview:-1\" \/>\n<link rel=\"canonical\" href=\"https:\/\/internetaddictsanonymous.org\/de\/neue-gesicht-zu-gesicht-treffen-beginnen\/\" \/>\n<meta property=\"og:locale\" content=\"de_DE\" \/>\n<meta property=\"og:type\" content=\"article\" \/>\n<meta property=\"og:title\" content=\"Starting a new meeting &#8211; Internet and Technology Addicts Anonymous\" \/>\n<meta property=\"og:description\" content=\"Here you can find some suggestions for how to start a new meeting, whether online or a face-to-face meeting in your area. Starting a new meeting is an incredible act of service which can help not only you, but also other struggling addicts in your area. \u2022 The good news is that starting a new &hellip; Starting a new meeting weiterlesen\" \/>\n<meta property=\"og:url\" content=\"https:\/\/internetaddictsanonymous.org\/de\/neue-gesicht-zu-gesicht-treffen-beginnen\/\" \/>\n<meta property=\"og:site_name\" content=\"Internet and Technology Addicts Anonymous\" \/>\n<meta property=\"article:modified_time\" content=\"2024-03-02T15:03:10+00:00\" \/>\n<meta name=\"twitter:card\" content=\"summary_large_image\" \/>\n<meta name=\"twitter:label1\" content=\"Gesch\u00e4tzte Lesezeit\" \/>\n\t<meta name=\"twitter:data1\" content=\"2\u00a0Minuten\" \/>\n<script type=\"application\/ld+json\" class=\"yoast-schema-graph\">{\"@context\":\"https:\\\/\\\/schema.org\",\"@graph\":[{\"@type\":\"WebPage\",\"@id\":\"https:\\\/\\\/internetaddictsanonymous.org\\\/starting-a-new-face-to-face-meeting\\\/\",\"url\":\"https:\\\/\\\/internetaddictsanonymous.org\\\/starting-a-new-face-to-face-meeting\\\/\",\"name\":\"Starting a new meeting &#8211; Internet and Technology Addicts Anonymous\",\"isPartOf\":{\"@id\":\"https:\\\/\\\/internetaddictsanonymous.org\\\/#website\"},\"datePublished\":\"2019-11-12T19:19:38+00:00\",\"dateModified\":\"2024-03-02T15:03:10+00:00\",\"breadcrumb\":{\"@id\":\"https:\\\/\\\/internetaddictsanonymous.org\\\/starting-a-new-face-to-face-meeting\\\/#breadcrumb\"},\"inLanguage\":\"de\",\"potentialAction\":[{\"@type\":\"ReadAction\",\"target\":[\"https:\\\/\\\/internetaddictsanonymous.org\\\/starting-a-new-face-to-face-meeting\\\/\"]}]},{\"@type\":\"BreadcrumbList\",\"@id\":\"https:\\\/\\\/internetaddictsanonymous.org\\\/starting-a-new-face-to-face-meeting\\\/#breadcrumb\",\"itemListElement\":[{\"@type\":\"ListItem\",\"position\":1,\"name\":\"Home\",\"item\":\"https:\\\/\\\/internetaddictsanonymous.org\\\/\"},{\"@type\":\"ListItem\",\"position\":2,\"name\":\"Starting a new meeting\"}]},{\"@type\":\"WebSite\",\"@id\":\"https:\\\/\\\/internetaddictsanonymous.org\\\/#website\",\"url\":\"https:\\\/\\\/internetaddictsanonymous.org\\\/\",\"name\":\"Internet and Technology Addicts Anonymous\",\"description\":\"Worldwide 12-step Fellowship for Internet and Technology Addiction\",\"publisher\":{\"@id\":\"https:\\\/\\\/internetaddictsanonymous.org\\\/#organization\"},\"potentialAction\":[{\"@type\":\"SearchAction\",\"target\":{\"@type\":\"EntryPoint\",\"urlTemplate\":\"https:\\\/\\\/internetaddictsanonymous.org\\\/?s={search_term_string}\"},\"query-input\":{\"@type\":\"PropertyValueSpecification\",\"valueRequired\":true,\"valueName\":\"search_term_string\"}}],\"inLanguage\":\"de\"},{\"@type\":\"Organization\",\"@id\":\"https:\\\/\\\/internetaddictsanonymous.org\\\/#organization\",\"name\":\"Internet and Technology Addicts Anonymous\",\"url\":\"https:\\\/\\\/internetaddictsanonymous.org\\\/\",\"logo\":{\"@type\":\"ImageObject\",\"inLanguage\":\"de\",\"@id\":\"https:\\\/\\\/internetaddictsanonymous.org\\\/#\\\/schema\\\/logo\\\/image\\\/\",\"url\":\"https:\\\/\\\/internetaddictsanonymous.org\\\/wp-content\\\/uploads\\\/2023\\\/01\\\/cropped-ITAA-logo-480px.png\",\"contentUrl\":\"https:\\\/\\\/internetaddictsanonymous.org\\\/wp-content\\\/uploads\\\/2023\\\/01\\\/cropped-ITAA-logo-480px.png\",\"width\":480,\"height\":480,\"caption\":\"Internet and Technology Addicts Anonymous\"},\"image\":{\"@id\":\"https:\\\/\\\/internetaddictsanonymous.org\\\/#\\\/schema\\\/logo\\\/image\\\/\"}}]}<\/script>\n<!-- \/ Yoast SEO plugin. -->","yoast_head_json":{"title":"Er\u00f6ffnung eines neuen Meetings - Internet and Technology Addicts Anonymous","robots":{"index":"index","follow":"follow","max-snippet":"max-snippet:-1","max-image-preview":"max-image-preview:large","max-video-preview":"max-video-preview:-1"},"canonical":"https:\/\/internetaddictsanonymous.org\/de\/neue-gesicht-zu-gesicht-treffen-beginnen\/","og_locale":"de_DE","og_type":"article","og_title":"Starting a new meeting &#8211; Internet and Technology Addicts Anonymous","og_description":"Here you can find some suggestions for how to start a new meeting, whether online or a face-to-face meeting in your area. Starting a new meeting is an incredible act of service which can help not only you, but also other struggling addicts in your area. \u2022 The good news is that starting a new &hellip; Starting a new meeting weiterlesen","og_url":"https:\/\/internetaddictsanonymous.org\/de\/neue-gesicht-zu-gesicht-treffen-beginnen\/","og_site_name":"Internet and Technology Addicts Anonymous","article_modified_time":"2024-03-02T15:03:10+00:00","twitter_card":"summary_large_image","twitter_misc":{"Gesch\u00e4tzte Lesezeit":"2\u00a0Minuten"},"schema":{"@context":"https:\/\/schema.org","@graph":[{"@type":"WebPage","@id":"https:\/\/internetaddictsanonymous.org\/starting-a-new-face-to-face-meeting\/","url":"https:\/\/internetaddictsanonymous.org\/starting-a-new-face-to-face-meeting\/","name":"Er\u00f6ffnung eines neuen Meetings - Internet and Technology Addicts Anonymous","isPartOf":{"@id":"https:\/\/internetaddictsanonymous.org\/#website"},"datePublished":"2019-11-12T19:19:38+00:00","dateModified":"2024-03-02T15:03:10+00:00","breadcrumb":{"@id":"https:\/\/internetaddictsanonymous.org\/starting-a-new-face-to-face-meeting\/#breadcrumb"},"inLanguage":"de","potentialAction":[{"@type":"ReadAction","target":["https:\/\/internetaddictsanonymous.org\/starting-a-new-face-to-face-meeting\/"]}]},{"@type":"BreadcrumbList","@id":"https:\/\/internetaddictsanonymous.org\/starting-a-new-face-to-face-meeting\/#breadcrumb","itemListElement":[{"@type":"ListItem","position":1,"name":"Home","item":"https:\/\/internetaddictsanonymous.org\/"},{"@type":"ListItem","position":2,"name":"Starting a new meeting"}]},{"@type":"WebSite","@id":"https:\/\/internetaddictsanonymous.org\/#website","url":"https:\/\/internetaddictsanonymous.org\/","name":"Die anonymen Internet- und Technologies\u00fcchtigen","description":"Weltweite 12-Schritte-Gemeinschaft f\u00fcr Internet- und Techniksucht","publisher":{"@id":"https:\/\/internetaddictsanonymous.org\/#organization"},"potentialAction":[{"@type":"SearchAction","target":{"@type":"EntryPoint","urlTemplate":"https:\/\/internetaddictsanonymous.org\/?s={search_term_string}"},"query-input":{"@type":"PropertyValueSpecification","valueRequired":true,"valueName":"search_term_string"}}],"inLanguage":"de"},{"@type":"Organization","@id":"https:\/\/internetaddictsanonymous.org\/#organization","name":"Die anonymen Internet- und Technologies\u00fcchtigen","url":"https:\/\/internetaddictsanonymous.org\/","logo":{"@type":"ImageObject","inLanguage":"de","@id":"https:\/\/internetaddictsanonymous.org\/#\/schema\/logo\/image\/","url":"https:\/\/internetaddictsanonymous.org\/wp-content\/uploads\/2023\/01\/cropped-ITAA-logo-480px.png","contentUrl":"https:\/\/internetaddictsanonymous.org\/wp-content\/uploads\/2023\/01\/cropped-ITAA-logo-480px.png","width":480,"height":480,"caption":"Internet and Technology Addicts Anonymous"},"image":{"@id":"https:\/\/internetaddictsanonymous.org\/#\/schema\/logo\/image\/"}}]}},"jetpack_sharing_enabled":true,"jetpack_shortlink":"https:\/\/wp.me\/P9Fwob-2mH","_links":{"self":[{"href":"https:\/\/internetaddictsanonymous.org\/de\/wp-json\/wp\/v2\/pages\/9095","targetHints":{"allow":["GET"]}}],"collection":[{"href":"https:\/\/internetaddictsanonymous.org\/de\/wp-json\/wp\/v2\/pages"}],"about":[{"href":"https:\/\/internetaddictsanonymous.org\/de\/wp-json\/wp\/v2\/types\/page"}],"author":[{"embeddable":true,"href":"https:\/\/internetaddictsanonymous.org\/de\/wp-json\/wp\/v2\/users\/35194237"}],"replies":[{"embeddable":true,"href":"https:\/\/internetaddictsanonymous.org\/de\/wp-json\/wp\/v2\/comments?post=9095"}],"version-history":[{"count":18,"href":"https:\/\/internetaddictsanonymous.org\/de\/wp-json\/wp\/v2\/pages\/9095\/revisions"}],"predecessor-version":[{"id":17641,"href":"https:\/\/internetaddictsanonymous.org\/de\/wp-json\/wp\/v2\/pages\/9095\/revisions\/17641"}],"wp:attachment":[{"href":"https:\/\/internetaddictsanonymous.org\/de\/wp-json\/wp\/v2\/media?parent=9095"}],"wp:term":[{"taxonomy":"post_tag","embeddable":true,"href":"https:\/\/internetaddictsanonymous.org\/de\/wp-json\/wp\/v2\/tags?post=9095"}],"curies":[{"name":"wp","href":"https:\/\/api.w.org\/{rel}","templated":true}]}}