{"id":11139,"date":"2020-06-14T09:30:42","date_gmt":"2020-06-14T09:30:42","guid":{"rendered":"https:\/\/internetaddictsanonymous.org\/?page_id=11139"},"modified":"2024-04-21T11:01:29","modified_gmt":"2024-04-21T15:01:29","slug":"servicio-2","status":"publish","type":"page","link":"https:\/\/internetaddictsanonymous.org\/es\/service-2\/","title":{"rendered":"Servicio"},"content":{"rendered":"<p>El servicio es la contribuci\u00f3n voluntaria de nuestro tiempo y energ\u00eda para ayudar a otros miembros de la ITAA, del mismo modo que nosotros hemos sido ayudados por otros. Es una herramienta poderosa para fortalecer nuestra propia sobriedad, y nos ha parecido un regalo poder tener un impacto tan significativo en la vida de otra persona.<\/p>\n\n\n\n<p>A continuaci\u00f3n encontrar\u00e1 varios recursos sobre c\u00f3mo funciona el servicio en ITAA y c\u00f3mo puede participar:<\/p>\n\n\n\n<p><strong><a href=\"https:\/\/internetaddictsanonymous.org\/es\/ismo\/\">Reuniones de servicio internacional<\/a><\/strong><br>Detalles e informaci\u00f3n sobre nuestras Reuniones Internacionales de Servicio (RIS), en las que debatimos temas importantes y desarrollamos soluciones para fortalecer el crecimiento de nuestra confraternidad. <\/p>\n\n\n\n<p><strong><a href=\"https:\/\/internetaddictsanonymous.org\/es\/puestos-de-servicio-abiertos\/\">Puestos de servicio y comit\u00e9s<\/a><\/strong><br>Detalles e informaci\u00f3n sobre las reuniones de nuestros diversos comit\u00e9s de servicio, a trav\u00e9s de los cuales escribimos literatura, mantenemos servicios para toda la confraternidad y trabajamos juntos para seguir mejorando ITAA.<\/p>\n\n\n\n<p><a href=\"https:\/\/internetaddictsanonymous.org\/es\/leading-and-strengthening-meetings\/\"><strong>C\u00f3mo funcionan las reuniones<\/strong><\/a><br>Una gu\u00eda completa para crear reuniones fuertes, sanas y en crecimiento.<\/p>\n\n\n\n<p><strong><a href=\"https:\/\/internetaddictsanonymous.org\/es\/guia-de-las-ciencias-de-grupo\/\">Gu\u00eda de las conciencias de grupo<\/a><\/strong><br>Una visi\u00f3n detallada del proceso de conciencia de grupo a trav\u00e9s del cual tomamos decisiones en grupo.<\/p>\n\n\n\n<p><strong><a href=\"https:\/\/internetaddictsanonymous.org\/es\/patrocinio\/\">La importancia del patrocinio<\/a><\/strong><br>Una visi\u00f3n general del apadrinamiento, en el que un miembro sobrio que ha trabajado los Doce Pasos apoya a otro miembro en su recuperaci\u00f3n.<\/p>\n\n\n\n<p><strong><a href=\"https:\/\/internetaddictsanonymous.org\/es\/seguridad-en-la-aita\/\">Seguridad en ITAA<\/a><br><\/strong>Una gu\u00eda para responder a comportamientos inseguros o inapropiados.<\/p>\n\n\n\n<p><strong><a href=\"https:\/\/internetaddictsanonymous.org\/es\/gsr\/\">\u00bfQu\u00e9 es un &#039;Representante de Servicio de Grupo&#039; en ITAA?<\/a><\/strong><br>Una visi\u00f3n general de lo que significa ser un representante de servicio de grupo: un miembro que ayuda a representar a un grupo particular de ITAA en nuestros ISM de toda la confraternidad.<\/p>\n<!-- PMB print buttons is only displayed on a single post\/page URLs-->","protected":false},"excerpt":{"rendered":"<p>El servicio es la contribuci\u00f3n voluntaria de nuestro tiempo y energ\u00eda para ayudar a otros miembros de ITAA, tal como otros nos han ayudado a nosotros. Es una herramienta poderosa para fortalecer nuestra propia sobriedad, y hemos encontrado que es un regalo poder tener un impacto tan significativo en la vida de otra persona... <a href=\"https:\/\/internetaddictsanonymous.org\/es\/service-2\/\" class=\"more-link\">Seguir leyendo <span class=\"screen-reader-text\">Servicio<\/span><\/a><\/p>","protected":false},"author":35194237,"featured_media":0,"parent":0,"menu_order":0,"comment_status":"closed","ping_status":"closed","template":"full-width-page.php","meta":{"inline_featured_image":false,"_lmt_disableupdate":"","_lmt_disable":"","footnotes":""},"tags":[],"class_list":["post-11139","page","type-page","status-publish","hentry"],"yoast_head":"<!-- This site is optimized with the Yoast SEO plugin v27.5 - https:\/\/yoast.com\/product\/yoast-seo-wordpress\/ -->\n<title>Service &#8211; Internet and Technology Addicts Anonymous<\/title>\n<meta name=\"robots\" content=\"index, follow, max-snippet:-1, max-image-preview:large, max-video-preview:-1\" \/>\n<link rel=\"canonical\" href=\"https:\/\/internetaddictsanonymous.org\/es\/servicio-2\/\" \/>\n<meta property=\"og:locale\" content=\"es_MX\" \/>\n<meta property=\"og:type\" content=\"article\" \/>\n<meta property=\"og:title\" content=\"Service &#8211; Internet and Technology Addicts Anonymous\" \/>\n<meta property=\"og:description\" content=\"Service is the voluntary contribution of our time and energy to help other members of ITAA, just as we have been helped by others. It is a powerful tool in strengthening our own sobriety, and we have found it a gift to be able to make such a meaningful impact in the life of another &hellip; Seguir leyendo Service\" \/>\n<meta property=\"og:url\" content=\"https:\/\/internetaddictsanonymous.org\/es\/servicio-2\/\" \/>\n<meta property=\"og:site_name\" content=\"Internet and Technology Addicts Anonymous\" \/>\n<meta property=\"article:modified_time\" content=\"2024-04-21T15:01:29+00:00\" \/>\n<meta name=\"twitter:card\" content=\"summary_large_image\" \/>\n<meta name=\"twitter:label1\" content=\"Tiempo de lectura\" \/>\n\t<meta name=\"twitter:data1\" content=\"2 minutos\" \/>\n<script type=\"application\/ld+json\" class=\"yoast-schema-graph\">{\"@context\":\"https:\\\/\\\/schema.org\",\"@graph\":[{\"@type\":\"WebPage\",\"@id\":\"https:\\\/\\\/internetaddictsanonymous.org\\\/service-2\\\/\",\"url\":\"https:\\\/\\\/internetaddictsanonymous.org\\\/service-2\\\/\",\"name\":\"Service &#8211; Internet and Technology Addicts Anonymous\",\"isPartOf\":{\"@id\":\"https:\\\/\\\/internetaddictsanonymous.org\\\/#website\"},\"datePublished\":\"2020-06-14T09:30:42+00:00\",\"dateModified\":\"2024-04-21T15:01:29+00:00\",\"breadcrumb\":{\"@id\":\"https:\\\/\\\/internetaddictsanonymous.org\\\/service-2\\\/#breadcrumb\"},\"inLanguage\":\"es\",\"potentialAction\":[{\"@type\":\"ReadAction\",\"target\":[\"https:\\\/\\\/internetaddictsanonymous.org\\\/service-2\\\/\"]}]},{\"@type\":\"BreadcrumbList\",\"@id\":\"https:\\\/\\\/internetaddictsanonymous.org\\\/service-2\\\/#breadcrumb\",\"itemListElement\":[{\"@type\":\"ListItem\",\"position\":1,\"name\":\"Home\",\"item\":\"https:\\\/\\\/internetaddictsanonymous.org\\\/\"},{\"@type\":\"ListItem\",\"position\":2,\"name\":\"Service\"}]},{\"@type\":\"WebSite\",\"@id\":\"https:\\\/\\\/internetaddictsanonymous.org\\\/#website\",\"url\":\"https:\\\/\\\/internetaddictsanonymous.org\\\/\",\"name\":\"Internet and Technology Addicts Anonymous\",\"description\":\"Worldwide 12-step Fellowship for Internet and Technology Addiction\",\"publisher\":{\"@id\":\"https:\\\/\\\/internetaddictsanonymous.org\\\/#organization\"},\"potentialAction\":[{\"@type\":\"SearchAction\",\"target\":{\"@type\":\"EntryPoint\",\"urlTemplate\":\"https:\\\/\\\/internetaddictsanonymous.org\\\/?s={search_term_string}\"},\"query-input\":{\"@type\":\"PropertyValueSpecification\",\"valueRequired\":true,\"valueName\":\"search_term_string\"}}],\"inLanguage\":\"es\"},{\"@type\":\"Organization\",\"@id\":\"https:\\\/\\\/internetaddictsanonymous.org\\\/#organization\",\"name\":\"Internet and Technology Addicts Anonymous\",\"url\":\"https:\\\/\\\/internetaddictsanonymous.org\\\/\",\"logo\":{\"@type\":\"ImageObject\",\"inLanguage\":\"es\",\"@id\":\"https:\\\/\\\/internetaddictsanonymous.org\\\/#\\\/schema\\\/logo\\\/image\\\/\",\"url\":\"https:\\\/\\\/internetaddictsanonymous.org\\\/wp-content\\\/uploads\\\/2023\\\/01\\\/cropped-ITAA-logo-480px.png\",\"contentUrl\":\"https:\\\/\\\/internetaddictsanonymous.org\\\/wp-content\\\/uploads\\\/2023\\\/01\\\/cropped-ITAA-logo-480px.png\",\"width\":480,\"height\":480,\"caption\":\"Internet and Technology Addicts Anonymous\"},\"image\":{\"@id\":\"https:\\\/\\\/internetaddictsanonymous.org\\\/#\\\/schema\\\/logo\\\/image\\\/\"}}]}<\/script>\n<!-- \/ Yoast SEO plugin. -->","yoast_head_json":{"title":"Servicio - Adictos a Internet y a la Tecnolog\u00eda An\u00f3nimos","robots":{"index":"index","follow":"follow","max-snippet":"max-snippet:-1","max-image-preview":"max-image-preview:large","max-video-preview":"max-video-preview:-1"},"canonical":"https:\/\/internetaddictsanonymous.org\/es\/servicio-2\/","og_locale":"es_MX","og_type":"article","og_title":"Service &#8211; Internet and Technology Addicts Anonymous","og_description":"Service is the voluntary contribution of our time and energy to help other members of ITAA, just as we have been helped by others. It is a powerful tool in strengthening our own sobriety, and we have found it a gift to be able to make such a meaningful impact in the life of another &hellip; Seguir leyendo Service","og_url":"https:\/\/internetaddictsanonymous.org\/es\/servicio-2\/","og_site_name":"Internet and Technology Addicts Anonymous","article_modified_time":"2024-04-21T15:01:29+00:00","twitter_card":"summary_large_image","twitter_misc":{"Tiempo de lectura":"2 minutos"},"schema":{"@context":"https:\/\/schema.org","@graph":[{"@type":"WebPage","@id":"https:\/\/internetaddictsanonymous.org\/service-2\/","url":"https:\/\/internetaddictsanonymous.org\/service-2\/","name":"Servicio - Adictos a Internet y a la Tecnolog\u00eda An\u00f3nimos","isPartOf":{"@id":"https:\/\/internetaddictsanonymous.org\/#website"},"datePublished":"2020-06-14T09:30:42+00:00","dateModified":"2024-04-21T15:01:29+00:00","breadcrumb":{"@id":"https:\/\/internetaddictsanonymous.org\/service-2\/#breadcrumb"},"inLanguage":"es","potentialAction":[{"@type":"ReadAction","target":["https:\/\/internetaddictsanonymous.org\/service-2\/"]}]},{"@type":"BreadcrumbList","@id":"https:\/\/internetaddictsanonymous.org\/service-2\/#breadcrumb","itemListElement":[{"@type":"ListItem","position":1,"name":"Home","item":"https:\/\/internetaddictsanonymous.org\/"},{"@type":"ListItem","position":2,"name":"Service"}]},{"@type":"WebSite","@id":"https:\/\/internetaddictsanonymous.org\/#website","url":"https:\/\/internetaddictsanonymous.org\/","name":"Adictos a Internet y la Tecnolog\u00eda An\u00f3nimos","description":"Comunidad mundial de 12 pasos para la adicci\u00f3n a Internet y a la tecnolog\u00eda","publisher":{"@id":"https:\/\/internetaddictsanonymous.org\/#organization"},"potentialAction":[{"@type":"SearchAction","target":{"@type":"EntryPoint","urlTemplate":"https:\/\/internetaddictsanonymous.org\/?s={search_term_string}"},"query-input":{"@type":"PropertyValueSpecification","valueRequired":true,"valueName":"search_term_string"}}],"inLanguage":"es"},{"@type":"Organization","@id":"https:\/\/internetaddictsanonymous.org\/#organization","name":"Adictos a Internet y la Tecnolog\u00eda An\u00f3nimos","url":"https:\/\/internetaddictsanonymous.org\/","logo":{"@type":"ImageObject","inLanguage":"es","@id":"https:\/\/internetaddictsanonymous.org\/#\/schema\/logo\/image\/","url":"https:\/\/internetaddictsanonymous.org\/wp-content\/uploads\/2023\/01\/cropped-ITAA-logo-480px.png","contentUrl":"https:\/\/internetaddictsanonymous.org\/wp-content\/uploads\/2023\/01\/cropped-ITAA-logo-480px.png","width":480,"height":480,"caption":"Internet and Technology Addicts Anonymous"},"image":{"@id":"https:\/\/internetaddictsanonymous.org\/#\/schema\/logo\/image\/"}}]}},"jetpack_sharing_enabled":true,"jetpack_shortlink":"https:\/\/wp.me\/P9Fwob-2TF","_links":{"self":[{"href":"https:\/\/internetaddictsanonymous.org\/es\/wp-json\/wp\/v2\/pages\/11139","targetHints":{"allow":["GET"]}}],"collection":[{"href":"https:\/\/internetaddictsanonymous.org\/es\/wp-json\/wp\/v2\/pages"}],"about":[{"href":"https:\/\/internetaddictsanonymous.org\/es\/wp-json\/wp\/v2\/types\/page"}],"author":[{"embeddable":true,"href":"https:\/\/internetaddictsanonymous.org\/es\/wp-json\/wp\/v2\/users\/35194237"}],"replies":[{"embeddable":true,"href":"https:\/\/internetaddictsanonymous.org\/es\/wp-json\/wp\/v2\/comments?post=11139"}],"version-history":[{"count":9,"href":"https:\/\/internetaddictsanonymous.org\/es\/wp-json\/wp\/v2\/pages\/11139\/revisions"}],"predecessor-version":[{"id":17892,"href":"https:\/\/internetaddictsanonymous.org\/es\/wp-json\/wp\/v2\/pages\/11139\/revisions\/17892"}],"wp:attachment":[{"href":"https:\/\/internetaddictsanonymous.org\/es\/wp-json\/wp\/v2\/media?parent=11139"}],"wp:term":[{"taxonomy":"post_tag","embeddable":true,"href":"https:\/\/internetaddictsanonymous.org\/es\/wp-json\/wp\/v2\/tags?post=11139"}],"curies":[{"name":"wp","href":"https:\/\/api.w.org\/{rel}","templated":true}]}}