{"id":11348,"date":"2020-07-12T07:06:35","date_gmt":"2020-07-12T07:06:35","guid":{"rendered":"https:\/\/internetaddictsanonymous.org\/?page_id=11348"},"modified":"2025-09-14T11:35:18","modified_gmt":"2025-09-14T18:35:18","slug":"puestos-de-servicio-abiertos","status":"publish","type":"page","link":"https:\/\/internetaddictsanonymous.org\/es\/puestos-de-servicio-abiertos\/","title":{"rendered":"Puestos de servicio y comit\u00e9s"},"content":{"rendered":"<p>Gracias por su inter\u00e9s en servir a la comunidad de ITAA. El servicio no s\u00f3lo es una herramienta inestimable para nuestra propia recuperaci\u00f3n, sino que tambi\u00e9n ayuda a toda la hermandad de ITAA, desde los reci\u00e9n llegados en su primera reuni\u00f3n hasta los veteranos, los grupos y la hermandad en su conjunto. A continuaci\u00f3n encontrar\u00e1 una lista de nuestros puestos y comit\u00e9s de servicio internacionales.<\/p>\n\n\n\n<p><strong>Pr\u00f3ximas reuniones de los comit\u00e9s de la ITAA y de los servicios internacionales<\/strong><\/p>\n\n\n<p><iframe style=\"height: 600px; width: 100%;\" src=\"https:\/\/teamup.com\/ks4ag6i7z1xynrk5ra?view=m&amp;showHeader=0&amp;showLogo=0&amp;showTitle=0&amp;showSidepanel=0&amp;showViewSelector=1\" width=\"100%\" height=\"600\" frameborder=\"0\"><\/iframe><\/p>\n\n\n<h5 class=\"wp-block-heading\" id=\"fellowship-level\"><strong>Puestos de servicio a nivel de becas <\/strong><\/h5>\n\n\n\n<ul class=\"wp-block-list\">\n<li><strong>Presidentes<\/strong>Hay dos copresidentes para las Reuniones Internacionales de Servicio, elegidos por un per\u00edodo de un a\u00f1o. Cada copresidente gestiona una ISM cada dos meses. Las responsabilidades de los presidentes son presidir la ISM y tambi\u00e9n actualizar y mantener estas directrices escritas para que se mantengan vigentes. Colaboran con los secretarios para finalizar la agenda. <strong>Si est\u00e1 interesado en ser copresidente, env\u00ede un correo electr\u00f3nico a secretaries.itaa@gmail.com o asista a un pr\u00f3ximo ISM.<\/strong><br><br><\/li>\n\n\n\n<li><strong>Secretarios<\/strong>Hay dos cosecretarios para las Reuniones Internacionales de Servicio, elegidos por un per\u00edodo de un a\u00f1o. Cada cosecretario gestiona una ISM cada dos meses. Los secretarios levantan actas durante la ISM y elaboran la agenda de la reuni\u00f3n. Colaboran con los presidentes para finalizar la agenda. <strong>Si est\u00e1 interesado en ser cosecretario, env\u00ede un correo electr\u00f3nico a secretaries.itaa@gmail.com o asista a un pr\u00f3ximo ISM.<\/strong><br><br><\/li>\n\n\n\n<li><strong>Co-Webmaster<\/strong>: La ITAA cuenta con al menos 2 Co-Webmasters (aunque puede haber m\u00e1s de 2) que pueden ser elegidos para mandatos de hasta 2 a\u00f1os de duraci\u00f3n (tambi\u00e9n se aceptan mandatos m\u00e1s cortos). Los co-webmasters mantienen, actualizan y modifican el sitio web de la ITAA al servicio de la conciencia de grupo de la confraternidad. Los webmasters tambi\u00e9n gestionan las cuentas de Zoom de la ITAA, la cuenta de Google Ads y el calendario de reuniones. Los co-webmasters tienen la autoridad de hacer cambios menores en el sitio web que est\u00e1n en el esp\u00edritu del sitio web existente. Cualquier cambio dr\u00e1stico, nuevas secciones, o desacuerdo sustancial puede ser remitido al ISM. <strong>Si est\u00e1 interesado en ser co-webmaster, env\u00ede un correo electr\u00f3nico a webmaster.itaa@gmail.com.<\/strong><br><br> <\/li>\n\n\n\n<li><strong>Co-tesorero<\/strong>Hay dos cotesoreros elegidos por un per\u00edodo de 12 meses. Los tesoreros llevan las cuentas de ITAA y registran los gastos y las donaciones. Normalmente, presentan un informe a las Reuniones de Servicio Internacional el tercer fin de semana de cada mes. No tienen la facultad de tomar decisiones de gastos de forma independiente. La decisi\u00f3n de asumir un nuevo gasto debe ser tomada por la Reuni\u00f3n de Servicio Internacional. <strong>Si est\u00e1 interesado en ser co-tesorero, env\u00ede un correo electr\u00f3nico a itaa.business@gmail.com.<\/strong><br><br><\/li>\n\n\n\n<li><strong>Respondedor de correo electr\u00f3nico<\/strong>Los responsables de correo electr\u00f3nico de ITAA ayudan a responder consultas generales enviadas a trav\u00e9s del sitio web de ITAA. Esto puede implicar proporcionar informaci\u00f3n sobre ITAA, nuestro calendario de reuniones, los recursos de nuestro sitio web o redirigir mensajes a otros servidores de confianza (por ejemplo, secretarios, administradores web, un comit\u00e9 espec\u00edfico o un grupo espec\u00edfico). Normalmente, la dedicaci\u00f3n semanal de cada responsable de correo electr\u00f3nico es de 15 a 30 minutos. Los responsables de correo electr\u00f3nico deben tener al menos 3 meses de experiencia en ITAA, y cada responsable electo puede elegir la duraci\u00f3n de su mandato, desde 3 meses hasta 2 a\u00f1os. <strong>Si est\u00e1 interesado en ser un respondedor de correo electr\u00f3nico, env\u00ede un correo electr\u00f3nico a internetandtechaa@gmail.com<span style=\"color: initial; font-family: -apple-system, BlinkMacSystemFont, &quot;Segoe UI&quot;, Roboto, Oxygen-Sans, Ubuntu, Cantarell, &quot;Helvetica Neue&quot;, sans-serif;\">.<\/span><\/strong><br><br><\/li>\n\n\n\n<li><strong>Representante de servicio de grupo (GSR)<\/strong>: Los RSG son elegidos por los grupos para ayudar a representarlos en las Reuniones Internacionales de Servicio de ITAA, y garantizan que las voces de nuestros grupos sean escuchadas a la hora de tomar decisiones a nivel de la confraternidad. Se anima a los grupos a celebrar conciencias de grupo para elegir a los RSG y definir los requisitos de servicio, las responsabilidades y la duraci\u00f3n de los mandatos. El siguiente recurso contiene m\u00e1s informaci\u00f3n sobre los RSG:<br><a href=\"https:\/\/internetaddictsanonymous.org\/es\/gsr\/\" target=\"_blank\" rel=\"noreferrer noopener\">\u00bfQu\u00e9 es un &#039;Representante de Servicio de Grupo&#039; en ITAA?<\/a><br><\/li>\n<\/ul>\n\n\n\n<h5 class=\"wp-block-heading\" id=\"fellowship-level\">Nivel de beca<strong> comit\u00e9s<\/strong><\/h5>\n\n\n\n<ul class=\"wp-block-list\">\n<li><strong>Comit\u00e9 Legal y Financiero<\/strong>Este Comit\u00e9 analiza cuestiones legales y financieras pertinentes a la comunidad de la ITAA en su conjunto, desarrolla y propone soluciones para su revisi\u00f3n por el ISM, interact\u00faa con abogados, contadores y otros profesionales pertinentes seg\u00fan sea necesario, y produce materiales y recursos relacionados con cuestiones legales y financieras que pueden apoyar a grupos y miembros individuales. La participaci\u00f3n est\u00e1 abierta a todos. <strong>Si est\u00e1 interesado en contribuir, env\u00ede un correo electr\u00f3nico a legalaffairs.itaa@gmail.com.<\/strong><br><br><\/li>\n\n\n\n<li><strong>Comit\u00e9 de Literatura<\/strong>: El Comit\u00e9 de Literatura redacta literatura impresa y en formato largo para apoyar el objetivo principal de nuestra confraternidad. La participaci\u00f3n est\u00e1 abierta a todos. Si no puede asistir a la reuni\u00f3n por cuestiones de zona horaria, p\u00f3ngase en contacto con la persona de contacto. Actualmente estamos escribiendo nuestro primer libro de ITAA, y estamos buscando historias de recuperaci\u00f3n de miembros con al menos 6 meses en ITAA, sobriedad estable como ellos la entienden, y que est\u00e9n trabajando los Pasos-m\u00e1s informaci\u00f3n se puede encontrar <a href=\"https:\/\/docs.google.com\/document\/d\/1WkjCP1kEapF_RhWaTpPk6nmuVHrNbohQVA2TJIpbDtQ\/edit?usp=sharing\">aqu\u00ed<\/a>. Cualquier miembro de la ITAA tambi\u00e9n puede registrarse como lector revisor y proporcionar comentarios sobre los borradores de nuestro libro. Puede encontrar el borrador actual del libro y registrarse para recibir actualizaciones peri\u00f3dicas a medida que se publiquen nuevos cap\u00edtulos completando el formulario. <a href=\"https:\/\/forms.gle\/xUyrY5BUxropNELWA\">este formulario<\/a>. <strong>Para cualquier pregunta o comentario, env\u00ede un correo electr\u00f3nico a literature.itaa@gmail.com. <\/strong><br><br><\/li>\n\n\n\n<li><strong>Comit\u00e9 de Relaciones P\u00fablicas<\/strong>Este comit\u00e9 tiene dos roles de servicio: Organizadores y Entrevistados. Los Organizadores gestionan las solicitudes de entrevistas, realizan actividades de difusi\u00f3n p\u00fablica, redactan y mantienen los recursos para periodistas y mantienen la Reuni\u00f3n de Servicio Internacional actualizada con informes. Cualquier miembro puede ser Organizador y unirse a nuestras reuniones. Los entrevistados son miembros a quienes se les notifica cuando se env\u00eda un mensaje a trav\u00e9s del sitio web solicitando una entrevista a un miembro de ITAA sobre nuestra confraternidad o programa de recuperaci\u00f3n. Para ser entrevistados, los miembros deben tener 5 meses en ITAA, asistir a las reuniones con regularidad, practicar los 12 pasos y tener al menos un nivel de sobriedad, seg\u00fan su definici\u00f3n. Los miembros del comit\u00e9 pueden elegir uno o ambos roles de servicio. <strong>Si est\u00e1 interesado en formar parte del Comit\u00e9 de Relaciones P\u00fablicas, env\u00ede un correo electr\u00f3nico a inquiries.itaa@gmail.com.<\/strong> <strong>Necesitamos m\u00e1s organizadores y entrevistados. Si desea realizar actividades de divulgaci\u00f3n en su zona, puede consultar nuestra <a href=\"https:\/\/docs.google.com\/document\/d\/1aRALvNCgyFK4UUpQHtJfsWbFT4WthLxQqeuzJhA2bM0\/edit?usp=sharing\">plantilla de divulgaci\u00f3n de informaci\u00f3n p\u00fablica<\/a>.<\/strong><br><\/li>\n<\/ul>\n\n\n\n<ul class=\"wp-block-list\">\n<li><strong>Subcomisi\u00f3n SEO \/ Google Ads<\/strong>: Este subcomit\u00e9 se centra en mejorar nuestros anuncios en Google y la optimizaci\u00f3n de los motores de b\u00fasqueda para ayudar a garantizar que nuestra confraternidad sea lo m\u00e1s accesible posible para aquellos que la necesitan. Este grupo es un subcomit\u00e9 del Comit\u00e9 de Contenido Web. <strong>Si tiene preguntas, env\u00ede un correo electr\u00f3nico a tomask.itaa@gmail.com.<\/strong><br><\/li>\n<\/ul>\n\n\n\n<ul class=\"wp-block-list\">\n<li><strong>Comit\u00e9 de contenido web<\/strong>En este comit\u00e9, debatimos, editamos y redactamos el contenido de nuestro sitio web. Todos los miembros est\u00e1n invitados a participar, y para ser miembro del comit\u00e9 es requisito haber asistido al menos a seis reuniones de la ITAA. Si tiene alguna pregunta, puede enviarla a webcontent.itaa@gmail.com.<br><br><\/li>\n\n\n\n<li><strong>Traducci\u00f3n de sitios web<\/strong>: Si desea traducir el sitio web de la ITAA a otro idioma, puede ayudar a llevar nuestro mensaje a los adictos que no hablan ingl\u00e9s. <strong>Si est\u00e1 interesado en ayudar a traducir el sitio, env\u00ede un correo electr\u00f3nico a webmaster.itaa@gmail.com<\/strong><\/li>\n<\/ul>\n<!-- PMB print buttons is only displayed on a single post\/page URLs-->","protected":false},"excerpt":{"rendered":"<p>\u00a1Gracias por su inter\u00e9s en servir a nivel de beca en ITAA! El servicio no es s\u00f3lo una herramienta invaluable para nuestra propia recuperaci\u00f3n, sino que tambi\u00e9n ayuda a toda la confraternidad de ITAA, desde los reci\u00e9n llegados en su primera reuni\u00f3n hasta los veteranos, los grupos y la confraternidad en su conjunto. A continuaci\u00f3n se muestra una lista de nuestros... <a href=\"https:\/\/internetaddictsanonymous.org\/es\/puestos-de-servicio-abiertos\/\" class=\"more-link\">Seguir leyendo <span class=\"screen-reader-text\">Puestos de servicio y comit\u00e9s<\/span><\/a><\/p>","protected":false},"author":35194237,"featured_media":0,"parent":0,"menu_order":0,"comment_status":"closed","ping_status":"closed","template":"full-width-page.php","meta":{"inline_featured_image":false,"_lmt_disableupdate":"no","_lmt_disable":"","jetpack_post_was_ever_published":false,"footnotes":""},"tags":[],"class_list":["post-11348","page","type-page","status-publish","hentry"],"yoast_head":"<!-- This site is optimized with the Yoast SEO plugin v26.7 - https:\/\/yoast.com\/wordpress\/plugins\/seo\/ -->\n<title>Service Positions and Committees &#8211; Internet and Technology Addicts Anonymous<\/title>\n<meta name=\"robots\" content=\"index, follow, max-snippet:-1, max-image-preview:large, max-video-preview:-1\" \/>\n<link rel=\"canonical\" href=\"https:\/\/internetaddictsanonymous.org\/es\/puestos-de-servicio-abiertos\/\" \/>\n<meta property=\"og:locale\" content=\"es_MX\" \/>\n<meta property=\"og:type\" content=\"article\" \/>\n<meta property=\"og:title\" content=\"Service Positions and Committees &#8211; Internet and Technology Addicts Anonymous\" \/>\n<meta property=\"og:description\" content=\"Thank you for your interest in being of service at the fellowship level in ITAA! Service is not only an invaluable tool for our own recoveries, it also helps the entire ITAA fellowship\u2014from newcomers at their first meeting, to old-timers, to the groups, and the fellowship as a whole. Below is a list of our &hellip; Seguir leyendo Service Positions and Committees\" \/>\n<meta property=\"og:url\" content=\"https:\/\/internetaddictsanonymous.org\/es\/puestos-de-servicio-abiertos\/\" \/>\n<meta property=\"og:site_name\" content=\"Internet and Technology Addicts Anonymous\" \/>\n<meta property=\"article:modified_time\" content=\"2025-09-14T18:35:18+00:00\" \/>\n<meta name=\"twitter:card\" content=\"summary_large_image\" \/>\n<meta name=\"twitter:label1\" content=\"Tiempo de lectura\" \/>\n\t<meta name=\"twitter:data1\" content=\"5 minutos\" \/>\n<script type=\"application\/ld+json\" class=\"yoast-schema-graph\">{\"@context\":\"https:\/\/schema.org\",\"@graph\":[{\"@type\":\"WebPage\",\"@id\":\"https:\/\/internetaddictsanonymous.org\/open-service-positions\/\",\"url\":\"https:\/\/internetaddictsanonymous.org\/open-service-positions\/\",\"name\":\"Service Positions and Committees &#8211; Internet and Technology Addicts Anonymous\",\"isPartOf\":{\"@id\":\"https:\/\/internetaddictsanonymous.org\/#website\"},\"datePublished\":\"2020-07-12T07:06:35+00:00\",\"dateModified\":\"2025-09-14T18:35:18+00:00\",\"breadcrumb\":{\"@id\":\"https:\/\/internetaddictsanonymous.org\/open-service-positions\/#breadcrumb\"},\"inLanguage\":\"es\",\"potentialAction\":[{\"@type\":\"ReadAction\",\"target\":[\"https:\/\/internetaddictsanonymous.org\/open-service-positions\/\"]}]},{\"@type\":\"BreadcrumbList\",\"@id\":\"https:\/\/internetaddictsanonymous.org\/open-service-positions\/#breadcrumb\",\"itemListElement\":[{\"@type\":\"ListItem\",\"position\":1,\"name\":\"Home\",\"item\":\"https:\/\/internetaddictsanonymous.org\/\"},{\"@type\":\"ListItem\",\"position\":2,\"name\":\"Service Positions and Committees\"}]},{\"@type\":\"WebSite\",\"@id\":\"https:\/\/internetaddictsanonymous.org\/#website\",\"url\":\"https:\/\/internetaddictsanonymous.org\/\",\"name\":\"Internet and Technology Addicts Anonymous\",\"description\":\"Worldwide 12-step Fellowship for Internet and Technology Addiction\",\"publisher\":{\"@id\":\"https:\/\/internetaddictsanonymous.org\/#organization\"},\"potentialAction\":[{\"@type\":\"SearchAction\",\"target\":{\"@type\":\"EntryPoint\",\"urlTemplate\":\"https:\/\/internetaddictsanonymous.org\/?s={search_term_string}\"},\"query-input\":{\"@type\":\"PropertyValueSpecification\",\"valueRequired\":true,\"valueName\":\"search_term_string\"}}],\"inLanguage\":\"es\"},{\"@type\":\"Organization\",\"@id\":\"https:\/\/internetaddictsanonymous.org\/#organization\",\"name\":\"Internet and Technology Addicts Anonymous\",\"url\":\"https:\/\/internetaddictsanonymous.org\/\",\"logo\":{\"@type\":\"ImageObject\",\"inLanguage\":\"es\",\"@id\":\"https:\/\/internetaddictsanonymous.org\/#\/schema\/logo\/image\/\",\"url\":\"https:\/\/internetaddictsanonymous.org\/wp-content\/uploads\/2023\/01\/cropped-ITAA-logo-480px.png\",\"contentUrl\":\"https:\/\/internetaddictsanonymous.org\/wp-content\/uploads\/2023\/01\/cropped-ITAA-logo-480px.png\",\"width\":480,\"height\":480,\"caption\":\"Internet and Technology Addicts Anonymous\"},\"image\":{\"@id\":\"https:\/\/internetaddictsanonymous.org\/#\/schema\/logo\/image\/\"}}]}<\/script>\n<!-- \/ Yoast SEO plugin. -->","yoast_head_json":{"title":"Puestos de servicio y comit\u00e9s - Adictos a Internet y a la Tecnolog\u00eda An\u00f3nimos","robots":{"index":"index","follow":"follow","max-snippet":"max-snippet:-1","max-image-preview":"max-image-preview:large","max-video-preview":"max-video-preview:-1"},"canonical":"https:\/\/internetaddictsanonymous.org\/es\/puestos-de-servicio-abiertos\/","og_locale":"es_MX","og_type":"article","og_title":"Service Positions and Committees &#8211; Internet and Technology Addicts Anonymous","og_description":"Thank you for your interest in being of service at the fellowship level in ITAA! Service is not only an invaluable tool for our own recoveries, it also helps the entire ITAA fellowship\u2014from newcomers at their first meeting, to old-timers, to the groups, and the fellowship as a whole. Below is a list of our &hellip; Seguir leyendo Service Positions and Committees","og_url":"https:\/\/internetaddictsanonymous.org\/es\/puestos-de-servicio-abiertos\/","og_site_name":"Internet and Technology Addicts Anonymous","article_modified_time":"2025-09-14T18:35:18+00:00","twitter_card":"summary_large_image","twitter_misc":{"Tiempo de lectura":"5 minutos"},"schema":{"@context":"https:\/\/schema.org","@graph":[{"@type":"WebPage","@id":"https:\/\/internetaddictsanonymous.org\/open-service-positions\/","url":"https:\/\/internetaddictsanonymous.org\/open-service-positions\/","name":"Puestos de servicio y comit\u00e9s - Adictos a Internet y a la Tecnolog\u00eda An\u00f3nimos","isPartOf":{"@id":"https:\/\/internetaddictsanonymous.org\/#website"},"datePublished":"2020-07-12T07:06:35+00:00","dateModified":"2025-09-14T18:35:18+00:00","breadcrumb":{"@id":"https:\/\/internetaddictsanonymous.org\/open-service-positions\/#breadcrumb"},"inLanguage":"es","potentialAction":[{"@type":"ReadAction","target":["https:\/\/internetaddictsanonymous.org\/open-service-positions\/"]}]},{"@type":"BreadcrumbList","@id":"https:\/\/internetaddictsanonymous.org\/open-service-positions\/#breadcrumb","itemListElement":[{"@type":"ListItem","position":1,"name":"Home","item":"https:\/\/internetaddictsanonymous.org\/"},{"@type":"ListItem","position":2,"name":"Service Positions and Committees"}]},{"@type":"WebSite","@id":"https:\/\/internetaddictsanonymous.org\/#website","url":"https:\/\/internetaddictsanonymous.org\/","name":"Adictos a Internet y la Tecnolog\u00eda An\u00f3nimos","description":"Comunidad mundial de 12 pasos para la adicci\u00f3n a Internet y a la tecnolog\u00eda","publisher":{"@id":"https:\/\/internetaddictsanonymous.org\/#organization"},"potentialAction":[{"@type":"SearchAction","target":{"@type":"EntryPoint","urlTemplate":"https:\/\/internetaddictsanonymous.org\/?s={search_term_string}"},"query-input":{"@type":"PropertyValueSpecification","valueRequired":true,"valueName":"search_term_string"}}],"inLanguage":"es"},{"@type":"Organization","@id":"https:\/\/internetaddictsanonymous.org\/#organization","name":"Adictos a Internet y la Tecnolog\u00eda An\u00f3nimos","url":"https:\/\/internetaddictsanonymous.org\/","logo":{"@type":"ImageObject","inLanguage":"es","@id":"https:\/\/internetaddictsanonymous.org\/#\/schema\/logo\/image\/","url":"https:\/\/internetaddictsanonymous.org\/wp-content\/uploads\/2023\/01\/cropped-ITAA-logo-480px.png","contentUrl":"https:\/\/internetaddictsanonymous.org\/wp-content\/uploads\/2023\/01\/cropped-ITAA-logo-480px.png","width":480,"height":480,"caption":"Internet and Technology Addicts Anonymous"},"image":{"@id":"https:\/\/internetaddictsanonymous.org\/#\/schema\/logo\/image\/"}}]}},"jetpack_sharing_enabled":true,"jetpack_shortlink":"https:\/\/wp.me\/P9Fwob-2X2","_links":{"self":[{"href":"https:\/\/internetaddictsanonymous.org\/es\/wp-json\/wp\/v2\/pages\/11348","targetHints":{"allow":["GET"]}}],"collection":[{"href":"https:\/\/internetaddictsanonymous.org\/es\/wp-json\/wp\/v2\/pages"}],"about":[{"href":"https:\/\/internetaddictsanonymous.org\/es\/wp-json\/wp\/v2\/types\/page"}],"author":[{"embeddable":true,"href":"https:\/\/internetaddictsanonymous.org\/es\/wp-json\/wp\/v2\/users\/35194237"}],"replies":[{"embeddable":true,"href":"https:\/\/internetaddictsanonymous.org\/es\/wp-json\/wp\/v2\/comments?post=11348"}],"version-history":[{"count":99,"href":"https:\/\/internetaddictsanonymous.org\/es\/wp-json\/wp\/v2\/pages\/11348\/revisions"}],"predecessor-version":[{"id":20440,"href":"https:\/\/internetaddictsanonymous.org\/es\/wp-json\/wp\/v2\/pages\/11348\/revisions\/20440"}],"wp:attachment":[{"href":"https:\/\/internetaddictsanonymous.org\/es\/wp-json\/wp\/v2\/media?parent=11348"}],"wp:term":[{"taxonomy":"post_tag","embeddable":true,"href":"https:\/\/internetaddictsanonymous.org\/es\/wp-json\/wp\/v2\/tags?post=11348"}],"curies":[{"name":"wp","href":"https:\/\/api.w.org\/{rel}","templated":true}]}}