{"id":12898,"date":"2021-05-05T19:25:45","date_gmt":"2021-05-05T19:25:45","guid":{"rendered":"https:\/\/internetaddictsanonymous.org\/?page_id=12898"},"modified":"2026-04-11T21:36:16","modified_gmt":"2026-04-12T04:36:16","slug":"directrices-de-seguridad-para-anfitriones-de-reuniones-de-la-aita","status":"publish","type":"page","link":"https:\/\/internetaddictsanonymous.org\/es\/security-guidelines-for-itaa-meeting-hosts\/","title":{"rendered":"Pautas de seguridad para los anfitriones de reuniones de la ITAA"},"content":{"rendered":"<p>Las reuniones de la ITAA pueden ser objeto de trolls perturbadores. A continuaci\u00f3n, se incluyen algunas sugerencias que pueden ayudarlo a mantener su reuni\u00f3n de Zoom segura y protegida. Se anima a las reuniones para mantener la conciencia de grupo y discutir planes sobre c\u00f3mo prevenir y responder a la interrupci\u00f3n. <strong>Puede encontrar una demostraci\u00f3n en v\u00eddeo de las sugerencias siguientes. <a href=\"https:\/\/www.loom.com\/share\/0962dd4d02924e9caa30ff0ee7ec326e?sid=cb36c3e4-46ac-45b0-8550-04b095fab1ef\" target=\"_blank\" rel=\"noreferrer noopener\">aqu\u00ed<\/a>.<\/strong><\/p>\n\n\n\n<p><em>Tenga en cuenta que estas medidas de seguridad son solo para personas intencionalmente disruptivas, y no para censurar a los participantes genuinos para que no compartan, incluso si lo que dicen puede desencadenar a otros. Como dice nuestra tercera tradici\u00f3n, el \u00fanico requisito para ser miembro de la ITAA es el deseo de dejar de usar Internet y la tecnolog\u00eda de manera compulsiva.<\/em> <em>Para responder a comportamientos inapropiados de otros miembros de ITAA, consulte nuestro recurso sobre <a href=\"https:\/\/internetaddictsanonymous.org\/es\/seguridad-en-la-aita\/\" type=\"page\" id=\"13073\">Seguridad en ITAA<\/a>.<\/em><\/p>\n\n\n\n<ul class=\"wp-block-list\">\n<li><strong><mark style=\"background-color:rgba(0, 0, 0, 0);color:#ff0000\" class=\"has-inline-color\">Si se produce una perturbaci\u00f3n<\/mark><\/strong>, <em>aseg\u00farese de haber reclamado el c\u00f3digo de host<\/em> y haga clic en el bot\u00f3n \u201cSeguridad\u201d en la parte inferior de la pantalla de Zoom (en forma de escudo) y presione el bot\u00f3n rojo \u201cSuspender actividades de los participantes\u201d. <strong>Esta es la forma m\u00e1s r\u00e1pida de acabar con un bombardeo de zoom.<\/strong> Tendr\u00e1s que presionar un segundo bot\u00f3n rojo &quot;Suspender&quot; en una ventana emergente para confirmar. Esto apagar\u00e1 el video y el audio, desactivar\u00e1 el chat, evitar\u00e1 que los usuarios se cambien el nombre y bloquear\u00e1 la reuni\u00f3n (lo que impide que se unan nuevos usuarios). Luego puedes eliminar al participante disruptivo. <strong>y reportarlos a Zoom<\/strong>.<\/li>\n<\/ul>\n\n\n\n<ul class=\"wp-block-list\">\n<li><strong><mark style=\"background-color:rgba(0, 0, 0, 0);color:#ff0000\" class=\"has-inline-color\">Para reclamar el c\u00f3digo de host<\/mark><\/strong>, haga clic en la pesta\u00f1a &quot;Participantes&quot; en la parte inferior de la pantalla de Zoom para abrir la barra lateral de participantes. En la parte inferior derecha de la barra lateral hay un bot\u00f3n que dice &quot;reclamar host&quot;. Despu\u00e9s de hacer clic en esto, se le pedir\u00e1 que ingrese el c\u00f3digo de host. En general, sugerimos llegar unos minutos antes a la reuni\u00f3n e ingresar el c\u00f3digo de anfitri\u00f3n para estar preparado. <\/li>\n<\/ul>\n\n\n\n<ul class=\"wp-block-list\">\n<li><strong><mark style=\"background-color:rgba(0, 0, 0, 0);color:#ff0000\" class=\"has-inline-color\">Convierta al menos a un miembro de confianza en coanfitri\u00f3n de Zoom<\/mark><\/strong>. Los coanfitriones pueden acceder a todos los controles de seguridad de Zoom. Para convertir a alguien en coanfitri\u00f3n, haga clic en &quot;...&quot; en la parte superior derecha del cuadrado de su video, o al lado de su nombre en la barra lateral de participantes. Aseg\u00farate de reconocer su voz o de que tengan su video encendido antes de nombrarlos coanfitriones, ya que los bombarderos de zoom a veces se hacen pasar por otros miembros. Es posible que su reuni\u00f3n desee establecer un puesto de servicio de anfitri\u00f3n t\u00e9cnico regular para ayudar a administrar la configuraci\u00f3n de seguridad y eliminar a los miembros disruptivos.<\/li>\n<\/ul>\n\n\n\n<ul class=\"wp-block-list\">\n<li><strong>Sala de espera. <\/strong>Puede habilitar la sala de espera haciendo clic en el bot\u00f3n &quot;Seguridad&quot; en la parte inferior de la pantalla de zoom. Es posible que desee esperar un minuto m\u00e1s o menos antes de admitir nombres desconocidos en la reuni\u00f3n. Los trolls tienden a unirse a las reuniones a mitad de camino y trabajan en grupos, por lo que si en el medio de la reuni\u00f3n ves a un grupo de personas que se unen a la sala de espera todas a la vez, esto es una se\u00f1al de que pueden ser trolls (especialmente si tienen nombres de usuario anormales, como de una celebridad famosa). Si no est\u00e1 seguro, es posible que desee admitir participantes, pero est\u00e9 alerta y listo para tomar medidas r\u00e1pidas en caso de que ocurra algo perturbador.<\/li>\n<\/ul>\n\n\n\n<ul class=\"wp-block-list\">\n<li><strong>Desactivar la capacidad de los participantes para activar su silencio<\/strong>. Para ello, haz clic en el bot\u00f3n \u201cSeguridad\u201d. Los participantes deber\u00e1n levantar la mano (o pulsar *9 si se conectan por tel\u00e9fono) y el anfitri\u00f3n podr\u00e1 activar su micr\u00f3fono. Esto evitar\u00e1 que personas no deseadas interrumpan a los miembros mientras comparten. Como alternativa, puedes desactivar la opci\u00f3n de que los participantes activen su micr\u00f3fono solo mientras alguien comparte, y volver a activarla cuando termine la presentaci\u00f3n. Esto evitar\u00e1 interrupciones y, al mismo tiempo, permitir\u00e1 que los participantes activen su micr\u00f3fono (sin necesidad de levantar la mano) cuando deseen compartir.<\/li>\n<\/ul>\n\n\n\n<ul class=\"wp-block-list\">\n<li><strong>Desactivar la posibilidad de que los participantes se cambien el nombre<\/strong>. Puede hacerlo haciendo clic en el bot\u00f3n &quot;Seguridad&quot;. Esto evita que los trolls cambien sus nombres para imitar a otros miembros de la reuni\u00f3n o para esconderse de los anfitriones de la reuni\u00f3n.<\/li>\n<\/ul>\n\n\n\n<ul class=\"wp-block-list\">\n<li><strong>Requiere que el v\u00eddeo est\u00e9 activado. <\/strong>Puede pedir que todos los participantes enciendan su video durante la reuni\u00f3n, o al menos que lo enciendan cuando se presenten. Si se unen nuevos miembros, se les puede solicitar que activen su video y se presenten. Esto disuade a los trolls que desean permanecer en las sombras.<\/li>\n<\/ul>\n\n\n\n<ul class=\"wp-block-list\">\n<li><strong>Desactiva la mensajer\u00eda privada.<\/strong> Puede desactivar esto abriendo la barra lateral del chat, haciendo clic en &quot;...&quot; en la parte inferior derecha y seleccionando &quot;Los participantes pueden chatear con: Todos p\u00fablicamente&quot;. Tambi\u00e9n puede cambiar esto a &quot;Los participantes pueden chatear con: Solo anfitri\u00f3n&quot;.<\/li>\n<\/ul>\n\n\n\n<ul class=\"wp-block-list\">\n<li>Para aumentar a\u00fan m\u00e1s la seguridad de la reuni\u00f3n, puede utilizar una sala de descanso para la reuni\u00f3n propiamente dicha y, a continuaci\u00f3n, utilizar la sala principal para admitir a las personas de la sala de espera de una en una e investigar a los posibles trolls. Esto es m\u00e1s complejo, pero muy seguro. Hay una gu\u00eda y un tutorial en v\u00eddeo <a href=\"https:\/\/docs.google.com\/document\/d\/1SJwND-Ugc_MGlyOKVr_wqd89esfXkgrbAyNejL6bQ5M\/edit?usp=sharing\">aqu\u00ed<\/a>.<\/li>\n<\/ul>\n\n\n\n<ul class=\"wp-block-list\">\n<li>Tambi\u00e9n puede exigir que los usuarios env\u00eden un correo electr\u00f3nico a la direcci\u00f3n de contacto con antelaci\u00f3n solicitando el ID y la contrase\u00f1a para unirse.<\/li>\n<\/ul>\n<!-- PMB print buttons is only displayed on a single post\/page URLs-->","protected":false},"excerpt":{"rendered":"<p>Las reuniones de ITAA pueden ser blanco de trolls disruptivos. A continuaci\u00f3n se presentan algunas sugerencias que pueden ayudarle a mantener su reuni\u00f3n de Zoom segura y protegida. Se alientan las reuniones para mantener la conciencia del grupo y discutir planes sobre c\u00f3mo prevenir y responder a las interrupciones. Puede encontrar una demostraci\u00f3n en v\u00eddeo de las sugerencias siguientes aqu\u00ed. Tenga en cuenta que \u2026 <a href=\"https:\/\/internetaddictsanonymous.org\/es\/security-guidelines-for-itaa-meeting-hosts\/\" class=\"more-link\">Seguir leyendo <span class=\"screen-reader-text\">Pautas de seguridad para los anfitriones de reuniones de la ITAA<\/span><\/a><\/p>","protected":false},"author":35194237,"featured_media":0,"parent":0,"menu_order":0,"comment_status":"closed","ping_status":"closed","template":"full-width-page.php","meta":{"inline_featured_image":false,"_lmt_disableupdate":"","_lmt_disable":"","footnotes":""},"tags":[],"class_list":["post-12898","page","type-page","status-publish","hentry"],"yoast_head":"<!-- This site is optimized with the Yoast SEO plugin v27.5 - https:\/\/yoast.com\/product\/yoast-seo-wordpress\/ -->\n<title>Security guidelines for ITAA meeting hosts &#8211; Internet and Technology Addicts Anonymous<\/title>\n<meta name=\"robots\" content=\"index, follow, max-snippet:-1, max-image-preview:large, max-video-preview:-1\" \/>\n<link rel=\"canonical\" href=\"https:\/\/internetaddictsanonymous.org\/es\/directrices-de-seguridad-para-anfitriones-de-reuniones-de-la-aita\/\" \/>\n<meta property=\"og:locale\" content=\"es_MX\" \/>\n<meta property=\"og:type\" content=\"article\" \/>\n<meta property=\"og:title\" content=\"Security guidelines for ITAA meeting hosts &#8211; Internet and Technology Addicts Anonymous\" \/>\n<meta property=\"og:description\" content=\"ITAA meetings may be targeted by disruptive trolls. Below are some suggestions that can help you keep your Zoom meeting safe and secure. Meetings are encouraged to hold group consciences and discuss plans for how to prevent and respond to disruption. A video demo of the suggestions below can be found here. Please note that &hellip; Seguir leyendo Security guidelines for ITAA meeting hosts\" \/>\n<meta property=\"og:url\" content=\"https:\/\/internetaddictsanonymous.org\/es\/directrices-de-seguridad-para-anfitriones-de-reuniones-de-la-aita\/\" \/>\n<meta property=\"og:site_name\" content=\"Internet and Technology Addicts Anonymous\" \/>\n<meta property=\"article:modified_time\" content=\"2026-04-12T04:36:16+00:00\" \/>\n<meta name=\"twitter:card\" content=\"summary_large_image\" \/>\n<meta name=\"twitter:label1\" content=\"Tiempo de lectura\" \/>\n\t<meta name=\"twitter:data1\" content=\"4 minutos\" \/>\n<script type=\"application\/ld+json\" class=\"yoast-schema-graph\">{\"@context\":\"https:\\\/\\\/schema.org\",\"@graph\":[{\"@type\":\"WebPage\",\"@id\":\"https:\\\/\\\/internetaddictsanonymous.org\\\/security-guidelines-for-itaa-meeting-hosts\\\/\",\"url\":\"https:\\\/\\\/internetaddictsanonymous.org\\\/security-guidelines-for-itaa-meeting-hosts\\\/\",\"name\":\"Security guidelines for ITAA meeting hosts &#8211; Internet and Technology Addicts Anonymous\",\"isPartOf\":{\"@id\":\"https:\\\/\\\/internetaddictsanonymous.org\\\/#website\"},\"datePublished\":\"2021-05-05T19:25:45+00:00\",\"dateModified\":\"2026-04-12T04:36:16+00:00\",\"breadcrumb\":{\"@id\":\"https:\\\/\\\/internetaddictsanonymous.org\\\/security-guidelines-for-itaa-meeting-hosts\\\/#breadcrumb\"},\"inLanguage\":\"es\",\"potentialAction\":[{\"@type\":\"ReadAction\",\"target\":[\"https:\\\/\\\/internetaddictsanonymous.org\\\/security-guidelines-for-itaa-meeting-hosts\\\/\"]}]},{\"@type\":\"BreadcrumbList\",\"@id\":\"https:\\\/\\\/internetaddictsanonymous.org\\\/security-guidelines-for-itaa-meeting-hosts\\\/#breadcrumb\",\"itemListElement\":[{\"@type\":\"ListItem\",\"position\":1,\"name\":\"Home\",\"item\":\"https:\\\/\\\/internetaddictsanonymous.org\\\/\"},{\"@type\":\"ListItem\",\"position\":2,\"name\":\"Security guidelines for ITAA meeting hosts\"}]},{\"@type\":\"WebSite\",\"@id\":\"https:\\\/\\\/internetaddictsanonymous.org\\\/#website\",\"url\":\"https:\\\/\\\/internetaddictsanonymous.org\\\/\",\"name\":\"Internet and Technology Addicts Anonymous\",\"description\":\"Worldwide 12-step Fellowship for Internet and Technology Addiction\",\"publisher\":{\"@id\":\"https:\\\/\\\/internetaddictsanonymous.org\\\/#organization\"},\"potentialAction\":[{\"@type\":\"SearchAction\",\"target\":{\"@type\":\"EntryPoint\",\"urlTemplate\":\"https:\\\/\\\/internetaddictsanonymous.org\\\/?s={search_term_string}\"},\"query-input\":{\"@type\":\"PropertyValueSpecification\",\"valueRequired\":true,\"valueName\":\"search_term_string\"}}],\"inLanguage\":\"es\"},{\"@type\":\"Organization\",\"@id\":\"https:\\\/\\\/internetaddictsanonymous.org\\\/#organization\",\"name\":\"Internet and Technology Addicts Anonymous\",\"url\":\"https:\\\/\\\/internetaddictsanonymous.org\\\/\",\"logo\":{\"@type\":\"ImageObject\",\"inLanguage\":\"es\",\"@id\":\"https:\\\/\\\/internetaddictsanonymous.org\\\/#\\\/schema\\\/logo\\\/image\\\/\",\"url\":\"https:\\\/\\\/internetaddictsanonymous.org\\\/wp-content\\\/uploads\\\/2023\\\/01\\\/cropped-ITAA-logo-480px.png\",\"contentUrl\":\"https:\\\/\\\/internetaddictsanonymous.org\\\/wp-content\\\/uploads\\\/2023\\\/01\\\/cropped-ITAA-logo-480px.png\",\"width\":480,\"height\":480,\"caption\":\"Internet and Technology Addicts Anonymous\"},\"image\":{\"@id\":\"https:\\\/\\\/internetaddictsanonymous.org\\\/#\\\/schema\\\/logo\\\/image\\\/\"}}]}<\/script>\n<!-- \/ Yoast SEO plugin. -->","yoast_head_json":{"title":"Directrices de seguridad para anfitriones de reuniones de ITAA - Adictos a Internet y a la Tecnolog\u00eda An\u00f3nimos","robots":{"index":"index","follow":"follow","max-snippet":"max-snippet:-1","max-image-preview":"max-image-preview:large","max-video-preview":"max-video-preview:-1"},"canonical":"https:\/\/internetaddictsanonymous.org\/es\/directrices-de-seguridad-para-anfitriones-de-reuniones-de-la-aita\/","og_locale":"es_MX","og_type":"article","og_title":"Security guidelines for ITAA meeting hosts &#8211; Internet and Technology Addicts Anonymous","og_description":"ITAA meetings may be targeted by disruptive trolls. Below are some suggestions that can help you keep your Zoom meeting safe and secure. Meetings are encouraged to hold group consciences and discuss plans for how to prevent and respond to disruption. A video demo of the suggestions below can be found here. Please note that &hellip; Seguir leyendo Security guidelines for ITAA meeting hosts","og_url":"https:\/\/internetaddictsanonymous.org\/es\/directrices-de-seguridad-para-anfitriones-de-reuniones-de-la-aita\/","og_site_name":"Internet and Technology Addicts Anonymous","article_modified_time":"2026-04-12T04:36:16+00:00","twitter_card":"summary_large_image","twitter_misc":{"Tiempo de lectura":"4 minutos"},"schema":{"@context":"https:\/\/schema.org","@graph":[{"@type":"WebPage","@id":"https:\/\/internetaddictsanonymous.org\/security-guidelines-for-itaa-meeting-hosts\/","url":"https:\/\/internetaddictsanonymous.org\/security-guidelines-for-itaa-meeting-hosts\/","name":"Directrices de seguridad para anfitriones de reuniones de ITAA - Adictos a Internet y a la Tecnolog\u00eda An\u00f3nimos","isPartOf":{"@id":"https:\/\/internetaddictsanonymous.org\/#website"},"datePublished":"2021-05-05T19:25:45+00:00","dateModified":"2026-04-12T04:36:16+00:00","breadcrumb":{"@id":"https:\/\/internetaddictsanonymous.org\/security-guidelines-for-itaa-meeting-hosts\/#breadcrumb"},"inLanguage":"es","potentialAction":[{"@type":"ReadAction","target":["https:\/\/internetaddictsanonymous.org\/security-guidelines-for-itaa-meeting-hosts\/"]}]},{"@type":"BreadcrumbList","@id":"https:\/\/internetaddictsanonymous.org\/security-guidelines-for-itaa-meeting-hosts\/#breadcrumb","itemListElement":[{"@type":"ListItem","position":1,"name":"Home","item":"https:\/\/internetaddictsanonymous.org\/"},{"@type":"ListItem","position":2,"name":"Security guidelines for ITAA meeting hosts"}]},{"@type":"WebSite","@id":"https:\/\/internetaddictsanonymous.org\/#website","url":"https:\/\/internetaddictsanonymous.org\/","name":"Adictos a Internet y la Tecnolog\u00eda An\u00f3nimos","description":"Comunidad mundial de 12 pasos para la adicci\u00f3n a Internet y a la tecnolog\u00eda","publisher":{"@id":"https:\/\/internetaddictsanonymous.org\/#organization"},"potentialAction":[{"@type":"SearchAction","target":{"@type":"EntryPoint","urlTemplate":"https:\/\/internetaddictsanonymous.org\/?s={search_term_string}"},"query-input":{"@type":"PropertyValueSpecification","valueRequired":true,"valueName":"search_term_string"}}],"inLanguage":"es"},{"@type":"Organization","@id":"https:\/\/internetaddictsanonymous.org\/#organization","name":"Adictos a Internet y la Tecnolog\u00eda An\u00f3nimos","url":"https:\/\/internetaddictsanonymous.org\/","logo":{"@type":"ImageObject","inLanguage":"es","@id":"https:\/\/internetaddictsanonymous.org\/#\/schema\/logo\/image\/","url":"https:\/\/internetaddictsanonymous.org\/wp-content\/uploads\/2023\/01\/cropped-ITAA-logo-480px.png","contentUrl":"https:\/\/internetaddictsanonymous.org\/wp-content\/uploads\/2023\/01\/cropped-ITAA-logo-480px.png","width":480,"height":480,"caption":"Internet and Technology Addicts Anonymous"},"image":{"@id":"https:\/\/internetaddictsanonymous.org\/#\/schema\/logo\/image\/"}}]}},"jetpack_sharing_enabled":true,"jetpack_shortlink":"https:\/\/wp.me\/P9Fwob-3m2","_links":{"self":[{"href":"https:\/\/internetaddictsanonymous.org\/es\/wp-json\/wp\/v2\/pages\/12898","targetHints":{"allow":["GET"]}}],"collection":[{"href":"https:\/\/internetaddictsanonymous.org\/es\/wp-json\/wp\/v2\/pages"}],"about":[{"href":"https:\/\/internetaddictsanonymous.org\/es\/wp-json\/wp\/v2\/types\/page"}],"author":[{"embeddable":true,"href":"https:\/\/internetaddictsanonymous.org\/es\/wp-json\/wp\/v2\/users\/35194237"}],"replies":[{"embeddable":true,"href":"https:\/\/internetaddictsanonymous.org\/es\/wp-json\/wp\/v2\/comments?post=12898"}],"version-history":[{"count":31,"href":"https:\/\/internetaddictsanonymous.org\/es\/wp-json\/wp\/v2\/pages\/12898\/revisions"}],"predecessor-version":[{"id":21212,"href":"https:\/\/internetaddictsanonymous.org\/es\/wp-json\/wp\/v2\/pages\/12898\/revisions\/21212"}],"wp:attachment":[{"href":"https:\/\/internetaddictsanonymous.org\/es\/wp-json\/wp\/v2\/media?parent=12898"}],"wp:term":[{"taxonomy":"post_tag","embeddable":true,"href":"https:\/\/internetaddictsanonymous.org\/es\/wp-json\/wp\/v2\/tags?post=12898"}],"curies":[{"name":"wp","href":"https:\/\/api.w.org\/{rel}","templated":true}]}}