{"id":13073,"date":"2021-08-08T19:06:36","date_gmt":"2021-08-08T19:06:36","guid":{"rendered":"https:\/\/internetaddictsanonymous.org\/?page_id=13073"},"modified":"2026-04-02T19:08:21","modified_gmt":"2026-04-03T02:08:21","slug":"seguridad-en-la-aita","status":"publish","type":"page","link":"https:\/\/internetaddictsanonymous.org\/es\/safety-in-itaa\/","title":{"rendered":"Seguridad en ITAA"},"content":{"rendered":"<p>Necesitamos que ITAA sea un espacio seguro para que todos podamos recuperarnos. Nuestra primera tradici\u00f3n establece que nuestro bienestar com\u00fan debe ser lo primero; la recuperaci\u00f3n personal depende de la unidad de ITAA. Los comentarios o comportamientos agresivos, sexuales o discriminatorios dirigidos a otros miembros no son apropiados en ITAA. Si creemos que otro miembro ha actuado de manera inapropiada, esta gu\u00eda incluye sugerencias sobre las medidas que podemos tomar.<\/p>\n\n\n\n<p><em>Esta p\u00e1gina es para responder a comportamientos inapropiados entre adictos a Internet en recuperaci\u00f3n. Para responder a <strong>incidentes de acoso en Zoom<\/strong>, por favor\u00a0<em>Lea el\u00a0<a href=\"http:\/\/internetaddictsanonymous.org\/es\/directrices-de-seguridad-para-anfitriones-de-reuniones-de-la-aita\/\">Pautas de seguridad para las reuniones de la ITAA<\/a><\/em>\u00a0e informe de cualquier incidente a los administradores web.<\/em><br><br><\/p>\n\n\n\n<h3 class=\"wp-block-heading\"><strong>Acciones que podemos tomar para responder cuando ocurre un incidente durante una reuni\u00f3n<\/strong><\/h3>\n\n\n\n<p>Podemos activar el sonido y decir en voz alta que sentimos que alguien ha actuado de forma inapropiada. Podemos invocar el <a href=\"https:\/\/internetaddictsanonymous.org\/es\/12-pasos-de-itaa\/\">tradiciones<\/a> o la l\u00ednea en el gui\u00f3n de la reuni\u00f3n que dice que &quot;los comentarios o comportamientos de naturaleza agresiva, sexual o discriminatoria dirigidos a otros miembros no son apropiados&quot;. <\/p>\n\n\n\n<p>Podemos pedirle a la persona que detenga el comportamiento inapropiado:<\/p>\n\n\n\n<p><em>\u201cMe siento inc\u00f3modo por lo que se acaba de decir \/ hacer, y quiero pedirles a los miembros que se abstengan de hacer comentarios de naturaleza agresiva, sexual o discriminatoria hacia otros miembros. Tambi\u00e9n podr\u00edamos discutir esto m\u00e1s despu\u00e9s de la reuni\u00f3n, si alguien quisiera \u201d.<\/em><\/p>\n\n\n\n<p>Si nos pone nerviosos hablar directamente, podemos enviar un mensaje privado al presidente u otro miembro de la reuni\u00f3n sobre el incidente y preguntar si pueden hablar y abordarlo. Tambi\u00e9n podemos pedirles que repitan la secci\u00f3n del gui\u00f3n que dice &quot;Los comentarios o comportamientos de naturaleza agresiva, sexual o discriminatoria dirigidos a otros miembros no son apropiados en la reuni\u00f3n&quot;.<\/p>\n\n\n\n<p>Si no estamos seguros de si un comentario en particular es inapropiado, podemos pedir que se mantenga la conciencia de grupo.<\/p>\n\n\n\n<p>Si alguien nos env\u00eda mensajes privados durante una reuni\u00f3n que son inapropiados, podemos responder con un mensaje privado para establecer l\u00edmites y pedirle al miembro que deje de enviarnos mensajes.<\/p>\n\n\n\n<p><em>\u201cTus mensajes me incomodan. Por favor, deja de enviarme mensajes privados.\u201d<\/em><br><br><\/p>\n\n\n\n<h3 class=\"wp-block-heading\"><strong>Acciones que podemos tomar para responder en el momento en que ocurre un incidente fuera de una reuni\u00f3n (como en una llamada telef\u00f3nica, mientras intercambiamos mensajes o en persona)<\/strong><\/h3>\n\n\n\n<p>Podemos hacerle saber a la otra persona que sus comentarios o comportamiento son inapropiados y nos hacen sentir inc\u00f3modos, y podemos solicitarle que se abstenga de comentarios o comportamientos similares en el futuro.<\/p>\n\n\n\n<p>Podemos tomar distancia de la otra persona saliendo del \u00e1rea, finalizando la llamada o no respondiendo a sus mensajes. Esto puede ayudarnos a tomar el espacio que necesitamos para tener un poco de espacio para respirar y obtener claridad sobre la situaci\u00f3n.<br><br> <\/p>\n\n\n\n<h3 class=\"wp-block-heading\"><strong>Acciones que podemos tomar despu\u00e9s de un incidente para ganar claridad<\/strong><\/h3>\n\n\n\n<p>Como primer paso, podemos hablar con alguien en quien confiamos y en quien confiamos. Si el incidente ocurri\u00f3 durante una reuni\u00f3n, este podr\u00eda ser el presidente del grupo o un compa\u00f1ero de confianza que estuvo presente en la reuni\u00f3n. Tambi\u00e9n podemos comunicarnos con nuestro patrocinador, terapeuta, asesor espiritual o un amigo cercano para obtener apoyo y orientaci\u00f3n adicionales.<\/p>\n\n\n\n<p>Escribir un inventario del d\u00e9cimo paso puede ayudarnos a obtener claridad e identificar la siguiente acci\u00f3n correcta. Un inventario del d\u00e9cimo paso a menudo consiste en escribir respuestas a las siguientes preguntas: \u00bfQu\u00e9 sucedi\u00f3? \u00bfQu\u00e9 necesidades b\u00e1sicas se vieron afectadas? \u00bfQu\u00e9 emociones estamos sintiendo? \u00bfCu\u00e1l fue nuestra parte (si la hubo)? \u00bfY hay alguna acci\u00f3n que debamos tomar? Se recomienda que leamos nuestro escrito del d\u00e9cimo paso a otro miembro de la ITAA en quien confiamos.<\/p>\n\n\n\n<p>Tambi\u00e9n podr\u00edamos buscar la gu\u00eda de nuestro poder superior (por ejemplo, a trav\u00e9s de la oraci\u00f3n o la meditaci\u00f3n).<br><br> <\/p>\n\n\n\n<h3 class=\"wp-block-heading\"><strong>Acciones que podemos tomar despu\u00e9s de un incidente para abordar el comportamiento<\/strong><\/h3>\n\n\n\n<p>Si nos sentimos c\u00f3modos, podr\u00edamos acercarnos directamente a la persona que actu\u00f3 de manera inapropiada, haci\u00e9ndole saber c\u00f3mo nos hizo sentir su comportamiento y pedirle que cambie su comportamiento en el futuro.<\/p>\n\n\n\n<p>Podr\u00edamos pedirle a otro miembro de confianza que nos ayude a dirigirnos a la persona que nos hizo sentir inc\u00f3modos, que le haga saber el efecto de sus acciones y que solicite que el comportamiento no se repita hacia nosotros o hacia los dem\u00e1s. Este miembro de confianza puede hablar con la otra persona en nuestro nombre o unirse a la conversaci\u00f3n como un tercero neutral.<\/p>\n\n\n\n<p><em>Al comunicarse con un miembro que ha actuado de manera inapropiada, puede ser \u00fatil dirigirse a \u00e9l personalmente o por tel\u00e9fono, en lugar de a trav\u00e9s de un mensaje de texto, ya que esto tiende a ayudar a evitar problemas de comunicaci\u00f3n. En otros casos, la mensajer\u00eda o el correo electr\u00f3nico pueden ser la mejor opci\u00f3n. Cuando alguien act\u00faa de manera inapropiada, puede darse el caso de que no se d\u00e9 cuenta de c\u00f3mo su comportamiento hace sentir a los dem\u00e1s. A menudo ha sucedido que cuando informamos a la persona de los efectos que est\u00e1n teniendo sus acciones y le pedimos que cambie su comportamiento, se ha disculpado y buscado cambiar.<\/em><\/p>\n\n\n\n<p>En algunos casos, puede ser mejor cortar temporalmente el contacto con el miembro que nos hace sentir inc\u00f3modos. Hablar con otro miembro puede ayudarnos a tomar esa decisi\u00f3n.<\/p>\n\n\n\n<p><em>Nuestra duod\u00e9cima tradici\u00f3n establece que el anonimato es la base espiritual de todas nuestras tradiciones, record\u00e1ndonos siempre anteponer los principios a las personalidades. Al abordar un comportamiento inapropiado o discutir eventos con otros miembros, consideramos que es mejor mantener el anonimato y la confidencialidad evitando el uso de los nombres de los miembros afectados y otra informaci\u00f3n de identificaci\u00f3n.<\/em><\/p>\n\n\n\n<p>El anonimato no es un manto para proteger el comportamiento delictivo. Los miembros de la ITAA tambi\u00e9n son \u201cciudadanos del mundo\u201d y, como ciudadanos, no estamos por encima de la ley. * En algunos casos, y despu\u00e9s de consultar con otros miembros, podemos considerar emprender acciones legales.&nbsp;<br><br> <\/p>\n\n\n\n<h3 class=\"wp-block-heading\"><strong>Acciones que un grupo puede tomar para responder a un comportamiento inapropiado<\/strong><\/h3>\n\n\n\n<p>Es importante hablar sobre cuestiones de seguridad antes de que surjan y establecer un protocolo sobre c\u00f3mo le gustar\u00eda al grupo manejar el comportamiento inapropiado, en caso de que ocurriera. De acuerdo con nuestras tradiciones, una conciencia de grupo es el mejor foro a trav\u00e9s del cual llevar a cabo tal discusi\u00f3n. Alentamos a los miembros a presentar este tema en la pr\u00f3xima reuni\u00f3n de negocios regular de su grupo.<\/p>\n\n\n\n<p>Aqu\u00ed hay algunas ideas que los grupos pueden incluir en un protocolo sobre c\u00f3mo responder a un comportamiento inapropiado:<\/p>\n\n\n\n<ul class=\"wp-block-list\">\n<li>Cuando ocurre un comportamiento inapropiado, el presidente puede leer una declaraci\u00f3n a toda la reuni\u00f3n, por ejemplo: \u201cNecesitamos que ITAA sea un lugar seguro para que todos nos recuperemos. Nuestra primera tradici\u00f3n establece que nuestro bienestar com\u00fan debe ser lo primero; la recuperaci\u00f3n personal depende de la unidad de la ITAA. Los comentarios o comportamientos de naturaleza agresiva, sexual o discriminatoria dirigidos a otros miembros no son apropiados en la ITAA &quot;.<\/li>\n\n\n\n<li>Los grupos pueden establecer un rol de servicio para apoyar a los participantes de la reuni\u00f3n que se han visto afectados por un comportamiento inapropiado y \/ o para dirigirse a aquellos que han actuado de manera inapropiada.<\/li>\n\n\n\n<li>Los grupos pueden considerar una pol\u00edtica de dos o tres huelgas para las personas que repetidamente manifiestan un comportamiento inapropiado. Como \u00faltimo recurso, se le puede pedir al miembro perturbador que deje de asistir a las reuniones por un per\u00edodo de tiempo.<\/li>\n<\/ul>\n\n\n\n<p>Si ocurre un incidente de comportamiento inapropiado y nuestro grupo a\u00fan no ha establecido un protocolo sobre c\u00f3mo manejarlo, el grupo podr\u00eda tener una conciencia de grupo para discutir c\u00f3mo responder a la situaci\u00f3n, posiblemente pidiendo a la parte infractora que salga de la reuni\u00f3n.&nbsp;<br><br> <\/p>\n\n\n\n<h3 class=\"wp-block-heading\"><strong>Decimotercer paso<\/strong><\/h3>\n\n\n\n<p>En los programas de Doce Pasos, el &quot;Decimotercer Paso&quot; consiste en manipular a otra persona en recuperaci\u00f3n, especialmente a un reci\u00e9n llegado o a un ahijado, para que entable una relaci\u00f3n sexual o rom\u00e1ntica. Este comportamiento es inapropiado y se desaconseja encarecidamente en ITAA. Animamos a los reci\u00e9n llegados a evitar trabajar con padrinos o entablar relaciones de alcance con miembros con quienes podamos desarrollar atracci\u00f3n sexual o rom\u00e1ntica. Si siente que est\u00e1 recibiendo atenci\u00f3n sexual o rom\u00e1ntica inapropiada o no deseada, por favor, hable con un miembro de confianza; el anonimato y la confidencialidad no son excusas para un comportamiento inapropiado.<br><br><\/p>\n\n\n\n<h3 class=\"wp-block-heading\"><strong>Sugerencias adicionales&nbsp;<\/strong><\/h3>\n\n\n\n<p>Estar sometido a un comportamiento inapropiado o apoyar a otros que han sido sometidos a un comportamiento inadecuado puede ser un desaf\u00edo emocional, y los miembros afectados pueden encontrar \u00fatil el cuidado personal. Podr\u00edamos salir a caminar, tomar un ba\u00f1o o una ducha, pasar tiempo con un amigo cercano, practicar la autocompasi\u00f3n y concentrarnos en comer y dormir bien. Est\u00e1 bien reducir la velocidad y concentrarnos en nuestras propias necesidades. Tambi\u00e9n podr\u00edamos buscar m\u00e1s apoyo de los servicios profesionales de salud mental.&nbsp;<\/p>\n\n\n\n<p>Si alguien nos ha pedido ayuda para abordar el comportamiento de otro miembro, podemos consultar con otros para obtener orientaci\u00f3n o hacer referencia a esta gu\u00eda.<br><br> <\/p>\n\n\n\n<h3 class=\"wp-block-heading\"><strong>Manteniendo la ITAA segura para todos<\/strong><\/h3>\n\n\n\n<p>En ITAA, mantenemos nuestras acciones enfocadas en nuestra propia experiencia personal. Evitamos comentar o se\u00f1alar a otros miembros individuales, ya sea directa o indirectamente. Adem\u00e1s, lo que podr\u00eda parecerle coquetear a un miembro puede parecerle acoso a otro. Estamos en ITAA para recuperarnos de nuestra adicci\u00f3n y debemos proteger cuidadosamente la seguridad de nuestros grupos para permitir que todos se recuperen.&nbsp;<\/p>\n\n\n\n<p>Si alguien nos ha dicho que nuestro comportamiento o palabras fueron inapropiados, podemos reflexionar sobre la situaci\u00f3n y considerar qu\u00e9 cambios podemos hacer para evitar que el comportamiento inapropiado se repita en el futuro. Si hemos causado da\u00f1o, es aconsejable repararlo despu\u00e9s de consultar con un miembro experimentado de ITAA. Es importante recibir comentarios antes de enmendarlo para evitar causar m\u00e1s da\u00f1o.<br><br> <br><br> <\/p>\n\n\n\n<p>* Para mayor referencia y lectura: <a href=\"http:\/\/www.avcentraloffice.org\/member\/smf-209_en.pdf\">Seguridad y AA: nuestro bienestar com\u00fan<\/a><\/p>\n<!-- PMB print buttons is only displayed on a single post\/page URLs-->","protected":false},"excerpt":{"rendered":"<p>Necesitamos que ITAA sea un lugar seguro para que todos nos recuperemos. Nuestra primera tradici\u00f3n establece que nuestro bienestar com\u00fan debe ser lo primero; la recuperaci\u00f3n personal depende de la unidad de ITAA. Los comentarios o comportamientos de naturaleza agresiva, sexual o discriminatoria dirigidos a otros miembros no son apropiados en ITAA. Si creemos que otro miembro tiene... <a href=\"https:\/\/internetaddictsanonymous.org\/es\/safety-in-itaa\/\" class=\"more-link\">Seguir leyendo <span class=\"screen-reader-text\">Seguridad en ITAA<\/span><\/a><\/p>","protected":false},"author":35194237,"featured_media":0,"parent":0,"menu_order":0,"comment_status":"closed","ping_status":"closed","template":"full-width-page.php","meta":{"inline_featured_image":false,"_lmt_disableupdate":"no","_lmt_disable":"","footnotes":""},"tags":[],"class_list":["post-13073","page","type-page","status-publish","hentry"],"yoast_head":"<!-- This site is optimized with the Yoast SEO plugin v27.5 - https:\/\/yoast.com\/product\/yoast-seo-wordpress\/ -->\n<title>Safety in ITAA &#8211; Internet and Technology Addicts Anonymous<\/title>\n<meta name=\"robots\" content=\"index, follow, max-snippet:-1, max-image-preview:large, max-video-preview:-1\" \/>\n<link rel=\"canonical\" href=\"https:\/\/internetaddictsanonymous.org\/es\/seguridad-en-la-aita\/\" \/>\n<meta property=\"og:locale\" content=\"es_MX\" \/>\n<meta property=\"og:type\" content=\"article\" \/>\n<meta property=\"og:title\" content=\"Safety in ITAA &#8211; Internet and Technology Addicts Anonymous\" \/>\n<meta property=\"og:description\" content=\"We need ITAA to be a safe place for us all to recover. Our first tradition states that our common welfare should come first; personal recovery depends on ITAA unity. Comments or behavior of an aggressive, sexual, or discriminatory nature directed towards other members are not appropriate in ITAA. If we believe another member has &hellip; Seguir leyendo Safety in ITAA\" \/>\n<meta property=\"og:url\" content=\"https:\/\/internetaddictsanonymous.org\/es\/seguridad-en-la-aita\/\" \/>\n<meta property=\"og:site_name\" content=\"Internet and Technology Addicts Anonymous\" \/>\n<meta property=\"article:modified_time\" content=\"2026-04-03T02:08:21+00:00\" \/>\n<meta name=\"twitter:card\" content=\"summary_large_image\" \/>\n<meta name=\"twitter:label1\" content=\"Tiempo de lectura\" \/>\n\t<meta name=\"twitter:data1\" content=\"7 minutos\" \/>\n<script type=\"application\/ld+json\" class=\"yoast-schema-graph\">{\"@context\":\"https:\\\/\\\/schema.org\",\"@graph\":[{\"@type\":\"WebPage\",\"@id\":\"https:\\\/\\\/internetaddictsanonymous.org\\\/safety-in-itaa\\\/\",\"url\":\"https:\\\/\\\/internetaddictsanonymous.org\\\/safety-in-itaa\\\/\",\"name\":\"Safety in ITAA &#8211; Internet and Technology Addicts Anonymous\",\"isPartOf\":{\"@id\":\"https:\\\/\\\/internetaddictsanonymous.org\\\/#website\"},\"datePublished\":\"2021-08-08T19:06:36+00:00\",\"dateModified\":\"2026-04-03T02:08:21+00:00\",\"breadcrumb\":{\"@id\":\"https:\\\/\\\/internetaddictsanonymous.org\\\/safety-in-itaa\\\/#breadcrumb\"},\"inLanguage\":\"es\",\"potentialAction\":[{\"@type\":\"ReadAction\",\"target\":[\"https:\\\/\\\/internetaddictsanonymous.org\\\/safety-in-itaa\\\/\"]}]},{\"@type\":\"BreadcrumbList\",\"@id\":\"https:\\\/\\\/internetaddictsanonymous.org\\\/safety-in-itaa\\\/#breadcrumb\",\"itemListElement\":[{\"@type\":\"ListItem\",\"position\":1,\"name\":\"Home\",\"item\":\"https:\\\/\\\/internetaddictsanonymous.org\\\/\"},{\"@type\":\"ListItem\",\"position\":2,\"name\":\"Safety in ITAA\"}]},{\"@type\":\"WebSite\",\"@id\":\"https:\\\/\\\/internetaddictsanonymous.org\\\/#website\",\"url\":\"https:\\\/\\\/internetaddictsanonymous.org\\\/\",\"name\":\"Internet and Technology Addicts Anonymous\",\"description\":\"Worldwide 12-step Fellowship for Internet and Technology Addiction\",\"publisher\":{\"@id\":\"https:\\\/\\\/internetaddictsanonymous.org\\\/#organization\"},\"potentialAction\":[{\"@type\":\"SearchAction\",\"target\":{\"@type\":\"EntryPoint\",\"urlTemplate\":\"https:\\\/\\\/internetaddictsanonymous.org\\\/?s={search_term_string}\"},\"query-input\":{\"@type\":\"PropertyValueSpecification\",\"valueRequired\":true,\"valueName\":\"search_term_string\"}}],\"inLanguage\":\"es\"},{\"@type\":\"Organization\",\"@id\":\"https:\\\/\\\/internetaddictsanonymous.org\\\/#organization\",\"name\":\"Internet and Technology Addicts Anonymous\",\"url\":\"https:\\\/\\\/internetaddictsanonymous.org\\\/\",\"logo\":{\"@type\":\"ImageObject\",\"inLanguage\":\"es\",\"@id\":\"https:\\\/\\\/internetaddictsanonymous.org\\\/#\\\/schema\\\/logo\\\/image\\\/\",\"url\":\"https:\\\/\\\/internetaddictsanonymous.org\\\/wp-content\\\/uploads\\\/2023\\\/01\\\/cropped-ITAA-logo-480px.png\",\"contentUrl\":\"https:\\\/\\\/internetaddictsanonymous.org\\\/wp-content\\\/uploads\\\/2023\\\/01\\\/cropped-ITAA-logo-480px.png\",\"width\":480,\"height\":480,\"caption\":\"Internet and Technology Addicts Anonymous\"},\"image\":{\"@id\":\"https:\\\/\\\/internetaddictsanonymous.org\\\/#\\\/schema\\\/logo\\\/image\\\/\"}}]}<\/script>\n<!-- \/ Yoast SEO plugin. -->","yoast_head_json":{"title":"Seguridad en ITAA - Adictos a Internet y a la Tecnolog\u00eda An\u00f3nimos","robots":{"index":"index","follow":"follow","max-snippet":"max-snippet:-1","max-image-preview":"max-image-preview:large","max-video-preview":"max-video-preview:-1"},"canonical":"https:\/\/internetaddictsanonymous.org\/es\/seguridad-en-la-aita\/","og_locale":"es_MX","og_type":"article","og_title":"Safety in ITAA &#8211; Internet and Technology Addicts Anonymous","og_description":"We need ITAA to be a safe place for us all to recover. Our first tradition states that our common welfare should come first; personal recovery depends on ITAA unity. Comments or behavior of an aggressive, sexual, or discriminatory nature directed towards other members are not appropriate in ITAA. If we believe another member has &hellip; Seguir leyendo Safety in ITAA","og_url":"https:\/\/internetaddictsanonymous.org\/es\/seguridad-en-la-aita\/","og_site_name":"Internet and Technology Addicts Anonymous","article_modified_time":"2026-04-03T02:08:21+00:00","twitter_card":"summary_large_image","twitter_misc":{"Tiempo de lectura":"7 minutos"},"schema":{"@context":"https:\/\/schema.org","@graph":[{"@type":"WebPage","@id":"https:\/\/internetaddictsanonymous.org\/safety-in-itaa\/","url":"https:\/\/internetaddictsanonymous.org\/safety-in-itaa\/","name":"Seguridad en ITAA - Adictos a Internet y a la Tecnolog\u00eda An\u00f3nimos","isPartOf":{"@id":"https:\/\/internetaddictsanonymous.org\/#website"},"datePublished":"2021-08-08T19:06:36+00:00","dateModified":"2026-04-03T02:08:21+00:00","breadcrumb":{"@id":"https:\/\/internetaddictsanonymous.org\/safety-in-itaa\/#breadcrumb"},"inLanguage":"es","potentialAction":[{"@type":"ReadAction","target":["https:\/\/internetaddictsanonymous.org\/safety-in-itaa\/"]}]},{"@type":"BreadcrumbList","@id":"https:\/\/internetaddictsanonymous.org\/safety-in-itaa\/#breadcrumb","itemListElement":[{"@type":"ListItem","position":1,"name":"Home","item":"https:\/\/internetaddictsanonymous.org\/"},{"@type":"ListItem","position":2,"name":"Safety in ITAA"}]},{"@type":"WebSite","@id":"https:\/\/internetaddictsanonymous.org\/#website","url":"https:\/\/internetaddictsanonymous.org\/","name":"Adictos a Internet y la Tecnolog\u00eda An\u00f3nimos","description":"Comunidad mundial de 12 pasos para la adicci\u00f3n a Internet y a la tecnolog\u00eda","publisher":{"@id":"https:\/\/internetaddictsanonymous.org\/#organization"},"potentialAction":[{"@type":"SearchAction","target":{"@type":"EntryPoint","urlTemplate":"https:\/\/internetaddictsanonymous.org\/?s={search_term_string}"},"query-input":{"@type":"PropertyValueSpecification","valueRequired":true,"valueName":"search_term_string"}}],"inLanguage":"es"},{"@type":"Organization","@id":"https:\/\/internetaddictsanonymous.org\/#organization","name":"Adictos a Internet y la Tecnolog\u00eda An\u00f3nimos","url":"https:\/\/internetaddictsanonymous.org\/","logo":{"@type":"ImageObject","inLanguage":"es","@id":"https:\/\/internetaddictsanonymous.org\/#\/schema\/logo\/image\/","url":"https:\/\/internetaddictsanonymous.org\/wp-content\/uploads\/2023\/01\/cropped-ITAA-logo-480px.png","contentUrl":"https:\/\/internetaddictsanonymous.org\/wp-content\/uploads\/2023\/01\/cropped-ITAA-logo-480px.png","width":480,"height":480,"caption":"Internet and Technology Addicts Anonymous"},"image":{"@id":"https:\/\/internetaddictsanonymous.org\/#\/schema\/logo\/image\/"}}]}},"jetpack_sharing_enabled":true,"jetpack_shortlink":"https:\/\/wp.me\/P9Fwob-3oR","_links":{"self":[{"href":"https:\/\/internetaddictsanonymous.org\/es\/wp-json\/wp\/v2\/pages\/13073","targetHints":{"allow":["GET"]}}],"collection":[{"href":"https:\/\/internetaddictsanonymous.org\/es\/wp-json\/wp\/v2\/pages"}],"about":[{"href":"https:\/\/internetaddictsanonymous.org\/es\/wp-json\/wp\/v2\/types\/page"}],"author":[{"embeddable":true,"href":"https:\/\/internetaddictsanonymous.org\/es\/wp-json\/wp\/v2\/users\/35194237"}],"replies":[{"embeddable":true,"href":"https:\/\/internetaddictsanonymous.org\/es\/wp-json\/wp\/v2\/comments?post=13073"}],"version-history":[{"count":11,"href":"https:\/\/internetaddictsanonymous.org\/es\/wp-json\/wp\/v2\/pages\/13073\/revisions"}],"predecessor-version":[{"id":21165,"href":"https:\/\/internetaddictsanonymous.org\/es\/wp-json\/wp\/v2\/pages\/13073\/revisions\/21165"}],"wp:attachment":[{"href":"https:\/\/internetaddictsanonymous.org\/es\/wp-json\/wp\/v2\/media?parent=13073"}],"wp:term":[{"taxonomy":"post_tag","embeddable":true,"href":"https:\/\/internetaddictsanonymous.org\/es\/wp-json\/wp\/v2\/tags?post=13073"}],"curies":[{"name":"wp","href":"https:\/\/api.w.org\/{rel}","templated":true}]}}