{"id":14142,"date":"2022-08-29T17:12:59","date_gmt":"2022-08-29T17:12:59","guid":{"rendered":"https:\/\/internetaddictsanonymous.org\/?page_id=14142"},"modified":"2025-04-20T12:14:24","modified_gmt":"2025-04-20T19:14:24","slug":"do-i-have-an-addiction","status":"publish","type":"page","link":"https:\/\/internetaddictsanonymous.org\/es\/do-i-have-an-addiction\/","title":{"rendered":"\u00bfTengo una adicci\u00f3n?"},"content":{"rendered":"<p>Si eres nuevo en ITAA, puede que te est\u00e9s preguntando si eres un adicto a Internet y a la tecnolog\u00eda. Las siguientes preguntas pueden ayudarte a identificar si experimentas alguno de los patrones y s\u00edntomas comunes a la adicci\u00f3n a internet y a la tecnolog\u00eda:<\/p>\n\n\n\n<h2 class=\"wp-block-heading translation-block\"><strong>Adicci\u00f3n a Internet<\/strong><strong> <\/strong><strong>Cuestionario<\/strong> <strong>:<\/strong><\/h2>\n\n\n\n<ol class=\"wp-block-list\">\n<li>\u00bfAlguna vez me conecto para comprobar algo r\u00e1pidamente y luego descubro que han pasado horas?<\/li>\n\n\n\n<li>\u00bfAlguna vez he renunciado a una aplicaci\u00f3n o a una actividad en l\u00ednea en particular, o he puesto l\u00edmites a las mismas, y luego he incumplido mis compromisos?<\/li>\n\n\n\n<li>\u00bfTengo atracones de Internet y tecnolog\u00eda que duran todo el d\u00eda o hasta altas horas de la noche?<\/li>\n\n\n\n<li>\u00bfSuelo echar mano de mis dispositivos cada vez que tengo tiempo libre?<\/li>\n\n\n\n<li>\u00bfMi uso de Internet y de la tecnolog\u00eda me lleva a descuidar mi higiene personal, mis necesidades nutricionales o mi salud f\u00edsica?<\/li>\n\n\n\n<li>\u00bfMe siento aislado, emocionalmente ausente, distra\u00eddo o ansioso cuando no estoy en l\u00ednea?<\/li>\n\n\n\n<li>\u00bfMi uso de Internet contribuye al conflicto o a la evitaci\u00f3n en las relaciones personales?<\/li>\n\n\n\n<li>\u00bfLas consecuencias negativas de mi uso de Internet han puesto en peligro mis estudios, mis finanzas o mi carrera?<\/li>\n\n\n\n<li>\u00bfEscondo o miento sobre el tiempo que paso en Internet o sobre el tipo de contenidos digitales que consumo?<\/li>\n\n\n\n<li>\u00bfSiento culpa o verg\u00fcenza por mi uso de Internet?<\/li>\n<\/ol>\n\n\n\n<p>Nadie deber\u00eda sufrir por su uso de internet y la tecnolog\u00eda. Si has respondido afirmativamente a algunas de las preguntas anteriores, te animamos a que te plantees buscar apoyo.<\/p>\n\n\n\n<div class=\"wp-block-buttons is-content-justification-left is-layout-flex wp-container-core-buttons-is-layout-fdcfc74e wp-block-buttons-is-layout-flex\">\n<div class=\"wp-block-button has-custom-width wp-block-button__width-50 is-style-fill\"><a class=\"wp-block-button__link has-white-color has-blue-background-color has-text-color has-background has-custom-font-size wp-element-button\" href=\"https:\/\/internetaddictsanonymous.org\/es\/reuniones-en-linea\/\" style=\"border-radius:100px;font-size:25px;font-style:normal;font-weight:900\">Participar en una reuni\u00f3n<\/a><\/div>\n\n\n<\/div>\n\n\n\n<p><\/p>\n\n\n\n<p>Adem\u00e1s de las preguntas anteriores, puede encontrar cuestionarios adicionales para conductas compulsivas m\u00e1s espec\u00edficas en los enlaces a continuaci\u00f3n:<\/p>\n\n\n\n<ul class=\"wp-block-list\">\n<li><a href=\"https:\/\/internetaddictsanonymous.org\/es\/adiccion-a-las-redes-sociales\/\">Signos de adicci\u00f3n a las redes sociales<\/a><\/li>\n\n\n\n<li><a href=\"https:\/\/internetaddictsanonymous.org\/es\/adiccion-a-los-smartphones\/\">Signos de adicci\u00f3n al tel\u00e9fono<\/a><\/li>\n\n\n\n<li><a href=\"https:\/\/internetaddictsanonymous.org\/es\/adiccion-al-streaming\/\">Se\u00f1ales de adicci\u00f3n al streaming<\/a><\/li>\n\n\n\n<li><a href=\"https:\/\/internetaddictsanonymous.org\/es\/adiccion-a-internet-y-a-la-tecnologia\/adiccion-a-los-videojuegos\/\">Signos de adicci\u00f3n a los videojuegos<\/a><\/li>\n\n\n\n<li><a href=\"https:\/\/internetaddictsanonymous.org\/es\/adictos-a-internet-y-a-la-tecnologia-anonimos\/adiccion-a-la-pornografia\/\">Se\u00f1ales de adicci\u00f3n a la pornograf\u00eda<\/a><\/li>\n\n\n\n<li><a href=\"https:\/\/internetaddictsanonymous.org\/es\/adiccion-a-internet-y-a-la-tecnologia\/adiccion-a-la-informacion\/\">Se\u00f1ales de adicci\u00f3n a la informaci\u00f3n<\/a><\/li>\n<\/ul>\n\n\n\n<p>Muchos miembros tambi\u00e9n luchan con las noticias, la pornograf\u00eda, la investigaci\u00f3n, las compras, las aplicaciones de citas y otros comportamientos. Si usted se encuentra repetidamente en patrones dolorosos o autodestructivos que implican el uso de los medios de comunicaci\u00f3n, pantallas u otros dispositivos, entonces ITAA puede ser capaz de ayudarle a encontrar la libertad y el alivio de lo que est\u00e1 experimentando. A los reci\u00e9n llegados se les anima a asistir a 6 reuniones en un corto per\u00edodo de tiempo para determinar si este programa es adecuado para ellos. Nuestras reuniones se basan en la escucha compasiva y sin prejuicios, y los reci\u00e9n llegados tienen la oportunidad de hacer preguntas.<\/p>\n\n\n\n<p>La adicci\u00f3n a Internet y la tecnolog\u00eda es una condici\u00f3n que puede afectar tanto a adultos como a ni\u00f1os, a veces a una edad temprana y a veces m\u00e1s tarde en la vida. Al igual que otras adicciones, no discrimina por edad, nivel educativo, raza o etnia. Al da\u00f1ar nuestro potencial, sentido de identidad y calidad de vida, nuestra adicci\u00f3n puede perjudicar nuestras vidas; y al contribuir a la depresi\u00f3n, las tendencias suicidas y otros problemas de salud mental, nuestra adicci\u00f3n puede poner en peligro la vida. Si cree que puede ser un adicto, lo alentamos a que busque ayuda y aproveche los recursos y la experiencia de nuestra confraternidad.<\/p>\n<!-- PMB print buttons is only displayed on a single post\/page URLs-->","protected":false},"excerpt":{"rendered":"<p>Si es nuevo en ITAA, es posible que se pregunte si es un adicto a Internet y a la tecnolog\u00eda. Las siguientes preguntas pueden ayudarle a identificar si experimenta alguno de los patrones y s\u00edntomas comunes de la adicci\u00f3n a Internet y a la tecnolog\u00eda: Cuestionario sobre adicci\u00f3n a Internet: Nadie deber\u00eda sufrir por su uso de Internet y la tecnolog\u00eda. \u2026 <a href=\"https:\/\/internetaddictsanonymous.org\/es\/do-i-have-an-addiction\/\" class=\"more-link\">Seguir leyendo <span class=\"screen-reader-text\">\u00bfTengo una adicci\u00f3n?<\/span><\/a><\/p>","protected":false},"author":35194237,"featured_media":0,"parent":0,"menu_order":0,"comment_status":"closed","ping_status":"closed","template":"full-width-page.php","meta":{"inline_featured_image":false,"_lmt_disableupdate":"","_lmt_disable":"","jetpack_post_was_ever_published":false,"footnotes":""},"tags":[],"class_list":["post-14142","page","type-page","status-publish","hentry"],"yoast_head":"<!-- This site is optimized with the Yoast SEO plugin v27.3 - https:\/\/yoast.com\/product\/yoast-seo-wordpress\/ -->\n<title>Do I Have an Addiction? &#8211; Internet and Technology Addicts Anonymous<\/title>\n<meta name=\"description\" content=\"If you are new to ITAA, you may be wondering whether you have an internet and technology addiction.\" \/>\n<meta name=\"robots\" content=\"index, follow, max-snippet:-1, max-image-preview:large, max-video-preview:-1\" \/>\n<link rel=\"canonical\" href=\"https:\/\/internetaddictsanonymous.org\/es\/do-i-have-an-addiction\/\" \/>\n<meta property=\"og:locale\" content=\"es_MX\" \/>\n<meta property=\"og:type\" content=\"article\" \/>\n<meta property=\"og:title\" content=\"Do I Have an Addiction? &#8211; Internet and Technology Addicts Anonymous\" \/>\n<meta property=\"og:description\" content=\"If you are new to ITAA, you may be wondering whether you have an internet and technology addiction.\" \/>\n<meta property=\"og:url\" content=\"https:\/\/internetaddictsanonymous.org\/es\/do-i-have-an-addiction\/\" \/>\n<meta property=\"og:site_name\" content=\"Internet and Technology Addicts Anonymous\" \/>\n<meta property=\"article:modified_time\" content=\"2025-04-20T19:14:24+00:00\" \/>\n<meta name=\"twitter:card\" content=\"summary_large_image\" \/>\n<meta name=\"twitter:label1\" content=\"Tiempo de lectura\" \/>\n\t<meta name=\"twitter:data1\" content=\"3 minutos\" \/>\n<script type=\"application\/ld+json\" class=\"yoast-schema-graph\">{\"@context\":\"https:\\\/\\\/schema.org\",\"@graph\":[{\"@type\":\"WebPage\",\"@id\":\"https:\\\/\\\/internetaddictsanonymous.org\\\/do-i-have-an-addiction\\\/\",\"url\":\"https:\\\/\\\/internetaddictsanonymous.org\\\/do-i-have-an-addiction\\\/\",\"name\":\"Do I Have an Addiction? &#8211; Internet and Technology Addicts Anonymous\",\"isPartOf\":{\"@id\":\"https:\\\/\\\/internetaddictsanonymous.org\\\/#website\"},\"datePublished\":\"2022-08-29T17:12:59+00:00\",\"dateModified\":\"2025-04-20T19:14:24+00:00\",\"description\":\"If you are new to ITAA, you may be wondering whether you have an internet and technology addiction.\",\"breadcrumb\":{\"@id\":\"https:\\\/\\\/internetaddictsanonymous.org\\\/do-i-have-an-addiction\\\/#breadcrumb\"},\"inLanguage\":\"es\",\"potentialAction\":[{\"@type\":\"ReadAction\",\"target\":[\"https:\\\/\\\/internetaddictsanonymous.org\\\/do-i-have-an-addiction\\\/\"]}]},{\"@type\":\"BreadcrumbList\",\"@id\":\"https:\\\/\\\/internetaddictsanonymous.org\\\/do-i-have-an-addiction\\\/#breadcrumb\",\"itemListElement\":[{\"@type\":\"ListItem\",\"position\":1,\"name\":\"Home\",\"item\":\"https:\\\/\\\/internetaddictsanonymous.org\\\/\"},{\"@type\":\"ListItem\",\"position\":2,\"name\":\"Do I Have an Addiction?\"}]},{\"@type\":\"WebSite\",\"@id\":\"https:\\\/\\\/internetaddictsanonymous.org\\\/#website\",\"url\":\"https:\\\/\\\/internetaddictsanonymous.org\\\/\",\"name\":\"Internet and Technology Addicts Anonymous\",\"description\":\"Worldwide 12-step Fellowship for Internet and Technology Addiction\",\"publisher\":{\"@id\":\"https:\\\/\\\/internetaddictsanonymous.org\\\/#organization\"},\"potentialAction\":[{\"@type\":\"SearchAction\",\"target\":{\"@type\":\"EntryPoint\",\"urlTemplate\":\"https:\\\/\\\/internetaddictsanonymous.org\\\/?s={search_term_string}\"},\"query-input\":{\"@type\":\"PropertyValueSpecification\",\"valueRequired\":true,\"valueName\":\"search_term_string\"}}],\"inLanguage\":\"es\"},{\"@type\":\"Organization\",\"@id\":\"https:\\\/\\\/internetaddictsanonymous.org\\\/#organization\",\"name\":\"Internet and Technology Addicts Anonymous\",\"url\":\"https:\\\/\\\/internetaddictsanonymous.org\\\/\",\"logo\":{\"@type\":\"ImageObject\",\"inLanguage\":\"es\",\"@id\":\"https:\\\/\\\/internetaddictsanonymous.org\\\/#\\\/schema\\\/logo\\\/image\\\/\",\"url\":\"https:\\\/\\\/internetaddictsanonymous.org\\\/wp-content\\\/uploads\\\/2023\\\/01\\\/cropped-ITAA-logo-480px.png\",\"contentUrl\":\"https:\\\/\\\/internetaddictsanonymous.org\\\/wp-content\\\/uploads\\\/2023\\\/01\\\/cropped-ITAA-logo-480px.png\",\"width\":480,\"height\":480,\"caption\":\"Internet and Technology Addicts Anonymous\"},\"image\":{\"@id\":\"https:\\\/\\\/internetaddictsanonymous.org\\\/#\\\/schema\\\/logo\\\/image\\\/\"}}]}<\/script>\n<!-- \/ Yoast SEO plugin. -->","yoast_head_json":{"title":"\u00bfTengo una adicci\u00f3n? - Adictos a Internet y a la Tecnolog\u00eda An\u00f3nimos","description":"Si es nuevo en ITAA, es posible que se pregunte si tiene una adicci\u00f3n a Internet y la tecnolog\u00eda.","robots":{"index":"index","follow":"follow","max-snippet":"max-snippet:-1","max-image-preview":"max-image-preview:large","max-video-preview":"max-video-preview:-1"},"canonical":"https:\/\/internetaddictsanonymous.org\/es\/do-i-have-an-addiction\/","og_locale":"es_MX","og_type":"article","og_title":"Do I Have an Addiction? &#8211; Internet and Technology Addicts Anonymous","og_description":"If you are new to ITAA, you may be wondering whether you have an internet and technology addiction.","og_url":"https:\/\/internetaddictsanonymous.org\/es\/do-i-have-an-addiction\/","og_site_name":"Internet and Technology Addicts Anonymous","article_modified_time":"2025-04-20T19:14:24+00:00","twitter_card":"summary_large_image","twitter_misc":{"Tiempo de lectura":"3 minutos"},"schema":{"@context":"https:\/\/schema.org","@graph":[{"@type":"WebPage","@id":"https:\/\/internetaddictsanonymous.org\/do-i-have-an-addiction\/","url":"https:\/\/internetaddictsanonymous.org\/do-i-have-an-addiction\/","name":"\u00bfTengo una adicci\u00f3n? - Adictos a Internet y a la Tecnolog\u00eda An\u00f3nimos","isPartOf":{"@id":"https:\/\/internetaddictsanonymous.org\/#website"},"datePublished":"2022-08-29T17:12:59+00:00","dateModified":"2025-04-20T19:14:24+00:00","description":"Si es nuevo en ITAA, es posible que se pregunte si tiene una adicci\u00f3n a Internet y la tecnolog\u00eda.","breadcrumb":{"@id":"https:\/\/internetaddictsanonymous.org\/do-i-have-an-addiction\/#breadcrumb"},"inLanguage":"es","potentialAction":[{"@type":"ReadAction","target":["https:\/\/internetaddictsanonymous.org\/do-i-have-an-addiction\/"]}]},{"@type":"BreadcrumbList","@id":"https:\/\/internetaddictsanonymous.org\/do-i-have-an-addiction\/#breadcrumb","itemListElement":[{"@type":"ListItem","position":1,"name":"Home","item":"https:\/\/internetaddictsanonymous.org\/"},{"@type":"ListItem","position":2,"name":"Do I Have an Addiction?"}]},{"@type":"WebSite","@id":"https:\/\/internetaddictsanonymous.org\/#website","url":"https:\/\/internetaddictsanonymous.org\/","name":"Adictos a Internet y la Tecnolog\u00eda An\u00f3nimos","description":"Comunidad mundial de 12 pasos para la adicci\u00f3n a Internet y a la tecnolog\u00eda","publisher":{"@id":"https:\/\/internetaddictsanonymous.org\/#organization"},"potentialAction":[{"@type":"SearchAction","target":{"@type":"EntryPoint","urlTemplate":"https:\/\/internetaddictsanonymous.org\/?s={search_term_string}"},"query-input":{"@type":"PropertyValueSpecification","valueRequired":true,"valueName":"search_term_string"}}],"inLanguage":"es"},{"@type":"Organization","@id":"https:\/\/internetaddictsanonymous.org\/#organization","name":"Adictos a Internet y la Tecnolog\u00eda An\u00f3nimos","url":"https:\/\/internetaddictsanonymous.org\/","logo":{"@type":"ImageObject","inLanguage":"es","@id":"https:\/\/internetaddictsanonymous.org\/#\/schema\/logo\/image\/","url":"https:\/\/internetaddictsanonymous.org\/wp-content\/uploads\/2023\/01\/cropped-ITAA-logo-480px.png","contentUrl":"https:\/\/internetaddictsanonymous.org\/wp-content\/uploads\/2023\/01\/cropped-ITAA-logo-480px.png","width":480,"height":480,"caption":"Internet and Technology Addicts Anonymous"},"image":{"@id":"https:\/\/internetaddictsanonymous.org\/#\/schema\/logo\/image\/"}}]}},"jetpack_sharing_enabled":true,"jetpack_shortlink":"https:\/\/wp.me\/P9Fwob-3G6","_links":{"self":[{"href":"https:\/\/internetaddictsanonymous.org\/es\/wp-json\/wp\/v2\/pages\/14142","targetHints":{"allow":["GET"]}}],"collection":[{"href":"https:\/\/internetaddictsanonymous.org\/es\/wp-json\/wp\/v2\/pages"}],"about":[{"href":"https:\/\/internetaddictsanonymous.org\/es\/wp-json\/wp\/v2\/types\/page"}],"author":[{"embeddable":true,"href":"https:\/\/internetaddictsanonymous.org\/es\/wp-json\/wp\/v2\/users\/35194237"}],"replies":[{"embeddable":true,"href":"https:\/\/internetaddictsanonymous.org\/es\/wp-json\/wp\/v2\/comments?post=14142"}],"version-history":[{"count":6,"href":"https:\/\/internetaddictsanonymous.org\/es\/wp-json\/wp\/v2\/pages\/14142\/revisions"}],"predecessor-version":[{"id":19632,"href":"https:\/\/internetaddictsanonymous.org\/es\/wp-json\/wp\/v2\/pages\/14142\/revisions\/19632"}],"wp:attachment":[{"href":"https:\/\/internetaddictsanonymous.org\/es\/wp-json\/wp\/v2\/media?parent=14142"}],"wp:term":[{"taxonomy":"post_tag","embeddable":true,"href":"https:\/\/internetaddictsanonymous.org\/es\/wp-json\/wp\/v2\/tags?post=14142"}],"curies":[{"name":"wp","href":"https:\/\/api.w.org\/{rel}","templated":true}]}}