{"id":14154,"date":"2022-08-29T17:23:26","date_gmt":"2022-08-29T17:23:26","guid":{"rendered":"https:\/\/internetaddictsanonymous.org\/?page_id=14154"},"modified":"2024-06-16T20:37:33","modified_gmt":"2024-06-17T00:37:33","slug":"guias-y-recursos","status":"publish","type":"page","link":"https:\/\/internetaddictsanonymous.org\/es\/literature-and-guides\/","title":{"rendered":"Literatura y gu\u00edas"},"content":{"rendered":"<p>A continuaci\u00f3n se ofrece una lista de recursos escritos sobre la naturaleza de nuestra adicci\u00f3n y la mejor forma de recorrer nuestro camino hacia la recuperaci\u00f3n. Estos recursos han sido redactados por nuestro Comit\u00e9 de Contenidos Web y nuestro Comit\u00e9 de Literatura. Si desea compartir sus comentarios o contribuir a nuestros esfuerzos, nos encantar\u00eda saber de usted o que se uniera a una de nuestras reuniones. Encontrar\u00e1 m\u00e1s informaci\u00f3n en la p\u00e1gina&nbsp;<a href=\"https:\/\/internetaddictsanonymous.org\/es\/puestos-de-servicio-abiertos\/\">Comit\u00e9s de Servicio<\/a>&nbsp;p\u00e1gina.<\/p>\n\n\n\n<h2 class=\"wp-block-heading\">Para empezar<\/h2>\n\n\n\n<div class=\"wp-block-columns is-layout-flex wp-container-core-columns-is-layout-9d6595d7 wp-block-columns-is-layout-flex\">\n<div class=\"wp-block-column is-layout-flow wp-block-column-is-layout-flow\">\n<p><strong><a href=\"https:\/\/internetaddictsanonymous.org\/es\/guia-para-los-recien-llegados\/\">Una gu\u00eda para los reci\u00e9n llegados<\/a><br><\/strong>Una lista de seis sugerencias simples para comenzar en ITAA.<\/p>\n\n\n\n<p><strong><a href=\"https:\/\/internetaddictsanonymous.org\/es\/recursos\/herramientas-de-recuperacion\/\">Herramientas de recuperaci\u00f3n<\/a><br><\/strong>Herramientas y estrategias probadas por el tiempo que pueden ayudarnos a mantenernos sobrios.<\/p>\n\n\n\n<p><strong><a href=\"https:\/\/internetaddictsanonymous.org\/es\/descubriendo-la-sobriedad-hoja-de-trabajo-una-introduccion-a-la-recuperacion-de-adicciones-por-internet\/\">Hoja de trabajo: descubriendo la sobriedad<\/a><\/strong><br>Una hoja de trabajo dise\u00f1ada para ayudarnos a trazar nuestras l\u00edneas superior, intermedia e inferior, con preguntas e indicaciones que podemos seguir.<\/p>\n<\/div>\n\n\n\n<div class=\"wp-block-column is-layout-flow wp-block-column-is-layout-flow\">\n<p><strong><a href=\"https:\/\/internetaddictsanonymous.org\/es\/historias-de-recuperacion\/\">Historias de recuperaci\u00f3n<\/a><br><\/strong>Historias grabadas y escritas de miembros recuperados de ITAA.<\/p>\n\n\n\n<p><strong><a href=\"https:\/\/drive.google.com\/file\/d\/1y8ZgwLScawJeQq0LZ8vN3THEhiBk4YAv\/view\">Folleto de bienvenida de la ITAA<\/a><\/strong><br>Un tr\u00edptico imprimible que ofrece una visi\u00f3n general del programa ITAA (<a href=\"https:\/\/drive.google.com\/file\/d\/1fmIJRc_6SpHw75_1qrfd7NkuC-67Epxm\/view?usp=sharing\" target=\"_blank\" rel=\"noreferrer noopener\">A4<\/a>) (<a href=\"https:\/\/docs.google.com\/document\/d\/1SJDReYLLhs5hgC0I1hotkrCmZ3-6YZmxTNB7lb27KJM\/edit?usp=sharing\" target=\"_blank\" rel=\"noreferrer noopener\">instrucciones de impresi\u00f3n<\/a>).<\/p>\n\n\n\n<p><strong><a href=\"https:\/\/internetaddictsanonymous.org\/es\/12-pasos-de-itaa\/\">Los Doce Pasos y las Doce Tradiciones de ITAA<\/a><br><\/strong>Los principios rectores de nuestro programa.<\/p>\n<\/div>\n<\/div>\n\n\n\n<p><\/p>\n\n\n\n<h2 class=\"wp-block-heading\">Profundizar en la recuperaci\u00f3n<\/h2>\n\n\n\n<div class=\"wp-block-columns is-layout-flex wp-container-core-columns-is-layout-9d6595d7 wp-block-columns-is-layout-flex\">\n<div class=\"wp-block-column is-layout-flow wp-block-column-is-layout-flow\">\n<p><a href=\"https:\/\/internetaddictsanonymous.org\/es\/a-guia-de-retiros\/\"><strong>Navegaci\u00f3n de retiros<\/strong><\/a><br>Una descripci\u00f3n del proceso de retiros, junto con historias de recuperaci\u00f3n de cuatro miembros.<\/p>\n\n\n\n<p><a href=\"https:\/\/internetaddictsanonymous.org\/es\/a-guia-de-deslices-y-caidas-en-itaa\/\"><strong>Comprender la sobriedad, los deslices y las reca\u00eddas<\/strong><\/a><br>Una descripci\u00f3n general de lo que significa la sobriedad en ITAA, as\u00ed como tambi\u00e9n c\u00f3mo prevenir y crecer a partir de resbalones y reca\u00eddas.<\/p>\n\n\n\n<p><strong><a href=\"https:\/\/internetaddictsanonymous.org\/es\/a-guide-to-outreach-calls-in-itaa\/\">Hacer llamadas de alcance<\/a><br><\/strong>Una gu\u00eda para llamar a otros miembros fuera de las reuniones, una de las herramientas vitales de nuestra recuperaci\u00f3n.<\/p>\n<\/div>\n\n\n\n<div class=\"wp-block-column is-layout-flow wp-block-column-is-layout-flow\">\n<p><a href=\"https:\/\/internetaddictsanonymous.org\/es\/patrocinio\/\"><strong>La importancia del patrocinio<\/strong><\/a><br>El patrocinio es una relaci\u00f3n informal en la que un miembro m\u00e1s experimentado de ITAA nos ayuda a guiarnos a trav\u00e9s de la recuperaci\u00f3n.<\/p>\n\n\n\n<p><a href=\"https:\/\/internetaddictsanonymous.org\/es\/recursos\/literatura\/\"><strong>C\u00f3mo trabajar los pasos<\/strong><br><\/a>Recursos que podemos utilizar para trabajar los Doce Pasos.<\/p>\n\n\n\n<p><a href=\"https:\/\/internetaddictsanonymous.org\/es\/the-doctors-opinion\/\"><strong>La evidencia cient\u00edfica sobre la adicci\u00f3n a Internet y la tecnolog\u00eda<\/strong><\/a><br>Una visi\u00f3n general de los efectos y consecuencias de la adicci\u00f3n a internet y a la tecnolog\u00eda.<\/p>\n<\/div>\n<\/div>\n\n\n\n<p><\/p>\n\n\n\n<h2 class=\"wp-block-heading\">Estar al servicio<\/h2>\n\n\n\n<div class=\"wp-block-columns is-layout-flex wp-container-core-columns-is-layout-9d6595d7 wp-block-columns-is-layout-flex\">\n<div class=\"wp-block-column is-layout-flow wp-block-column-is-layout-flow\">\n<p><a href=\"https:\/\/internetaddictsanonymous.org\/es\/leading-and-strengthening-meetings\/\"><strong>C\u00f3mo funcionan las reuniones<\/strong><\/a><br>Una gu\u00eda completa para crear reuniones fuertes, sanas y en crecimiento.<\/p>\n\n\n\n<p><strong><a href=\"https:\/\/internetaddictsanonymous.org\/es\/guia-de-las-ciencias-de-grupo\/\">Gu\u00eda de las conciencias de grupo<\/a><\/strong><br>Una visi\u00f3n detallada del proceso de conciencia de grupo a trav\u00e9s del cual tomamos decisiones en grupo.<\/p>\n<\/div>\n\n\n\n<div class=\"wp-block-column is-layout-flow wp-block-column-is-layout-flow\">\n<p><strong><a href=\"https:\/\/internetaddictsanonymous.org\/es\/seguridad-en-la-aita\/\">Seguridad en ITAA<\/a><br><\/strong>Una gu\u00eda para responder a comportamientos inseguros o inapropiados.<\/p>\n\n\n\n<p><strong><a href=\"https:\/\/internetaddictsanonymous.org\/es\/recursos\/ser-de-recursos-de-servicio\/principios-para-grupos-de-chat\/\">Principios para grupos de chat<\/a><\/strong><br>Una gu\u00eda sobre c\u00f3mo garantizar que los grupos de chat de ITAA sean veh\u00edculos saludables para transmitir el mensaje de recuperaci\u00f3n.<\/p>\n\n\n\n<p><strong><a href=\"https:\/\/internetaddictsanonymous.org\/es\/gsr\/\">Representantes de servicios de grupo<\/a><\/strong><br>Un RSG representa a un grupo individual en nuestras Reuniones Internacionales de Servicio.<br><\/p>\n<\/div>\n<\/div>\n\n\n\n<p><\/p>\n<!-- PMB print buttons is only displayed on a single post\/page URLs-->","protected":false},"excerpt":{"rendered":"<p>A continuaci\u00f3n se ofrece una lista de recursos escritos sobre la naturaleza de nuestra adicci\u00f3n y la mejor manera de recorrer nuestro camino hacia la recuperaci\u00f3n. Estos recursos han sido redactados por nuestro Comit\u00e9 de Contenidos Web y nuestro Comit\u00e9 de Literatura. Si desea compartir sus comentarios o contribuir a nuestros esfuerzos, nos encantar\u00eda saber de usted ... <a href=\"https:\/\/internetaddictsanonymous.org\/es\/literature-and-guides\/\" class=\"more-link\">Seguir leyendo <span class=\"screen-reader-text\">Literatura y gu\u00edas<\/span><\/a><\/p>","protected":false},"author":35194237,"featured_media":0,"parent":0,"menu_order":0,"comment_status":"closed","ping_status":"closed","template":"full-width-page.php","meta":{"inline_featured_image":false,"_lmt_disableupdate":"","_lmt_disable":"","footnotes":""},"tags":[],"class_list":["post-14154","page","type-page","status-publish","hentry"],"yoast_head":"<!-- This site is optimized with the Yoast SEO plugin v27.5 - https:\/\/yoast.com\/product\/yoast-seo-wordpress\/ -->\n<title>Literature and Guides &#8211; Internet and Technology Addicts Anonymous<\/title>\n<meta name=\"robots\" content=\"index, follow, max-snippet:-1, max-image-preview:large, max-video-preview:-1\" \/>\n<link rel=\"canonical\" href=\"https:\/\/internetaddictsanonymous.org\/es\/guias-y-recursos\/\" \/>\n<meta property=\"og:locale\" content=\"es_MX\" \/>\n<meta property=\"og:type\" content=\"article\" \/>\n<meta property=\"og:title\" content=\"Literature and Guides &#8211; Internet and Technology Addicts Anonymous\" \/>\n<meta property=\"og:description\" content=\"Below is a list of written resources about the nature of our addiction and how we can best navigate our recovery journey. These resources have been written by our Web Content Committee and our Literature Committee. If you would like to share feedback or contribute to our efforts, we would love to hear from you &hellip; Seguir leyendo Literature and Guides\" \/>\n<meta property=\"og:url\" content=\"https:\/\/internetaddictsanonymous.org\/es\/guias-y-recursos\/\" \/>\n<meta property=\"og:site_name\" content=\"Internet and Technology Addicts Anonymous\" \/>\n<meta property=\"article:modified_time\" content=\"2024-06-17T00:37:33+00:00\" \/>\n<meta name=\"twitter:card\" content=\"summary_large_image\" \/>\n<meta name=\"twitter:label1\" content=\"Tiempo de lectura\" \/>\n\t<meta name=\"twitter:data1\" content=\"2 minutos\" \/>\n<script type=\"application\/ld+json\" class=\"yoast-schema-graph\">{\"@context\":\"https:\\\/\\\/schema.org\",\"@graph\":[{\"@type\":\"WebPage\",\"@id\":\"https:\\\/\\\/internetaddictsanonymous.org\\\/literature-and-guides\\\/\",\"url\":\"https:\\\/\\\/internetaddictsanonymous.org\\\/literature-and-guides\\\/\",\"name\":\"Literature and Guides &#8211; Internet and Technology Addicts Anonymous\",\"isPartOf\":{\"@id\":\"https:\\\/\\\/internetaddictsanonymous.org\\\/#website\"},\"datePublished\":\"2022-08-29T17:23:26+00:00\",\"dateModified\":\"2024-06-17T00:37:33+00:00\",\"breadcrumb\":{\"@id\":\"https:\\\/\\\/internetaddictsanonymous.org\\\/literature-and-guides\\\/#breadcrumb\"},\"inLanguage\":\"es\",\"potentialAction\":[{\"@type\":\"ReadAction\",\"target\":[\"https:\\\/\\\/internetaddictsanonymous.org\\\/literature-and-guides\\\/\"]}]},{\"@type\":\"BreadcrumbList\",\"@id\":\"https:\\\/\\\/internetaddictsanonymous.org\\\/literature-and-guides\\\/#breadcrumb\",\"itemListElement\":[{\"@type\":\"ListItem\",\"position\":1,\"name\":\"Home\",\"item\":\"https:\\\/\\\/internetaddictsanonymous.org\\\/\"},{\"@type\":\"ListItem\",\"position\":2,\"name\":\"Literature and Guides\"}]},{\"@type\":\"WebSite\",\"@id\":\"https:\\\/\\\/internetaddictsanonymous.org\\\/#website\",\"url\":\"https:\\\/\\\/internetaddictsanonymous.org\\\/\",\"name\":\"Internet and Technology Addicts Anonymous\",\"description\":\"Worldwide 12-step Fellowship for Internet and Technology Addiction\",\"publisher\":{\"@id\":\"https:\\\/\\\/internetaddictsanonymous.org\\\/#organization\"},\"potentialAction\":[{\"@type\":\"SearchAction\",\"target\":{\"@type\":\"EntryPoint\",\"urlTemplate\":\"https:\\\/\\\/internetaddictsanonymous.org\\\/?s={search_term_string}\"},\"query-input\":{\"@type\":\"PropertyValueSpecification\",\"valueRequired\":true,\"valueName\":\"search_term_string\"}}],\"inLanguage\":\"es\"},{\"@type\":\"Organization\",\"@id\":\"https:\\\/\\\/internetaddictsanonymous.org\\\/#organization\",\"name\":\"Internet and Technology Addicts Anonymous\",\"url\":\"https:\\\/\\\/internetaddictsanonymous.org\\\/\",\"logo\":{\"@type\":\"ImageObject\",\"inLanguage\":\"es\",\"@id\":\"https:\\\/\\\/internetaddictsanonymous.org\\\/#\\\/schema\\\/logo\\\/image\\\/\",\"url\":\"https:\\\/\\\/internetaddictsanonymous.org\\\/wp-content\\\/uploads\\\/2023\\\/01\\\/cropped-ITAA-logo-480px.png\",\"contentUrl\":\"https:\\\/\\\/internetaddictsanonymous.org\\\/wp-content\\\/uploads\\\/2023\\\/01\\\/cropped-ITAA-logo-480px.png\",\"width\":480,\"height\":480,\"caption\":\"Internet and Technology Addicts Anonymous\"},\"image\":{\"@id\":\"https:\\\/\\\/internetaddictsanonymous.org\\\/#\\\/schema\\\/logo\\\/image\\\/\"}}]}<\/script>\n<!-- \/ Yoast SEO plugin. -->","yoast_head_json":{"title":"Literatura y Gu\u00edas - Adictos a Internet y a la Tecnolog\u00eda An\u00f3nimos","robots":{"index":"index","follow":"follow","max-snippet":"max-snippet:-1","max-image-preview":"max-image-preview:large","max-video-preview":"max-video-preview:-1"},"canonical":"https:\/\/internetaddictsanonymous.org\/es\/guias-y-recursos\/","og_locale":"es_MX","og_type":"article","og_title":"Literature and Guides &#8211; Internet and Technology Addicts Anonymous","og_description":"Below is a list of written resources about the nature of our addiction and how we can best navigate our recovery journey. These resources have been written by our Web Content Committee and our Literature Committee. If you would like to share feedback or contribute to our efforts, we would love to hear from you &hellip; Seguir leyendo Literature and Guides","og_url":"https:\/\/internetaddictsanonymous.org\/es\/guias-y-recursos\/","og_site_name":"Internet and Technology Addicts Anonymous","article_modified_time":"2024-06-17T00:37:33+00:00","twitter_card":"summary_large_image","twitter_misc":{"Tiempo de lectura":"2 minutos"},"schema":{"@context":"https:\/\/schema.org","@graph":[{"@type":"WebPage","@id":"https:\/\/internetaddictsanonymous.org\/literature-and-guides\/","url":"https:\/\/internetaddictsanonymous.org\/literature-and-guides\/","name":"Literatura y Gu\u00edas - Adictos a Internet y a la Tecnolog\u00eda An\u00f3nimos","isPartOf":{"@id":"https:\/\/internetaddictsanonymous.org\/#website"},"datePublished":"2022-08-29T17:23:26+00:00","dateModified":"2024-06-17T00:37:33+00:00","breadcrumb":{"@id":"https:\/\/internetaddictsanonymous.org\/literature-and-guides\/#breadcrumb"},"inLanguage":"es","potentialAction":[{"@type":"ReadAction","target":["https:\/\/internetaddictsanonymous.org\/literature-and-guides\/"]}]},{"@type":"BreadcrumbList","@id":"https:\/\/internetaddictsanonymous.org\/literature-and-guides\/#breadcrumb","itemListElement":[{"@type":"ListItem","position":1,"name":"Home","item":"https:\/\/internetaddictsanonymous.org\/"},{"@type":"ListItem","position":2,"name":"Literature and Guides"}]},{"@type":"WebSite","@id":"https:\/\/internetaddictsanonymous.org\/#website","url":"https:\/\/internetaddictsanonymous.org\/","name":"Adictos a Internet y la Tecnolog\u00eda An\u00f3nimos","description":"Comunidad mundial de 12 pasos para la adicci\u00f3n a Internet y a la tecnolog\u00eda","publisher":{"@id":"https:\/\/internetaddictsanonymous.org\/#organization"},"potentialAction":[{"@type":"SearchAction","target":{"@type":"EntryPoint","urlTemplate":"https:\/\/internetaddictsanonymous.org\/?s={search_term_string}"},"query-input":{"@type":"PropertyValueSpecification","valueRequired":true,"valueName":"search_term_string"}}],"inLanguage":"es"},{"@type":"Organization","@id":"https:\/\/internetaddictsanonymous.org\/#organization","name":"Adictos a Internet y la Tecnolog\u00eda An\u00f3nimos","url":"https:\/\/internetaddictsanonymous.org\/","logo":{"@type":"ImageObject","inLanguage":"es","@id":"https:\/\/internetaddictsanonymous.org\/#\/schema\/logo\/image\/","url":"https:\/\/internetaddictsanonymous.org\/wp-content\/uploads\/2023\/01\/cropped-ITAA-logo-480px.png","contentUrl":"https:\/\/internetaddictsanonymous.org\/wp-content\/uploads\/2023\/01\/cropped-ITAA-logo-480px.png","width":480,"height":480,"caption":"Internet and Technology Addicts Anonymous"},"image":{"@id":"https:\/\/internetaddictsanonymous.org\/#\/schema\/logo\/image\/"}}]}},"jetpack_sharing_enabled":true,"jetpack_shortlink":"https:\/\/wp.me\/P9Fwob-3Gi","_links":{"self":[{"href":"https:\/\/internetaddictsanonymous.org\/es\/wp-json\/wp\/v2\/pages\/14154","targetHints":{"allow":["GET"]}}],"collection":[{"href":"https:\/\/internetaddictsanonymous.org\/es\/wp-json\/wp\/v2\/pages"}],"about":[{"href":"https:\/\/internetaddictsanonymous.org\/es\/wp-json\/wp\/v2\/types\/page"}],"author":[{"embeddable":true,"href":"https:\/\/internetaddictsanonymous.org\/es\/wp-json\/wp\/v2\/users\/35194237"}],"replies":[{"embeddable":true,"href":"https:\/\/internetaddictsanonymous.org\/es\/wp-json\/wp\/v2\/comments?post=14154"}],"version-history":[{"count":11,"href":"https:\/\/internetaddictsanonymous.org\/es\/wp-json\/wp\/v2\/pages\/14154\/revisions"}],"predecessor-version":[{"id":18152,"href":"https:\/\/internetaddictsanonymous.org\/es\/wp-json\/wp\/v2\/pages\/14154\/revisions\/18152"}],"wp:attachment":[{"href":"https:\/\/internetaddictsanonymous.org\/es\/wp-json\/wp\/v2\/media?parent=14154"}],"wp:term":[{"taxonomy":"post_tag","embeddable":true,"href":"https:\/\/internetaddictsanonymous.org\/es\/wp-json\/wp\/v2\/tags?post=14154"}],"curies":[{"name":"wp","href":"https:\/\/api.w.org\/{rel}","templated":true}]}}