{"id":14440,"date":"2022-10-24T01:33:42","date_gmt":"2022-10-24T05:33:42","guid":{"rendered":"https:\/\/internetaddictsanonymous.org\/?page_id=14440"},"modified":"2023-02-19T13:16:50","modified_gmt":"2023-02-19T18:16:50","slug":"reuniones-no-inglesas","status":"publish","type":"page","link":"https:\/\/internetaddictsanonymous.org\/es\/non-english-meetings\/","title":{"rendered":"Calendario de reuniones en idiomas distintos del ingl\u00e9s"},"content":{"rendered":"<p>A continuaci\u00f3n encontrar\u00e1 un calendario de reuniones de la ITAA en otros idiomas. Actualmente tenemos reuniones en espa\u00f1ol, portugu\u00e9s, franc\u00e9s, alem\u00e1n, hebreo, ruso, polaco, coreano y \u00e1rabe.\u00a0<strong><mark style=\"background-color:rgba(0, 0, 0, 0)\" class=\"has-inline-color has-dark-gray-color\">Las horas de las reuniones se muestran en su zona horaria local. <\/mark><\/strong>Puede encontrar los detalles de cada reuni\u00f3n, incluidos el enlace de v\u00eddeo, los n\u00fameros de conexi\u00f3n telef\u00f3nica y el enfoque de la reuni\u00f3n, haciendo clic en el evento de la reuni\u00f3n en el calendario.<\/p>\n\n\n\n<p><strong><mark style=\"background-color:rgba(0, 0, 0, 0)\" class=\"has-inline-color has-dark-gray-color\">Si eres nuevo, te animamos a que pruebes a asistir a seis reuniones en poco tiempo para ver si nuestro programa puede serte \u00fatil.<\/mark><\/strong> Cada reuni\u00f3n es ligeramente diferente, y siempre estamos encantados de acoger a los reci\u00e9n llegados. Todas las reuniones son totalmente gratuitas y an\u00f3nimas.<\/p>\n\n\n<p><iframe style=\"height: 1150px; width: 100%;\" src=\"https:\/\/teamup.com\/ks4zmgyh24h9ae4dwm?view=a&amp;showHeader=0&amp;showLogo=0&amp;showTitle=0&amp;disableSidepanel=1&amp;showViewSelector=1\" width=\"100%\" height=\"1150\" frameborder=\"0\"><\/iframe><\/p>\n\n\n<p>Puede consultar la lista completa de reuniones de la ITAA, incluidas las reuniones en ingl\u00e9s <a href=\"https:\/\/internetaddictsanonymous.org\/es\/reuniones-en-linea\/\">aqu\u00ed<\/a>.<\/p>\n\n\n\n<h3 class=\"wp-block-heading\"><strong>\u00bfC\u00f3mo funcionan las reuniones?<\/strong><\/h3>\n\n\n\n<p>Si es la primera vez que asiste a una reuni\u00f3n, no se ponga nervioso. La mayor\u00eda de nuestras reuniones son muy sencillas; cada reuni\u00f3n tiene un presidente que dirige la reuni\u00f3n, y la mayor\u00eda de las reuniones duran una hora. El presidente y otros voluntarios leen algunos discursos de apertura, antes de abrir la reuni\u00f3n para que los miembros compartan. No es obligatorio compartir, y est\u00e1 bien limitarse a escuchar. Puedes compartir c\u00f3mo te va, presentarte y qu\u00e9 te trajo a ITAA, o hacer preguntas. A menos que el miembro que comparte lo pida, no ofrecemos sugerencias ni comentarios en respuesta a lo que otros comparten; simplemente escuchamos sin juzgar. Al cabo de una hora, la reuni\u00f3n termina con unas palabras de clausura, tras las cuales los miembros suelen permanecer en la l\u00ednea para charlar informalmente, hacer preguntas e intercambiar datos de contacto.<\/p>\n\n\n\n<h3 class=\"wp-block-heading\"><strong>Diferentes nombres de reuniones<\/strong><\/h3>\n\n\n\n<p>Muchas reuniones del calendario tienen nombres \u00fanicos. Esta es una forma amigable de ayudar a los miembros a distinguir las reuniones entre s\u00ed. Algunas reuniones pueden tener formatos especiales y puede pasar el cursor sobre una reuni\u00f3n o hacer clic en ella para ver los detalles de la reuni\u00f3n. Si no hay detalles de la reuni\u00f3n, es probable que la reuni\u00f3n siga alguna versi\u00f3n del est\u00e1ndar. <a href=\"https:\/\/internetaddictsanonymous.org\/es\/calendario-de-reuniones-en-linea\/guion-de-reunion\/\">gui\u00f3n de reuni\u00f3n<\/a>. Cada reuni\u00f3n es independiente y tiene un sabor ligeramente diferente; si no est\u00e1 seguro de a cu\u00e1l unirse, puede probar un par de reuniones diferentes para ver cu\u00e1les resuenan con usted.<\/p>\n\n\n\n<h3 class=\"wp-block-heading\"><strong>Seguridad<\/strong><\/h3>\n\n\n\n<p>Nuestras reuniones tienen el uso compartido de pantalla desactivado y el cifrado activado. Los anfitriones pueden silenciar y eliminar a los participantes perturbadores. Si est\u00e1 organizando una reuni\u00f3n, le sugerimos que lea la ITAA <a href=\"https:\/\/internetaddictsanonymous.org\/es\/directrices-de-seguridad-para-anfitriones-de-reuniones-de-la-aita\/\">gu\u00eda sobre c\u00f3mo prevenir y responder a las interrupciones<\/a>.<\/p>\n\n\n\n<h3 class=\"wp-block-heading\"><strong>Recursos relacionados con la accesibilidad<\/strong><\/h3>\n\n\n\n<p><a href=\"https:\/\/internetaddictsanonymous.org\/es\/accesibilidad\/\">Accesibilidad para miembros con discapacidad auditiva y del habla<\/a><\/p>\n\n\n\n<p><a href=\"https:\/\/support.zoom.us\/hc\/en-us\/articles\/201362893-How-much-bandwidth-do-I-need-when-using-3G-or-4G-LTE\">Necesidad de ancho de banda al usar 3G, 4G\/LTE o 5G (support.zoom.us)<\/a><\/p>\n\n\n\n<p><a href=\"https:\/\/support.zoom.us\/hc\/en-us\/articles\/4409500570381-Stopping-all-incoming-video-in-a-meeting-or-webinar\">C\u00f3mo detener todos los videos entrantes (support.zoom.us<\/a>)<\/p>\n<!-- PMB print buttons is only displayed on a single post\/page URLs-->","protected":false},"excerpt":{"rendered":"<p>A continuaci\u00f3n se muestra un calendario de reuniones de la ITAA en idiomas distintos del ingl\u00e9s. Actualmente tenemos reuniones en espa\u00f1ol, portugu\u00e9s, franc\u00e9s, alem\u00e1n, hebreo, ruso, polaco, coreano y \u00e1rabe. Los horarios de las reuniones se muestran en su zona horaria local. Puede encontrar los detalles de cada reuni\u00f3n, incluido el enlace del video, los n\u00fameros de acceso telef\u00f3nico y el enfoque de la reuni\u00f3n, haciendo clic en el evento de la reuni\u00f3n en... <a href=\"https:\/\/internetaddictsanonymous.org\/es\/non-english-meetings\/\" class=\"more-link\">Seguir leyendo <span class=\"screen-reader-text\">Calendario de reuniones en idiomas distintos del ingl\u00e9s<\/span><\/a><\/p>","protected":false},"author":35194237,"featured_media":0,"parent":0,"menu_order":0,"comment_status":"closed","ping_status":"closed","template":"full-width-page.php","meta":{"inline_featured_image":false,"_lmt_disableupdate":"","_lmt_disable":"","footnotes":""},"tags":[],"class_list":["post-14440","page","type-page","status-publish","hentry"],"yoast_head":"<!-- This site is optimized with the Yoast SEO plugin v27.5 - https:\/\/yoast.com\/product\/yoast-seo-wordpress\/ -->\n<title>Non-English Meeting Calendar &#8211; Internet and Technology Addicts Anonymous<\/title>\n<meta name=\"robots\" content=\"index, follow, max-snippet:-1, max-image-preview:large, max-video-preview:-1\" \/>\n<link rel=\"canonical\" href=\"https:\/\/internetaddictsanonymous.org\/es\/reuniones-no-inglesas\/\" \/>\n<meta property=\"og:locale\" content=\"es_MX\" \/>\n<meta property=\"og:type\" content=\"article\" \/>\n<meta property=\"og:title\" content=\"Non-English Meeting Calendar &#8211; Internet and Technology Addicts Anonymous\" \/>\n<meta property=\"og:description\" content=\"Below is a calendar of non-English ITAA meetings. We currently have meetings in Spanish, Portuguese, French, German, Hebrew, Russian, Polish, Korean, and Arabic.\u00a0Meeting times are displayed in your local time zone. You can find the details for each meeting, including the video link, dial-in numbers, and meeting focus, by clicking on the meeting event in &hellip; Seguir leyendo Non-English Meeting Calendar\" \/>\n<meta property=\"og:url\" content=\"https:\/\/internetaddictsanonymous.org\/es\/reuniones-no-inglesas\/\" \/>\n<meta property=\"og:site_name\" content=\"Internet and Technology Addicts Anonymous\" \/>\n<meta property=\"article:modified_time\" content=\"2023-02-19T18:16:50+00:00\" \/>\n<meta name=\"twitter:card\" content=\"summary_large_image\" \/>\n<meta name=\"twitter:label1\" content=\"Tiempo de lectura\" \/>\n\t<meta name=\"twitter:data1\" content=\"2 minutos\" \/>\n<script type=\"application\/ld+json\" class=\"yoast-schema-graph\">{\"@context\":\"https:\\\/\\\/schema.org\",\"@graph\":[{\"@type\":\"WebPage\",\"@id\":\"https:\\\/\\\/internetaddictsanonymous.org\\\/non-english-meetings\\\/\",\"url\":\"https:\\\/\\\/internetaddictsanonymous.org\\\/non-english-meetings\\\/\",\"name\":\"Non-English Meeting Calendar &#8211; Internet and Technology Addicts Anonymous\",\"isPartOf\":{\"@id\":\"https:\\\/\\\/internetaddictsanonymous.org\\\/#website\"},\"datePublished\":\"2022-10-24T05:33:42+00:00\",\"dateModified\":\"2023-02-19T18:16:50+00:00\",\"breadcrumb\":{\"@id\":\"https:\\\/\\\/internetaddictsanonymous.org\\\/non-english-meetings\\\/#breadcrumb\"},\"inLanguage\":\"es\",\"potentialAction\":[{\"@type\":\"ReadAction\",\"target\":[\"https:\\\/\\\/internetaddictsanonymous.org\\\/non-english-meetings\\\/\"]}]},{\"@type\":\"BreadcrumbList\",\"@id\":\"https:\\\/\\\/internetaddictsanonymous.org\\\/non-english-meetings\\\/#breadcrumb\",\"itemListElement\":[{\"@type\":\"ListItem\",\"position\":1,\"name\":\"Home\",\"item\":\"https:\\\/\\\/internetaddictsanonymous.org\\\/\"},{\"@type\":\"ListItem\",\"position\":2,\"name\":\"Non-English Meeting Calendar\"}]},{\"@type\":\"WebSite\",\"@id\":\"https:\\\/\\\/internetaddictsanonymous.org\\\/#website\",\"url\":\"https:\\\/\\\/internetaddictsanonymous.org\\\/\",\"name\":\"Internet and Technology Addicts Anonymous\",\"description\":\"Worldwide 12-step Fellowship for Internet and Technology Addiction\",\"publisher\":{\"@id\":\"https:\\\/\\\/internetaddictsanonymous.org\\\/#organization\"},\"potentialAction\":[{\"@type\":\"SearchAction\",\"target\":{\"@type\":\"EntryPoint\",\"urlTemplate\":\"https:\\\/\\\/internetaddictsanonymous.org\\\/?s={search_term_string}\"},\"query-input\":{\"@type\":\"PropertyValueSpecification\",\"valueRequired\":true,\"valueName\":\"search_term_string\"}}],\"inLanguage\":\"es\"},{\"@type\":\"Organization\",\"@id\":\"https:\\\/\\\/internetaddictsanonymous.org\\\/#organization\",\"name\":\"Internet and Technology Addicts Anonymous\",\"url\":\"https:\\\/\\\/internetaddictsanonymous.org\\\/\",\"logo\":{\"@type\":\"ImageObject\",\"inLanguage\":\"es\",\"@id\":\"https:\\\/\\\/internetaddictsanonymous.org\\\/#\\\/schema\\\/logo\\\/image\\\/\",\"url\":\"https:\\\/\\\/internetaddictsanonymous.org\\\/wp-content\\\/uploads\\\/2023\\\/01\\\/cropped-ITAA-logo-480px.png\",\"contentUrl\":\"https:\\\/\\\/internetaddictsanonymous.org\\\/wp-content\\\/uploads\\\/2023\\\/01\\\/cropped-ITAA-logo-480px.png\",\"width\":480,\"height\":480,\"caption\":\"Internet and Technology Addicts Anonymous\"},\"image\":{\"@id\":\"https:\\\/\\\/internetaddictsanonymous.org\\\/#\\\/schema\\\/logo\\\/image\\\/\"}}]}<\/script>\n<!-- \/ Yoast SEO plugin. -->","yoast_head_json":{"title":"Calendario de reuniones en otros idiomas - Internet and Technology Addicts Anonymous","robots":{"index":"index","follow":"follow","max-snippet":"max-snippet:-1","max-image-preview":"max-image-preview:large","max-video-preview":"max-video-preview:-1"},"canonical":"https:\/\/internetaddictsanonymous.org\/es\/reuniones-no-inglesas\/","og_locale":"es_MX","og_type":"article","og_title":"Non-English Meeting Calendar &#8211; Internet and Technology Addicts Anonymous","og_description":"Below is a calendar of non-English ITAA meetings. We currently have meetings in Spanish, Portuguese, French, German, Hebrew, Russian, Polish, Korean, and Arabic.\u00a0Meeting times are displayed in your local time zone. You can find the details for each meeting, including the video link, dial-in numbers, and meeting focus, by clicking on the meeting event in &hellip; Seguir leyendo Non-English Meeting Calendar","og_url":"https:\/\/internetaddictsanonymous.org\/es\/reuniones-no-inglesas\/","og_site_name":"Internet and Technology Addicts Anonymous","article_modified_time":"2023-02-19T18:16:50+00:00","twitter_card":"summary_large_image","twitter_misc":{"Tiempo de lectura":"2 minutos"},"schema":{"@context":"https:\/\/schema.org","@graph":[{"@type":"WebPage","@id":"https:\/\/internetaddictsanonymous.org\/non-english-meetings\/","url":"https:\/\/internetaddictsanonymous.org\/non-english-meetings\/","name":"Calendario de reuniones en otros idiomas - Internet and Technology Addicts Anonymous","isPartOf":{"@id":"https:\/\/internetaddictsanonymous.org\/#website"},"datePublished":"2022-10-24T05:33:42+00:00","dateModified":"2023-02-19T18:16:50+00:00","breadcrumb":{"@id":"https:\/\/internetaddictsanonymous.org\/non-english-meetings\/#breadcrumb"},"inLanguage":"es","potentialAction":[{"@type":"ReadAction","target":["https:\/\/internetaddictsanonymous.org\/non-english-meetings\/"]}]},{"@type":"BreadcrumbList","@id":"https:\/\/internetaddictsanonymous.org\/non-english-meetings\/#breadcrumb","itemListElement":[{"@type":"ListItem","position":1,"name":"Home","item":"https:\/\/internetaddictsanonymous.org\/"},{"@type":"ListItem","position":2,"name":"Non-English Meeting Calendar"}]},{"@type":"WebSite","@id":"https:\/\/internetaddictsanonymous.org\/#website","url":"https:\/\/internetaddictsanonymous.org\/","name":"Adictos a Internet y la Tecnolog\u00eda An\u00f3nimos","description":"Comunidad mundial de 12 pasos para la adicci\u00f3n a Internet y a la tecnolog\u00eda","publisher":{"@id":"https:\/\/internetaddictsanonymous.org\/#organization"},"potentialAction":[{"@type":"SearchAction","target":{"@type":"EntryPoint","urlTemplate":"https:\/\/internetaddictsanonymous.org\/?s={search_term_string}"},"query-input":{"@type":"PropertyValueSpecification","valueRequired":true,"valueName":"search_term_string"}}],"inLanguage":"es"},{"@type":"Organization","@id":"https:\/\/internetaddictsanonymous.org\/#organization","name":"Adictos a Internet y la Tecnolog\u00eda An\u00f3nimos","url":"https:\/\/internetaddictsanonymous.org\/","logo":{"@type":"ImageObject","inLanguage":"es","@id":"https:\/\/internetaddictsanonymous.org\/#\/schema\/logo\/image\/","url":"https:\/\/internetaddictsanonymous.org\/wp-content\/uploads\/2023\/01\/cropped-ITAA-logo-480px.png","contentUrl":"https:\/\/internetaddictsanonymous.org\/wp-content\/uploads\/2023\/01\/cropped-ITAA-logo-480px.png","width":480,"height":480,"caption":"Internet and Technology Addicts Anonymous"},"image":{"@id":"https:\/\/internetaddictsanonymous.org\/#\/schema\/logo\/image\/"}}]}},"jetpack_sharing_enabled":true,"jetpack_shortlink":"https:\/\/wp.me\/P9Fwob-3KU","_links":{"self":[{"href":"https:\/\/internetaddictsanonymous.org\/es\/wp-json\/wp\/v2\/pages\/14440","targetHints":{"allow":["GET"]}}],"collection":[{"href":"https:\/\/internetaddictsanonymous.org\/es\/wp-json\/wp\/v2\/pages"}],"about":[{"href":"https:\/\/internetaddictsanonymous.org\/es\/wp-json\/wp\/v2\/types\/page"}],"author":[{"embeddable":true,"href":"https:\/\/internetaddictsanonymous.org\/es\/wp-json\/wp\/v2\/users\/35194237"}],"replies":[{"embeddable":true,"href":"https:\/\/internetaddictsanonymous.org\/es\/wp-json\/wp\/v2\/comments?post=14440"}],"version-history":[{"count":11,"href":"https:\/\/internetaddictsanonymous.org\/es\/wp-json\/wp\/v2\/pages\/14440\/revisions"}],"predecessor-version":[{"id":15383,"href":"https:\/\/internetaddictsanonymous.org\/es\/wp-json\/wp\/v2\/pages\/14440\/revisions\/15383"}],"wp:attachment":[{"href":"https:\/\/internetaddictsanonymous.org\/es\/wp-json\/wp\/v2\/media?parent=14440"}],"wp:term":[{"taxonomy":"post_tag","embeddable":true,"href":"https:\/\/internetaddictsanonymous.org\/es\/wp-json\/wp\/v2\/tags?post=14440"}],"curies":[{"name":"wp","href":"https:\/\/api.w.org\/{rel}","templated":true}]}}