{"id":14520,"date":"2022-11-07T16:51:18","date_gmt":"2022-11-07T21:51:18","guid":{"rendered":"https:\/\/internetaddictsanonymous.org\/?page_id=14520"},"modified":"2023-01-08T17:22:07","modified_gmt":"2023-01-08T22:22:07","slug":"los-doce-conceptos","status":"publish","type":"page","link":"https:\/\/internetaddictsanonymous.org\/es\/the-twelve-concepts\/","title":{"rendered":"Los Doce Conceptos"},"content":{"rendered":"<p>Esta p\u00e1gina contiene los Doce Conceptos de Alcoh\u00f3licos An\u00f3nimos, que describen los principios operativos rectores y las estructuras de servicio de AA. En el futuro, la ITAA espera modificar los Doce Conceptos para reflejar nuestros propios principios operativos y estructuras de servicio, previa aprobaci\u00f3n de la Comunidad. Mientras tanto, los Doce Conceptos de AA pueden servir como punto de referencia \u00fatil.<\/p>\n\n\n\n<ol class=\"wp-block-list\">\n<li>La responsabilidad final y la autoridad \u00faltima de los servicios mundiales de A.A. deben residir siempre en la conciencia colectiva de toda nuestra Comunidad.<\/li>\n\n\n\n<li>La Conferencia de Servicios Generales de A.A. se ha convertido, para casi todos los fines pr\u00e1cticos, en la voz activa y la conciencia efectiva de toda nuestra sociedad en sus asuntos mundiales.<\/li>\n\n\n\n<li>Para asegurar un liderazgo eficaz, deber\u00edamos dotar a cada elemento de A.A. -la Conferencia, la Junta de Servicios Generales y sus corporaciones de servicio, personal, comit\u00e9s y ejecutivos- de un \"Derecho de Decisi\u00f3n\" tradicional.&nbsp;<\/li>\n\n\n\n<li>En todos los niveles de responsabilidad, debemos mantener un \"Derecho de Participaci\u00f3n\" tradicional, que permita una representaci\u00f3n de voto en proporci\u00f3n razonable a la responsabilidad que cada uno debe desempe\u00f1ar.&nbsp;<\/li>\n\n\n\n<li>En toda nuestra estructura debe prevalecer el tradicional \"Derecho de Apelaci\u00f3n\", para que la opini\u00f3n de las minor\u00edas sea escuchada y los agravios personales reciban una cuidadosa consideraci\u00f3n.&nbsp;<\/li>\n\n\n\n<li>La Conferencia reconoce que la iniciativa principal y la responsabilidad activa en la mayor\u00eda de los asuntos de servicio mundial deben ser ejercidas por los miembros custodios de la Conferencia que act\u00faan como Junta de Servicios Generales.&nbsp;<\/li>\n\n\n\n<li>La Carta Constitutiva y los Estatutos de la Junta de Servicios Generales son instrumentos jur\u00eddicos que facultan a los custodios para gestionar y dirigir los asuntos de los servicios mundiales. La Carta de la Conferencia no es un documento legal; depende de la tradici\u00f3n y del monedero de A.A. para su eficacia final.&nbsp;<\/li>\n\n\n\n<li>Los fideicomisarios son los principales planificadores y administradores de la pol\u00edtica y las finanzas generales. Ejercen la custodia de los servicios constituidos por separado y en constante actividad, 2 ejerci\u00e9ndola a trav\u00e9s de su capacidad para elegir a todos los directores de estas entidades.&nbsp;<\/li>\n\n\n\n<li>Un buen liderazgo de servicio a todos los niveles es indispensable para nuestro funcionamiento y seguridad futuros. El liderazgo primario del servicio mundial, una vez ejercido por los fundadores, debe ser asumido necesariamente por los custodios.&nbsp;<\/li>\n\n\n\n<li>A cada responsabilidad de servicio debe corresponder una autoridad de servicio equivalente, con el alcance de dicha autoridad bien definido.&nbsp;<\/li>\n\n\n\n<li>Los fideicomisarios deben contar siempre con los mejores comit\u00e9s, directores de servicios corporativos, ejecutivos, personal y asesores posibles. La composici\u00f3n, las cualificaciones, los procedimientos de incorporaci\u00f3n y los derechos y deberes ser\u00e1n siempre cuestiones de gran inter\u00e9s.&nbsp;<\/li>\n\n\n\n<li>La Conferencia observar\u00e1 el esp\u00edritu de la tradici\u00f3n de A.A., cuidando de que nunca se convierta en sede de peligrosa riqueza o poder; que fondos suficientes de funcionamiento y reserva sean su prudente principio financiero; que no coloque a ninguno de sus miembros en una posici\u00f3n de autoridad incondicional sobre los dem\u00e1s; que llegue a todas las decisiones importantes por discusi\u00f3n, votaci\u00f3n y, siempre que sea posible, unanimidad sustancial; que sus acciones nunca sean personalmente punitivas ni una incitaci\u00f3n a la controversia p\u00fablica; que nunca realice actos de gobierno; que, al igual que la Sociedad a la que sirve, siempre permanecer\u00e1 democr\u00e1tica en pensamiento y acci\u00f3n.&nbsp;<\/li>\n<\/ol>\n\n\n\n<p>Copyright \u00a9 1962 Servicios Mundiales de Alcoh\u00f3licos An\u00f3nimos, Inc. Todos los derechos reservados<\/p>\n<!-- PMB print buttons is only displayed on a single post\/page URLs-->","protected":false},"excerpt":{"rendered":"<p>Esta p\u00e1gina contiene los Doce Conceptos de Alcoh\u00f3licos An\u00f3nimos, que describen los principios operativos rectores y las estructuras de servicio de AA. En el futuro, ITAA espera modificar los Doce Conceptos para reflejar nuestros propios principios operativos rectores y estructuras de servicio en espera de la aprobaci\u00f3n de la Comunidad. Mientras tanto, los Doce Conceptos de AA pueden servir como un punto de referencia \u00fatil. \u2026 <a href=\"https:\/\/internetaddictsanonymous.org\/es\/the-twelve-concepts\/\" class=\"more-link\">Seguir leyendo <span class=\"screen-reader-text\">Los Doce Conceptos<\/span><\/a><\/p>","protected":false},"author":35194237,"featured_media":0,"parent":0,"menu_order":0,"comment_status":"closed","ping_status":"closed","template":"full-width-page.php","meta":{"inline_featured_image":false,"_lmt_disableupdate":"","_lmt_disable":"","footnotes":""},"tags":[],"class_list":["post-14520","page","type-page","status-publish","hentry"],"yoast_head":"<!-- This site is optimized with the Yoast SEO plugin v27.4 - https:\/\/yoast.com\/product\/yoast-seo-wordpress\/ -->\n<title>The Twelve Concepts &#8211; Internet and Technology Addicts Anonymous<\/title>\n<meta name=\"robots\" content=\"index, follow, max-snippet:-1, max-image-preview:large, max-video-preview:-1\" \/>\n<link rel=\"canonical\" href=\"https:\/\/internetaddictsanonymous.org\/es\/los-doce-conceptos\/\" \/>\n<meta property=\"og:locale\" content=\"es_MX\" \/>\n<meta property=\"og:type\" content=\"article\" \/>\n<meta property=\"og:title\" content=\"The Twelve Concepts &#8211; Internet and Technology Addicts Anonymous\" \/>\n<meta property=\"og:description\" content=\"This page contains the Twelve Concepts of Alcoholics Anonymous, which describe AA\u2019s guiding operating principles and service structures. In the future, ITAA hopes to modify the Twelve Concepts to reflect our own guiding operating principles and service structures pending Fellowship approval. In the interim, AA\u2019s Twelve Concepts can serve as a useful point of reference. &hellip; Seguir leyendo The Twelve Concepts\" \/>\n<meta property=\"og:url\" content=\"https:\/\/internetaddictsanonymous.org\/es\/los-doce-conceptos\/\" \/>\n<meta property=\"og:site_name\" content=\"Internet and Technology Addicts Anonymous\" \/>\n<meta property=\"article:modified_time\" content=\"2023-01-08T22:22:07+00:00\" \/>\n<meta name=\"twitter:card\" content=\"summary_large_image\" \/>\n<meta name=\"twitter:label1\" content=\"Tiempo de lectura\" \/>\n\t<meta name=\"twitter:data1\" content=\"3 minutos\" \/>\n<script type=\"application\/ld+json\" class=\"yoast-schema-graph\">{\"@context\":\"https:\\\/\\\/schema.org\",\"@graph\":[{\"@type\":\"WebPage\",\"@id\":\"https:\\\/\\\/internetaddictsanonymous.org\\\/the-twelve-concepts\\\/\",\"url\":\"https:\\\/\\\/internetaddictsanonymous.org\\\/the-twelve-concepts\\\/\",\"name\":\"The Twelve Concepts &#8211; Internet and Technology Addicts Anonymous\",\"isPartOf\":{\"@id\":\"https:\\\/\\\/internetaddictsanonymous.org\\\/#website\"},\"datePublished\":\"2022-11-07T21:51:18+00:00\",\"dateModified\":\"2023-01-08T22:22:07+00:00\",\"breadcrumb\":{\"@id\":\"https:\\\/\\\/internetaddictsanonymous.org\\\/the-twelve-concepts\\\/#breadcrumb\"},\"inLanguage\":\"es\",\"potentialAction\":[{\"@type\":\"ReadAction\",\"target\":[\"https:\\\/\\\/internetaddictsanonymous.org\\\/the-twelve-concepts\\\/\"]}]},{\"@type\":\"BreadcrumbList\",\"@id\":\"https:\\\/\\\/internetaddictsanonymous.org\\\/the-twelve-concepts\\\/#breadcrumb\",\"itemListElement\":[{\"@type\":\"ListItem\",\"position\":1,\"name\":\"Home\",\"item\":\"https:\\\/\\\/internetaddictsanonymous.org\\\/\"},{\"@type\":\"ListItem\",\"position\":2,\"name\":\"The Twelve Concepts\"}]},{\"@type\":\"WebSite\",\"@id\":\"https:\\\/\\\/internetaddictsanonymous.org\\\/#website\",\"url\":\"https:\\\/\\\/internetaddictsanonymous.org\\\/\",\"name\":\"Internet and Technology Addicts Anonymous\",\"description\":\"Worldwide 12-step Fellowship for Internet and Technology Addiction\",\"publisher\":{\"@id\":\"https:\\\/\\\/internetaddictsanonymous.org\\\/#organization\"},\"potentialAction\":[{\"@type\":\"SearchAction\",\"target\":{\"@type\":\"EntryPoint\",\"urlTemplate\":\"https:\\\/\\\/internetaddictsanonymous.org\\\/?s={search_term_string}\"},\"query-input\":{\"@type\":\"PropertyValueSpecification\",\"valueRequired\":true,\"valueName\":\"search_term_string\"}}],\"inLanguage\":\"es\"},{\"@type\":\"Organization\",\"@id\":\"https:\\\/\\\/internetaddictsanonymous.org\\\/#organization\",\"name\":\"Internet and Technology Addicts Anonymous\",\"url\":\"https:\\\/\\\/internetaddictsanonymous.org\\\/\",\"logo\":{\"@type\":\"ImageObject\",\"inLanguage\":\"es\",\"@id\":\"https:\\\/\\\/internetaddictsanonymous.org\\\/#\\\/schema\\\/logo\\\/image\\\/\",\"url\":\"https:\\\/\\\/internetaddictsanonymous.org\\\/wp-content\\\/uploads\\\/2023\\\/01\\\/cropped-ITAA-logo-480px.png\",\"contentUrl\":\"https:\\\/\\\/internetaddictsanonymous.org\\\/wp-content\\\/uploads\\\/2023\\\/01\\\/cropped-ITAA-logo-480px.png\",\"width\":480,\"height\":480,\"caption\":\"Internet and Technology Addicts Anonymous\"},\"image\":{\"@id\":\"https:\\\/\\\/internetaddictsanonymous.org\\\/#\\\/schema\\\/logo\\\/image\\\/\"}}]}<\/script>\n<!-- \/ Yoast SEO plugin. -->","yoast_head_json":{"title":"Los Doce Conceptos - Adictos a Internet y a la Tecnolog\u00eda An\u00f3nimos","robots":{"index":"index","follow":"follow","max-snippet":"max-snippet:-1","max-image-preview":"max-image-preview:large","max-video-preview":"max-video-preview:-1"},"canonical":"https:\/\/internetaddictsanonymous.org\/es\/los-doce-conceptos\/","og_locale":"es_MX","og_type":"article","og_title":"The Twelve Concepts &#8211; Internet and Technology Addicts Anonymous","og_description":"This page contains the Twelve Concepts of Alcoholics Anonymous, which describe AA\u2019s guiding operating principles and service structures. In the future, ITAA hopes to modify the Twelve Concepts to reflect our own guiding operating principles and service structures pending Fellowship approval. In the interim, AA\u2019s Twelve Concepts can serve as a useful point of reference. &hellip; Seguir leyendo The Twelve Concepts","og_url":"https:\/\/internetaddictsanonymous.org\/es\/los-doce-conceptos\/","og_site_name":"Internet and Technology Addicts Anonymous","article_modified_time":"2023-01-08T22:22:07+00:00","twitter_card":"summary_large_image","twitter_misc":{"Tiempo de lectura":"3 minutos"},"schema":{"@context":"https:\/\/schema.org","@graph":[{"@type":"WebPage","@id":"https:\/\/internetaddictsanonymous.org\/the-twelve-concepts\/","url":"https:\/\/internetaddictsanonymous.org\/the-twelve-concepts\/","name":"Los Doce Conceptos - Adictos a Internet y a la Tecnolog\u00eda An\u00f3nimos","isPartOf":{"@id":"https:\/\/internetaddictsanonymous.org\/#website"},"datePublished":"2022-11-07T21:51:18+00:00","dateModified":"2023-01-08T22:22:07+00:00","breadcrumb":{"@id":"https:\/\/internetaddictsanonymous.org\/the-twelve-concepts\/#breadcrumb"},"inLanguage":"es","potentialAction":[{"@type":"ReadAction","target":["https:\/\/internetaddictsanonymous.org\/the-twelve-concepts\/"]}]},{"@type":"BreadcrumbList","@id":"https:\/\/internetaddictsanonymous.org\/the-twelve-concepts\/#breadcrumb","itemListElement":[{"@type":"ListItem","position":1,"name":"Home","item":"https:\/\/internetaddictsanonymous.org\/"},{"@type":"ListItem","position":2,"name":"The Twelve Concepts"}]},{"@type":"WebSite","@id":"https:\/\/internetaddictsanonymous.org\/#website","url":"https:\/\/internetaddictsanonymous.org\/","name":"Adictos a Internet y la Tecnolog\u00eda An\u00f3nimos","description":"Comunidad mundial de 12 pasos para la adicci\u00f3n a Internet y a la tecnolog\u00eda","publisher":{"@id":"https:\/\/internetaddictsanonymous.org\/#organization"},"potentialAction":[{"@type":"SearchAction","target":{"@type":"EntryPoint","urlTemplate":"https:\/\/internetaddictsanonymous.org\/?s={search_term_string}"},"query-input":{"@type":"PropertyValueSpecification","valueRequired":true,"valueName":"search_term_string"}}],"inLanguage":"es"},{"@type":"Organization","@id":"https:\/\/internetaddictsanonymous.org\/#organization","name":"Adictos a Internet y la Tecnolog\u00eda An\u00f3nimos","url":"https:\/\/internetaddictsanonymous.org\/","logo":{"@type":"ImageObject","inLanguage":"es","@id":"https:\/\/internetaddictsanonymous.org\/#\/schema\/logo\/image\/","url":"https:\/\/internetaddictsanonymous.org\/wp-content\/uploads\/2023\/01\/cropped-ITAA-logo-480px.png","contentUrl":"https:\/\/internetaddictsanonymous.org\/wp-content\/uploads\/2023\/01\/cropped-ITAA-logo-480px.png","width":480,"height":480,"caption":"Internet and Technology Addicts Anonymous"},"image":{"@id":"https:\/\/internetaddictsanonymous.org\/#\/schema\/logo\/image\/"}}]}},"jetpack_sharing_enabled":true,"jetpack_shortlink":"https:\/\/wp.me\/P9Fwob-3Mc","_links":{"self":[{"href":"https:\/\/internetaddictsanonymous.org\/es\/wp-json\/wp\/v2\/pages\/14520","targetHints":{"allow":["GET"]}}],"collection":[{"href":"https:\/\/internetaddictsanonymous.org\/es\/wp-json\/wp\/v2\/pages"}],"about":[{"href":"https:\/\/internetaddictsanonymous.org\/es\/wp-json\/wp\/v2\/types\/page"}],"author":[{"embeddable":true,"href":"https:\/\/internetaddictsanonymous.org\/es\/wp-json\/wp\/v2\/users\/35194237"}],"replies":[{"embeddable":true,"href":"https:\/\/internetaddictsanonymous.org\/es\/wp-json\/wp\/v2\/comments?post=14520"}],"version-history":[{"count":1,"href":"https:\/\/internetaddictsanonymous.org\/es\/wp-json\/wp\/v2\/pages\/14520\/revisions"}],"predecessor-version":[{"id":14521,"href":"https:\/\/internetaddictsanonymous.org\/es\/wp-json\/wp\/v2\/pages\/14520\/revisions\/14521"}],"wp:attachment":[{"href":"https:\/\/internetaddictsanonymous.org\/es\/wp-json\/wp\/v2\/media?parent=14520"}],"wp:term":[{"taxonomy":"post_tag","embeddable":true,"href":"https:\/\/internetaddictsanonymous.org\/es\/wp-json\/wp\/v2\/tags?post=14520"}],"curies":[{"name":"wp","href":"https:\/\/api.w.org\/{rel}","templated":true}]}}