{"id":14759,"date":"2023-01-09T14:03:10","date_gmt":"2023-01-09T19:03:10","guid":{"rendered":"https:\/\/internetaddictsanonymous.org\/?page_id=14759"},"modified":"2023-11-18T13:51:03","modified_gmt":"2023-11-18T18:51:03","slug":"acerca-de","status":"publish","type":"page","link":"https:\/\/internetaddictsanonymous.org\/es\/about\/","title":{"rendered":"Acerca de"},"content":{"rendered":"<p>Adictos a Internet y a la Tecnolog\u00eda An\u00f3nimos es una comunidad de Doce Pasos basada en los principios de Alcoh\u00f3licos An\u00f3nimos. Nuestra hermandad es totalmente no profesional y autosuficiente, y el \u00fanico requisito para ser miembro de ITAA es el deseo de dejar de usar Internet y la tecnolog\u00eda de forma compulsiva. Compartimos nuestra experiencia, fortaleza y esperanza unos con otros a trav\u00e9s de reuniones de grupo y relaciones individuales, y trabajamos un programa de recuperaci\u00f3n basado en los Doce Pasos de Alcoh\u00f3licos An\u00f3nimos. No tenemos opiniones sobre temas ajenos, y no condenamos ni aprobamos ninguna tecnolog\u00eda en particular. No estamos afiliados a ning\u00fan programa pol\u00edtico, movimiento religioso ni intereses externos. Nuestro \u00fanico prop\u00f3sito es abstenernos del uso compulsivo de internet y la tecnolog\u00eda y ayudar a otros a encontrar la libertad de esta adicci\u00f3n.<\/p>\n\n\n\n<p>ITAA se form\u00f3 inicialmente en junio de 2017 despu\u00e9s de que los miembros originales se conocieran a trav\u00e9s de una hermandad diferente. Reconocieron que ten\u00edan un grave problema con el uso compulsivo de internet y la tecnolog\u00eda y decidieron unirse para ayudarse mutuamente. Como viv\u00edan en diferentes partes del mundo, las primeras reuniones se celebraron por tel\u00e9fono. Al principio, los miembros se un\u00edan a trav\u00e9s del boca a boca, hasta que un nuevo sitio web permiti\u00f3 que m\u00e1s personas en busca de ayuda encontraran la hermandad. Durante el primer a\u00f1o, hubo dos reuniones telef\u00f3nicas por semana con solo un pu\u00f1ado de miembros participantes, junto con una reuni\u00f3n en persona en Bellevue, Washington. A lo largo de 2019, el n\u00famero de reuniones aument\u00f3 a siete por semana, incluida otra reuni\u00f3n presencial en \u00c1msterdam, y en noviembre se celebr\u00f3 la primera convenci\u00f3n internacional en Berl\u00edn. Tras esto, se inici\u00f3 una reuni\u00f3n presencial en Berl\u00edn, seguida poco despu\u00e9s por reuniones en Nueva York y Mosc\u00fa. La confraternidad empez\u00f3 a crecer r\u00e1pidamente, y hoy hay casi 100 reuniones semanales en l\u00ednea y 30 reuniones presenciales en todo el mundo. Nuestros miembros proceden de m\u00e1s de 80 pa\u00edses y celebramos reuniones en ingl\u00e9s, espa\u00f1ol, alem\u00e1n, ruso, franc\u00e9s, neerland\u00e9s, portugu\u00e9s, hebreo y polaco.<\/p>\n\n\n\n<p>ITAA es una organizaci\u00f3n sin \u00e1nimo de lucro exenta de impuestos federales 501(c)(3) constituida en el estado de Colorado.<\/p>\n<!-- PMB print buttons is only displayed on a single post\/page URLs-->","protected":false},"excerpt":{"rendered":"<p>Adictos a Internet y la tecnolog\u00eda An\u00f3nimos es una beca de doce pasos basada en los principios iniciados por Alcoh\u00f3licos An\u00f3nimos. Nuestra comunidad es completamente no profesional y autosuficiente, y el \u00fanico requisito para ser miembro de ITAA es el deseo de dejar de usar Internet y la tecnolog\u00eda de manera compulsiva. Compartimos nuestra experiencia, fortaleza y esperanza unos con otros a trav\u00e9s de reuniones grupales y... <a href=\"https:\/\/internetaddictsanonymous.org\/es\/about\/\" class=\"more-link\">Seguir leyendo <span class=\"screen-reader-text\">Acerca de<\/span><\/a><\/p>","protected":false},"author":35194237,"featured_media":0,"parent":0,"menu_order":0,"comment_status":"closed","ping_status":"closed","template":"full-width-page.php","meta":{"inline_featured_image":false,"_lmt_disableupdate":"","_lmt_disable":"","footnotes":""},"tags":[],"class_list":["post-14759","page","type-page","status-publish","hentry"],"yoast_head":"<!-- This site is optimized with the Yoast SEO plugin v27.6 - https:\/\/yoast.com\/product\/yoast-seo-wordpress\/ -->\n<title>About &#8211; Internet and Technology Addicts Anonymous<\/title>\n<meta name=\"robots\" content=\"index, follow, max-snippet:-1, max-image-preview:large, max-video-preview:-1\" \/>\n<link rel=\"canonical\" href=\"https:\/\/internetaddictsanonymous.org\/es\/acerca-de\/\" \/>\n<meta property=\"og:locale\" content=\"es_MX\" \/>\n<meta property=\"og:type\" content=\"article\" \/>\n<meta property=\"og:title\" content=\"About &#8211; Internet and Technology Addicts Anonymous\" \/>\n<meta property=\"og:description\" content=\"Internet and Technology Addicts Anonymous is a Twelve-Step fellowship based on the principles pioneered by Alcoholics Anonymous. Our fellowship is entirely nonprofessional and self-supporting, and the only requirement for ITAA membership is a desire to stop using internet and technology compulsively. We share our experience, strength, and hope with each other through group meetings and &hellip; Seguir leyendo About\" \/>\n<meta property=\"og:url\" content=\"https:\/\/internetaddictsanonymous.org\/es\/acerca-de\/\" \/>\n<meta property=\"og:site_name\" content=\"Internet and Technology Addicts Anonymous\" \/>\n<meta property=\"article:modified_time\" content=\"2023-11-18T18:51:03+00:00\" \/>\n<meta name=\"twitter:card\" content=\"summary_large_image\" \/>\n<meta name=\"twitter:label1\" content=\"Tiempo de lectura\" \/>\n\t<meta name=\"twitter:data1\" content=\"2 minutos\" \/>\n<script type=\"application\/ld+json\" class=\"yoast-schema-graph\">{\"@context\":\"https:\\\/\\\/schema.org\",\"@graph\":[{\"@type\":\"WebPage\",\"@id\":\"https:\\\/\\\/internetaddictsanonymous.org\\\/about\\\/\",\"url\":\"https:\\\/\\\/internetaddictsanonymous.org\\\/about\\\/\",\"name\":\"About &#8211; Internet and Technology Addicts Anonymous\",\"isPartOf\":{\"@id\":\"https:\\\/\\\/internetaddictsanonymous.org\\\/#website\"},\"datePublished\":\"2023-01-09T19:03:10+00:00\",\"dateModified\":\"2023-11-18T18:51:03+00:00\",\"breadcrumb\":{\"@id\":\"https:\\\/\\\/internetaddictsanonymous.org\\\/about\\\/#breadcrumb\"},\"inLanguage\":\"es\",\"potentialAction\":[{\"@type\":\"ReadAction\",\"target\":[\"https:\\\/\\\/internetaddictsanonymous.org\\\/about\\\/\"]}]},{\"@type\":\"BreadcrumbList\",\"@id\":\"https:\\\/\\\/internetaddictsanonymous.org\\\/about\\\/#breadcrumb\",\"itemListElement\":[{\"@type\":\"ListItem\",\"position\":1,\"name\":\"Home\",\"item\":\"https:\\\/\\\/internetaddictsanonymous.org\\\/\"},{\"@type\":\"ListItem\",\"position\":2,\"name\":\"About\"}]},{\"@type\":\"WebSite\",\"@id\":\"https:\\\/\\\/internetaddictsanonymous.org\\\/#website\",\"url\":\"https:\\\/\\\/internetaddictsanonymous.org\\\/\",\"name\":\"Internet and Technology Addicts Anonymous\",\"description\":\"Worldwide 12-step Fellowship for Internet and Technology Addiction\",\"publisher\":{\"@id\":\"https:\\\/\\\/internetaddictsanonymous.org\\\/#organization\"},\"potentialAction\":[{\"@type\":\"SearchAction\",\"target\":{\"@type\":\"EntryPoint\",\"urlTemplate\":\"https:\\\/\\\/internetaddictsanonymous.org\\\/?s={search_term_string}\"},\"query-input\":{\"@type\":\"PropertyValueSpecification\",\"valueRequired\":true,\"valueName\":\"search_term_string\"}}],\"inLanguage\":\"es\"},{\"@type\":\"Organization\",\"@id\":\"https:\\\/\\\/internetaddictsanonymous.org\\\/#organization\",\"name\":\"Internet and Technology Addicts Anonymous\",\"url\":\"https:\\\/\\\/internetaddictsanonymous.org\\\/\",\"logo\":{\"@type\":\"ImageObject\",\"inLanguage\":\"es\",\"@id\":\"https:\\\/\\\/internetaddictsanonymous.org\\\/#\\\/schema\\\/logo\\\/image\\\/\",\"url\":\"https:\\\/\\\/internetaddictsanonymous.org\\\/wp-content\\\/uploads\\\/2023\\\/01\\\/cropped-ITAA-logo-480px.png\",\"contentUrl\":\"https:\\\/\\\/internetaddictsanonymous.org\\\/wp-content\\\/uploads\\\/2023\\\/01\\\/cropped-ITAA-logo-480px.png\",\"width\":480,\"height\":480,\"caption\":\"Internet and Technology Addicts Anonymous\"},\"image\":{\"@id\":\"https:\\\/\\\/internetaddictsanonymous.org\\\/#\\\/schema\\\/logo\\\/image\\\/\"}}]}<\/script>\n<!-- \/ Yoast SEO plugin. -->","yoast_head_json":{"title":"Acerca de - Adictos a Internet y a la Tecnolog\u00eda An\u00f3nimos","robots":{"index":"index","follow":"follow","max-snippet":"max-snippet:-1","max-image-preview":"max-image-preview:large","max-video-preview":"max-video-preview:-1"},"canonical":"https:\/\/internetaddictsanonymous.org\/es\/acerca-de\/","og_locale":"es_MX","og_type":"article","og_title":"About &#8211; Internet and Technology Addicts Anonymous","og_description":"Internet and Technology Addicts Anonymous is a Twelve-Step fellowship based on the principles pioneered by Alcoholics Anonymous. Our fellowship is entirely nonprofessional and self-supporting, and the only requirement for ITAA membership is a desire to stop using internet and technology compulsively. We share our experience, strength, and hope with each other through group meetings and &hellip; Seguir leyendo About","og_url":"https:\/\/internetaddictsanonymous.org\/es\/acerca-de\/","og_site_name":"Internet and Technology Addicts Anonymous","article_modified_time":"2023-11-18T18:51:03+00:00","twitter_card":"summary_large_image","twitter_misc":{"Tiempo de lectura":"2 minutos"},"schema":{"@context":"https:\/\/schema.org","@graph":[{"@type":"WebPage","@id":"https:\/\/internetaddictsanonymous.org\/about\/","url":"https:\/\/internetaddictsanonymous.org\/about\/","name":"Acerca de - Adictos a Internet y a la Tecnolog\u00eda An\u00f3nimos","isPartOf":{"@id":"https:\/\/internetaddictsanonymous.org\/#website"},"datePublished":"2023-01-09T19:03:10+00:00","dateModified":"2023-11-18T18:51:03+00:00","breadcrumb":{"@id":"https:\/\/internetaddictsanonymous.org\/about\/#breadcrumb"},"inLanguage":"es","potentialAction":[{"@type":"ReadAction","target":["https:\/\/internetaddictsanonymous.org\/about\/"]}]},{"@type":"BreadcrumbList","@id":"https:\/\/internetaddictsanonymous.org\/about\/#breadcrumb","itemListElement":[{"@type":"ListItem","position":1,"name":"Home","item":"https:\/\/internetaddictsanonymous.org\/"},{"@type":"ListItem","position":2,"name":"About"}]},{"@type":"WebSite","@id":"https:\/\/internetaddictsanonymous.org\/#website","url":"https:\/\/internetaddictsanonymous.org\/","name":"Adictos a Internet y la Tecnolog\u00eda An\u00f3nimos","description":"Comunidad mundial de 12 pasos para la adicci\u00f3n a Internet y a la tecnolog\u00eda","publisher":{"@id":"https:\/\/internetaddictsanonymous.org\/#organization"},"potentialAction":[{"@type":"SearchAction","target":{"@type":"EntryPoint","urlTemplate":"https:\/\/internetaddictsanonymous.org\/?s={search_term_string}"},"query-input":{"@type":"PropertyValueSpecification","valueRequired":true,"valueName":"search_term_string"}}],"inLanguage":"es"},{"@type":"Organization","@id":"https:\/\/internetaddictsanonymous.org\/#organization","name":"Adictos a Internet y la Tecnolog\u00eda An\u00f3nimos","url":"https:\/\/internetaddictsanonymous.org\/","logo":{"@type":"ImageObject","inLanguage":"es","@id":"https:\/\/internetaddictsanonymous.org\/#\/schema\/logo\/image\/","url":"https:\/\/internetaddictsanonymous.org\/wp-content\/uploads\/2023\/01\/cropped-ITAA-logo-480px.png","contentUrl":"https:\/\/internetaddictsanonymous.org\/wp-content\/uploads\/2023\/01\/cropped-ITAA-logo-480px.png","width":480,"height":480,"caption":"Internet and Technology Addicts Anonymous"},"image":{"@id":"https:\/\/internetaddictsanonymous.org\/#\/schema\/logo\/image\/"}}]}},"jetpack_sharing_enabled":true,"jetpack_shortlink":"https:\/\/wp.me\/P9Fwob-3Q3","_links":{"self":[{"href":"https:\/\/internetaddictsanonymous.org\/es\/wp-json\/wp\/v2\/pages\/14759","targetHints":{"allow":["GET"]}}],"collection":[{"href":"https:\/\/internetaddictsanonymous.org\/es\/wp-json\/wp\/v2\/pages"}],"about":[{"href":"https:\/\/internetaddictsanonymous.org\/es\/wp-json\/wp\/v2\/types\/page"}],"author":[{"embeddable":true,"href":"https:\/\/internetaddictsanonymous.org\/es\/wp-json\/wp\/v2\/users\/35194237"}],"replies":[{"embeddable":true,"href":"https:\/\/internetaddictsanonymous.org\/es\/wp-json\/wp\/v2\/comments?post=14759"}],"version-history":[{"count":6,"href":"https:\/\/internetaddictsanonymous.org\/es\/wp-json\/wp\/v2\/pages\/14759\/revisions"}],"predecessor-version":[{"id":17173,"href":"https:\/\/internetaddictsanonymous.org\/es\/wp-json\/wp\/v2\/pages\/14759\/revisions\/17173"}],"wp:attachment":[{"href":"https:\/\/internetaddictsanonymous.org\/es\/wp-json\/wp\/v2\/media?parent=14759"}],"wp:term":[{"taxonomy":"post_tag","embeddable":true,"href":"https:\/\/internetaddictsanonymous.org\/es\/wp-json\/wp\/v2\/tags?post=14759"}],"curies":[{"name":"wp","href":"https:\/\/api.w.org\/{rel}","templated":true}]}}