{"id":14947,"date":"2023-01-28T16:13:27","date_gmt":"2023-01-28T21:13:27","guid":{"rendered":"https:\/\/internetaddictsanonymous.org\/?page_id=14947"},"modified":"2023-02-26T17:51:46","modified_gmt":"2023-02-26T22:51:46","slug":"prueba-en-casa","status":"publish","type":"page","link":"https:\/\/internetaddictsanonymous.org\/es\/test-home\/","title":{"rendered":"Adictos a Internet y a la Tecnolog\u00eda An\u00f3nimos | Ayuda y apoyo gratuitos"},"content":{"rendered":"<h1>Adictos a Internet y la Tecnolog\u00eda An\u00f3nimos<\/h1>\n<p>Buscamos la liberaci\u00f3n progresiva del uso compulsivo de Internet y la tecnolog\u00eda. \u00danete a nosotros en un <a href=\"https:\/\/internetaddictsanonymous.org\/es\/reuniones-en-linea\/\">reuni\u00f3n en l\u00ednea<\/a> o visite nuestro <a href=\"https:\/\/internetaddictsanonymous.org\/es\/guia-para-los-recien-llegados\/\">Gu\u00eda para reci\u00e9n llegados<\/a> para saber m\u00e1s.<\/p>\n<p>            <a href=\"https:\/\/internetaddictsanonymous.org\/es\/reuniones-en-linea\/\" data-text=\"Join A Meeting\"><br \/>\n                    Participar en una reuni\u00f3n<br \/>\n\t                        <\/a><\/p>\n<h2>Calendario de reuniones<\/h2>\n<p><iframe style=\"height:50vh;width: 100%;\" src=\"https:\/\/teamup.com\/ksahzu4xdr66wve679?view=d&amp;showHeader=0&amp;showLogo=0&amp;showTitle=1&amp;disableSidepanel=1&amp;showViewSelector=1\" width=\"100%\" frameborder=\"0\"><\/iframe><\/p>\n<h2>Recibir ayuda para la adicci\u00f3n a Internet y a la tecnolog\u00eda<\/h2>\n<p>Bienvenido a Adictos a Internet y a la Tecnolog\u00eda An\u00f3nimos. Nos alegramos de que nos hayas encontrado y esperamos que nuestra comunidad pueda serte tan \u00fatil como lo ha sido para nosotros.&nbsp;<b>ITAA es una comunidad de Doce Pasos formada por personas que se apoyan mutuamente para recuperarse de la adicci\u00f3n a Internet y a la tecnolog\u00eda.&nbsp;<\/b>Esto incluye <a href=\"https:\/\/internetaddictsanonymous.org\/es\/adiccion-a-internet\/adiccion-a-las-redes-sociales\/\">adicci\u00f3n a las redes sociales<\/a>, <a href=\"https:\/\/internetaddictsanonymous.org\/es\/adiccion-a-la-tecnologia\/adiccion-a-los-smartphones\/\">el celular<\/a>, <a href=\"https:\/\/internetaddictsanonymous.org\/es\/adiccion-a-internet\/adiccion-al-streaming\/\">contenidos de v\u00eddeo o audio<\/a>, juegos, noticias, pornograf\u00eda, aplicaciones de citas, busqueadas en l\u00ednea, compras en l\u00ednea, o cualquier otra actividad digital que se convierta compulsiva y problem\u00e1tica.&nbsp;<\/p>\n<p>Independientemente de cu\u00e1n grande o peque\u00f1o crea que puede ser su problema, lo alentamos a asistir a una de nuestras reuniones diarias. Son gratuitos y est\u00e1n abiertos a cualquier persona que tenga problemas con el uso compulsivo de Internet. Nuestras reuniones son seguras, protegidas y an\u00f3nimas. Adem\u00e1s del ingl\u00e9s, tambi\u00e9n tenemos reuniones en franc\u00e9s, espa\u00f1ol, ruso, alem\u00e1n, hebreo, \u00e1rabe, polaco, portugu\u00e9s y coreano. Tambi\u00e9n puede encontrar un local, <a href=\"https:\/\/internetaddictsanonymous.org\/es\/local-internet-addiction-meetings\/\" style=\"font-family: var( --e-global-typography-text-font-family ), Sans-serif; font-weight: var( --e-global-typography-text-font-weight ); background-color: rgb(255, 255, 255); font-size: 1.25rem;\">reuni\u00f3n en persona en su ciudad<\/a>.<\/p>\n<p>Bienvenido a Adictos a Internet y a la Tecnolog\u00eda An\u00f3nimos. Nos alegramos de que nos hayas encontrado y esperamos que nuestra comunidad pueda serte tan \u00fatil como lo ha sido para nosotros. <br \/><b><br \/>ITAA es una comunidad de Doce Pasos formada por personas que se apoyan mutuamente para recuperarse de la adicci\u00f3n a Internet y a la tecnolog\u00eda. <br \/><\/b><br \/>Esto incluye <a href=\"https:\/\/internetaddictsanonymous.org\/es\/adiccion-a-internet\/adiccion-a-las-redes-sociales\/\">adicci\u00f3n a las redes sociales<\/a>, <a href=\"https:\/\/internetaddictsanonymous.org\/es\/adiccion-a-la-tecnologia\/adiccion-a-los-smartphones\/\">el celular<\/a>, <a href=\"https:\/\/internetaddictsanonymous.org\/es\/adiccion-a-internet\/adiccion-al-streaming\/\">contenidos de v\u00eddeo o audio<\/a>, juegos, noticias, pornograf\u00eda, aplicaciones de citas, busqueadas en l\u00ednea, compras en l\u00ednea, o cualquier otra actividad digital que se convierta compulsiva y problem\u00e1tica.\u00a0<\/p>\n<p>Independientemente de lo grande o peque\u00f1o que creas que puede ser tu problema, te alentamos asistir una de nuestras reuniones. Son gratuitas y est\u00e1n abiertas a cualquier persona que luche contra el uso compulsivo de Internet.<\/p>\n<p>Nuestras reuniones son seguras y an\u00f3nimas. Adem\u00e1s de en ingl\u00e9s, tambi\u00e9n tenemos reuniones en franc\u00e9s, espa\u00f1ol, ruso, alem\u00e1n, hebreo, \u00e1rabe, polaco, portugu\u00e9s y coreano. Tambi\u00e9n puede encontrar un local, <a href=\"https:\/\/internetaddictsanonymous.org\/es\/local-internet-addiction-meetings\/\">reuni\u00f3n en persona en su ciudad<\/a>.<\/p>\n<h2>Reuniones diarias<\/h2>\n<h2>No est\u00e1s solo<\/h2>\n<p>Todos los d\u00edas se celebran m\u00faltiples reuniones en l\u00ednea en varios idiomas. Obtenga la ayuda y el apoyo que necesita. Tambi\u00e9n celebramos reuniones locales en persona en determinadas zonas.<\/p>\n<p>            <a href=\"https:\/\/internetaddictsanonymous.org\/es\/guia-para-los-recien-llegados\/\" data-text=\"Join A Meeting\"><br \/>\n                    Reuniones en l\u00ednea<br \/>\n\t                        <\/a><\/p>\n<h2>Recursos sobre la adicci\u00f3n a Internet y la tecnolog\u00eda<\/h2>\n<p>Si te est\u00e1s preguntando si podes tener una adicci\u00f3n a Internet y a la tecnolog\u00eda, podes revisar nuestros cuestionarios de <a href=\"https:\/\/internetaddictsanonymous.org\/es\/adiccion-a-internet\/\">adicci\u00f3n a internet<\/a>, <a href=\"https:\/\/internetaddictsanonymous.org\/es\/adiccion-a-internet\/adiccion-a-las-redes-sociales\/\">adicci\u00f3n a las redes sociales<\/a>, <a href=\"https:\/\/internetaddictsanonymous.org\/es\/adiccion-a-internet\/adiccion-al-streaming\/\">adicci\u00f3n al streaming<\/a>o <a href=\"https:\/\/internetaddictsanonymous.org\/es\/adiccion-a-la-tecnologia\/adiccion-a-los-smartphones\/\">adicci\u00f3n a los smartphones<\/a>. Tambi\u00e9n podes obtener m\u00e1s informaci\u00f3n sobre la ITAA leyendo nuestro <a href=\"https:\/\/internetaddictsanonymous.org\/es\/guides-and-resources\/\">gu\u00eda para los reci\u00e9n llegados<\/a>, revisando nuestras <a href=\"https:\/\/internetaddictsanonymous.org\/es\/recursos\/herramientas-de-recuperacion\/\">herramientas de recuperaci\u00f3n<\/a>o escuchando <a href=\"https:\/\/internetaddictsanonymous.org\/es\/historias-de-recuperacion\/\">historias de recuperaci\u00f3n de los miembros<\/a>.<\/p>\n<p>ITAA no est\u00e1 afiliada a ning\u00fan programa pol\u00edtico, religi\u00f3n o inter\u00e9s externo. Somos totalmente autosuficientes y gratuitos para todos los que lo necesiten. Nuestro \u00fanico prop\u00f3sito es abstenernos del uso compulsivo de internet y la tecnolog\u00eda y ayudar a otros a encontrar la libertad de esta adicci\u00f3n.<\/p>\n<p>De nuevo, \u00a1bienvenido! Esperamos que esta comunidad sea capaz de proporcionarte el apoyo que necesitas en tu recuperaci\u00f3n de la adicci\u00f3n a Internet y a la tecnolog\u00eda. No dudes en <a href=\"https:\/\/internetaddictsanonymous.org\/es\/contacto\/\">contactanos<\/a> si tiene alguna pregunta.<\/p>\n<!-- PMB print buttons is only displayed on a single post\/page URLs-->","protected":false},"excerpt":{"rendered":"<p>Adictos a Internet y la Tecnolog\u00eda An\u00f3nimos Buscamos la liberaci\u00f3n progresiva del uso compulsivo de Internet y la tecnolog\u00eda. \u00danete a nosotros en una reuni\u00f3n en l\u00ednea o visita nuestra Gu\u00eda para reci\u00e9n llegados para obtener m\u00e1s informaci\u00f3n. Unirse a una reuni\u00f3n Horario de reuniones Recibir ayuda para la adicci\u00f3n a Internet y a la tecnolog\u00eda \u00a1Bienvenido a Adictos a Internet y a la Tecnolog\u00eda An\u00f3nimos! Nos alegra que nos hayas encontrado, y ... <a href=\"https:\/\/internetaddictsanonymous.org\/es\/test-home\/\" class=\"more-link\">Seguir leyendo <span class=\"screen-reader-text\">Adictos a Internet y a la Tecnolog\u00eda An\u00f3nimos | Ayuda y apoyo gratuitos<\/span><\/a><\/p>","protected":false},"author":35194237,"featured_media":0,"parent":0,"menu_order":0,"comment_status":"closed","ping_status":"closed","template":"elementor_canvas","meta":{"inline_featured_image":false,"_lmt_disableupdate":"","_lmt_disable":"","jetpack_post_was_ever_published":false,"footnotes":""},"tags":[],"class_list":["post-14947","page","type-page","status-publish","hentry"],"yoast_head":"<!-- This site is optimized with the Yoast SEO plugin v27.3 - https:\/\/yoast.com\/product\/yoast-seo-wordpress\/ -->\n<title>Internet &amp; Technology Addicts Anonymous | Receive Free Help And Support<\/title>\n<meta name=\"description\" content=\"An active international 12-step fellowship for internet and technology addiction, with meetings every day. Join meetings by phone, computer, or in person.\" \/>\n<meta name=\"robots\" content=\"noindex, follow\" \/>\n<meta property=\"og:locale\" content=\"es_MX\" \/>\n<meta property=\"og:type\" content=\"article\" \/>\n<meta property=\"og:title\" content=\"Internet &amp; Technology Addicts Anonymous | Receive Free Help And Support\" \/>\n<meta property=\"og:description\" content=\"An active international 12-step fellowship for internet and technology addiction, with meetings every day. Join meetings by phone, computer, or in person.\" \/>\n<meta property=\"og:url\" content=\"https:\/\/internetaddictsanonymous.org\/es\/prueba-en-casa\/\" \/>\n<meta property=\"og:site_name\" content=\"Internet and Technology Addicts Anonymous\" \/>\n<meta property=\"article:modified_time\" content=\"2023-02-26T22:51:46+00:00\" \/>\n<meta name=\"twitter:card\" content=\"summary_large_image\" \/>\n<meta name=\"twitter:label1\" content=\"Tiempo de lectura\" \/>\n\t<meta name=\"twitter:data1\" content=\"3 minutos\" \/>\n<script type=\"application\/ld+json\" class=\"yoast-schema-graph\">{\"@context\":\"https:\\\/\\\/schema.org\",\"@graph\":[{\"@type\":\"WebPage\",\"@id\":\"https:\\\/\\\/internetaddictsanonymous.org\\\/test-home\\\/\",\"url\":\"https:\\\/\\\/internetaddictsanonymous.org\\\/test-home\\\/\",\"name\":\"Internet & Technology Addicts Anonymous | Receive Free Help And Support\",\"isPartOf\":{\"@id\":\"https:\\\/\\\/internetaddictsanonymous.org\\\/#website\"},\"datePublished\":\"2023-01-28T21:13:27+00:00\",\"dateModified\":\"2023-02-26T22:51:46+00:00\",\"description\":\"An active international 12-step fellowship for internet and technology addiction, with meetings every day. Join meetings by phone, computer, or in person.\",\"breadcrumb\":{\"@id\":\"https:\\\/\\\/internetaddictsanonymous.org\\\/test-home\\\/#breadcrumb\"},\"inLanguage\":\"es\",\"potentialAction\":[{\"@type\":\"ReadAction\",\"target\":[\"https:\\\/\\\/internetaddictsanonymous.org\\\/test-home\\\/\"]}]},{\"@type\":\"BreadcrumbList\",\"@id\":\"https:\\\/\\\/internetaddictsanonymous.org\\\/test-home\\\/#breadcrumb\",\"itemListElement\":[{\"@type\":\"ListItem\",\"position\":1,\"name\":\"Home\",\"item\":\"https:\\\/\\\/internetaddictsanonymous.org\\\/\"},{\"@type\":\"ListItem\",\"position\":2,\"name\":\"Internet and Technology Addicts Anonymous | Free Help And Support\"}]},{\"@type\":\"WebSite\",\"@id\":\"https:\\\/\\\/internetaddictsanonymous.org\\\/#website\",\"url\":\"https:\\\/\\\/internetaddictsanonymous.org\\\/\",\"name\":\"Internet and Technology Addicts Anonymous\",\"description\":\"Worldwide 12-step Fellowship for Internet and Technology Addiction\",\"publisher\":{\"@id\":\"https:\\\/\\\/internetaddictsanonymous.org\\\/#organization\"},\"potentialAction\":[{\"@type\":\"SearchAction\",\"target\":{\"@type\":\"EntryPoint\",\"urlTemplate\":\"https:\\\/\\\/internetaddictsanonymous.org\\\/?s={search_term_string}\"},\"query-input\":{\"@type\":\"PropertyValueSpecification\",\"valueRequired\":true,\"valueName\":\"search_term_string\"}}],\"inLanguage\":\"es\"},{\"@type\":\"Organization\",\"@id\":\"https:\\\/\\\/internetaddictsanonymous.org\\\/#organization\",\"name\":\"Internet and Technology Addicts Anonymous\",\"url\":\"https:\\\/\\\/internetaddictsanonymous.org\\\/\",\"logo\":{\"@type\":\"ImageObject\",\"inLanguage\":\"es\",\"@id\":\"https:\\\/\\\/internetaddictsanonymous.org\\\/#\\\/schema\\\/logo\\\/image\\\/\",\"url\":\"https:\\\/\\\/internetaddictsanonymous.org\\\/wp-content\\\/uploads\\\/2023\\\/01\\\/cropped-ITAA-logo-480px.png\",\"contentUrl\":\"https:\\\/\\\/internetaddictsanonymous.org\\\/wp-content\\\/uploads\\\/2023\\\/01\\\/cropped-ITAA-logo-480px.png\",\"width\":480,\"height\":480,\"caption\":\"Internet and Technology Addicts Anonymous\"},\"image\":{\"@id\":\"https:\\\/\\\/internetaddictsanonymous.org\\\/#\\\/schema\\\/logo\\\/image\\\/\"}}]}<\/script>\n<!-- \/ Yoast SEO plugin. -->","yoast_head_json":{"title":"Adictos a Internet y a la Tecnolog\u00eda An\u00f3nimos | Reciba ayuda y apoyo gratuitos","description":"Una comunidad internacional activa de 12 pasos para adicci\u00f3n a internet y tecnolog\u00eda, con reuniones todos los d\u00edas. \u00danase a las reuniones por tel\u00e9fono, computadora o en persona.","robots":{"index":"noindex","follow":"follow"},"og_locale":"es_MX","og_type":"article","og_title":"Internet & Technology Addicts Anonymous | Receive Free Help And Support","og_description":"An active international 12-step fellowship for internet and technology addiction, with meetings every day. Join meetings by phone, computer, or in person.","og_url":"https:\/\/internetaddictsanonymous.org\/es\/prueba-en-casa\/","og_site_name":"Internet and Technology Addicts Anonymous","article_modified_time":"2023-02-26T22:51:46+00:00","twitter_card":"summary_large_image","twitter_misc":{"Tiempo de lectura":"3 minutos"},"schema":{"@context":"https:\/\/schema.org","@graph":[{"@type":"WebPage","@id":"https:\/\/internetaddictsanonymous.org\/test-home\/","url":"https:\/\/internetaddictsanonymous.org\/test-home\/","name":"Adictos a Internet y a la Tecnolog\u00eda An\u00f3nimos | Reciba ayuda y apoyo gratuitos","isPartOf":{"@id":"https:\/\/internetaddictsanonymous.org\/#website"},"datePublished":"2023-01-28T21:13:27+00:00","dateModified":"2023-02-26T22:51:46+00:00","description":"Una comunidad internacional activa de 12 pasos para adicci\u00f3n a internet y tecnolog\u00eda, con reuniones todos los d\u00edas. \u00danase a las reuniones por tel\u00e9fono, computadora o en persona.","breadcrumb":{"@id":"https:\/\/internetaddictsanonymous.org\/test-home\/#breadcrumb"},"inLanguage":"es","potentialAction":[{"@type":"ReadAction","target":["https:\/\/internetaddictsanonymous.org\/test-home\/"]}]},{"@type":"BreadcrumbList","@id":"https:\/\/internetaddictsanonymous.org\/test-home\/#breadcrumb","itemListElement":[{"@type":"ListItem","position":1,"name":"Home","item":"https:\/\/internetaddictsanonymous.org\/"},{"@type":"ListItem","position":2,"name":"Internet and Technology Addicts Anonymous | Free Help And Support"}]},{"@type":"WebSite","@id":"https:\/\/internetaddictsanonymous.org\/#website","url":"https:\/\/internetaddictsanonymous.org\/","name":"Adictos a Internet y la Tecnolog\u00eda An\u00f3nimos","description":"Comunidad mundial de 12 pasos para la adicci\u00f3n a Internet y a la tecnolog\u00eda","publisher":{"@id":"https:\/\/internetaddictsanonymous.org\/#organization"},"potentialAction":[{"@type":"SearchAction","target":{"@type":"EntryPoint","urlTemplate":"https:\/\/internetaddictsanonymous.org\/?s={search_term_string}"},"query-input":{"@type":"PropertyValueSpecification","valueRequired":true,"valueName":"search_term_string"}}],"inLanguage":"es"},{"@type":"Organization","@id":"https:\/\/internetaddictsanonymous.org\/#organization","name":"Adictos a Internet y la Tecnolog\u00eda An\u00f3nimos","url":"https:\/\/internetaddictsanonymous.org\/","logo":{"@type":"ImageObject","inLanguage":"es","@id":"https:\/\/internetaddictsanonymous.org\/#\/schema\/logo\/image\/","url":"https:\/\/internetaddictsanonymous.org\/wp-content\/uploads\/2023\/01\/cropped-ITAA-logo-480px.png","contentUrl":"https:\/\/internetaddictsanonymous.org\/wp-content\/uploads\/2023\/01\/cropped-ITAA-logo-480px.png","width":480,"height":480,"caption":"Internet and Technology Addicts Anonymous"},"image":{"@id":"https:\/\/internetaddictsanonymous.org\/#\/schema\/logo\/image\/"}}]}},"jetpack_sharing_enabled":true,"jetpack_shortlink":"https:\/\/wp.me\/P9Fwob-3T5","_links":{"self":[{"href":"https:\/\/internetaddictsanonymous.org\/es\/wp-json\/wp\/v2\/pages\/14947","targetHints":{"allow":["GET"]}}],"collection":[{"href":"https:\/\/internetaddictsanonymous.org\/es\/wp-json\/wp\/v2\/pages"}],"about":[{"href":"https:\/\/internetaddictsanonymous.org\/es\/wp-json\/wp\/v2\/types\/page"}],"author":[{"embeddable":true,"href":"https:\/\/internetaddictsanonymous.org\/es\/wp-json\/wp\/v2\/users\/35194237"}],"replies":[{"embeddable":true,"href":"https:\/\/internetaddictsanonymous.org\/es\/wp-json\/wp\/v2\/comments?post=14947"}],"version-history":[{"count":100,"href":"https:\/\/internetaddictsanonymous.org\/es\/wp-json\/wp\/v2\/pages\/14947\/revisions"}],"predecessor-version":[{"id":15446,"href":"https:\/\/internetaddictsanonymous.org\/es\/wp-json\/wp\/v2\/pages\/14947\/revisions\/15446"}],"wp:attachment":[{"href":"https:\/\/internetaddictsanonymous.org\/es\/wp-json\/wp\/v2\/media?parent=14947"}],"wp:term":[{"taxonomy":"post_tag","embeddable":true,"href":"https:\/\/internetaddictsanonymous.org\/es\/wp-json\/wp\/v2\/tags?post=14947"}],"curies":[{"name":"wp","href":"https:\/\/api.w.org\/{rel}","templated":true}]}}