{"id":15697,"date":"2023-04-02T16:03:08","date_gmt":"2023-04-02T20:03:08","guid":{"rendered":"https:\/\/internetaddictsanonymous.org\/?page_id=15697"},"modified":"2024-10-02T19:43:14","modified_gmt":"2024-10-03T02:43:14","slug":"open-path-step-workshops","status":"publish","type":"page","link":"https:\/\/internetaddictsanonymous.org\/es\/step-workshops\/","title":{"rendered":"Talleres de pasos de Open Path"},"content":{"rendered":"<p>Esta p\u00e1gina contiene una lista de los pr\u00f3ximos talleres de pasos de Open Path, entornos estructurados para trabajar los Doce Pasos de ITAA en un grupo con mucho apoyo. Las reuniones se organizan de manera que todo el trabajo de los pasos se pueda hacer dentro del horario de reuni\u00f3n (aunque hay ejercicios de escritura adicionales opcionales cada semana si quieres profundizar m\u00e1s). Tambi\u00e9n tendr\u00e1s la oportunidad de emparejarte con un compa\u00f1ero para que entre las reuniones puedas compartir tu trabajo de pasos, y un n\u00famero de patrocinadores del grupo tambi\u00e9n estar\u00e1n disponibles para llamadas de alcance y apoyo adicional.<\/p>\n\n\n\n<p>Hay varios talleres que se re\u00fanen en diferentes momentos y ciclos, y los nuevos talleres generalmente comienzan cada uno o dos meses. Para participar en un pr\u00f3ximo ciclo de talleres, debe asistir a la primera reuni\u00f3n que se puede encontrar en el calendario a continuaci\u00f3n. De esta manera, cada taller avanzar\u00e1 por los Pasos como un grupo \u00edntimo, consistente y comprometido. <mark style=\"background-color:rgba(0, 0, 0, 0);color:#000000\" class=\"has-inline-color\">Puede consultar los detalles espec\u00edficos del taller haciendo clic en el enlace <\/mark><mark style=\"background-color:rgba(0, 0, 0, 0);color:#a35555\" class=\"has-inline-color\">marr\u00f3n<\/mark><mark style=\"background-color:rgba(0, 0, 0, 0);color:#000000\" class=\"has-inline-color\"> t\u00edtulos. <\/mark><strong><mark style=\"background-color:rgba(0, 0, 0, 0)\" class=\"has-inline-color has-blue-color\">Tenga en cuenta que los talleres s\u00f3lo aparecer\u00e1n en el calendario unas semanas antes de su inicio.<\/mark><\/strong>y que las reuniones siguen los cambios de huso horario de EE.UU. durante el horario de verano en marzo y noviembre.<\/p>\n\n\n\n<p><strong>Si desea participar en un taller (o ayudar a iniciar uno) y ninguno de los pr\u00f3ximos horarios de talleres le conviene, complete <a href=\"https:\/\/forms.gle\/HCqduhu715LUnaPs9\">este formulario de inter\u00e9s<\/a> <strong>\u2665<\/strong><\/strong><\/p>\n\n\n<p><iframe style=\"height: 500px; width: 100%;\" src=\"https:\/\/teamup.com\/ksnufp4vvpv65w7wno?view=a&amp;showHeader=0&amp;showLogo=0&amp;showTitle=0&amp;disableSidepanel=1&amp;showViewSelector=1\" width=\"100%\" height=\"500\" frameborder=\"0\"><\/iframe><\/p>\n\n\n<p>No es necesario inscribirse en el taller; basta con asistir a la primera reuni\u00f3n y all\u00ed se facilitar\u00e1 toda la informaci\u00f3n adicional.<br><br> <\/p>\n\n\n\n<h3 class=\"wp-block-heading\"><strong>\u00bfY si no hay horarios de talleres que me vengan bien?<\/strong><\/h3>\n\n\n\n<p>Es posible que no haya un pr\u00f3ximo taller en un horario conveniente para su agenda. Si tiene alg\u00fan inter\u00e9s en participar o presidir un taller con un horario de reuniones semanal diferente, complete <a href=\"https:\/\/forms.gle\/HCqduhu715LUnaPs9\">este formulario de inter\u00e9s<\/a>. Adem\u00e1s, si desea simplemente trabajar con los materiales con su patrocinador u otro miembro del programa, puede encontrar todos los guiones del taller. <a href=\"https:\/\/drive.google.com\/drive\/folders\/1SLvfAX3EbAwG0LMB7j8dXCfTt_0Y_b69?usp=drive_link\">aqu\u00ed<\/a>. Tambi\u00e9n puede ponerse en contacto con openpathstepworkshop@gmail.com si tiene alguna pregunta y podemos ayudarle a empezar.<br><br><\/p>\n\n\n\n<h3 class=\"wp-block-heading\"><strong>\u00bfPuedo participar si no hablo ingl\u00e9s?<\/strong><\/h3>\n\n\n\n<p>S\u00ed, damos la bienvenida a cualquiera que no hable ingl\u00e9s a participar activando los subt\u00edtulos traducidos. Puede habilitar los subt\u00edtulos traducidos en su idioma ingresando a la reuni\u00f3n, haciendo clic en el bot\u00f3n &quot;Subt\u00edtulos&quot; en la parte inferior de la pantalla y habilitando la traducci\u00f3n. Adem\u00e1s, si est\u00e1s interesado en ayudar a traducir los guiones del taller, ya sea para tu propio beneficio o para otras personas que hablan tu idioma, tenemos una gu\u00eda sobre c\u00f3mo hacerlo. <a href=\"https:\/\/docs.google.com\/document\/d\/1OJ3uzB_MhSd5IrNQd430qMLXHy3vvqV1lu-dr8x7jsI\/edit?usp=drive_link\">aqu\u00ed<\/a>.<br><br><\/p>\n\n\n\n<h3 class=\"wp-block-heading\"><strong>\u00bfY si no puedo asistir a la primera reuni\u00f3n?<\/strong><\/h3>\n\n\n\n<p>En este caso, le recomendamos que espere hasta que comience el siguiente ciclo. Cada reuni\u00f3n se basa en la anterior, por lo que es importante estar presente desde el principio. Si es absolutamente necesario que se pierda la primera reuni\u00f3n por un motivo inevitable, comun\u00edquese con openpathstepworkshop@gmail.com con la mayor anticipaci\u00f3n posible.<br><br><\/p>\n\n\n\n<h3 class=\"wp-block-heading\"><strong>\u00bfY si tengo que faltar a una reuni\u00f3n a mitad de camino?<\/strong><\/h3>\n\n\n\n<p>Si tienes que faltar a una sesi\u00f3n por un motivo inevitable, te pedimos que leas los apuntes despu\u00e9s y te pongas al d\u00eda con lo escrito.&nbsp;<br><br> <\/p>\n\n\n\n<h3 class=\"wp-block-heading\"><strong>\u00bfNecesito un patrocinador para participar?<\/strong><\/h3>\n\n\n\n<p>En absoluto - el taller est\u00e1 dise\u00f1ado espec\u00edficamente para dar a la gente una oportunidad de trabajar a trav\u00e9s de los Pasos, incluso si no tienen un patrocinador. Como parte del taller, tendr\u00e1s la oportunidad de conectar con uno o m\u00e1s compa\u00f1eros con los que compartir tu trabajo de pasos, y tambi\u00e9n tendremos varios padrinos de grupo que estar\u00e1n disponibles para recibir llamadas y dar apoyo adicional. Tambi\u00e9n es genial si ya tienes un padrino, y eres bienvenido a compartir tu trabajo de pasos con ellos. Todos son bienvenidos.<br><br> <\/p>\n\n\n\n<h3 class=\"wp-block-heading\"><strong>\u00bfPuedo participar si a\u00fan no estoy seguro de querer trabajar en los Pasos?<\/strong><\/h3>\n\n\n\n<p>Por supuesto. Est\u00e1 bien participar simplemente como observador si tienes curiosidad por saber m\u00e1s sobre qu\u00e9 son los Pasos y c\u00f3mo funcionan.<br><br> <\/p>\n\n\n\n<h3 class=\"wp-block-heading\"><strong>\u00bfPuedo contribuir al taller asumiendo una funci\u00f3n de servicio?<\/strong><\/h3>\n\n\n\n<p>El servicio es una gran manera de reforzar nuestra propia sobriedad y tambi\u00e9n puede ayudarnos a presentarnos y mantenernos comprometidos con el taller. En la reuni\u00f3n introductoria habr\u00e1 una oportunidad para ofrecerse voluntario para las funciones de servicio.<br><br> <\/p>\n\n\n\n<h3 class=\"wp-block-heading\"><strong>\u00bfHay algo que pueda hacer para prepararme para el taller antes de que empiece?<\/strong><\/h3>\n\n\n\n<p>En nuestra primera reuni\u00f3n te propondremos varios compromisos para practicar durante el taller. Si quieres, puedes empezar a practicarlos antes:<\/p>\n\n\n\n<ol class=\"wp-block-list\">\n<li>Asistir a 90 reuniones en 90 d\u00edas (las reuniones del taller cuentan)<\/li>\n\n\n\n<li>Realizar 90 llamadas al programa en 90 d\u00edas<\/li>\n\n\n\n<li>Abstente de todas las l\u00edneas de fondo.<\/li>\n\n\n\n<li>Practica la observaci\u00f3n y\/o la renuncia al uso innecesario de Internet y la tecnolog\u00eda.<\/li>\n<\/ol>\n\n\n\n<p>Para la cuarta sugerencia, tambi\u00e9n puede encontrar m\u00e1s adecuada alguna palabra que no sea \"innecesario\", como \"inconsciente\", \"sin prop\u00f3sito\", \"insano\", \"compulsivo\", \"excesivo\", etc. Tenga en cuenta que s\u00f3lo son sugerencias, no requisitos. Usted es libre de utilizarlas, ajustarlas o dejarlas de lado.<\/p>\n\n\n\n<p>Adem\u00e1s de estas sugerencias, puedes escribir un \"inventario del Primer Paso\" de una o dos p\u00e1ginas en el que describas la historia de tu adicci\u00f3n: cu\u00e1ndo empez\u00f3, c\u00f3mo cambi\u00f3 con el tiempo y c\u00f3mo es ahora. En particular, puedes prestar atenci\u00f3n a d\u00f3nde notas impotencia o ingobernabilidad en tu historia.&nbsp;<br><br> <\/p>\n\n\n\n<h3 class=\"wp-block-heading\"><strong>Para cualquier pregunta adicional<\/strong><\/h3>\n\n\n\n<p>No dude en ponerse en contacto con openpathstepworkshop@gmail.com.<\/p>\n\n\n\n<div style=\"height:100px\" aria-hidden=\"true\" class=\"wp-block-spacer\"><\/div>\n\n\n\n<hr class=\"wp-block-separator has-alpha-channel-opacity is-style-wide\"\/>\n<!-- PMB print buttons is only displayed on a single post\/page URLs-->","protected":false},"excerpt":{"rendered":"<p>Esta p\u00e1gina contiene una lista de los pr\u00f3ximos talleres de Open Path Step, entornos estructurados para trabajar en los Doce Pasos de ITAA en un grupo con mucho apoyo integrado. Las reuniones est\u00e1n organizadas para que todo el trabajo paso a paso se pueda realizar dentro de nuestros horarios de reuni\u00f3n (aunque hay ejercicios de escritura adicionales opcionales cada semana... <a href=\"https:\/\/internetaddictsanonymous.org\/es\/step-workshops\/\" class=\"more-link\">Seguir leyendo <span class=\"screen-reader-text\">Talleres de pasos de Open Path<\/span><\/a><\/p>","protected":false},"author":35194237,"featured_media":0,"parent":0,"menu_order":0,"comment_status":"closed","ping_status":"closed","template":"full-width-page.php","meta":{"inline_featured_image":false,"_lmt_disableupdate":"","_lmt_disable":"","jetpack_post_was_ever_published":false,"footnotes":""},"tags":[],"class_list":["post-15697","page","type-page","status-publish","hentry"],"yoast_head":"<!-- This site is optimized with the Yoast SEO plugin v27.3 - https:\/\/yoast.com\/product\/yoast-seo-wordpress\/ -->\n<title>Open Path Step Workshops &#8211; Internet and Technology Addicts Anonymous<\/title>\n<meta name=\"robots\" content=\"index, follow, max-snippet:-1, max-image-preview:large, max-video-preview:-1\" \/>\n<link rel=\"canonical\" href=\"https:\/\/internetaddictsanonymous.org\/es\/open-path-step-workshops\/\" \/>\n<meta property=\"og:locale\" content=\"es_MX\" \/>\n<meta property=\"og:type\" content=\"article\" \/>\n<meta property=\"og:title\" content=\"Open Path Step Workshops &#8211; Internet and Technology Addicts Anonymous\" \/>\n<meta property=\"og:description\" content=\"This page contains a list of upcoming Open Path Step Workshops, structured settings for working through the Twelve Steps of ITAA in a group with lots of built in support. The meetings are set up so that all stepwork can be done within our meeting times (though there are optional additional writing exercises each week &hellip; Seguir leyendo Open Path Step Workshops\" \/>\n<meta property=\"og:url\" content=\"https:\/\/internetaddictsanonymous.org\/es\/open-path-step-workshops\/\" \/>\n<meta property=\"og:site_name\" content=\"Internet and Technology Addicts Anonymous\" \/>\n<meta property=\"article:modified_time\" content=\"2024-10-03T02:43:14+00:00\" \/>\n<meta name=\"twitter:card\" content=\"summary_large_image\" \/>\n<meta name=\"twitter:label1\" content=\"Tiempo de lectura\" \/>\n\t<meta name=\"twitter:data1\" content=\"4 minutos\" \/>\n<script type=\"application\/ld+json\" class=\"yoast-schema-graph\">{\"@context\":\"https:\\\/\\\/schema.org\",\"@graph\":[{\"@type\":\"WebPage\",\"@id\":\"https:\\\/\\\/internetaddictsanonymous.org\\\/step-workshops\\\/\",\"url\":\"https:\\\/\\\/internetaddictsanonymous.org\\\/step-workshops\\\/\",\"name\":\"Open Path Step Workshops &#8211; Internet and Technology Addicts Anonymous\",\"isPartOf\":{\"@id\":\"https:\\\/\\\/internetaddictsanonymous.org\\\/#website\"},\"datePublished\":\"2023-04-02T20:03:08+00:00\",\"dateModified\":\"2024-10-03T02:43:14+00:00\",\"breadcrumb\":{\"@id\":\"https:\\\/\\\/internetaddictsanonymous.org\\\/step-workshops\\\/#breadcrumb\"},\"inLanguage\":\"es\",\"potentialAction\":[{\"@type\":\"ReadAction\",\"target\":[\"https:\\\/\\\/internetaddictsanonymous.org\\\/step-workshops\\\/\"]}]},{\"@type\":\"BreadcrumbList\",\"@id\":\"https:\\\/\\\/internetaddictsanonymous.org\\\/step-workshops\\\/#breadcrumb\",\"itemListElement\":[{\"@type\":\"ListItem\",\"position\":1,\"name\":\"Home\",\"item\":\"https:\\\/\\\/internetaddictsanonymous.org\\\/\"},{\"@type\":\"ListItem\",\"position\":2,\"name\":\"Open Path Step Workshops\"}]},{\"@type\":\"WebSite\",\"@id\":\"https:\\\/\\\/internetaddictsanonymous.org\\\/#website\",\"url\":\"https:\\\/\\\/internetaddictsanonymous.org\\\/\",\"name\":\"Internet and Technology Addicts Anonymous\",\"description\":\"Worldwide 12-step Fellowship for Internet and Technology Addiction\",\"publisher\":{\"@id\":\"https:\\\/\\\/internetaddictsanonymous.org\\\/#organization\"},\"potentialAction\":[{\"@type\":\"SearchAction\",\"target\":{\"@type\":\"EntryPoint\",\"urlTemplate\":\"https:\\\/\\\/internetaddictsanonymous.org\\\/?s={search_term_string}\"},\"query-input\":{\"@type\":\"PropertyValueSpecification\",\"valueRequired\":true,\"valueName\":\"search_term_string\"}}],\"inLanguage\":\"es\"},{\"@type\":\"Organization\",\"@id\":\"https:\\\/\\\/internetaddictsanonymous.org\\\/#organization\",\"name\":\"Internet and Technology Addicts Anonymous\",\"url\":\"https:\\\/\\\/internetaddictsanonymous.org\\\/\",\"logo\":{\"@type\":\"ImageObject\",\"inLanguage\":\"es\",\"@id\":\"https:\\\/\\\/internetaddictsanonymous.org\\\/#\\\/schema\\\/logo\\\/image\\\/\",\"url\":\"https:\\\/\\\/internetaddictsanonymous.org\\\/wp-content\\\/uploads\\\/2023\\\/01\\\/cropped-ITAA-logo-480px.png\",\"contentUrl\":\"https:\\\/\\\/internetaddictsanonymous.org\\\/wp-content\\\/uploads\\\/2023\\\/01\\\/cropped-ITAA-logo-480px.png\",\"width\":480,\"height\":480,\"caption\":\"Internet and Technology Addicts Anonymous\"},\"image\":{\"@id\":\"https:\\\/\\\/internetaddictsanonymous.org\\\/#\\\/schema\\\/logo\\\/image\\\/\"}}]}<\/script>\n<!-- \/ Yoast SEO plugin. -->","yoast_head_json":{"title":"Talleres de pasos de Open Path - Adictos a Internet y a la Tecnolog\u00eda An\u00f3nimos","robots":{"index":"index","follow":"follow","max-snippet":"max-snippet:-1","max-image-preview":"max-image-preview:large","max-video-preview":"max-video-preview:-1"},"canonical":"https:\/\/internetaddictsanonymous.org\/es\/open-path-step-workshops\/","og_locale":"es_MX","og_type":"article","og_title":"Open Path Step Workshops &#8211; Internet and Technology Addicts Anonymous","og_description":"This page contains a list of upcoming Open Path Step Workshops, structured settings for working through the Twelve Steps of ITAA in a group with lots of built in support. The meetings are set up so that all stepwork can be done within our meeting times (though there are optional additional writing exercises each week &hellip; Seguir leyendo Open Path Step Workshops","og_url":"https:\/\/internetaddictsanonymous.org\/es\/open-path-step-workshops\/","og_site_name":"Internet and Technology Addicts Anonymous","article_modified_time":"2024-10-03T02:43:14+00:00","twitter_card":"summary_large_image","twitter_misc":{"Tiempo de lectura":"4 minutos"},"schema":{"@context":"https:\/\/schema.org","@graph":[{"@type":"WebPage","@id":"https:\/\/internetaddictsanonymous.org\/step-workshops\/","url":"https:\/\/internetaddictsanonymous.org\/step-workshops\/","name":"Talleres de pasos de Open Path - Adictos a Internet y a la Tecnolog\u00eda An\u00f3nimos","isPartOf":{"@id":"https:\/\/internetaddictsanonymous.org\/#website"},"datePublished":"2023-04-02T20:03:08+00:00","dateModified":"2024-10-03T02:43:14+00:00","breadcrumb":{"@id":"https:\/\/internetaddictsanonymous.org\/step-workshops\/#breadcrumb"},"inLanguage":"es","potentialAction":[{"@type":"ReadAction","target":["https:\/\/internetaddictsanonymous.org\/step-workshops\/"]}]},{"@type":"BreadcrumbList","@id":"https:\/\/internetaddictsanonymous.org\/step-workshops\/#breadcrumb","itemListElement":[{"@type":"ListItem","position":1,"name":"Home","item":"https:\/\/internetaddictsanonymous.org\/"},{"@type":"ListItem","position":2,"name":"Open Path Step Workshops"}]},{"@type":"WebSite","@id":"https:\/\/internetaddictsanonymous.org\/#website","url":"https:\/\/internetaddictsanonymous.org\/","name":"Adictos a Internet y la Tecnolog\u00eda An\u00f3nimos","description":"Comunidad mundial de 12 pasos para la adicci\u00f3n a Internet y a la tecnolog\u00eda","publisher":{"@id":"https:\/\/internetaddictsanonymous.org\/#organization"},"potentialAction":[{"@type":"SearchAction","target":{"@type":"EntryPoint","urlTemplate":"https:\/\/internetaddictsanonymous.org\/?s={search_term_string}"},"query-input":{"@type":"PropertyValueSpecification","valueRequired":true,"valueName":"search_term_string"}}],"inLanguage":"es"},{"@type":"Organization","@id":"https:\/\/internetaddictsanonymous.org\/#organization","name":"Adictos a Internet y la Tecnolog\u00eda An\u00f3nimos","url":"https:\/\/internetaddictsanonymous.org\/","logo":{"@type":"ImageObject","inLanguage":"es","@id":"https:\/\/internetaddictsanonymous.org\/#\/schema\/logo\/image\/","url":"https:\/\/internetaddictsanonymous.org\/wp-content\/uploads\/2023\/01\/cropped-ITAA-logo-480px.png","contentUrl":"https:\/\/internetaddictsanonymous.org\/wp-content\/uploads\/2023\/01\/cropped-ITAA-logo-480px.png","width":480,"height":480,"caption":"Internet and Technology Addicts Anonymous"},"image":{"@id":"https:\/\/internetaddictsanonymous.org\/#\/schema\/logo\/image\/"}}]}},"jetpack_sharing_enabled":true,"jetpack_shortlink":"https:\/\/wp.me\/P9Fwob-45b","_links":{"self":[{"href":"https:\/\/internetaddictsanonymous.org\/es\/wp-json\/wp\/v2\/pages\/15697","targetHints":{"allow":["GET"]}}],"collection":[{"href":"https:\/\/internetaddictsanonymous.org\/es\/wp-json\/wp\/v2\/pages"}],"about":[{"href":"https:\/\/internetaddictsanonymous.org\/es\/wp-json\/wp\/v2\/types\/page"}],"author":[{"embeddable":true,"href":"https:\/\/internetaddictsanonymous.org\/es\/wp-json\/wp\/v2\/users\/35194237"}],"replies":[{"embeddable":true,"href":"https:\/\/internetaddictsanonymous.org\/es\/wp-json\/wp\/v2\/comments?post=15697"}],"version-history":[{"count":57,"href":"https:\/\/internetaddictsanonymous.org\/es\/wp-json\/wp\/v2\/pages\/15697\/revisions"}],"predecessor-version":[{"id":18760,"href":"https:\/\/internetaddictsanonymous.org\/es\/wp-json\/wp\/v2\/pages\/15697\/revisions\/18760"}],"wp:attachment":[{"href":"https:\/\/internetaddictsanonymous.org\/es\/wp-json\/wp\/v2\/media?parent=15697"}],"wp:term":[{"taxonomy":"post_tag","embeddable":true,"href":"https:\/\/internetaddictsanonymous.org\/es\/wp-json\/wp\/v2\/tags?post=15697"}],"curies":[{"name":"wp","href":"https:\/\/api.w.org\/{rel}","templated":true}]}}