{"id":16276,"date":"2023-07-16T10:54:37","date_gmt":"2023-07-16T14:54:37","guid":{"rendered":"https:\/\/internetaddictsanonymous.org\/?page_id=16276"},"modified":"2026-04-26T10:21:52","modified_gmt":"2026-04-26T17:21:52","slug":"estados-unidos-nueva-york-2","status":"publish","type":"page","link":"https:\/\/internetaddictsanonymous.org\/es\/in-person-meetings\/usa-ny\/","title":{"rendered":"ITAA en Nueva York, EE. UU."},"content":{"rendered":"<p>Bienvenido a Adictos a Internet y a la Tecnolog\u00eda An\u00f3nimos. Nos alegramos de que nos hayas encontrado y esperamos que nuestra comunidad pueda serte tan \u00fatil como lo ha sido para nosotros.<strong> <mark style=\"background-color:rgba(0, 0, 0, 0)\" class=\"has-inline-color has-dark-gray-color\">ITAA es una comunidad de Doce Pasos formada por personas que se apoyan mutuamente para recuperarse de la adicci\u00f3n a Internet y a la tecnolog\u00eda.<\/mark><\/strong> Esto incluye la adicci\u00f3n a las redes sociales, los celulares, los v\u00eddeos en linea, los videojuegos, las noticias, la pornograf\u00eda, las aplicaciones de citas, la investigaci\u00f3n en l\u00ednea, las compras en l\u00ednea o cualquier otra actividad digital que se convierta en compulsiva y problem\u00e1tica.&nbsp;<\/p>\n\n\n\n<h3 class=\"wp-block-heading\">ITAA en la ciudad de Nueva York<\/h3>\n\n\n\n<p><strong>Funciona si lo trabajas (Manhattan \u2013 Upper East Side)<\/strong><br><strong>Cuando:<\/strong>&nbsp;Lunes, 5:30\u20136:30 p.m.<br><strong>D\u00f3nde:<\/strong>&nbsp;Iglesia de San Vicente Ferrer \u2014 869 Lexington Ave, Nueva York, NY 10065 (la entrada es una peque\u00f1a puerta roja a un lado de Lexington Ave)<br><strong>Contacto:<\/strong>&nbsp;<a href=\"mailto:itaa.iwiywi@gmail.com\">itaa.iwiywi@gmail.com<\/a>&nbsp;(correo electr\u00f3nico para agregar al servidor de listas)<br><strong>Enfocar:<\/strong>&nbsp;C\u00f3mo lograr y mantener la sobriedad. Cada mes comienza con una herramienta de recuperaci\u00f3n presentada por un miembro con una larga trayectoria de sobriedad. Las reuniones a lo largo del mes exploran esa herramienta a fondo, incluyendo sesiones de intercambio abierto. La cuarta reuni\u00f3n incluye la participaci\u00f3n de un orador.&nbsp;<em>Cada semana, emparejamos a alguien necesitado con un patrocinador temporal y brindamos oportunidades de servicio.<\/em><\/p>\n\n\n\n<p><strong>ITAA en Nueva York (Manhattan \u2013 West Village)<\/strong><br><strong>Cuando:<\/strong>&nbsp;S\u00e1bados, 14:00\u201315:00 horas<br><strong>D\u00f3nde:<\/strong>&nbsp;Centro Comunitario LGBT \u2014 208 W 13th St, Nueva York, NY 10014<br><strong>Contacto:<\/strong>&nbsp;<a>itaa.nyc@gmail.com<\/a>&nbsp;(correo electr\u00f3nico para agregarse a la cadena y recibir actualizaciones)<br><strong>Notas:<\/strong>&nbsp;La sala de reuniones estar\u00e1 publicada en el cartel del vest\u00edbulo; si no la encuentra, simplemente pida ayuda a un empleado del Centro.<\/p>\n\n\n\n<p><strong>Recuperarnos juntos (Brooklyn \u2013 Bushwick)<\/strong><br><strong>Cuando:<\/strong>&nbsp;Martes, 5:00 p.m.<br><strong>D\u00f3nde:<\/strong>&nbsp;Centro de Recuperaci\u00f3n de N Brooklyn - 304 Boerum St, Brooklyn, NY 11206<br><strong>Instrucciones:<\/strong>&nbsp;Parada de Morgan Ave en el tren L<br><strong>Contacto:<\/strong>&nbsp;<a href=\"mailto:brooklynitaa@gmail.com\">brooklynitaa@gmail.com<\/a> (correo electr\u00f3nico para agregar al servidor de listas)<br><strong>Enfocar:<\/strong>&nbsp;Cada reuni\u00f3n aborda un tema fundamental de recuperaci\u00f3n. El intercambio abierto comienza con dos ponencias principales de miembros que han progresado recientemente en su recuperaci\u00f3n. La primera reuni\u00f3n de cada mes incluye una ponencia m\u00e1s extensa.<\/p>\n\n\n\n<p><strong>Paso a paso (Queens \u2013 Sunnyside)<\/strong><br><strong>Cuando:<\/strong>&nbsp;Domingos, 6:30\u20137:30 p.m.<br><strong>D\u00f3nde:<\/strong>&nbsp;Centro Comunitario Mosaic \u2014 43-01A 46th St, Sunnyside, NY 11104<br><strong>Contacto:<\/strong>&nbsp;<a>sunnyside.itaa@gmail.com<\/a>&nbsp;(correo electr\u00f3nico para agregar al servidor de listas)<br><strong>Enfocar:<\/strong>&nbsp;Todas las reuniones, excepto la del segundo d\u00eda del mes, incluyen 10 minutos de trabajo independiente de los pasos (se proporcionan recursos), seguidos de una charla abierta sobre el trabajo de los pasos. En la segunda reuni\u00f3n del mes, un orador comparte su experiencia trabajando un paso reciente.&nbsp;<em>En cada reuni\u00f3n, emparejamos a cualquier persona necesitada con un patrocinador temporal.<\/em><\/p>\n\n\n\n<p class=\"has-text-align-center\">-~-<\/p>\n\n\n\n<h3 class=\"wp-block-heading\">ITAA en Westchester<\/h3>\n\n\n\n<p>Se est\u00e1 formando un nuevo grupo presencial que ha comenzado a reunirse regularmente en el condado de Westchester, Nueva York. Comun\u00edquese con&nbsp;<a href=\"mailto:itaa.westchester@gmail.com\" target=\"_blank\" rel=\"noreferrer noopener\">itaa.westchester@gmail.com<\/a>&nbsp;para m\u00e1s informaci\u00f3n.<\/p>\n\n\n\n<p class=\"has-text-align-center\">-~-<\/p>\n\n\n\n<h3 class=\"wp-block-heading\">ITAA en Buffalo<\/h3>\n\n\n\n<p>\u00a1\u00danete a nosotros en nuestra reuni\u00f3n presencial en Buffalo, Nueva York!<\/p>\n\n\n\n<p><strong>Cuando:<\/strong>\u00a017 de mayo a las 12:30 PM.<br><strong>D\u00f3nde:<\/strong>\u00a0La biblioteca sucursal de North Park.<br><strong>Contacto:<\/strong>\u00a0Por favor contactar\u00a0<a href=\"mailto:efc21@protonmail.com\" target=\"_blank\" rel=\"noreferrer noopener\">efc21@protonmail.com<\/a>\u00a0Si tiene alguna pregunta.<\/p>\n\n\n\n<p class=\"has-text-align-center\">-~-<\/p>\n\n\n\n<h3 class=\"wp-block-heading\">Reuniones por Zoom<\/h3>\n\n\n\n<p>Si sos nuevo, te animamos a que pruebes a asistir a seis reuniones en un breve periodo de tiempo para ver si nuestro programa puede serte \u00fatil. Adem\u00e1s de nuestra reuni\u00f3n local en persona, tambi\u00e9n puede consultar nuestro <a href=\"https:\/\/internetaddictsanonymous.org\/es\/reuniones-locales-de-internet-sobre-adicciones\/\">.<\/a> y un <a href=\"https:\/\/internetaddictsanonymous.org\/es\/reuniones-en-linea\/\">calendario completo de reuniones en l\u00ednea<\/a>. Todas las reuniones son totalmente gratuitas y an\u00f3nimas.<\/p>\n\n\n\n<h3 class=\"wp-block-heading\"><strong>\u00bfC\u00f3mo funcionan las reuniones?<\/strong><\/h3>\n\n\n\n<p>Si es la primera vez que asiste a una reuni\u00f3n, no se ponga nervioso. La mayor\u00eda de nuestras reuniones son muy sencillas; cada reuni\u00f3n tiene un presidente que dirige la reuni\u00f3n, y la mayor\u00eda de las reuniones duran una hora. El presidente y otros voluntarios leen algunos discursos de apertura, antes de abrir la reuni\u00f3n para que los miembros compartan. No es obligatorio compartir, y est\u00e1 bien limitarse a escuchar. Si te sientes c\u00f3modo, puedes presentarte y compartir lo que te trajo a ITAA. A menos que el miembro que comparte lo pida, no ofrecemos sugerencias ni comentarios en respuesta a lo que otros comparten; simplemente escuchamos sin juzgar. Al cabo de una hora, la reuni\u00f3n concluir\u00e1 con unas palabras de clausura, tras las cuales los miembros suelen hablar informalmente, hacer preguntas e intercambiar datos de contacto.<\/p>\n\n\n\n<h3 class=\"wp-block-heading\">Recursos sobre Internet y la adicci\u00f3n a la tecnolog\u00eda<\/h3>\n\n\n\n<p>Si te est\u00e1s preguntando si podes tener una adicci\u00f3n a Internet y a la tecnolog\u00eda, podes revisar nuestros cuestionarios de <a href=\"https:\/\/internetaddictsanonymous.org\/es\/adiccion-a-internet-y-a-la-tecnologia\/\">adicci\u00f3n a internet<\/a>, <a href=\"https:\/\/internetaddictsanonymous.org\/es\/adiccion-a-internet-y-a-la-tecnologia\/adiccion-a-las-redes-sociales\/\">adicci\u00f3n a las redes sociales<\/a>, <a href=\"https:\/\/internetaddictsanonymous.org\/es\/adiccion-a-internet\/adiccion-al-streaming\/\">adicci\u00f3n al streaming<\/a>, <a href=\"https:\/\/internetaddictsanonymous.org\/es\/adiccion-a-internet-y-a-la-tecnologia\/adiccion-al-telefono\/\">adicci\u00f3n al tel\u00e9fono<\/a>o <a href=\"https:\/\/internetaddictsanonymous.org\/es\/adiccion-a-internet-y-a-la-tecnologia\/adiccion-a-los-videojuegos\/\">adicci\u00f3n a los videojuegos<\/a>. Tambi\u00e9n podes obtener m\u00e1s informaci\u00f3n sobre la ITAA leyendo nuestro&nbsp;<a href=\"https:\/\/internetaddictsanonymous.org\/es\/guia-para-los-recien-llegados\/\">gu\u00eda para los reci\u00e9n llegados<\/a>, revisando nuestras <a href=\"https:\/\/internetaddictsanonymous.org\/es\/recursos\/herramientas-de-recuperacion\/\">herramientas de recuperaci\u00f3n<\/a>o escuchando <a href=\"https:\/\/internetaddictsanonymous.org\/es\/historias-de-recuperacion\/\">historias de recuperaci\u00f3n de los miembros<\/a>.<\/p>\n\n\n\n<p>ITAA no est\u00e1 afiliada a ning\u00fan programa pol\u00edtico, religi\u00f3n o inter\u00e9s externo. Somos totalmente autosuficientes y gratuitos para todos los que lo necesiten. Nuestro \u00fanico prop\u00f3sito es abstenernos del uso compulsivo de internet y la tecnolog\u00eda y ayudar a otros a encontrar la libertad de esta adicci\u00f3n.<\/p>\n\n\n\n<p>De nuevo, \u00a1bienvenido! Esperamos que esta comunidad pueda proporcionarte el apoyo que necesitas en tu recuperaci\u00f3n de la adicci\u00f3n a Internet y a la tecnolog\u00eda. No dudes en ponerte en contacto con nosotros si tienes alguna pregunta.<\/p>\n<!-- PMB print buttons is only displayed on a single post\/page URLs-->","protected":false},"excerpt":{"rendered":"<p>Bienvenido a Adictos a Internet y a la Tecnolog\u00eda An\u00f3nimos. Nos alegramos de que nos hayas encontrado y esperamos que nuestra comunidad pueda serte tan \u00fatil como lo ha sido para nosotros. ITAA es una comunidad de Doce Pasos de personas que se apoyan mutuamente en la recuperaci\u00f3n de la adicci\u00f3n a Internet y la tecnolog\u00eda. Esto incluye la adicci\u00f3n a las redes sociales, tel\u00e9fonos inteligentes, streaming ... <a href=\"https:\/\/internetaddictsanonymous.org\/es\/in-person-meetings\/usa-ny\/\" class=\"more-link\">Seguir leyendo <span class=\"screen-reader-text\">ITAA en Nueva York, EE. UU.<\/span><\/a><\/p>","protected":false},"author":35194237,"featured_media":0,"parent":148,"menu_order":0,"comment_status":"closed","ping_status":"closed","template":"full-width-page.php","meta":{"inline_featured_image":false,"_lmt_disableupdate":"","_lmt_disable":"","footnotes":""},"tags":[],"class_list":["post-16276","page","type-page","status-publish","hentry"],"yoast_head":"<!-- This site is optimized with the Yoast SEO plugin v27.5 - https:\/\/yoast.com\/product\/yoast-seo-wordpress\/ -->\n<title>ITAA in New York, US &#8211; Internet and Technology Addicts Anonymous<\/title>\n<meta name=\"robots\" content=\"index, follow, max-snippet:-1, max-image-preview:large, max-video-preview:-1\" \/>\n<link rel=\"canonical\" href=\"https:\/\/internetaddictsanonymous.org\/es\/reuniones-locales-de-internet-sobre-adicciones\/estados-unidos-nueva-york-2\/\" \/>\n<meta property=\"og:locale\" content=\"es_MX\" \/>\n<meta property=\"og:type\" content=\"article\" \/>\n<meta property=\"og:title\" content=\"ITAA in New York, US &#8211; Internet and Technology Addicts Anonymous\" \/>\n<meta property=\"og:description\" content=\"Welcome to Internet and Technology Addicts Anonymous! We\u2019re glad you\u2019ve found us, and we hope our community can be as helpful to you as it has been for us. ITAA is a Twelve-Step fellowship of individuals who support each other in recovering from internet and technology addiction. This includes addiction to social media, smartphones, streaming &hellip; Seguir leyendo ITAA in New York, US\" \/>\n<meta property=\"og:url\" content=\"https:\/\/internetaddictsanonymous.org\/es\/reuniones-locales-de-internet-sobre-adicciones\/estados-unidos-nueva-york-2\/\" \/>\n<meta property=\"og:site_name\" content=\"Internet and Technology Addicts Anonymous\" \/>\n<meta property=\"article:modified_time\" content=\"2026-04-26T17:21:52+00:00\" \/>\n<meta name=\"twitter:card\" content=\"summary_large_image\" \/>\n<meta name=\"twitter:label1\" content=\"Tiempo de lectura\" \/>\n\t<meta name=\"twitter:data1\" content=\"4 minutos\" \/>\n<script type=\"application\/ld+json\" class=\"yoast-schema-graph\">{\"@context\":\"https:\\\/\\\/schema.org\",\"@graph\":[{\"@type\":\"WebPage\",\"@id\":\"https:\\\/\\\/internetaddictsanonymous.org\\\/in-person-meetings\\\/usa-ny\\\/\",\"url\":\"https:\\\/\\\/internetaddictsanonymous.org\\\/in-person-meetings\\\/usa-ny\\\/\",\"name\":\"ITAA in New York, US &#8211; Internet and Technology Addicts Anonymous\",\"isPartOf\":{\"@id\":\"https:\\\/\\\/internetaddictsanonymous.org\\\/#website\"},\"datePublished\":\"2023-07-16T14:54:37+00:00\",\"dateModified\":\"2026-04-26T17:21:52+00:00\",\"breadcrumb\":{\"@id\":\"https:\\\/\\\/internetaddictsanonymous.org\\\/in-person-meetings\\\/usa-ny\\\/#breadcrumb\"},\"inLanguage\":\"es\",\"potentialAction\":[{\"@type\":\"ReadAction\",\"target\":[\"https:\\\/\\\/internetaddictsanonymous.org\\\/in-person-meetings\\\/usa-ny\\\/\"]}]},{\"@type\":\"BreadcrumbList\",\"@id\":\"https:\\\/\\\/internetaddictsanonymous.org\\\/in-person-meetings\\\/usa-ny\\\/#breadcrumb\",\"itemListElement\":[{\"@type\":\"ListItem\",\"position\":1,\"name\":\"Home\",\"item\":\"https:\\\/\\\/internetaddictsanonymous.org\\\/\"},{\"@type\":\"ListItem\",\"position\":2,\"name\":\"In-Person Meetings\",\"item\":\"https:\\\/\\\/internetaddictsanonymous.org\\\/in-person-meetings\\\/\"},{\"@type\":\"ListItem\",\"position\":3,\"name\":\"ITAA in New York, US\"}]},{\"@type\":\"WebSite\",\"@id\":\"https:\\\/\\\/internetaddictsanonymous.org\\\/#website\",\"url\":\"https:\\\/\\\/internetaddictsanonymous.org\\\/\",\"name\":\"Internet and Technology Addicts Anonymous\",\"description\":\"Worldwide 12-step Fellowship for Internet and Technology Addiction\",\"publisher\":{\"@id\":\"https:\\\/\\\/internetaddictsanonymous.org\\\/#organization\"},\"potentialAction\":[{\"@type\":\"SearchAction\",\"target\":{\"@type\":\"EntryPoint\",\"urlTemplate\":\"https:\\\/\\\/internetaddictsanonymous.org\\\/?s={search_term_string}\"},\"query-input\":{\"@type\":\"PropertyValueSpecification\",\"valueRequired\":true,\"valueName\":\"search_term_string\"}}],\"inLanguage\":\"es\"},{\"@type\":\"Organization\",\"@id\":\"https:\\\/\\\/internetaddictsanonymous.org\\\/#organization\",\"name\":\"Internet and Technology Addicts Anonymous\",\"url\":\"https:\\\/\\\/internetaddictsanonymous.org\\\/\",\"logo\":{\"@type\":\"ImageObject\",\"inLanguage\":\"es\",\"@id\":\"https:\\\/\\\/internetaddictsanonymous.org\\\/#\\\/schema\\\/logo\\\/image\\\/\",\"url\":\"https:\\\/\\\/internetaddictsanonymous.org\\\/wp-content\\\/uploads\\\/2023\\\/01\\\/cropped-ITAA-logo-480px.png\",\"contentUrl\":\"https:\\\/\\\/internetaddictsanonymous.org\\\/wp-content\\\/uploads\\\/2023\\\/01\\\/cropped-ITAA-logo-480px.png\",\"width\":480,\"height\":480,\"caption\":\"Internet and Technology Addicts Anonymous\"},\"image\":{\"@id\":\"https:\\\/\\\/internetaddictsanonymous.org\\\/#\\\/schema\\\/logo\\\/image\\\/\"}}]}<\/script>\n<!-- \/ Yoast SEO plugin. -->","yoast_head_json":{"title":"ITAA en Nueva York, EE. UU. \u2013 Adictos a Internet y Tecnolog\u00eda An\u00f3nimos","robots":{"index":"index","follow":"follow","max-snippet":"max-snippet:-1","max-image-preview":"max-image-preview:large","max-video-preview":"max-video-preview:-1"},"canonical":"https:\/\/internetaddictsanonymous.org\/es\/reuniones-locales-de-internet-sobre-adicciones\/estados-unidos-nueva-york-2\/","og_locale":"es_MX","og_type":"article","og_title":"ITAA in New York, US &#8211; Internet and Technology Addicts Anonymous","og_description":"Welcome to Internet and Technology Addicts Anonymous! We\u2019re glad you\u2019ve found us, and we hope our community can be as helpful to you as it has been for us. ITAA is a Twelve-Step fellowship of individuals who support each other in recovering from internet and technology addiction. This includes addiction to social media, smartphones, streaming &hellip; Seguir leyendo ITAA in New York, US","og_url":"https:\/\/internetaddictsanonymous.org\/es\/reuniones-locales-de-internet-sobre-adicciones\/estados-unidos-nueva-york-2\/","og_site_name":"Internet and Technology Addicts Anonymous","article_modified_time":"2026-04-26T17:21:52+00:00","twitter_card":"summary_large_image","twitter_misc":{"Tiempo de lectura":"4 minutos"},"schema":{"@context":"https:\/\/schema.org","@graph":[{"@type":"WebPage","@id":"https:\/\/internetaddictsanonymous.org\/in-person-meetings\/usa-ny\/","url":"https:\/\/internetaddictsanonymous.org\/in-person-meetings\/usa-ny\/","name":"ITAA en Nueva York, EE. UU. \u2013 Adictos a Internet y Tecnolog\u00eda An\u00f3nimos","isPartOf":{"@id":"https:\/\/internetaddictsanonymous.org\/#website"},"datePublished":"2023-07-16T14:54:37+00:00","dateModified":"2026-04-26T17:21:52+00:00","breadcrumb":{"@id":"https:\/\/internetaddictsanonymous.org\/in-person-meetings\/usa-ny\/#breadcrumb"},"inLanguage":"es","potentialAction":[{"@type":"ReadAction","target":["https:\/\/internetaddictsanonymous.org\/in-person-meetings\/usa-ny\/"]}]},{"@type":"BreadcrumbList","@id":"https:\/\/internetaddictsanonymous.org\/in-person-meetings\/usa-ny\/#breadcrumb","itemListElement":[{"@type":"ListItem","position":1,"name":"Home","item":"https:\/\/internetaddictsanonymous.org\/"},{"@type":"ListItem","position":2,"name":"In-Person Meetings","item":"https:\/\/internetaddictsanonymous.org\/in-person-meetings\/"},{"@type":"ListItem","position":3,"name":"ITAA in New York, US"}]},{"@type":"WebSite","@id":"https:\/\/internetaddictsanonymous.org\/#website","url":"https:\/\/internetaddictsanonymous.org\/","name":"Adictos a Internet y la Tecnolog\u00eda An\u00f3nimos","description":"Comunidad mundial de 12 pasos para la adicci\u00f3n a Internet y a la tecnolog\u00eda","publisher":{"@id":"https:\/\/internetaddictsanonymous.org\/#organization"},"potentialAction":[{"@type":"SearchAction","target":{"@type":"EntryPoint","urlTemplate":"https:\/\/internetaddictsanonymous.org\/?s={search_term_string}"},"query-input":{"@type":"PropertyValueSpecification","valueRequired":true,"valueName":"search_term_string"}}],"inLanguage":"es"},{"@type":"Organization","@id":"https:\/\/internetaddictsanonymous.org\/#organization","name":"Adictos a Internet y la Tecnolog\u00eda An\u00f3nimos","url":"https:\/\/internetaddictsanonymous.org\/","logo":{"@type":"ImageObject","inLanguage":"es","@id":"https:\/\/internetaddictsanonymous.org\/#\/schema\/logo\/image\/","url":"https:\/\/internetaddictsanonymous.org\/wp-content\/uploads\/2023\/01\/cropped-ITAA-logo-480px.png","contentUrl":"https:\/\/internetaddictsanonymous.org\/wp-content\/uploads\/2023\/01\/cropped-ITAA-logo-480px.png","width":480,"height":480,"caption":"Internet and Technology Addicts Anonymous"},"image":{"@id":"https:\/\/internetaddictsanonymous.org\/#\/schema\/logo\/image\/"}}]}},"jetpack_sharing_enabled":true,"jetpack_shortlink":"https:\/\/wp.me\/P9Fwob-4ew","_links":{"self":[{"href":"https:\/\/internetaddictsanonymous.org\/es\/wp-json\/wp\/v2\/pages\/16276","targetHints":{"allow":["GET"]}}],"collection":[{"href":"https:\/\/internetaddictsanonymous.org\/es\/wp-json\/wp\/v2\/pages"}],"about":[{"href":"https:\/\/internetaddictsanonymous.org\/es\/wp-json\/wp\/v2\/types\/page"}],"author":[{"embeddable":true,"href":"https:\/\/internetaddictsanonymous.org\/es\/wp-json\/wp\/v2\/users\/35194237"}],"replies":[{"embeddable":true,"href":"https:\/\/internetaddictsanonymous.org\/es\/wp-json\/wp\/v2\/comments?post=16276"}],"version-history":[{"count":32,"href":"https:\/\/internetaddictsanonymous.org\/es\/wp-json\/wp\/v2\/pages\/16276\/revisions"}],"predecessor-version":[{"id":21255,"href":"https:\/\/internetaddictsanonymous.org\/es\/wp-json\/wp\/v2\/pages\/16276\/revisions\/21255"}],"up":[{"embeddable":true,"href":"https:\/\/internetaddictsanonymous.org\/es\/wp-json\/wp\/v2\/pages\/148"}],"wp:attachment":[{"href":"https:\/\/internetaddictsanonymous.org\/es\/wp-json\/wp\/v2\/media?parent=16276"}],"wp:term":[{"taxonomy":"post_tag","embeddable":true,"href":"https:\/\/internetaddictsanonymous.org\/es\/wp-json\/wp\/v2\/tags?post=16276"}],"curies":[{"name":"wp","href":"https:\/\/api.w.org\/{rel}","templated":true}]}}