{"id":16397,"date":"2023-07-16T14:05:34","date_gmt":"2023-07-16T18:05:34","guid":{"rendered":"https:\/\/internetaddictsanonymous.org\/?page_id=16397"},"modified":"2025-11-27T12:47:33","modified_gmt":"2025-11-27T20:47:33","slug":"argentina-rosario","status":"publish","type":"page","link":"https:\/\/internetaddictsanonymous.org\/es\/in-person-meetings\/argentina-rosario\/","title":{"rendered":"ITAA en Argentina"},"content":{"rendered":"<p>\u00a1Bienvenido a Adictos a Internet y la Tecnolog\u00eda An\u00f3nimos!\u00a0<strong>ITAA es una comunidad de Doce Pasos formada por personas que se apoyan mutuamente para recuperarse de la adicci\u00f3n a Internet y la tecnolog\u00eda.<\/strong>\u00a0Esto incluye la adicci\u00f3n a las redes sociales, los celulares, los v\u00eddeos online, los videojuegos, las noticias, la pornograf\u00eda, las aplicaciones de citas, la investigaci\u00f3n en l\u00ednea, las compras en l\u00ednea o cualquier otra actividad digital que se convierta en compulsiva y problem\u00e1tico.\u00a0<\/p>\n\n\n\n<h3 class=\"wp-block-heading\">Reuniones en Rosario todas las semanas<\/h3>\n\n\n\n<p><strong>Unite a nuestro <a href=\"https:\/\/tinyurl.com\/Grupo-ITAA-Rosario\">grupo de WhatsApp<\/a> para m\u00e1s informaci\u00f3n: <br><a href=\"https:\/\/tinyurl.com\/Grupo-ITAA-Rosario\" target=\"_blank\" rel=\"noreferrer noopener\">https:\/\/tinyurl.com\/Grupo-ITAA-Rosario<\/a> <\/strong><br>O envia un correo electr\u00f3nico a\u00a0<a href=\"mailto:mauricioinserenity@gmail.com\" target=\"_blank\" rel=\"noreferrer noopener\">mauricioinserenity@gmail.com<\/a>.<\/p>\n\n\n\n<h3 class=\"wp-block-heading\">Reuniones por Zoom<\/h3>\n\n\n\n<p>Si sos nuevo, te animamos a que pruebes a asistir a seis reuniones en un breve per\u00edodo de tiempo para ver si nuestro programa puede serte \u00fatil. Adem\u00e1s de nuestra reuni\u00f3n semanal en Rosario, tambi\u00e9n podes consultar nuestro\u00a0<a href=\"https:\/\/internetaddictsanonymous.org\/es\/espanol\/\">calendario completo de reuniones por Zoom<\/a>. Todas las reuniones son totalmente gratuitas y an\u00f3nimas.<\/p>\n\n\n\n<h3 class=\"wp-block-heading\"><strong>\u00bfC\u00f3mo funcionan las reuniones?<\/strong><\/h3>\n\n\n\n<p>Si es la primera vez que asiste a una reuni\u00f3n, no se ponga nervioso. La mayor\u00eda de nuestras reuniones son muy sencillas; cada reuni\u00f3n tiene un presidente que dirige la reuni\u00f3n, y la mayor\u00eda de las reuniones duran una hora. El presidente y otros voluntarios leen algunos discursos de apertura, antes de abrir la reuni\u00f3n para que los miembros compartan. No es obligatorio compartir, y est\u00e1 bien limitarse a escuchar. Si te sientes c\u00f3modo, puedes presentarte y compartir lo que te trajo a ITAA. A menos que el miembro que comparte lo pida, no ofrecemos sugerencias ni comentarios en respuesta a lo que otros comparten; simplemente escuchamos sin juzgar. Al cabo de una hora, la reuni\u00f3n concluir\u00e1 con unas palabras de clausura, tras las cuales los miembros suelen hablar informalmente, hacer preguntas e intercambiar datos de contacto.<\/p>\n\n\n\n<h3 class=\"wp-block-heading\">Recursos sobre Internet y la adicci\u00f3n a la tecnolog\u00eda<\/h3>\n\n\n\n<p>Si te est\u00e1s preguntando si podes tener una adicci\u00f3n a Internet y a la tecnolog\u00eda, podes revisar nuestros cuestionarios de <a href=\"https:\/\/internetaddictsanonymous.org\/es\/adiccion-a-internet-y-a-la-tecnologia\/\">adicci\u00f3n a internet<\/a>, <a href=\"https:\/\/internetaddictsanonymous.org\/es\/adiccion-a-internet-y-a-la-tecnologia\/adiccion-a-las-redes-sociales\/\">adicci\u00f3n a las redes sociales<\/a>, <a href=\"https:\/\/internetaddictsanonymous.org\/es\/adiccion-a-internet\/adiccion-al-streaming\/\">adicci\u00f3n al streaming<\/a>, <a href=\"https:\/\/internetaddictsanonymous.org\/es\/adiccion-a-internet-y-a-la-tecnologia\/adiccion-al-telefono\/\">adicci\u00f3n al tel\u00e9fono<\/a>o <a href=\"https:\/\/internetaddictsanonymous.org\/es\/adiccion-a-internet-y-a-la-tecnologia\/adiccion-a-los-videojuegos\/\">adicci\u00f3n a los videojuegos<\/a>. Tambi\u00e9n podes obtener m\u00e1s informaci\u00f3n sobre la ITAA leyendo nuestro&nbsp;<a href=\"https:\/\/internetaddictsanonymous.org\/es\/guia-para-los-recien-llegados\/\">gu\u00eda para los reci\u00e9n llegados<\/a>, revisando nuestras <a href=\"https:\/\/internetaddictsanonymous.org\/es\/recursos\/herramientas-de-recuperacion\/\">herramientas de recuperaci\u00f3n<\/a>o escuchando <a href=\"https:\/\/internetaddictsanonymous.org\/es\/historias-de-recuperacion\/\">historias de recuperaci\u00f3n de los miembros<\/a>.<\/p>\n\n\n\n<p>ITAA no est\u00e1 afiliada a ning\u00fan programa pol\u00edtico, religi\u00f3n o inter\u00e9s externo. Somos totalmente autosuficientes y gratuitos para todos los que lo necesiten. Nuestro \u00fanico prop\u00f3sito es abstenernos del uso compulsivo de internet y la tecnolog\u00eda y ayudar a otros a encontrar la libertad de esta adicci\u00f3n.<\/p>\n\n\n\n<p>De nuevo, \u00a1bienvenido! Esperamos que esta comunidad pueda proporcionarte el apoyo que necesitas en tu recuperaci\u00f3n de la adicci\u00f3n a Internet y a la tecnolog\u00eda. No dudes en ponerte en contacto con nosotros si tienes alguna pregunta.<\/p>\n<!-- PMB print buttons is only displayed on a single post\/page URLs-->","protected":false},"excerpt":{"rendered":"<p>\u00a1Bienvenido a Adictos a Internet y la Tecnolog\u00eda An\u00f3nimos!\u00a0ITAA es una comunidad de Doce Pasos formada por personas que se apoyan mutuamente para recuperarse de la adicci\u00f3n a Internet y a la tecnolog\u00eda.\u00a0Esto incluye la adicci\u00f3n a las redes sociales, los celulares, los v\u00eddeos online, los videojuegos, las noticias, la pornograf\u00eda, las aplicaciones de citas, &hellip; <a href=\"https:\/\/internetaddictsanonymous.org\/es\/in-person-meetings\/argentina-rosario\/\" class=\"more-link\">Seguir leyendo <span class=\"screen-reader-text\">ITAA en Argentina<\/span><\/a><\/p>","protected":false},"author":35194237,"featured_media":0,"parent":148,"menu_order":0,"comment_status":"closed","ping_status":"closed","template":"full-width-page.php","meta":{"inline_featured_image":false,"_lmt_disableupdate":"","_lmt_disable":"","footnotes":""},"tags":[],"class_list":["post-16397","page","type-page","status-publish","hentry"],"yoast_head":"<!-- This site is optimized with the Yoast SEO plugin v27.4 - https:\/\/yoast.com\/product\/yoast-seo-wordpress\/ -->\n<title>ITAA en Argentina &#8211; Internet and Technology Addicts Anonymous<\/title>\n<meta name=\"robots\" content=\"index, follow, max-snippet:-1, max-image-preview:large, max-video-preview:-1\" \/>\n<link rel=\"canonical\" href=\"https:\/\/internetaddictsanonymous.org\/es\/reuniones-locales-de-internet-sobre-adicciones\/argentina-rosario\/\" \/>\n<meta property=\"og:locale\" content=\"es_MX\" \/>\n<meta property=\"og:type\" content=\"article\" \/>\n<meta property=\"og:title\" content=\"ITAA en Argentina &#8211; Internet and Technology Addicts Anonymous\" \/>\n<meta property=\"og:description\" content=\"\u00a1Bienvenido a Adictos a Internet y la Tecnolog\u00eda An\u00f3nimos!\u00a0ITAA es una comunidad de Doce Pasos formada por personas que se apoyan mutuamente para recuperarse de la adicci\u00f3n a Internet y a la tecnolog\u00eda.\u00a0Esto incluye la adicci\u00f3n a las redes sociales, los celulares, los v\u00eddeos online, los videojuegos, las noticias, la pornograf\u00eda, las aplicaciones de citas, &hellip; Seguir leyendo ITAA en Argentina\" \/>\n<meta property=\"og:url\" content=\"https:\/\/internetaddictsanonymous.org\/es\/reuniones-locales-de-internet-sobre-adicciones\/argentina-rosario\/\" \/>\n<meta property=\"og:site_name\" content=\"Internet and Technology Addicts Anonymous\" \/>\n<meta property=\"article:modified_time\" content=\"2025-11-27T20:47:33+00:00\" \/>\n<meta name=\"twitter:card\" content=\"summary_large_image\" \/>\n<meta name=\"twitter:label1\" content=\"Tiempo de lectura\" \/>\n\t<meta name=\"twitter:data1\" content=\"2 minutos\" \/>\n<script type=\"application\/ld+json\" class=\"yoast-schema-graph\">{\"@context\":\"https:\\\/\\\/schema.org\",\"@graph\":[{\"@type\":\"WebPage\",\"@id\":\"https:\\\/\\\/internetaddictsanonymous.org\\\/in-person-meetings\\\/argentina-rosario\\\/\",\"url\":\"https:\\\/\\\/internetaddictsanonymous.org\\\/in-person-meetings\\\/argentina-rosario\\\/\",\"name\":\"ITAA en Argentina &#8211; Internet and Technology Addicts Anonymous\",\"isPartOf\":{\"@id\":\"https:\\\/\\\/internetaddictsanonymous.org\\\/#website\"},\"datePublished\":\"2023-07-16T18:05:34+00:00\",\"dateModified\":\"2025-11-27T20:47:33+00:00\",\"breadcrumb\":{\"@id\":\"https:\\\/\\\/internetaddictsanonymous.org\\\/in-person-meetings\\\/argentina-rosario\\\/#breadcrumb\"},\"inLanguage\":\"es\",\"potentialAction\":[{\"@type\":\"ReadAction\",\"target\":[\"https:\\\/\\\/internetaddictsanonymous.org\\\/in-person-meetings\\\/argentina-rosario\\\/\"]}]},{\"@type\":\"BreadcrumbList\",\"@id\":\"https:\\\/\\\/internetaddictsanonymous.org\\\/in-person-meetings\\\/argentina-rosario\\\/#breadcrumb\",\"itemListElement\":[{\"@type\":\"ListItem\",\"position\":1,\"name\":\"Home\",\"item\":\"https:\\\/\\\/internetaddictsanonymous.org\\\/\"},{\"@type\":\"ListItem\",\"position\":2,\"name\":\"In-Person Meetings\",\"item\":\"https:\\\/\\\/internetaddictsanonymous.org\\\/in-person-meetings\\\/\"},{\"@type\":\"ListItem\",\"position\":3,\"name\":\"ITAA en Argentina\"}]},{\"@type\":\"WebSite\",\"@id\":\"https:\\\/\\\/internetaddictsanonymous.org\\\/#website\",\"url\":\"https:\\\/\\\/internetaddictsanonymous.org\\\/\",\"name\":\"Internet and Technology Addicts Anonymous\",\"description\":\"Worldwide 12-step Fellowship for Internet and Technology Addiction\",\"publisher\":{\"@id\":\"https:\\\/\\\/internetaddictsanonymous.org\\\/#organization\"},\"potentialAction\":[{\"@type\":\"SearchAction\",\"target\":{\"@type\":\"EntryPoint\",\"urlTemplate\":\"https:\\\/\\\/internetaddictsanonymous.org\\\/?s={search_term_string}\"},\"query-input\":{\"@type\":\"PropertyValueSpecification\",\"valueRequired\":true,\"valueName\":\"search_term_string\"}}],\"inLanguage\":\"es\"},{\"@type\":\"Organization\",\"@id\":\"https:\\\/\\\/internetaddictsanonymous.org\\\/#organization\",\"name\":\"Internet and Technology Addicts Anonymous\",\"url\":\"https:\\\/\\\/internetaddictsanonymous.org\\\/\",\"logo\":{\"@type\":\"ImageObject\",\"inLanguage\":\"es\",\"@id\":\"https:\\\/\\\/internetaddictsanonymous.org\\\/#\\\/schema\\\/logo\\\/image\\\/\",\"url\":\"https:\\\/\\\/internetaddictsanonymous.org\\\/wp-content\\\/uploads\\\/2023\\\/01\\\/cropped-ITAA-logo-480px.png\",\"contentUrl\":\"https:\\\/\\\/internetaddictsanonymous.org\\\/wp-content\\\/uploads\\\/2023\\\/01\\\/cropped-ITAA-logo-480px.png\",\"width\":480,\"height\":480,\"caption\":\"Internet and Technology Addicts Anonymous\"},\"image\":{\"@id\":\"https:\\\/\\\/internetaddictsanonymous.org\\\/#\\\/schema\\\/logo\\\/image\\\/\"}}]}<\/script>\n<!-- \/ Yoast SEO plugin. -->","yoast_head_json":{"title":"ITAA en Argentina \u2013 Adictos An\u00f3nimos a Internet y la Tecnolog\u00eda","robots":{"index":"index","follow":"follow","max-snippet":"max-snippet:-1","max-image-preview":"max-image-preview:large","max-video-preview":"max-video-preview:-1"},"canonical":"https:\/\/internetaddictsanonymous.org\/es\/reuniones-locales-de-internet-sobre-adicciones\/argentina-rosario\/","og_locale":"es_MX","og_type":"article","og_title":"ITAA en Argentina &#8211; Internet and Technology Addicts Anonymous","og_description":"\u00a1Bienvenido a Adictos a Internet y la Tecnolog\u00eda An\u00f3nimos!\u00a0ITAA es una comunidad de Doce Pasos formada por personas que se apoyan mutuamente para recuperarse de la adicci\u00f3n a Internet y a la tecnolog\u00eda.\u00a0Esto incluye la adicci\u00f3n a las redes sociales, los celulares, los v\u00eddeos online, los videojuegos, las noticias, la pornograf\u00eda, las aplicaciones de citas, &hellip; Seguir leyendo ITAA en Argentina","og_url":"https:\/\/internetaddictsanonymous.org\/es\/reuniones-locales-de-internet-sobre-adicciones\/argentina-rosario\/","og_site_name":"Internet and Technology Addicts Anonymous","article_modified_time":"2025-11-27T20:47:33+00:00","twitter_card":"summary_large_image","twitter_misc":{"Tiempo de lectura":"2 minutos"},"schema":{"@context":"https:\/\/schema.org","@graph":[{"@type":"WebPage","@id":"https:\/\/internetaddictsanonymous.org\/in-person-meetings\/argentina-rosario\/","url":"https:\/\/internetaddictsanonymous.org\/in-person-meetings\/argentina-rosario\/","name":"ITAA en Argentina \u2013 Adictos An\u00f3nimos a Internet y la Tecnolog\u00eda","isPartOf":{"@id":"https:\/\/internetaddictsanonymous.org\/#website"},"datePublished":"2023-07-16T18:05:34+00:00","dateModified":"2025-11-27T20:47:33+00:00","breadcrumb":{"@id":"https:\/\/internetaddictsanonymous.org\/in-person-meetings\/argentina-rosario\/#breadcrumb"},"inLanguage":"es","potentialAction":[{"@type":"ReadAction","target":["https:\/\/internetaddictsanonymous.org\/in-person-meetings\/argentina-rosario\/"]}]},{"@type":"BreadcrumbList","@id":"https:\/\/internetaddictsanonymous.org\/in-person-meetings\/argentina-rosario\/#breadcrumb","itemListElement":[{"@type":"ListItem","position":1,"name":"Home","item":"https:\/\/internetaddictsanonymous.org\/"},{"@type":"ListItem","position":2,"name":"In-Person Meetings","item":"https:\/\/internetaddictsanonymous.org\/in-person-meetings\/"},{"@type":"ListItem","position":3,"name":"ITAA en Argentina"}]},{"@type":"WebSite","@id":"https:\/\/internetaddictsanonymous.org\/#website","url":"https:\/\/internetaddictsanonymous.org\/","name":"Adictos a Internet y la Tecnolog\u00eda An\u00f3nimos","description":"Comunidad mundial de 12 pasos para la adicci\u00f3n a Internet y a la tecnolog\u00eda","publisher":{"@id":"https:\/\/internetaddictsanonymous.org\/#organization"},"potentialAction":[{"@type":"SearchAction","target":{"@type":"EntryPoint","urlTemplate":"https:\/\/internetaddictsanonymous.org\/?s={search_term_string}"},"query-input":{"@type":"PropertyValueSpecification","valueRequired":true,"valueName":"search_term_string"}}],"inLanguage":"es"},{"@type":"Organization","@id":"https:\/\/internetaddictsanonymous.org\/#organization","name":"Adictos a Internet y la Tecnolog\u00eda An\u00f3nimos","url":"https:\/\/internetaddictsanonymous.org\/","logo":{"@type":"ImageObject","inLanguage":"es","@id":"https:\/\/internetaddictsanonymous.org\/#\/schema\/logo\/image\/","url":"https:\/\/internetaddictsanonymous.org\/wp-content\/uploads\/2023\/01\/cropped-ITAA-logo-480px.png","contentUrl":"https:\/\/internetaddictsanonymous.org\/wp-content\/uploads\/2023\/01\/cropped-ITAA-logo-480px.png","width":480,"height":480,"caption":"Internet and Technology Addicts Anonymous"},"image":{"@id":"https:\/\/internetaddictsanonymous.org\/#\/schema\/logo\/image\/"}}]}},"jetpack_sharing_enabled":true,"jetpack_shortlink":"https:\/\/wp.me\/P9Fwob-4gt","_links":{"self":[{"href":"https:\/\/internetaddictsanonymous.org\/es\/wp-json\/wp\/v2\/pages\/16397","targetHints":{"allow":["GET"]}}],"collection":[{"href":"https:\/\/internetaddictsanonymous.org\/es\/wp-json\/wp\/v2\/pages"}],"about":[{"href":"https:\/\/internetaddictsanonymous.org\/es\/wp-json\/wp\/v2\/types\/page"}],"author":[{"embeddable":true,"href":"https:\/\/internetaddictsanonymous.org\/es\/wp-json\/wp\/v2\/users\/35194237"}],"replies":[{"embeddable":true,"href":"https:\/\/internetaddictsanonymous.org\/es\/wp-json\/wp\/v2\/comments?post=16397"}],"version-history":[{"count":10,"href":"https:\/\/internetaddictsanonymous.org\/es\/wp-json\/wp\/v2\/pages\/16397\/revisions"}],"predecessor-version":[{"id":20708,"href":"https:\/\/internetaddictsanonymous.org\/es\/wp-json\/wp\/v2\/pages\/16397\/revisions\/20708"}],"up":[{"embeddable":true,"href":"https:\/\/internetaddictsanonymous.org\/es\/wp-json\/wp\/v2\/pages\/148"}],"wp:attachment":[{"href":"https:\/\/internetaddictsanonymous.org\/es\/wp-json\/wp\/v2\/media?parent=16397"}],"wp:term":[{"taxonomy":"post_tag","embeddable":true,"href":"https:\/\/internetaddictsanonymous.org\/es\/wp-json\/wp\/v2\/tags?post=16397"}],"curies":[{"name":"wp","href":"https:\/\/api.w.org\/{rel}","templated":true}]}}