{"id":16623,"date":"2023-08-19T13:56:19","date_gmt":"2023-08-19T17:56:19","guid":{"rendered":"https:\/\/internetaddictsanonymous.org\/?page_id=16623"},"modified":"2023-08-26T15:08:22","modified_gmt":"2023-08-26T19:08:22","slug":"herramientas-de-recuperacion-formularios-breves","status":"publish","type":"page","link":"https:\/\/internetaddictsanonymous.org\/es\/tools-of-recovery-short-forms\/","title":{"rendered":"Herramientas de recuperaci\u00f3n: Formularios breves"},"content":{"rendered":"<p><em>A continuaci\u00f3n figuran breves formularios de nuestros <a href=\"https:\/\/internetaddictsanonymous.org\/es\/recursos\/herramientas-de-recuperacion\/\">herramientas de recuperaci\u00f3n<\/a> que podamos consultar f\u00e1cilmente o leer en voz alta en nuestras reuniones. A cada miembro le han resultado \u00fatiles unas herramientas u otras, y a menudo las que utilizamos cambian con el tiempo.<\/em><\/p>\n\n\n\n<p><strong><mark style=\"background-color:rgba(0, 0, 0, 0)\" class=\"has-inline-color has-dark-gray-color\">los doce pasos<\/mark><\/strong><br>Los Doce Pasos de ITAA son el n\u00facleo espiritual de nuestro programa y la base de nuestra recuperaci\u00f3n a largo plazo.&nbsp;<\/p>\n\n\n\n<p><strong><mark style=\"background-color:rgba(0, 0, 0, 0)\" class=\"has-inline-color has-dark-gray-color\">Patrocinio<\/mark><\/strong><br>Buscamos un padrino experimentado y sobrio que pueda apoyarnos en el trabajo de los Pasos.&nbsp;<\/p>\n\n\n\n<p><strong><mark style=\"background-color:rgba(0, 0, 0, 0)\" class=\"has-inline-color has-dark-gray-color\">Descubriendo nuestro Poder Superior<\/mark><\/strong><br>Nos rendimos a un Poder superior a nosotros mismos, y se nos invita a elegir cualquier concepto de un Poder Superior que nos resulte m\u00e1s \u00fatil en nuestra propia recuperaci\u00f3n.&nbsp;<\/p>\n\n\n\n<p><strong><mark style=\"background-color:rgba(0, 0, 0, 0)\" class=\"has-inline-color has-dark-gray-color\">Reuniones<\/mark><\/strong><br>Las reuniones nos conectan con la experiencia, la fuerza y la esperanza de los dem\u00e1s y profundizan en nuestra recuperaci\u00f3n.<\/p>\n\n\n\n<p><strong><mark style=\"background-color:rgba(0, 0, 0, 0)\" class=\"has-inline-color has-dark-gray-color\">Llamadas de divulgaci\u00f3n<\/mark><\/strong><br>Las llamadas de acercamiento nos ayudan a mantenernos conectados, apoyados y sobrios, ya que nos dan la oportunidad de tender la mano cuando somos vulnerables y entablar amistades duraderas en recuperaci\u00f3n.&nbsp;<\/p>\n\n\n\n<p><strong><mark style=\"background-color:rgba(0, 0, 0, 0)\" class=\"has-inline-color has-dark-gray-color\">Servicio<\/mark><\/strong><br>El servicio nos mantiene sobrios y nos permite transmitir lo que hemos recibido tan gratuitamente.&nbsp;<\/p>\n\n\n\n<p><strong><mark style=\"background-color:rgba(0, 0, 0, 0)\" class=\"has-inline-color has-dark-gray-color\">Literatura<\/mark><\/strong><br>La literatura escrita sobre recuperaci\u00f3n nos ofrece sabidur\u00eda y perspicacia a medida que descubrimos nuestro camino hacia la sobriedad a largo plazo.&nbsp;&nbsp;&nbsp;<\/p>\n\n\n\n<p><strong><mark style=\"background-color:rgba(0, 0, 0, 0)\" class=\"has-inline-color has-dark-gray-color\">Oraci\u00f3n y Meditaci\u00f3n<\/mark><\/strong><br>Utilizamos pr\u00e1cticas como la oraci\u00f3n y la meditaci\u00f3n para profundizar en nuestro contacto consciente con un Poder superior a nosotros mismos que puede devolvernos la cordura.<\/p>\n\n\n\n<p><strong><mark style=\"background-color:rgba(0, 0, 0, 0)\" class=\"has-inline-color has-dark-gray-color\">L\u00edneas altas, l\u00edneas medias, l\u00edneas bajas<\/mark><\/strong><br>Las l\u00edneas superiores son las actividades que nos ayudan a satisfacer nuestras necesidades de forma saludable, las l\u00edneas intermedias son los comportamientos y situaciones que alimentan nuestro impulso de actuar y las l\u00edneas inferiores son los comportamientos que nos resultan constantemente compulsivos y autodestructivos. Nos abstenemos de nuestras l\u00edneas inferiores.<\/p>\n\n\n\n<p><strong><mark style=\"background-color:rgba(0, 0, 0, 0)\" class=\"has-inline-color has-dark-gray-color\">Abandonar el uso innecesario de la tecnolog\u00eda<\/mark><\/strong><br>Evitamos la distracci\u00f3n, la evasi\u00f3n o el adormecimiento de nuestras emociones a trav\u00e9s del uso innecesario de Internet y la tecnolog\u00eda, buscando en su lugar utilizar la tecnolog\u00eda en alineaci\u00f3n con nuestros valores y la voluntad de nuestro Poder Superior para nosotros.<\/p>\n\n\n\n<p><strong><mark style=\"background-color:rgba(0, 0, 0, 0)\" class=\"has-inline-color has-dark-gray-color\">Abstinencia temporal<\/mark><\/strong><br>Podemos comprometernos a un periodo de abstinencia temporal de un determinado comportamiento relacionado con Internet y la tecnolog\u00eda para experimentar la vida sin \u00e9l.&nbsp;<\/p>\n\n\n\n<p><strong><mark style=\"background-color:rgba(0, 0, 0, 0)\" class=\"has-inline-color has-dark-gray-color\">Un d\u00eda a la vez<\/mark><\/strong><br>En lugar de lidiar con un compromiso para toda la vida, simplemente nos centramos en mantenernos sobrios durante las pr\u00f3ximas 24 horas.&nbsp;<\/p>\n\n\n\n<p><mark style=\"background-color:rgba(0, 0, 0, 0)\" class=\"has-inline-color has-dark-gray-color\"><strong>Plan de acci\u00f3n<\/strong><br><\/mark>Creamos planes de acci\u00f3n en torno a situaciones desafiantes que podr\u00edan desestabilizar nuestra sobriedad.\u00a0<\/p>\n\n\n\n<p><strong><mark style=\"background-color:rgba(0, 0, 0, 0)\" class=\"has-inline-color has-dark-gray-color\">Respondiendo a los impulsos<\/mark><\/strong><br>Si el ansia de consumir se dispara, recurrimos a nuestras herramientas de recuperaci\u00f3n y nos apoyamos en el programa hasta que se nos pasa el impulso.<\/p>\n\n\n\n<p><strong><mark style=\"background-color:rgba(0, 0, 0, 0)\" class=\"has-inline-color has-dark-gray-color\">Escribir un inventario del primer paso<\/mark><\/strong><br>Nos resulta \u00fatil escribir una historia sobre nosotros y nuestra adicci\u00f3n: c\u00f3mo era, c\u00f3mo cambi\u00f3 con el tiempo y c\u00f3mo es ahora.&nbsp;<\/p>\n\n\n\n<p><strong><mark style=\"background-color:rgba(0, 0, 0, 0)\" class=\"has-inline-color has-dark-gray-color\">registro de tiempo<\/mark><\/strong><br>Llevar un registro cronol\u00f3gico de todo el uso que hacemos de Internet y la tecnolog\u00eda puede ayudarnos a tener una perspectiva de nuestros patrones.&nbsp;<\/p>\n\n\n\n<p><strong><mark style=\"background-color:rgba(0, 0, 0, 0)\" class=\"has-inline-color has-dark-gray-color\">sujetalibros<\/mark><\/strong><br>Nos reservamos llamando o enviando un mensaje de texto a otro miembro antes y despu\u00e9s de una actividad en l\u00ednea o una situaci\u00f3n desencadenante.<\/p>\n\n\n\n<p><strong><mark style=\"background-color:rgba(0, 0, 0, 0)\" class=\"has-inline-color has-dark-gray-color\">Limitar el acceso a la tecnolog\u00eda<\/mark><\/strong><br>Nos desprendemos de aplicaciones, cuentas y dispositivos que han permitido nuestra adicci\u00f3n a la tecnolog\u00eda, confiando en que podemos vivir una vida plena en su ausencia.<\/p>\n\n\n\n<p><strong><mark style=\"background-color:rgba(0, 0, 0, 0)\" class=\"has-inline-color has-dark-gray-color\">Alternativas fuera de l\u00ednea<\/mark><\/strong><br>Pensamos en formas de alcanzar nuestros objetivos sin recurrir a la tecnolog\u00eda, y puede que descubramos que las herramientas anal\u00f3gicas satisfacen nuestras necesidades igual o mejor que sus equivalentes digitales.<\/p>\n\n\n\n<p><strong><mark style=\"background-color:rgba(0, 0, 0, 0)\" class=\"has-inline-color has-dark-gray-color\">Tomar tiempo para alejarnos de la tecnolog\u00eda<\/mark><\/strong><br>Nos alejamos de todas las pantallas cuando nos sentimos temblorosos, permiti\u00e9ndonos espacio para restablecer nuestro equilibrio y mejorar nuestro contacto consciente con nuestro Poder Superior.<\/p>\n\n\n\n<p><strong><mark style=\"background-color:rgba(0, 0, 0, 0)\" class=\"has-inline-color has-dark-gray-color\">Diario<\/mark><\/strong><br>Llevar un diario sobre nuestros sentimientos, luchas y objetivos, ya sea a trav\u00e9s de la escritura libre o de inventarios diarios del D\u00e9cimo Paso, nos ayuda a desarrollar la perspectiva.&nbsp;&nbsp;<\/p>\n\n\n\n<p><strong><mark style=\"background-color:rgba(0, 0, 0, 0)\" class=\"has-inline-color has-dark-gray-color\">Revisi\u00f3n de las reca\u00eddas<\/mark><\/strong><br>Si recaemos, revisamos suavemente lo sucedido, identificando los factores que nos llevaron a recaer y lo que puede ser necesario cambiar en nuestro programa de recuperaci\u00f3n de cara al futuro.<\/p>\n\n\n\n<p><strong><mark style=\"background-color:rgba(0, 0, 0, 0)\" class=\"has-inline-color has-dark-gray-color\">Autocuidado f\u00edsico<\/mark><\/strong><br>Damos prioridad a nuestro autocuidado f\u00edsico mediante el ejercicio, el sue\u00f1o, la dieta, la higiene y la atenci\u00f3n m\u00e9dica.&nbsp;<\/p>\n\n\n\n<p><mark style=\"background-color:rgba(0, 0, 0, 0)\" class=\"has-inline-color has-dark-gray-color\"><strong>Comunidad en persona<\/strong><br><\/mark>Conectamos y profundizamos en persona nuestras relaciones con amigos, familiares y nuestra comunidad en general.<\/p>\n\n\n\n<p><strong><mark style=\"background-color:rgba(0, 0, 0, 0)\" class=\"has-inline-color has-dark-gray-color\">Desarrollar aficiones, pasiones y actividades<\/mark><\/strong><br>En la sobriedad, invertimos nuestro tiempo en intereses y pasiones nuevos o descuidados, lo que aporta una mayor plenitud a nuestras vidas.<\/p>\n\n\n\n<p><strong><mark style=\"background-color:rgba(0, 0, 0, 0)\" class=\"has-inline-color has-dark-gray-color\">Reconocer otras compulsiones<\/mark><\/strong><br>A medida que encontramos la abstinencia en ITAA, podemos notar que surgen otros comportamientos compulsivos y buscamos orientaci\u00f3n de otros para abordarlos.<\/p>\n\n\n\n<p><mark style=\"background-color:rgba(0, 0, 0, 0)\" class=\"has-inline-color has-dark-gray-color\"><strong>ayuda externa<\/strong><br><\/mark>Hacemos uso de recursos externos, incluyendo otras hermandades de Doce Pasos y ayuda profesional.<\/p>\n\n\n\n<hr class=\"wp-block-separator has-alpha-channel-opacity is-style-wide\"\/>\n\n\n\n<p> <\/p>\n\n\n\n<p id=\"block-064b8179-f2e2-4ec2-84cc-83680bf0c928\"><em>Esta p\u00e1gina ha sido redactada por el Comit\u00e9 de Contenidos Web de ITAA. Si desea compartir sus comentarios o contribuir a nuestros esfuerzos, nos encantar\u00eda saber de usted o que se uniera a una de nuestras reuniones. Encontrar\u00e1 m\u00e1s informaci\u00f3n en la p\u00e1gina <a href=\"https:\/\/internetaddictsanonymous.org\/es\/puestos-de-servicio-abiertos\/\">Comit\u00e9s de Servicio<\/a> p\u00e1gina.<\/em><\/p>\n<!-- PMB print buttons is only displayed on a single post\/page URLs-->","protected":false},"excerpt":{"rendered":"<p>A continuaci\u00f3n se presentan formularios breves de nuestras herramientas de recuperaci\u00f3n a los que podemos hacer referencia f\u00e1cilmente o leer en voz alta en nuestras reuniones. Diferentes miembros han encontrado \u00fatiles diferentes herramientas y, a menudo, las herramientas que utilizamos cambian con el tiempo. Los Doce Pasos Los Doce Pasos de ITAA son el n\u00facleo espiritual de nuestro programa y la base... <a href=\"https:\/\/internetaddictsanonymous.org\/es\/tools-of-recovery-short-forms\/\" class=\"more-link\">Seguir leyendo <span class=\"screen-reader-text\">Herramientas de recuperaci\u00f3n: Formularios breves<\/span><\/a><\/p>","protected":false},"author":35194237,"featured_media":0,"parent":0,"menu_order":0,"comment_status":"closed","ping_status":"closed","template":"full-width-page.php","meta":{"inline_featured_image":false,"_lmt_disableupdate":"","_lmt_disable":"","jetpack_post_was_ever_published":false,"footnotes":""},"tags":[],"class_list":["post-16623","page","type-page","status-publish","hentry"],"yoast_head":"<!-- This site is optimized with the Yoast SEO plugin v27.3 - https:\/\/yoast.com\/product\/yoast-seo-wordpress\/ -->\n<title>Tools of Recovery: Short Forms &#8211; Internet and Technology Addicts Anonymous<\/title>\n<meta name=\"robots\" content=\"index, follow, max-snippet:-1, max-image-preview:large, max-video-preview:-1\" \/>\n<link rel=\"canonical\" href=\"https:\/\/internetaddictsanonymous.org\/es\/herramientas-de-recuperacion-formularios-breves\/\" \/>\n<meta property=\"og:locale\" content=\"es_MX\" \/>\n<meta property=\"og:type\" content=\"article\" \/>\n<meta property=\"og:title\" content=\"Tools of Recovery: Short Forms &#8211; Internet and Technology Addicts Anonymous\" \/>\n<meta property=\"og:description\" content=\"Below are short forms of our tools of recovery that we can easily reference or read aloud in our meetings. Different members have found different tools to be helpful, and often the tools we use change over time. The Twelve StepsThe Twelve Steps of ITAA are the spiritual core of our program and the basis &hellip; Seguir leyendo Tools of Recovery: Short Forms\" \/>\n<meta property=\"og:url\" content=\"https:\/\/internetaddictsanonymous.org\/es\/herramientas-de-recuperacion-formularios-breves\/\" \/>\n<meta property=\"og:site_name\" content=\"Internet and Technology Addicts Anonymous\" \/>\n<meta property=\"article:modified_time\" content=\"2023-08-26T19:08:22+00:00\" \/>\n<meta name=\"twitter:card\" content=\"summary_large_image\" \/>\n<meta name=\"twitter:label1\" content=\"Tiempo de lectura\" \/>\n\t<meta name=\"twitter:data1\" content=\"4 minutos\" \/>\n<script type=\"application\/ld+json\" class=\"yoast-schema-graph\">{\"@context\":\"https:\\\/\\\/schema.org\",\"@graph\":[{\"@type\":\"WebPage\",\"@id\":\"https:\\\/\\\/internetaddictsanonymous.org\\\/tools-of-recovery-short-forms\\\/\",\"url\":\"https:\\\/\\\/internetaddictsanonymous.org\\\/tools-of-recovery-short-forms\\\/\",\"name\":\"Tools of Recovery: Short Forms &#8211; Internet and Technology Addicts Anonymous\",\"isPartOf\":{\"@id\":\"https:\\\/\\\/internetaddictsanonymous.org\\\/#website\"},\"datePublished\":\"2023-08-19T17:56:19+00:00\",\"dateModified\":\"2023-08-26T19:08:22+00:00\",\"breadcrumb\":{\"@id\":\"https:\\\/\\\/internetaddictsanonymous.org\\\/tools-of-recovery-short-forms\\\/#breadcrumb\"},\"inLanguage\":\"es\",\"potentialAction\":[{\"@type\":\"ReadAction\",\"target\":[\"https:\\\/\\\/internetaddictsanonymous.org\\\/tools-of-recovery-short-forms\\\/\"]}]},{\"@type\":\"BreadcrumbList\",\"@id\":\"https:\\\/\\\/internetaddictsanonymous.org\\\/tools-of-recovery-short-forms\\\/#breadcrumb\",\"itemListElement\":[{\"@type\":\"ListItem\",\"position\":1,\"name\":\"Home\",\"item\":\"https:\\\/\\\/internetaddictsanonymous.org\\\/\"},{\"@type\":\"ListItem\",\"position\":2,\"name\":\"Tools of Recovery: Short Forms\"}]},{\"@type\":\"WebSite\",\"@id\":\"https:\\\/\\\/internetaddictsanonymous.org\\\/#website\",\"url\":\"https:\\\/\\\/internetaddictsanonymous.org\\\/\",\"name\":\"Internet and Technology Addicts Anonymous\",\"description\":\"Worldwide 12-step Fellowship for Internet and Technology Addiction\",\"publisher\":{\"@id\":\"https:\\\/\\\/internetaddictsanonymous.org\\\/#organization\"},\"potentialAction\":[{\"@type\":\"SearchAction\",\"target\":{\"@type\":\"EntryPoint\",\"urlTemplate\":\"https:\\\/\\\/internetaddictsanonymous.org\\\/?s={search_term_string}\"},\"query-input\":{\"@type\":\"PropertyValueSpecification\",\"valueRequired\":true,\"valueName\":\"search_term_string\"}}],\"inLanguage\":\"es\"},{\"@type\":\"Organization\",\"@id\":\"https:\\\/\\\/internetaddictsanonymous.org\\\/#organization\",\"name\":\"Internet and Technology Addicts Anonymous\",\"url\":\"https:\\\/\\\/internetaddictsanonymous.org\\\/\",\"logo\":{\"@type\":\"ImageObject\",\"inLanguage\":\"es\",\"@id\":\"https:\\\/\\\/internetaddictsanonymous.org\\\/#\\\/schema\\\/logo\\\/image\\\/\",\"url\":\"https:\\\/\\\/internetaddictsanonymous.org\\\/wp-content\\\/uploads\\\/2023\\\/01\\\/cropped-ITAA-logo-480px.png\",\"contentUrl\":\"https:\\\/\\\/internetaddictsanonymous.org\\\/wp-content\\\/uploads\\\/2023\\\/01\\\/cropped-ITAA-logo-480px.png\",\"width\":480,\"height\":480,\"caption\":\"Internet and Technology Addicts Anonymous\"},\"image\":{\"@id\":\"https:\\\/\\\/internetaddictsanonymous.org\\\/#\\\/schema\\\/logo\\\/image\\\/\"}}]}<\/script>\n<!-- \/ Yoast SEO plugin. -->","yoast_head_json":{"title":"Herramientas de recuperaci\u00f3n: Formularios breves - Adictos a Internet y a la Tecnolog\u00eda An\u00f3nimos","robots":{"index":"index","follow":"follow","max-snippet":"max-snippet:-1","max-image-preview":"max-image-preview:large","max-video-preview":"max-video-preview:-1"},"canonical":"https:\/\/internetaddictsanonymous.org\/es\/herramientas-de-recuperacion-formularios-breves\/","og_locale":"es_MX","og_type":"article","og_title":"Tools of Recovery: Short Forms &#8211; Internet and Technology Addicts Anonymous","og_description":"Below are short forms of our tools of recovery that we can easily reference or read aloud in our meetings. Different members have found different tools to be helpful, and often the tools we use change over time. The Twelve StepsThe Twelve Steps of ITAA are the spiritual core of our program and the basis &hellip; Seguir leyendo Tools of Recovery: Short Forms","og_url":"https:\/\/internetaddictsanonymous.org\/es\/herramientas-de-recuperacion-formularios-breves\/","og_site_name":"Internet and Technology Addicts Anonymous","article_modified_time":"2023-08-26T19:08:22+00:00","twitter_card":"summary_large_image","twitter_misc":{"Tiempo de lectura":"4 minutos"},"schema":{"@context":"https:\/\/schema.org","@graph":[{"@type":"WebPage","@id":"https:\/\/internetaddictsanonymous.org\/tools-of-recovery-short-forms\/","url":"https:\/\/internetaddictsanonymous.org\/tools-of-recovery-short-forms\/","name":"Herramientas de recuperaci\u00f3n: Formularios breves - Adictos a Internet y a la Tecnolog\u00eda An\u00f3nimos","isPartOf":{"@id":"https:\/\/internetaddictsanonymous.org\/#website"},"datePublished":"2023-08-19T17:56:19+00:00","dateModified":"2023-08-26T19:08:22+00:00","breadcrumb":{"@id":"https:\/\/internetaddictsanonymous.org\/tools-of-recovery-short-forms\/#breadcrumb"},"inLanguage":"es","potentialAction":[{"@type":"ReadAction","target":["https:\/\/internetaddictsanonymous.org\/tools-of-recovery-short-forms\/"]}]},{"@type":"BreadcrumbList","@id":"https:\/\/internetaddictsanonymous.org\/tools-of-recovery-short-forms\/#breadcrumb","itemListElement":[{"@type":"ListItem","position":1,"name":"Home","item":"https:\/\/internetaddictsanonymous.org\/"},{"@type":"ListItem","position":2,"name":"Tools of Recovery: Short Forms"}]},{"@type":"WebSite","@id":"https:\/\/internetaddictsanonymous.org\/#website","url":"https:\/\/internetaddictsanonymous.org\/","name":"Adictos a Internet y la Tecnolog\u00eda An\u00f3nimos","description":"Comunidad mundial de 12 pasos para la adicci\u00f3n a Internet y a la tecnolog\u00eda","publisher":{"@id":"https:\/\/internetaddictsanonymous.org\/#organization"},"potentialAction":[{"@type":"SearchAction","target":{"@type":"EntryPoint","urlTemplate":"https:\/\/internetaddictsanonymous.org\/?s={search_term_string}"},"query-input":{"@type":"PropertyValueSpecification","valueRequired":true,"valueName":"search_term_string"}}],"inLanguage":"es"},{"@type":"Organization","@id":"https:\/\/internetaddictsanonymous.org\/#organization","name":"Adictos a Internet y la Tecnolog\u00eda An\u00f3nimos","url":"https:\/\/internetaddictsanonymous.org\/","logo":{"@type":"ImageObject","inLanguage":"es","@id":"https:\/\/internetaddictsanonymous.org\/#\/schema\/logo\/image\/","url":"https:\/\/internetaddictsanonymous.org\/wp-content\/uploads\/2023\/01\/cropped-ITAA-logo-480px.png","contentUrl":"https:\/\/internetaddictsanonymous.org\/wp-content\/uploads\/2023\/01\/cropped-ITAA-logo-480px.png","width":480,"height":480,"caption":"Internet and Technology Addicts Anonymous"},"image":{"@id":"https:\/\/internetaddictsanonymous.org\/#\/schema\/logo\/image\/"}}]}},"jetpack_sharing_enabled":true,"jetpack_shortlink":"https:\/\/wp.me\/P9Fwob-4k7","_links":{"self":[{"href":"https:\/\/internetaddictsanonymous.org\/es\/wp-json\/wp\/v2\/pages\/16623","targetHints":{"allow":["GET"]}}],"collection":[{"href":"https:\/\/internetaddictsanonymous.org\/es\/wp-json\/wp\/v2\/pages"}],"about":[{"href":"https:\/\/internetaddictsanonymous.org\/es\/wp-json\/wp\/v2\/types\/page"}],"author":[{"embeddable":true,"href":"https:\/\/internetaddictsanonymous.org\/es\/wp-json\/wp\/v2\/users\/35194237"}],"replies":[{"embeddable":true,"href":"https:\/\/internetaddictsanonymous.org\/es\/wp-json\/wp\/v2\/comments?post=16623"}],"version-history":[{"count":23,"href":"https:\/\/internetaddictsanonymous.org\/es\/wp-json\/wp\/v2\/pages\/16623\/revisions"}],"predecessor-version":[{"id":16675,"href":"https:\/\/internetaddictsanonymous.org\/es\/wp-json\/wp\/v2\/pages\/16623\/revisions\/16675"}],"wp:attachment":[{"href":"https:\/\/internetaddictsanonymous.org\/es\/wp-json\/wp\/v2\/media?parent=16623"}],"wp:term":[{"taxonomy":"post_tag","embeddable":true,"href":"https:\/\/internetaddictsanonymous.org\/es\/wp-json\/wp\/v2\/tags?post=16623"}],"curies":[{"name":"wp","href":"https:\/\/api.w.org\/{rel}","templated":true}]}}