{"id":16759,"date":"2023-09-03T14:47:44","date_gmt":"2023-09-03T18:47:44","guid":{"rendered":"https:\/\/internetaddictsanonymous.org\/?page_id=16759"},"modified":"2023-09-03T14:47:56","modified_gmt":"2023-09-03T18:47:56","slug":"ponerse-en-forma-para-sonar","status":"publish","type":"page","link":"https:\/\/internetaddictsanonymous.org\/es\/recovery-stories\/becoming-fit-to-dream\/","title":{"rendered":"Ser apto para so\u00f1ar"},"content":{"rendered":"<p><a href=\"https:\/\/drive.google.com\/file\/d\/1sa9dBP0TMQeO_q1tzpWsT1CYh99mLj03\/view?usp=sharing\" target=\"_blank\" rel=\"noreferrer noopener\"><em>PDF para imprimir<\/em><\/a><\/p>\n\n\n\n<p>Antes de entrar en ITAA me sent\u00eda como si me hubiera ca\u00eddo de un acantilado, y yac\u00eda rota y sola en el fondo. Cre\u00eda que no hab\u00eda forma de salir del oscuro agujero de la ruptura que sent\u00eda. Algo en m\u00ed sab\u00eda que mi supervivencia depend\u00eda de escalar ese acantilado y salir de \u00e9l, pero por mi propia fuerza de voluntad no cre\u00eda que pudiera siquiera empezar.&nbsp;<\/p>\n\n\n\n<p>Abrumado y vencido por la verg\u00fcenza, escond\u00eda los ojos y dejaba caer la cabeza a un lado. Fijaba la mirada en la imagen en movimiento de la pantalla, hipnotiz\u00e1ndome, disoci\u00e1ndome de mi estado de ca\u00edda.<\/p>\n\n\n\n<p>Llegu\u00e9 a ITAA la noche despu\u00e9s de una borrachera de streaming que dur\u00f3 hasta las 4 AM. Me despert\u00e9 sintiendo esa ruptura en el fondo del acantilado. Estaba deprimida, ansiosa, frustrada y desesperada por encontrar una soluci\u00f3n. No pod\u00eda despegarme de la pantalla y no pod\u00eda seguir as\u00ed. Encontr\u00e9 el sitio web de la ITAA, vi que hab\u00eda una reuni\u00f3n en 10 minutos y me met\u00ed.&nbsp;<\/p>\n\n\n\n<p>Aquel d\u00eda, los rostros de las personas en recuperaci\u00f3n empezaron a asomar por el precipicio. Escuch\u00e9 las voces que resonaban con mi experiencia y ped\u00ed ayuda. Empezaron a aparecer cuerdas. Personas que se convertir\u00edan en familiares bajaron a mi encuentro. Uno me dio un trago profundo de conexi\u00f3n, mientras otro me ayudaba a revisar mis heridas. Otro me sent\u00f3 y uno m\u00e1s me dijo: \"Intenta ponerte de pie\".&nbsp;<\/p>\n\n\n\n<p>Temblorosa, pero sobre mis propios pies, fui capaz de mantenerme en pie. Los que est\u00e1n en recuperaci\u00f3n me dijeron: \"Hay una manera de salir de este lugar en 12 pasos. S\u00f3lo tienes que darlos de uno en uno\". Me ense\u00f1aron las cuerdas y los sistemas de poleas. Me dijeron: \"No vas a tener que salir solo. Eng\u00e1nchate a este compa\u00f1ero; es un buen escalador. Saben usar la gu\u00eda\".<\/p>\n\n\n\n<p>Segu\u00eda sintiendo un peso que tiraba de m\u00ed. Ansiaba el estado disociativo que me proporcionaba la tecnolog\u00eda. Me sent\u00eda arrastrado por la gravedad de la salida f\u00e1cil de emociones dif\u00edciles y de una vida ingobernable. Aunque quer\u00eda hundirme en el hipnotismo de la pantalla, mis ojos ten\u00edan la mirada puesta en una soluci\u00f3n mucho m\u00e1s poderosa. \u00c9sta era la clave. Di un paso. Sub\u00ed a un saliente y mientras intentaba elevarme, algo me levant\u00f3.&nbsp;<\/p>\n\n\n\n<p>Hasta ahora cre\u00eda que necesitaba fuerza de voluntad para levantarme, pero esa creencia era una ficci\u00f3n. Tengo Reuniones y Compa\u00f1erismo. Tengo un programa de recuperaci\u00f3n. Tengo los Pasos. Tengo una relaci\u00f3n con un Poder Superior de mi propio entendimiento. Tengo un padrino. Tengo personas en todo el mundo a las que puedo llamar a cualquier hora del d\u00eda. Toda la fuerza de estas palancas y cuerdas hacen por m\u00ed lo que nunca podr\u00eda hacer yo solo.<\/p>\n\n\n\n<p>Todav\u00eda tengo pasos por delante, algunos que parecen aterradores y complejos. Sin embargo, en alg\u00fan momento de este viaje he empezado a experimentar una forma f\u00edsica. Una forma f\u00edsica del coraz\u00f3n y de la mente; una forma f\u00edsica espiritual que me ayuda a escalar. Hay paredes escarpadas, con pocos asideros por delante, pero no puedo caerme muy lejos. Mi cuerda est\u00e1 bien sujeta a la confraternidad.&nbsp;<\/p>\n\n\n\n<p>Yo no soy la persona que empez\u00f3 este viaje. Mi quebrantamiento al principio me prepar\u00f3 para pedir ayuda. Esa ayuda lleg\u00f3 con creces cuando entr\u00e9 en ITAA y busqu\u00e9 ayuda constantemente. Cooperar con este apoyo me ha puesto en forma. Ahora estoy en condiciones de so\u00f1ar.<\/p>\n<!-- PMB print buttons is only displayed on a single post\/page URLs-->","protected":false},"excerpt":{"rendered":"<p>PDF para imprimir Antes de entrar en ITAA me sent\u00eda como si me hubiera ca\u00eddo de un acantilado, y estuviera rota y sola en el fondo. Cre\u00eda que no hab\u00eda forma de salir del oscuro agujero de la ruptura que sent\u00eda. Algo en m\u00ed sab\u00eda que mi supervivencia depend\u00eda de escalar ese ... <a href=\"https:\/\/internetaddictsanonymous.org\/es\/recovery-stories\/becoming-fit-to-dream\/\" class=\"more-link\">Seguir leyendo <span class=\"screen-reader-text\">Ser apto para so\u00f1ar<\/span><\/a><\/p>","protected":false},"author":35194237,"featured_media":0,"parent":9835,"menu_order":0,"comment_status":"closed","ping_status":"closed","template":"full-width-page.php","meta":{"inline_featured_image":false,"_lmt_disableupdate":"","_lmt_disable":"","footnotes":""},"tags":[],"class_list":["post-16759","page","type-page","status-publish","hentry"],"yoast_head":"<!-- This site is optimized with the Yoast SEO plugin v27.5 - https:\/\/yoast.com\/product\/yoast-seo-wordpress\/ -->\n<title>Becoming Fit to Dream &#8211; Internet and Technology Addicts Anonymous<\/title>\n<meta name=\"robots\" content=\"index, follow, max-snippet:-1, max-image-preview:large, max-video-preview:-1\" \/>\n<link rel=\"canonical\" href=\"https:\/\/internetaddictsanonymous.org\/es\/historias-de-recuperacion\/ponerse-en-forma-para-sonar\/\" \/>\n<meta property=\"og:locale\" content=\"es_MX\" \/>\n<meta property=\"og:type\" content=\"article\" \/>\n<meta property=\"og:title\" content=\"Becoming Fit to Dream &#8211; Internet and Technology Addicts Anonymous\" \/>\n<meta property=\"og:description\" content=\"Printable PDF Before I came into ITAA I felt like I had fallen from a cliff, and was lying broken and alone at the bottom. I believed there was no way I would ever pull myself out of the dark hole of brokenness I felt. Something in me knew my survival depended on climbing that &hellip; Seguir leyendo Becoming Fit to Dream\" \/>\n<meta property=\"og:url\" content=\"https:\/\/internetaddictsanonymous.org\/es\/historias-de-recuperacion\/ponerse-en-forma-para-sonar\/\" \/>\n<meta property=\"og:site_name\" content=\"Internet and Technology Addicts Anonymous\" \/>\n<meta property=\"article:modified_time\" content=\"2023-09-03T18:47:56+00:00\" \/>\n<meta name=\"twitter:card\" content=\"summary_large_image\" \/>\n<script type=\"application\/ld+json\" class=\"yoast-schema-graph\">{\"@context\":\"https:\\\/\\\/schema.org\",\"@graph\":[{\"@type\":\"WebPage\",\"@id\":\"https:\\\/\\\/internetaddictsanonymous.org\\\/recovery-stories\\\/becoming-fit-to-dream\\\/\",\"url\":\"https:\\\/\\\/internetaddictsanonymous.org\\\/recovery-stories\\\/becoming-fit-to-dream\\\/\",\"name\":\"Becoming Fit to Dream &#8211; Internet and Technology Addicts Anonymous\",\"isPartOf\":{\"@id\":\"https:\\\/\\\/internetaddictsanonymous.org\\\/#website\"},\"datePublished\":\"2023-09-03T18:47:44+00:00\",\"dateModified\":\"2023-09-03T18:47:56+00:00\",\"breadcrumb\":{\"@id\":\"https:\\\/\\\/internetaddictsanonymous.org\\\/recovery-stories\\\/becoming-fit-to-dream\\\/#breadcrumb\"},\"inLanguage\":\"es\",\"potentialAction\":[{\"@type\":\"ReadAction\",\"target\":[\"https:\\\/\\\/internetaddictsanonymous.org\\\/recovery-stories\\\/becoming-fit-to-dream\\\/\"]}]},{\"@type\":\"BreadcrumbList\",\"@id\":\"https:\\\/\\\/internetaddictsanonymous.org\\\/recovery-stories\\\/becoming-fit-to-dream\\\/#breadcrumb\",\"itemListElement\":[{\"@type\":\"ListItem\",\"position\":1,\"name\":\"Home\",\"item\":\"https:\\\/\\\/internetaddictsanonymous.org\\\/\"},{\"@type\":\"ListItem\",\"position\":2,\"name\":\"Recovery Stories\",\"item\":\"https:\\\/\\\/internetaddictsanonymous.org\\\/recovery-stories\\\/\"},{\"@type\":\"ListItem\",\"position\":3,\"name\":\"Becoming Fit to Dream\"}]},{\"@type\":\"WebSite\",\"@id\":\"https:\\\/\\\/internetaddictsanonymous.org\\\/#website\",\"url\":\"https:\\\/\\\/internetaddictsanonymous.org\\\/\",\"name\":\"Internet and Technology Addicts Anonymous\",\"description\":\"Worldwide 12-step Fellowship for Internet and Technology Addiction\",\"publisher\":{\"@id\":\"https:\\\/\\\/internetaddictsanonymous.org\\\/#organization\"},\"potentialAction\":[{\"@type\":\"SearchAction\",\"target\":{\"@type\":\"EntryPoint\",\"urlTemplate\":\"https:\\\/\\\/internetaddictsanonymous.org\\\/?s={search_term_string}\"},\"query-input\":{\"@type\":\"PropertyValueSpecification\",\"valueRequired\":true,\"valueName\":\"search_term_string\"}}],\"inLanguage\":\"es\"},{\"@type\":\"Organization\",\"@id\":\"https:\\\/\\\/internetaddictsanonymous.org\\\/#organization\",\"name\":\"Internet and Technology Addicts Anonymous\",\"url\":\"https:\\\/\\\/internetaddictsanonymous.org\\\/\",\"logo\":{\"@type\":\"ImageObject\",\"inLanguage\":\"es\",\"@id\":\"https:\\\/\\\/internetaddictsanonymous.org\\\/#\\\/schema\\\/logo\\\/image\\\/\",\"url\":\"https:\\\/\\\/internetaddictsanonymous.org\\\/wp-content\\\/uploads\\\/2023\\\/01\\\/cropped-ITAA-logo-480px.png\",\"contentUrl\":\"https:\\\/\\\/internetaddictsanonymous.org\\\/wp-content\\\/uploads\\\/2023\\\/01\\\/cropped-ITAA-logo-480px.png\",\"width\":480,\"height\":480,\"caption\":\"Internet and Technology Addicts Anonymous\"},\"image\":{\"@id\":\"https:\\\/\\\/internetaddictsanonymous.org\\\/#\\\/schema\\\/logo\\\/image\\\/\"}}]}<\/script>\n<!-- \/ Yoast SEO plugin. -->","yoast_head_json":{"title":"Volverse apto para so\u00f1ar - Adictos a Internet y a la Tecnolog\u00eda An\u00f3nimos","robots":{"index":"index","follow":"follow","max-snippet":"max-snippet:-1","max-image-preview":"max-image-preview:large","max-video-preview":"max-video-preview:-1"},"canonical":"https:\/\/internetaddictsanonymous.org\/es\/historias-de-recuperacion\/ponerse-en-forma-para-sonar\/","og_locale":"es_MX","og_type":"article","og_title":"Becoming Fit to Dream &#8211; Internet and Technology Addicts Anonymous","og_description":"Printable PDF Before I came into ITAA I felt like I had fallen from a cliff, and was lying broken and alone at the bottom. I believed there was no way I would ever pull myself out of the dark hole of brokenness I felt. Something in me knew my survival depended on climbing that &hellip; Seguir leyendo Becoming Fit to Dream","og_url":"https:\/\/internetaddictsanonymous.org\/es\/historias-de-recuperacion\/ponerse-en-forma-para-sonar\/","og_site_name":"Internet and Technology Addicts Anonymous","article_modified_time":"2023-09-03T18:47:56+00:00","twitter_card":"summary_large_image","schema":{"@context":"https:\/\/schema.org","@graph":[{"@type":"WebPage","@id":"https:\/\/internetaddictsanonymous.org\/recovery-stories\/becoming-fit-to-dream\/","url":"https:\/\/internetaddictsanonymous.org\/recovery-stories\/becoming-fit-to-dream\/","name":"Volverse apto para so\u00f1ar - Adictos a Internet y a la Tecnolog\u00eda An\u00f3nimos","isPartOf":{"@id":"https:\/\/internetaddictsanonymous.org\/#website"},"datePublished":"2023-09-03T18:47:44+00:00","dateModified":"2023-09-03T18:47:56+00:00","breadcrumb":{"@id":"https:\/\/internetaddictsanonymous.org\/recovery-stories\/becoming-fit-to-dream\/#breadcrumb"},"inLanguage":"es","potentialAction":[{"@type":"ReadAction","target":["https:\/\/internetaddictsanonymous.org\/recovery-stories\/becoming-fit-to-dream\/"]}]},{"@type":"BreadcrumbList","@id":"https:\/\/internetaddictsanonymous.org\/recovery-stories\/becoming-fit-to-dream\/#breadcrumb","itemListElement":[{"@type":"ListItem","position":1,"name":"Home","item":"https:\/\/internetaddictsanonymous.org\/"},{"@type":"ListItem","position":2,"name":"Recovery Stories","item":"https:\/\/internetaddictsanonymous.org\/recovery-stories\/"},{"@type":"ListItem","position":3,"name":"Becoming Fit to Dream"}]},{"@type":"WebSite","@id":"https:\/\/internetaddictsanonymous.org\/#website","url":"https:\/\/internetaddictsanonymous.org\/","name":"Adictos a Internet y la Tecnolog\u00eda An\u00f3nimos","description":"Comunidad mundial de 12 pasos para la adicci\u00f3n a Internet y a la tecnolog\u00eda","publisher":{"@id":"https:\/\/internetaddictsanonymous.org\/#organization"},"potentialAction":[{"@type":"SearchAction","target":{"@type":"EntryPoint","urlTemplate":"https:\/\/internetaddictsanonymous.org\/?s={search_term_string}"},"query-input":{"@type":"PropertyValueSpecification","valueRequired":true,"valueName":"search_term_string"}}],"inLanguage":"es"},{"@type":"Organization","@id":"https:\/\/internetaddictsanonymous.org\/#organization","name":"Adictos a Internet y la Tecnolog\u00eda An\u00f3nimos","url":"https:\/\/internetaddictsanonymous.org\/","logo":{"@type":"ImageObject","inLanguage":"es","@id":"https:\/\/internetaddictsanonymous.org\/#\/schema\/logo\/image\/","url":"https:\/\/internetaddictsanonymous.org\/wp-content\/uploads\/2023\/01\/cropped-ITAA-logo-480px.png","contentUrl":"https:\/\/internetaddictsanonymous.org\/wp-content\/uploads\/2023\/01\/cropped-ITAA-logo-480px.png","width":480,"height":480,"caption":"Internet and Technology Addicts Anonymous"},"image":{"@id":"https:\/\/internetaddictsanonymous.org\/#\/schema\/logo\/image\/"}}]}},"jetpack_sharing_enabled":true,"jetpack_shortlink":"https:\/\/wp.me\/P9Fwob-4mj","_links":{"self":[{"href":"https:\/\/internetaddictsanonymous.org\/es\/wp-json\/wp\/v2\/pages\/16759","targetHints":{"allow":["GET"]}}],"collection":[{"href":"https:\/\/internetaddictsanonymous.org\/es\/wp-json\/wp\/v2\/pages"}],"about":[{"href":"https:\/\/internetaddictsanonymous.org\/es\/wp-json\/wp\/v2\/types\/page"}],"author":[{"embeddable":true,"href":"https:\/\/internetaddictsanonymous.org\/es\/wp-json\/wp\/v2\/users\/35194237"}],"replies":[{"embeddable":true,"href":"https:\/\/internetaddictsanonymous.org\/es\/wp-json\/wp\/v2\/comments?post=16759"}],"version-history":[{"count":2,"href":"https:\/\/internetaddictsanonymous.org\/es\/wp-json\/wp\/v2\/pages\/16759\/revisions"}],"predecessor-version":[{"id":16761,"href":"https:\/\/internetaddictsanonymous.org\/es\/wp-json\/wp\/v2\/pages\/16759\/revisions\/16761"}],"up":[{"embeddable":true,"href":"https:\/\/internetaddictsanonymous.org\/es\/wp-json\/wp\/v2\/pages\/9835"}],"wp:attachment":[{"href":"https:\/\/internetaddictsanonymous.org\/es\/wp-json\/wp\/v2\/media?parent=16759"}],"wp:term":[{"taxonomy":"post_tag","embeddable":true,"href":"https:\/\/internetaddictsanonymous.org\/es\/wp-json\/wp\/v2\/tags?post=16759"}],"curies":[{"name":"wp","href":"https:\/\/api.w.org\/{rel}","templated":true}]}}