{"id":17226,"date":"2023-12-03T15:15:07","date_gmt":"2023-12-03T20:15:07","guid":{"rendered":"https:\/\/internetaddictsanonymous.org\/?page_id=17226"},"modified":"2025-03-02T11:35:39","modified_gmt":"2025-03-02T19:35:39","slug":"criterios-para-los-temas-del-orden-del-dia-sobre-el-ismo","status":"publish","type":"page","link":"https:\/\/internetaddictsanonymous.org\/es\/ism-agenda-item-criteria\/","title":{"rendered":"Criterios para los puntos del orden del d\u00eda del ISM"},"content":{"rendered":"<p>Cualquier miembro de ITAA puede enviar un tema de agenda a nuestras Reuniones de Servicio Internacional enviando un mensaje a trav\u00e9s del <a href=\"https:\/\/internetaddictsanonymous.org\/es\/contacto\/\">Formulario de contacto<\/a> a los Secretarios de la Reuni\u00f3n de Servicio Internacional. Antes de enviar un punto de la agenda, le recomendamos que tenga en cuenta los siguientes puntos:<\/p>\n\n\n\n<ul class=\"wp-block-list\">\n<li><strong>Espec\u00edfico: <\/strong>Las mociones son propuestas concretas para tomar una acci\u00f3n o decisi\u00f3n. Por lo general, especifican &quot;qu\u00e9&quot;, &quot;qui\u00e9n&quot;, &quot;cu\u00e1ndo&quot; y &quot;d\u00f3nde&quot;. En otras palabras, la moci\u00f3n es espec\u00edfica sobre lo que se propone, sobre qui\u00e9n se ver\u00e1 afectado o qui\u00e9n implementar\u00e1 la moci\u00f3n, sobre cu\u00e1ndo se llevar\u00e1 a cabo la moci\u00f3n y sobre d\u00f3nde se implementar\u00e1 la moci\u00f3n (por ejemplo, el gui\u00f3n, el sitio web, etc\u00e9tera).<\/li>\n\n\n\n<li><strong>Formateado: <\/strong>Las mociones suelen comenzar con las palabras &quot;Para&quot; o &quot;Eso&quot;. Un ejemplo de moci\u00f3n podr\u00eda leerse de la siguiente manera: <em>\u201cMoci\u00f3n: establecer un l\u00edmite de tiempo predeterminado de 2 minutos para compartir durante los ISM (aunque cualquiera puede hacer una moci\u00f3n durante un ISM para reducir o extender el l\u00edmite de tiempo, o eliminarlo), y agregar la siguiente l\u00ednea al script de ISM despu\u00e9s la secci\u00f3n de Informes: \u201c\u00bfAlguien estar\u00eda dispuesto a ofrecerse como voluntario para ser nuestro cronometrador hoy? Tendremos acciones de dos minutos con una advertencia de 30 segundos&#039;\u201d.<\/em><\/li>\n\n\n\n<li><strong>Conciso: <\/strong>Nuestro objetivo es mantener los temas del orden del d\u00eda en menos de 150 palabras.<\/li>\n\n\n\n<li><strong>Adecuado:<\/strong> Los puntos de la agenda no pueden romper el anonimato de otros miembros, directa o indirectamente, no deben menospreciar a otros miembros de ITAA, no pueden incluir descripciones gr\u00e1ficas de violencia o temas sexuales y no pueden incluir discriminaci\u00f3n.<\/li>\n<\/ul>\n\n\n\n<p>Adem\u00e1s de estos puntos, a menudo nos resulta \u00fatil familiarizarnos con los <a href=\"https:\/\/internetaddictsanonymous.org\/es\/12-pasos-de-itaa\/\">Doce Tradiciones<\/a>, teniendo en cuenta que el ISM no es una autoridad legislativa sino que opera al servicio de los grupos y de nuestros miembros. Algunas mociones (como sugerir una edici\u00f3n del sitio web o del gui\u00f3n de la reuni\u00f3n de muestra) tambi\u00e9n pueden ser manejadas mejor por uno de <a href=\"https:\/\/internetaddictsanonymous.org\/es\/puestos-de-servicio-abiertos\/\">nuestros comit\u00e9s<\/a>.<\/p>\n\n\n\n<p>Tenga en cuenta que los temas de la agenda tardar\u00e1n al menos 3 semanas antes de ser discutidos en un ISM, por lo que pueden ser necesarios varios ISM antes de que su tema de la agenda sea discutido.<\/p>\n<!-- PMB print buttons is only displayed on a single post\/page URLs-->","protected":false},"excerpt":{"rendered":"<p>Cualquier miembro de ITAA puede enviar un tema de agenda a nuestras Reuniones de Servicio Internacionales enviando un mensaje a trav\u00e9s del formulario de contacto a los Secretarios de las Reuniones de Servicio Internacionales. Antes de enviar un tema de la agenda, le recomendamos que tenga en cuenta los siguientes puntos: Adem\u00e1s de estos puntos, a menudo nos resulta \u00fatil familiarizarnos... <a href=\"https:\/\/internetaddictsanonymous.org\/es\/ism-agenda-item-criteria\/\" class=\"more-link\">Seguir leyendo <span class=\"screen-reader-text\">Criterios para los puntos del orden del d\u00eda del ISM<\/span><\/a><\/p>","protected":false},"author":35194237,"featured_media":0,"parent":0,"menu_order":0,"comment_status":"closed","ping_status":"closed","template":"full-width-page.php","meta":{"inline_featured_image":false,"_lmt_disableupdate":"","_lmt_disable":"","jetpack_post_was_ever_published":false,"footnotes":""},"tags":[],"class_list":["post-17226","page","type-page","status-publish","hentry"],"yoast_head":"<!-- This site is optimized with the Yoast SEO plugin v27.3 - https:\/\/yoast.com\/product\/yoast-seo-wordpress\/ -->\n<title>ISM Agenda Item Criteria &#8211; Internet and Technology Addicts Anonymous<\/title>\n<meta name=\"robots\" content=\"index, follow, max-snippet:-1, max-image-preview:large, max-video-preview:-1\" \/>\n<link rel=\"canonical\" href=\"https:\/\/internetaddictsanonymous.org\/es\/criterios-para-los-temas-del-orden-del-dia-sobre-el-ismo\/\" \/>\n<meta property=\"og:locale\" content=\"es_MX\" \/>\n<meta property=\"og:type\" content=\"article\" \/>\n<meta property=\"og:title\" content=\"ISM Agenda Item Criteria &#8211; Internet and Technology Addicts Anonymous\" \/>\n<meta property=\"og:description\" content=\"Any member of ITAA may submit an agenda item to our International Service Meetings by sending a message through the contact form to the International Service Meeting Secretaries. Before submitting an agenda item, we encourage you to keep the following points in mind: In addition to these points, we often find it helpful to familiarize &hellip; Seguir leyendo ISM Agenda Item Criteria\" \/>\n<meta property=\"og:url\" content=\"https:\/\/internetaddictsanonymous.org\/es\/criterios-para-los-temas-del-orden-del-dia-sobre-el-ismo\/\" \/>\n<meta property=\"og:site_name\" content=\"Internet and Technology Addicts Anonymous\" \/>\n<meta property=\"article:modified_time\" content=\"2025-03-02T19:35:39+00:00\" \/>\n<meta name=\"twitter:card\" content=\"summary_large_image\" \/>\n<meta name=\"twitter:label1\" content=\"Tiempo de lectura\" \/>\n\t<meta name=\"twitter:data1\" content=\"2 minutos\" \/>\n<script type=\"application\/ld+json\" class=\"yoast-schema-graph\">{\"@context\":\"https:\\\/\\\/schema.org\",\"@graph\":[{\"@type\":\"WebPage\",\"@id\":\"https:\\\/\\\/internetaddictsanonymous.org\\\/ism-agenda-item-criteria\\\/\",\"url\":\"https:\\\/\\\/internetaddictsanonymous.org\\\/ism-agenda-item-criteria\\\/\",\"name\":\"ISM Agenda Item Criteria &#8211; Internet and Technology Addicts Anonymous\",\"isPartOf\":{\"@id\":\"https:\\\/\\\/internetaddictsanonymous.org\\\/#website\"},\"datePublished\":\"2023-12-03T20:15:07+00:00\",\"dateModified\":\"2025-03-02T19:35:39+00:00\",\"breadcrumb\":{\"@id\":\"https:\\\/\\\/internetaddictsanonymous.org\\\/ism-agenda-item-criteria\\\/#breadcrumb\"},\"inLanguage\":\"es\",\"potentialAction\":[{\"@type\":\"ReadAction\",\"target\":[\"https:\\\/\\\/internetaddictsanonymous.org\\\/ism-agenda-item-criteria\\\/\"]}]},{\"@type\":\"BreadcrumbList\",\"@id\":\"https:\\\/\\\/internetaddictsanonymous.org\\\/ism-agenda-item-criteria\\\/#breadcrumb\",\"itemListElement\":[{\"@type\":\"ListItem\",\"position\":1,\"name\":\"Home\",\"item\":\"https:\\\/\\\/internetaddictsanonymous.org\\\/\"},{\"@type\":\"ListItem\",\"position\":2,\"name\":\"ISM Agenda Item Criteria\"}]},{\"@type\":\"WebSite\",\"@id\":\"https:\\\/\\\/internetaddictsanonymous.org\\\/#website\",\"url\":\"https:\\\/\\\/internetaddictsanonymous.org\\\/\",\"name\":\"Internet and Technology Addicts Anonymous\",\"description\":\"Worldwide 12-step Fellowship for Internet and Technology Addiction\",\"publisher\":{\"@id\":\"https:\\\/\\\/internetaddictsanonymous.org\\\/#organization\"},\"potentialAction\":[{\"@type\":\"SearchAction\",\"target\":{\"@type\":\"EntryPoint\",\"urlTemplate\":\"https:\\\/\\\/internetaddictsanonymous.org\\\/?s={search_term_string}\"},\"query-input\":{\"@type\":\"PropertyValueSpecification\",\"valueRequired\":true,\"valueName\":\"search_term_string\"}}],\"inLanguage\":\"es\"},{\"@type\":\"Organization\",\"@id\":\"https:\\\/\\\/internetaddictsanonymous.org\\\/#organization\",\"name\":\"Internet and Technology Addicts Anonymous\",\"url\":\"https:\\\/\\\/internetaddictsanonymous.org\\\/\",\"logo\":{\"@type\":\"ImageObject\",\"inLanguage\":\"es\",\"@id\":\"https:\\\/\\\/internetaddictsanonymous.org\\\/#\\\/schema\\\/logo\\\/image\\\/\",\"url\":\"https:\\\/\\\/internetaddictsanonymous.org\\\/wp-content\\\/uploads\\\/2023\\\/01\\\/cropped-ITAA-logo-480px.png\",\"contentUrl\":\"https:\\\/\\\/internetaddictsanonymous.org\\\/wp-content\\\/uploads\\\/2023\\\/01\\\/cropped-ITAA-logo-480px.png\",\"width\":480,\"height\":480,\"caption\":\"Internet and Technology Addicts Anonymous\"},\"image\":{\"@id\":\"https:\\\/\\\/internetaddictsanonymous.org\\\/#\\\/schema\\\/logo\\\/image\\\/\"}}]}<\/script>\n<!-- \/ Yoast SEO plugin. -->","yoast_head_json":{"title":"Criterios de los puntos de la agenda del ISM: Adictos a Internet y la tecnolog\u00eda An\u00f3nimos","robots":{"index":"index","follow":"follow","max-snippet":"max-snippet:-1","max-image-preview":"max-image-preview:large","max-video-preview":"max-video-preview:-1"},"canonical":"https:\/\/internetaddictsanonymous.org\/es\/criterios-para-los-temas-del-orden-del-dia-sobre-el-ismo\/","og_locale":"es_MX","og_type":"article","og_title":"ISM Agenda Item Criteria &#8211; Internet and Technology Addicts Anonymous","og_description":"Any member of ITAA may submit an agenda item to our International Service Meetings by sending a message through the contact form to the International Service Meeting Secretaries. Before submitting an agenda item, we encourage you to keep the following points in mind: In addition to these points, we often find it helpful to familiarize &hellip; Seguir leyendo ISM Agenda Item Criteria","og_url":"https:\/\/internetaddictsanonymous.org\/es\/criterios-para-los-temas-del-orden-del-dia-sobre-el-ismo\/","og_site_name":"Internet and Technology Addicts Anonymous","article_modified_time":"2025-03-02T19:35:39+00:00","twitter_card":"summary_large_image","twitter_misc":{"Tiempo de lectura":"2 minutos"},"schema":{"@context":"https:\/\/schema.org","@graph":[{"@type":"WebPage","@id":"https:\/\/internetaddictsanonymous.org\/ism-agenda-item-criteria\/","url":"https:\/\/internetaddictsanonymous.org\/ism-agenda-item-criteria\/","name":"Criterios de los puntos de la agenda del ISM: Adictos a Internet y la tecnolog\u00eda An\u00f3nimos","isPartOf":{"@id":"https:\/\/internetaddictsanonymous.org\/#website"},"datePublished":"2023-12-03T20:15:07+00:00","dateModified":"2025-03-02T19:35:39+00:00","breadcrumb":{"@id":"https:\/\/internetaddictsanonymous.org\/ism-agenda-item-criteria\/#breadcrumb"},"inLanguage":"es","potentialAction":[{"@type":"ReadAction","target":["https:\/\/internetaddictsanonymous.org\/ism-agenda-item-criteria\/"]}]},{"@type":"BreadcrumbList","@id":"https:\/\/internetaddictsanonymous.org\/ism-agenda-item-criteria\/#breadcrumb","itemListElement":[{"@type":"ListItem","position":1,"name":"Home","item":"https:\/\/internetaddictsanonymous.org\/"},{"@type":"ListItem","position":2,"name":"ISM Agenda Item Criteria"}]},{"@type":"WebSite","@id":"https:\/\/internetaddictsanonymous.org\/#website","url":"https:\/\/internetaddictsanonymous.org\/","name":"Adictos a Internet y la Tecnolog\u00eda An\u00f3nimos","description":"Comunidad mundial de 12 pasos para la adicci\u00f3n a Internet y a la tecnolog\u00eda","publisher":{"@id":"https:\/\/internetaddictsanonymous.org\/#organization"},"potentialAction":[{"@type":"SearchAction","target":{"@type":"EntryPoint","urlTemplate":"https:\/\/internetaddictsanonymous.org\/?s={search_term_string}"},"query-input":{"@type":"PropertyValueSpecification","valueRequired":true,"valueName":"search_term_string"}}],"inLanguage":"es"},{"@type":"Organization","@id":"https:\/\/internetaddictsanonymous.org\/#organization","name":"Adictos a Internet y la Tecnolog\u00eda An\u00f3nimos","url":"https:\/\/internetaddictsanonymous.org\/","logo":{"@type":"ImageObject","inLanguage":"es","@id":"https:\/\/internetaddictsanonymous.org\/#\/schema\/logo\/image\/","url":"https:\/\/internetaddictsanonymous.org\/wp-content\/uploads\/2023\/01\/cropped-ITAA-logo-480px.png","contentUrl":"https:\/\/internetaddictsanonymous.org\/wp-content\/uploads\/2023\/01\/cropped-ITAA-logo-480px.png","width":480,"height":480,"caption":"Internet and Technology Addicts Anonymous"},"image":{"@id":"https:\/\/internetaddictsanonymous.org\/#\/schema\/logo\/image\/"}}]}},"jetpack_sharing_enabled":true,"jetpack_shortlink":"https:\/\/wp.me\/P9Fwob-4tQ","_links":{"self":[{"href":"https:\/\/internetaddictsanonymous.org\/es\/wp-json\/wp\/v2\/pages\/17226","targetHints":{"allow":["GET"]}}],"collection":[{"href":"https:\/\/internetaddictsanonymous.org\/es\/wp-json\/wp\/v2\/pages"}],"about":[{"href":"https:\/\/internetaddictsanonymous.org\/es\/wp-json\/wp\/v2\/types\/page"}],"author":[{"embeddable":true,"href":"https:\/\/internetaddictsanonymous.org\/es\/wp-json\/wp\/v2\/users\/35194237"}],"replies":[{"embeddable":true,"href":"https:\/\/internetaddictsanonymous.org\/es\/wp-json\/wp\/v2\/comments?post=17226"}],"version-history":[{"count":17,"href":"https:\/\/internetaddictsanonymous.org\/es\/wp-json\/wp\/v2\/pages\/17226\/revisions"}],"predecessor-version":[{"id":19391,"href":"https:\/\/internetaddictsanonymous.org\/es\/wp-json\/wp\/v2\/pages\/17226\/revisions\/19391"}],"wp:attachment":[{"href":"https:\/\/internetaddictsanonymous.org\/es\/wp-json\/wp\/v2\/media?parent=17226"}],"wp:term":[{"taxonomy":"post_tag","embeddable":true,"href":"https:\/\/internetaddictsanonymous.org\/es\/wp-json\/wp\/v2\/tags?post=17226"}],"curies":[{"name":"wp","href":"https:\/\/api.w.org\/{rel}","templated":true}]}}