{"id":17595,"date":"2024-02-18T19:47:54","date_gmt":"2024-02-19T00:47:54","guid":{"rendered":"https:\/\/internetaddictsanonymous.org\/?page_id=17595"},"modified":"2026-04-23T15:20:14","modified_gmt":"2026-04-23T22:20:14","slug":"estados-unidos-california","status":"publish","type":"page","link":"https:\/\/internetaddictsanonymous.org\/es\/in-person-meetings\/usa-ca\/","title":{"rendered":"ITAA en California, EE. UU."},"content":{"rendered":"<p>Bienvenido a Adictos a Internet y a la Tecnolog\u00eda An\u00f3nimos. Nos alegramos de que nos hayas encontrado y esperamos que nuestra comunidad pueda serte tan \u00fatil como lo ha sido para nosotros.<strong> <mark style=\"background-color:rgba(0, 0, 0, 0)\" class=\"has-inline-color has-dark-gray-color\">ITAA es una comunidad de Doce Pasos formada por personas que se apoyan mutuamente para recuperarse de la adicci\u00f3n a Internet y a la tecnolog\u00eda.<\/mark><\/strong> Esto incluye la adicci\u00f3n a las redes sociales, los celulares, los v\u00eddeos en linea, los videojuegos, las noticias, la pornograf\u00eda, las aplicaciones de citas, la investigaci\u00f3n en l\u00ednea, las compras en l\u00ednea o cualquier otra actividad digital que se convierta en compulsiva y problem\u00e1tica.&nbsp;<\/p>\n\n\n\n<h4 class=\"wp-block-heading has-text-align-center\">~ <em><strong>En el norte de California <\/strong><\/em>~<\/h4>\n\n\n\n<h3 class=\"wp-block-heading\">Reuniones en Chico (Potencial)<\/h3>\n\n\n\n<p>Si est\u00e1 interesado en conectarse con otros miembros de ITAA en Chico, California, comun\u00edquese con el correo electr\u00f3nico de contacto.<br>Contacto: <a href=\"mailto:Chico.ITAA@gmail.com\" target=\"_blank\" rel=\"noreferrer noopener\">Chico.ITAA@gmail.com<\/a><\/p>\n\n\n\n<h3 class=\"wp-block-heading\">Reuniones en South Bay (Sunnyvale)<\/h3>\n\n\n\n<p>Cu\u00e1ndo: Jueves, de 18:30 a 19:30.<br>D\u00f3nde: Biblioteca de Sunnyvale<br>WhatsApp (principal): \u00a1Cont\u00e1ctanos al n\u00famero de tel\u00e9fono que aparece a continuaci\u00f3n para recibir un enlace de invitaci\u00f3n! <br>Tel\u00e9fono (Aye Bea): 408-507-3975 (\u00a1no dudes en enviar un mensaje de texto o llamar directamente si tienes problemas para localizarnos!) <br>Correo electr\u00f3nico: <a href=\"mailto:southbay.itaa@gmail.com\">southbay.itaa@gmail.com<\/a> (Puede tardar hasta 24 horas en recibir una respuesta).<\/p>\n\n\n\n<p>Acerca de este cap\u00edtulo: Nuestro objetivo es ser un espacio acogedor e informal donde las personas puedan compartir sus dificultades, avances o reflexiones sobre la adicci\u00f3n a la tecnolog\u00eda, incluyendo en general cualquier actividad digital que se vuelva compulsiva y problem\u00e1tica. \u00a1Siempre estamos abiertos a sugerencias y comentarios! <\/p>\n\n\n\n<h3 class=\"wp-block-heading\">Reuniones en Berkeley<\/h3>\n\n\n\n<p>Cu\u00e1ndo: Domingos, 1-2pm<br>D\u00f3nde: Iglesia Unitaria Universalista de Berkeley, 1606 Bonita Ave, Berkeley, CA<br>Contacto:&nbsp;<a href=\"mailto:nolan.s.itaa@gmail.com\" target=\"_blank\" rel=\"noreferrer noopener\">nolan.s.itaa@gmail.com<\/a><\/p>\n\n\n\n<h3 class=\"wp-block-heading\">Reuniones en San Francisco<\/h3>\n\n\n\n<p>Cu\u00e1ndo: S\u00e1bados, 13:00-14:00 horas.<br>D\u00f3nde: Primera Iglesia y Centro Unitario Universalista (UUSF), 1187 Franklin Street, San Francisco, CA<br>Sala: La Sala Fahs<br>Informaci\u00f3n adicional: Por favor, llame al timbre en las puertas de CRISTAL que se encuentran despu\u00e9s de la escalera principal (no en las puertas de madera). Al entrar al edificio, gire a la izquierda y recorra todo el pasillo que rodea el patio. La sala Fahs se encuentra al final, a la izquierda, despu\u00e9s de la capilla. Si la puerta est\u00e1 cerrada, \u00a1pase! Esperamos conocerle.<br>Contacto: Tom\u00e1s K, tomask.itaa@gmail.com, 917 725 2192 (si tienes problemas para encontrar la habitaci\u00f3n no dudes en llamar directamente)<\/p>\n\n\n\n<h4 class=\"wp-block-heading\">Reuniones en Yuba City<\/h4>\n\n\n\n<p>Cu\u00e1ndo: Primeros s\u00e1bados, de 13:00 a 14:00.<br>D\u00f3nde: Feather River Parkway, Yuba City, California<br>Contacto:&nbsp;<a href=\"mailto:graham.recovery.in.itaa@gmail.com\" target=\"_blank\" rel=\"noreferrer noopener\">ITAA.NorCal@gmail.com<\/a><\/p>\n\n\n\n<p>Ven a pasar un rato con un grupo peque\u00f1o pero poderoso que se apoya mutuamente para recuperarse d\u00eda a d\u00eda.<\/p>\n\n\n\n<p>Esta es una reuni\u00f3n abierta; todos son bienvenidos. Solicitamos a los visitantes que respeten el prop\u00f3sito principal de esta reuni\u00f3n: llevar el mensaje de recuperaci\u00f3n al usuario compulsivo de internet y la tecnolog\u00eda que a\u00fan sufre.<\/p>\n\n\n\n<h4 class=\"wp-block-heading has-text-align-center\">~ <strong><em>En el sur de California<\/em><\/strong> ~<\/h4>\n\n\n\n<h3 class=\"wp-block-heading\">Reuniones en Los \u00c1ngeles, CA<\/h3>\n\n\n\n<h4 class=\"wp-block-heading\">\u201cReuni\u00f3n del ITAA de Hollywood \u201dPaso 11 a las 11:11\u201d<\/h4>\n\n\n\n<p>Cu\u00e1ndo: S\u00e1bados de 11:00 a 12:30 h.<br>D\u00f3nde: Plummer Park en 7377 Santa Monica Blvd, West Hollywood, CA 90046<br>Correo electr\u00f3nico:&nbsp;<a href=\"mailto:Hollywood.ITAA@gmail.com\" target=\"_blank\" rel=\"noreferrer noopener\">Hollywood.ITAA@gmail.com<\/a><br>Se\u00f1al: <a href=\"https:\/\/signal.group\/#CjQKIH-GZ6WbWSa6lwfAKdOepX8k4djVGaUHOwAdyez5Cu5eEhCnuuYB18fbYFqkoxdGW3hp\" target=\"_blank\" rel=\"noreferrer noopener\">https:\/\/signal.group\/#CjQKIH-GZ6WbWSa6lwfAKdOepX8k4djVGaUHOwAdyez5Cu5eEhCnuuYB18fbYFqkoxdGW3hp<\/a><\/p>\n\n\n\n<p>Esta es una reuni\u00f3n abierta; todos son bienvenidos. Solicitamos a los visitantes que respeten el prop\u00f3sito principal de esta reuni\u00f3n: llevar el mensaje de recuperaci\u00f3n al usuario compulsivo de internet y la tecnolog\u00eda que a\u00fan sufre.<\/p>\n\n\n\n<p>Ubicaci\u00f3n exacta: Nos encontramos en la zona verde justo al sur de las canchas de tenis. Las coordenadas GPS exactas son:&nbsp;<br>(34.0929888, -118.3514780).<\/p>\n\n\n\n<p>Estacionamiento: Hay estacionamiento gratuito de 3 horas para los usuarios del parque en los lados norte y sur. Tambi\u00e9n se puede estacionar en la calle, pero tenga en cuenta las restricciones de estacionamiento en las calles de la ciudad.<\/p>\n\n\n\n<p>M\u00e1s informaci\u00f3n:<br>1) No dude en comunicarse por correo electr\u00f3nico o grupo de WhatsApp si tiene alguna pregunta, pero debido a la naturaleza de la reuni\u00f3n al aire libre, las llegadas espont\u00e1neas tambi\u00e9n son bienvenidas.<\/p>\n\n\n\n<p>2) Llegue antes de las 11 a. m. y aseg\u00farese de tener en cuenta el tiempo de estacionamiento. La reuni\u00f3n comienza a las 11:11 a. m., despu\u00e9s de lo cual la entrada a la reuni\u00f3n se cerrar\u00e1 hasta que comience la parte para compartir despu\u00e9s de la meditaci\u00f3n aproximadamente a las 12 a. m. Si llega durante este tiempo, llame a la persona de contacto y ser\u00e1 admitido despu\u00e9s de la meditaci\u00f3n.<\/p>\n\n\n\n<p>3) Adem\u00e1s, por favor, traiga su propia silla o manta si prefiere no sentarse en el c\u00e9sped. Si no tiene una, se le podr\u00e1n hacer adaptaciones.<\/p>\n\n\n\n<p><\/p>\n\n\n\n<h4 class=\"wp-block-heading\">Reuniones en Pasadena<\/h4>\n\n\n\n<p>Cu\u00e1ndo: Jueves a las 11:00<br>D\u00f3nde: Central Park, Pasadena. Por favor, llegue cinco minutos antes para encontrarnos en la Fuente de la Alianza Humanitaria Nacional, ubicada en la esquina de la avenida Raymond y la calle E. Dayton. Nos sentaremos a la sombra de grandes \u00e1rboles. Si lo desea, traiga una silla, una toalla o una manta.<br>Contacto:&nbsp;<a href=\"mailto:mishainla.itaa@gmail.com\" target=\"_blank\" rel=\"noreferrer noopener\">mishainla.itaa@gmail.com<\/a><br><\/p>\n\n\n\n<p>M\u00e1s informaci\u00f3n:<br>1) Hay estacionamiento en la calle E Dayton, S Raymond Ave y Fair Oaks Avenue por $1.25 la hora. Tambi\u00e9n hay estacionamiento en garaje por $1.00 durante 90 minutos en el estacionamiento de la estaci\u00f3n Del Mar (230 S Raymond Ave). Si viaja en metro, la l\u00ednea A (l\u00ednea azul) para en esta cercana estaci\u00f3n de Del Mar.<br>2) Esta reuni\u00f3n rara vez se cancela o se reubica debido al mal tiempo. Se recomienda a los reci\u00e9n llegados, aunque no es obligatorio, que se registren con Misha antes de asistir.&nbsp;<a href=\"mailto:mishainla.itaa@gmail.com\" target=\"_blank\" rel=\"noreferrer noopener\">mishainla.itaa@gmail.com<\/a><\/p>\n\n\n\n<h4 class=\"wp-block-heading\">Reuni\u00f3n de estudio del Gran Libro en Santa M\u00f3nica<\/h4>\n\n\n\n<p>Nota: Estamos experimentando con nuevas ubicaciones cercanas, por lo que es posible que no estemos en esta cafeter\u00eda todas las semanas. Para conocer la ubicaci\u00f3n y el horario actualizados, env\u00ede un mensaje de texto a Evan al (424) 392-9023.<\/p>\n\n\n\n<p>Cu\u00e1ndo: mi\u00e9rcoles por la noche de 5:30 p. m. a 6:30 p. m.<br>D\u00f3nde: 3301 Pico Blvd, Santa M\u00f3nica, CA 90405 (entrada por Urban Ave)<\/p>\n\n\n\n<p>Esta es una reuni\u00f3n abierta; todos son bienvenidos. Solicitamos a los visitantes que respeten el prop\u00f3sito principal de esta reuni\u00f3n: llevar el mensaje de recuperaci\u00f3n al usuario compulsivo de internet y la tecnolog\u00eda que a\u00fan sufre.<\/p>\n\n\n\n<p>Formato: Esta es una reuni\u00f3n de estudio literario y participaci\u00f3n. Leemos el Libro Grande de Alcoh\u00f3licos An\u00f3nimos y compartimos informaci\u00f3n sobre la lectura o lo que nos venga a la mente.<\/p>\n\n\n\n<p>Esta reuni\u00f3n se lleva a cabo en una cafeter\u00eda en la esquina; la entrada est\u00e1 en Urban Ave. El estacionamiento es en la calle, preste atenci\u00f3n a las restricciones de estacionamiento.<\/p>\n\n\n\n<p>Contacto: <a href=\"mailto:Westside.ITAA@gmail.com\" target=\"_blank\" rel=\"noreferrer noopener\">Westside.ITAA@gmail.com<\/a>.<\/p>\n\n\n\n<p class=\"has-text-align-center\">-~-<\/p>\n\n\n\n<h3 class=\"wp-block-heading\">Reuniones por Zoom<\/h3>\n\n\n\n<p>Si sos nuevo, te animamos a que pruebes a asistir a seis reuniones en un breve periodo de tiempo para ver si nuestro programa puede serte \u00fatil. Adem\u00e1s de nuestra reuni\u00f3n local en persona, tambi\u00e9n puede consultar nuestro <a href=\"https:\/\/internetaddictsanonymous.org\/es\/reuniones-locales-de-internet-sobre-adicciones\/\">.<\/a> y un <a href=\"https:\/\/internetaddictsanonymous.org\/es\/reuniones-en-linea\/\">calendario completo de reuniones en l\u00ednea<\/a>. Todas las reuniones son totalmente gratuitas y an\u00f3nimas.<\/p>\n\n\n\n<h3 class=\"wp-block-heading\"><strong>\u00bfC\u00f3mo funcionan las reuniones?<\/strong><\/h3>\n\n\n\n<p>Si es la primera vez que asiste a una reuni\u00f3n, no se ponga nervioso. La mayor\u00eda de nuestras reuniones son muy sencillas; cada reuni\u00f3n tiene un presidente que dirige la reuni\u00f3n, y la mayor\u00eda de las reuniones duran una hora. El presidente y otros voluntarios leen algunos discursos de apertura, antes de abrir la reuni\u00f3n para que los miembros compartan. No es obligatorio compartir, y est\u00e1 bien limitarse a escuchar. Si te sientes c\u00f3modo, puedes presentarte y compartir lo que te trajo a ITAA. A menos que el miembro que comparte lo pida, no ofrecemos sugerencias ni comentarios en respuesta a lo que otros comparten; simplemente escuchamos sin juzgar. Al cabo de una hora, la reuni\u00f3n concluir\u00e1 con unas palabras de clausura, tras las cuales los miembros suelen hablar informalmente, hacer preguntas e intercambiar datos de contacto.<\/p>\n\n\n\n<h3 class=\"wp-block-heading\">Recursos sobre Internet y la adicci\u00f3n a la tecnolog\u00eda<\/h3>\n\n\n\n<p>Si te est\u00e1s preguntando si podes tener una adicci\u00f3n a Internet y a la tecnolog\u00eda, podes revisar nuestros cuestionarios de <a href=\"https:\/\/internetaddictsanonymous.org\/es\/adiccion-a-internet-y-a-la-tecnologia\/\">adicci\u00f3n a internet<\/a>, <a href=\"https:\/\/internetaddictsanonymous.org\/es\/adiccion-a-internet-y-a-la-tecnologia\/adiccion-a-las-redes-sociales\/\">adicci\u00f3n a las redes sociales<\/a>, <a href=\"https:\/\/internetaddictsanonymous.org\/es\/adiccion-a-internet\/adiccion-al-streaming\/\">adicci\u00f3n al streaming<\/a>, <a href=\"https:\/\/internetaddictsanonymous.org\/es\/adiccion-a-internet-y-a-la-tecnologia\/adiccion-al-telefono\/\">adicci\u00f3n al tel\u00e9fono<\/a>o <a href=\"https:\/\/internetaddictsanonymous.org\/es\/adiccion-a-internet-y-a-la-tecnologia\/adiccion-a-los-videojuegos\/\">adicci\u00f3n a los videojuegos<\/a>. Tambi\u00e9n podes obtener m\u00e1s informaci\u00f3n sobre la ITAA leyendo nuestro&nbsp;<a href=\"https:\/\/internetaddictsanonymous.org\/es\/guia-para-los-recien-llegados\/\">gu\u00eda para los reci\u00e9n llegados<\/a>, revisando nuestras <a href=\"https:\/\/internetaddictsanonymous.org\/es\/recursos\/herramientas-de-recuperacion\/\">herramientas de recuperaci\u00f3n<\/a>o escuchando <a href=\"https:\/\/internetaddictsanonymous.org\/es\/historias-de-recuperacion\/\">historias de recuperaci\u00f3n de los miembros<\/a>.<\/p>\n\n\n\n<p>ITAA no est\u00e1 afiliada a ning\u00fan programa pol\u00edtico, religi\u00f3n o inter\u00e9s externo. Somos totalmente autosuficientes y gratuitos para todos los que lo necesiten. Nuestro \u00fanico prop\u00f3sito es abstenernos del uso compulsivo de internet y la tecnolog\u00eda y ayudar a otros a encontrar la libertad de esta adicci\u00f3n.<\/p>\n\n\n\n<p>De nuevo, \u00a1bienvenido! Esperamos que esta comunidad pueda proporcionarte el apoyo que necesitas en tu recuperaci\u00f3n de la adicci\u00f3n a Internet y a la tecnolog\u00eda. No dudes en ponerte en contacto con nosotros si tienes alguna pregunta.<\/p>\n<!-- PMB print buttons is only displayed on a single post\/page URLs-->","protected":false},"excerpt":{"rendered":"<p>Bienvenido a Adictos a Internet y a la Tecnolog\u00eda An\u00f3nimos. Nos alegramos de que nos hayas encontrado y esperamos que nuestra comunidad pueda serte tan \u00fatil como lo ha sido para nosotros. ITAA es una comunidad de Doce Pasos de personas que se apoyan mutuamente en la recuperaci\u00f3n de la adicci\u00f3n a Internet y la tecnolog\u00eda. Esto incluye la adicci\u00f3n a las redes sociales, tel\u00e9fonos inteligentes, streaming ... <a href=\"https:\/\/internetaddictsanonymous.org\/es\/in-person-meetings\/usa-ca\/\" class=\"more-link\">Seguir leyendo <span class=\"screen-reader-text\">ITAA en California, EE. UU.<\/span><\/a><\/p>","protected":false},"author":35194255,"featured_media":0,"parent":148,"menu_order":0,"comment_status":"closed","ping_status":"closed","template":"full-width-page.php","meta":{"inline_featured_image":false,"_lmt_disableupdate":"","_lmt_disable":"","footnotes":""},"tags":[],"class_list":["post-17595","page","type-page","status-publish","hentry"],"yoast_head":"<!-- This site is optimized with the Yoast SEO plugin v27.5 - https:\/\/yoast.com\/product\/yoast-seo-wordpress\/ -->\n<title>ITAA in California, US &#8211; Internet and Technology Addicts Anonymous<\/title>\n<meta name=\"description\" content=\"There are several in-person ITAA meetings in Southern California including in Santa Monica, Pasadena, and Hollywood. More coming soon!\" \/>\n<meta name=\"robots\" content=\"index, follow, max-snippet:-1, max-image-preview:large, max-video-preview:-1\" \/>\n<link rel=\"canonical\" href=\"https:\/\/internetaddictsanonymous.org\/es\/reuniones-locales-de-internet-sobre-adicciones\/estados-unidos-california\/\" \/>\n<meta property=\"og:locale\" content=\"es_MX\" \/>\n<meta property=\"og:type\" content=\"article\" \/>\n<meta property=\"og:title\" content=\"ITAA in California, US &#8211; Internet and Technology Addicts Anonymous\" \/>\n<meta property=\"og:description\" content=\"There are several in-person ITAA meetings in Southern California including in Santa Monica, Pasadena, and Hollywood. More coming soon!\" \/>\n<meta property=\"og:url\" content=\"https:\/\/internetaddictsanonymous.org\/es\/reuniones-locales-de-internet-sobre-adicciones\/estados-unidos-california\/\" \/>\n<meta property=\"og:site_name\" content=\"Internet and Technology Addicts Anonymous\" \/>\n<meta property=\"article:modified_time\" content=\"2026-04-23T22:20:14+00:00\" \/>\n<meta name=\"twitter:card\" content=\"summary_large_image\" \/>\n<meta name=\"twitter:label1\" content=\"Tiempo de lectura\" \/>\n\t<meta name=\"twitter:data1\" content=\"6 minutos\" \/>\n<script type=\"application\/ld+json\" class=\"yoast-schema-graph\">{\"@context\":\"https:\\\/\\\/schema.org\",\"@graph\":[{\"@type\":\"WebPage\",\"@id\":\"https:\\\/\\\/internetaddictsanonymous.org\\\/in-person-meetings\\\/usa-ca\\\/\",\"url\":\"https:\\\/\\\/internetaddictsanonymous.org\\\/in-person-meetings\\\/usa-ca\\\/\",\"name\":\"ITAA in California, US &#8211; Internet and Technology Addicts Anonymous\",\"isPartOf\":{\"@id\":\"https:\\\/\\\/internetaddictsanonymous.org\\\/#website\"},\"datePublished\":\"2024-02-19T00:47:54+00:00\",\"dateModified\":\"2026-04-23T22:20:14+00:00\",\"description\":\"There are several in-person ITAA meetings in Southern California including in Santa Monica, Pasadena, and Hollywood. More coming soon!\",\"breadcrumb\":{\"@id\":\"https:\\\/\\\/internetaddictsanonymous.org\\\/in-person-meetings\\\/usa-ca\\\/#breadcrumb\"},\"inLanguage\":\"es\",\"potentialAction\":[{\"@type\":\"ReadAction\",\"target\":[\"https:\\\/\\\/internetaddictsanonymous.org\\\/in-person-meetings\\\/usa-ca\\\/\"]}]},{\"@type\":\"BreadcrumbList\",\"@id\":\"https:\\\/\\\/internetaddictsanonymous.org\\\/in-person-meetings\\\/usa-ca\\\/#breadcrumb\",\"itemListElement\":[{\"@type\":\"ListItem\",\"position\":1,\"name\":\"Home\",\"item\":\"https:\\\/\\\/internetaddictsanonymous.org\\\/\"},{\"@type\":\"ListItem\",\"position\":2,\"name\":\"In-Person Meetings\",\"item\":\"https:\\\/\\\/internetaddictsanonymous.org\\\/in-person-meetings\\\/\"},{\"@type\":\"ListItem\",\"position\":3,\"name\":\"ITAA in California, US\"}]},{\"@type\":\"WebSite\",\"@id\":\"https:\\\/\\\/internetaddictsanonymous.org\\\/#website\",\"url\":\"https:\\\/\\\/internetaddictsanonymous.org\\\/\",\"name\":\"Internet and Technology Addicts Anonymous\",\"description\":\"Worldwide 12-step Fellowship for Internet and Technology Addiction\",\"publisher\":{\"@id\":\"https:\\\/\\\/internetaddictsanonymous.org\\\/#organization\"},\"potentialAction\":[{\"@type\":\"SearchAction\",\"target\":{\"@type\":\"EntryPoint\",\"urlTemplate\":\"https:\\\/\\\/internetaddictsanonymous.org\\\/?s={search_term_string}\"},\"query-input\":{\"@type\":\"PropertyValueSpecification\",\"valueRequired\":true,\"valueName\":\"search_term_string\"}}],\"inLanguage\":\"es\"},{\"@type\":\"Organization\",\"@id\":\"https:\\\/\\\/internetaddictsanonymous.org\\\/#organization\",\"name\":\"Internet and Technology Addicts Anonymous\",\"url\":\"https:\\\/\\\/internetaddictsanonymous.org\\\/\",\"logo\":{\"@type\":\"ImageObject\",\"inLanguage\":\"es\",\"@id\":\"https:\\\/\\\/internetaddictsanonymous.org\\\/#\\\/schema\\\/logo\\\/image\\\/\",\"url\":\"https:\\\/\\\/internetaddictsanonymous.org\\\/wp-content\\\/uploads\\\/2023\\\/01\\\/cropped-ITAA-logo-480px.png\",\"contentUrl\":\"https:\\\/\\\/internetaddictsanonymous.org\\\/wp-content\\\/uploads\\\/2023\\\/01\\\/cropped-ITAA-logo-480px.png\",\"width\":480,\"height\":480,\"caption\":\"Internet and Technology Addicts Anonymous\"},\"image\":{\"@id\":\"https:\\\/\\\/internetaddictsanonymous.org\\\/#\\\/schema\\\/logo\\\/image\\\/\"}}]}<\/script>\n<!-- \/ Yoast SEO plugin. -->","yoast_head_json":{"title":"ITAA en California, EE. UU. \u2013 Adictos a Internet y Tecnolog\u00eda An\u00f3nimos","description":"Se celebrar\u00e1n varias reuniones presenciales de la ITAA en el sur de California, incluyendo Santa M\u00f3nica, Pasadena y Hollywood. \u00a1Pronto habr\u00e1 m\u00e1s!","robots":{"index":"index","follow":"follow","max-snippet":"max-snippet:-1","max-image-preview":"max-image-preview:large","max-video-preview":"max-video-preview:-1"},"canonical":"https:\/\/internetaddictsanonymous.org\/es\/reuniones-locales-de-internet-sobre-adicciones\/estados-unidos-california\/","og_locale":"es_MX","og_type":"article","og_title":"ITAA in California, US &#8211; Internet and Technology Addicts Anonymous","og_description":"There are several in-person ITAA meetings in Southern California including in Santa Monica, Pasadena, and Hollywood. More coming soon!","og_url":"https:\/\/internetaddictsanonymous.org\/es\/reuniones-locales-de-internet-sobre-adicciones\/estados-unidos-california\/","og_site_name":"Internet and Technology Addicts Anonymous","article_modified_time":"2026-04-23T22:20:14+00:00","twitter_card":"summary_large_image","twitter_misc":{"Tiempo de lectura":"6 minutos"},"schema":{"@context":"https:\/\/schema.org","@graph":[{"@type":"WebPage","@id":"https:\/\/internetaddictsanonymous.org\/in-person-meetings\/usa-ca\/","url":"https:\/\/internetaddictsanonymous.org\/in-person-meetings\/usa-ca\/","name":"ITAA en California, EE. UU. \u2013 Adictos a Internet y Tecnolog\u00eda An\u00f3nimos","isPartOf":{"@id":"https:\/\/internetaddictsanonymous.org\/#website"},"datePublished":"2024-02-19T00:47:54+00:00","dateModified":"2026-04-23T22:20:14+00:00","description":"Se celebrar\u00e1n varias reuniones presenciales de la ITAA en el sur de California, incluyendo Santa M\u00f3nica, Pasadena y Hollywood. \u00a1Pronto habr\u00e1 m\u00e1s!","breadcrumb":{"@id":"https:\/\/internetaddictsanonymous.org\/in-person-meetings\/usa-ca\/#breadcrumb"},"inLanguage":"es","potentialAction":[{"@type":"ReadAction","target":["https:\/\/internetaddictsanonymous.org\/in-person-meetings\/usa-ca\/"]}]},{"@type":"BreadcrumbList","@id":"https:\/\/internetaddictsanonymous.org\/in-person-meetings\/usa-ca\/#breadcrumb","itemListElement":[{"@type":"ListItem","position":1,"name":"Home","item":"https:\/\/internetaddictsanonymous.org\/"},{"@type":"ListItem","position":2,"name":"In-Person Meetings","item":"https:\/\/internetaddictsanonymous.org\/in-person-meetings\/"},{"@type":"ListItem","position":3,"name":"ITAA in California, US"}]},{"@type":"WebSite","@id":"https:\/\/internetaddictsanonymous.org\/#website","url":"https:\/\/internetaddictsanonymous.org\/","name":"Adictos a Internet y la Tecnolog\u00eda An\u00f3nimos","description":"Comunidad mundial de 12 pasos para la adicci\u00f3n a Internet y a la tecnolog\u00eda","publisher":{"@id":"https:\/\/internetaddictsanonymous.org\/#organization"},"potentialAction":[{"@type":"SearchAction","target":{"@type":"EntryPoint","urlTemplate":"https:\/\/internetaddictsanonymous.org\/?s={search_term_string}"},"query-input":{"@type":"PropertyValueSpecification","valueRequired":true,"valueName":"search_term_string"}}],"inLanguage":"es"},{"@type":"Organization","@id":"https:\/\/internetaddictsanonymous.org\/#organization","name":"Adictos a Internet y la Tecnolog\u00eda An\u00f3nimos","url":"https:\/\/internetaddictsanonymous.org\/","logo":{"@type":"ImageObject","inLanguage":"es","@id":"https:\/\/internetaddictsanonymous.org\/#\/schema\/logo\/image\/","url":"https:\/\/internetaddictsanonymous.org\/wp-content\/uploads\/2023\/01\/cropped-ITAA-logo-480px.png","contentUrl":"https:\/\/internetaddictsanonymous.org\/wp-content\/uploads\/2023\/01\/cropped-ITAA-logo-480px.png","width":480,"height":480,"caption":"Internet and Technology Addicts Anonymous"},"image":{"@id":"https:\/\/internetaddictsanonymous.org\/#\/schema\/logo\/image\/"}}]}},"jetpack_sharing_enabled":true,"jetpack_shortlink":"https:\/\/wp.me\/P9Fwob-4zN","_links":{"self":[{"href":"https:\/\/internetaddictsanonymous.org\/es\/wp-json\/wp\/v2\/pages\/17595","targetHints":{"allow":["GET"]}}],"collection":[{"href":"https:\/\/internetaddictsanonymous.org\/es\/wp-json\/wp\/v2\/pages"}],"about":[{"href":"https:\/\/internetaddictsanonymous.org\/es\/wp-json\/wp\/v2\/types\/page"}],"author":[{"embeddable":true,"href":"https:\/\/internetaddictsanonymous.org\/es\/wp-json\/wp\/v2\/users\/35194255"}],"replies":[{"embeddable":true,"href":"https:\/\/internetaddictsanonymous.org\/es\/wp-json\/wp\/v2\/comments?post=17595"}],"version-history":[{"count":94,"href":"https:\/\/internetaddictsanonymous.org\/es\/wp-json\/wp\/v2\/pages\/17595\/revisions"}],"predecessor-version":[{"id":21247,"href":"https:\/\/internetaddictsanonymous.org\/es\/wp-json\/wp\/v2\/pages\/17595\/revisions\/21247"}],"up":[{"embeddable":true,"href":"https:\/\/internetaddictsanonymous.org\/es\/wp-json\/wp\/v2\/pages\/148"}],"wp:attachment":[{"href":"https:\/\/internetaddictsanonymous.org\/es\/wp-json\/wp\/v2\/media?parent=17595"}],"wp:term":[{"taxonomy":"post_tag","embeddable":true,"href":"https:\/\/internetaddictsanonymous.org\/es\/wp-json\/wp\/v2\/tags?post=17595"}],"curies":[{"name":"wp","href":"https:\/\/api.w.org\/{rel}","templated":true}]}}