{"id":18078,"date":"2024-06-03T01:33:23","date_gmt":"2024-06-03T05:33:23","guid":{"rendered":"https:\/\/internetaddictsanonymous.org\/?page_id=18078"},"modified":"2024-06-03T01:33:25","modified_gmt":"2024-06-03T05:33:25","slug":"profundizar-nuestros-recursos-de-recuperacion","status":"publish","type":"page","link":"https:\/\/internetaddictsanonymous.org\/es\/resources\/deepening-our-recovery-resources\/","title":{"rendered":"Profundizar en la recuperaci\u00f3n"},"content":{"rendered":"<p><a href=\"https:\/\/internetaddictsanonymous.org\/es\/a-guia-de-retiros\/\"><strong>Navegaci\u00f3n de retiros<\/strong><\/a><br>Una descripci\u00f3n del proceso de retiros, junto con historias de recuperaci\u00f3n de cuatro miembros.<\/p>\n\n\n\n<p><a href=\"https:\/\/internetaddictsanonymous.org\/es\/a-guia-de-deslices-y-caidas-en-itaa\/\"><strong>Comprender la sobriedad, los deslices y las reca\u00eddas<\/strong><\/a><br>Una descripci\u00f3n general de lo que significa la sobriedad en ITAA, as\u00ed como tambi\u00e9n c\u00f3mo prevenir y crecer a partir de resbalones y reca\u00eddas.<\/p>\n\n\n\n<p><strong><a href=\"https:\/\/internetaddictsanonymous.org\/es\/a-guide-to-outreach-calls-in-itaa\/\">Hacer llamadas de alcance<\/a><br><\/strong>Una gu\u00eda para llamar a otros miembros fuera de las reuniones, una de las herramientas vitales de nuestra recuperaci\u00f3n.<\/p>\n\n\n\n<p><a href=\"https:\/\/internetaddictsanonymous.org\/es\/patrocinio\/\"><strong>La importancia del patrocinio<\/strong><\/a><br>El patrocinio es una relaci\u00f3n informal en la que un miembro m\u00e1s experimentado de ITAA nos ayuda a guiarnos a trav\u00e9s de la recuperaci\u00f3n.<\/p>\n\n\n\n<p><a href=\"https:\/\/internetaddictsanonymous.org\/es\/recursos\/literatura\/\"><strong>C\u00f3mo trabajar los pasos<\/strong><br><\/a>Recursos que podemos utilizar para trabajar los Doce Pasos.<\/p>\n\n\n\n<p><a href=\"https:\/\/internetaddictsanonymous.org\/es\/the-doctors-opinion\/\"><strong>La evidencia cient\u00edfica sobre la adicci\u00f3n a Internet y la tecnolog\u00eda<\/strong><\/a><br>Una visi\u00f3n general de los efectos y consecuencias de la adicci\u00f3n a internet y a la tecnolog\u00eda.<\/p>\n<!-- PMB print buttons is only displayed on a single post\/page URLs-->","protected":false},"excerpt":{"rendered":"<p>Navegando por los retirosUna descripci\u00f3n del proceso de retiros, junto con historias de recuperaci\u00f3n de cuatro miembros. Comprensi\u00f3n de la sobriedad, los resbalones y las reca\u00eddas Una descripci\u00f3n general de lo que significa la sobriedad en ITAA, as\u00ed como tambi\u00e9n c\u00f3mo prevenir y crecer a partir de resbalones y reca\u00eddas. Realizar llamadas de divulgaci\u00f3nUna gu\u00eda para llamar a otros miembros fuera de las reuniones, una de las herramientas vitales de... <a href=\"https:\/\/internetaddictsanonymous.org\/es\/resources\/deepening-our-recovery-resources\/\" class=\"more-link\">Seguir leyendo <span class=\"screen-reader-text\">Profundizar en la recuperaci\u00f3n<\/span><\/a><\/p>","protected":false},"author":35194237,"featured_media":0,"parent":42,"menu_order":0,"comment_status":"closed","ping_status":"closed","template":"full-width-page.php","meta":{"inline_featured_image":false,"_lmt_disableupdate":"","_lmt_disable":"","jetpack_post_was_ever_published":false,"footnotes":""},"tags":[],"class_list":["post-18078","page","type-page","status-publish","hentry"],"yoast_head":"<!-- This site is optimized with the Yoast SEO plugin v27.1.1 - https:\/\/yoast.com\/product\/yoast-seo-wordpress\/ -->\n<title>Deepening our recovery &#8211; Internet and Technology Addicts Anonymous<\/title>\n<meta name=\"robots\" content=\"index, follow, max-snippet:-1, max-image-preview:large, max-video-preview:-1\" \/>\n<link rel=\"canonical\" href=\"https:\/\/internetaddictsanonymous.org\/es\/recursos\/profundizar-nuestros-recursos-de-recuperacion\/\" \/>\n<meta property=\"og:locale\" content=\"es_MX\" \/>\n<meta property=\"og:type\" content=\"article\" \/>\n<meta property=\"og:title\" content=\"Deepening our recovery &#8211; Internet and Technology Addicts Anonymous\" \/>\n<meta property=\"og:description\" content=\"Navigating WithdrawalsA description of the withdrawals process, along with recovery stories from four members. Understanding Sobriety, Slips, and RelapsesAn overview of what sobriety means in ITAA, as well as how to prevent and grow from slips and relapses. Making Outreach CallsA guide to calling other members outside of meetings, one of the vital tools of &hellip; Seguir leyendo Deepening our recovery\" \/>\n<meta property=\"og:url\" content=\"https:\/\/internetaddictsanonymous.org\/es\/recursos\/profundizar-nuestros-recursos-de-recuperacion\/\" \/>\n<meta property=\"og:site_name\" content=\"Internet and Technology Addicts Anonymous\" \/>\n<meta property=\"article:modified_time\" content=\"2024-06-03T05:33:25+00:00\" \/>\n<meta name=\"twitter:card\" content=\"summary_large_image\" \/>\n<meta name=\"twitter:label1\" content=\"Tiempo de lectura\" \/>\n\t<meta name=\"twitter:data1\" content=\"1 minuto\" \/>\n<script type=\"application\/ld+json\" class=\"yoast-schema-graph\">{\"@context\":\"https:\/\/schema.org\",\"@graph\":[{\"@type\":\"WebPage\",\"@id\":\"https:\/\/internetaddictsanonymous.org\/resources\/deepening-our-recovery-resources\/\",\"url\":\"https:\/\/internetaddictsanonymous.org\/resources\/deepening-our-recovery-resources\/\",\"name\":\"Deepening our recovery &#8211; Internet and Technology Addicts Anonymous\",\"isPartOf\":{\"@id\":\"https:\/\/internetaddictsanonymous.org\/#website\"},\"datePublished\":\"2024-06-03T05:33:23+00:00\",\"dateModified\":\"2024-06-03T05:33:25+00:00\",\"breadcrumb\":{\"@id\":\"https:\/\/internetaddictsanonymous.org\/resources\/deepening-our-recovery-resources\/#breadcrumb\"},\"inLanguage\":\"es\",\"potentialAction\":[{\"@type\":\"ReadAction\",\"target\":[\"https:\/\/internetaddictsanonymous.org\/resources\/deepening-our-recovery-resources\/\"]}]},{\"@type\":\"BreadcrumbList\",\"@id\":\"https:\/\/internetaddictsanonymous.org\/resources\/deepening-our-recovery-resources\/#breadcrumb\",\"itemListElement\":[{\"@type\":\"ListItem\",\"position\":1,\"name\":\"Home\",\"item\":\"https:\/\/internetaddictsanonymous.org\/\"},{\"@type\":\"ListItem\",\"position\":2,\"name\":\"Resources\",\"item\":\"https:\/\/internetaddictsanonymous.org\/resources\/\"},{\"@type\":\"ListItem\",\"position\":3,\"name\":\"Deepening our recovery\"}]},{\"@type\":\"WebSite\",\"@id\":\"https:\/\/internetaddictsanonymous.org\/#website\",\"url\":\"https:\/\/internetaddictsanonymous.org\/\",\"name\":\"Internet and Technology Addicts Anonymous\",\"description\":\"Worldwide 12-step Fellowship for Internet and Technology Addiction\",\"publisher\":{\"@id\":\"https:\/\/internetaddictsanonymous.org\/#organization\"},\"potentialAction\":[{\"@type\":\"SearchAction\",\"target\":{\"@type\":\"EntryPoint\",\"urlTemplate\":\"https:\/\/internetaddictsanonymous.org\/?s={search_term_string}\"},\"query-input\":{\"@type\":\"PropertyValueSpecification\",\"valueRequired\":true,\"valueName\":\"search_term_string\"}}],\"inLanguage\":\"es\"},{\"@type\":\"Organization\",\"@id\":\"https:\/\/internetaddictsanonymous.org\/#organization\",\"name\":\"Internet and Technology Addicts Anonymous\",\"url\":\"https:\/\/internetaddictsanonymous.org\/\",\"logo\":{\"@type\":\"ImageObject\",\"inLanguage\":\"es\",\"@id\":\"https:\/\/internetaddictsanonymous.org\/#\/schema\/logo\/image\/\",\"url\":\"https:\/\/internetaddictsanonymous.org\/wp-content\/uploads\/2023\/01\/cropped-ITAA-logo-480px.png\",\"contentUrl\":\"https:\/\/internetaddictsanonymous.org\/wp-content\/uploads\/2023\/01\/cropped-ITAA-logo-480px.png\",\"width\":480,\"height\":480,\"caption\":\"Internet and Technology Addicts Anonymous\"},\"image\":{\"@id\":\"https:\/\/internetaddictsanonymous.org\/#\/schema\/logo\/image\/\"}}]}<\/script>\n<!-- \/ Yoast SEO plugin. -->","yoast_head_json":{"title":"Profundizando nuestra recuperaci\u00f3n \u2013 Adictos a Internet y la tecnolog\u00eda An\u00f3nimos","robots":{"index":"index","follow":"follow","max-snippet":"max-snippet:-1","max-image-preview":"max-image-preview:large","max-video-preview":"max-video-preview:-1"},"canonical":"https:\/\/internetaddictsanonymous.org\/es\/recursos\/profundizar-nuestros-recursos-de-recuperacion\/","og_locale":"es_MX","og_type":"article","og_title":"Deepening our recovery &#8211; Internet and Technology Addicts Anonymous","og_description":"Navigating WithdrawalsA description of the withdrawals process, along with recovery stories from four members. Understanding Sobriety, Slips, and RelapsesAn overview of what sobriety means in ITAA, as well as how to prevent and grow from slips and relapses. Making Outreach CallsA guide to calling other members outside of meetings, one of the vital tools of &hellip; Seguir leyendo Deepening our recovery","og_url":"https:\/\/internetaddictsanonymous.org\/es\/recursos\/profundizar-nuestros-recursos-de-recuperacion\/","og_site_name":"Internet and Technology Addicts Anonymous","article_modified_time":"2024-06-03T05:33:25+00:00","twitter_card":"summary_large_image","twitter_misc":{"Tiempo de lectura":"1 minuto"},"schema":{"@context":"https:\/\/schema.org","@graph":[{"@type":"WebPage","@id":"https:\/\/internetaddictsanonymous.org\/resources\/deepening-our-recovery-resources\/","url":"https:\/\/internetaddictsanonymous.org\/resources\/deepening-our-recovery-resources\/","name":"Profundizando nuestra recuperaci\u00f3n \u2013 Adictos a Internet y la tecnolog\u00eda An\u00f3nimos","isPartOf":{"@id":"https:\/\/internetaddictsanonymous.org\/#website"},"datePublished":"2024-06-03T05:33:23+00:00","dateModified":"2024-06-03T05:33:25+00:00","breadcrumb":{"@id":"https:\/\/internetaddictsanonymous.org\/resources\/deepening-our-recovery-resources\/#breadcrumb"},"inLanguage":"es","potentialAction":[{"@type":"ReadAction","target":["https:\/\/internetaddictsanonymous.org\/resources\/deepening-our-recovery-resources\/"]}]},{"@type":"BreadcrumbList","@id":"https:\/\/internetaddictsanonymous.org\/resources\/deepening-our-recovery-resources\/#breadcrumb","itemListElement":[{"@type":"ListItem","position":1,"name":"Home","item":"https:\/\/internetaddictsanonymous.org\/"},{"@type":"ListItem","position":2,"name":"Resources","item":"https:\/\/internetaddictsanonymous.org\/resources\/"},{"@type":"ListItem","position":3,"name":"Deepening our recovery"}]},{"@type":"WebSite","@id":"https:\/\/internetaddictsanonymous.org\/#website","url":"https:\/\/internetaddictsanonymous.org\/","name":"Adictos a Internet y la Tecnolog\u00eda An\u00f3nimos","description":"Comunidad mundial de 12 pasos para la adicci\u00f3n a Internet y a la tecnolog\u00eda","publisher":{"@id":"https:\/\/internetaddictsanonymous.org\/#organization"},"potentialAction":[{"@type":"SearchAction","target":{"@type":"EntryPoint","urlTemplate":"https:\/\/internetaddictsanonymous.org\/?s={search_term_string}"},"query-input":{"@type":"PropertyValueSpecification","valueRequired":true,"valueName":"search_term_string"}}],"inLanguage":"es"},{"@type":"Organization","@id":"https:\/\/internetaddictsanonymous.org\/#organization","name":"Adictos a Internet y la Tecnolog\u00eda An\u00f3nimos","url":"https:\/\/internetaddictsanonymous.org\/","logo":{"@type":"ImageObject","inLanguage":"es","@id":"https:\/\/internetaddictsanonymous.org\/#\/schema\/logo\/image\/","url":"https:\/\/internetaddictsanonymous.org\/wp-content\/uploads\/2023\/01\/cropped-ITAA-logo-480px.png","contentUrl":"https:\/\/internetaddictsanonymous.org\/wp-content\/uploads\/2023\/01\/cropped-ITAA-logo-480px.png","width":480,"height":480,"caption":"Internet and Technology Addicts Anonymous"},"image":{"@id":"https:\/\/internetaddictsanonymous.org\/#\/schema\/logo\/image\/"}}]}},"jetpack_sharing_enabled":true,"jetpack_shortlink":"https:\/\/wp.me\/P9Fwob-4HA","_links":{"self":[{"href":"https:\/\/internetaddictsanonymous.org\/es\/wp-json\/wp\/v2\/pages\/18078","targetHints":{"allow":["GET"]}}],"collection":[{"href":"https:\/\/internetaddictsanonymous.org\/es\/wp-json\/wp\/v2\/pages"}],"about":[{"href":"https:\/\/internetaddictsanonymous.org\/es\/wp-json\/wp\/v2\/types\/page"}],"author":[{"embeddable":true,"href":"https:\/\/internetaddictsanonymous.org\/es\/wp-json\/wp\/v2\/users\/35194237"}],"replies":[{"embeddable":true,"href":"https:\/\/internetaddictsanonymous.org\/es\/wp-json\/wp\/v2\/comments?post=18078"}],"version-history":[{"count":1,"href":"https:\/\/internetaddictsanonymous.org\/es\/wp-json\/wp\/v2\/pages\/18078\/revisions"}],"predecessor-version":[{"id":18079,"href":"https:\/\/internetaddictsanonymous.org\/es\/wp-json\/wp\/v2\/pages\/18078\/revisions\/18079"}],"up":[{"embeddable":true,"href":"https:\/\/internetaddictsanonymous.org\/es\/wp-json\/wp\/v2\/pages\/42"}],"wp:attachment":[{"href":"https:\/\/internetaddictsanonymous.org\/es\/wp-json\/wp\/v2\/media?parent=18078"}],"wp:term":[{"taxonomy":"post_tag","embeddable":true,"href":"https:\/\/internetaddictsanonymous.org\/es\/wp-json\/wp\/v2\/tags?post=18078"}],"curies":[{"name":"wp","href":"https:\/\/api.w.org\/{rel}","templated":true}]}}