{"id":18148,"date":"2024-06-16T20:35:42","date_gmt":"2024-06-17T00:35:42","guid":{"rendered":"https:\/\/internetaddictsanonymous.org\/?page_id=18148"},"modified":"2024-07-28T14:35:31","modified_gmt":"2024-07-28T18:35:31","slug":"principios-para-grupos-de-chat","status":"publish","type":"page","link":"https:\/\/internetaddictsanonymous.org\/es\/resources\/being-of-service-resources\/principles-for-chat-groups\/","title":{"rendered":"Principios para los grupos de chat de ITAA"},"content":{"rendered":"<p>Como adictos a Internet, debemos tener especial cuidado en c\u00f3mo utilizamos la tecnolog\u00eda para apoyar nuestra recuperaci\u00f3n y nuestras reuniones. Por ejemplo, Zoom y nuestro sitio web han sido herramientas esenciales para ayudar a nuestra comunidad a llegar a los adictos que no tienen acceso a reuniones en persona. Mientras tanto, otras tecnolog\u00edas (plataformas de streaming, feeds de redes sociales, aplicaciones de citas, videojuegos) claramente no tienen cabida en nuestra confraternidad. Los grupos de chat pueden situarse en alg\u00fan punto intermedio: pueden ser \u00fatiles para mantener la coordinaci\u00f3n fuera de las reuniones, pero tambi\u00e9n pueden alimentar tendencias adictivas poco saludables. El prop\u00f3sito de este documento es sugerir principios para ayudar a los grupos de chat de ITAA a garantizar que sirvan a nuestro prop\u00f3sito principal: llevar el mensaje al usuario compulsivo de Internet y tecnolog\u00eda que a\u00fan sufre.<\/p>\n\n\n\n<p>En general, recomendamos que los grupos de chat de ITAA practiquen los siguientes principios:<\/p>\n\n\n\n<ol class=\"wp-block-list\">\n<li><strong>Guiados por las Doce Tradiciones: <\/strong>Los grupos de chat a menudo funcionan bien cuando est\u00e1n afiliados a una reuni\u00f3n individual de la ITAA que gestiona el chat en beneficio de sus miembros y puede discutir temas relacionados con el grupo de chat en sus conciencias de grupo. Si nuestro grupo de chat no est\u00e1 afiliado a una reuni\u00f3n espec\u00edfica de ITAA, podemos mantener conciencias de grupo regulares (idealmente a trav\u00e9s de discusiones en vivo en persona o en Zoom), elegir servidores de confianza y practicar. <a href=\"https:\/\/internetaddictsanonymous.org\/es\/12-pasos-de-itaa\/\">las doce tradiciones<\/a>, como lo har\u00eda cualquier otra reuni\u00f3n. De lo contrario, se recomienda que el grupo de chat permanezca <em>informal<\/em>, lo que significa que no utiliza el nombre ni el logotipo de ITAA, y los miembros no deben promocionarlo entre los reci\u00e9n llegados y otros becarios de ITAA.<br><\/li>\n\n\n\n<li><strong>Un prop\u00f3sito claro: <\/strong>Los grupos de chat de ITAA pueden beneficiarse de un prop\u00f3sito claro que est\u00e9 alineado con el prop\u00f3sito principal de nuestra confraternidad: <em>para llevar el mensaje al usuario compulsivo de Internet y tecnolog\u00eda que todav\u00eda sufre<\/em>. Algunos ejemplos de prop\u00f3sitos podr\u00edan ser la coordinaci\u00f3n de servidores de confianza para una reuni\u00f3n o la realizaci\u00f3n de llamadas de divulgaci\u00f3n. Los grupos de chat oficiales de la ITAA son menos adecuados como foros para compartir sin estructura, intercambiar opiniones o debatir de manera informal, ya que pueden convertirse en veh\u00edculos para el env\u00edo compulsivo de mensajes, la comprobaci\u00f3n de notificaciones, la conexi\u00f3n parasocial y el conflicto interpersonal. Aunque se anima a cada grupo a determinar por s\u00ed mismo el prop\u00f3sito espec\u00edfico de su chat, como adictos a Internet y a la tecnolog\u00eda hacemos bien en actuar con cautela a la hora de utilizar una plataforma de medios sociales para llevar el mensaje a los reci\u00e9n llegados. Podemos tener en cuenta que los adictos de las comunidades de recuperaci\u00f3n de los Doce Pasos llevan casi 100 a\u00f1os consiguiendo la sobriedad sin grupos de chat. Con un n\u00famero cada vez mayor de reuniones presenciales, cientos de reuniones en l\u00ednea y miles de miembros disponibles para llamadas de ayuda, hay muchos medios probados en el tiempo, adem\u00e1s del chat, para los adictos a Internet y a la tecnolog\u00eda que buscan una forma de compartir.<br><\/li>\n\n\n\n<li><strong>L\u00edmites y privilegios de administrador claramente definidos:<\/strong> Nuestros grupos de chat se benefician de l\u00edmites escritos sobre cu\u00e1l es el prop\u00f3sito del grupo y pautas espec\u00edficas para la publicaci\u00f3n, y comunicamos estas pautas a los reci\u00e9n llegados. Un ejemplo de tales l\u00edmites se puede encontrar al final de esta p\u00e1gina. Elegimos servidores de confianza con l\u00edmites de mandato que practican la rotaci\u00f3n de servicio y que pueden tomar medidas para respetar los l\u00edmites. Puede que nos resulte beneficioso adoptar una pol\u00edtica de 3 strikes para transgresiones habituales (publicaciones fuera de los l\u00edmites del grupo, informes de coqueteo no deseado, etc.), tras lo cual el miembro puede ser eliminado por un per\u00edodo de 3 a 6 meses antes. ser invitados a volver a unirse si est\u00e1n dispuestos a respetar los l\u00edmites del grupo. Para transgresiones mayores (insultos violentos, mensajes o im\u00e1genes sexuales, etc.), el miembro puede ser eliminado inmediatamente de forma temporal hasta que una conciencia de grupo discuta cu\u00e1nto tiempo debe durar la eliminaci\u00f3n, normalmente entre 6 meses y de forma indefinida. La decisi\u00f3n de eliminar a un miembro de un grupo, incluso por un per\u00edodo de tiempo limitado, debe tomarse muy en serio, y cualquier eliminaci\u00f3n siempre debe discutirse en la conciencia del grupo (idealmente de antemano). Puede encontrar m\u00e1s sugerencias sobre c\u00f3mo manejar comportamientos desafiantes en nuestro <a href=\"https:\/\/internetaddictsanonymous.org\/es\/seguridad-en-la-aita\/\">Gu\u00eda de seguridad en ITAA<\/a>.<br><\/li>\n\n\n\n<li><strong>Los grupos de chat no deber\u00edan ser el primer punto de contacto:<\/strong> Algunas reuniones han intentado publicar un enlace a su grupo de chat en l\u00ednea para que a los reci\u00e9n llegados les resulte m\u00e1s f\u00e1cil hacer preguntas sobre la reuni\u00f3n. A menudo hemos descubierto que los reci\u00e9n llegados que nunca han asistido a una reuni\u00f3n ni han hablado con otro miembro pueden no tener la conciencia o la sobriedad para mantener l\u00edmites seguros en el grupo o hacia otros miembros. Adem\u00e1s, publicar p\u00fablicamente el enlace a nuestro grupo de chat nos hace vulnerables a spammers y trolls. Se recomienda que las reuniones proporcionen correos electr\u00f3nicos de contacto y n\u00fameros de tel\u00e9fono para los reci\u00e9n llegados que est\u00e9n interesados en asistir, no enlaces de grupos de chat. Si un miembro desconocido solicita unirse a un grupo de chat, es apropiado hacer primero algunas preguntas sobre c\u00f3mo se enter\u00f3 del grupo de chat para filtrar a los malos actores.<\/li>\n<\/ol>\n\n\n\n<p>En esencia, estos principios recomiendan que los grupos de chat est\u00e9n bien estructurados, tengan un alcance limitado y se gu\u00eden por nuestras Doce Tradiciones. Estas son s\u00f3lo recomendaciones y confiamos en que los miembros y los grupos descubran su propio camino a trav\u00e9s del proceso de conciencia de grupo. Esperamos que, como confraternidad, estos principios puedan guiarnos hacia una relaci\u00f3n con grupos de chat que ayuden a m\u00e1s adictos en todo el mundo a encontrar una comunidad estable, segura y protegida para recuperarse.<\/p>\n\n\n\n<h2 class=\"wp-block-heading\"><strong>Ejemplo de descripci\u00f3n y l\u00edmites del grupo de chat:<\/strong><\/h2>\n\n\n\n<p>El prop\u00f3sito de este chat es facilitar llamadas de divulgaci\u00f3n entre miembros del grupo ITAA de {Meeting name}. Puede publicar en el chat si necesita una llamada de extensi\u00f3n, y otro miembro responder\u00e1 a su mensaje si est\u00e1 disponible y luego le llamar\u00e1. Tenga en cuenta los siguientes l\u00edmites:<\/p>\n\n\n\n<ul class=\"wp-block-list\">\n<li>Comparte este grupo \u00fanicamente con otros miembros de ITAA.<\/li>\n\n\n\n<li>El prop\u00f3sito de este grupo es \u00fanicamente solicitar llamadas de divulgaci\u00f3n de otros miembros. Mant\u00e9ngase en el tema y evite compartir mensajes irrelevantes. Si necesita compartir, llame a un miembro o asista a una reuni\u00f3n.<\/li>\n\n\n\n<li>Mantener el anonimato de otros miembros. Nunca compartas el nombre, n\u00famero de tel\u00e9fono o identidad de otro miembro sin su permiso.&nbsp;<\/li>\n\n\n\n<li>Abstenerse de publicar enlaces, v\u00eddeos, memes, gifs o cualquier otro contenido ajeno.<\/li>\n\n\n\n<li>Evite promocionar los servicios profesionales que usted u otros ofrecen.<\/li>\n\n\n\n<li>Evite enviar spam, dumping o despotricar. Piensa antes de publicar y evita responder apresuradamente. Recuerde que somos adictos a Internet en recuperaci\u00f3n y que sus mensajes impactan la salud mental de todos los dem\u00e1s participantes.<\/li>\n\n\n\n<li>Nunca utilice el grupo para reprender a alguien o expresar quejas. Dir\u00edjase a la persona relevante en privado y de manera respetuosa, idealmente despu\u00e9s de escribir un inventario y discutirlo con su patrocinador.<\/li>\n\n\n\n<li>Este no es un lugar para conocer parejas. Evite el coqueteo de cualquier tipo, incluidos los cumplidos no solicitados, las bromas atrevidas o el intento de interactuar con un miembro que haya expresado que no est\u00e1 disponible.<\/li>\n<\/ul>\n\n\n\n<p>Practicamos una pol\u00edtica de 3 strikes, lo que significa que si rompes estos l\u00edmites 3 veces, un administrador puede eliminarte por un per\u00edodo de 3 a 6 meses. Por otro lado, los siguientes comportamientos son motivo de expulsi\u00f3n inmediata y potencialmente permanente:<\/p>\n\n\n\n<ul class=\"wp-block-list\">\n<li>Comportamiento violento o agresivo, incluidos insultos, insultos, humillaciones, burlas o amenazas.&nbsp;<\/li>\n\n\n\n<li>Comportamiento sexual, incluido hacer comentarios o solicitudes sexuales hacia otros miembros o enviar contenido sexual.<\/li>\n\n\n\n<li>Discriminaci\u00f3n de cualquier tipo, incluida la raza, el sexo, la identidad de g\u00e9nero, el credo, la religi\u00f3n, la orientaci\u00f3n sexual, la composici\u00f3n corporal, la discapacidad o la neurodiversidad.<\/li>\n\n\n\n<li>Acoso, acecho o cualquier otra conducta delictiva.<\/li>\n<\/ul>\n\n\n\n<p>Esta charla sigue las Doce Tradiciones y est\u00e1 sujeta a la conciencia de grupo de nuestro encuentro, que se lleva a cabo el primer encuentro de cada mes a la 1:00 p.m. hora local.<\/p>\n<!-- PMB print buttons is only displayed on a single post\/page URLs-->","protected":false},"excerpt":{"rendered":"<p>Como adictos a Internet, debemos tener especial cuidado en c\u00f3mo utilizamos la tecnolog\u00eda para apoyar nuestra recuperaci\u00f3n y nuestras reuniones. Por ejemplo, Zoom y nuestro sitio web han sido herramientas esenciales para ayudar a nuestra comunidad a llegar a los adictos que no tienen acceso a reuniones en persona. Mientras tanto, otras tecnolog\u00edas (plataformas de streaming, feeds de redes sociales, aplicaciones de citas, videojuegos) claramente no tienen... <a href=\"https:\/\/internetaddictsanonymous.org\/es\/resources\/being-of-service-resources\/principles-for-chat-groups\/\" class=\"more-link\">Seguir leyendo <span class=\"screen-reader-text\">Principios para los grupos de chat de ITAA<\/span><\/a><\/p>","protected":false},"author":35194237,"featured_media":0,"parent":18080,"menu_order":0,"comment_status":"closed","ping_status":"closed","template":"full-width-page.php","meta":{"inline_featured_image":false,"_lmt_disableupdate":"","_lmt_disable":"","footnotes":""},"tags":[],"class_list":["post-18148","page","type-page","status-publish","hentry"],"yoast_head":"<!-- This site is optimized with the Yoast SEO plugin v27.6 - https:\/\/yoast.com\/product\/yoast-seo-wordpress\/ -->\n<title>Principles for ITAA chat groups &#8211; Internet and Technology Addicts Anonymous<\/title>\n<meta name=\"robots\" content=\"index, follow, max-snippet:-1, max-image-preview:large, max-video-preview:-1\" \/>\n<link rel=\"canonical\" href=\"https:\/\/internetaddictsanonymous.org\/es\/recursos\/ser-de-recursos-de-servicio\/principios-para-grupos-de-chat\/\" \/>\n<meta property=\"og:locale\" content=\"es_MX\" \/>\n<meta property=\"og:type\" content=\"article\" \/>\n<meta property=\"og:title\" content=\"Principles for ITAA chat groups &#8211; Internet and Technology Addicts Anonymous\" \/>\n<meta property=\"og:description\" content=\"As internet addicts, we need take special care how we use technology to support our recoveries and our meetings. For example, Zoom and our website have been essential tools to help our fellowship reach addicts who don\u2019t have access to in-person meetings. Meanwhile, other technologies\u2014streaming platforms, social media feeds, dating apps, video games\u2014clearly have no &hellip; Seguir leyendo Principles for ITAA chat groups\" \/>\n<meta property=\"og:url\" content=\"https:\/\/internetaddictsanonymous.org\/es\/recursos\/ser-de-recursos-de-servicio\/principios-para-grupos-de-chat\/\" \/>\n<meta property=\"og:site_name\" content=\"Internet and Technology Addicts Anonymous\" \/>\n<meta property=\"article:modified_time\" content=\"2024-07-28T18:35:31+00:00\" \/>\n<meta name=\"twitter:card\" content=\"summary_large_image\" \/>\n<meta name=\"twitter:label1\" content=\"Tiempo de lectura\" \/>\n\t<meta name=\"twitter:data1\" content=\"6 minutos\" \/>\n<script type=\"application\/ld+json\" class=\"yoast-schema-graph\">{\"@context\":\"https:\\\/\\\/schema.org\",\"@graph\":[{\"@type\":\"WebPage\",\"@id\":\"https:\\\/\\\/internetaddictsanonymous.org\\\/resources\\\/being-of-service-resources\\\/principles-for-chat-groups\\\/\",\"url\":\"https:\\\/\\\/internetaddictsanonymous.org\\\/resources\\\/being-of-service-resources\\\/principles-for-chat-groups\\\/\",\"name\":\"Principles for ITAA chat groups &#8211; Internet and Technology Addicts Anonymous\",\"isPartOf\":{\"@id\":\"https:\\\/\\\/internetaddictsanonymous.org\\\/#website\"},\"datePublished\":\"2024-06-17T00:35:42+00:00\",\"dateModified\":\"2024-07-28T18:35:31+00:00\",\"breadcrumb\":{\"@id\":\"https:\\\/\\\/internetaddictsanonymous.org\\\/resources\\\/being-of-service-resources\\\/principles-for-chat-groups\\\/#breadcrumb\"},\"inLanguage\":\"es\",\"potentialAction\":[{\"@type\":\"ReadAction\",\"target\":[\"https:\\\/\\\/internetaddictsanonymous.org\\\/resources\\\/being-of-service-resources\\\/principles-for-chat-groups\\\/\"]}]},{\"@type\":\"BreadcrumbList\",\"@id\":\"https:\\\/\\\/internetaddictsanonymous.org\\\/resources\\\/being-of-service-resources\\\/principles-for-chat-groups\\\/#breadcrumb\",\"itemListElement\":[{\"@type\":\"ListItem\",\"position\":1,\"name\":\"Home\",\"item\":\"https:\\\/\\\/internetaddictsanonymous.org\\\/\"},{\"@type\":\"ListItem\",\"position\":2,\"name\":\"Resources\",\"item\":\"https:\\\/\\\/internetaddictsanonymous.org\\\/resources\\\/\"},{\"@type\":\"ListItem\",\"position\":3,\"name\":\"Being of service\",\"item\":\"https:\\\/\\\/internetaddictsanonymous.org\\\/resources\\\/being-of-service-resources\\\/\"},{\"@type\":\"ListItem\",\"position\":4,\"name\":\"Principles for ITAA chat groups\"}]},{\"@type\":\"WebSite\",\"@id\":\"https:\\\/\\\/internetaddictsanonymous.org\\\/#website\",\"url\":\"https:\\\/\\\/internetaddictsanonymous.org\\\/\",\"name\":\"Internet and Technology Addicts Anonymous\",\"description\":\"Worldwide 12-step Fellowship for Internet and Technology Addiction\",\"publisher\":{\"@id\":\"https:\\\/\\\/internetaddictsanonymous.org\\\/#organization\"},\"potentialAction\":[{\"@type\":\"SearchAction\",\"target\":{\"@type\":\"EntryPoint\",\"urlTemplate\":\"https:\\\/\\\/internetaddictsanonymous.org\\\/?s={search_term_string}\"},\"query-input\":{\"@type\":\"PropertyValueSpecification\",\"valueRequired\":true,\"valueName\":\"search_term_string\"}}],\"inLanguage\":\"es\"},{\"@type\":\"Organization\",\"@id\":\"https:\\\/\\\/internetaddictsanonymous.org\\\/#organization\",\"name\":\"Internet and Technology Addicts Anonymous\",\"url\":\"https:\\\/\\\/internetaddictsanonymous.org\\\/\",\"logo\":{\"@type\":\"ImageObject\",\"inLanguage\":\"es\",\"@id\":\"https:\\\/\\\/internetaddictsanonymous.org\\\/#\\\/schema\\\/logo\\\/image\\\/\",\"url\":\"https:\\\/\\\/internetaddictsanonymous.org\\\/wp-content\\\/uploads\\\/2023\\\/01\\\/cropped-ITAA-logo-480px.png\",\"contentUrl\":\"https:\\\/\\\/internetaddictsanonymous.org\\\/wp-content\\\/uploads\\\/2023\\\/01\\\/cropped-ITAA-logo-480px.png\",\"width\":480,\"height\":480,\"caption\":\"Internet and Technology Addicts Anonymous\"},\"image\":{\"@id\":\"https:\\\/\\\/internetaddictsanonymous.org\\\/#\\\/schema\\\/logo\\\/image\\\/\"}}]}<\/script>\n<!-- \/ Yoast SEO plugin. -->","yoast_head_json":{"title":"Principios para los grupos de chat de ITAA \u2013 Adictos a Internet y la tecnolog\u00eda An\u00f3nimos","robots":{"index":"index","follow":"follow","max-snippet":"max-snippet:-1","max-image-preview":"max-image-preview:large","max-video-preview":"max-video-preview:-1"},"canonical":"https:\/\/internetaddictsanonymous.org\/es\/recursos\/ser-de-recursos-de-servicio\/principios-para-grupos-de-chat\/","og_locale":"es_MX","og_type":"article","og_title":"Principles for ITAA chat groups &#8211; Internet and Technology Addicts Anonymous","og_description":"As internet addicts, we need take special care how we use technology to support our recoveries and our meetings. For example, Zoom and our website have been essential tools to help our fellowship reach addicts who don\u2019t have access to in-person meetings. Meanwhile, other technologies\u2014streaming platforms, social media feeds, dating apps, video games\u2014clearly have no &hellip; Seguir leyendo Principles for ITAA chat groups","og_url":"https:\/\/internetaddictsanonymous.org\/es\/recursos\/ser-de-recursos-de-servicio\/principios-para-grupos-de-chat\/","og_site_name":"Internet and Technology Addicts Anonymous","article_modified_time":"2024-07-28T18:35:31+00:00","twitter_card":"summary_large_image","twitter_misc":{"Tiempo de lectura":"6 minutos"},"schema":{"@context":"https:\/\/schema.org","@graph":[{"@type":"WebPage","@id":"https:\/\/internetaddictsanonymous.org\/resources\/being-of-service-resources\/principles-for-chat-groups\/","url":"https:\/\/internetaddictsanonymous.org\/resources\/being-of-service-resources\/principles-for-chat-groups\/","name":"Principios para los grupos de chat de ITAA \u2013 Adictos a Internet y la tecnolog\u00eda An\u00f3nimos","isPartOf":{"@id":"https:\/\/internetaddictsanonymous.org\/#website"},"datePublished":"2024-06-17T00:35:42+00:00","dateModified":"2024-07-28T18:35:31+00:00","breadcrumb":{"@id":"https:\/\/internetaddictsanonymous.org\/resources\/being-of-service-resources\/principles-for-chat-groups\/#breadcrumb"},"inLanguage":"es","potentialAction":[{"@type":"ReadAction","target":["https:\/\/internetaddictsanonymous.org\/resources\/being-of-service-resources\/principles-for-chat-groups\/"]}]},{"@type":"BreadcrumbList","@id":"https:\/\/internetaddictsanonymous.org\/resources\/being-of-service-resources\/principles-for-chat-groups\/#breadcrumb","itemListElement":[{"@type":"ListItem","position":1,"name":"Home","item":"https:\/\/internetaddictsanonymous.org\/"},{"@type":"ListItem","position":2,"name":"Resources","item":"https:\/\/internetaddictsanonymous.org\/resources\/"},{"@type":"ListItem","position":3,"name":"Being of service","item":"https:\/\/internetaddictsanonymous.org\/resources\/being-of-service-resources\/"},{"@type":"ListItem","position":4,"name":"Principles for ITAA chat groups"}]},{"@type":"WebSite","@id":"https:\/\/internetaddictsanonymous.org\/#website","url":"https:\/\/internetaddictsanonymous.org\/","name":"Adictos a Internet y la Tecnolog\u00eda An\u00f3nimos","description":"Comunidad mundial de 12 pasos para la adicci\u00f3n a Internet y a la tecnolog\u00eda","publisher":{"@id":"https:\/\/internetaddictsanonymous.org\/#organization"},"potentialAction":[{"@type":"SearchAction","target":{"@type":"EntryPoint","urlTemplate":"https:\/\/internetaddictsanonymous.org\/?s={search_term_string}"},"query-input":{"@type":"PropertyValueSpecification","valueRequired":true,"valueName":"search_term_string"}}],"inLanguage":"es"},{"@type":"Organization","@id":"https:\/\/internetaddictsanonymous.org\/#organization","name":"Adictos a Internet y la Tecnolog\u00eda An\u00f3nimos","url":"https:\/\/internetaddictsanonymous.org\/","logo":{"@type":"ImageObject","inLanguage":"es","@id":"https:\/\/internetaddictsanonymous.org\/#\/schema\/logo\/image\/","url":"https:\/\/internetaddictsanonymous.org\/wp-content\/uploads\/2023\/01\/cropped-ITAA-logo-480px.png","contentUrl":"https:\/\/internetaddictsanonymous.org\/wp-content\/uploads\/2023\/01\/cropped-ITAA-logo-480px.png","width":480,"height":480,"caption":"Internet and Technology Addicts Anonymous"},"image":{"@id":"https:\/\/internetaddictsanonymous.org\/#\/schema\/logo\/image\/"}}]}},"jetpack_sharing_enabled":true,"jetpack_shortlink":"https:\/\/wp.me\/P9Fwob-4II","_links":{"self":[{"href":"https:\/\/internetaddictsanonymous.org\/es\/wp-json\/wp\/v2\/pages\/18148","targetHints":{"allow":["GET"]}}],"collection":[{"href":"https:\/\/internetaddictsanonymous.org\/es\/wp-json\/wp\/v2\/pages"}],"about":[{"href":"https:\/\/internetaddictsanonymous.org\/es\/wp-json\/wp\/v2\/types\/page"}],"author":[{"embeddable":true,"href":"https:\/\/internetaddictsanonymous.org\/es\/wp-json\/wp\/v2\/users\/35194237"}],"replies":[{"embeddable":true,"href":"https:\/\/internetaddictsanonymous.org\/es\/wp-json\/wp\/v2\/comments?post=18148"}],"version-history":[{"count":3,"href":"https:\/\/internetaddictsanonymous.org\/es\/wp-json\/wp\/v2\/pages\/18148\/revisions"}],"predecessor-version":[{"id":18354,"href":"https:\/\/internetaddictsanonymous.org\/es\/wp-json\/wp\/v2\/pages\/18148\/revisions\/18354"}],"up":[{"embeddable":true,"href":"https:\/\/internetaddictsanonymous.org\/es\/wp-json\/wp\/v2\/pages\/18080"}],"wp:attachment":[{"href":"https:\/\/internetaddictsanonymous.org\/es\/wp-json\/wp\/v2\/media?parent=18148"}],"wp:term":[{"taxonomy":"post_tag","embeddable":true,"href":"https:\/\/internetaddictsanonymous.org\/es\/wp-json\/wp\/v2\/tags?post=18148"}],"curies":[{"name":"wp","href":"https:\/\/api.w.org\/{rel}","templated":true}]}}