{"id":18513,"date":"2024-08-20T16:29:56","date_gmt":"2024-08-20T23:29:56","guid":{"rendered":"https:\/\/internetaddictsanonymous.org\/?page_id=18513"},"modified":"2026-02-11T19:46:47","modified_gmt":"2026-02-12T03:46:47","slug":"itaa-en-toronto-canada","status":"publish","type":"page","link":"https:\/\/internetaddictsanonymous.org\/es\/in-person-meetings\/canada-toronto\/","title":{"rendered":"ITAA en Toronto, Canad\u00e1"},"content":{"rendered":"<p>Bienvenido a Adictos a Internet y a la Tecnolog\u00eda An\u00f3nimos. Nos alegramos de que nos hayas encontrado y esperamos que nuestra comunidad pueda serte tan \u00fatil como lo ha sido para nosotros.<strong> <mark style=\"background-color:rgba(0, 0, 0, 0)\" class=\"has-inline-color has-dark-gray-color\">ITAA es una comunidad de Doce Pasos formada por personas que se apoyan mutuamente para recuperarse de la adicci\u00f3n a Internet y a la tecnolog\u00eda.<\/mark><\/strong> Esto incluye la adicci\u00f3n a las redes sociales, los celulares, los v\u00eddeos en linea, los videojuegos, las noticias, la pornograf\u00eda, las aplicaciones de citas, la investigaci\u00f3n en l\u00ednea, las compras en l\u00ednea o cualquier otra actividad digital que se convierta en compulsiva y problem\u00e1tica.&nbsp;<\/p>\n\n\n\n<h3 class=\"wp-block-heading\">Reuniones en Toronto, Canad\u00e1<\/h3>\n\n\n\n<p>Cu\u00e1ndo: lunes por la noche de 19:00 a 20:00 horas.\u00a0<br>D\u00f3nde: Centro Comunitario Trinity-St. Paul&#039;s, 427 Bloor Street West, en la Sala Circles<br>Accesibilidad: La Sala Circles se encuentra en la planta principal y es accesible. Para acceder, utilice la entrada principal en la calle Bloor, en el lado norte del edificio.\u00a0<br>NOTA: En ocasiones, la Sala Circles no est\u00e1 disponible y la reuni\u00f3n se realiza en otra sala. Busque los letreros de ITAA o pregunte en recepci\u00f3n en qu\u00e9 sala estamos.<br>Transporte p\u00fablico: La estaci\u00f3n TTC m\u00e1s cercana es la estaci\u00f3n Spadina<br>Estacionamiento: Hay estacionamiento pago, incluido estacionamiento accesible, disponible al otro lado de la calle en Robert Street en el lote Green P en el lado sur de la tienda de comestibles Metro.<\/p>\n\n\n\n<p>Contacto:<br>Ben +01&nbsp;<a href=\"tel:(647)%20779-6237\" target=\"_blank\" rel=\"noreferrer noopener\">(647) 779-6237<\/a>&nbsp;<br><a href=\"mailto:TorontoITAAmeeting@gmail.com\" target=\"_blank\" rel=\"noreferrer noopener\">TorontoITAAmeeting@gmail.com<\/a>&nbsp;<\/p>\n\n\n\n<p>Actualizaci\u00f3n r\u00e1pida:<\/p>\n\n\n\n<p>En las siguientes fechas nos reuniremos en la planta baja, en el sal\u00f3n del jard\u00edn (pregunte al personal de recepci\u00f3n para obtener indicaciones):<br>26 de enero<br>23 de febrero<br>2 de marzo<br>23 de marzo<br>30 de marzo<br>27 de abril<br>11 de mayo<br>25 de mayo<br>29 de junio<\/p>\n\n\n\n<p>Nota importante: NO habr\u00e1 reuni\u00f3n en las siguientes fechas debido al cierre por vacaciones.\u00a0<br>\u2013 16 de febrero (D\u00eda de la Familia)<br>\u2013 18 de mayo (D\u00eda de la Victoria)\u00a0<\/p>\n\n\n\n<p>M\u00e1s informaci\u00f3n:<br>\u2022 Los reci\u00e9n llegados son bienvenidos; a menos que tengas preguntas, no es necesario contactar a nadie antes de venir, \u00a1simplemente puedes presentarte! \ud83d\ude42&nbsp;<br>Aunque nos reunimos en una iglesia, les informamos que ITAA no est\u00e1 afiliada a ninguna religi\u00f3n. Nuestra comunidad defiende firmemente la libertad de cada miembro de participar en cualquier tradici\u00f3n religiosa, ya sea religiosa o no, seg\u00fan les sea m\u00e1s \u00fatil en su camino hacia la recuperaci\u00f3n.<br>\u2022 Esta reuni\u00f3n es para: personas adictas a internet y la tecnolog\u00eda, as\u00ed como para quienes est\u00e9n considerando si tienen alg\u00fan problema. Los reci\u00e9n llegados son bienvenidos.&nbsp;<br>\u2022 Esta reuni\u00f3n no es para: investigadores, periodistas ni amigos y familiares de adictos a internet y la tecnolog\u00eda. Si pertenece a uno de estos grupos, asista a una reuni\u00f3n abierta (codificada en color morado en<a href=\"https:\/\/internetaddictsanonymous.org\/es\/reuniones-en-linea\/\"> Calendario de reuniones en l\u00ednea de la ITAA<\/a>) o explorar informaci\u00f3n y r<a href=\"https:\/\/internetaddictsanonymous.org\/es\/para-familiares-y-amigos\/\">Recursos para familiares y amigos de adictos.<\/a><\/p>\n\n\n\n<p><\/p>\n\n\n\n<h3 class=\"wp-block-heading\">Reuniones por Zoom<\/h3>\n\n\n\n<p>Si sos nuevo, te animamos a que pruebes a asistir a seis reuniones en un breve periodo de tiempo para ver si nuestro programa puede serte \u00fatil. Adem\u00e1s de nuestra reuni\u00f3n local en persona, tambi\u00e9n puede consultar nuestro <a href=\"https:\/\/internetaddictsanonymous.org\/es\/reuniones-locales-de-internet-sobre-adicciones\/\">.<\/a> y un <a href=\"https:\/\/internetaddictsanonymous.org\/es\/reuniones-en-linea\/\">calendario completo de reuniones en l\u00ednea<\/a>. Todas las reuniones son totalmente gratuitas y an\u00f3nimas.<\/p>\n\n\n\n<h3 class=\"wp-block-heading\"><strong>\u00bfC\u00f3mo funcionan las reuniones?<\/strong><\/h3>\n\n\n\n<p>Si es la primera vez que asiste a una reuni\u00f3n, no se ponga nervioso. La mayor\u00eda de nuestras reuniones son muy sencillas; cada reuni\u00f3n tiene un presidente que dirige la reuni\u00f3n, y la mayor\u00eda de las reuniones duran una hora. El presidente y otros voluntarios leen algunos discursos de apertura, antes de abrir la reuni\u00f3n para que los miembros compartan. No es obligatorio compartir, y est\u00e1 bien limitarse a escuchar. Puedes compartir c\u00f3mo te va, presentarte y qu\u00e9 te trajo a ITAA, o hacer preguntas. A menos que el miembro que comparte lo pida, no ofrecemos sugerencias ni comentarios en respuesta a lo que otros comparten; simplemente escuchamos sin juzgar. Al cabo de una hora, la reuni\u00f3n finaliza con unas palabras de clausura, tras las cuales los miembros suelen hablar informalmente, hacer preguntas e intercambiar datos de contacto.<\/p>\n\n\n\n<h3 class=\"wp-block-heading\">Recursos sobre Internet y la adicci\u00f3n a la tecnolog\u00eda<\/h3>\n\n\n\n<p>Si te est\u00e1s preguntando si podes tener una adicci\u00f3n a Internet y a la tecnolog\u00eda, podes revisar nuestros cuestionarios de <a href=\"https:\/\/internetaddictsanonymous.org\/es\/adiccion-a-internet-y-a-la-tecnologia\/\">adicci\u00f3n a internet<\/a>, <a href=\"https:\/\/internetaddictsanonymous.org\/es\/adiccion-a-internet-y-a-la-tecnologia\/adiccion-a-las-redes-sociales\/\">adicci\u00f3n a las redes sociales<\/a>, <a href=\"https:\/\/internetaddictsanonymous.org\/es\/adiccion-a-internet\/adiccion-al-streaming\/\">adicci\u00f3n al streaming<\/a>, <a href=\"https:\/\/internetaddictsanonymous.org\/es\/adiccion-a-internet-y-a-la-tecnologia\/adiccion-al-telefono\/\">adicci\u00f3n al tel\u00e9fono<\/a>o <a href=\"https:\/\/internetaddictsanonymous.org\/es\/adiccion-a-internet-y-a-la-tecnologia\/adiccion-a-los-videojuegos\/\">adicci\u00f3n a los videojuegos<\/a>. Tambi\u00e9n podes obtener m\u00e1s informaci\u00f3n sobre la ITAA leyendo nuestro&nbsp;<a href=\"https:\/\/internetaddictsanonymous.org\/es\/guia-para-los-recien-llegados\/\">gu\u00eda para los reci\u00e9n llegados<\/a>, revisando nuestras <a href=\"https:\/\/internetaddictsanonymous.org\/es\/recursos\/herramientas-de-recuperacion\/\">herramientas de recuperaci\u00f3n<\/a>o escuchando <a href=\"https:\/\/internetaddictsanonymous.org\/es\/historias-de-recuperacion\/\">historias de recuperaci\u00f3n de los miembros<\/a>.<\/p>\n\n\n\n<p>ITAA no est\u00e1 afiliada a ning\u00fan programa pol\u00edtico, religi\u00f3n o inter\u00e9s externo. Somos totalmente autosuficientes y gratuitos para todos los que lo necesiten. Nuestro \u00fanico prop\u00f3sito es abstenernos del uso compulsivo de internet y la tecnolog\u00eda y ayudar a otros a encontrar la libertad de esta adicci\u00f3n.<\/p>\n\n\n\n<p>De nuevo, \u00a1bienvenido! Esperamos que esta comunidad pueda proporcionarte el apoyo que necesitas en tu recuperaci\u00f3n de la adicci\u00f3n a Internet y a la tecnolog\u00eda. No dudes en ponerte en contacto con nosotros si tienes alguna pregunta.<\/p>\n<!-- PMB print buttons is only displayed on a single post\/page URLs-->","protected":false},"excerpt":{"rendered":"<p>Bienvenido a Adictos a Internet y a la Tecnolog\u00eda An\u00f3nimos. Nos alegramos de que nos hayas encontrado y esperamos que nuestra comunidad pueda serte tan \u00fatil como lo ha sido para nosotros. ITAA es una comunidad de Doce Pasos de personas que se apoyan mutuamente en la recuperaci\u00f3n de la adicci\u00f3n a Internet y la tecnolog\u00eda. Esto incluye la adicci\u00f3n a las redes sociales, tel\u00e9fonos inteligentes, streaming ... <a href=\"https:\/\/internetaddictsanonymous.org\/es\/in-person-meetings\/canada-toronto\/\" class=\"more-link\">Seguir leyendo <span class=\"screen-reader-text\">ITAA en Toronto, Canad\u00e1<\/span><\/a><\/p>","protected":false},"author":35194283,"featured_media":0,"parent":148,"menu_order":0,"comment_status":"closed","ping_status":"closed","template":"full-width-page.php","meta":{"inline_featured_image":false,"_lmt_disableupdate":"","_lmt_disable":"","jetpack_post_was_ever_published":false,"footnotes":""},"tags":[],"class_list":["post-18513","page","type-page","status-publish","hentry"],"yoast_head":"<!-- This site is optimized with the Yoast SEO plugin v27.3 - https:\/\/yoast.com\/product\/yoast-seo-wordpress\/ -->\n<title>ITAA in Toronto, Canada &#8211; Internet and Technology Addicts Anonymous<\/title>\n<meta name=\"description\" content=\"There is interest in starting an in-person meeting in Toronto, Canada. If you are interested in attending, please reach out to the contact.\" \/>\n<meta name=\"robots\" content=\"index, follow, max-snippet:-1, max-image-preview:large, max-video-preview:-1\" \/>\n<link rel=\"canonical\" href=\"https:\/\/internetaddictsanonymous.org\/es\/reuniones-locales-de-internet-sobre-adicciones\/itaa-en-toronto-canada\/\" \/>\n<meta property=\"og:locale\" content=\"es_MX\" \/>\n<meta property=\"og:type\" content=\"article\" \/>\n<meta property=\"og:title\" content=\"ITAA in Toronto, Canada &#8211; Internet and Technology Addicts Anonymous\" \/>\n<meta property=\"og:description\" content=\"There is interest in starting an in-person meeting in Toronto, Canada. If you are interested in attending, please reach out to the contact.\" \/>\n<meta property=\"og:url\" content=\"https:\/\/internetaddictsanonymous.org\/es\/reuniones-locales-de-internet-sobre-adicciones\/itaa-en-toronto-canada\/\" \/>\n<meta property=\"og:site_name\" content=\"Internet and Technology Addicts Anonymous\" \/>\n<meta property=\"article:modified_time\" content=\"2026-02-12T03:46:47+00:00\" \/>\n<meta name=\"twitter:card\" content=\"summary_large_image\" \/>\n<meta name=\"twitter:label1\" content=\"Tiempo de lectura\" \/>\n\t<meta name=\"twitter:data1\" content=\"4 minutos\" \/>\n<script type=\"application\/ld+json\" class=\"yoast-schema-graph\">{\"@context\":\"https:\\\/\\\/schema.org\",\"@graph\":[{\"@type\":\"WebPage\",\"@id\":\"https:\\\/\\\/internetaddictsanonymous.org\\\/in-person-meetings\\\/canada-toronto\\\/\",\"url\":\"https:\\\/\\\/internetaddictsanonymous.org\\\/in-person-meetings\\\/canada-toronto\\\/\",\"name\":\"ITAA in Toronto, Canada &#8211; Internet and Technology Addicts Anonymous\",\"isPartOf\":{\"@id\":\"https:\\\/\\\/internetaddictsanonymous.org\\\/#website\"},\"datePublished\":\"2024-08-20T23:29:56+00:00\",\"dateModified\":\"2026-02-12T03:46:47+00:00\",\"description\":\"There is interest in starting an in-person meeting in Toronto, Canada. If you are interested in attending, please reach out to the contact.\",\"breadcrumb\":{\"@id\":\"https:\\\/\\\/internetaddictsanonymous.org\\\/in-person-meetings\\\/canada-toronto\\\/#breadcrumb\"},\"inLanguage\":\"es\",\"potentialAction\":[{\"@type\":\"ReadAction\",\"target\":[\"https:\\\/\\\/internetaddictsanonymous.org\\\/in-person-meetings\\\/canada-toronto\\\/\"]}]},{\"@type\":\"BreadcrumbList\",\"@id\":\"https:\\\/\\\/internetaddictsanonymous.org\\\/in-person-meetings\\\/canada-toronto\\\/#breadcrumb\",\"itemListElement\":[{\"@type\":\"ListItem\",\"position\":1,\"name\":\"Home\",\"item\":\"https:\\\/\\\/internetaddictsanonymous.org\\\/\"},{\"@type\":\"ListItem\",\"position\":2,\"name\":\"In-Person Meetings\",\"item\":\"https:\\\/\\\/internetaddictsanonymous.org\\\/in-person-meetings\\\/\"},{\"@type\":\"ListItem\",\"position\":3,\"name\":\"ITAA in Toronto, Canada\"}]},{\"@type\":\"WebSite\",\"@id\":\"https:\\\/\\\/internetaddictsanonymous.org\\\/#website\",\"url\":\"https:\\\/\\\/internetaddictsanonymous.org\\\/\",\"name\":\"Internet and Technology Addicts Anonymous\",\"description\":\"Worldwide 12-step Fellowship for Internet and Technology Addiction\",\"publisher\":{\"@id\":\"https:\\\/\\\/internetaddictsanonymous.org\\\/#organization\"},\"potentialAction\":[{\"@type\":\"SearchAction\",\"target\":{\"@type\":\"EntryPoint\",\"urlTemplate\":\"https:\\\/\\\/internetaddictsanonymous.org\\\/?s={search_term_string}\"},\"query-input\":{\"@type\":\"PropertyValueSpecification\",\"valueRequired\":true,\"valueName\":\"search_term_string\"}}],\"inLanguage\":\"es\"},{\"@type\":\"Organization\",\"@id\":\"https:\\\/\\\/internetaddictsanonymous.org\\\/#organization\",\"name\":\"Internet and Technology Addicts Anonymous\",\"url\":\"https:\\\/\\\/internetaddictsanonymous.org\\\/\",\"logo\":{\"@type\":\"ImageObject\",\"inLanguage\":\"es\",\"@id\":\"https:\\\/\\\/internetaddictsanonymous.org\\\/#\\\/schema\\\/logo\\\/image\\\/\",\"url\":\"https:\\\/\\\/internetaddictsanonymous.org\\\/wp-content\\\/uploads\\\/2023\\\/01\\\/cropped-ITAA-logo-480px.png\",\"contentUrl\":\"https:\\\/\\\/internetaddictsanonymous.org\\\/wp-content\\\/uploads\\\/2023\\\/01\\\/cropped-ITAA-logo-480px.png\",\"width\":480,\"height\":480,\"caption\":\"Internet and Technology Addicts Anonymous\"},\"image\":{\"@id\":\"https:\\\/\\\/internetaddictsanonymous.org\\\/#\\\/schema\\\/logo\\\/image\\\/\"}}]}<\/script>\n<!-- \/ Yoast SEO plugin. -->","yoast_head_json":{"title":"ITAA en Toronto, Canad\u00e1 - Adictos a Internet y a la Tecnolog\u00eda An\u00f3nimos","description":"Hay inter\u00e9s en iniciar una reuni\u00f3n presencial en Toronto, Canad\u00e1. Si le interesa asistir, p\u00f3ngase en contacto con nosotros.","robots":{"index":"index","follow":"follow","max-snippet":"max-snippet:-1","max-image-preview":"max-image-preview:large","max-video-preview":"max-video-preview:-1"},"canonical":"https:\/\/internetaddictsanonymous.org\/es\/reuniones-locales-de-internet-sobre-adicciones\/itaa-en-toronto-canada\/","og_locale":"es_MX","og_type":"article","og_title":"ITAA in Toronto, Canada &#8211; Internet and Technology Addicts Anonymous","og_description":"There is interest in starting an in-person meeting in Toronto, Canada. If you are interested in attending, please reach out to the contact.","og_url":"https:\/\/internetaddictsanonymous.org\/es\/reuniones-locales-de-internet-sobre-adicciones\/itaa-en-toronto-canada\/","og_site_name":"Internet and Technology Addicts Anonymous","article_modified_time":"2026-02-12T03:46:47+00:00","twitter_card":"summary_large_image","twitter_misc":{"Tiempo de lectura":"4 minutos"},"schema":{"@context":"https:\/\/schema.org","@graph":[{"@type":"WebPage","@id":"https:\/\/internetaddictsanonymous.org\/in-person-meetings\/canada-toronto\/","url":"https:\/\/internetaddictsanonymous.org\/in-person-meetings\/canada-toronto\/","name":"ITAA en Toronto, Canad\u00e1 - Adictos a Internet y a la Tecnolog\u00eda An\u00f3nimos","isPartOf":{"@id":"https:\/\/internetaddictsanonymous.org\/#website"},"datePublished":"2024-08-20T23:29:56+00:00","dateModified":"2026-02-12T03:46:47+00:00","description":"Hay inter\u00e9s en iniciar una reuni\u00f3n presencial en Toronto, Canad\u00e1. Si le interesa asistir, p\u00f3ngase en contacto con nosotros.","breadcrumb":{"@id":"https:\/\/internetaddictsanonymous.org\/in-person-meetings\/canada-toronto\/#breadcrumb"},"inLanguage":"es","potentialAction":[{"@type":"ReadAction","target":["https:\/\/internetaddictsanonymous.org\/in-person-meetings\/canada-toronto\/"]}]},{"@type":"BreadcrumbList","@id":"https:\/\/internetaddictsanonymous.org\/in-person-meetings\/canada-toronto\/#breadcrumb","itemListElement":[{"@type":"ListItem","position":1,"name":"Home","item":"https:\/\/internetaddictsanonymous.org\/"},{"@type":"ListItem","position":2,"name":"In-Person Meetings","item":"https:\/\/internetaddictsanonymous.org\/in-person-meetings\/"},{"@type":"ListItem","position":3,"name":"ITAA in Toronto, Canada"}]},{"@type":"WebSite","@id":"https:\/\/internetaddictsanonymous.org\/#website","url":"https:\/\/internetaddictsanonymous.org\/","name":"Adictos a Internet y la Tecnolog\u00eda An\u00f3nimos","description":"Comunidad mundial de 12 pasos para la adicci\u00f3n a Internet y a la tecnolog\u00eda","publisher":{"@id":"https:\/\/internetaddictsanonymous.org\/#organization"},"potentialAction":[{"@type":"SearchAction","target":{"@type":"EntryPoint","urlTemplate":"https:\/\/internetaddictsanonymous.org\/?s={search_term_string}"},"query-input":{"@type":"PropertyValueSpecification","valueRequired":true,"valueName":"search_term_string"}}],"inLanguage":"es"},{"@type":"Organization","@id":"https:\/\/internetaddictsanonymous.org\/#organization","name":"Adictos a Internet y la Tecnolog\u00eda An\u00f3nimos","url":"https:\/\/internetaddictsanonymous.org\/","logo":{"@type":"ImageObject","inLanguage":"es","@id":"https:\/\/internetaddictsanonymous.org\/#\/schema\/logo\/image\/","url":"https:\/\/internetaddictsanonymous.org\/wp-content\/uploads\/2023\/01\/cropped-ITAA-logo-480px.png","contentUrl":"https:\/\/internetaddictsanonymous.org\/wp-content\/uploads\/2023\/01\/cropped-ITAA-logo-480px.png","width":480,"height":480,"caption":"Internet and Technology Addicts Anonymous"},"image":{"@id":"https:\/\/internetaddictsanonymous.org\/#\/schema\/logo\/image\/"}}]}},"jetpack_sharing_enabled":true,"jetpack_shortlink":"https:\/\/wp.me\/P9Fwob-4OB","_links":{"self":[{"href":"https:\/\/internetaddictsanonymous.org\/es\/wp-json\/wp\/v2\/pages\/18513","targetHints":{"allow":["GET"]}}],"collection":[{"href":"https:\/\/internetaddictsanonymous.org\/es\/wp-json\/wp\/v2\/pages"}],"about":[{"href":"https:\/\/internetaddictsanonymous.org\/es\/wp-json\/wp\/v2\/types\/page"}],"author":[{"embeddable":true,"href":"https:\/\/internetaddictsanonymous.org\/es\/wp-json\/wp\/v2\/users\/35194283"}],"replies":[{"embeddable":true,"href":"https:\/\/internetaddictsanonymous.org\/es\/wp-json\/wp\/v2\/comments?post=18513"}],"version-history":[{"count":21,"href":"https:\/\/internetaddictsanonymous.org\/es\/wp-json\/wp\/v2\/pages\/18513\/revisions"}],"predecessor-version":[{"id":21019,"href":"https:\/\/internetaddictsanonymous.org\/es\/wp-json\/wp\/v2\/pages\/18513\/revisions\/21019"}],"up":[{"embeddable":true,"href":"https:\/\/internetaddictsanonymous.org\/es\/wp-json\/wp\/v2\/pages\/148"}],"wp:attachment":[{"href":"https:\/\/internetaddictsanonymous.org\/es\/wp-json\/wp\/v2\/media?parent=18513"}],"wp:term":[{"taxonomy":"post_tag","embeddable":true,"href":"https:\/\/internetaddictsanonymous.org\/es\/wp-json\/wp\/v2\/tags?post=18513"}],"curies":[{"name":"wp","href":"https:\/\/api.w.org\/{rel}","templated":true}]}}