{"id":20075,"date":"2025-06-15T09:04:32","date_gmt":"2025-06-15T16:04:32","guid":{"rendered":"https:\/\/internetaddictsanonymous.org\/?page_id=20075"},"modified":"2025-12-05T07:35:54","modified_gmt":"2025-12-05T15:35:54","slug":"alemania","status":"publish","type":"page","link":"https:\/\/internetaddictsanonymous.org\/es\/in-person-meetings\/germany\/","title":{"rendered":"ITAA en Alemania"},"content":{"rendered":"<p>Bienvenido a Adictos a Internet y a la Tecnolog\u00eda An\u00f3nimos. Nos alegramos de que nos hayas encontrado y esperamos que nuestra comunidad pueda serte tan \u00fatil como lo ha sido para nosotros.<strong> <mark style=\"background-color:rgba(0, 0, 0, 0)\" class=\"has-inline-color has-dark-gray-color\">ITAA es una comunidad de Doce Pasos formada por personas que se apoyan mutuamente para recuperarse de la adicci\u00f3n a Internet y a la tecnolog\u00eda.<\/mark><\/strong> Esto incluye la adicci\u00f3n a las redes sociales, los celulares, los v\u00eddeos en linea, los videojuegos, las noticias, la pornograf\u00eda, las aplicaciones de citas, la investigaci\u00f3n en l\u00ednea, las compras en l\u00ednea o cualquier otra actividad digital que se convierta en compulsiva y problem\u00e1tica.&nbsp;<\/p>\n\n\n\n<h3 class=\"wp-block-heading\">Reuniones en Berl\u00edn<\/h3>\n\n\n\n<p>Cu\u00e1ndo: martes de 18:30 a 19:30 horas <\/p>\n\n\n\n<p>D\u00f3nde: SEKIS, Bismarck Stra\u00dfe 101, 10625 Berl\u00edn.&nbsp;<\/p>\n\n\n\n<p>Como el edificio hace esquina, hay que entrar por la puerta de Weimarer Stra\u00dfe. Toque el timbre \u201cselko eV Sekis\u201d para abrir la puerta autom\u00e1tica. Luego toma el ascensor o las escaleras hasta el quinto piso, las instalaciones de Sekis est\u00e1n a tu derecha. Nuestra sala de reuniones es la \u00faltima sala al final del pasillo, la puerta est\u00e1 a la derecha.&nbsp;<\/p>\n\n\n\n<p>Por favor contactar&nbsp;<a href=\"mailto:itaa.berlin@gmail.com\" target=\"_blank\" rel=\"noreferrer noopener\">itaa.berlin@gmail.com<\/a>&nbsp;Si tienes alguna pregunta :).&nbsp;<\/p>\n\n\n\n<p>Informaci\u00f3n adicional: Las reuniones se llevan a cabo en ingl\u00e9s, pero si prefieres intercambiar ideas en alem\u00e1n, puedes hacerlo.<\/p>\n\n\n\n<p>Unsere Meetings finden vorrangig in englischer Sprache statt, wenn du aber lieber auf Deutsch teilen m\u00f6chtest kannst du das gerne tun.<\/p>\n\n\n\n<h3 class=\"wp-block-heading\">Reuniones en Bremen<\/h3>\n\n\n\n<p>Cu\u00e1ndo: Martes de 20 a 22 h.<\/p>\n\n\n\n<p>D\u00f3nde: Netzwerk Selbsthilfe, Faulenstr. 31 (primer piso), 28195 Bremen<\/p>\n\n\n\n<p>Contacto: sebastian_@gmx.eu<\/p>\n\n\n\n<h3 class=\"wp-block-heading\">Reuniones en Stuttgart<\/h3>\n\n\n\n<p>Cu\u00e1ndo: Viernes de 19.45 a 21.45 horas<\/p>\n\n\n\n<p>D\u00f3nde: KISS Stuttgart, T\u00fcbinger Stra\u00dfe 15, 70178 Stuttgart, Alemania<\/p>\n\n\n\n<p>Contacto: itaa.stuttgart@web.de<\/p>\n\n\n\n<h3 class=\"wp-block-heading\"><span style=\"color:orange;\">Reuniones en M\u00fanich<\/span><\/h3>\n\n\n\n<p>Actualmente no hay reuniones presenciales disponibles en M\u00fanich. Si le interesa una reuni\u00f3n en M\u00fanich, p\u00f3ngase en contacto con&nbsp;<a href=\"mailto:itaa.muenchen@gmail.com\" target=\"_blank\" rel=\"noreferrer noopener\">itaa.muenchen@gmail.com<\/a><\/p>\n\n\n\n<h3 class=\"wp-block-heading\">Reuniones por Zoom<\/h3>\n\n\n\n<p>Si sos nuevo, te animamos a que pruebes a asistir a seis reuniones en un breve periodo de tiempo para ver si nuestro programa puede serte \u00fatil. Adem\u00e1s de nuestra reuni\u00f3n local en persona, tambi\u00e9n puede consultar nuestro <a href=\"https:\/\/internetaddictsanonymous.org\/es\/itaa-en-aleman\/\">otras reuniones alemanas<\/a> y un <a href=\"https:\/\/internetaddictsanonymous.org\/es\/reuniones-en-linea\/\">calendario completo de reuniones internacionales en l\u00ednea<\/a>. Todas las reuniones son totalmente gratuitas y an\u00f3nimas.<\/p>\n\n\n\n<h3 class=\"wp-block-heading\"><strong>\u00bfC\u00f3mo funcionan las reuniones?<\/strong><\/h3>\n\n\n\n<p>Si es la primera vez que asiste a una reuni\u00f3n, no se ponga nervioso. La mayor\u00eda de nuestras reuniones son muy sencillas; cada reuni\u00f3n tiene un presidente que dirige la reuni\u00f3n, y la mayor\u00eda de las reuniones duran una hora. El presidente y otros voluntarios leen algunos discursos de apertura, antes de abrir la reuni\u00f3n para que los miembros compartan. No es obligatorio compartir, y est\u00e1 bien limitarse a escuchar. Si te sientes c\u00f3modo, puedes presentarte y compartir lo que te trajo a ITAA. A menos que el miembro que comparte lo pida, no ofrecemos sugerencias ni comentarios en respuesta a lo que otros comparten; simplemente escuchamos sin juzgar. Al cabo de una hora, la reuni\u00f3n concluir\u00e1 con unas palabras de clausura, tras las cuales los miembros suelen hablar informalmente, hacer preguntas e intercambiar datos de contacto.<\/p>\n\n\n\n<h3 class=\"wp-block-heading\">Recursos sobre Internet y la adicci\u00f3n a la tecnolog\u00eda<\/h3>\n\n\n\n<p>Si te est\u00e1s preguntando si podes tener una adicci\u00f3n a Internet y a la tecnolog\u00eda, podes revisar nuestros cuestionarios de <a href=\"https:\/\/internetaddictsanonymous.org\/es\/adiccion-a-internet-y-a-la-tecnologia\/\">adicci\u00f3n a internet<\/a>, <a href=\"https:\/\/internetaddictsanonymous.org\/es\/adiccion-a-internet-y-a-la-tecnologia\/adiccion-a-las-redes-sociales\/\">adicci\u00f3n a las redes sociales<\/a>, <a href=\"https:\/\/internetaddictsanonymous.org\/es\/adiccion-a-internet\/adiccion-al-streaming\/\">adicci\u00f3n al streaming<\/a>, <a href=\"https:\/\/internetaddictsanonymous.org\/es\/adiccion-a-internet-y-a-la-tecnologia\/adiccion-al-telefono\/\">adicci\u00f3n al tel\u00e9fono<\/a>o <a href=\"https:\/\/internetaddictsanonymous.org\/es\/adiccion-a-internet-y-a-la-tecnologia\/adiccion-a-los-videojuegos\/\">adicci\u00f3n a los videojuegos<\/a>. Tambi\u00e9n podes obtener m\u00e1s informaci\u00f3n sobre la ITAA leyendo nuestro&nbsp;<a href=\"https:\/\/internetaddictsanonymous.org\/es\/guia-para-los-recien-llegados\/\">gu\u00eda para los reci\u00e9n llegados<\/a>, revisando nuestras <a href=\"https:\/\/internetaddictsanonymous.org\/es\/recursos\/herramientas-de-recuperacion\/\">herramientas de recuperaci\u00f3n<\/a>o escuchando <a href=\"https:\/\/internetaddictsanonymous.org\/es\/historias-de-recuperacion\/\">historias de recuperaci\u00f3n de los miembros<\/a>.<\/p>\n\n\n\n<p>ITAA no est\u00e1 afiliada a ning\u00fan programa pol\u00edtico, religi\u00f3n o inter\u00e9s externo. Somos totalmente autosuficientes y gratuitos para todos los que lo necesiten. Nuestro \u00fanico prop\u00f3sito es abstenernos del uso compulsivo de internet y la tecnolog\u00eda y ayudar a otros a encontrar la libertad de esta adicci\u00f3n.<\/p>\n\n\n\n<p>De nuevo, \u00a1bienvenido! Esperamos que esta comunidad pueda proporcionarte el apoyo que necesitas en tu recuperaci\u00f3n de la adicci\u00f3n a Internet y a la tecnolog\u00eda. No dudes en ponerte en contacto con nosotros si tienes alguna pregunta.<\/p>\n<!-- PMB print buttons is only displayed on a single post\/page URLs-->","protected":false},"excerpt":{"rendered":"<p>Bienvenido a Adictos a Internet y a la Tecnolog\u00eda An\u00f3nimos. Nos alegramos de que nos hayas encontrado y esperamos que nuestra comunidad pueda serte tan \u00fatil como lo ha sido para nosotros. ITAA es una comunidad de Doce Pasos de personas que se apoyan mutuamente en la recuperaci\u00f3n de la adicci\u00f3n a Internet y la tecnolog\u00eda. Esto incluye la adicci\u00f3n a las redes sociales, tel\u00e9fonos inteligentes, streaming ... <a href=\"https:\/\/internetaddictsanonymous.org\/es\/in-person-meetings\/germany\/\" class=\"more-link\">Seguir leyendo <span class=\"screen-reader-text\">ITAA en Alemania<\/span><\/a><\/p>","protected":false},"author":35194291,"featured_media":0,"parent":148,"menu_order":0,"comment_status":"closed","ping_status":"closed","template":"","meta":{"inline_featured_image":false,"_lmt_disableupdate":"","_lmt_disable":"","jetpack_post_was_ever_published":false,"footnotes":""},"tags":[655524913,655524906,655525135,307668,655524904,655524910,655524905,655524900,534293,1410996],"class_list":["post-20075","page","type-page","status-publish","hentry","tag-12-steps","tag-balanced-technology-use","tag-germany","tag-internet-addiction","tag-internet-addicts-anonymous","tag-meeting-times","tag-mindful-internet-use","tag-smartphone-addiction","tag-support-group","tag-technology-addiction"],"yoast_head":"<!-- This site is optimized with the Yoast SEO plugin v27.1.1 - https:\/\/yoast.com\/product\/yoast-seo-wordpress\/ -->\n<title>ITAA in Germany &#8211; Internet and Technology Addicts Anonymous<\/title>\n<meta name=\"robots\" content=\"index, follow, max-snippet:-1, max-image-preview:large, max-video-preview:-1\" \/>\n<link rel=\"canonical\" href=\"https:\/\/internetaddictsanonymous.org\/es\/reuniones-locales-de-internet-sobre-adicciones\/alemania\/\" \/>\n<meta property=\"og:locale\" content=\"es_MX\" \/>\n<meta property=\"og:type\" content=\"article\" \/>\n<meta property=\"og:title\" content=\"ITAA in Germany &#8211; Internet and Technology Addicts Anonymous\" \/>\n<meta property=\"og:description\" content=\"Welcome to Internet and Technology Addicts Anonymous! We\u2019re glad you\u2019ve found us, and we hope our community can be as helpful to you as it has been for us. ITAA is a Twelve-Step fellowship of individuals who support each other in recovering from internet and technology addiction. This includes addiction to social media, smartphones, streaming &hellip; Seguir leyendo ITAA in Germany\" \/>\n<meta property=\"og:url\" content=\"https:\/\/internetaddictsanonymous.org\/es\/reuniones-locales-de-internet-sobre-adicciones\/alemania\/\" \/>\n<meta property=\"og:site_name\" content=\"Internet and Technology Addicts Anonymous\" \/>\n<meta property=\"article:modified_time\" content=\"2025-12-05T15:35:54+00:00\" \/>\n<meta name=\"twitter:card\" content=\"summary_large_image\" \/>\n<meta name=\"twitter:label1\" content=\"Tiempo de lectura\" \/>\n\t<meta name=\"twitter:data1\" content=\"3 minutos\" \/>\n<script type=\"application\/ld+json\" class=\"yoast-schema-graph\">{\"@context\":\"https:\/\/schema.org\",\"@graph\":[{\"@type\":\"WebPage\",\"@id\":\"https:\/\/internetaddictsanonymous.org\/in-person-meetings\/germany\/\",\"url\":\"https:\/\/internetaddictsanonymous.org\/in-person-meetings\/germany\/\",\"name\":\"ITAA in Germany &#8211; Internet and Technology Addicts Anonymous\",\"isPartOf\":{\"@id\":\"https:\/\/internetaddictsanonymous.org\/#website\"},\"datePublished\":\"2025-06-15T16:04:32+00:00\",\"dateModified\":\"2025-12-05T15:35:54+00:00\",\"breadcrumb\":{\"@id\":\"https:\/\/internetaddictsanonymous.org\/in-person-meetings\/germany\/#breadcrumb\"},\"inLanguage\":\"es\",\"potentialAction\":[{\"@type\":\"ReadAction\",\"target\":[\"https:\/\/internetaddictsanonymous.org\/in-person-meetings\/germany\/\"]}]},{\"@type\":\"BreadcrumbList\",\"@id\":\"https:\/\/internetaddictsanonymous.org\/in-person-meetings\/germany\/#breadcrumb\",\"itemListElement\":[{\"@type\":\"ListItem\",\"position\":1,\"name\":\"Home\",\"item\":\"https:\/\/internetaddictsanonymous.org\/\"},{\"@type\":\"ListItem\",\"position\":2,\"name\":\"In-Person Meetings\",\"item\":\"https:\/\/internetaddictsanonymous.org\/in-person-meetings\/\"},{\"@type\":\"ListItem\",\"position\":3,\"name\":\"ITAA in Germany\"}]},{\"@type\":\"WebSite\",\"@id\":\"https:\/\/internetaddictsanonymous.org\/#website\",\"url\":\"https:\/\/internetaddictsanonymous.org\/\",\"name\":\"Internet and Technology Addicts Anonymous\",\"description\":\"Worldwide 12-step Fellowship for Internet and Technology Addiction\",\"publisher\":{\"@id\":\"https:\/\/internetaddictsanonymous.org\/#organization\"},\"potentialAction\":[{\"@type\":\"SearchAction\",\"target\":{\"@type\":\"EntryPoint\",\"urlTemplate\":\"https:\/\/internetaddictsanonymous.org\/?s={search_term_string}\"},\"query-input\":{\"@type\":\"PropertyValueSpecification\",\"valueRequired\":true,\"valueName\":\"search_term_string\"}}],\"inLanguage\":\"es\"},{\"@type\":\"Organization\",\"@id\":\"https:\/\/internetaddictsanonymous.org\/#organization\",\"name\":\"Internet and Technology Addicts Anonymous\",\"url\":\"https:\/\/internetaddictsanonymous.org\/\",\"logo\":{\"@type\":\"ImageObject\",\"inLanguage\":\"es\",\"@id\":\"https:\/\/internetaddictsanonymous.org\/#\/schema\/logo\/image\/\",\"url\":\"https:\/\/internetaddictsanonymous.org\/wp-content\/uploads\/2023\/01\/cropped-ITAA-logo-480px.png\",\"contentUrl\":\"https:\/\/internetaddictsanonymous.org\/wp-content\/uploads\/2023\/01\/cropped-ITAA-logo-480px.png\",\"width\":480,\"height\":480,\"caption\":\"Internet and Technology Addicts Anonymous\"},\"image\":{\"@id\":\"https:\/\/internetaddictsanonymous.org\/#\/schema\/logo\/image\/\"}}]}<\/script>\n<!-- \/ Yoast SEO plugin. -->","yoast_head_json":{"title":"ITAA en Alemania \u2013 Adictos a Internet y Tecnolog\u00eda An\u00f3nimos","robots":{"index":"index","follow":"follow","max-snippet":"max-snippet:-1","max-image-preview":"max-image-preview:large","max-video-preview":"max-video-preview:-1"},"canonical":"https:\/\/internetaddictsanonymous.org\/es\/reuniones-locales-de-internet-sobre-adicciones\/alemania\/","og_locale":"es_MX","og_type":"article","og_title":"ITAA in Germany &#8211; Internet and Technology Addicts Anonymous","og_description":"Welcome to Internet and Technology Addicts Anonymous! We\u2019re glad you\u2019ve found us, and we hope our community can be as helpful to you as it has been for us. ITAA is a Twelve-Step fellowship of individuals who support each other in recovering from internet and technology addiction. This includes addiction to social media, smartphones, streaming &hellip; Seguir leyendo ITAA in Germany","og_url":"https:\/\/internetaddictsanonymous.org\/es\/reuniones-locales-de-internet-sobre-adicciones\/alemania\/","og_site_name":"Internet and Technology Addicts Anonymous","article_modified_time":"2025-12-05T15:35:54+00:00","twitter_card":"summary_large_image","twitter_misc":{"Tiempo de lectura":"3 minutos"},"schema":{"@context":"https:\/\/schema.org","@graph":[{"@type":"WebPage","@id":"https:\/\/internetaddictsanonymous.org\/in-person-meetings\/germany\/","url":"https:\/\/internetaddictsanonymous.org\/in-person-meetings\/germany\/","name":"ITAA en Alemania \u2013 Adictos a Internet y Tecnolog\u00eda An\u00f3nimos","isPartOf":{"@id":"https:\/\/internetaddictsanonymous.org\/#website"},"datePublished":"2025-06-15T16:04:32+00:00","dateModified":"2025-12-05T15:35:54+00:00","breadcrumb":{"@id":"https:\/\/internetaddictsanonymous.org\/in-person-meetings\/germany\/#breadcrumb"},"inLanguage":"es","potentialAction":[{"@type":"ReadAction","target":["https:\/\/internetaddictsanonymous.org\/in-person-meetings\/germany\/"]}]},{"@type":"BreadcrumbList","@id":"https:\/\/internetaddictsanonymous.org\/in-person-meetings\/germany\/#breadcrumb","itemListElement":[{"@type":"ListItem","position":1,"name":"Home","item":"https:\/\/internetaddictsanonymous.org\/"},{"@type":"ListItem","position":2,"name":"In-Person Meetings","item":"https:\/\/internetaddictsanonymous.org\/in-person-meetings\/"},{"@type":"ListItem","position":3,"name":"ITAA in Germany"}]},{"@type":"WebSite","@id":"https:\/\/internetaddictsanonymous.org\/#website","url":"https:\/\/internetaddictsanonymous.org\/","name":"Adictos a Internet y la Tecnolog\u00eda An\u00f3nimos","description":"Comunidad mundial de 12 pasos para la adicci\u00f3n a Internet y a la tecnolog\u00eda","publisher":{"@id":"https:\/\/internetaddictsanonymous.org\/#organization"},"potentialAction":[{"@type":"SearchAction","target":{"@type":"EntryPoint","urlTemplate":"https:\/\/internetaddictsanonymous.org\/?s={search_term_string}"},"query-input":{"@type":"PropertyValueSpecification","valueRequired":true,"valueName":"search_term_string"}}],"inLanguage":"es"},{"@type":"Organization","@id":"https:\/\/internetaddictsanonymous.org\/#organization","name":"Adictos a Internet y la Tecnolog\u00eda An\u00f3nimos","url":"https:\/\/internetaddictsanonymous.org\/","logo":{"@type":"ImageObject","inLanguage":"es","@id":"https:\/\/internetaddictsanonymous.org\/#\/schema\/logo\/image\/","url":"https:\/\/internetaddictsanonymous.org\/wp-content\/uploads\/2023\/01\/cropped-ITAA-logo-480px.png","contentUrl":"https:\/\/internetaddictsanonymous.org\/wp-content\/uploads\/2023\/01\/cropped-ITAA-logo-480px.png","width":480,"height":480,"caption":"Internet and Technology Addicts Anonymous"},"image":{"@id":"https:\/\/internetaddictsanonymous.org\/#\/schema\/logo\/image\/"}}]}},"jetpack_sharing_enabled":true,"jetpack_shortlink":"https:\/\/wp.me\/P9Fwob-5dN","_links":{"self":[{"href":"https:\/\/internetaddictsanonymous.org\/es\/wp-json\/wp\/v2\/pages\/20075","targetHints":{"allow":["GET"]}}],"collection":[{"href":"https:\/\/internetaddictsanonymous.org\/es\/wp-json\/wp\/v2\/pages"}],"about":[{"href":"https:\/\/internetaddictsanonymous.org\/es\/wp-json\/wp\/v2\/types\/page"}],"author":[{"embeddable":true,"href":"https:\/\/internetaddictsanonymous.org\/es\/wp-json\/wp\/v2\/users\/35194291"}],"replies":[{"embeddable":true,"href":"https:\/\/internetaddictsanonymous.org\/es\/wp-json\/wp\/v2\/comments?post=20075"}],"version-history":[{"count":6,"href":"https:\/\/internetaddictsanonymous.org\/es\/wp-json\/wp\/v2\/pages\/20075\/revisions"}],"predecessor-version":[{"id":20757,"href":"https:\/\/internetaddictsanonymous.org\/es\/wp-json\/wp\/v2\/pages\/20075\/revisions\/20757"}],"up":[{"embeddable":true,"href":"https:\/\/internetaddictsanonymous.org\/es\/wp-json\/wp\/v2\/pages\/148"}],"wp:attachment":[{"href":"https:\/\/internetaddictsanonymous.org\/es\/wp-json\/wp\/v2\/media?parent=20075"}],"wp:term":[{"taxonomy":"post_tag","embeddable":true,"href":"https:\/\/internetaddictsanonymous.org\/es\/wp-json\/wp\/v2\/tags?post=20075"}],"curies":[{"name":"wp","href":"https:\/\/api.w.org\/{rel}","templated":true}]}}