{"id":9095,"date":"2019-11-12T19:19:38","date_gmt":"2019-11-12T19:19:38","guid":{"rendered":"https:\/\/internetaddictsanonymous.org\/?page_id=9095"},"modified":"2024-03-02T10:03:10","modified_gmt":"2024-03-02T15:03:10","slug":"iniciar-una-nueva-reunion-cara-a-cara","status":"publish","type":"page","link":"https:\/\/internetaddictsanonymous.org\/es\/starting-a-new-face-to-face-meeting\/","title":{"rendered":"Comenzando una nueva reuni\u00f3n"},"content":{"rendered":"<p>Aqu\u00ed puede encontrar algunas sugerencias sobre c\u00f3mo comenzar una nueva reuni\u00f3n, ya sea en l\u00ednea o en persona en su \u00e1rea. Iniciar una nueva reuni\u00f3n es un acto de servicio incre\u00edble que puede ayudarlo no solo a usted, sino tambi\u00e9n a otros adictos que luchan en su \u00e1rea.<\/p>\n\n\n\n<p>\u2022 \u00a1La buena noticia es que comenzar una nueva reuni\u00f3n es muy simple! Cualquiera, en cualquier lugar, puede comenzar una reuni\u00f3n de ITAA; no es necesario recibir permiso de nadie. <\/p>\n\n\n\n<p>\u2022 Recomendamos leer &quot;<a href=\"https:\/\/www.aa.org\/assets\/en_US\/en_bigbook_chapt11.pdf\">Una visi\u00f3n para ti<\/a>&quot;En el Gran Libro de AA. El cap\u00edtulo es incre\u00edblemente inspirador e incluye consejos pr\u00e1cticos y orientaci\u00f3n para aquellos que buscan comenzar nuevas reuniones.<\/p>\n\n\n\n<p>\u2022 <a href=\"https:\/\/internetaddictsanonymous.org\/es\/12-pasos-de-itaa\/\">Las doce tradiciones de ITAA<\/a> son gu\u00edas \u00fatiles para administrar una nueva reuni\u00f3n.<\/p>\n\n\n\n<p>- S\u00f3lo se necesitan dos personas que busquen recuperarse de la adicci\u00f3n a Internet y a la tecnolog\u00eda para iniciar una reuni\u00f3n.<\/p>\n\n\n\n<p>\u2022 Si est\u00e1 comenzando una reuni\u00f3n cara a cara, puede ser una buena idea buscar lugares donde se llevan a cabo otras reuniones de 12 pasos y preguntar si tienen alg\u00fan espacio disponible para que usted comience una nueva reuni\u00f3n ITAA. Una vez que haya decidido la ubicaci\u00f3n, puede informarnos el lugar de la reuni\u00f3n, la hora y los detalles de contacto, y podemos enumerarlos en la p\u00e1gina de reuniones cara a cara. Tambi\u00e9n puede solicitar que se agregue un anuncio al tablero de anuncios.<\/p>\n\n\n\n<p>\u2022 Si est\u00e1 iniciando una reuni\u00f3n en l\u00ednea, env\u00edenos un mensaje a trav\u00e9s del formulario de contacto en el sitio web y podemos agregarlo al calendario y, si lo desea, al tablero de anuncios. En su mensaje, incluya el d\u00eda y la hora de la reuni\u00f3n, el nombre de la reuni\u00f3n y una breve descripci\u00f3n para incluirla en el evento. Indique tambi\u00e9n en su mensaje si desea utilizar uno de los dos&nbsp;<a href=\"https:\/\/internetaddictsanonymous.org\/es\/itaa-zoom-rooms\/\">Enlaces de zoom ITAA<\/a>&nbsp;(que cualquier miembro de ITAA puede usar) o un enlace de reuni\u00f3n alternativo. Tambi\u00e9n se le anima a leer <a href=\"https:\/\/internetaddictsanonymous.org\/es\/directrices-de-seguridad-para-anfitriones-de-reuniones-de-la-aita\/\">Sugerencias de la ITAA sobre seguridad en las reuniones<\/a>.<\/p>\n\n\n\n<p>\u2022 Un formato \u00fatil para peque\u00f1as reuniones con solo unas pocas personas es leer literatura de 12 pasos. Puede turnarse para leer pasajes y compartir reflexiones. Tambi\u00e9n puede usar o adaptar el <a href=\"https:\/\/internetaddictsanonymous.org\/es\/calendario-de-reuniones-en-linea\/guion-de-reunion\/\">formato<\/a> Usamos tradicionalmente en las reuniones telef\u00f3nicas.<\/p>\n\n\n\n<p>\u2022 Para reuniones cara a cara, puede soportar <a href=\"https:\/\/www.canva.com\/design\/DADrBuzE8Jo\/vhANeFLQMqW3fv3_ndWp0w\/edit?utm_content=DADrBuzE8Jo&amp;utm_campaign=designshare&amp;utm_medium=link2&amp;utm_source=sharebutton\" target=\"_blank\" rel=\"noreferrer noopener\">volantes<\/a>; La mayor\u00eda de las casas club de 12 pasos tienen un lugar donde puede dejar un volante o enumerar los detalles de su reuni\u00f3n.\u00a0<\/p>\n\n\n\n<p>\u2022 Si est\u00e1 iniciando una reuni\u00f3n cara a cara, puede considerar c\u00f3mo puede garantizar la salud y la seguridad de todos los participantes de la reuni\u00f3n. Se le anima a seguir las leyes, reglamentos y pol\u00edticas de salud locales. Tambi\u00e9n puede considerar reunirse en un espacio al aire libre.<\/p>\n\n\n\n<p>\u2022 Tener perseverancia, paciencia y confianza en un poder superior.<\/p>\n\n\n\n<p><\/p>\n<!-- PMB print buttons is only displayed on a single post\/page URLs-->","protected":false},"excerpt":{"rendered":"<p>Aqu\u00ed puede encontrar algunas sugerencias sobre c\u00f3mo iniciar una nueva reuni\u00f3n, ya sea en l\u00ednea o una reuni\u00f3n presencial en su \u00e1rea. Comenzar una nueva reuni\u00f3n es un incre\u00edble acto de servicio que puede ayudarlo no solo a usted, sino tambi\u00e9n a otros adictos que luchan en su \u00e1rea. \u2022 La buena noticia es que comenzar una nueva... <a href=\"https:\/\/internetaddictsanonymous.org\/es\/starting-a-new-face-to-face-meeting\/\" class=\"more-link\">Seguir leyendo <span class=\"screen-reader-text\">Comenzando una nueva reuni\u00f3n<\/span><\/a><\/p>","protected":false},"author":35194237,"featured_media":0,"parent":0,"menu_order":0,"comment_status":"closed","ping_status":"closed","template":"full-width-page.php","meta":{"inline_featured_image":false,"_lmt_disableupdate":"no","_lmt_disable":"","footnotes":""},"tags":[],"class_list":["post-9095","page","type-page","status-publish","hentry"],"yoast_head":"<!-- This site is optimized with the Yoast SEO plugin v27.5 - https:\/\/yoast.com\/product\/yoast-seo-wordpress\/ -->\n<title>Starting a new meeting &#8211; Internet and Technology Addicts Anonymous<\/title>\n<meta name=\"robots\" content=\"index, follow, max-snippet:-1, max-image-preview:large, max-video-preview:-1\" \/>\n<link rel=\"canonical\" href=\"https:\/\/internetaddictsanonymous.org\/es\/iniciar-una-nueva-reunion-cara-a-cara\/\" \/>\n<meta property=\"og:locale\" content=\"es_MX\" \/>\n<meta property=\"og:type\" content=\"article\" \/>\n<meta property=\"og:title\" content=\"Starting a new meeting &#8211; Internet and Technology Addicts Anonymous\" \/>\n<meta property=\"og:description\" content=\"Here you can find some suggestions for how to start a new meeting, whether online or a face-to-face meeting in your area. Starting a new meeting is an incredible act of service which can help not only you, but also other struggling addicts in your area. \u2022 The good news is that starting a new &hellip; Seguir leyendo Starting a new meeting\" \/>\n<meta property=\"og:url\" content=\"https:\/\/internetaddictsanonymous.org\/es\/iniciar-una-nueva-reunion-cara-a-cara\/\" \/>\n<meta property=\"og:site_name\" content=\"Internet and Technology Addicts Anonymous\" \/>\n<meta property=\"article:modified_time\" content=\"2024-03-02T15:03:10+00:00\" \/>\n<meta name=\"twitter:card\" content=\"summary_large_image\" \/>\n<meta name=\"twitter:label1\" content=\"Tiempo de lectura\" \/>\n\t<meta name=\"twitter:data1\" content=\"2 minutos\" \/>\n<script type=\"application\/ld+json\" class=\"yoast-schema-graph\">{\"@context\":\"https:\\\/\\\/schema.org\",\"@graph\":[{\"@type\":\"WebPage\",\"@id\":\"https:\\\/\\\/internetaddictsanonymous.org\\\/starting-a-new-face-to-face-meeting\\\/\",\"url\":\"https:\\\/\\\/internetaddictsanonymous.org\\\/starting-a-new-face-to-face-meeting\\\/\",\"name\":\"Starting a new meeting &#8211; Internet and Technology Addicts Anonymous\",\"isPartOf\":{\"@id\":\"https:\\\/\\\/internetaddictsanonymous.org\\\/#website\"},\"datePublished\":\"2019-11-12T19:19:38+00:00\",\"dateModified\":\"2024-03-02T15:03:10+00:00\",\"breadcrumb\":{\"@id\":\"https:\\\/\\\/internetaddictsanonymous.org\\\/starting-a-new-face-to-face-meeting\\\/#breadcrumb\"},\"inLanguage\":\"es\",\"potentialAction\":[{\"@type\":\"ReadAction\",\"target\":[\"https:\\\/\\\/internetaddictsanonymous.org\\\/starting-a-new-face-to-face-meeting\\\/\"]}]},{\"@type\":\"BreadcrumbList\",\"@id\":\"https:\\\/\\\/internetaddictsanonymous.org\\\/starting-a-new-face-to-face-meeting\\\/#breadcrumb\",\"itemListElement\":[{\"@type\":\"ListItem\",\"position\":1,\"name\":\"Home\",\"item\":\"https:\\\/\\\/internetaddictsanonymous.org\\\/\"},{\"@type\":\"ListItem\",\"position\":2,\"name\":\"Starting a new meeting\"}]},{\"@type\":\"WebSite\",\"@id\":\"https:\\\/\\\/internetaddictsanonymous.org\\\/#website\",\"url\":\"https:\\\/\\\/internetaddictsanonymous.org\\\/\",\"name\":\"Internet and Technology Addicts Anonymous\",\"description\":\"Worldwide 12-step Fellowship for Internet and Technology Addiction\",\"publisher\":{\"@id\":\"https:\\\/\\\/internetaddictsanonymous.org\\\/#organization\"},\"potentialAction\":[{\"@type\":\"SearchAction\",\"target\":{\"@type\":\"EntryPoint\",\"urlTemplate\":\"https:\\\/\\\/internetaddictsanonymous.org\\\/?s={search_term_string}\"},\"query-input\":{\"@type\":\"PropertyValueSpecification\",\"valueRequired\":true,\"valueName\":\"search_term_string\"}}],\"inLanguage\":\"es\"},{\"@type\":\"Organization\",\"@id\":\"https:\\\/\\\/internetaddictsanonymous.org\\\/#organization\",\"name\":\"Internet and Technology Addicts Anonymous\",\"url\":\"https:\\\/\\\/internetaddictsanonymous.org\\\/\",\"logo\":{\"@type\":\"ImageObject\",\"inLanguage\":\"es\",\"@id\":\"https:\\\/\\\/internetaddictsanonymous.org\\\/#\\\/schema\\\/logo\\\/image\\\/\",\"url\":\"https:\\\/\\\/internetaddictsanonymous.org\\\/wp-content\\\/uploads\\\/2023\\\/01\\\/cropped-ITAA-logo-480px.png\",\"contentUrl\":\"https:\\\/\\\/internetaddictsanonymous.org\\\/wp-content\\\/uploads\\\/2023\\\/01\\\/cropped-ITAA-logo-480px.png\",\"width\":480,\"height\":480,\"caption\":\"Internet and Technology Addicts Anonymous\"},\"image\":{\"@id\":\"https:\\\/\\\/internetaddictsanonymous.org\\\/#\\\/schema\\\/logo\\\/image\\\/\"}}]}<\/script>\n<!-- \/ Yoast SEO plugin. -->","yoast_head_json":{"title":"Iniciar una nueva reuni\u00f3n - Adictos a Internet y a la Tecnolog\u00eda An\u00f3nimos","robots":{"index":"index","follow":"follow","max-snippet":"max-snippet:-1","max-image-preview":"max-image-preview:large","max-video-preview":"max-video-preview:-1"},"canonical":"https:\/\/internetaddictsanonymous.org\/es\/iniciar-una-nueva-reunion-cara-a-cara\/","og_locale":"es_MX","og_type":"article","og_title":"Starting a new meeting &#8211; Internet and Technology Addicts Anonymous","og_description":"Here you can find some suggestions for how to start a new meeting, whether online or a face-to-face meeting in your area. Starting a new meeting is an incredible act of service which can help not only you, but also other struggling addicts in your area. \u2022 The good news is that starting a new &hellip; Seguir leyendo Starting a new meeting","og_url":"https:\/\/internetaddictsanonymous.org\/es\/iniciar-una-nueva-reunion-cara-a-cara\/","og_site_name":"Internet and Technology Addicts Anonymous","article_modified_time":"2024-03-02T15:03:10+00:00","twitter_card":"summary_large_image","twitter_misc":{"Tiempo de lectura":"2 minutos"},"schema":{"@context":"https:\/\/schema.org","@graph":[{"@type":"WebPage","@id":"https:\/\/internetaddictsanonymous.org\/starting-a-new-face-to-face-meeting\/","url":"https:\/\/internetaddictsanonymous.org\/starting-a-new-face-to-face-meeting\/","name":"Iniciar una nueva reuni\u00f3n - Adictos a Internet y a la Tecnolog\u00eda An\u00f3nimos","isPartOf":{"@id":"https:\/\/internetaddictsanonymous.org\/#website"},"datePublished":"2019-11-12T19:19:38+00:00","dateModified":"2024-03-02T15:03:10+00:00","breadcrumb":{"@id":"https:\/\/internetaddictsanonymous.org\/starting-a-new-face-to-face-meeting\/#breadcrumb"},"inLanguage":"es","potentialAction":[{"@type":"ReadAction","target":["https:\/\/internetaddictsanonymous.org\/starting-a-new-face-to-face-meeting\/"]}]},{"@type":"BreadcrumbList","@id":"https:\/\/internetaddictsanonymous.org\/starting-a-new-face-to-face-meeting\/#breadcrumb","itemListElement":[{"@type":"ListItem","position":1,"name":"Home","item":"https:\/\/internetaddictsanonymous.org\/"},{"@type":"ListItem","position":2,"name":"Starting a new meeting"}]},{"@type":"WebSite","@id":"https:\/\/internetaddictsanonymous.org\/#website","url":"https:\/\/internetaddictsanonymous.org\/","name":"Adictos a Internet y la Tecnolog\u00eda An\u00f3nimos","description":"Comunidad mundial de 12 pasos para la adicci\u00f3n a Internet y a la tecnolog\u00eda","publisher":{"@id":"https:\/\/internetaddictsanonymous.org\/#organization"},"potentialAction":[{"@type":"SearchAction","target":{"@type":"EntryPoint","urlTemplate":"https:\/\/internetaddictsanonymous.org\/?s={search_term_string}"},"query-input":{"@type":"PropertyValueSpecification","valueRequired":true,"valueName":"search_term_string"}}],"inLanguage":"es"},{"@type":"Organization","@id":"https:\/\/internetaddictsanonymous.org\/#organization","name":"Adictos a Internet y la Tecnolog\u00eda An\u00f3nimos","url":"https:\/\/internetaddictsanonymous.org\/","logo":{"@type":"ImageObject","inLanguage":"es","@id":"https:\/\/internetaddictsanonymous.org\/#\/schema\/logo\/image\/","url":"https:\/\/internetaddictsanonymous.org\/wp-content\/uploads\/2023\/01\/cropped-ITAA-logo-480px.png","contentUrl":"https:\/\/internetaddictsanonymous.org\/wp-content\/uploads\/2023\/01\/cropped-ITAA-logo-480px.png","width":480,"height":480,"caption":"Internet and Technology Addicts Anonymous"},"image":{"@id":"https:\/\/internetaddictsanonymous.org\/#\/schema\/logo\/image\/"}}]}},"jetpack_sharing_enabled":true,"jetpack_shortlink":"https:\/\/wp.me\/P9Fwob-2mH","_links":{"self":[{"href":"https:\/\/internetaddictsanonymous.org\/es\/wp-json\/wp\/v2\/pages\/9095","targetHints":{"allow":["GET"]}}],"collection":[{"href":"https:\/\/internetaddictsanonymous.org\/es\/wp-json\/wp\/v2\/pages"}],"about":[{"href":"https:\/\/internetaddictsanonymous.org\/es\/wp-json\/wp\/v2\/types\/page"}],"author":[{"embeddable":true,"href":"https:\/\/internetaddictsanonymous.org\/es\/wp-json\/wp\/v2\/users\/35194237"}],"replies":[{"embeddable":true,"href":"https:\/\/internetaddictsanonymous.org\/es\/wp-json\/wp\/v2\/comments?post=9095"}],"version-history":[{"count":18,"href":"https:\/\/internetaddictsanonymous.org\/es\/wp-json\/wp\/v2\/pages\/9095\/revisions"}],"predecessor-version":[{"id":17641,"href":"https:\/\/internetaddictsanonymous.org\/es\/wp-json\/wp\/v2\/pages\/9095\/revisions\/17641"}],"wp:attachment":[{"href":"https:\/\/internetaddictsanonymous.org\/es\/wp-json\/wp\/v2\/media?parent=9095"}],"wp:term":[{"taxonomy":"post_tag","embeddable":true,"href":"https:\/\/internetaddictsanonymous.org\/es\/wp-json\/wp\/v2\/tags?post=9095"}],"curies":[{"name":"wp","href":"https:\/\/api.w.org\/{rel}","templated":true}]}}