{"id":9457,"date":"2020-01-05T20:45:38","date_gmt":"2020-01-05T20:45:38","guid":{"rendered":"https:\/\/internetaddictsanonymous.org\/?page_id=9457"},"modified":"2026-01-18T11:11:47","modified_gmt":"2026-01-18T19:11:47","slug":"patrocinio","status":"publish","type":"page","link":"https:\/\/internetaddictsanonymous.org\/es\/sponsorship\/","title":{"rendered":"La importancia del patrocinio"},"content":{"rendered":"<h4 class=\"wp-block-heading\"><strong>\u00bfQu\u00e9 es el patrocinio?<\/strong><\/h4>\n\n\n\n<p>El patrocinio tiene una larga tradici\u00f3n en las becas de 12 pasos. Un patrocinador es un miembro con m\u00e1s experiencia que puede ayudar a guiar a un miembro m\u00e1s nuevo a trav\u00e9s de los 12 pasos y hacia la recuperaci\u00f3n. Un patrocinador tambi\u00e9n puede ayudar a definir las l\u00edneas superior, media e inferior o hacer sugerencias sobre c\u00f3mo establecer la sobriedad o restablecerla despu\u00e9s de un per\u00edodo de reca\u00edda. En esta relaci\u00f3n informal y voluntaria, el padrino comparte su experiencia, fortaleza y esperanza. Tener un patrocinador le da al ahijado la oportunidad de hacer preguntas y recibir apoyo y responsabilidad. Muchos de nosotros hemos descubierto que nuestra recuperaci\u00f3n se volvi\u00f3 m\u00e1s estable solo despu\u00e9s de encontrar un padrino y trabajar los doce pasos con ellos.<br><br> <\/p>\n\n\n\n<h4 class=\"wp-block-heading\"><strong>\u00bfC\u00f3mo encuentro un patrocinador?<\/strong><\/h4>\n\n\n\n<p>Una de las mejores maneras de conectarse con un patrocinador es a trav\u00e9s de llamadas de divulgaci\u00f3n con otros miembros. Cuando asistimos a las reuniones, escuchamos a las personas que \u201ctienen lo que queremos\u201d y nos acercamos a ellas. Les preguntamos cu\u00e1nto tiempo han estado en la beca, si ellos mismos tienen un patrocinador y si han trabajado en los pasos o est\u00e1n trabajando activamente en los pasos. Despu\u00e9s de conocerlos un poco a trav\u00e9s de llamadas de divulgaci\u00f3n, podemos decidir preguntarles si est\u00e1n disponibles para patrocinarnos. En nuestro programa, nos enfocamos en el progreso, no en la perfecci\u00f3n, y es probable que nunca encontremos al patrocinador &quot;perfecto&quot;. Lo importante es que el patrocinador potencial sea honesto acerca de su propia recuperaci\u00f3n y haya logrado una sobriedad estable.<\/p>\n\n\n\n<p>Es importante tener una buena relaci\u00f3n con nuestro patrocinador para que puedan tener lugar conversaciones abiertas y honestas. Diferentes personas necesitan diferentes cosas de una relaci\u00f3n de patrocinio: algunas necesitan un enfoque m\u00e1s amable, mientras que otras necesitan a alguien que pueda empujarlas. Algunas personas encuentran importante que su patrocinador use TI de manera similar. Estas necesidades pueden cambiar con el tiempo a medida que crecemos en el programa. Explorar las expectativas tanto del patrocinador como del ahijado es vital para una relaci\u00f3n saludable. Esta es una relaci\u00f3n confidencial que tambi\u00e9n necesita l\u00edmites fuertes. Es bueno saber que despu\u00e9s de algunas reuniones, si no parece ser la pareja adecuada, ambas personas son libres de decirlo y separarse amistosamente.<\/p>\n\n\n\n<p>Debido a que todav\u00eda no hay un gran n\u00famero de patrocinadores en ITAA, algunos miembros han encontrado patrocinadores en otros programas de doce pasos. En estos casos, es importante que el patrocinador est\u00e9 abierto a la idea de la adicci\u00f3n a Internet y la tecnolog\u00eda. A menudo, para muchos de nosotros no es factible navegar por la vida sin alg\u00fan uso de la tecnolog\u00eda, por lo que la sobriedad en ITAA generalmente no es tan absoluta como lo es con el alcohol o las sustancias. Debido a esto, puede ser \u00fatil buscar un patrocinador con experiencia en recuperarse de una adicci\u00f3n como la comida, el sexo o el amor. Muchas herramientas que usamos en ITAA son similares a las herramientas de esos programas.&nbsp;<\/p>\n\n\n\n<p>Hist\u00f3ricamente, en las becas de 12 pasos, se ha sugerido que los miembros presten atenci\u00f3n al g\u00e9nero, la orientaci\u00f3n sexual y cualquier sentimiento de atracci\u00f3n rom\u00e1ntica al elegir un patrocinador\/ahijado. Por ejemplo, una mujer heterosexual podr\u00eda evitar patrocinar a un hombre heterosexual. Si existe incluso una peque\u00f1a posibilidad de que podamos desarrollar sentimientos por la otra parte, es motivo para considerar seriamente si seguir adelante.&nbsp;<br><br> <\/p>\n\n\n\n<h4 class=\"wp-block-heading\"><strong>\u00bfQu\u00e9 es el copatrocinio? \u00bfComo funciona?<\/strong><\/h4>\n\n\n\n<p>En el copatrocinio dos personas se patrocinan mutuamente en el trabajo de los pasos. Por lo general, ayuda si una o ambas personas han tenido experiencia trabajando los doce pasos en otro programa. Un miembro puede ser nuevo en ITAA pero tener a\u00f1os de sobriedad en otras becas de doce pasos. Estos miembros tienen una valiosa experiencia, fortaleza y esperanza para compartir con otros y aportar a su propia recuperaci\u00f3n de ITAA.<br><br> <\/p>\n\n\n\n<h4 class=\"wp-block-heading\"><strong>\u00bfCu\u00e1ndo estoy listo para patrocinar a otra persona?<\/strong><\/h4>\n\n\n\n<p>Est\u00e1 bien comenzar a patrocinar antes de que nos sintamos completamente listos. Puede sentirse intimidante y, a veces, podemos sentir que no sabemos lo suficiente o que todav\u00eda estamos luchando. Hablarlo con nuestro patrocinador antes de comenzar a patrocinar a otros puede ser \u00fatil para obtener claridad. Por lo general, dejamos que otros nos pregunten si estamos disponibles para patrocinar, en lugar de contactar a las personas y ofrecernos como voluntarios.&nbsp;<\/p>\n\n\n\n<p>Podemos intentar ser un patrocinador temporal de alguien por un per\u00edodo de 1 a 3 meses para ver c\u00f3mo se siente. A medida que comenzamos a patrocinar, ser sinceros y honestos acerca de d\u00f3nde estamos con nuestra recuperaci\u00f3n y nuestra falta de experiencia puede ayudar a reducir la presi\u00f3n que podemos sentir. Como patrocinadores, no somos perfectos y est\u00e1 bien no saber todas las respuestas. Siempre podemos recurrir a otros miembros que tengan experiencia patrocinando en esta o en otra confraternidad y pedir ayuda o hacer preguntas. Es importante que tengamos un patrocinador o una s\u00f3lida relaci\u00f3n de copatrocinio antes de comenzar a patrocinar. Tambi\u00e9n debemos estar lo suficientemente avanzados en nuestro propio trabajo de pasos para ayudar a guiar al que estamos patrocinando a trav\u00e9s de los pasos.<\/p>\n\n\n\n<p>A medida que tengamos m\u00e1s experiencia en el patrocinio de otros, seremos m\u00e1s seguros y sensibles a las formas de patrocinio que nos resultan m\u00e1s naturales. Tomar llamadas de divulgaci\u00f3n, especialmente con los reci\u00e9n llegados, puede ser una forma de comenzar a aprender c\u00f3mo ser de servicio a trav\u00e9s de escuchar con empat\u00eda y compartir nuestra propia experiencia.<br><br> <\/p>\n\n\n\n<h4 class=\"wp-block-heading\"><strong>\u00bfPor qu\u00e9 patrocinar?<\/strong><\/h4>\n\n\n\n<p>En el paso 12 de ITAA, tratamos de &quot;llevar este mensaje a los adictos a Internet y la tecnolog\u00eda&quot;. El apadrinamiento fortalece nuestra propia recuperaci\u00f3n. Esto se ha demostrado a trav\u00e9s de las historias de todos los programas de 12 pasos, as\u00ed como en ITAA. Al patrocinar a otros, examinamos nuestro propio programa, y esto nos mantiene trabajando y avanzando. Si bien es un compromiso, \u00a1la recompensa de la experiencia vale la pena!<br><br> <\/p>\n\n\n\n<h4 class=\"wp-block-heading\"><strong>\u00bfQu\u00e9 pasa si mi ahijado recae?<\/strong><\/h4>\n\n\n\n<p>Es vital recordar que no somos responsables de la recuperaci\u00f3n de la persona que estamos apadrinando. Nuestra \u00fanica responsabilidad como patrocinador es ofrecer el programa ITAA tal como lo entendemos y compartir nuestra propia experiencia. Es importante dejar de lado las expectativas y estar atento a la codependencia o intentar \u201carreglar\u201d a la otra persona. No es nuestro papel llevar al que estamos patrocinando o ser su Poder Superior. Su experiencia de recuperaci\u00f3n es propia; podemos testificarlos y apoyarlos, pero no podemos recuperarnos por ellos.<br><br> <\/p>\n\n\n\n<h4 class=\"wp-block-heading\"><strong>\u00bfQu\u00e9 pasa si empiezo a desarrollar sentimientos por mi patrocinador\/ahijado?&nbsp;<\/strong><\/h4>\n\n\n\n<p>La atracci\u00f3n rom\u00e1ntica o una relaci\u00f3n entre el patrocinador y el ahijado pueden distraer, confundir, doler e incluso da\u00f1ar. Es importante establecer y mantener l\u00edmites fuertes en la relaci\u00f3n, para minimizar las posibilidades de hacer da\u00f1o. Si en alg\u00fan momento el patrocinador o el ahijado notan que se est\u00e1 desarrollando una atracci\u00f3n rom\u00e1ntica, se recomienda que lo hablen con un compa\u00f1ero de confianza. A menudo, en tales casos, puede tener m\u00e1s sentido terminar amigablemente el patrocinio de una manera solidaria. La discusi\u00f3n honesta es importante para ver c\u00f3mo se puede manejar esto sin que interfiera con la recuperaci\u00f3n de ninguna de las personas.<br><br> <\/p>\n\n\n\n<h4 class=\"wp-block-heading\"><strong>\u00bfQu\u00e9 es el decimotercer paso?\u00a0<\/strong><\/h4>\n\n\n\n<p id=\"block-f4cc2ef5-469a-47b7-9d20-bcd09a8478d0\">En los programas de Doce Pasos, el &quot;Decimotercer Paso&quot; consiste en manipular a otra persona en recuperaci\u00f3n, especialmente a un reci\u00e9n llegado o a un ahijado, para que entable una relaci\u00f3n sexual o rom\u00e1ntica. Este comportamiento es inapropiado y se desaconseja encarecidamente en ITAA. Animamos a los reci\u00e9n llegados a evitar trabajar con padrinos o entablar relaciones de alcance con miembros con quienes podamos desarrollar atracci\u00f3n sexual o rom\u00e1ntica. Si siente que est\u00e1 recibiendo atenci\u00f3n sexual o rom\u00e1ntica inapropiada o no deseada, por favor, hable con un miembro de confianza; el anonimato y la confidencialidad no son excusas para un comportamiento inapropiado.<\/p>\n\n\n\n<p id=\"block-f4cc2ef5-469a-47b7-9d20-bcd09a8478d0\">Para obtener m\u00e1s informaci\u00f3n sobre c\u00f3mo responder ante un comportamiento inapropiado, puede consultar nuestra <a href=\"https:\/\/internetaddictsanonymous.org\/es\/seguridad-en-la-aita\/\">Gu\u00eda de seguridad en ITAA<\/a>.<br><br><br><\/p>\n\n\n\n<h4 class=\"wp-block-heading\"><strong>\u00bfDe qu\u00e9 manera puedo ayudar a los reci\u00e9n llegados si a\u00fan no siento que estoy listo para patrocinar?&nbsp;<\/strong><\/h4>\n\n\n\n<p>Hacer servicio es un principio central de las becas de 12 pasos. Estar dispuesto a hablar con los reci\u00e9n llegados qued\u00e1ndose despu\u00e9s de una reuni\u00f3n o brind\u00e1ndoles nuestro n\u00famero de tel\u00e9fono para m\u00e1s preguntas es una manera maravillosa de prestar servicio. Escuchar, compartir nuestra propia experiencia y ofrecer sugerencias basadas en lo que nos ha ayudado son de vital importancia para un reci\u00e9n llegado a ITAA. Tambi\u00e9n le da a nuestro propio programa y fuerza de recuperaci\u00f3n y lo mantiene fresco. Tambi\u00e9n hay una lista de puestos de servicio abiertos en el sitio web de ITAA. A menudo se escucha en las salas de 12 pasos: &quot;\u00a1Solo conservamos lo que tenemos regal\u00e1ndolo!&quot;&nbsp;<\/p>\n\n\n\n<hr class=\"wp-block-separator has-alpha-channel-opacity\"\/>\n\n\n\n<p><em>Esta p\u00e1gina ha sido redactada por el Comit\u00e9 de Contenidos Web de ITAA. Si desea compartir sus comentarios o contribuir a nuestros esfuerzos, nos encantar\u00eda saber de usted o que se uniera a una de nuestras reuniones. Encontrar\u00e1 m\u00e1s informaci\u00f3n en la p\u00e1gina&nbsp;<a href=\"https:\/\/internetaddictsanonymous.org\/es\/puestos-de-servicio-abiertos\/\">Comit\u00e9s de Servicio<\/a>&nbsp;p\u00e1gina.<\/em><\/p>\n<!-- PMB print buttons is only displayed on a single post\/page URLs-->","protected":false},"excerpt":{"rendered":"<p>\u00bfQu\u00e9 es el patrocinio? El patrocinio tiene una larga tradici\u00f3n en becas de 12 pasos. Un padrino es un miembro m\u00e1s experimentado que puede ayudar a guiar a un miembro m\u00e1s nuevo a trav\u00e9s de los 12 pasos y hacia la recuperaci\u00f3n. Un patrocinador tambi\u00e9n puede ayudar a definir los resultados superiores, medios y finales o hacer sugerencias sobre c\u00f3mo establecer la sobriedad o restablecerla despu\u00e9s... <a href=\"https:\/\/internetaddictsanonymous.org\/es\/sponsorship\/\" class=\"more-link\">Seguir leyendo <span class=\"screen-reader-text\">La importancia del patrocinio<\/span><\/a><\/p>","protected":false},"author":35194237,"featured_media":0,"parent":0,"menu_order":0,"comment_status":"closed","ping_status":"closed","template":"full-width-page.php","meta":{"inline_featured_image":false,"_lmt_disableupdate":"no","_lmt_disable":"","jetpack_post_was_ever_published":false,"footnotes":""},"tags":[],"class_list":["post-9457","page","type-page","status-publish","hentry"],"yoast_head":"<!-- This site is optimized with the Yoast SEO plugin v27.3 - https:\/\/yoast.com\/product\/yoast-seo-wordpress\/ -->\n<title>The Importance of Sponsorship &#8211; Internet and Technology Addicts Anonymous<\/title>\n<meta name=\"robots\" content=\"index, follow, max-snippet:-1, max-image-preview:large, max-video-preview:-1\" \/>\n<link rel=\"canonical\" href=\"https:\/\/internetaddictsanonymous.org\/es\/patrocinio\/\" \/>\n<meta property=\"og:locale\" content=\"es_MX\" \/>\n<meta property=\"og:type\" content=\"article\" \/>\n<meta property=\"og:title\" content=\"The Importance of Sponsorship &#8211; Internet and Technology Addicts Anonymous\" \/>\n<meta property=\"og:description\" content=\"What is sponsorship? Sponsorship has a long-standing tradition in 12-step fellowships. A sponsor is a more experienced member who can help guide a newer member through the 12 steps and towards recovery. A sponsor may also help define top, middle, and bottom lines or make suggestions about how to establish sobriety or reestablish it after &hellip; Seguir leyendo The Importance of Sponsorship\" \/>\n<meta property=\"og:url\" content=\"https:\/\/internetaddictsanonymous.org\/es\/patrocinio\/\" \/>\n<meta property=\"og:site_name\" content=\"Internet and Technology Addicts Anonymous\" \/>\n<meta property=\"article:modified_time\" content=\"2026-01-18T19:11:47+00:00\" \/>\n<meta name=\"twitter:card\" content=\"summary_large_image\" \/>\n<meta name=\"twitter:label1\" content=\"Tiempo de lectura\" \/>\n\t<meta name=\"twitter:data1\" content=\"7 minutos\" \/>\n<script type=\"application\/ld+json\" class=\"yoast-schema-graph\">{\"@context\":\"https:\\\/\\\/schema.org\",\"@graph\":[{\"@type\":\"WebPage\",\"@id\":\"https:\\\/\\\/internetaddictsanonymous.org\\\/sponsorship\\\/\",\"url\":\"https:\\\/\\\/internetaddictsanonymous.org\\\/sponsorship\\\/\",\"name\":\"The Importance of Sponsorship &#8211; Internet and Technology Addicts Anonymous\",\"isPartOf\":{\"@id\":\"https:\\\/\\\/internetaddictsanonymous.org\\\/#website\"},\"datePublished\":\"2020-01-05T20:45:38+00:00\",\"dateModified\":\"2026-01-18T19:11:47+00:00\",\"breadcrumb\":{\"@id\":\"https:\\\/\\\/internetaddictsanonymous.org\\\/sponsorship\\\/#breadcrumb\"},\"inLanguage\":\"es\",\"potentialAction\":[{\"@type\":\"ReadAction\",\"target\":[\"https:\\\/\\\/internetaddictsanonymous.org\\\/sponsorship\\\/\"]}]},{\"@type\":\"BreadcrumbList\",\"@id\":\"https:\\\/\\\/internetaddictsanonymous.org\\\/sponsorship\\\/#breadcrumb\",\"itemListElement\":[{\"@type\":\"ListItem\",\"position\":1,\"name\":\"Home\",\"item\":\"https:\\\/\\\/internetaddictsanonymous.org\\\/\"},{\"@type\":\"ListItem\",\"position\":2,\"name\":\"The Importance of Sponsorship\"}]},{\"@type\":\"WebSite\",\"@id\":\"https:\\\/\\\/internetaddictsanonymous.org\\\/#website\",\"url\":\"https:\\\/\\\/internetaddictsanonymous.org\\\/\",\"name\":\"Internet and Technology Addicts Anonymous\",\"description\":\"Worldwide 12-step Fellowship for Internet and Technology Addiction\",\"publisher\":{\"@id\":\"https:\\\/\\\/internetaddictsanonymous.org\\\/#organization\"},\"potentialAction\":[{\"@type\":\"SearchAction\",\"target\":{\"@type\":\"EntryPoint\",\"urlTemplate\":\"https:\\\/\\\/internetaddictsanonymous.org\\\/?s={search_term_string}\"},\"query-input\":{\"@type\":\"PropertyValueSpecification\",\"valueRequired\":true,\"valueName\":\"search_term_string\"}}],\"inLanguage\":\"es\"},{\"@type\":\"Organization\",\"@id\":\"https:\\\/\\\/internetaddictsanonymous.org\\\/#organization\",\"name\":\"Internet and Technology Addicts Anonymous\",\"url\":\"https:\\\/\\\/internetaddictsanonymous.org\\\/\",\"logo\":{\"@type\":\"ImageObject\",\"inLanguage\":\"es\",\"@id\":\"https:\\\/\\\/internetaddictsanonymous.org\\\/#\\\/schema\\\/logo\\\/image\\\/\",\"url\":\"https:\\\/\\\/internetaddictsanonymous.org\\\/wp-content\\\/uploads\\\/2023\\\/01\\\/cropped-ITAA-logo-480px.png\",\"contentUrl\":\"https:\\\/\\\/internetaddictsanonymous.org\\\/wp-content\\\/uploads\\\/2023\\\/01\\\/cropped-ITAA-logo-480px.png\",\"width\":480,\"height\":480,\"caption\":\"Internet and Technology Addicts Anonymous\"},\"image\":{\"@id\":\"https:\\\/\\\/internetaddictsanonymous.org\\\/#\\\/schema\\\/logo\\\/image\\\/\"}}]}<\/script>\n<!-- \/ Yoast SEO plugin. -->","yoast_head_json":{"title":"La importancia del apadrinamiento - Adictos a Internet y a la Tecnolog\u00eda An\u00f3nimos","robots":{"index":"index","follow":"follow","max-snippet":"max-snippet:-1","max-image-preview":"max-image-preview:large","max-video-preview":"max-video-preview:-1"},"canonical":"https:\/\/internetaddictsanonymous.org\/es\/patrocinio\/","og_locale":"es_MX","og_type":"article","og_title":"The Importance of Sponsorship &#8211; Internet and Technology Addicts Anonymous","og_description":"What is sponsorship? Sponsorship has a long-standing tradition in 12-step fellowships. A sponsor is a more experienced member who can help guide a newer member through the 12 steps and towards recovery. A sponsor may also help define top, middle, and bottom lines or make suggestions about how to establish sobriety or reestablish it after &hellip; Seguir leyendo The Importance of Sponsorship","og_url":"https:\/\/internetaddictsanonymous.org\/es\/patrocinio\/","og_site_name":"Internet and Technology Addicts Anonymous","article_modified_time":"2026-01-18T19:11:47+00:00","twitter_card":"summary_large_image","twitter_misc":{"Tiempo de lectura":"7 minutos"},"schema":{"@context":"https:\/\/schema.org","@graph":[{"@type":"WebPage","@id":"https:\/\/internetaddictsanonymous.org\/sponsorship\/","url":"https:\/\/internetaddictsanonymous.org\/sponsorship\/","name":"La importancia del apadrinamiento - Adictos a Internet y a la Tecnolog\u00eda An\u00f3nimos","isPartOf":{"@id":"https:\/\/internetaddictsanonymous.org\/#website"},"datePublished":"2020-01-05T20:45:38+00:00","dateModified":"2026-01-18T19:11:47+00:00","breadcrumb":{"@id":"https:\/\/internetaddictsanonymous.org\/sponsorship\/#breadcrumb"},"inLanguage":"es","potentialAction":[{"@type":"ReadAction","target":["https:\/\/internetaddictsanonymous.org\/sponsorship\/"]}]},{"@type":"BreadcrumbList","@id":"https:\/\/internetaddictsanonymous.org\/sponsorship\/#breadcrumb","itemListElement":[{"@type":"ListItem","position":1,"name":"Home","item":"https:\/\/internetaddictsanonymous.org\/"},{"@type":"ListItem","position":2,"name":"The Importance of Sponsorship"}]},{"@type":"WebSite","@id":"https:\/\/internetaddictsanonymous.org\/#website","url":"https:\/\/internetaddictsanonymous.org\/","name":"Adictos a Internet y la Tecnolog\u00eda An\u00f3nimos","description":"Comunidad mundial de 12 pasos para la adicci\u00f3n a Internet y a la tecnolog\u00eda","publisher":{"@id":"https:\/\/internetaddictsanonymous.org\/#organization"},"potentialAction":[{"@type":"SearchAction","target":{"@type":"EntryPoint","urlTemplate":"https:\/\/internetaddictsanonymous.org\/?s={search_term_string}"},"query-input":{"@type":"PropertyValueSpecification","valueRequired":true,"valueName":"search_term_string"}}],"inLanguage":"es"},{"@type":"Organization","@id":"https:\/\/internetaddictsanonymous.org\/#organization","name":"Adictos a Internet y la Tecnolog\u00eda An\u00f3nimos","url":"https:\/\/internetaddictsanonymous.org\/","logo":{"@type":"ImageObject","inLanguage":"es","@id":"https:\/\/internetaddictsanonymous.org\/#\/schema\/logo\/image\/","url":"https:\/\/internetaddictsanonymous.org\/wp-content\/uploads\/2023\/01\/cropped-ITAA-logo-480px.png","contentUrl":"https:\/\/internetaddictsanonymous.org\/wp-content\/uploads\/2023\/01\/cropped-ITAA-logo-480px.png","width":480,"height":480,"caption":"Internet and Technology Addicts Anonymous"},"image":{"@id":"https:\/\/internetaddictsanonymous.org\/#\/schema\/logo\/image\/"}}]}},"jetpack_sharing_enabled":true,"jetpack_shortlink":"https:\/\/wp.me\/P9Fwob-2sx","_links":{"self":[{"href":"https:\/\/internetaddictsanonymous.org\/es\/wp-json\/wp\/v2\/pages\/9457","targetHints":{"allow":["GET"]}}],"collection":[{"href":"https:\/\/internetaddictsanonymous.org\/es\/wp-json\/wp\/v2\/pages"}],"about":[{"href":"https:\/\/internetaddictsanonymous.org\/es\/wp-json\/wp\/v2\/types\/page"}],"author":[{"embeddable":true,"href":"https:\/\/internetaddictsanonymous.org\/es\/wp-json\/wp\/v2\/users\/35194237"}],"replies":[{"embeddable":true,"href":"https:\/\/internetaddictsanonymous.org\/es\/wp-json\/wp\/v2\/comments?post=9457"}],"version-history":[{"count":46,"href":"https:\/\/internetaddictsanonymous.org\/es\/wp-json\/wp\/v2\/pages\/9457\/revisions"}],"predecessor-version":[{"id":20908,"href":"https:\/\/internetaddictsanonymous.org\/es\/wp-json\/wp\/v2\/pages\/9457\/revisions\/20908"}],"wp:attachment":[{"href":"https:\/\/internetaddictsanonymous.org\/es\/wp-json\/wp\/v2\/media?parent=9457"}],"wp:term":[{"taxonomy":"post_tag","embeddable":true,"href":"https:\/\/internetaddictsanonymous.org\/es\/wp-json\/wp\/v2\/tags?post=9457"}],"curies":[{"name":"wp","href":"https:\/\/api.w.org\/{rel}","templated":true}]}}