{"id":9655,"date":"2020-01-24T08:16:02","date_gmt":"2020-01-24T08:16:02","guid":{"rendered":"https:\/\/internetaddictsanonymous.org\/?page_id=9655"},"modified":"2026-02-27T13:57:57","modified_gmt":"2026-02-27T21:57:57","slug":"itaa-convenciones","status":"publish","type":"page","link":"https:\/\/internetaddictsanonymous.org\/es\/itaa-conventions\/","title":{"rendered":"Convenciones de ITAA"},"content":{"rendered":"<p><em>Cualquier afiliado o grupo de afiliados puede organizar una convenci\u00f3n. Si desea organizar una convenci\u00f3n en su zona, no dude en hacerlo.<\/em><\/p>\n\n\n\n<p><strong>Convenci\u00f3n Alemana de la ITAA 2026<\/strong><\/p>\n\n\n\n<p>Del 19 al 21 de junio de 2026 se celebrar\u00e1 en Immenhausen, cerca de Kassel, una convenci\u00f3n ITAA en lengua alemana que incluir\u00e1 reuniones y actividades de cocina compartidas.<br>Para inscribirse por favor contactar a: <a href=\"mailto:itaa.treffen.immenhausen.2026@gmail.com\" target=\"_blank\" rel=\"noreferrer noopener\">itaa.treffen.immenhausen.2026@gmail.com<\/a><\/p>\n\n\n\n<p>Del 19 al 21. Juni 2026 findet eine deutschsprachige ITAA Convention en Immenhausen bei Kassel mit Meetings und gemeinsamem Kochen statt.<br>Infos zur Anmeldung unter: <a href=\"mailto:itaa.treffen.immenhausen.2026@gmail.com\" target=\"_blank\" rel=\"noreferrer noopener\">itaa.treffen.immenhausen.2026@gmail.com<\/a><\/p>\n\n\n\n<p class=\"has-text-align-center\">-~-<\/p>\n\n\n\n<p><strong>Convenci\u00f3n ITAA del Atl\u00e1ntico Medio \u2013 Primavera en Nueva York<\/strong><\/p>\n\n\n\n<p>\u00a1La planificaci\u00f3n se ha reiniciado oficialmente para una posible reuni\u00f3n en persona de ITAA Mid-Atlantic esta primavera en la ciudad de Nueva York!<\/p>\n\n\n\n<p>El evento del a\u00f1o pasado en DC reuni\u00f3 a miembros de Filadelfia, Nueva York, DC y m\u00e1s all\u00e1, y fue una poderosa experiencia de conexi\u00f3n y recuperaci\u00f3n.<\/p>\n\n\n\n<p>Estamos evaluando el inter\u00e9s para una reuni\u00f3n de primavera en la ciudad de Nueva York. Si desea asistir o colaborar en la planificaci\u00f3n inicial, cont\u00e1ctenos en itaa.macc@gmail.com.<\/p>\n\n\n\n<p>Pr\u00f3ximamente habr\u00e1 m\u00e1s detalles.<\/p>\n\n\n\n<p class=\"has-text-align-center\">-~-<\/p>\n\n\n\n<p><strong>Convenci\u00f3n Norteamericana ITAA 2026<\/strong><\/p>\n\n\n\n<p>\u00a1Al\u00e9jate de la pantalla y sum\u00e9rgete en la serenidad! La tercera Convenci\u00f3n Norteamericana de la ITAA se celebrar\u00e1 del 19 al 21 de junio de 2026 en el Centro de Retiros y Conferencias Menucha de Portland, Oreg\u00f3n. Entre los platos fuertes se incluyen comidas nutritivas, paneles interesantes, reuniones diarias con becarios de todo el mundo y el famoso micr\u00f3fono abierto.<\/p>\n\n\n\n<p>Hay ayuda financiera disponible. Las entradas a precio regular oscilan entre $275 y 750, seg\u00fan el tipo de habitaci\u00f3n. \u00a1Ya est\u00e1 abierta la inscripci\u00f3n! Para m\u00e1s informaci\u00f3n e inscripci\u00f3n, visite este enlace:&nbsp;<a href=\"https:\/\/docs.google.com\/document\/d\/18E0DZBR4hg_FICBhGSVHA6cA6m6HEadJkjgzwnJYn-4\/edit?tab=t.0%E2%80%9D\" target=\"_blank\" rel=\"noreferrer noopener\">https:\/\/docs.google.com\/document\/d\/18E0DZBR4hg_FICBhGSVHA6cA6m6HEadJkjgzwnJYn-4\/edit?tab=t.0<\/a><\/p>\n\n\n\n<p>Si le interesa saber m\u00e1s sobre la convenci\u00f3n o quiere participar en el proceso de planificaci\u00f3n, \u00a1asista a una de las reuniones semanales! Puede encontrar las reuniones de planificaci\u00f3n en l\u00ednea en el calendario. Las reuniones se llevan a cabo los domingos a las 19:00 h (hora del este de EE. UU.).<\/p>\n\n\n\n<p>No dudes en comunicarte con nosotros. <a href=\"mailto:itaa.nacc@gmail.com\" target=\"_blank\" rel=\"noreferrer noopener\">itaa.nacc@gmail.com<\/a> Para m\u00e1s informaci\u00f3n.<\/p>\n\n\n\n<p><\/p>\n\n\n\n<h2 class=\"wp-block-heading has-large-font-size\"><strong>Convenciones anteriores de la ITAA<\/strong><\/h2>\n\n\n\n<p><strong>Convenci\u00f3n de California de la ITAA (CAC) 2025<\/strong><br><br>La primera Convenci\u00f3n ITAA de California (CAC 1) se celebr\u00f3 del 11 al 13 de octubre de 2025. Seis becarios de todo el estado pasaron el fin de semana en una mansi\u00f3n ligeramente embrujada en un vi\u00f1edo. Tuvimos reuniones diarias, meditaciones profundas, disfrutamos del sol en la playa, hablamos de nuestras emociones y jugamos a juegos de mesa. \u00a1Est\u00e9n atentos a la secuela: la CAC 2 en 2026!<\/p>\n\n\n\n<p class=\"has-text-align-center\">-~-<\/p>\n\n\n\n<p><strong>Convenci\u00f3n del Atl\u00e1ntico Medio de la ITAA 2025<\/strong><br><br>\u00a1Nos complace anunciar que la inscripci\u00f3n est\u00e1 oficialmente abierta para la Convenci\u00f3n ITAA del Atl\u00e1ntico Medio 2025!<br>Fecha del evento: s\u00e1bado 27 de septiembre de 2025<br>Hora del evento: 10 a. m. a 6 p. m.<br>Ubicaci\u00f3n: Rock Creek Park, Washington, DC.<br>Si desea registrarse, rellene el formulario de registro.<\/p>\n\n\n\n<p><a href=\"https:\/\/tinyurl.com\/34kxz2hk\" target=\"_blank\" rel=\"noreferrer noopener\">Formulario de inscripci\u00f3n MAC-ITAA<\/a><\/p>\n\n\n\n<p>Sigue las instrucciones para pagar tu cuota de inscripci\u00f3n. Si tienes alguna pregunta, no dudes en contactarnos. \u00a1Esperamos verte en persona pronto!&nbsp;<a href=\"mailto:itaa.macc@gmail.com\" target=\"_blank\" rel=\"noreferrer noopener\">itaa.macc@gmail.com<\/a>.<\/p>\n\n\n\n<p class=\"has-text-align-center\">-~-<\/p>\n\n\n\n<p class=\"has-medium-font-size\"><strong>Convenci\u00f3n Alemana de la ITAA 2025<\/strong><\/p>\n\n\n\n<p class=\"has-medium-font-size\">Se est\u00e1 planeando una convenci\u00f3n alemana de la ITAA en Immenhausen, Alemania (cerca de Kassel), del 6 al 8 de junio de 2025. El evento se celebrar\u00e1 en alem\u00e1n. El precio es de 50 \u20ac (m\u00e1s gastos de viaje). Para registrar su inter\u00e9s en participar, cont\u00e1ctenos en: ITAA.Treffen.Immenhausen.2025@gmail.com. La fecha l\u00edmite de inscripci\u00f3n es el 4 de abril. Si le interesa obtener m\u00e1s informaci\u00f3n sobre la Convenci\u00f3n alemana de la ITAA de 2025 en Immenhausen, asista a la reuni\u00f3n de planificaci\u00f3n que tendr\u00e1 lugar el domingo 16 de febrero despu\u00e9s de la reuni\u00f3n alemana de la ITAA (de 9:30 a 10:30 MET).<\/p>\n\n\n\n<p>Wir planen, im Juni (06.06.-08.06.2025) ein ITAA-Treffen in Immenhausen (in der N\u00e4he von Kassel) zu organisieren. Die Veranstaltung findet auf Deutsch statt. Die \u00dcbernachtungskosten werden sich voraussichtlich auf etwa 50 Euro belaufen (dazu kommen Verpflegungs- und Reisekosten).<br>Cuando est\u00e9 interesado en una relaci\u00f3n, p\u00f3ngase en contacto con un bitte en ITAA.Treffen.Immenhausen.2025@gmail.com<br>Anmeldeschluss es el 4 de abril.<br>Wenn ihr mehr \u00fcber das deutschsprachige ITAA-Treffen 2025 en Immenhausen erfahren m\u00f6chtet, k\u00f6nnt ihr auch zum Planungstreffen kommen. Das n\u00e4chste Planungstreffen findet am 16.02. im Anschluss an das Deutsche ITAA Treffen am Sonntag (9:30-10:30 Uhr MEZ) statt.<\/p>\n\n\n\n<p class=\"has-text-align-center has-medium-font-size\">-~-<\/p>\n\n\n\n<p><strong>Convenci\u00f3n norteamericana de la ITAA 2024<\/strong><\/p>\n\n\n\n<p>La segunda Convenci\u00f3n Norteamericana (CNA) se celebr\u00f3 del 27 al 29 de septiembre de 2024 en un centro de retiro rural en Maryland, una hermosa granja con paisajes pintorescos y un lugar de encuentro con el lema &quot;desconectar para conectar&quot;. M\u00e1s de 80 miembros asistieron presencialmente desde lugares cercanos y lejanos, como Hungr\u00eda, el Reino Unido, Canad\u00e1, Arizona, Illinois, Ohio, Colorado, Carolina del Norte, California, el estado de Washington, Washington D. C. y de todo el noreste de EE. UU.<br><br>El evento casi duplic\u00f3 la asistencia del a\u00f1o pasado, rompiendo el r\u00e9cord de la mayor reuni\u00f3n presencial en la historia de la ITAA. Adem\u00e1s, tuvo una amplia asistencia virtual durante los cuatro eventos h\u00edbridos transmitidos a trav\u00e9s del sitio web de la ITAA, cuyas grabaciones se pueden encontrar en&nbsp;<a href=\"https:\/\/internetaddictsanonymous.org\/es\/historias-de-recuperacion\/\" target=\"_blank\" rel=\"noreferrer noopener\">Historias de recuperaci\u00f3n<\/a>&nbsp;P\u00e1gina. Disfrutamos de tres d\u00edas llenos de compa\u00f1erismo, con una amplia gama de eventos, incluyendo reuniones de conferenciantes, paneles, talleres con temas que abarcan desde pasos pr\u00e1cticos hasta el uso del arte para lograr la abstinencia, pasando por la creaci\u00f3n de reuniones presenciales saludables, una noche de micr\u00f3fono abierto y participaci\u00f3n grupal de alto nivel, incluyendo encuentros de meditaci\u00f3n, oraci\u00f3n bidireccional y carreras. Compartimos comida, risas y amistad, forjando conexiones m\u00e1s profundas que siguen siendo parte integral de nuestro proceso de recuperaci\u00f3n mucho despu\u00e9s del fin de semana.<\/p>\n\n\n\n<p class=\"has-text-align-center\">-~-<\/p>\n\n\n\n<p><strong>Retiro ITAA de Dinamarca 2024<\/strong> <\/p>\n\n\n\n<p>Del 20 al 24 de septiembre de 2024, 5 miembros de ITAA de 4 pa\u00edses realizaron un retiro en el campo en las afueras de Ringsted, Dinamarca.<\/p>\n\n\n\n<p>Hicimos yoga y Qigong juntos, cocinamos y comimos juntos, y dimos un paseo silencioso por el bosque. Tuvimos muchas reuniones y nos divertimos much\u00edsimo. El s\u00e1bado por la noche, la sauna estaba encendida. \u00a1La reuni\u00f3n final del domingo se celebr\u00f3 en una balsa en un peque\u00f1o estanque junto al lugar!<\/p>\n\n\n\n<p>Si est\u00e1 interesado en unirse a un futuro TINTNAC, p\u00f3ngase en contacto con&nbsp;<a href=\"mailto:tintnac@itaa.dk\" target=\"_blank\" rel=\"noreferrer noopener\">tintnac@itaa.dk<\/a>.<\/p>\n\n\n\n<p class=\"has-text-align-center\">-~-<\/p>\n\n\n\n<p><strong>Convenci\u00f3n norteamericana de la ITAA 2023<\/strong><\/p>\n\n\n\n<p>La Convenci\u00f3n Norteamericana (NAC) inaugural tuvo lugar del 4 al 6 de agosto de 2023 en un centro de retiros del valle de San Ram\u00f3n. Asistieron m\u00e1s de 50 miembros de todo el mundo, incluidos Dubai, Reino Unido, Nueva York, Arizona, Washington DC y California.<\/p>\n\n\n\n<p>Fue la mayor reuni\u00f3n presencial de la historia de la ITAA. Bajo el lema <em>Volver a casa con ITAA<\/em>Participamos en una gran variedad de actos: reuniones de recuperaci\u00f3n, mesas redondas, talleres, una fiesta de baile mudo, un concurso de talentos y actividades de grupo. Disfrutamos de comidas en com\u00fan y abrazos de verdad. Puede obtener m\u00e1s informaci\u00f3n aqu\u00ed:<br><a href=\"https:\/\/drive.google.com\/file\/d\/1dY9NGsuFw19U-4qDMpAKvs3yRs7Mb58d\/view?usp=sharing\">Bolet\u00edn de la Convenci\u00f3n INA 2023<\/a><\/p>\n\n\n\n<p class=\"has-text-align-center\">-~-<\/p>\n\n\n\n<p><strong>ITAA Convenci\u00f3n Internacional Alemana 2022<\/strong><\/p>\n\n\n\n<p>Del 4 al 6 de noviembre de 2022 se celebr\u00f3 en Kassel (Alemania) una convenci\u00f3n internacional de habla alemana. Consulte los enlaces siguientes para obtener m\u00e1s informaci\u00f3n:<br><a href=\"https:\/\/drive.google.com\/file\/d\/1nVc7ASAUNOWPfETdJYxi3Ca3OwUQDy9o\/view?usp=sharing\">Bolet\u00edn en ingl\u00e9s<\/a><br><a href=\"https:\/\/drive.google.com\/file\/d\/19yIeiCZfQ4lzuJY466wLgGqS9uhI61dQ\/view?usp=sharing\">Bolet\u00edn alem\u00e1n<\/a><\/p>\n\n\n\n<p class=\"has-text-align-center\">-~-<\/p>\n\n\n\n<p><strong>Primer encuentro internacional de la ITAA de 2019<\/strong><\/p>\n\n\n\n<p>La primera reuni\u00f3n internacional de ITAA se celebr\u00f3 en Berl\u00edn, Alemania, los d\u00edas 9 y 10 de noviembre de 2019. Puede leer sobre la reuni\u00f3n y las historias de los miembros en <a aria-label=\"indefinido (se abre en una nueva pesta\u00f1a)\" href=\"https:\/\/drive.google.com\/file\/d\/1RKRxJW0WZVy2g_jvjCV2MLBDm35xtqIB\/view?usp=sharing\" target=\"_blank\" rel=\"noreferrer noopener\">nuestro bolet\u00edn<\/a>.<\/p>\n<!-- PMB print buttons is only displayed on a single post\/page URLs-->","protected":false},"excerpt":{"rendered":"<p>Any member or group of members may organize a convention. If you would like to plan a convention in your area, please feel free to do so! ITAA German Convention 2026 From June 19\u201321, 2026, a German-speaking ITAA Convention will take place in Immenhausen near Kassel, featuring meetings and shared cooking activities.For Registration please contact: &hellip; <a href=\"https:\/\/internetaddictsanonymous.org\/es\/itaa-conventions\/\" class=\"more-link\">Seguir leyendo <span class=\"screen-reader-text\">Convenciones de ITAA<\/span><\/a><\/p>","protected":false},"author":35194237,"featured_media":0,"parent":0,"menu_order":0,"comment_status":"closed","ping_status":"closed","template":"full-width-page.php","meta":{"inline_featured_image":false,"_lmt_disableupdate":"","_lmt_disable":"","jetpack_post_was_ever_published":false,"footnotes":""},"tags":[],"class_list":["post-9655","page","type-page","status-publish","hentry"],"yoast_head":"<!-- This site is optimized with the Yoast SEO plugin v27.1.1 - https:\/\/yoast.com\/product\/yoast-seo-wordpress\/ -->\n<title>ITAA Conventions &#8211; Internet and Technology Addicts Anonymous<\/title>\n<meta name=\"robots\" content=\"index, follow, max-snippet:-1, max-image-preview:large, max-video-preview:-1\" \/>\n<link rel=\"canonical\" href=\"https:\/\/internetaddictsanonymous.org\/es\/itaa-convenciones\/\" \/>\n<meta property=\"og:locale\" content=\"es_MX\" \/>\n<meta property=\"og:type\" content=\"article\" \/>\n<meta property=\"og:title\" content=\"ITAA Conventions &#8211; Internet and Technology Addicts Anonymous\" \/>\n<meta property=\"og:description\" content=\"Any member or group of members may organize a convention. If you would like to plan a convention in your area, please feel free to do so! ITAA German Convention 2026 From June 19\u201321, 2026, a German-speaking ITAA Convention will take place in Immenhausen near Kassel, featuring meetings and shared cooking activities.For Registration please contact: &hellip; Seguir leyendo ITAA Conventions\" \/>\n<meta property=\"og:url\" content=\"https:\/\/internetaddictsanonymous.org\/es\/itaa-convenciones\/\" \/>\n<meta property=\"og:site_name\" content=\"Internet and Technology Addicts Anonymous\" \/>\n<meta property=\"article:modified_time\" content=\"2026-02-27T21:57:57+00:00\" \/>\n<meta name=\"twitter:card\" content=\"summary_large_image\" \/>\n<meta name=\"twitter:label1\" content=\"Tiempo de lectura\" \/>\n\t<meta name=\"twitter:data1\" content=\"5 minutos\" \/>\n<script type=\"application\/ld+json\" class=\"yoast-schema-graph\">{\"@context\":\"https:\/\/schema.org\",\"@graph\":[{\"@type\":\"WebPage\",\"@id\":\"https:\/\/internetaddictsanonymous.org\/itaa-conventions\/\",\"url\":\"https:\/\/internetaddictsanonymous.org\/itaa-conventions\/\",\"name\":\"ITAA Conventions &#8211; Internet and Technology Addicts Anonymous\",\"isPartOf\":{\"@id\":\"https:\/\/internetaddictsanonymous.org\/#website\"},\"datePublished\":\"2020-01-24T08:16:02+00:00\",\"dateModified\":\"2026-02-27T21:57:57+00:00\",\"breadcrumb\":{\"@id\":\"https:\/\/internetaddictsanonymous.org\/itaa-conventions\/#breadcrumb\"},\"inLanguage\":\"es\",\"potentialAction\":[{\"@type\":\"ReadAction\",\"target\":[\"https:\/\/internetaddictsanonymous.org\/itaa-conventions\/\"]}]},{\"@type\":\"BreadcrumbList\",\"@id\":\"https:\/\/internetaddictsanonymous.org\/itaa-conventions\/#breadcrumb\",\"itemListElement\":[{\"@type\":\"ListItem\",\"position\":1,\"name\":\"Home\",\"item\":\"https:\/\/internetaddictsanonymous.org\/\"},{\"@type\":\"ListItem\",\"position\":2,\"name\":\"ITAA Conventions\"}]},{\"@type\":\"WebSite\",\"@id\":\"https:\/\/internetaddictsanonymous.org\/#website\",\"url\":\"https:\/\/internetaddictsanonymous.org\/\",\"name\":\"Internet and Technology Addicts Anonymous\",\"description\":\"Worldwide 12-step Fellowship for Internet and Technology Addiction\",\"publisher\":{\"@id\":\"https:\/\/internetaddictsanonymous.org\/#organization\"},\"potentialAction\":[{\"@type\":\"SearchAction\",\"target\":{\"@type\":\"EntryPoint\",\"urlTemplate\":\"https:\/\/internetaddictsanonymous.org\/?s={search_term_string}\"},\"query-input\":{\"@type\":\"PropertyValueSpecification\",\"valueRequired\":true,\"valueName\":\"search_term_string\"}}],\"inLanguage\":\"es\"},{\"@type\":\"Organization\",\"@id\":\"https:\/\/internetaddictsanonymous.org\/#organization\",\"name\":\"Internet and Technology Addicts Anonymous\",\"url\":\"https:\/\/internetaddictsanonymous.org\/\",\"logo\":{\"@type\":\"ImageObject\",\"inLanguage\":\"es\",\"@id\":\"https:\/\/internetaddictsanonymous.org\/#\/schema\/logo\/image\/\",\"url\":\"https:\/\/internetaddictsanonymous.org\/wp-content\/uploads\/2023\/01\/cropped-ITAA-logo-480px.png\",\"contentUrl\":\"https:\/\/internetaddictsanonymous.org\/wp-content\/uploads\/2023\/01\/cropped-ITAA-logo-480px.png\",\"width\":480,\"height\":480,\"caption\":\"Internet and Technology Addicts Anonymous\"},\"image\":{\"@id\":\"https:\/\/internetaddictsanonymous.org\/#\/schema\/logo\/image\/\"}}]}<\/script>\n<!-- \/ Yoast SEO plugin. -->","yoast_head_json":{"title":"Convenciones de ITAA - Adictos a Internet y a la Tecnolog\u00eda An\u00f3nimos","robots":{"index":"index","follow":"follow","max-snippet":"max-snippet:-1","max-image-preview":"max-image-preview:large","max-video-preview":"max-video-preview:-1"},"canonical":"https:\/\/internetaddictsanonymous.org\/es\/itaa-convenciones\/","og_locale":"es_MX","og_type":"article","og_title":"ITAA Conventions &#8211; Internet and Technology Addicts Anonymous","og_description":"Any member or group of members may organize a convention. If you would like to plan a convention in your area, please feel free to do so! ITAA German Convention 2026 From June 19\u201321, 2026, a German-speaking ITAA Convention will take place in Immenhausen near Kassel, featuring meetings and shared cooking activities.For Registration please contact: &hellip; Seguir leyendo ITAA Conventions","og_url":"https:\/\/internetaddictsanonymous.org\/es\/itaa-convenciones\/","og_site_name":"Internet and Technology Addicts Anonymous","article_modified_time":"2026-02-27T21:57:57+00:00","twitter_card":"summary_large_image","twitter_misc":{"Tiempo de lectura":"5 minutos"},"schema":{"@context":"https:\/\/schema.org","@graph":[{"@type":"WebPage","@id":"https:\/\/internetaddictsanonymous.org\/itaa-conventions\/","url":"https:\/\/internetaddictsanonymous.org\/itaa-conventions\/","name":"Convenciones de ITAA - Adictos a Internet y a la Tecnolog\u00eda An\u00f3nimos","isPartOf":{"@id":"https:\/\/internetaddictsanonymous.org\/#website"},"datePublished":"2020-01-24T08:16:02+00:00","dateModified":"2026-02-27T21:57:57+00:00","breadcrumb":{"@id":"https:\/\/internetaddictsanonymous.org\/itaa-conventions\/#breadcrumb"},"inLanguage":"es","potentialAction":[{"@type":"ReadAction","target":["https:\/\/internetaddictsanonymous.org\/itaa-conventions\/"]}]},{"@type":"BreadcrumbList","@id":"https:\/\/internetaddictsanonymous.org\/itaa-conventions\/#breadcrumb","itemListElement":[{"@type":"ListItem","position":1,"name":"Home","item":"https:\/\/internetaddictsanonymous.org\/"},{"@type":"ListItem","position":2,"name":"ITAA Conventions"}]},{"@type":"WebSite","@id":"https:\/\/internetaddictsanonymous.org\/#website","url":"https:\/\/internetaddictsanonymous.org\/","name":"Adictos a Internet y la Tecnolog\u00eda An\u00f3nimos","description":"Comunidad mundial de 12 pasos para la adicci\u00f3n a Internet y a la tecnolog\u00eda","publisher":{"@id":"https:\/\/internetaddictsanonymous.org\/#organization"},"potentialAction":[{"@type":"SearchAction","target":{"@type":"EntryPoint","urlTemplate":"https:\/\/internetaddictsanonymous.org\/?s={search_term_string}"},"query-input":{"@type":"PropertyValueSpecification","valueRequired":true,"valueName":"search_term_string"}}],"inLanguage":"es"},{"@type":"Organization","@id":"https:\/\/internetaddictsanonymous.org\/#organization","name":"Adictos a Internet y la Tecnolog\u00eda An\u00f3nimos","url":"https:\/\/internetaddictsanonymous.org\/","logo":{"@type":"ImageObject","inLanguage":"es","@id":"https:\/\/internetaddictsanonymous.org\/#\/schema\/logo\/image\/","url":"https:\/\/internetaddictsanonymous.org\/wp-content\/uploads\/2023\/01\/cropped-ITAA-logo-480px.png","contentUrl":"https:\/\/internetaddictsanonymous.org\/wp-content\/uploads\/2023\/01\/cropped-ITAA-logo-480px.png","width":480,"height":480,"caption":"Internet and Technology Addicts Anonymous"},"image":{"@id":"https:\/\/internetaddictsanonymous.org\/#\/schema\/logo\/image\/"}}]}},"jetpack_sharing_enabled":true,"jetpack_shortlink":"https:\/\/wp.me\/P9Fwob-2vJ","_links":{"self":[{"href":"https:\/\/internetaddictsanonymous.org\/es\/wp-json\/wp\/v2\/pages\/9655","targetHints":{"allow":["GET"]}}],"collection":[{"href":"https:\/\/internetaddictsanonymous.org\/es\/wp-json\/wp\/v2\/pages"}],"about":[{"href":"https:\/\/internetaddictsanonymous.org\/es\/wp-json\/wp\/v2\/types\/page"}],"author":[{"embeddable":true,"href":"https:\/\/internetaddictsanonymous.org\/es\/wp-json\/wp\/v2\/users\/35194237"}],"replies":[{"embeddable":true,"href":"https:\/\/internetaddictsanonymous.org\/es\/wp-json\/wp\/v2\/comments?post=9655"}],"version-history":[{"count":68,"href":"https:\/\/internetaddictsanonymous.org\/es\/wp-json\/wp\/v2\/pages\/9655\/revisions"}],"predecessor-version":[{"id":21079,"href":"https:\/\/internetaddictsanonymous.org\/es\/wp-json\/wp\/v2\/pages\/9655\/revisions\/21079"}],"wp:attachment":[{"href":"https:\/\/internetaddictsanonymous.org\/es\/wp-json\/wp\/v2\/media?parent=9655"}],"wp:term":[{"taxonomy":"post_tag","embeddable":true,"href":"https:\/\/internetaddictsanonymous.org\/es\/wp-json\/wp\/v2\/tags?post=9655"}],"curies":[{"name":"wp","href":"https:\/\/api.w.org\/{rel}","templated":true}]}}