{"id":9835,"date":"2020-02-09T10:49:59","date_gmt":"2020-02-09T10:49:59","guid":{"rendered":"https:\/\/internetaddictsanonymous.org\/?page_id=9835"},"modified":"2026-04-08T18:26:27","modified_gmt":"2026-04-09T01:26:27","slug":"historias-de-recuperacion","status":"publish","type":"page","link":"https:\/\/internetaddictsanonymous.org\/es\/recovery-stories\/","title":{"rendered":"Historias de recuperaci\u00f3n"},"content":{"rendered":"<p>Aqu\u00ed compartimos la experiencia, la fuerza y la esperanza de los miembros de la ITAA. Compartimos c\u00f3mo era, qu\u00e9 cambi\u00f3 y c\u00f3mo es ahora.<\/p>\n\n\n\n<h2 class=\"wp-block-heading\"><strong>Cintas de altavoz<\/strong><\/h2>\n\n\n\n<p><strong><a href=\"https:\/\/drive.google.com\/file\/d\/12Qr9utldpvMAtyNtr-YS4DNI5d8Ofadq\/view?usp=sharing\" type=\"link\" id=\"https:\/\/drive.google.com\/file\/d\/12Qr9utldpvMAtyNtr-YS4DNI5d8Ofadq\/view?usp=sharing\">Lauren T \u2013 Enfermedad cr\u00f3nica y contacto consciente<\/a><\/strong> (45 min, 4 de abril de 2026)<br><strong><a href=\"https:\/\/drive.google.com\/file\/d\/14Z0m7jLQWqbiXN82BRfpmmQ3o88dbpYm\/view?usp=sharing\">Lauren VB \u2013 Levantada de un fondo espiritual<\/a><\/strong> (35 min, 18 de enero de 2026)<br><strong><a href=\"https:\/\/drive.google.com\/file\/d\/1jtKX3Orob3tiuvE5J028RnUtzXD6bGk9\/view?usp=drive_link\" target=\"_blank\" rel=\"noreferrer noopener\">Lauren VB \u2013 Celebraci\u00f3n del octavo aniversario de la ITAA<\/a><\/strong> (35 min, 23 de junio de 2025)<br><strong><a href=\"https:\/\/drive.google.com\/file\/d\/1fG6-AaNMXeMEaMNH4i4cHYTHaF0hXfF4\/view?usp=drive_link\" target=\"_blank\" rel=\"noreferrer noopener\">Uma \u2013 Celebraci\u00f3n del octavo aniversario de la ITAA<\/a> <\/strong>(30 min, 23 de junio de 2025)<br><strong><a href=\"https:\/\/drive.google.com\/file\/d\/17LH5OXfKjhOkspc3pXuuOE6eWBP4J04_\/view?usp=sharing\">Participaci\u00f3n del orador Morgan S en la NAC 2024 + Preguntas y respuestas<\/a><\/strong> (50 min, 29 de septiembre de 2024)<br><strong><a href=\"https:\/\/drive.google.com\/file\/d\/1Ukm5rzi2ed7DMDINAOVTK87vFVodcyfo\/view?usp=sharing\">Panel sobre el estado de la comunidad del NAC 2024<\/a><\/strong> (50 min, 28 de septiembre de 2024)<br><strong><a href=\"https:\/\/drive.google.com\/file\/d\/1FZd-1a2YhCCPkVzk8MVqn_Tu3LOqC3WX\/view?usp=sharing\">Panel de sobriedad a largo plazo del NAC 2024<\/a><\/strong> (50 min, 28 de septiembre de 2024)<br><a href=\"https:\/\/drive.google.com\/file\/d\/1ihnAwVmrrgTnYmBB-wX88qJOQUFwSv7B\/view?usp=drive_link\"><strong>NAC 2024 Willow L. Orador compartido + Preguntas y respuestas<\/strong><\/a> (45 min, 27 de septiembre de 2024)<br><strong><a href=\"https:\/\/drive.google.com\/file\/d\/16Ah5V_UOiUQPGXzzJmJLuiHTwNTuXG7t\/view?usp=drive_link\">Minah \u2013 Respondiendo a la reca\u00edda<\/a><\/strong> (45 min, 22 de diciembre de 2023)<br><strong><a href=\"https:\/\/drive.google.com\/file\/d\/1bNy6hPMdGJAHStesnpytmstxlkYGHDkZ\/view?usp=sharing\" target=\"_blank\" rel=\"noreferrer noopener\">Chris C - Celebraci\u00f3n del s\u00e9ptimo aniversario de ITAA<\/a><\/strong> (30 minutos, 23 de junio de 2024)<br><strong><a href=\"https:\/\/drive.google.com\/file\/d\/1kbcKTp9HdIXwRCjlMxIu9jb4Yz8x04zh\/view?usp=sharing\" target=\"_blank\" rel=\"noreferrer noopener\">Tiffany Denise - Celebraci\u00f3n del s\u00e9ptimo aniversario de ITAA<\/a><\/strong> (30 minutos, 23 de junio de 2024)<br><strong><a href=\"https:\/\/drive.google.com\/file\/d\/160uYa46e3bDz2sq5k66l8RngNPrY5Mnh\/view?usp=drive_link\" target=\"_blank\" rel=\"noreferrer noopener\">Emmanuelle F - Celebraci\u00f3n del sexto aniversario de la ITAA<\/a><\/strong> (30 minutos, 23 de junio de 2023)<br><strong><a href=\"https:\/\/drive.google.com\/file\/d\/1_SPXmKrrv7g0gaNE8Zq3nhJo_FBX3YqQ\/view?usp=share_link\" target=\"_blank\" rel=\"noreferrer noopener\">Ela B - El baile del p\u00e9ndulo<\/a><\/strong> (40 minutos, 13 de mayo de 2023)<br><strong><a href=\"https:\/\/drive.google.com\/file\/d\/1Hz8jBMVhDRyZQeo384JIA74i62lJucaG\/view?usp=share_link\" target=\"_blank\" rel=\"noreferrer noopener\">Stella D - Dejar ir de dejar ir<\/a><\/strong> (1 hora, 5 de enero de 2023)<br><strong><a href=\"https:\/\/drive.google.com\/file\/d\/1ELehiaIGWL0G6tdjQzZOSzxjMtpwdDPF\/view?usp=share_link\" target=\"_blank\" rel=\"noreferrer noopener\">Tomas K - El mundo degenerado<\/a><\/strong> (1 hora 20 minutos, 1 de enero de 2023)<br><strong><a href=\"https:\/\/drive.google.com\/file\/d\/1wzO2gD3G8qxPpW7gsBNPVc1WvofLpQOz\/view?usp=share_link\" target=\"_blank\" rel=\"noreferrer noopener\">Will C - Sigue viniendo<\/a><\/strong> (1 hora, 31 de diciembre de 2022)<br><strong><a href=\"https:\/\/drive.google.com\/file\/d\/1-aNaRq73P-c0kivZhNgwl1uLu03fRuaH\/view?usp=share_link\" target=\"_blank\" rel=\"noreferrer noopener\">Marco V - De la puerta de la muerte a una vida de libertad<\/a><\/strong> (40 minutos, 11 de noviembre de 2022)<br><strong><a href=\"https:\/\/drive.google.com\/file\/d\/1jw5N3Sk_wTtNcJJiCpTvsqz9adWXsRZO\/view?usp=sharing\" target=\"_blank\" rel=\"noreferrer noopener\">Nikki H - C\u00f3mo liberarse de la adicci\u00f3n a las redes sociales<\/a><\/strong> (30 minutos, 20 de octubre de 2022)<br><strong><a href=\"https:\/\/drive.google.com\/file\/d\/1D3L0nGqAuYpQ4qN2Ojrc6QMkRQ9Pt9NV\/view?usp=sharing\" target=\"_blank\" rel=\"noreferrer noopener\">Emmanuelle F \u2013 18 meses de sobriedad tecnol\u00f3gica<\/a><\/strong> (1 hora, 1 de octubre de 2022)<br><strong><a href=\"https:\/\/drive.google.com\/file\/d\/1q-OzQ_Ly-_PnZRbsAvyj8WyK354tkHVP\/view?usp=sharing\" target=\"_blank\" rel=\"noreferrer noopener\">Mary Kate - Un camino creativo a trav\u00e9s de la recuperaci\u00f3n<\/a><\/strong> (15 minutos, 25 de septiembre de 2022)<br><a href=\"https:\/\/drive.google.com\/file\/d\/1DraCXbgf5KaRn7ZXRmoxbY_I9d8dwNmT\/view\" target=\"_blank\" rel=\"noreferrer noopener\"><strong>Tomas K - Celebraci\u00f3n del quinto aniversario de la ITAA<\/strong><\/a> (30 minutos, 23 de junio de 2022)<br><a href=\"https:\/\/drive.google.com\/file\/d\/1q9sgJlw2auWIMcc3Zz_J8KncNqgEGdKm\/view?usp=sharing\" target=\"_blank\" rel=\"noreferrer noopener\"><strong>Rebecca W - Queremos que vuelvas<\/strong><\/a> (25 minutos, 27 de diciembre de 2020)<br><a href=\"https:\/\/drive.google.com\/file\/d\/1Gt_5sgdXrLXts6atwDkeV7u6PH9U1vYX\/view?usp=sharing\" target=\"_blank\" rel=\"noreferrer noopener\"><strong>Tomas K - Un cambio inesperado<\/strong><\/a> (35 minutos, 26 de abril de 2020)<br><br><\/p>\n\n\n\n<h2 class=\"wp-block-heading\"><strong>Historias escritas<\/strong><\/h2>\n\n\n\n<p><strong><a href=\"https:\/\/internetaddictsanonymous.org\/es\/historias-de-recuperacion\/a-programa-de-trabajo\/\">Un programa de trabajo<\/a> (<a href=\"https:\/\/drive.google.com\/file\/d\/1H_0irFahW0c2bSYV7VJz1op0T9TQzr8n\/view?usp=drive_link\">PDF<\/a>)<\/strong><br><strong><a href=\"https:\/\/internetaddictsanonymous.org\/es\/historias-de-recuperacion\/ponerse-en-forma-para-sonar\/\">Ser apto para so\u00f1ar<\/a> <a href=\"https:\/\/drive.google.com\/file\/d\/1sa9dBP0TMQeO_q1tzpWsT1CYh99mLj03\/view?usp=sharing\" target=\"_blank\" rel=\"noreferrer noopener\">(PDF EN INGL\u00c9S)<\/a><\/strong><br><strong><a href=\"https:\/\/internetaddictsanonymous.org\/es\/historias-de-recuperacion\/ventana-abierta-2\/\">Ventana abierta<\/a> <a href=\"https:\/\/drive.google.com\/file\/d\/189zj0x6rHfcaTaRND6HL--4DD4OXmVSi\/view?usp=share_link\" target=\"_blank\" rel=\"noreferrer noopener\">(PDF EN INGL\u00c9S)<\/a><\/strong><br><strong><a href=\"https:\/\/internetaddictsanonymous.org\/es\/historias-de-recuperacion\/la-recuperacion-es-posible\/\">La recuperaci\u00f3n es posible<\/a> <a href=\"https:\/\/drive.google.com\/file\/d\/1xeZ9Gkm-PFfm7CYuS_T2f8HbLL15bn1J\/view?usp=sharing\" target=\"_blank\" rel=\"noreferrer noopener\">(PDF EN INGL\u00c9S)<\/a><\/strong><br><strong><a href=\"https:\/\/internetaddictsanonymous.org\/es\/historias-de-recuperacion\/lo-unico-que-funciono\/\">La \u00fanica cosa que funcion\u00f3<\/a> <a href=\"https:\/\/drive.google.com\/file\/d\/1E_kQZogx9klLKGI27N1kDHhHvowuiDsN\/view?usp=sharing\" target=\"_blank\" rel=\"noreferrer noopener\">(PDF EN INGL\u00c9S)<\/a><\/strong><\/p>\n\n\n\n<div style=\"height:75px\" aria-hidden=\"true\" id=\"working-program\" class=\"wp-block-spacer\"><\/div>\n<!-- PMB print buttons is only displayed on a single post\/page URLs-->","protected":false},"excerpt":{"rendered":"<p>Here we share the experience, strength and hope of ITAA members. We share about how it was, what changed, and how it is now. Speaker tapes Lauren T &#8211; Chronic Illness and Conscious Contact (45min, April 4, 2026)Lauren VB &#8211; Lifted From a Spiritual Bottom (35min, Jan 18, 2026)Lauren VB &#8211; ITAA Eight Year Anniversary &hellip; <a href=\"https:\/\/internetaddictsanonymous.org\/es\/recovery-stories\/\" class=\"more-link\">Seguir leyendo <span class=\"screen-reader-text\">Historias de recuperaci\u00f3n<\/span><\/a><\/p>","protected":false},"author":35194237,"featured_media":0,"parent":0,"menu_order":0,"comment_status":"closed","ping_status":"closed","template":"full-width-page.php","meta":{"inline_featured_image":false,"_lmt_disableupdate":"","_lmt_disable":"","footnotes":""},"tags":[],"class_list":["post-9835","page","type-page","status-publish","hentry"],"yoast_head":"<!-- This site is optimized with the Yoast SEO plugin v27.5 - https:\/\/yoast.com\/product\/yoast-seo-wordpress\/ -->\n<title>Recovery Stories &#8211; Internet and Technology Addicts Anonymous<\/title>\n<meta name=\"robots\" content=\"index, follow, max-snippet:-1, max-image-preview:large, max-video-preview:-1\" \/>\n<link rel=\"canonical\" href=\"https:\/\/internetaddictsanonymous.org\/es\/historias-de-recuperacion\/\" \/>\n<meta property=\"og:locale\" content=\"es_MX\" \/>\n<meta property=\"og:type\" content=\"article\" \/>\n<meta property=\"og:title\" content=\"Recovery Stories &#8211; Internet and Technology Addicts Anonymous\" \/>\n<meta property=\"og:description\" content=\"Here we share the experience, strength and hope of ITAA members. We share about how it was, what changed, and how it is now. Speaker tapes Lauren T &#8211; Chronic Illness and Conscious Contact (45min, April 4, 2026)Lauren VB &#8211; Lifted From a Spiritual Bottom (35min, Jan 18, 2026)Lauren VB &#8211; ITAA Eight Year Anniversary &hellip; Seguir leyendo Recovery Stories\" \/>\n<meta property=\"og:url\" content=\"https:\/\/internetaddictsanonymous.org\/es\/historias-de-recuperacion\/\" \/>\n<meta property=\"og:site_name\" content=\"Internet and Technology Addicts Anonymous\" \/>\n<meta property=\"article:modified_time\" content=\"2026-04-09T01:26:27+00:00\" \/>\n<meta name=\"twitter:card\" content=\"summary_large_image\" \/>\n<meta name=\"twitter:label1\" content=\"Tiempo de lectura\" \/>\n\t<meta name=\"twitter:data1\" content=\"2 minutos\" \/>\n<script type=\"application\/ld+json\" class=\"yoast-schema-graph\">{\"@context\":\"https:\\\/\\\/schema.org\",\"@graph\":[{\"@type\":\"WebPage\",\"@id\":\"https:\\\/\\\/internetaddictsanonymous.org\\\/recovery-stories\\\/\",\"url\":\"https:\\\/\\\/internetaddictsanonymous.org\\\/recovery-stories\\\/\",\"name\":\"Recovery Stories &#8211; Internet and Technology Addicts Anonymous\",\"isPartOf\":{\"@id\":\"https:\\\/\\\/internetaddictsanonymous.org\\\/#website\"},\"datePublished\":\"2020-02-09T10:49:59+00:00\",\"dateModified\":\"2026-04-09T01:26:27+00:00\",\"breadcrumb\":{\"@id\":\"https:\\\/\\\/internetaddictsanonymous.org\\\/recovery-stories\\\/#breadcrumb\"},\"inLanguage\":\"es\",\"potentialAction\":[{\"@type\":\"ReadAction\",\"target\":[\"https:\\\/\\\/internetaddictsanonymous.org\\\/recovery-stories\\\/\"]}]},{\"@type\":\"BreadcrumbList\",\"@id\":\"https:\\\/\\\/internetaddictsanonymous.org\\\/recovery-stories\\\/#breadcrumb\",\"itemListElement\":[{\"@type\":\"ListItem\",\"position\":1,\"name\":\"Home\",\"item\":\"https:\\\/\\\/internetaddictsanonymous.org\\\/\"},{\"@type\":\"ListItem\",\"position\":2,\"name\":\"Recovery Stories\"}]},{\"@type\":\"WebSite\",\"@id\":\"https:\\\/\\\/internetaddictsanonymous.org\\\/#website\",\"url\":\"https:\\\/\\\/internetaddictsanonymous.org\\\/\",\"name\":\"Internet and Technology Addicts Anonymous\",\"description\":\"Worldwide 12-step Fellowship for Internet and Technology Addiction\",\"publisher\":{\"@id\":\"https:\\\/\\\/internetaddictsanonymous.org\\\/#organization\"},\"potentialAction\":[{\"@type\":\"SearchAction\",\"target\":{\"@type\":\"EntryPoint\",\"urlTemplate\":\"https:\\\/\\\/internetaddictsanonymous.org\\\/?s={search_term_string}\"},\"query-input\":{\"@type\":\"PropertyValueSpecification\",\"valueRequired\":true,\"valueName\":\"search_term_string\"}}],\"inLanguage\":\"es\"},{\"@type\":\"Organization\",\"@id\":\"https:\\\/\\\/internetaddictsanonymous.org\\\/#organization\",\"name\":\"Internet and Technology Addicts Anonymous\",\"url\":\"https:\\\/\\\/internetaddictsanonymous.org\\\/\",\"logo\":{\"@type\":\"ImageObject\",\"inLanguage\":\"es\",\"@id\":\"https:\\\/\\\/internetaddictsanonymous.org\\\/#\\\/schema\\\/logo\\\/image\\\/\",\"url\":\"https:\\\/\\\/internetaddictsanonymous.org\\\/wp-content\\\/uploads\\\/2023\\\/01\\\/cropped-ITAA-logo-480px.png\",\"contentUrl\":\"https:\\\/\\\/internetaddictsanonymous.org\\\/wp-content\\\/uploads\\\/2023\\\/01\\\/cropped-ITAA-logo-480px.png\",\"width\":480,\"height\":480,\"caption\":\"Internet and Technology Addicts Anonymous\"},\"image\":{\"@id\":\"https:\\\/\\\/internetaddictsanonymous.org\\\/#\\\/schema\\\/logo\\\/image\\\/\"}}]}<\/script>\n<!-- \/ Yoast SEO plugin. -->","yoast_head_json":{"title":"Historias de recuperaci\u00f3n - Adictos a Internet y a la Tecnolog\u00eda An\u00f3nimos","robots":{"index":"index","follow":"follow","max-snippet":"max-snippet:-1","max-image-preview":"max-image-preview:large","max-video-preview":"max-video-preview:-1"},"canonical":"https:\/\/internetaddictsanonymous.org\/es\/historias-de-recuperacion\/","og_locale":"es_MX","og_type":"article","og_title":"Recovery Stories &#8211; Internet and Technology Addicts Anonymous","og_description":"Here we share the experience, strength and hope of ITAA members. We share about how it was, what changed, and how it is now. Speaker tapes Lauren T &#8211; Chronic Illness and Conscious Contact (45min, April 4, 2026)Lauren VB &#8211; Lifted From a Spiritual Bottom (35min, Jan 18, 2026)Lauren VB &#8211; ITAA Eight Year Anniversary &hellip; Seguir leyendo Recovery Stories","og_url":"https:\/\/internetaddictsanonymous.org\/es\/historias-de-recuperacion\/","og_site_name":"Internet and Technology Addicts Anonymous","article_modified_time":"2026-04-09T01:26:27+00:00","twitter_card":"summary_large_image","twitter_misc":{"Tiempo de lectura":"2 minutos"},"schema":{"@context":"https:\/\/schema.org","@graph":[{"@type":"WebPage","@id":"https:\/\/internetaddictsanonymous.org\/recovery-stories\/","url":"https:\/\/internetaddictsanonymous.org\/recovery-stories\/","name":"Historias de recuperaci\u00f3n - Adictos a Internet y a la Tecnolog\u00eda An\u00f3nimos","isPartOf":{"@id":"https:\/\/internetaddictsanonymous.org\/#website"},"datePublished":"2020-02-09T10:49:59+00:00","dateModified":"2026-04-09T01:26:27+00:00","breadcrumb":{"@id":"https:\/\/internetaddictsanonymous.org\/recovery-stories\/#breadcrumb"},"inLanguage":"es","potentialAction":[{"@type":"ReadAction","target":["https:\/\/internetaddictsanonymous.org\/recovery-stories\/"]}]},{"@type":"BreadcrumbList","@id":"https:\/\/internetaddictsanonymous.org\/recovery-stories\/#breadcrumb","itemListElement":[{"@type":"ListItem","position":1,"name":"Home","item":"https:\/\/internetaddictsanonymous.org\/"},{"@type":"ListItem","position":2,"name":"Recovery Stories"}]},{"@type":"WebSite","@id":"https:\/\/internetaddictsanonymous.org\/#website","url":"https:\/\/internetaddictsanonymous.org\/","name":"Adictos a Internet y la Tecnolog\u00eda An\u00f3nimos","description":"Comunidad mundial de 12 pasos para la adicci\u00f3n a Internet y a la tecnolog\u00eda","publisher":{"@id":"https:\/\/internetaddictsanonymous.org\/#organization"},"potentialAction":[{"@type":"SearchAction","target":{"@type":"EntryPoint","urlTemplate":"https:\/\/internetaddictsanonymous.org\/?s={search_term_string}"},"query-input":{"@type":"PropertyValueSpecification","valueRequired":true,"valueName":"search_term_string"}}],"inLanguage":"es"},{"@type":"Organization","@id":"https:\/\/internetaddictsanonymous.org\/#organization","name":"Adictos a Internet y la Tecnolog\u00eda An\u00f3nimos","url":"https:\/\/internetaddictsanonymous.org\/","logo":{"@type":"ImageObject","inLanguage":"es","@id":"https:\/\/internetaddictsanonymous.org\/#\/schema\/logo\/image\/","url":"https:\/\/internetaddictsanonymous.org\/wp-content\/uploads\/2023\/01\/cropped-ITAA-logo-480px.png","contentUrl":"https:\/\/internetaddictsanonymous.org\/wp-content\/uploads\/2023\/01\/cropped-ITAA-logo-480px.png","width":480,"height":480,"caption":"Internet and Technology Addicts Anonymous"},"image":{"@id":"https:\/\/internetaddictsanonymous.org\/#\/schema\/logo\/image\/"}}]}},"jetpack_sharing_enabled":true,"jetpack_shortlink":"https:\/\/wp.me\/P9Fwob-2yD","_links":{"self":[{"href":"https:\/\/internetaddictsanonymous.org\/es\/wp-json\/wp\/v2\/pages\/9835","targetHints":{"allow":["GET"]}}],"collection":[{"href":"https:\/\/internetaddictsanonymous.org\/es\/wp-json\/wp\/v2\/pages"}],"about":[{"href":"https:\/\/internetaddictsanonymous.org\/es\/wp-json\/wp\/v2\/types\/page"}],"author":[{"embeddable":true,"href":"https:\/\/internetaddictsanonymous.org\/es\/wp-json\/wp\/v2\/users\/35194237"}],"replies":[{"embeddable":true,"href":"https:\/\/internetaddictsanonymous.org\/es\/wp-json\/wp\/v2\/comments?post=9835"}],"version-history":[{"count":87,"href":"https:\/\/internetaddictsanonymous.org\/es\/wp-json\/wp\/v2\/pages\/9835\/revisions"}],"predecessor-version":[{"id":21211,"href":"https:\/\/internetaddictsanonymous.org\/es\/wp-json\/wp\/v2\/pages\/9835\/revisions\/21211"}],"wp:attachment":[{"href":"https:\/\/internetaddictsanonymous.org\/es\/wp-json\/wp\/v2\/media?parent=9835"}],"wp:term":[{"taxonomy":"post_tag","embeddable":true,"href":"https:\/\/internetaddictsanonymous.org\/es\/wp-json\/wp\/v2\/tags?post=9835"}],"curies":[{"name":"wp","href":"https:\/\/api.w.org\/{rel}","templated":true}]}}