{"id":15513,"date":"2023-03-05T20:45:50","date_gmt":"2023-03-06T01:45:50","guid":{"rendered":"https:\/\/internetaddictsanonymous.org\/?page_id=15513"},"modified":"2025-01-09T18:21:20","modified_gmt":"2025-01-10T02:21:20","slug":"%d8%a7%d8%b3%d9%be%d8%a7%d9%86%d9%88%d9%84","status":"publish","type":"page","link":"https:\/\/internetaddictsanonymous.org\/fa\/espanol\/","title":{"rendered":"ITAA \u062f\u0631 \u0627\u0633\u067e\u0627\u0646\u06cc\u0627"},"content":{"rendered":"<p>Bienvenido a Adictos a Internet y la Tecnolog\u00eda An\u00f3nimos. Nos alegramos de que nos hayas encontrado y esperamos que nuestra comunidad pueda serte tan \u00fatil como lo ha sido para nosotros. <strong><mark style=\"background-color:rgba(0, 0, 0, 0);color:#000000\" class=\"has-inline-color\">ITAA \u06cc\u06a9 \u0627\u0646\u062c\u0645\u0646 \u0627\u0632 Doce Pasos \u0628\u0631\u0627\u06cc \u0627\u0634\u062e\u0627\u0635\u06cc \u0627\u0633\u062a \u06a9\u0647 \u0628\u0631\u0627\u06cc \u0628\u0627\u0632\u06cc\u0627\u0628\u06cc \u0627\u06cc\u0646\u062a\u0631\u0646\u062a \u0648 \u0641\u0646\u0627\u0648\u0631\u06cc \u0627\u0637\u0644\u0627\u0639\u0627\u062a \u0627\u06cc\u062c\u0627\u062f \u0645\u06cc \u06a9\u0646\u062f.<\/mark><\/strong><\/p>\n\n\n\n<p>Abajo se encuentra nuestro calendario de reuniones en l\u00ednea.<strong><mark style=\"background-color:rgba(0, 0, 0, 0);color:#080808\" class=\"has-inline-color\"> El horario de las reuniones se muestra en su zona horaria \u0645\u062d\u0644\u06cc.<\/mark>&nbsp;<\/strong>Puede encontrar los detalles de cada reuni\u00f3n\u060c \u0634\u0627\u0645\u0644 \u062a\u0639\u062f\u0627\u062f \u0632\u06cc\u0627\u062f\u06cc \u0627\u0632 \u0645\u06a9\u0627\u0646\u200c\u0647\u0627\u06cc \u0645\u062d\u0644\u06cc \u0628\u0631\u0627\u06cc \u0648\u0631\u0648\u062f \u0628\u0647 \u062a\u0644\u0641\u0646\u060c Haciendo clic en el evento de la reuni\u00f3n en el calendario. \u0628\u0631\u0627\u06cc \u0631\u0627\u0632\u0648\u0646\u0633 \u062f\u0633\u06af\u0648\u0631\u06cc\u062f\u0627\u062f\u060c \u0644\u0627\u0632\u0645 \u0627\u0633\u062a \u062c\u0644\u0633\u0647 \u0628\u0632\u0631\u06af\u0646\u0645\u0627\u06cc\u06cc \u0631\u0627 \u0628\u0631\u0627\u06cc \u0627\u062a\u062d\u0627\u062f \u0645\u062c\u062f\u062f \u0627\u0646\u062c\u0627\u0645 \u062f\u0647\u06cc\u062f.&nbsp;<a href=\"https:\/\/zoom.us\/signup\" target=\"_blank\" rel=\"noreferrer noopener\">\u0627\u06cc\u062c\u0627\u062f \u0628\u0632\u0631\u06af\u0646\u0645\u0627\u06cc\u06cc<\/a>&nbsp;\u0631\u0627\u06cc\u06af\u0627\u0646 \u0627\u0633\u062a. Si tienes cualquiera duda\u060c nos puedes escribir a <a href=\"mailto:espanol.12pasos.itaa@gmail.com\" target=\"_blank\" rel=\"noreferrer noopener\">espanol.12pasos.itaa@gmail.com<\/a> o unirte a nuestro <a href=\"https:\/\/tinyurl.com\/grupoITAAespanol\">\u06af\u0631\u0648\u0647 \u0648\u0627\u062a\u0633\u0627\u067e<\/a>.<\/p>\n\n\n\n<p>Tambi\u00e9n se est\u00e1 empezando una reuni\u00f3n presencial en <a href=\"https:\/\/internetaddictsanonymous.org\/fa\/%d8%ac%d9%84%d8%b3%d8%a7%d8%aa-%d8%ad%d8%b6%d9%88%d8%b1%db%8c\/%d8%b1%d9%88%d8%b2%d8%a7%d8%b1%db%8c%d9%88-%d8%a2%d8%b1%da%98%d8%a7%d9%86%d8%aa%db%8c%d9%86\/\">\u0631\u0648\u0632\u0627\u0631\u06cc\u0648\u060c \u0622\u0631\u0698\u0627\u0646\u062a\u06cc\u0646<\/a>.<\/p>\n\n\n\n<p>Y se est\u00e1 iniciando una reunion presencial de ITAA en Madrid. \u0627\u06af\u0631 \u0628\u0647 \u0634\u0645\u0627 \u0639\u0644\u0627\u0642\u0647 \u0645\u0646\u062f \u0627\u0633\u062a\u060c \u06cc\u06a9 \u06af\u0631\u0648\u0647 \u062c\u062f\u06cc\u062f \u0648\u0627\u062a\u0633 \u0627\u067e \u0631\u0627 \u0628\u0631\u0627\u06cc \u0627\u0637\u0644\u0627\u0639\u0627\u062a \u0628\u06cc\u0634\u062a\u0631 \u062f\u0631\u06cc\u0627\u0641\u062a \u06a9\u0646\u06cc\u062f. <a href=\"https:\/\/tinyurl.com\/ITAA-Madrid\" rel=\"nofollow\">https:\/\/tinyurl.com\/ITAA-Madrid<\/a><\/p>\n\n\n\n<p><strong><mark style=\"background-color:rgba(0, 0, 0, 0);color:#000000\" class=\"has-inline-color\">Si eres nuevo\u060c te animamos a que pruebes a asistir a seis reuniones en poco tiempo para ver si nuestro programa puede serte \u00fatil.<\/mark><\/strong> Adem\u00e1s de nuestras reuniones en spa\u00f1ol\u060c puedes tambi\u00e9n revisar nuestro <a href=\"https:\/\/internetaddictsanonymous.org\/fa\/%d8%ac%d9%84%d8%b3%d8%a7%d8%aa-%d8%a2%d9%86%d9%84%d8%a7%db%8c%d9%86\/\">Calendario Completo de Reuniones Internationales<\/a>. <strong>\u062f\u0631 \u062d\u0627\u0644 \u062d\u0627\u0636\u0631 \u0645\u062c\u062f\u062f\u0627\u064b \u0645\u062a\u062d\u062f \u0645\u06cc\u200c\u0634\u0648\u0646\u062f\u060c \u0644\u0642\u0628\u200c\u0647\u0627 \u0631\u0627 \u0645\u06cc\u200c\u067e\u0630\u06cc\u0631\u0646\u062f \u06a9\u0647 \u0632\u06cc\u0631\u0646\u0648\u06cc\u0633\u200c\u0647\u0627\u06cc \u0622\u0645\u0648\u0632\u0634\u06cc \u0631\u0627 \u0628\u0647 \u0632\u0628\u0627\u0646 \u0645\u06cc\u200c\u0622\u0648\u0631\u0646\u062f.<\/strong> Tambi\u00e9n damos la bienvenida a cualquiera que est\u00e1 aprendiendo el spa\u00f1ol a nuestra reuni\u00f3n. Todas las reuniones son totalmente gratuitas y an\u00f3nimas.<\/p>\n\n\n<p><iframe style=\"height: 500px; width: 100%;\" src=\"https:\/\/teamup.com\/ksvq9b1hu5ex2i463h?view=mw&amp;lang=es&amp;showHeader=0&amp;showLogo=0&amp;showTitle=0&amp;disableSidepanel=1&amp;showViewSelector=1\" width=\"100%\" height=\"500\" frameborder=\"0\"><\/iframe><\/p>\n\n\n<h3 class=\"wp-block-heading\"><strong>\u0622\u06cc\u0627 \u0628\u0631\u0627\u06cc \u062a\u062c\u062f\u06cc\u062f \u0627\u062a\u062d\u0627\u062f\u061f<\/strong><\/h3>\n\n\n\n<p>Si es la primera vez que estar\u00e1s asistiendo a una reuni\u00f3n, no hay necesidad de estar nervioso. Nuestras reuniones son muy secillas; cada reuni\u00f3n tiene un facilitador que lee el gui\u00f3n de la reuni\u00f3n. El facilitador y otros voluntarios leen algunos discursos de apertura\u060c antes de abrir la reuni\u00f3n para que los miembros compartan. No es obligatorio compartir, y no hay problema si prefer\u00eds simplemente escuchar. Puedes compartir como est\u00e1s, presentarte y qu\u00e9 te trajo a ITAA, o hacer preguntas. A menos que el miembro que est\u00e9 compartiendo lo pida\u060c no ofrecemos sugerencias ni commentarios en respuesta a lo que otros comparten; simplemente escuchamos sin juzgar. Al cabo de una hora, la reuni\u00f3n termina con unas palabras de clausura, tras las cuales los miembros suelen permanecer en la l\u00ednea para charlar informalmente, hacer preguntas and intercambiar datos de contacto.<\/p>\n\n\n\n<h3 class=\"wp-block-heading\">\u0628\u0627\u0632\u06af\u0634\u062a \u0628\u0647 \u0627\u06cc\u0646\u062a\u0631\u0646\u062a \u0648 \u0641\u0646\u0627\u0648\u0631\u06cc<\/h3>\n\n\n\n<p>Si te est\u00e1s preguntando si puedes tener una adicci\u00f3n a Internet ya la tecnolog\u00eda\u060c puedes revisar nuestros cuestionarios de&nbsp;<a href=\"https:\/\/internetaddictsanonymous.org\/es\/adiccion-a-internet\/\">\u0627\u0639\u062a\u06cc\u0627\u062f \u0628\u0647 \u0627\u06cc\u0646\u062a\u0631\u0646\u062a<\/a>,&nbsp;<a href=\"https:\/\/internetaddictsanonymous.org\/es\/adiccion-a-internet\/social-media-addiction\/\">adicci\u00f3n a las redes sociales<\/a>,&nbsp;<a href=\"https:\/\/internetaddictsanonymous.org\/es\/adiccion-a-internet\/adiccion-al-streaming\/\">\u067e\u062e\u0634 \u062c\u0631\u06cc\u0627\u0646\u06cc<\/a>\u060c o <a href=\"https:\/\/internetaddictsanonymous.org\/es\/adiccion-a-la-tecnologia\/smartphone-adiccion\/\">\u0627\u0639\u062a\u06cc\u0627\u062f \u0628\u0647 \u06af\u0648\u0634\u06cc \u0647\u0627\u06cc \u0647\u0648\u0634\u0645\u0646\u062f<\/a>. \u062a\u0627\u0645\u0628\u06cc\u0626\u0646 \u067e\u0648\u0634\u06cc\u062f\u0647 \u0627\u0632 \u0627\u0637\u0644\u0627\u0639\u0627\u062a \u06a9\u0627\u0645\u0644 ITAA leyendo nuestra&nbsp;<a href=\"https:\/\/internetaddictsanonymous.org\/es\/guia-para-recien-llegados\/\">gu\u00eda para los reci\u00e9n llegados<\/a>\u060c revisando nuestras&nbsp;<a href=\"https:\/\/internetaddictsanonymous.org\/es\/recursos\/herramientas-de-recuperacion\/\">\u0647\u0631\u0627\u0645\u0646\u062a\u0627\u0633 \u062f \u0631\u06cc\u06a9\u0627\u067e\u0631\u0627\u0633\u06cc\u0648\u0646<\/a>\u060c \u0627\u06cc \u0627\u0633\u06a9\u0648\u0686\u0627\u0646\u062f\u0648&nbsp;<a href=\"https:\/\/internetaddictsanonymous.org\/es\/historias-de-recuperacion-2\/\">historias de recuperaci\u00f3n de los miembros<\/a>.<\/p>\n\n\n\n<p>ITAA \u0647\u06cc\u0686 \u06cc\u06a9 \u0627\u0632 \u0628\u0631\u0646\u0627\u0645\u0647\u200c\u0647\u0627\u06cc \u0633\u06cc\u0627\u0633\u06cc\u060c \u0645\u0630\u0647\u0628\u06cc \u0628\u06cc\u0646\u200c\u0627\u0644\u0645\u0644\u0644 \u0648 \u062e\u0627\u0631\u062c\u06cc \u0646\u06cc\u0633\u062a. Somos totalmente autosuficientes y gratuitos para todos los que lo necesiten. Nuestro \u00fanico prop\u00f3sito es abstenernos del uso compulsivo de internet y la tecnolog\u00eda y ayudar a otros a encontrar la libertad de esta adicci\u00f3n.<\/p>\n\n\n\n<p>De nuevo\u060c bienvenido! Esperamos que esta comunidad sea capaz de proporcionarte el apoyo que necesitas en tu recuperaci\u00f3n de la adicci\u00f3n a Internet y la tecnolog\u00eda. No dudes en mandarnos un mensaje si tienes alguna pregunta a <a href=\"mailto:espanol.12pasos.itaa@gmail.com\" target=\"_blank\" rel=\"noreferrer noopener\">espanol.12pasos.itaa@gmail.com<\/a>.<\/p>\n\n\n\n<h3 class=\"wp-block-heading\"><strong>Seguridad y accesibilidad<\/strong><\/h3>\n\n\n\n<p>Nuestras reuniones tienen el uso compartido de pantalla desactivado y el cifrado activado. Los anfitriones pueden silenciar y eliminar a los participantes perturbadores. Si est\u00e1 organizando una reuni\u00f3n, le sugerimos que lea la&nbsp;<a href=\"https:\/\/internetaddictsanonymous.org\/es\/directrices-de-seguridad-para-anfitriones-de-reuniones-de-la-aita\/\">gu\u00eda de ITAA sobre como prevenir y responer a las interruptions<\/a>.<\/p>\n\n\n\n<h3 class=\"wp-block-heading\"><strong>\u0628\u0627\u0632\u06af\u0631\u062f\u0627\u0646\u06cc \u0647\u0627\u06cc \u062f\u0633\u062a\u0631\u0633\u06cc<\/strong><\/h3>\n\n\n\n<p><a href=\"https:\/\/internetaddictsanonymous.org\/es\/accessibility\/\">\u062f\u0633\u062a\u0631\u0633\u06cc \u0628\u0647 miembros con discapacidad auditiva y del habla<\/a><\/p>\n\n\n\n<p><a href=\"https:\/\/support.zoom.us\/hc\/en-us\/articles\/201362893-How-much-bandwidth-do-I-need-when-using-3G-or-4G-LTE\">\u0646\u06cc\u0627\u0632 \u0628\u0647 \u0627\u0633\u062a\u0641\u0627\u062f\u0647 \u0627\u0632 3G\u060c 4G\/LTE \u06cc\u0627 5G (support.zoom.us)<\/a><\/p>\n\n\n\n<p><a href=\"https:\/\/support.zoom.us\/hc\/en-us\/articles\/4409500570381-Stopping-all-incoming-video-in-a-meeting-or-webinar\">C\u00f3mo detener todos los videos enterrantes (support.zoom.us)<\/a><\/p>\n<!-- PMB print buttons is only displayed on a single post\/page URLs-->","protected":false},"excerpt":{"rendered":"<p>Bienvenido a Adictos a Internet y la Tecnolog\u00eda An\u00f3nimos. Nos alegramos de que nos hayas encontrado y esperamos que nuestra comunidad pueda serte tan \u00fatil como lo ha sido para nosotros. ITAA \u06cc\u06a9 \u0627\u0646\u062c\u0645\u0646 \u0627\u0632 Doce Pasos \u0628\u0631\u0627\u06cc \u0627\u0634\u062e\u0627\u0635\u06cc \u0627\u0633\u062a \u06a9\u0647 \u0628\u0631\u0627\u06cc \u0628\u0627\u0632\u06cc\u0627\u0628\u06cc \u0627\u06cc\u0646\u062a\u0631\u0646\u062a \u0648 \u0641\u0646\u0627\u0648\u0631\u06cc \u0627\u0637\u0644\u0627\u0639\u0627\u062a \u0627\u06cc\u062c\u0627\u062f \u0645\u06cc \u06a9\u0646\u062f. \u2026 <a href=\"https:\/\/internetaddictsanonymous.org\/fa\/espanol\/\" class=\"more-link\">\u0627\u062f\u0627\u0645\u0647 \u062e\u0648\u0627\u0646\u062f\u0646 <span class=\"screen-reader-text\">ITAA \u062f\u0631 \u0627\u0633\u067e\u0627\u0646\u06cc\u0627<\/span><\/a><\/p>","protected":false},"author":35194237,"featured_media":0,"parent":0,"menu_order":0,"comment_status":"closed","ping_status":"closed","template":"full-width-page.php","meta":{"inline_featured_image":false,"_lmt_disableupdate":"","_lmt_disable":"","footnotes":""},"tags":[],"class_list":["post-15513","page","type-page","status-publish","hentry"],"yoast_head":"<!-- This site is optimized with the Yoast SEO plugin v27.4 - https:\/\/yoast.com\/product\/yoast-seo-wordpress\/ -->\n<title>ITAA en Espa\u00f1ol &#8211; Internet and Technology Addicts Anonymous<\/title>\n<meta name=\"robots\" content=\"index, follow, max-snippet:-1, max-image-preview:large, max-video-preview:-1\" \/>\n<link rel=\"canonical\" href=\"https:\/\/internetaddictsanonymous.org\/fa\/\u0627\u0633\u067e\u0627\u0646\u0648\u0644\/\" \/>\n<meta property=\"og:locale\" content=\"fa_IR\" \/>\n<meta property=\"og:type\" content=\"article\" \/>\n<meta property=\"og:title\" content=\"ITAA en Espa\u00f1ol &#8211; Internet and Technology Addicts Anonymous\" \/>\n<meta property=\"og:description\" content=\"Bienvenido a Adictos a Internet y la Tecnolog\u00eda An\u00f3nimos. Nos alegramos de que nos hayas encontrado y esperamos que nuestra comunidad pueda serte tan \u00fatil como lo ha sido para nosotros. ITAA es una comunidad de Doce Pasos formada por personas que se apoyan mutuamente para recuperarse de la adicci\u00f3n a Internet y la tecnolog\u00eda. &hellip; \u0627\u062f\u0627\u0645\u0647 \u062e\u0648\u0627\u0646\u062f\u0646 ITAA en Espa\u00f1ol\" \/>\n<meta property=\"og:url\" content=\"https:\/\/internetaddictsanonymous.org\/fa\/\u0627\u0633\u067e\u0627\u0646\u0648\u0644\/\" \/>\n<meta property=\"og:site_name\" content=\"Internet and Technology Addicts Anonymous\" \/>\n<meta property=\"article:modified_time\" content=\"2025-01-10T02:21:20+00:00\" \/>\n<meta name=\"twitter:card\" content=\"summary_large_image\" \/>\n<meta name=\"twitter:label1\" content=\"\u0632\u0645\u0627\u0646 \u062a\u0642\u0631\u06cc\u0628\u06cc \u0628\u0631\u0627\u06cc \u062e\u0648\u0627\u0646\u062f\u0646\" \/>\n\t<meta name=\"twitter:data1\" content=\"3 \u062f\u0642\u06cc\u0642\u0647\" \/>\n<script type=\"application\/ld+json\" class=\"yoast-schema-graph\">{\"@context\":\"https:\\\/\\\/schema.org\",\"@graph\":[{\"@type\":\"WebPage\",\"@id\":\"https:\\\/\\\/internetaddictsanonymous.org\\\/espanol\\\/\",\"url\":\"https:\\\/\\\/internetaddictsanonymous.org\\\/espanol\\\/\",\"name\":\"ITAA en Espa\u00f1ol &#8211; Internet and Technology Addicts Anonymous\",\"isPartOf\":{\"@id\":\"https:\\\/\\\/internetaddictsanonymous.org\\\/#website\"},\"datePublished\":\"2023-03-06T01:45:50+00:00\",\"dateModified\":\"2025-01-10T02:21:20+00:00\",\"breadcrumb\":{\"@id\":\"https:\\\/\\\/internetaddictsanonymous.org\\\/espanol\\\/#breadcrumb\"},\"inLanguage\":\"fa-IR\",\"potentialAction\":[{\"@type\":\"ReadAction\",\"target\":[\"https:\\\/\\\/internetaddictsanonymous.org\\\/espanol\\\/\"]}]},{\"@type\":\"BreadcrumbList\",\"@id\":\"https:\\\/\\\/internetaddictsanonymous.org\\\/espanol\\\/#breadcrumb\",\"itemListElement\":[{\"@type\":\"ListItem\",\"position\":1,\"name\":\"Home\",\"item\":\"https:\\\/\\\/internetaddictsanonymous.org\\\/\"},{\"@type\":\"ListItem\",\"position\":2,\"name\":\"ITAA en Espa\u00f1ol\"}]},{\"@type\":\"WebSite\",\"@id\":\"https:\\\/\\\/internetaddictsanonymous.org\\\/#website\",\"url\":\"https:\\\/\\\/internetaddictsanonymous.org\\\/\",\"name\":\"Internet and Technology Addicts Anonymous\",\"description\":\"Worldwide 12-step Fellowship for Internet and Technology Addiction\",\"publisher\":{\"@id\":\"https:\\\/\\\/internetaddictsanonymous.org\\\/#organization\"},\"potentialAction\":[{\"@type\":\"SearchAction\",\"target\":{\"@type\":\"EntryPoint\",\"urlTemplate\":\"https:\\\/\\\/internetaddictsanonymous.org\\\/?s={search_term_string}\"},\"query-input\":{\"@type\":\"PropertyValueSpecification\",\"valueRequired\":true,\"valueName\":\"search_term_string\"}}],\"inLanguage\":\"fa-IR\"},{\"@type\":\"Organization\",\"@id\":\"https:\\\/\\\/internetaddictsanonymous.org\\\/#organization\",\"name\":\"Internet and Technology Addicts Anonymous\",\"url\":\"https:\\\/\\\/internetaddictsanonymous.org\\\/\",\"logo\":{\"@type\":\"ImageObject\",\"inLanguage\":\"fa-IR\",\"@id\":\"https:\\\/\\\/internetaddictsanonymous.org\\\/#\\\/schema\\\/logo\\\/image\\\/\",\"url\":\"https:\\\/\\\/internetaddictsanonymous.org\\\/wp-content\\\/uploads\\\/2023\\\/01\\\/cropped-ITAA-logo-480px.png\",\"contentUrl\":\"https:\\\/\\\/internetaddictsanonymous.org\\\/wp-content\\\/uploads\\\/2023\\\/01\\\/cropped-ITAA-logo-480px.png\",\"width\":480,\"height\":480,\"caption\":\"Internet and Technology Addicts Anonymous\"},\"image\":{\"@id\":\"https:\\\/\\\/internetaddictsanonymous.org\\\/#\\\/schema\\\/logo\\\/image\\\/\"}}]}<\/script>\n<!-- \/ Yoast SEO plugin. -->","yoast_head_json":{"title":"ITAA en Espa\u00f1ol - \u0645\u0639\u062a\u0627\u062f\u0627\u0646 \u06af\u0645\u0646\u0627\u0645 \u0628\u0647 \u0627\u06cc\u0646\u062a\u0631\u0646\u062a \u0648 \u0641\u0646\u0627\u0648\u0631\u06cc","robots":{"index":"index","follow":"follow","max-snippet":"max-snippet:-1","max-image-preview":"max-image-preview:large","max-video-preview":"max-video-preview:-1"},"canonical":"https:\/\/internetaddictsanonymous.org\/fa\/\u0627\u0633\u067e\u0627\u0646\u0648\u0644\/","og_locale":"fa_IR","og_type":"article","og_title":"ITAA en Espa\u00f1ol &#8211; Internet and Technology Addicts Anonymous","og_description":"Bienvenido a Adictos a Internet y la Tecnolog\u00eda An\u00f3nimos. Nos alegramos de que nos hayas encontrado y esperamos que nuestra comunidad pueda serte tan \u00fatil como lo ha sido para nosotros. ITAA es una comunidad de Doce Pasos formada por personas que se apoyan mutuamente para recuperarse de la adicci\u00f3n a Internet y la tecnolog\u00eda. &hellip; \u0627\u062f\u0627\u0645\u0647 \u062e\u0648\u0627\u0646\u062f\u0646 ITAA en Espa\u00f1ol","og_url":"https:\/\/internetaddictsanonymous.org\/fa\/\u0627\u0633\u067e\u0627\u0646\u0648\u0644\/","og_site_name":"Internet and Technology Addicts Anonymous","article_modified_time":"2025-01-10T02:21:20+00:00","twitter_card":"summary_large_image","twitter_misc":{"\u0632\u0645\u0627\u0646 \u062a\u0642\u0631\u06cc\u0628\u06cc \u0628\u0631\u0627\u06cc \u062e\u0648\u0627\u0646\u062f\u0646":"3 \u062f\u0642\u06cc\u0642\u0647"},"schema":{"@context":"https:\/\/schema.org","@graph":[{"@type":"WebPage","@id":"https:\/\/internetaddictsanonymous.org\/espanol\/","url":"https:\/\/internetaddictsanonymous.org\/espanol\/","name":"ITAA en Espa\u00f1ol - \u0645\u0639\u062a\u0627\u062f\u0627\u0646 \u06af\u0645\u0646\u0627\u0645 \u0628\u0647 \u0627\u06cc\u0646\u062a\u0631\u0646\u062a \u0648 \u0641\u0646\u0627\u0648\u0631\u06cc","isPartOf":{"@id":"https:\/\/internetaddictsanonymous.org\/#website"},"datePublished":"2023-03-06T01:45:50+00:00","dateModified":"2025-01-10T02:21:20+00:00","breadcrumb":{"@id":"https:\/\/internetaddictsanonymous.org\/espanol\/#breadcrumb"},"inLanguage":"fa-IR","potentialAction":[{"@type":"ReadAction","target":["https:\/\/internetaddictsanonymous.org\/espanol\/"]}]},{"@type":"BreadcrumbList","@id":"https:\/\/internetaddictsanonymous.org\/espanol\/#breadcrumb","itemListElement":[{"@type":"ListItem","position":1,"name":"Home","item":"https:\/\/internetaddictsanonymous.org\/"},{"@type":"ListItem","position":2,"name":"ITAA en Espa\u00f1ol"}]},{"@type":"WebSite","@id":"https:\/\/internetaddictsanonymous.org\/#website","url":"https:\/\/internetaddictsanonymous.org\/","name":"\u0645\u0639\u062a\u0627\u062f\u0627\u0646 \u06af\u0645\u0646\u0627\u0645 \u0627\u06cc\u0646\u062a\u0631\u0646\u062a \u0648 \u0641\u0646\u0627\u0648\u0631\u06cc","description":"\u06a9\u0645\u06a9 \u0647\u0632\u06cc\u0646\u0647 \u062a\u062d\u0635\u06cc\u0644\u06cc 12 \u0645\u0631\u062d\u0644\u0647 \u0627\u06cc \u062c\u0647\u0627\u0646\u06cc \u0628\u0631\u0627\u06cc \u0627\u0639\u062a\u06cc\u0627\u062f \u0628\u0647 \u0627\u06cc\u0646\u062a\u0631\u0646\u062a \u0648 \u0641\u0646\u0627\u0648\u0631\u06cc","publisher":{"@id":"https:\/\/internetaddictsanonymous.org\/#organization"},"potentialAction":[{"@type":"SearchAction","target":{"@type":"EntryPoint","urlTemplate":"https:\/\/internetaddictsanonymous.org\/?s={search_term_string}"},"query-input":{"@type":"PropertyValueSpecification","valueRequired":true,"valueName":"search_term_string"}}],"inLanguage":"fa-IR"},{"@type":"Organization","@id":"https:\/\/internetaddictsanonymous.org\/#organization","name":"\u0645\u0639\u062a\u0627\u062f\u0627\u0646 \u06af\u0645\u0646\u0627\u0645 \u0627\u06cc\u0646\u062a\u0631\u0646\u062a \u0648 \u0641\u0646\u0627\u0648\u0631\u06cc","url":"https:\/\/internetaddictsanonymous.org\/","logo":{"@type":"ImageObject","inLanguage":"fa-IR","@id":"https:\/\/internetaddictsanonymous.org\/#\/schema\/logo\/image\/","url":"https:\/\/internetaddictsanonymous.org\/wp-content\/uploads\/2023\/01\/cropped-ITAA-logo-480px.png","contentUrl":"https:\/\/internetaddictsanonymous.org\/wp-content\/uploads\/2023\/01\/cropped-ITAA-logo-480px.png","width":480,"height":480,"caption":"Internet and Technology Addicts Anonymous"},"image":{"@id":"https:\/\/internetaddictsanonymous.org\/#\/schema\/logo\/image\/"}}]}},"jetpack_sharing_enabled":true,"jetpack_shortlink":"https:\/\/wp.me\/P9Fwob-42d","_links":{"self":[{"href":"https:\/\/internetaddictsanonymous.org\/fa\/wp-json\/wp\/v2\/pages\/15513","targetHints":{"allow":["GET"]}}],"collection":[{"href":"https:\/\/internetaddictsanonymous.org\/fa\/wp-json\/wp\/v2\/pages"}],"about":[{"href":"https:\/\/internetaddictsanonymous.org\/fa\/wp-json\/wp\/v2\/types\/page"}],"author":[{"embeddable":true,"href":"https:\/\/internetaddictsanonymous.org\/fa\/wp-json\/wp\/v2\/users\/35194237"}],"replies":[{"embeddable":true,"href":"https:\/\/internetaddictsanonymous.org\/fa\/wp-json\/wp\/v2\/comments?post=15513"}],"version-history":[{"count":31,"href":"https:\/\/internetaddictsanonymous.org\/fa\/wp-json\/wp\/v2\/pages\/15513\/revisions"}],"predecessor-version":[{"id":19128,"href":"https:\/\/internetaddictsanonymous.org\/fa\/wp-json\/wp\/v2\/pages\/15513\/revisions\/19128"}],"wp:attachment":[{"href":"https:\/\/internetaddictsanonymous.org\/fa\/wp-json\/wp\/v2\/media?parent=15513"}],"wp:term":[{"taxonomy":"post_tag","embeddable":true,"href":"https:\/\/internetaddictsanonymous.org\/fa\/wp-json\/wp\/v2\/tags?post=15513"}],"curies":[{"name":"\u0648\u0631\u062f\u067e\u0631\u0633","href":"https:\/\/api.w.org\/{rel}","templated":true}]}}