{"id":10139,"date":"2020-03-05T21:40:58","date_gmt":"2020-03-05T21:40:58","guid":{"rendered":"https:\/\/internetaddictsanonymous.org\/?page_id=10139"},"modified":"2024-11-24T12:50:03","modified_gmt":"2024-11-24T20:50:03","slug":"lahjoittaa","status":"publish","type":"page","link":"https:\/\/internetaddictsanonymous.org\/fi\/donate\/","title":{"rendered":"Tee lahjoitus"},"content":{"rendered":"<p>7:n mukaisesti<sup>th<\/sup>\u00a0Perinteidens\u00e4 mukaisesti ITAA on t\u00e4ysin omavarainen ja riippuvainen j\u00e4sentens\u00e4 lahjoituksista. Jos olet kokenut ITAA:n hy\u00f6dylliseksi toipumisessasi, pyyd\u00e4mme sinua harkitsemaan toistuvan kuukausittaisen lahjoituksen tekemist\u00e4, jotta yhteis\u00f6mme toiminta jatkuu tehokkaasti. Mik\u00e4 tahansa summa auttaa, ja olemme todella kiitollisia osallistumisestasi, kun viemme viesti\u00e4 internet- ja teknologiariippuvaisille, jotka edelleen k\u00e4rsiv\u00e4t. <\/p>\n\n\n\n<p>Voit tehd\u00e4 lahjoituksen debit- tai luottokortilla, tilisiirrolla, PayPalilla tai Venmon kautta. Huomaa, ett\u00e4 jos haluat pysy\u00e4 nimett\u00f6m\u00e4n\u00e4, voit yksinkertaisesti kirjoittaa alkukirjaimen sukunimesi kentt\u00e4\u00e4n ja\/tai k\u00e4ytt\u00e4\u00e4 anonyymi\u00e4 s\u00e4hk\u00f6postiosoitetta.<\/p>\n\n\n\n<script src=\"https:\/\/donorbox.org\/widget.js\" type=\"text\/javascript\"><\/script><iframe src=\"https:\/\/donorbox.org\/embed\/itaa\" width=\"100%\" style=\"max-width:500px; min-width:310px;\" seamless=\"seamless\" id=\"dbox-form-embed\" name=\"donorbox\" frameborder=\"0\" scrolling=\"no\" allowpaymentrequest><\/iframe>\n\n\n\n<p>ITAA k\u00e4ytt\u00e4\u00e4 avointa kirjanpitoa. Voit tarkastella edellisen rahastonhoitajamme raportteja. <a href=\"https:\/\/drive.google.com\/drive\/folders\/116fSRg_xja1Fjo72RUP2-Cp3anwWK6LD?usp=sharing\" target=\"_blank\" rel=\"noreferrer noopener nofollow\">t\u00e4ss\u00e4<\/a>. Olemme Yhdysvaltain liittovaltion verovapaa 501(c)(3) -lain mukainen voittoa tavoittelematon j\u00e4rjest\u00f6, joka on rekister\u00f6ity Coloradon osavaltiossa.<\/p>\n<!-- PMB print buttons is only displayed on a single post\/page URLs-->","protected":false},"excerpt":{"rendered":"<p>In keeping with the 7th\u00a0tradition, ITAA is fully self-supporting and relies entirely on donations from members. If you have found ITAA beneficial in your recovery, we ask that you consider setting up a recurring monthly contribution to help our fellowship continue to operate effectively. Any amount helps, and we are truly grateful for your participation &hellip; <a href=\"https:\/\/internetaddictsanonymous.org\/fi\/donate\/\" class=\"more-link\">Jatka lukemista <span class=\"screen-reader-text\">Tee lahjoitus<\/span><\/a><\/p>","protected":false},"author":35194237,"featured_media":0,"parent":0,"menu_order":0,"comment_status":"closed","ping_status":"closed","template":"full-width-page.php","meta":{"inline_featured_image":false,"_lmt_disableupdate":"","_lmt_disable":"","footnotes":""},"tags":[],"class_list":["post-10139","page","type-page","status-publish","hentry"],"yoast_head":"<!-- This site is optimized with the Yoast SEO plugin v27.5 - https:\/\/yoast.com\/product\/yoast-seo-wordpress\/ -->\n<title>Make a Contribution &#8211; Internet and Technology Addicts Anonymous<\/title>\n<meta name=\"robots\" content=\"index, follow, max-snippet:-1, max-image-preview:large, max-video-preview:-1\" \/>\n<link rel=\"canonical\" href=\"https:\/\/internetaddictsanonymous.org\/fi\/lahjoittaa\/\" \/>\n<meta property=\"og:locale\" content=\"fi_FI\" \/>\n<meta property=\"og:type\" content=\"article\" \/>\n<meta property=\"og:title\" content=\"Make a Contribution &#8211; Internet and Technology Addicts Anonymous\" \/>\n<meta property=\"og:description\" content=\"In keeping with the 7th\u00a0tradition, ITAA is fully self-supporting and relies entirely on donations from members. If you have found ITAA beneficial in your recovery, we ask that you consider setting up a recurring monthly contribution to help our fellowship continue to operate effectively. Any amount helps, and we are truly grateful for your participation &hellip; Continue reading Make a Contribution\" \/>\n<meta property=\"og:url\" content=\"https:\/\/internetaddictsanonymous.org\/fi\/lahjoittaa\/\" \/>\n<meta property=\"og:site_name\" content=\"Internet and Technology Addicts Anonymous\" \/>\n<meta property=\"article:modified_time\" content=\"2024-11-24T20:50:03+00:00\" \/>\n<meta name=\"twitter:card\" content=\"summary_large_image\" \/>\n<meta name=\"twitter:label1\" content=\"Arvioitu lukuaika\" \/>\n\t<meta name=\"twitter:data1\" content=\"1 minuutti\" \/>\n<script type=\"application\/ld+json\" class=\"yoast-schema-graph\">{\"@context\":\"https:\\\/\\\/schema.org\",\"@graph\":[{\"@type\":\"WebPage\",\"@id\":\"https:\\\/\\\/internetaddictsanonymous.org\\\/donate\\\/\",\"url\":\"https:\\\/\\\/internetaddictsanonymous.org\\\/donate\\\/\",\"name\":\"Make a Contribution &#8211; Internet and Technology Addicts Anonymous\",\"isPartOf\":{\"@id\":\"https:\\\/\\\/internetaddictsanonymous.org\\\/#website\"},\"datePublished\":\"2020-03-05T21:40:58+00:00\",\"dateModified\":\"2024-11-24T20:50:03+00:00\",\"breadcrumb\":{\"@id\":\"https:\\\/\\\/internetaddictsanonymous.org\\\/donate\\\/#breadcrumb\"},\"inLanguage\":\"fi\",\"potentialAction\":[{\"@type\":\"ReadAction\",\"target\":[\"https:\\\/\\\/internetaddictsanonymous.org\\\/donate\\\/\"]}]},{\"@type\":\"BreadcrumbList\",\"@id\":\"https:\\\/\\\/internetaddictsanonymous.org\\\/donate\\\/#breadcrumb\",\"itemListElement\":[{\"@type\":\"ListItem\",\"position\":1,\"name\":\"Home\",\"item\":\"https:\\\/\\\/internetaddictsanonymous.org\\\/\"},{\"@type\":\"ListItem\",\"position\":2,\"name\":\"Make a Contribution\"}]},{\"@type\":\"WebSite\",\"@id\":\"https:\\\/\\\/internetaddictsanonymous.org\\\/#website\",\"url\":\"https:\\\/\\\/internetaddictsanonymous.org\\\/\",\"name\":\"Internet and Technology Addicts Anonymous\",\"description\":\"Worldwide 12-step Fellowship for Internet and Technology Addiction\",\"publisher\":{\"@id\":\"https:\\\/\\\/internetaddictsanonymous.org\\\/#organization\"},\"potentialAction\":[{\"@type\":\"SearchAction\",\"target\":{\"@type\":\"EntryPoint\",\"urlTemplate\":\"https:\\\/\\\/internetaddictsanonymous.org\\\/?s={search_term_string}\"},\"query-input\":{\"@type\":\"PropertyValueSpecification\",\"valueRequired\":true,\"valueName\":\"search_term_string\"}}],\"inLanguage\":\"fi\"},{\"@type\":\"Organization\",\"@id\":\"https:\\\/\\\/internetaddictsanonymous.org\\\/#organization\",\"name\":\"Internet and Technology Addicts Anonymous\",\"url\":\"https:\\\/\\\/internetaddictsanonymous.org\\\/\",\"logo\":{\"@type\":\"ImageObject\",\"inLanguage\":\"fi\",\"@id\":\"https:\\\/\\\/internetaddictsanonymous.org\\\/#\\\/schema\\\/logo\\\/image\\\/\",\"url\":\"https:\\\/\\\/internetaddictsanonymous.org\\\/wp-content\\\/uploads\\\/2023\\\/01\\\/cropped-ITAA-logo-480px.png\",\"contentUrl\":\"https:\\\/\\\/internetaddictsanonymous.org\\\/wp-content\\\/uploads\\\/2023\\\/01\\\/cropped-ITAA-logo-480px.png\",\"width\":480,\"height\":480,\"caption\":\"Internet and Technology Addicts Anonymous\"},\"image\":{\"@id\":\"https:\\\/\\\/internetaddictsanonymous.org\\\/#\\\/schema\\\/logo\\\/image\\\/\"}}]}<\/script>\n<!-- \/ Yoast SEO plugin. -->","yoast_head_json":{"title":"Tee lahjoitus \u2013 Internet- ja teknologiariippuvaiset Anonyymit","robots":{"index":"index","follow":"follow","max-snippet":"max-snippet:-1","max-image-preview":"max-image-preview:large","max-video-preview":"max-video-preview:-1"},"canonical":"https:\/\/internetaddictsanonymous.org\/fi\/lahjoittaa\/","og_locale":"fi_FI","og_type":"article","og_title":"Make a Contribution &#8211; Internet and Technology Addicts Anonymous","og_description":"In keeping with the 7th\u00a0tradition, ITAA is fully self-supporting and relies entirely on donations from members. If you have found ITAA beneficial in your recovery, we ask that you consider setting up a recurring monthly contribution to help our fellowship continue to operate effectively. Any amount helps, and we are truly grateful for your participation &hellip; Continue reading Make a Contribution","og_url":"https:\/\/internetaddictsanonymous.org\/fi\/lahjoittaa\/","og_site_name":"Internet and Technology Addicts Anonymous","article_modified_time":"2024-11-24T20:50:03+00:00","twitter_card":"summary_large_image","twitter_misc":{"Arvioitu lukuaika":"1 minuutti"},"schema":{"@context":"https:\/\/schema.org","@graph":[{"@type":"WebPage","@id":"https:\/\/internetaddictsanonymous.org\/donate\/","url":"https:\/\/internetaddictsanonymous.org\/donate\/","name":"Tee lahjoitus \u2013 Internet- ja teknologiariippuvaiset Anonyymit","isPartOf":{"@id":"https:\/\/internetaddictsanonymous.org\/#website"},"datePublished":"2020-03-05T21:40:58+00:00","dateModified":"2024-11-24T20:50:03+00:00","breadcrumb":{"@id":"https:\/\/internetaddictsanonymous.org\/donate\/#breadcrumb"},"inLanguage":"fi","potentialAction":[{"@type":"ReadAction","target":["https:\/\/internetaddictsanonymous.org\/donate\/"]}]},{"@type":"BreadcrumbList","@id":"https:\/\/internetaddictsanonymous.org\/donate\/#breadcrumb","itemListElement":[{"@type":"ListItem","position":1,"name":"Home","item":"https:\/\/internetaddictsanonymous.org\/"},{"@type":"ListItem","position":2,"name":"Make a Contribution"}]},{"@type":"WebSite","@id":"https:\/\/internetaddictsanonymous.org\/#website","url":"https:\/\/internetaddictsanonymous.org\/","name":"Nimett\u00f6m\u00e4t internetin ja teknologian ongelmak\u00e4ytt\u00e4j\u00e4t","description":"Maailmanlaajuinen 12 askeleen yhteis\u00f6 Internet- ja teknologiariippuvuutta varten","publisher":{"@id":"https:\/\/internetaddictsanonymous.org\/#organization"},"potentialAction":[{"@type":"SearchAction","target":{"@type":"EntryPoint","urlTemplate":"https:\/\/internetaddictsanonymous.org\/?s={search_term_string}"},"query-input":{"@type":"PropertyValueSpecification","valueRequired":true,"valueName":"search_term_string"}}],"inLanguage":"fi"},{"@type":"Organization","@id":"https:\/\/internetaddictsanonymous.org\/#organization","name":"Nimett\u00f6m\u00e4t internetin ja teknologian ongelmak\u00e4ytt\u00e4j\u00e4t","url":"https:\/\/internetaddictsanonymous.org\/","logo":{"@type":"ImageObject","inLanguage":"fi","@id":"https:\/\/internetaddictsanonymous.org\/#\/schema\/logo\/image\/","url":"https:\/\/internetaddictsanonymous.org\/wp-content\/uploads\/2023\/01\/cropped-ITAA-logo-480px.png","contentUrl":"https:\/\/internetaddictsanonymous.org\/wp-content\/uploads\/2023\/01\/cropped-ITAA-logo-480px.png","width":480,"height":480,"caption":"Internet and Technology Addicts Anonymous"},"image":{"@id":"https:\/\/internetaddictsanonymous.org\/#\/schema\/logo\/image\/"}}]}},"jetpack_sharing_enabled":true,"jetpack_shortlink":"https:\/\/wp.me\/P9Fwob-2Dx","_links":{"self":[{"href":"https:\/\/internetaddictsanonymous.org\/fi\/wp-json\/wp\/v2\/pages\/10139","targetHints":{"allow":["GET"]}}],"collection":[{"href":"https:\/\/internetaddictsanonymous.org\/fi\/wp-json\/wp\/v2\/pages"}],"about":[{"href":"https:\/\/internetaddictsanonymous.org\/fi\/wp-json\/wp\/v2\/types\/page"}],"author":[{"embeddable":true,"href":"https:\/\/internetaddictsanonymous.org\/fi\/wp-json\/wp\/v2\/users\/35194237"}],"replies":[{"embeddable":true,"href":"https:\/\/internetaddictsanonymous.org\/fi\/wp-json\/wp\/v2\/comments?post=10139"}],"version-history":[{"count":36,"href":"https:\/\/internetaddictsanonymous.org\/fi\/wp-json\/wp\/v2\/pages\/10139\/revisions"}],"predecessor-version":[{"id":18966,"href":"https:\/\/internetaddictsanonymous.org\/fi\/wp-json\/wp\/v2\/pages\/10139\/revisions\/18966"}],"wp:attachment":[{"href":"https:\/\/internetaddictsanonymous.org\/fi\/wp-json\/wp\/v2\/media?parent=10139"}],"wp:term":[{"taxonomy":"post_tag","embeddable":true,"href":"https:\/\/internetaddictsanonymous.org\/fi\/wp-json\/wp\/v2\/tags?post=10139"}],"curies":[{"name":"wp","href":"https:\/\/api.w.org\/{rel}","templated":true}]}}