{"id":11139,"date":"2020-06-14T09:30:42","date_gmt":"2020-06-14T09:30:42","guid":{"rendered":"https:\/\/internetaddictsanonymous.org\/?page_id=11139"},"modified":"2024-04-21T11:01:29","modified_gmt":"2024-04-21T15:01:29","slug":"palvelu-2","status":"publish","type":"page","link":"https:\/\/internetaddictsanonymous.org\/fi\/service-2\/","title":{"rendered":"Palvelu"},"content":{"rendered":"<p>Palvelu on vapaaehtoista ajan ja energian antamista muiden ITAA:n j\u00e4senten auttamiseksi, aivan kuten muut ovat auttaneet meit\u00e4. Se on voimakas ty\u00f6kalu oman raittiutemme vahvistamisessa, ja olemme kokeneet lahjaksi voida vaikuttaa niin merkityksellisesti toisen ihmisen el\u00e4m\u00e4\u00e4n.<\/p>\n\n\n\n<p>Alla on erilaisia resursseja siit\u00e4, miten ITAA:n palvelu toimii ja miten voit osallistua:<\/p>\n\n\n\n<p><strong><a href=\"https:\/\/internetaddictsanonymous.org\/fi\/ismi\/\">Kansainv\u00e4liset palvelukokoukset<\/a><\/strong><br>Yksityiskohtia ja kokoustietoja kansainv\u00e4lisist\u00e4 palvelukokouksistamme (ISM), joissa keskustelemme t\u00e4rkeist\u00e4 asioista ja kehit\u00e4mme ratkaisuja yhteis\u00f6mme kasvun vahvistamiseksi. <\/p>\n\n\n\n<p><strong><a href=\"https:\/\/internetaddictsanonymous.org\/fi\/avoimet-palveluspaikat\/\">Palveluteht\u00e4v\u00e4t ja komiteat<\/a><\/strong><br>Yksityiskohtia ja kokoustietoja eri palvelukomiteoistamme, joiden kautta kirjoitamme esitteit\u00e4, yll\u00e4pid\u00e4mme seurakuntamme laajuisia palveluja ja ty\u00f6skentelemme yhdess\u00e4 ITAA:n jatkuvan parantamisen varmistamiseksi.<\/p>\n\n\n\n<p><a href=\"https:\/\/internetaddictsanonymous.org\/fi\/leading-and-strengthening-meetings\/\"><strong>Miten kokoukset toimivat<\/strong><\/a><br>Kattava opas vahvojen, terveiden ja kasvavien kokousten luomiseen.<\/p>\n\n\n\n<p><strong><a href=\"https:\/\/internetaddictsanonymous.org\/fi\/opas-ryhmatuntoon\/\">Opas ryhm\u00e4tietoisuuteen<\/a><\/strong><br>Yksityiskohtainen katsaus ryhm\u00e4tietoisuusprosessiin, jonka kautta teemme ryhm\u00e4p\u00e4\u00e4t\u00f6ksi\u00e4.<\/p>\n\n\n\n<p><strong><a href=\"https:\/\/internetaddictsanonymous.org\/fi\/sponsorointi\/\">Sponsoroinnin merkitys<\/a><\/strong><br>Yleiskatsaus kummitoimintaan, jossa raitis j\u00e4sen, joka on ty\u00f6skennellyt Kahdentoista Askeleen ohjelman mukaisesti, tukee toista j\u00e4sent\u00e4 h\u00e4nen toipumisessaan.<\/p>\n\n\n\n<p><strong><a href=\"https:\/\/internetaddictsanonymous.org\/fi\/turvallisuus-itaaassa\/\">ITAA:n turvallisuus<\/a><br><\/strong>Opas vaaralliseen tai sopimattomaan k\u00e4yt\u00f6kseen reagoimiseen.<\/p>\n\n\n\n<p><strong><a href=\"https:\/\/internetaddictsanonymous.org\/fi\/gsr\/\">Mik\u00e4 on ITAA:n &#039;ryhm\u00e4palveluedustaja&#039;?<\/a><\/strong><br>Yleiskatsaus ryhm\u00e4n palveluedustajan toimintaan: j\u00e4sen, joka edustaa tietty\u00e4 ITAA-ryhm\u00e4\u00e4 koko seurakunnan ISM-tapahtumissa.<\/p>\n<!-- PMB print buttons is only displayed on a single post\/page URLs-->","protected":false},"excerpt":{"rendered":"<p>Palvelu on vapaaehtoista ajan ja energian antamista muiden ITAA:n j\u00e4senten auttamiseksi, aivan kuten muut ovat auttaneet meit\u00e4. Se on voimakas ty\u00f6kalu oman raittiutemme vahvistamisessa, ja olemme kokeneet lahjaksi voida vaikuttaa niin merkityksellisesti toisen ihmisen el\u00e4m\u00e4\u00e4n\u2026 <a href=\"https:\/\/internetaddictsanonymous.org\/fi\/service-2\/\" class=\"more-link\">Jatka lukemista <span class=\"screen-reader-text\">Palvelu<\/span><\/a><\/p>","protected":false},"author":35194237,"featured_media":0,"parent":0,"menu_order":0,"comment_status":"closed","ping_status":"closed","template":"full-width-page.php","meta":{"inline_featured_image":false,"_lmt_disableupdate":"","_lmt_disable":"","jetpack_post_was_ever_published":false,"footnotes":""},"tags":[],"class_list":["post-11139","page","type-page","status-publish","hentry"],"yoast_head":"<!-- This site is optimized with the Yoast SEO plugin v27.3 - https:\/\/yoast.com\/product\/yoast-seo-wordpress\/ -->\n<title>Service &#8211; Internet and Technology Addicts Anonymous<\/title>\n<meta name=\"robots\" content=\"index, follow, max-snippet:-1, max-image-preview:large, max-video-preview:-1\" \/>\n<link rel=\"canonical\" href=\"https:\/\/internetaddictsanonymous.org\/fi\/palvelu-2\/\" \/>\n<meta property=\"og:locale\" content=\"fi_FI\" \/>\n<meta property=\"og:type\" content=\"article\" \/>\n<meta property=\"og:title\" content=\"Service &#8211; Internet and Technology Addicts Anonymous\" \/>\n<meta property=\"og:description\" content=\"Service is the voluntary contribution of our time and energy to help other members of ITAA, just as we have been helped by others. It is a powerful tool in strengthening our own sobriety, and we have found it a gift to be able to make such a meaningful impact in the life of another &hellip; Continue reading Service\" \/>\n<meta property=\"og:url\" content=\"https:\/\/internetaddictsanonymous.org\/fi\/palvelu-2\/\" \/>\n<meta property=\"og:site_name\" content=\"Internet and Technology Addicts Anonymous\" \/>\n<meta property=\"article:modified_time\" content=\"2024-04-21T15:01:29+00:00\" \/>\n<meta name=\"twitter:card\" content=\"summary_large_image\" \/>\n<meta name=\"twitter:label1\" content=\"Arvioitu lukuaika\" \/>\n\t<meta name=\"twitter:data1\" content=\"2 minuuttia\" \/>\n<script type=\"application\/ld+json\" class=\"yoast-schema-graph\">{\"@context\":\"https:\\\/\\\/schema.org\",\"@graph\":[{\"@type\":\"WebPage\",\"@id\":\"https:\\\/\\\/internetaddictsanonymous.org\\\/service-2\\\/\",\"url\":\"https:\\\/\\\/internetaddictsanonymous.org\\\/service-2\\\/\",\"name\":\"Service &#8211; Internet and Technology Addicts Anonymous\",\"isPartOf\":{\"@id\":\"https:\\\/\\\/internetaddictsanonymous.org\\\/#website\"},\"datePublished\":\"2020-06-14T09:30:42+00:00\",\"dateModified\":\"2024-04-21T15:01:29+00:00\",\"breadcrumb\":{\"@id\":\"https:\\\/\\\/internetaddictsanonymous.org\\\/service-2\\\/#breadcrumb\"},\"inLanguage\":\"fi\",\"potentialAction\":[{\"@type\":\"ReadAction\",\"target\":[\"https:\\\/\\\/internetaddictsanonymous.org\\\/service-2\\\/\"]}]},{\"@type\":\"BreadcrumbList\",\"@id\":\"https:\\\/\\\/internetaddictsanonymous.org\\\/service-2\\\/#breadcrumb\",\"itemListElement\":[{\"@type\":\"ListItem\",\"position\":1,\"name\":\"Home\",\"item\":\"https:\\\/\\\/internetaddictsanonymous.org\\\/\"},{\"@type\":\"ListItem\",\"position\":2,\"name\":\"Service\"}]},{\"@type\":\"WebSite\",\"@id\":\"https:\\\/\\\/internetaddictsanonymous.org\\\/#website\",\"url\":\"https:\\\/\\\/internetaddictsanonymous.org\\\/\",\"name\":\"Internet and Technology Addicts Anonymous\",\"description\":\"Worldwide 12-step Fellowship for Internet and Technology Addiction\",\"publisher\":{\"@id\":\"https:\\\/\\\/internetaddictsanonymous.org\\\/#organization\"},\"potentialAction\":[{\"@type\":\"SearchAction\",\"target\":{\"@type\":\"EntryPoint\",\"urlTemplate\":\"https:\\\/\\\/internetaddictsanonymous.org\\\/?s={search_term_string}\"},\"query-input\":{\"@type\":\"PropertyValueSpecification\",\"valueRequired\":true,\"valueName\":\"search_term_string\"}}],\"inLanguage\":\"fi\"},{\"@type\":\"Organization\",\"@id\":\"https:\\\/\\\/internetaddictsanonymous.org\\\/#organization\",\"name\":\"Internet and Technology Addicts Anonymous\",\"url\":\"https:\\\/\\\/internetaddictsanonymous.org\\\/\",\"logo\":{\"@type\":\"ImageObject\",\"inLanguage\":\"fi\",\"@id\":\"https:\\\/\\\/internetaddictsanonymous.org\\\/#\\\/schema\\\/logo\\\/image\\\/\",\"url\":\"https:\\\/\\\/internetaddictsanonymous.org\\\/wp-content\\\/uploads\\\/2023\\\/01\\\/cropped-ITAA-logo-480px.png\",\"contentUrl\":\"https:\\\/\\\/internetaddictsanonymous.org\\\/wp-content\\\/uploads\\\/2023\\\/01\\\/cropped-ITAA-logo-480px.png\",\"width\":480,\"height\":480,\"caption\":\"Internet and Technology Addicts Anonymous\"},\"image\":{\"@id\":\"https:\\\/\\\/internetaddictsanonymous.org\\\/#\\\/schema\\\/logo\\\/image\\\/\"}}]}<\/script>\n<!-- \/ Yoast SEO plugin. -->","yoast_head_json":{"title":"Palvelu \u2013 Internet- ja teknologiariippuvaiset Anonyymit","robots":{"index":"index","follow":"follow","max-snippet":"max-snippet:-1","max-image-preview":"max-image-preview:large","max-video-preview":"max-video-preview:-1"},"canonical":"https:\/\/internetaddictsanonymous.org\/fi\/palvelu-2\/","og_locale":"fi_FI","og_type":"article","og_title":"Service &#8211; Internet and Technology Addicts Anonymous","og_description":"Service is the voluntary contribution of our time and energy to help other members of ITAA, just as we have been helped by others. It is a powerful tool in strengthening our own sobriety, and we have found it a gift to be able to make such a meaningful impact in the life of another &hellip; Continue reading Service","og_url":"https:\/\/internetaddictsanonymous.org\/fi\/palvelu-2\/","og_site_name":"Internet and Technology Addicts Anonymous","article_modified_time":"2024-04-21T15:01:29+00:00","twitter_card":"summary_large_image","twitter_misc":{"Arvioitu lukuaika":"2 minuuttia"},"schema":{"@context":"https:\/\/schema.org","@graph":[{"@type":"WebPage","@id":"https:\/\/internetaddictsanonymous.org\/service-2\/","url":"https:\/\/internetaddictsanonymous.org\/service-2\/","name":"Palvelu \u2013 Internet- ja teknologiariippuvaiset Anonyymit","isPartOf":{"@id":"https:\/\/internetaddictsanonymous.org\/#website"},"datePublished":"2020-06-14T09:30:42+00:00","dateModified":"2024-04-21T15:01:29+00:00","breadcrumb":{"@id":"https:\/\/internetaddictsanonymous.org\/service-2\/#breadcrumb"},"inLanguage":"fi","potentialAction":[{"@type":"ReadAction","target":["https:\/\/internetaddictsanonymous.org\/service-2\/"]}]},{"@type":"BreadcrumbList","@id":"https:\/\/internetaddictsanonymous.org\/service-2\/#breadcrumb","itemListElement":[{"@type":"ListItem","position":1,"name":"Home","item":"https:\/\/internetaddictsanonymous.org\/"},{"@type":"ListItem","position":2,"name":"Service"}]},{"@type":"WebSite","@id":"https:\/\/internetaddictsanonymous.org\/#website","url":"https:\/\/internetaddictsanonymous.org\/","name":"Nimett\u00f6m\u00e4t internetin ja teknologian ongelmak\u00e4ytt\u00e4j\u00e4t","description":"Maailmanlaajuinen 12 askeleen yhteis\u00f6 Internet- ja teknologiariippuvuutta varten","publisher":{"@id":"https:\/\/internetaddictsanonymous.org\/#organization"},"potentialAction":[{"@type":"SearchAction","target":{"@type":"EntryPoint","urlTemplate":"https:\/\/internetaddictsanonymous.org\/?s={search_term_string}"},"query-input":{"@type":"PropertyValueSpecification","valueRequired":true,"valueName":"search_term_string"}}],"inLanguage":"fi"},{"@type":"Organization","@id":"https:\/\/internetaddictsanonymous.org\/#organization","name":"Nimett\u00f6m\u00e4t internetin ja teknologian ongelmak\u00e4ytt\u00e4j\u00e4t","url":"https:\/\/internetaddictsanonymous.org\/","logo":{"@type":"ImageObject","inLanguage":"fi","@id":"https:\/\/internetaddictsanonymous.org\/#\/schema\/logo\/image\/","url":"https:\/\/internetaddictsanonymous.org\/wp-content\/uploads\/2023\/01\/cropped-ITAA-logo-480px.png","contentUrl":"https:\/\/internetaddictsanonymous.org\/wp-content\/uploads\/2023\/01\/cropped-ITAA-logo-480px.png","width":480,"height":480,"caption":"Internet and Technology Addicts Anonymous"},"image":{"@id":"https:\/\/internetaddictsanonymous.org\/#\/schema\/logo\/image\/"}}]}},"jetpack_sharing_enabled":true,"jetpack_shortlink":"https:\/\/wp.me\/P9Fwob-2TF","_links":{"self":[{"href":"https:\/\/internetaddictsanonymous.org\/fi\/wp-json\/wp\/v2\/pages\/11139","targetHints":{"allow":["GET"]}}],"collection":[{"href":"https:\/\/internetaddictsanonymous.org\/fi\/wp-json\/wp\/v2\/pages"}],"about":[{"href":"https:\/\/internetaddictsanonymous.org\/fi\/wp-json\/wp\/v2\/types\/page"}],"author":[{"embeddable":true,"href":"https:\/\/internetaddictsanonymous.org\/fi\/wp-json\/wp\/v2\/users\/35194237"}],"replies":[{"embeddable":true,"href":"https:\/\/internetaddictsanonymous.org\/fi\/wp-json\/wp\/v2\/comments?post=11139"}],"version-history":[{"count":9,"href":"https:\/\/internetaddictsanonymous.org\/fi\/wp-json\/wp\/v2\/pages\/11139\/revisions"}],"predecessor-version":[{"id":17892,"href":"https:\/\/internetaddictsanonymous.org\/fi\/wp-json\/wp\/v2\/pages\/11139\/revisions\/17892"}],"wp:attachment":[{"href":"https:\/\/internetaddictsanonymous.org\/fi\/wp-json\/wp\/v2\/media?parent=11139"}],"wp:term":[{"taxonomy":"post_tag","embeddable":true,"href":"https:\/\/internetaddictsanonymous.org\/fi\/wp-json\/wp\/v2\/tags?post=11139"}],"curies":[{"name":"wp","href":"https:\/\/api.w.org\/{rel}","templated":true}]}}