{"id":11348,"date":"2020-07-12T07:06:35","date_gmt":"2020-07-12T07:06:35","guid":{"rendered":"https:\/\/internetaddictsanonymous.org\/?page_id=11348"},"modified":"2025-09-14T11:35:18","modified_gmt":"2025-09-14T18:35:18","slug":"avoimet-palveluspaikat","status":"publish","type":"page","link":"https:\/\/internetaddictsanonymous.org\/fi\/open-service-positions\/","title":{"rendered":"Palveluteht\u00e4v\u00e4t ja komiteat"},"content":{"rendered":"<p>Kiitos kiinnostuksestasi palvella ITAA:n yhteis\u00f6\u00e4! Palvelu ei ole vain korvaamaton ty\u00f6kalu omille toipumisillemme, vaan se auttaa my\u00f6s koko ITAA-yhteis\u00f6\u00e4 \u2013 uusista tulokkaista ensimm\u00e4isess\u00e4 kokouksessaan kokeneisiin j\u00e4seniin, ryhmiin ja yhteis\u00f6\u00e4 kokonaisuudessaan. Alla on luettelo kansainv\u00e4lisist\u00e4 palveluteht\u00e4vist\u00e4mme ja komiteoistamme.<\/p>\n\n\n\n<p><strong>Tulevat ITAA:n komitean kokoukset ja kansainv\u00e4lisen palvelun kokoukset<\/strong><\/p>\n\n\n<p><iframe style=\"height: 600px; width: 100%;\" src=\"https:\/\/teamup.com\/ks4ag6i7z1xynrk5ra?view=m&amp;showHeader=0&amp;showLogo=0&amp;showTitle=0&amp;showSidepanel=0&amp;showViewSelector=1\" width=\"100%\" height=\"600\" frameborder=\"0\"><\/iframe><\/p>\n\n\n<h5 class=\"wp-block-heading\" id=\"fellowship-level\"><strong>Yhteis\u00f6tason palveluteht\u00e4v\u00e4t <\/strong><\/h5>\n\n\n\n<ul class=\"wp-block-list\">\n<li><strong>Puheenjohtajat<\/strong>Kansainv\u00e4lisiss\u00e4 palvelukokouksissa on kaksi puheenjohtajaa, jotka valitaan vuoden toimikaudeksi. Kukin puheenjohtaja hallinnoi yht\u00e4 ISM-kokousta joka toinen kuukausi. Puheenjohtajien teht\u00e4viin kuuluu johtaa ISM-kokousta sek\u00e4 p\u00e4ivitt\u00e4\u00e4 ja yll\u00e4pit\u00e4\u00e4 n\u00e4it\u00e4 kirjallisia ohjeita, jotta ne pysyv\u00e4t ajan tasalla. He ty\u00f6skentelev\u00e4t sihteerien kanssa esityslistan viimeistelemiseksi. <strong>Jos olet kiinnostunut toimimaan apulaispuheenjohtajana, l\u00e4het\u00e4 s\u00e4hk\u00f6postia osoitteeseen secretaries.itaa@gmail.com tai osallistu tulevaan ISM-tapahtumaan.<\/strong><br><br><\/li>\n\n\n\n<li><strong>Sihteerit<\/strong>Kansainv\u00e4lisiss\u00e4 palvelukokouksissa on kaksi apulaissihteeri\u00e4, jotka valitaan vuoden toimikaudeksi. Jokainen apulaissihteeri hallinnoi yht\u00e4 ISM-kokousta joka toinen kuukausi. Sihteerit pit\u00e4v\u00e4t p\u00f6yt\u00e4kirjaa ISM-kokouksen aikana ja laativat kokouksen esityslistan. He ty\u00f6skentelev\u00e4t puheenjohtajien kanssa esityslistan viimeistelemiseksi. <strong>Jos olet kiinnostunut toimimaan apulaissihteerin\u00e4, l\u00e4het\u00e4 s\u00e4hk\u00f6postia osoitteeseen secretaries.itaa@gmail.com tai osallistu tulevaan ISM-tapahtumaan.<\/strong><br><br><\/li>\n\n\n\n<li><strong>Yhteisverkkosivuston yll\u00e4pit\u00e4j\u00e4<\/strong>ITAA:lla on v\u00e4hint\u00e4\u00e4n kaksi verkkovastaavaa (vaikka heit\u00e4 voi olla enemm\u00e4nkin kuin kaksi), jotka voidaan valita enint\u00e4\u00e4n kahden vuoden toimikaudeksi (lyhyemm\u00e4tkin kaudet ovat hyv\u00e4ksytt\u00e4vi\u00e4). Verkkovastaavat yll\u00e4pit\u00e4v\u00e4t, p\u00e4ivitt\u00e4v\u00e4t ja muokkaavat ITAA:n verkkosivustoa yhteis\u00f6ryhm\u00e4n omantunnon mukaisesti. Verkkovastaavat hallinnoivat my\u00f6s ITAA:n Zoom-tilej\u00e4, Google Ads -tili\u00e4 ja kokouskalenteria. Verkkovastaavilla on valtuudet tehd\u00e4 verkkosivustolle pieni\u00e4 muutoksia, jotka ovat olemassa olevan verkkosivuston hengen mukaisia. Kaikista dramaattisista muutoksista, uusista osioista tai olennaisista erimielisyyksist\u00e4 voidaan ilmoittaa tietohallintojohtajalle (ISM). <strong>Jos olet kiinnostunut toimimaan webmasterin apuvalmentajana, l\u00e4het\u00e4 s\u00e4hk\u00f6postia osoitteeseen webmaster.itaa@gmail.com.<\/strong><br><br> <\/li>\n\n\n\n<li><strong>Rahastonhoitajan apu<\/strong>Rahastonhoitajia on kaksi, jotka valitaan 12 kuukauden toimikaudeksi. Rahastonhoitajat hoitavat ITAA:n tilej\u00e4 ja kirjaavat kaikki menot ja lahjoitukset. Rahastonhoitajat esitt\u00e4v\u00e4t yleens\u00e4 raportin kansainv\u00e4lisille palvelukokouksille kunkin kuukauden kolmantena viikonloppuna. Rahastonhoitajilla ei ole valtuuksia tehd\u00e4 itsen\u00e4isi\u00e4 menop\u00e4\u00e4t\u00f6ksi\u00e4. P\u00e4\u00e4t\u00f6s uuden menon ottamisesta on teht\u00e4v\u00e4 kansainv\u00e4lisess\u00e4 palvelukokouksessa. <strong>Jos olet kiinnostunut toimimaan rahastonhoitajana, l\u00e4het\u00e4 s\u00e4hk\u00f6postia osoitteeseen itaa.business@gmail.com.<\/strong><br><br><\/li>\n\n\n\n<li><strong>S\u00e4hk\u00f6postivastaaja<\/strong>ITAA:n s\u00e4hk\u00f6postivastaajat auttavat vastaamaan ITAA:n verkkosivuston kautta l\u00e4hetettyihin yleisiin tiedusteluihin. T\u00e4m\u00e4 voi sis\u00e4lt\u00e4\u00e4 tiedon antamista ITAA:sta, kokousaikataulustamme, verkkosivustomme resursseista tai viestien uudelleenohjaamista muille luotettaville henkil\u00f6ille (esim. sihteereille, webmastereille, tietylle komitealle tai tietylle ryhm\u00e4lle). Tyypillisesti kunkin s\u00e4hk\u00f6postivastaajan viikoittainen aikapanos on 15\u201330 minuuttia. S\u00e4hk\u00f6postivastaajilla on oltava v\u00e4hint\u00e4\u00e4n 3 kuukauden kokemus ITAA:sta, ja jokainen valittu s\u00e4hk\u00f6postivastaaja voi valita toimikautensa pituuden 3 kuukaudesta 2 vuoteen. <strong>Jos olet kiinnostunut s\u00e4hk\u00f6postivastaajana toimimisesta, l\u00e4het\u00e4 s\u00e4hk\u00f6postia osoitteeseen internetandtechaa@gmail.com<span style=\"color: initial; font-family: -apple-system, BlinkMacSystemFont, &quot;Segoe UI&quot;, Roboto, Oxygen-Sans, Ubuntu, Cantarell, &quot;Helvetica Neue&quot;, sans-serif;\">.<\/span><\/strong><br><br><\/li>\n\n\n\n<li><strong>Ryhm\u00e4palveluedustaja (GSR)<\/strong>Ryhm\u00e4t valitsevat GSR:t edustamaan heit\u00e4 ITAA:n kansainv\u00e4lisiss\u00e4 palvelukokouksissa, ja he varmistavat, ett\u00e4 ryhmiemme \u00e4\u00e4ni kuuluu, kun tehd\u00e4\u00e4n p\u00e4\u00e4t\u00f6ksi\u00e4 yhdistystason tasolla. Ryhmi\u00e4 kannustetaan ottamaan omaatuntoa GSR:ien valitsemiseksi ja palveluvaatimusten, vastuiden ja toimikausien pituuksien m\u00e4\u00e4rittelemiseksi. Seuraava resurssi sis\u00e4lt\u00e4\u00e4 lis\u00e4tietoja GSR:ist\u00e4:<br><a href=\"https:\/\/internetaddictsanonymous.org\/fi\/gsr\/\" target=\"_blank\" rel=\"noreferrer noopener\">Mik\u00e4 on ITAA:n &#039;ryhm\u00e4palveluedustaja&#039;?<\/a><br><\/li>\n<\/ul>\n\n\n\n<h5 class=\"wp-block-heading\" id=\"fellowship-level\">Fellowship-tason<strong> komiteat<\/strong><\/h5>\n\n\n\n<ul class=\"wp-block-list\">\n<li><strong>Laki- ja talousvaliokunta<\/strong>T\u00e4m\u00e4 komitea keskustelee koko ITAA-yhteis\u00f6n kannalta olennaisista oikeudellisista ja taloudellisista kysymyksist\u00e4, kehitt\u00e4\u00e4 ja ehdottaa ratkaisuja n\u00e4ihin ongelmiin ISM:n tarkasteltavaksi, on tarvittaessa yhteydess\u00e4 lakimiehiin, kirjanpit\u00e4jiin ja muihin asiaankuuluviin ammattilaisiin sek\u00e4 tuottaa oikeudellisiin ja taloudellisiin kysymyksiin liittyvi\u00e4 materiaaleja ja resursseja, jotka voivat tukea ryhmi\u00e4 ja yksitt\u00e4isi\u00e4 j\u00e4seni\u00e4. Osallistuminen on avoin kaikille. <strong>Jos olet kiinnostunut osallistumaan, l\u00e4het\u00e4 s\u00e4hk\u00f6postia osoitteeseen legalaffairs.itaa@gmail.com.<\/strong><br><br><\/li>\n\n\n\n<li><strong>Kirjallisuuskomitea<\/strong>Kirjallisuuskomitea kirjoittaa pitk\u00e4\u00e4 ja painettua materiaalia tukeakseen yhteis\u00f6mme p\u00e4\u00e4tarkoitusta. Osallistuminen on avointa kaikille. Jos et p\u00e4\u00e4se osallistumaan kokousaikaan aikavy\u00f6hykeongelmien vuoksi, ota yhteytt\u00e4 yhteyshenkil\u00f6\u00f6n. Kirjoitamme parhaillaan ensimm\u00e4ist\u00e4 ITAA-kirjaamme ja etsimme toipumistarinoita j\u00e4senilt\u00e4, joilla on v\u00e4hint\u00e4\u00e4n 6 kuukautta ITAA:ssa olemista, vakaa raittius heid\u00e4n k\u00e4sityksens\u00e4 mukaan ja jotka ty\u00f6skentelev\u00e4t askelten mukaisesti \u2013 lis\u00e4tietoja l\u00f6ytyy t\u00e4\u00e4lt\u00e4. <a href=\"https:\/\/docs.google.com\/document\/d\/1WkjCP1kEapF_RhWaTpPk6nmuVHrNbohQVA2TJIpbDtQ\/edit?usp=sharing\">t\u00e4ss\u00e4<\/a>. Kuka tahansa ITAA:n j\u00e4sen voi my\u00f6s rekister\u00f6ity\u00e4 arvostelulukijaksi ja antaa palautetta kirjamme luonnoksista. Voit l\u00f6yt\u00e4\u00e4 kirjan nykyisen luonnoksen ja rekister\u00f6ity\u00e4 vastaanottamaan s\u00e4\u00e4nn\u00f6llisi\u00e4 p\u00e4ivityksi\u00e4 uusien lukujen ilmestyess\u00e4 t\u00e4ytt\u00e4m\u00e4ll\u00e4 lomakkeen. <a href=\"https:\/\/forms.gle\/xUyrY5BUxropNELWA\">t\u00e4m\u00e4 lomake<\/a>. <strong>Kysymyksi\u00e4 ja kommentteja varten l\u00e4het\u00e4 s\u00e4hk\u00f6postia osoitteeseen literature.itaa@gmail.com. <\/strong><br><br><\/li>\n\n\n\n<li><strong>Tiedotussuhdekomitea<\/strong>T\u00e4ll\u00e4 komitealla on kaksi palveluroolia: j\u00e4rjest\u00e4j\u00e4t ja haastateltavat. J\u00e4rjest\u00e4j\u00e4t hallinnoivat saapuvia haastattelupyynt\u00f6j\u00e4, tekev\u00e4t tiedotusty\u00f6t\u00e4, kirjoittavat ja yll\u00e4pit\u00e4v\u00e4t toimittajille jaettavia resursseja sek\u00e4 pit\u00e4v\u00e4t kansainv\u00e4lisen palvelukokouksen ajan tasalla raporteilla. Kuka tahansa j\u00e4sen on tervetullut j\u00e4rjest\u00e4j\u00e4ksi ja osallistumaan kokouksiimme. Haastateltavat ovat j\u00e4seni\u00e4, joille ilmoitetaan, kun verkkosivuston kautta l\u00e4hetet\u00e4\u00e4n viesti, jossa pyydet\u00e4\u00e4n haastattelua ITAA:n j\u00e4senelle yhteis\u00f6st\u00e4mme tai toipumisohjelmastamme. Haastateltavaksi kelpaavien j\u00e4senten tulee olla olleet ITAA:ssa viisi kuukautta, osallistua s\u00e4\u00e4nn\u00f6llisesti kokouksiin, tehd\u00e4 12 askelta ja heill\u00e4 tulee olla ainakin jonkin verran raittiutta oman m\u00e4\u00e4ritelm\u00e4ns\u00e4 mukaan. Komitean j\u00e4senet voivat valita toisen tai molemmat n\u00e4ist\u00e4 palvelurooleista. <strong>Jos olet kiinnostunut toimimaan tiedotustoimikunnassa, l\u00e4het\u00e4 s\u00e4hk\u00f6postia osoitteeseen enquiries.itaa@gmail.com.<\/strong> <strong>Tarvitsemme lis\u00e4\u00e4 j\u00e4rjest\u00e4ji\u00e4 ja haastateltavia. Jos haluat tehd\u00e4 julkista tiedotusta alueellasi, voit tutustua seuraaviin kohteisiin: <a href=\"https:\/\/docs.google.com\/document\/d\/1aRALvNCgyFK4UUpQHtJfsWbFT4WthLxQqeuzJhA2bM0\/edit?usp=sharing\">julkisen tiedonv\u00e4lityksen mallipohja<\/a>.<\/strong><br><\/li>\n<\/ul>\n\n\n\n<ul class=\"wp-block-list\">\n<li><strong>SEO \/ Google Ads -alakomitea<\/strong>T\u00e4m\u00e4 alakomitea keskittyy Google-mainosten ja hakukoneoptimoinnin parantamiseen varmistaakseen, ett\u00e4 yhteis\u00f6mme on mahdollisimman helposti saatavilla sit\u00e4 tarvitseville. T\u00e4m\u00e4 ryhm\u00e4 on verkkosis\u00e4lt\u00f6komitean alakomitea. <strong>Kysymyksi\u00e4 varten l\u00e4het\u00e4 s\u00e4hk\u00f6postia osoitteeseen tomask.itaa@gmail.com.<\/strong><br><\/li>\n<\/ul>\n\n\n\n<ul class=\"wp-block-list\">\n<li><strong>Verkkosis\u00e4lt\u00f6komitea<\/strong>T\u00e4ss\u00e4 komiteassa keskustelemme, muokkaamme ja kirjoitamme sis\u00e4lt\u00f6\u00e4 verkkosivustollemme. Jokainen j\u00e4sen on tervetullut osallistumaan, ja komitean j\u00e4senyyden vaatimuksena on osallistua v\u00e4hint\u00e4\u00e4n kuuteen ITAA:n kokoukseen. Voit l\u00e4hett\u00e4\u00e4 kysymyksesi s\u00e4hk\u00f6postitse osoitteeseen webcontent.itaa@gmail.com.<br><br><\/li>\n\n\n\n<li><strong>Verkkosivuston k\u00e4\u00e4nn\u00f6s<\/strong>Jos haluat k\u00e4\u00e4nt\u00e4\u00e4 ITAA:n verkkosivuston toiselle kielelle, voit auttaa levitt\u00e4m\u00e4\u00e4n viesti\u00e4mme ei-englantia puhuville narkomaaneille. <strong>Jos olet kiinnostunut auttamaan sivuston k\u00e4\u00e4nt\u00e4misess\u00e4, l\u00e4het\u00e4 s\u00e4hk\u00f6postia osoitteeseen webmaster.itaa@gmail.com<\/strong><\/li>\n<\/ul>\n<!-- PMB print buttons is only displayed on a single post\/page URLs-->","protected":false},"excerpt":{"rendered":"<p>Kiitos kiinnostuksestasi palvella ITAA:n yhteis\u00f6\u00e4! Palvelu ei ole vain korvaamaton ty\u00f6kalu omalle toipumisellemme, vaan se auttaa my\u00f6s koko ITAA-yhteis\u00f6\u00e4 \u2013 uusista tulokkaista ensimm\u00e4isess\u00e4 kokouksessaan kokeneisiin j\u00e4seniin, ryhmiin ja yhteis\u00f6\u00e4 kokonaisuudessaan. Alla on luettelo\u2026 <a href=\"https:\/\/internetaddictsanonymous.org\/fi\/open-service-positions\/\" class=\"more-link\">Jatka lukemista <span class=\"screen-reader-text\">Palveluteht\u00e4v\u00e4t ja komiteat<\/span><\/a><\/p>","protected":false},"author":35194237,"featured_media":0,"parent":0,"menu_order":0,"comment_status":"closed","ping_status":"closed","template":"full-width-page.php","meta":{"inline_featured_image":false,"_lmt_disableupdate":"no","_lmt_disable":"","footnotes":""},"tags":[],"class_list":["post-11348","page","type-page","status-publish","hentry"],"yoast_head":"<!-- This site is optimized with the Yoast SEO plugin v27.5 - https:\/\/yoast.com\/product\/yoast-seo-wordpress\/ -->\n<title>Service Positions and Committees &#8211; Internet and Technology Addicts Anonymous<\/title>\n<meta name=\"robots\" content=\"index, follow, max-snippet:-1, max-image-preview:large, max-video-preview:-1\" \/>\n<link rel=\"canonical\" href=\"https:\/\/internetaddictsanonymous.org\/fi\/avoimet-palveluspaikat\/\" \/>\n<meta property=\"og:locale\" content=\"fi_FI\" \/>\n<meta property=\"og:type\" content=\"article\" \/>\n<meta property=\"og:title\" content=\"Service Positions and Committees &#8211; Internet and Technology Addicts Anonymous\" \/>\n<meta property=\"og:description\" content=\"Thank you for your interest in being of service at the fellowship level in ITAA! Service is not only an invaluable tool for our own recoveries, it also helps the entire ITAA fellowship\u2014from newcomers at their first meeting, to old-timers, to the groups, and the fellowship as a whole. Below is a list of our &hellip; Continue reading Service Positions and Committees\" \/>\n<meta property=\"og:url\" content=\"https:\/\/internetaddictsanonymous.org\/fi\/avoimet-palveluspaikat\/\" \/>\n<meta property=\"og:site_name\" content=\"Internet and Technology Addicts Anonymous\" \/>\n<meta property=\"article:modified_time\" content=\"2025-09-14T18:35:18+00:00\" \/>\n<meta name=\"twitter:card\" content=\"summary_large_image\" \/>\n<meta name=\"twitter:label1\" content=\"Arvioitu lukuaika\" \/>\n\t<meta name=\"twitter:data1\" content=\"5 minuuttia\" \/>\n<script type=\"application\/ld+json\" class=\"yoast-schema-graph\">{\"@context\":\"https:\\\/\\\/schema.org\",\"@graph\":[{\"@type\":\"WebPage\",\"@id\":\"https:\\\/\\\/internetaddictsanonymous.org\\\/open-service-positions\\\/\",\"url\":\"https:\\\/\\\/internetaddictsanonymous.org\\\/open-service-positions\\\/\",\"name\":\"Service Positions and Committees &#8211; Internet and Technology Addicts Anonymous\",\"isPartOf\":{\"@id\":\"https:\\\/\\\/internetaddictsanonymous.org\\\/#website\"},\"datePublished\":\"2020-07-12T07:06:35+00:00\",\"dateModified\":\"2025-09-14T18:35:18+00:00\",\"breadcrumb\":{\"@id\":\"https:\\\/\\\/internetaddictsanonymous.org\\\/open-service-positions\\\/#breadcrumb\"},\"inLanguage\":\"fi\",\"potentialAction\":[{\"@type\":\"ReadAction\",\"target\":[\"https:\\\/\\\/internetaddictsanonymous.org\\\/open-service-positions\\\/\"]}]},{\"@type\":\"BreadcrumbList\",\"@id\":\"https:\\\/\\\/internetaddictsanonymous.org\\\/open-service-positions\\\/#breadcrumb\",\"itemListElement\":[{\"@type\":\"ListItem\",\"position\":1,\"name\":\"Home\",\"item\":\"https:\\\/\\\/internetaddictsanonymous.org\\\/\"},{\"@type\":\"ListItem\",\"position\":2,\"name\":\"Service Positions and Committees\"}]},{\"@type\":\"WebSite\",\"@id\":\"https:\\\/\\\/internetaddictsanonymous.org\\\/#website\",\"url\":\"https:\\\/\\\/internetaddictsanonymous.org\\\/\",\"name\":\"Internet and Technology Addicts Anonymous\",\"description\":\"Worldwide 12-step Fellowship for Internet and Technology Addiction\",\"publisher\":{\"@id\":\"https:\\\/\\\/internetaddictsanonymous.org\\\/#organization\"},\"potentialAction\":[{\"@type\":\"SearchAction\",\"target\":{\"@type\":\"EntryPoint\",\"urlTemplate\":\"https:\\\/\\\/internetaddictsanonymous.org\\\/?s={search_term_string}\"},\"query-input\":{\"@type\":\"PropertyValueSpecification\",\"valueRequired\":true,\"valueName\":\"search_term_string\"}}],\"inLanguage\":\"fi\"},{\"@type\":\"Organization\",\"@id\":\"https:\\\/\\\/internetaddictsanonymous.org\\\/#organization\",\"name\":\"Internet and Technology Addicts Anonymous\",\"url\":\"https:\\\/\\\/internetaddictsanonymous.org\\\/\",\"logo\":{\"@type\":\"ImageObject\",\"inLanguage\":\"fi\",\"@id\":\"https:\\\/\\\/internetaddictsanonymous.org\\\/#\\\/schema\\\/logo\\\/image\\\/\",\"url\":\"https:\\\/\\\/internetaddictsanonymous.org\\\/wp-content\\\/uploads\\\/2023\\\/01\\\/cropped-ITAA-logo-480px.png\",\"contentUrl\":\"https:\\\/\\\/internetaddictsanonymous.org\\\/wp-content\\\/uploads\\\/2023\\\/01\\\/cropped-ITAA-logo-480px.png\",\"width\":480,\"height\":480,\"caption\":\"Internet and Technology Addicts Anonymous\"},\"image\":{\"@id\":\"https:\\\/\\\/internetaddictsanonymous.org\\\/#\\\/schema\\\/logo\\\/image\\\/\"}}]}<\/script>\n<!-- \/ Yoast SEO plugin. -->","yoast_head_json":{"title":"Palveluteht\u00e4v\u00e4t ja toimikunnat \u2013 Internet- ja teknologiariippuvaiset Anonyymit","robots":{"index":"index","follow":"follow","max-snippet":"max-snippet:-1","max-image-preview":"max-image-preview:large","max-video-preview":"max-video-preview:-1"},"canonical":"https:\/\/internetaddictsanonymous.org\/fi\/avoimet-palveluspaikat\/","og_locale":"fi_FI","og_type":"article","og_title":"Service Positions and Committees &#8211; Internet and Technology Addicts Anonymous","og_description":"Thank you for your interest in being of service at the fellowship level in ITAA! Service is not only an invaluable tool for our own recoveries, it also helps the entire ITAA fellowship\u2014from newcomers at their first meeting, to old-timers, to the groups, and the fellowship as a whole. Below is a list of our &hellip; Continue reading Service Positions and Committees","og_url":"https:\/\/internetaddictsanonymous.org\/fi\/avoimet-palveluspaikat\/","og_site_name":"Internet and Technology Addicts Anonymous","article_modified_time":"2025-09-14T18:35:18+00:00","twitter_card":"summary_large_image","twitter_misc":{"Arvioitu lukuaika":"5 minuuttia"},"schema":{"@context":"https:\/\/schema.org","@graph":[{"@type":"WebPage","@id":"https:\/\/internetaddictsanonymous.org\/open-service-positions\/","url":"https:\/\/internetaddictsanonymous.org\/open-service-positions\/","name":"Palveluteht\u00e4v\u00e4t ja toimikunnat \u2013 Internet- ja teknologiariippuvaiset Anonyymit","isPartOf":{"@id":"https:\/\/internetaddictsanonymous.org\/#website"},"datePublished":"2020-07-12T07:06:35+00:00","dateModified":"2025-09-14T18:35:18+00:00","breadcrumb":{"@id":"https:\/\/internetaddictsanonymous.org\/open-service-positions\/#breadcrumb"},"inLanguage":"fi","potentialAction":[{"@type":"ReadAction","target":["https:\/\/internetaddictsanonymous.org\/open-service-positions\/"]}]},{"@type":"BreadcrumbList","@id":"https:\/\/internetaddictsanonymous.org\/open-service-positions\/#breadcrumb","itemListElement":[{"@type":"ListItem","position":1,"name":"Home","item":"https:\/\/internetaddictsanonymous.org\/"},{"@type":"ListItem","position":2,"name":"Service Positions and Committees"}]},{"@type":"WebSite","@id":"https:\/\/internetaddictsanonymous.org\/#website","url":"https:\/\/internetaddictsanonymous.org\/","name":"Nimett\u00f6m\u00e4t internetin ja teknologian ongelmak\u00e4ytt\u00e4j\u00e4t","description":"Maailmanlaajuinen 12 askeleen yhteis\u00f6 Internet- ja teknologiariippuvuutta varten","publisher":{"@id":"https:\/\/internetaddictsanonymous.org\/#organization"},"potentialAction":[{"@type":"SearchAction","target":{"@type":"EntryPoint","urlTemplate":"https:\/\/internetaddictsanonymous.org\/?s={search_term_string}"},"query-input":{"@type":"PropertyValueSpecification","valueRequired":true,"valueName":"search_term_string"}}],"inLanguage":"fi"},{"@type":"Organization","@id":"https:\/\/internetaddictsanonymous.org\/#organization","name":"Nimett\u00f6m\u00e4t internetin ja teknologian ongelmak\u00e4ytt\u00e4j\u00e4t","url":"https:\/\/internetaddictsanonymous.org\/","logo":{"@type":"ImageObject","inLanguage":"fi","@id":"https:\/\/internetaddictsanonymous.org\/#\/schema\/logo\/image\/","url":"https:\/\/internetaddictsanonymous.org\/wp-content\/uploads\/2023\/01\/cropped-ITAA-logo-480px.png","contentUrl":"https:\/\/internetaddictsanonymous.org\/wp-content\/uploads\/2023\/01\/cropped-ITAA-logo-480px.png","width":480,"height":480,"caption":"Internet and Technology Addicts Anonymous"},"image":{"@id":"https:\/\/internetaddictsanonymous.org\/#\/schema\/logo\/image\/"}}]}},"jetpack_sharing_enabled":true,"jetpack_shortlink":"https:\/\/wp.me\/P9Fwob-2X2","_links":{"self":[{"href":"https:\/\/internetaddictsanonymous.org\/fi\/wp-json\/wp\/v2\/pages\/11348","targetHints":{"allow":["GET"]}}],"collection":[{"href":"https:\/\/internetaddictsanonymous.org\/fi\/wp-json\/wp\/v2\/pages"}],"about":[{"href":"https:\/\/internetaddictsanonymous.org\/fi\/wp-json\/wp\/v2\/types\/page"}],"author":[{"embeddable":true,"href":"https:\/\/internetaddictsanonymous.org\/fi\/wp-json\/wp\/v2\/users\/35194237"}],"replies":[{"embeddable":true,"href":"https:\/\/internetaddictsanonymous.org\/fi\/wp-json\/wp\/v2\/comments?post=11348"}],"version-history":[{"count":99,"href":"https:\/\/internetaddictsanonymous.org\/fi\/wp-json\/wp\/v2\/pages\/11348\/revisions"}],"predecessor-version":[{"id":20440,"href":"https:\/\/internetaddictsanonymous.org\/fi\/wp-json\/wp\/v2\/pages\/11348\/revisions\/20440"}],"wp:attachment":[{"href":"https:\/\/internetaddictsanonymous.org\/fi\/wp-json\/wp\/v2\/media?parent=11348"}],"wp:term":[{"taxonomy":"post_tag","embeddable":true,"href":"https:\/\/internetaddictsanonymous.org\/fi\/wp-json\/wp\/v2\/tags?post=11348"}],"curies":[{"name":"wp","href":"https:\/\/api.w.org\/{rel}","templated":true}]}}