{"id":11546,"date":"2020-08-09T09:08:29","date_gmt":"2020-08-09T09:08:29","guid":{"rendered":"https:\/\/internetaddictsanonymous.org\/?page_id=11546"},"modified":"2023-01-08T17:20:27","modified_gmt":"2023-01-08T22:20:27","slug":"esteettomyys","status":"publish","type":"page","link":"https:\/\/internetaddictsanonymous.org\/fi\/accessibility\/","title":{"rendered":"Esteett\u00f6myys"},"content":{"rendered":"<p>Kolmannen perinteemme mukaan ainoa j\u00e4senyysvaatimus on halu lopettaa internetin ja teknologian pakonomaisen k\u00e4yt\u00f6n, ja ITAA kokonaisuudessaan toivottaa tervetulleiksi kuurot internet-addiktit, jotka tarvitsevat ohjelmaamme. ITAA kannustaa kaikkia viittomakielen tulkkausta tarvitsevia osallistumaan kokouksiin (sek\u00e4 avoimiin ett\u00e4 suljettuihin) tulkkinsa kanssa. Ennen kokouksen alkua voit tarkistaa kokouksen puheenjohtajalta, onko kokouksessa mukana olevan ei-addiktoidun tulkin l\u00e4sn\u00e4oloon liittyvi\u00e4 ongelmia. Ryhm\u00e4n on ehk\u00e4 sovittava, ett\u00e4 kaikki muut l\u00e4sn\u00e4olijat tuntevat olonsa turvalliseksi t\u00e4m\u00e4n suhteen. <\/p>\n\n\n\n<p>Kuka tahansa voi aloittaa kokouksen, ja me tuemme uuden viittomakielisen kokouksen perustamista. <\/p>\n\n\n\n<p>Jos sinulla on kysytt\u00e4v\u00e4\u00e4 esteett\u00f6myydest\u00e4, kokouksista tai uuden kokouksen aloittamisesta, kirjoita meille s\u00e4hk\u00f6postitse osoitteeseemme <a href=\"https:\/\/internetaddictsanonymous.org\/fi\/yhteystiedot\/\">yhteydenottolomake<\/a>.<\/p>\n<!-- PMB print buttons is only displayed on a single post\/page URLs-->","protected":false},"excerpt":{"rendered":"<p>Kolmannen perinteemme mukaan ainoa j\u00e4senyysvaatimus on halu lopettaa internetin ja teknologian pakonomaisen k\u00e4yt\u00f6n, ja ITAA kokonaisuudessaan toivottaa tervetulleiksi kuurot internet-addiktit, jotka tarvitsevat ohjelmaamme. ITAA kannustaa kaikkia viittomakielen tulkkausta tarvitsevia osallistumaan kokouksiin (sek\u00e4 avoimiin ett\u00e4 suljettuihin) tulkkinsa kanssa. Ennen kokouksen alkua... <a href=\"https:\/\/internetaddictsanonymous.org\/fi\/accessibility\/\" class=\"more-link\">Jatka lukemista <span class=\"screen-reader-text\">Esteett\u00f6myys<\/span><\/a><\/p>","protected":false},"author":35194237,"featured_media":0,"parent":0,"menu_order":0,"comment_status":"closed","ping_status":"closed","template":"full-width-page.php","meta":{"inline_featured_image":false,"_lmt_disableupdate":"","_lmt_disable":"","footnotes":""},"tags":[],"class_list":["post-11546","page","type-page","status-publish","hentry"],"yoast_head":"<!-- This site is optimized with the Yoast SEO plugin v27.5 - https:\/\/yoast.com\/product\/yoast-seo-wordpress\/ -->\n<title>Accessibility &#8211; Internet and Technology Addicts Anonymous<\/title>\n<meta name=\"robots\" content=\"index, follow, max-snippet:-1, max-image-preview:large, max-video-preview:-1\" \/>\n<link rel=\"canonical\" href=\"https:\/\/internetaddictsanonymous.org\/fi\/esteettomyys\/\" \/>\n<meta property=\"og:locale\" content=\"fi_FI\" \/>\n<meta property=\"og:type\" content=\"article\" \/>\n<meta property=\"og:title\" content=\"Accessibility &#8211; Internet and Technology Addicts Anonymous\" \/>\n<meta property=\"og:description\" content=\"Our third tradition states that our only requirement for membership is the desire to stop using internet and technology compulsively, and ITAA as a whole welcomes Deaf internet addicts who need our program. ITAA encourages anyone who requires sign language interpretation to attend meetings (whether open or closed) with their interpreter. Before the meeting starts, &hellip; Continue reading Accessibility\" \/>\n<meta property=\"og:url\" content=\"https:\/\/internetaddictsanonymous.org\/fi\/esteettomyys\/\" \/>\n<meta property=\"og:site_name\" content=\"Internet and Technology Addicts Anonymous\" \/>\n<meta property=\"article:modified_time\" content=\"2023-01-08T22:20:27+00:00\" \/>\n<meta name=\"twitter:card\" content=\"summary_large_image\" \/>\n<meta name=\"twitter:label1\" content=\"Arvioitu lukuaika\" \/>\n\t<meta name=\"twitter:data1\" content=\"1 minuutti\" \/>\n<script type=\"application\/ld+json\" class=\"yoast-schema-graph\">{\"@context\":\"https:\\\/\\\/schema.org\",\"@graph\":[{\"@type\":\"WebPage\",\"@id\":\"https:\\\/\\\/internetaddictsanonymous.org\\\/accessibility\\\/\",\"url\":\"https:\\\/\\\/internetaddictsanonymous.org\\\/accessibility\\\/\",\"name\":\"Accessibility &#8211; Internet and Technology Addicts Anonymous\",\"isPartOf\":{\"@id\":\"https:\\\/\\\/internetaddictsanonymous.org\\\/#website\"},\"datePublished\":\"2020-08-09T09:08:29+00:00\",\"dateModified\":\"2023-01-08T22:20:27+00:00\",\"breadcrumb\":{\"@id\":\"https:\\\/\\\/internetaddictsanonymous.org\\\/accessibility\\\/#breadcrumb\"},\"inLanguage\":\"fi\",\"potentialAction\":[{\"@type\":\"ReadAction\",\"target\":[\"https:\\\/\\\/internetaddictsanonymous.org\\\/accessibility\\\/\"]}]},{\"@type\":\"BreadcrumbList\",\"@id\":\"https:\\\/\\\/internetaddictsanonymous.org\\\/accessibility\\\/#breadcrumb\",\"itemListElement\":[{\"@type\":\"ListItem\",\"position\":1,\"name\":\"Home\",\"item\":\"https:\\\/\\\/internetaddictsanonymous.org\\\/\"},{\"@type\":\"ListItem\",\"position\":2,\"name\":\"Accessibility\"}]},{\"@type\":\"WebSite\",\"@id\":\"https:\\\/\\\/internetaddictsanonymous.org\\\/#website\",\"url\":\"https:\\\/\\\/internetaddictsanonymous.org\\\/\",\"name\":\"Internet and Technology Addicts Anonymous\",\"description\":\"Worldwide 12-step Fellowship for Internet and Technology Addiction\",\"publisher\":{\"@id\":\"https:\\\/\\\/internetaddictsanonymous.org\\\/#organization\"},\"potentialAction\":[{\"@type\":\"SearchAction\",\"target\":{\"@type\":\"EntryPoint\",\"urlTemplate\":\"https:\\\/\\\/internetaddictsanonymous.org\\\/?s={search_term_string}\"},\"query-input\":{\"@type\":\"PropertyValueSpecification\",\"valueRequired\":true,\"valueName\":\"search_term_string\"}}],\"inLanguage\":\"fi\"},{\"@type\":\"Organization\",\"@id\":\"https:\\\/\\\/internetaddictsanonymous.org\\\/#organization\",\"name\":\"Internet and Technology Addicts Anonymous\",\"url\":\"https:\\\/\\\/internetaddictsanonymous.org\\\/\",\"logo\":{\"@type\":\"ImageObject\",\"inLanguage\":\"fi\",\"@id\":\"https:\\\/\\\/internetaddictsanonymous.org\\\/#\\\/schema\\\/logo\\\/image\\\/\",\"url\":\"https:\\\/\\\/internetaddictsanonymous.org\\\/wp-content\\\/uploads\\\/2023\\\/01\\\/cropped-ITAA-logo-480px.png\",\"contentUrl\":\"https:\\\/\\\/internetaddictsanonymous.org\\\/wp-content\\\/uploads\\\/2023\\\/01\\\/cropped-ITAA-logo-480px.png\",\"width\":480,\"height\":480,\"caption\":\"Internet and Technology Addicts Anonymous\"},\"image\":{\"@id\":\"https:\\\/\\\/internetaddictsanonymous.org\\\/#\\\/schema\\\/logo\\\/image\\\/\"}}]}<\/script>\n<!-- \/ Yoast SEO plugin. -->","yoast_head_json":{"title":"Saavutettavuus \u2013 Internet- ja teknologiariippuvaiset Anonyymit","robots":{"index":"index","follow":"follow","max-snippet":"max-snippet:-1","max-image-preview":"max-image-preview:large","max-video-preview":"max-video-preview:-1"},"canonical":"https:\/\/internetaddictsanonymous.org\/fi\/esteettomyys\/","og_locale":"fi_FI","og_type":"article","og_title":"Accessibility &#8211; Internet and Technology Addicts Anonymous","og_description":"Our third tradition states that our only requirement for membership is the desire to stop using internet and technology compulsively, and ITAA as a whole welcomes Deaf internet addicts who need our program. ITAA encourages anyone who requires sign language interpretation to attend meetings (whether open or closed) with their interpreter. Before the meeting starts, &hellip; Continue reading Accessibility","og_url":"https:\/\/internetaddictsanonymous.org\/fi\/esteettomyys\/","og_site_name":"Internet and Technology Addicts Anonymous","article_modified_time":"2023-01-08T22:20:27+00:00","twitter_card":"summary_large_image","twitter_misc":{"Arvioitu lukuaika":"1 minuutti"},"schema":{"@context":"https:\/\/schema.org","@graph":[{"@type":"WebPage","@id":"https:\/\/internetaddictsanonymous.org\/accessibility\/","url":"https:\/\/internetaddictsanonymous.org\/accessibility\/","name":"Saavutettavuus \u2013 Internet- ja teknologiariippuvaiset Anonyymit","isPartOf":{"@id":"https:\/\/internetaddictsanonymous.org\/#website"},"datePublished":"2020-08-09T09:08:29+00:00","dateModified":"2023-01-08T22:20:27+00:00","breadcrumb":{"@id":"https:\/\/internetaddictsanonymous.org\/accessibility\/#breadcrumb"},"inLanguage":"fi","potentialAction":[{"@type":"ReadAction","target":["https:\/\/internetaddictsanonymous.org\/accessibility\/"]}]},{"@type":"BreadcrumbList","@id":"https:\/\/internetaddictsanonymous.org\/accessibility\/#breadcrumb","itemListElement":[{"@type":"ListItem","position":1,"name":"Home","item":"https:\/\/internetaddictsanonymous.org\/"},{"@type":"ListItem","position":2,"name":"Accessibility"}]},{"@type":"WebSite","@id":"https:\/\/internetaddictsanonymous.org\/#website","url":"https:\/\/internetaddictsanonymous.org\/","name":"Nimett\u00f6m\u00e4t internetin ja teknologian ongelmak\u00e4ytt\u00e4j\u00e4t","description":"Maailmanlaajuinen 12 askeleen yhteis\u00f6 Internet- ja teknologiariippuvuutta varten","publisher":{"@id":"https:\/\/internetaddictsanonymous.org\/#organization"},"potentialAction":[{"@type":"SearchAction","target":{"@type":"EntryPoint","urlTemplate":"https:\/\/internetaddictsanonymous.org\/?s={search_term_string}"},"query-input":{"@type":"PropertyValueSpecification","valueRequired":true,"valueName":"search_term_string"}}],"inLanguage":"fi"},{"@type":"Organization","@id":"https:\/\/internetaddictsanonymous.org\/#organization","name":"Nimett\u00f6m\u00e4t internetin ja teknologian ongelmak\u00e4ytt\u00e4j\u00e4t","url":"https:\/\/internetaddictsanonymous.org\/","logo":{"@type":"ImageObject","inLanguage":"fi","@id":"https:\/\/internetaddictsanonymous.org\/#\/schema\/logo\/image\/","url":"https:\/\/internetaddictsanonymous.org\/wp-content\/uploads\/2023\/01\/cropped-ITAA-logo-480px.png","contentUrl":"https:\/\/internetaddictsanonymous.org\/wp-content\/uploads\/2023\/01\/cropped-ITAA-logo-480px.png","width":480,"height":480,"caption":"Internet and Technology Addicts Anonymous"},"image":{"@id":"https:\/\/internetaddictsanonymous.org\/#\/schema\/logo\/image\/"}}]}},"jetpack_sharing_enabled":true,"jetpack_shortlink":"https:\/\/wp.me\/P9Fwob-30e","_links":{"self":[{"href":"https:\/\/internetaddictsanonymous.org\/fi\/wp-json\/wp\/v2\/pages\/11546","targetHints":{"allow":["GET"]}}],"collection":[{"href":"https:\/\/internetaddictsanonymous.org\/fi\/wp-json\/wp\/v2\/pages"}],"about":[{"href":"https:\/\/internetaddictsanonymous.org\/fi\/wp-json\/wp\/v2\/types\/page"}],"author":[{"embeddable":true,"href":"https:\/\/internetaddictsanonymous.org\/fi\/wp-json\/wp\/v2\/users\/35194237"}],"replies":[{"embeddable":true,"href":"https:\/\/internetaddictsanonymous.org\/fi\/wp-json\/wp\/v2\/comments?post=11546"}],"version-history":[{"count":4,"href":"https:\/\/internetaddictsanonymous.org\/fi\/wp-json\/wp\/v2\/pages\/11546\/revisions"}],"predecessor-version":[{"id":12028,"href":"https:\/\/internetaddictsanonymous.org\/fi\/wp-json\/wp\/v2\/pages\/11546\/revisions\/12028"}],"wp:attachment":[{"href":"https:\/\/internetaddictsanonymous.org\/fi\/wp-json\/wp\/v2\/media?parent=11546"}],"wp:term":[{"taxonomy":"post_tag","embeddable":true,"href":"https:\/\/internetaddictsanonymous.org\/fi\/wp-json\/wp\/v2\/tags?post=11546"}],"curies":[{"name":"wp","href":"https:\/\/api.w.org\/{rel}","templated":true}]}}