{"id":12843,"date":"2021-04-18T11:14:38","date_gmt":"2021-04-18T11:14:38","guid":{"rendered":"https:\/\/internetaddictsanonymous.org\/?page_id=12843"},"modified":"2026-01-18T12:20:20","modified_gmt":"2026-01-18T20:20:20","slug":"opas-etsiviin-puheluihin-itaassa","status":"publish","type":"page","link":"https:\/\/internetaddictsanonymous.org\/fi\/a-guide-to-outreach-calls-in-itaa\/","title":{"rendered":"Outreach-puheluiden tekeminen"},"content":{"rendered":"<h3 class=\"wp-block-heading\">Mik\u00e4 on ulkoinen puhelu?<\/h3>\n\n\n\n<p>Ulkoistuspuhelut ovat vain tapa olla yhteydess\u00e4 muihin ITAA:n j\u00e4seniin henkil\u00f6kohtaisesti. He ovat sit\u00e4, mit\u00e4 sin\u00e4 heist\u00e4 teet. Ulkoistuspuhelut ovat loistava tapa laajentaa verkostoasi ITAA:n sis\u00e4ll\u00e4, oppia muilta j\u00e4senilt\u00e4, jakaa kokemuksiasi, pysy\u00e4 yhteydess\u00e4 ohjelmaan, saada\/tarjota tukea vaikeina hetkin\u00e4 ja muistaa, ettet ole yksin.<\/p>\n\n\n\n<p>Ihmisill\u00e4 on monia eri syit\u00e4 pyyt\u00e4\u00e4 yhteydenottoa. Joitakin niist\u00e4 ovat:<\/p>\n\n\n\n<ul class=\"wp-block-list\">\n<li>He huomaavat olevansa vaikeassa hetkess\u00e4 tai jopa retkahduksen partaalla ja etsiv\u00e4t yhteytt\u00e4 sen sijaan, ett\u00e4 toimisivat ulosp\u00e4in.<\/li>\n\n\n\n<li>He etsiv\u00e4t ulkopuolista n\u00e4k\u00f6kulmaa tai neuvoja kohtaamaansa tilanteeseen tai tiettyyn vaiheeseen, jonka parissa he ty\u00f6skentelev\u00e4t.<\/li>\n\n\n\n<li>He &quot;varaavat&quot; aktiviteetin ilmaisemalla aikomuksensa toiselle j\u00e4senelle \u00e4\u00e4neen (&quot;Tutkin asiaa XY 20 minuuttia ja suljen sitten kannettavani&quot;) ja mahdollisesti jatkavat asian k\u00e4sittely\u00e4 j\u00e4lkik\u00e4teen.<\/li>\n\n\n\n<li>Mit\u00e4\u00e4n ei tapahtunut sill\u00e4 hetkell\u00e4, mutta he tekev\u00e4t avustusty\u00f6t\u00e4 pikemminkin &quot;s\u00e4\u00e4nn\u00f6llisen\u00e4 teht\u00e4v\u00e4n\u00e4&quot;, joka pit\u00e4\u00e4 heid\u00e4t yhteydess\u00e4 ohjelmaan \u2013 monet ihmiset kokevat hy\u00f6dylliseksi sitoutua tekem\u00e4\u00e4n yhden (tai useamman) avustuspuhelun joka p\u00e4iv\u00e4 olosuhteista riippumatta.<\/li>\n<\/ul>\n\n\n\n<p>Usein ihmiset, jotka ovat uusia kentt\u00e4puheluiden tekemisess\u00e4, ovat huolissaan siit\u00e4, ett\u00e4 he &quot;ovat taakaksi&quot; \u2013 sinun ei tarvitse huolehtia. Kun pyyd\u00e4t kentt\u00e4puhelua, voit olla varma, ett\u00e4 toinen henkil\u00f6 saa puhelusta yht\u00e4 paljon (ellei enemm\u00e4n) kuin sin\u00e4kin. Et koskaan tied\u00e4, mit\u00e4 he k\u00e4yv\u00e4t l\u00e4pi juuri nyt ja miten kentt\u00e4puhelun vastaanottaminen voisi auttaa heit\u00e4. Kent\u00e4puheluiden antaminen ja vastaanottaminen vahvistavat molempia osapuolia.<\/p>\n\n\n\n<h3 class=\"wp-block-heading\">Ulkopuolisen puhelun etiketti<\/h3>\n\n\n\n<p>Ulkoistamispuheluita on monenlaisia \u2013 niille ei ole oikeaa tai v\u00e4\u00e4r\u00e4\u00e4 tapaa. Kysy vain, mit\u00e4 tarvitset sill\u00e4 hetkell\u00e4.&nbsp;<\/p>\n\n\n\n<p>Joitakin yleisi\u00e4 etsint\u00e4puhelumuotoja ovat:<\/p>\n\n\n\n<ul class=\"wp-block-list\">\n<li><strong>3\/3<\/strong> (tai 4\/4 jne.): molemmat osapuolet puhuvat 3 (4\u2026) minuuttia kukin per\u00e4kk\u00e4in, aivan kuin jakaisit puheen kokouksessa. Joskus ihmiset asettavat nimenomaisesti ajastimen ja antavat noin minuutin varoituksen.&nbsp;<\/li>\n\n\n\n<li><strong>3\/3 palautetta<\/strong>molemmat osapuolet puhuvat 3 minuuttia kukin, mutta &quot;keskin\u00e4ist\u00e4 keskustelua&quot; toivotaan, ja keskustelujen j\u00e4lkeen on pohdinta-\/palaute-\/kysymysten esitt\u00e4misaika&nbsp;<\/li>\n\n\n\n<li><strong>\u201c&quot;avoimet&quot; puhelut<\/strong>Kuten tavallisessa keskustelussa, puhut vain ja katsot, mihin se sinut vie!<\/li>\n\n\n\n<li><strong>\u201cTeemallinen\u201d tiedotuspuhelu:<\/strong> henkil\u00f6ll\u00e4 voi olla tietty tavoite, esimerkiksi saada neuvoja harkitsemaansa hyvitykseen, pit\u00e4\u00e4 yhteinen rukous, pyyt\u00e4\u00e4 neuvoja tietyst\u00e4 vaiheesta jne.<\/li>\n<\/ul>\n\n\n\n<p>Mik\u00e4\u00e4n n\u00e4ist\u00e4 formaateista ei ole parempi tai huonompi kuin toiset, ne ovat vain erilaisia, ja saatat huomata pit\u00e4v\u00e4si joistakin toisista enemm\u00e4n eri tilanteissa. Voit tiedotuspyynn\u00f6ss\u00e4si kertoa tarkasti, mit\u00e4 etsit \u2013 t\u00e4m\u00e4 konteksti auttaa muita tutkijaryhmi\u00e4 n\u00e4kem\u00e4\u00e4n esimerkiksi, onko heill\u00e4 juuri nyt riitt\u00e4v\u00e4sti vapaata aikaa vastata.<\/p>\n\n\n\n<p>Hyv\u00e4t etikettiohjeet, jotka kannattaa pit\u00e4\u00e4 mieless\u00e4:<\/p>\n\n\n\n<ul class=\"wp-block-list\">\n<li>On hyv\u00e4 tapa kysy\u00e4 toisen henkil\u00f6n aikarajoista (onko h\u00e4nell\u00e4 5? 15? 45 minuuttia?) ulkopuhelun alussa, jotta voimme antaa kontekstia.<\/li>\n\n\n\n<li>Ota huomioon aikavy\u00f6hykkeet \/ henkil\u00f6kohtaiset mieltymykset. Jotkut j\u00e4senet haluavat mieluummin tekstiviestin ennen soittamista, toiset taas haluavat vain vastaanottaa puhelun, kunhan se on ennen tietty\u00e4 kellonaikaa. Useimmat ihmiset ilmoittavat mieltymyksens\u00e4 ja aikavy\u00f6hykkeens\u00e4 antaessaan numeronsa, mutta niiden tarkistaminen ei koskaan ole pahitteeksi.<\/li>\n\n\n\n<li>Yleens\u00e4 on hyv\u00e4 kysy\u00e4, onko joku avoin palautteelle tai neuvoille, ennen kuin antaa kumpaakaan. Ehk\u00e4 henkil\u00f6 halusi vain jakaa ajatuksiaan ja tulla kuulluksi. &quot;Haluaisitko mieluummin, ett\u00e4 vain kuuntelen, vai haluaisitko mieluummin, ett\u00e4 annan palautetta?&quot; \/ &quot;Oletko avoin kuulemaan, miten n\u00e4kemyksesi resonoi minuun?&quot; tai vastaavat kysymykset voivat olla hy\u00f6dyllisi\u00e4. Kunnioita toisen henkil\u00f6n valintaa.<\/li>\n\n\n\n<li>Puhelun lopettaminen tai jopa jonkun keskeytt\u00e4minen, koska sinun on ment\u00e4v\u00e4, ei ole ep\u00e4kohteliasta, kunhan teet sen yst\u00e4v\u00e4llisesti. Se on t\u00e4rke\u00e4 osa sit\u00e4, ett\u00e4 tunnistat ja kunnioitat omia ratojasi ja aikarajoituksiasi.&nbsp;<\/li>\n\n\n\n<li>Samoin yrit\u00e4 olla ottamatta sit\u00e4 henkil\u00f6kohtaisesti, kun joku ei vastaa tai lopettaa puhelun aikaisemmin kuin toivoit. He vain yritt\u00e4v\u00e4t huolehtia omista tarpeistaan \u2013 kiit\u00e4 heit\u00e4 rajojen selke\u00e4st\u00e4 viestimisest\u00e4. Jos ensimm\u00e4inen henkil\u00f6 ei vastaa, kokeile vain jotakuta toista. Ajan my\u00f6t\u00e4 keskity ihmisiin, joihin voit luottaa.<\/li>\n\n\n\n<li>Jos pyyd\u00e4t yhteydenottoa julkisen kanavan, kuten WhatsApp-ryhm\u00e4n, kautta, on kohteliasta ottaa yhteytt\u00e4, kun olet l\u00f6yt\u00e4nyt jonkun, jotta ihmiset tiet\u00e4v\u00e4t, ett\u00e4 olet hyv\u00e4 \u2013 nopea &quot;L\u00f6ysin jonkun! Kiitos!&quot; tai vastaava riitt\u00e4\u00e4.<\/li>\n\n\n\n<li>Kun vastaat yhteydenottopyynt\u00f6\u00f6n WhatsApp-ryhm\u00e4ss\u00e4, julkaise viesti, ett\u00e4 vastaat, ja soita sitten suoraan yhteydenottopyynn\u00f6n esitt\u00e4j\u00e4lle. N\u00e4in pyyt\u00e4j\u00e4n ei tarvitse tarkistaa vastauksia viestiketjusta ja muut tiet\u00e4v\u00e4t, ett\u00e4 pyynt\u00f6\u00f6n on vastattu.<\/li>\n<\/ul>\n\n\n\n<h3 class=\"wp-block-heading\">Turvallisuus ulkomaanpuheluissa<\/h3>\n\n\n\n<p>Valtaosa etsint\u00e4puheluista on hyvi\u00e4, hy\u00f6dyllisi\u00e4 ja tukevia kokemuksia molemmille osapuolille. On kuitenkin mahdollista, ett\u00e4 vuorovaikutustilanne voi olla negatiivinen. On t\u00e4rke\u00e4\u00e4, ett\u00e4 kahdentoista askeleen ohjelmat ovat turvallisia tiloja kaikille. Niit\u00e4 ei tule k\u00e4ytt\u00e4\u00e4 deittikumppanien l\u00f6yt\u00e4miseen tai muiden k\u00e4ytt\u00e4miseen manipulointiin tai saalistustarkoituksiin. Luonteeltaan ep\u00e4sopivat kommentit ovat sopimattomia, eik\u00e4 flirttailua suositella. Jos sinusta tuntuu, ett\u00e4 joku on ylitt\u00e4nyt rajan tai rikkonut jonkin alla luetelluista rajoista, pyyd\u00e4 tukea muilta j\u00e4senilt\u00e4 tai ilmoita kokemuksistasi ryhm\u00e4si vet\u00e4jille. Suojele omia tarpeitasi, yksityisyytt\u00e4si ja turvallisuuttasi. T\u00e4m\u00e4 sis\u00e4lt\u00e4\u00e4 seuraavat asiat:<\/p>\n\n\n\n<ul class=\"wp-block-list\">\n<li>Sinun ei ole koskaan pakko vastata puheluun, jos et halua, edes tuttujen j\u00e4senten kanssa.<\/li>\n\n\n\n<li>Jos joku pyyt\u00e4\u00e4 videopuhelua ja se tekee olosi ep\u00e4mukavaksi, \u00e4l\u00e4 ep\u00e4r\u00f6i kielt\u00e4yty\u00e4 pyynn\u00f6st\u00e4. Emme suosittele pyyt\u00e4m\u00e4tt\u00f6mi\u00e4 videopuheluita ilman, ett\u00e4 ensin luodaan suhde henkil\u00f6\u00f6n. Videopuhelut eiv\u00e4t ole v\u00e4ltt\u00e4m\u00e4tt\u00f6mi\u00e4 tukeville keskusteluille.<\/li>\n\n\n\n<li>Yksityisyytesi suojaamiseksi viestisovelluksissa suosittelemme n\u00e4ytt\u00e4m\u00e4\u00e4n vain etunimesi. WhatsAppissa voit my\u00f6s muuttaa yksityisyysasetuksia niin, ett\u00e4 profiilikuvasi n\u00e4kyy vain tallennetuille yhteystiedoille.<\/li>\n\n\n\n<li>M\u00e4\u00e4rittele ja ilmaise kohteliaasti omat rajasi. Niiss\u00e4 pysyminen ei ole t\u00f6yke\u00e4\u00e4, itsek\u00e4st\u00e4 tai ep\u00e4yst\u00e4v\u00e4llist\u00e4. P\u00e4invastoin, omista tarpeista huolehtiminen on t\u00e4rke\u00e4 osa sellaisen yhteis\u00f6n rakentamista, jossa kaikki tuntevat olonsa turvalliseksi ja tervetulleeksi.<\/li>\n\n\n\n<li>Voit lopettaa puhelun (vaikka se tarkoittaisikin toisen henkil\u00f6n keskeytt\u00e4mist\u00e4) milloin tahansa. &quot;Anteeksi keskeytys, mutta minun on nyt lopetettava t\u00e4m\u00e4 keskustelu&quot; on hyv\u00e4 tapa tehd\u00e4 se. Aikarajojen selke\u00e4 ilmoittaminen puhelun alussa voi auttaa (esimerkiksi kymmenen minuutin raja).<\/li>\n\n\n\n<li>Jos yhteydenpito jonkun kanssa vaikuttaa toipumiseesi negatiivisesti, kannustamme sinua kertomaan rajasi. Voit my\u00f6s milloin tahansa vapaasti kielt\u00e4yty\u00e4, j\u00e4tt\u00e4\u00e4 huomiotta tai est\u00e4\u00e4 heid\u00e4n puhelunsa ja viestins\u00e4.<\/li>\n\n\n\n<li>Sinun ei tarvitse kantaa jonkun pelastajan tai Korkeamman Voiman taakkaa. Et ole siell\u00e4 ratkaisemassa muiden ihmisten ongelmia, etk\u00e4 kanna vastuuta muiden ihmisten teoista. Jos et tunne pystyv\u00e4si pit\u00e4m\u00e4\u00e4n tilaa jonkun jakamiselle, voit ilmaista t\u00e4m\u00e4n h\u00e4nelle esimerkiksi: &quot;Kiitos, ett\u00e4 jaoit ajatuksesi, ymm\u00e4rr\u00e4n sinua. Haluan kertoa sinulle, ett\u00e4 tunnen olevani emotionaalisesti kapasiteettini rajoissa enk\u00e4 tunne pystyv\u00e4ni pit\u00e4m\u00e4\u00e4n tilaa t\u00e4m\u00e4n aiheen enemp\u00e4\u00e4n keskustelemiselle.&quot;\u201c<\/li>\n\n\n\n<li>Ulkopuoliset puhelut eiv\u00e4t ole yksisuuntaista monologia tai tekosyy asioiden hylk\u00e4\u00e4miselle. Molemmilla osapuolilla tulisi olla mahdollisuus jakaa kokemuksiaan.<\/li>\n\n\n\n<li>Toisen henkil\u00f6n yksityisyyden ja anonymiteetin kunnioittaminen luo turvallisen tilan jakamiselle. Anonymiteetin rikkominen ja tietojen jakaminen toisen luotettavan j\u00e4senen kanssa on sopivaa vain silloin, kun joku on vaaraksi muille.<\/li>\n\n\n\n<li>\u00c4l\u00e4 kysy sellaisten yksityiskohtien tunnistamisesta, jotka eiv\u00e4t ole olennaisia puhelun kannalta, \u00e4l\u00e4k\u00e4 painosta muita paljastamaan itsest\u00e4\u00e4n tietoja, jotka he haluavat pit\u00e4\u00e4 yksityisin\u00e4.<\/li>\n\n\n\n<li>Kahdentoista askeleen ohjelmissa &quot;kolmattatoista askelta&quot; pidet\u00e4\u00e4n toisen toipuvan henkil\u00f6n, erityisesti tulokkaan, manipulointina seksuaaliseen tai romanttiseen suhteeseen. T\u00e4llainen k\u00e4yt\u00f6s on sopimatonta ja sit\u00e4 ei suositella t\u00e4ysin ITAA:ssa. Kannustamme tulokkaita v\u00e4ltt\u00e4m\u00e4\u00e4n ty\u00f6skentely\u00e4 kummien kanssa tai etsivien puhelinyhteyksien luomista j\u00e4senten kanssa, joihin saatamme kehitt\u00e4\u00e4 seksuaalista tai romanttista vetovoimaa. Jos koet olevasi sopimattoman tai ei-toivotun seksuaalisen tai romanttisen huomion kohteena, keskustele siit\u00e4 luotettavan j\u00e4senen kanssa \u2013 anonymiteetti ja luottamuksellisuus eiv\u00e4t ole verukkeita sopimattomalle k\u00e4yt\u00f6kselle.<\/li>\n<\/ul>\n\n\n\n<p>Lis\u00e4tietoja sopimattomaan k\u00e4yt\u00f6kseen reagoimisesta saat tutustumalla <a href=\"https:\/\/internetaddictsanonymous.org\/fi\/turvallisuus-itaaassa\/\">ITAA:n turvallisuusopas<\/a>.<\/p>\n\n\n\n<h3 class=\"wp-block-heading\">V\u00e4\u00e4rink\u00e4yt\u00f6sten tunnistaminen ja mit\u00e4 tehd\u00e4<\/h3>\n\n\n\n<p>J\u00e4senill\u00e4mme on oikeus tuntea olonsa turvalliseksi kokouksissa, ty\u00f6ss\u00e4 ja palveluissa. V\u00e4kivalta ja hyv\u00e4ksik\u00e4ytt\u00f6 kaikissa muodoissaan ovat kiellettyj\u00e4. <a href=\"https:\/\/internetaddictsanonymous.org\/fi\/turvallisuus-itaaassa\/\">ei suvaitse<\/a> ITAA:ssa. Ota yhteytt\u00e4 ryhm\u00e4njohtajiisi, jos koet jonkin seuraavista:<\/p>\n\n\n\n<ul class=\"wp-block-list\">\n<li>Lupaukset asunnosta, sponsoroinnista, rahasta, ruoasta tai muista yst\u00e4v\u00e4llisist\u00e4 teoista vastineeksi romanttisesta tai seksuaalisesta suhteesta.&nbsp;<\/li>\n\n\n\n<li>Pakkosy\u00f6tetty tai jatkuva imartelu, jota usein seuraa v\u00e4litt\u00f6m\u00e4sti pakotettu tuomitseminen tai kielteiset mielipiteet.&nbsp;<\/li>\n\n\n\n<li>Fyysisen tai henkil\u00f6kohtaisen tilan kavaltaminen, erityisesti suullisen pyynn\u00f6n j\u00e4lkeen tilan s\u00e4ilytt\u00e4misest\u00e4. T\u00e4m\u00e4 voi sis\u00e4lt\u00e4\u00e4 vaatimuksen, ett\u00e4 joku n\u00e4ytt\u00e4\u00e4 huoneesi\/talosi virtuaalisesti.<\/li>\n\n\n\n<li>Seksuaaliset tai flirttailevat kommentit tai kysymykset, jotka on suunnattu muille j\u00e4senille.<\/li>\n\n\n\n<li>Henkil\u00f6kohtaisten tietojen, jotka eiv\u00e4t ole olennaisia internetriippuvuudesta toipumisen kannalta, kuten asuinpaikka, ik\u00e4, ammatti jne., kysyminen, varsinkin ennen kuin heihin luodaan suhde.&nbsp;<\/li>\n\n\n\n<li>Syrjint\u00e4 rodun, vammaisuuden, uskonnon, etnisen alkuper\u00e4n, seksuaalisen suuntautumisen, sukupuolen, i\u00e4n, sosioekonomisen aseman, ulkon\u00e4\u00f6n jne. perusteella.<\/li>\n\n\n\n<li>Vainoaminen, johon kuuluu ei-toivottua huomiota, toistuvaa viestittely\u00e4, soittamista tai toisen henkil\u00f6n tietojen etsimist\u00e4 verkosta.<\/li>\n\n\n\n<li>Uhkailu, pelottelu tai kiusaaminen.<\/li>\n\n\n\n<li>Painostaa muita j\u00e4seni\u00e4 hyv\u00e4ksym\u00e4\u00e4n tiettyj\u00e4 n\u00e4k\u00f6kulmia.&nbsp;<\/li>\n\n\n\n<li>Sopimattomat vihanpurkaukset.<\/li>\n\n\n\n<li>Fyysinen, seksuaalinen, sanallinen tai emotionaalinen v\u00e4kivalta.<\/li>\n\n\n\n<li>Kolmastoista askel.<\/li>\n<\/ul>\n\n\n\n<p>Vaikka et olisikaan t\u00e4llaisen k\u00e4yt\u00f6ksen kohteena, on t\u00e4rke\u00e4\u00e4 puhua ryhm\u00e4n muiden j\u00e4senten puolesta. Terveen kulttuurin yll\u00e4pit\u00e4minen ohjelmassamme on ensiarvoisen t\u00e4rke\u00e4\u00e4 kaikkien raittiuden kannalta. Jokainen, joka todistaa t\u00e4llaista tapahtumaa, voi ryhty\u00e4 asianmukaisiin toimiin t\u00e4llaisen k\u00e4yt\u00f6ksen lopettamiseksi. Jos sinusta tuntuu, ett\u00e4 olet kohteena, ole j\u00e4m\u00e4kk\u00e4, kerro rajasi ja keskustele huolenaiheistasi ryhm\u00e4n vet\u00e4jien tai toisen luotettavan j\u00e4senen kanssa. Lis\u00e4tietoja turvallisuuden edist\u00e4misest\u00e4 yhteis\u00f6ss\u00e4mme l\u00f6ytyy\u2026 <a href=\"https:\/\/internetaddictsanonymous.org\/fi\/turvallisuus-itaaassa\/\">ITAA:n turvallisuus<\/a> resurssi.<\/p>\n\n\n\n<h3 class=\"wp-block-heading\">Miten l\u00f6yd\u00e4n ulkomaanpuhelun?<\/h3>\n\n\n\n<p>Ulkomaanpuheluiden j\u00e4rjest\u00e4miseen on monia tapoja:<\/p>\n\n\n\n<ul class=\"wp-block-list\">\n<li>ITAA:lla on useita WhatsApp- (ja Signal- ja Slack-) ryhmi\u00e4, joihin voi erityisesti pyyt\u00e4\u00e4 yhteydenottoja. Voit l\u00e4hett\u00e4\u00e4 pyynt\u00f6si sinne tai vastata muiden ihmisten yhteydenottopyynt\u00f6ihin.<\/li>\n\n\n\n<li>Joskus j\u00e4senet jakavat puhelinnumeronsa kokousten lopussa. Kirjoita ne muistiin (ja anna omasi, jos se tuntuu sinusta mukavalta) ja ota yhteytt\u00e4 kyseisiin j\u00e4seniin.<\/li>\n\n\n\n<li>J\u00e4senilt\u00e4, jotka ovat halukkaita ottamaan vastaan avustuspuheluita, on olemassa tiedot sis\u00e4lt\u00e4v\u00e4 taulukko. Voit selata listaa ja ottaa yhteytt\u00e4 sen kautta tuleviin henkil\u00f6ihin.<\/li>\n\n\n\n<li>Voit yritt\u00e4\u00e4 sopia s\u00e4\u00e4nn\u00f6llisi\u00e4 yhteydenpitopuheluita tiettyjen j\u00e4senten kanssa. Ehk\u00e4 soitat samalle henkil\u00f6lle samana p\u00e4iv\u00e4n\u00e4 samaan aikaan joka viikko. Ehk\u00e4 sovit p\u00e4ivitt\u00e4isen puhelun kummisi kanssa.<\/li>\n<\/ul>\n\n\n\n<p>Ulkoistuspuhelut voivat olla tehokas osa toipumistasi. J\u00e4lleen kerran, ei ole olemassa &quot;oikeaa tai v\u00e4\u00e4r\u00e4\u00e4&quot; tapaa tehd\u00e4 ulkoistuspuheluita. Tee vain pari puhelua ja mieti, miten asiat sujuvat ajan my\u00f6t\u00e4.&nbsp;<\/p>\n\n\n\n<hr class=\"wp-block-separator has-alpha-channel-opacity\"\/>\n\n\n\n<p><em>T\u00e4m\u00e4n sivun on kirjoittanut ITAA:n verkkosis\u00e4lt\u00f6komitea. Jos haluat antaa palautetta tai osallistua ty\u00f6h\u00f6mme, kuulemme mielell\u00e4mme sinusta tai kutsumme sinut johonkin kokouksiimme. Lis\u00e4tietoja l\u00f6ytyy osoitteesta&nbsp;<a href=\"https:\/\/internetaddictsanonymous.org\/fi\/avoimet-palveluspaikat\/\">Palvelukomiteat<\/a>&nbsp;sivu.<\/em><\/p>\n<!-- PMB print buttons is only displayed on a single post\/page URLs-->","protected":false},"excerpt":{"rendered":"<p>Mik\u00e4 on verkostoitumispuhelu? Yhteisty\u00f6puhelut ovat vain tapa olla yhteydess\u00e4 muihin ITAA:n j\u00e4seniin henkil\u00f6kohtaisesti. He ovat sit\u00e4, mit\u00e4 sin\u00e4 heist\u00e4 teet. Yhteisty\u00f6puhelut ovat loistava tapa kasvattaa verkostoasi ITAA:n sis\u00e4ll\u00e4, oppia muilta j\u00e4senilt\u00e4, jakaa kokemuksiasi, pysy\u00e4 yhteydess\u00e4 ohjelmaan, saada\/tarjota tukea vaikeissa\u2026 <a href=\"https:\/\/internetaddictsanonymous.org\/fi\/a-guide-to-outreach-calls-in-itaa\/\" class=\"more-link\">Jatka lukemista <span class=\"screen-reader-text\">Outreach-puheluiden tekeminen<\/span><\/a><\/p>","protected":false},"author":35194237,"featured_media":0,"parent":0,"menu_order":0,"comment_status":"closed","ping_status":"closed","template":"full-width-page.php","meta":{"inline_featured_image":false,"_lmt_disableupdate":"no","_lmt_disable":"","jetpack_post_was_ever_published":false,"footnotes":""},"tags":[],"class_list":["post-12843","page","type-page","status-publish","hentry"],"yoast_head":"<!-- This site is optimized with the Yoast SEO plugin v27.3 - https:\/\/yoast.com\/product\/yoast-seo-wordpress\/ -->\n<title>Making Outreach Calls &#8211; Internet and Technology Addicts Anonymous<\/title>\n<meta name=\"robots\" content=\"index, follow, max-snippet:-1, max-image-preview:large, max-video-preview:-1\" \/>\n<link rel=\"canonical\" href=\"https:\/\/internetaddictsanonymous.org\/fi\/opas-etsiviin-puheluihin-itaassa\/\" \/>\n<meta property=\"og:locale\" content=\"fi_FI\" \/>\n<meta property=\"og:type\" content=\"article\" \/>\n<meta property=\"og:title\" content=\"Making Outreach Calls &#8211; Internet and Technology Addicts Anonymous\" \/>\n<meta property=\"og:description\" content=\"What is an outreach call? Outreach calls are just a way to connect with other ITAA members one on one. They are what you make of them. Outreach calls are a great way to grow your network within ITAA, learn from other members, share your experience, stay connected to the program, receive\/provide support in tough &hellip; Continue reading Making Outreach Calls\" \/>\n<meta property=\"og:url\" content=\"https:\/\/internetaddictsanonymous.org\/fi\/opas-etsiviin-puheluihin-itaassa\/\" \/>\n<meta property=\"og:site_name\" content=\"Internet and Technology Addicts Anonymous\" \/>\n<meta property=\"article:modified_time\" content=\"2026-01-18T20:20:20+00:00\" \/>\n<meta name=\"twitter:card\" content=\"summary_large_image\" \/>\n<meta name=\"twitter:label1\" content=\"Arvioitu lukuaika\" \/>\n\t<meta name=\"twitter:data1\" content=\"9 minuuttia\" \/>\n<script type=\"application\/ld+json\" class=\"yoast-schema-graph\">{\"@context\":\"https:\\\/\\\/schema.org\",\"@graph\":[{\"@type\":\"WebPage\",\"@id\":\"https:\\\/\\\/internetaddictsanonymous.org\\\/a-guide-to-outreach-calls-in-itaa\\\/\",\"url\":\"https:\\\/\\\/internetaddictsanonymous.org\\\/a-guide-to-outreach-calls-in-itaa\\\/\",\"name\":\"Making Outreach Calls &#8211; Internet and Technology Addicts Anonymous\",\"isPartOf\":{\"@id\":\"https:\\\/\\\/internetaddictsanonymous.org\\\/#website\"},\"datePublished\":\"2021-04-18T11:14:38+00:00\",\"dateModified\":\"2026-01-18T20:20:20+00:00\",\"breadcrumb\":{\"@id\":\"https:\\\/\\\/internetaddictsanonymous.org\\\/a-guide-to-outreach-calls-in-itaa\\\/#breadcrumb\"},\"inLanguage\":\"fi\",\"potentialAction\":[{\"@type\":\"ReadAction\",\"target\":[\"https:\\\/\\\/internetaddictsanonymous.org\\\/a-guide-to-outreach-calls-in-itaa\\\/\"]}]},{\"@type\":\"BreadcrumbList\",\"@id\":\"https:\\\/\\\/internetaddictsanonymous.org\\\/a-guide-to-outreach-calls-in-itaa\\\/#breadcrumb\",\"itemListElement\":[{\"@type\":\"ListItem\",\"position\":1,\"name\":\"Home\",\"item\":\"https:\\\/\\\/internetaddictsanonymous.org\\\/\"},{\"@type\":\"ListItem\",\"position\":2,\"name\":\"Making Outreach Calls\"}]},{\"@type\":\"WebSite\",\"@id\":\"https:\\\/\\\/internetaddictsanonymous.org\\\/#website\",\"url\":\"https:\\\/\\\/internetaddictsanonymous.org\\\/\",\"name\":\"Internet and Technology Addicts Anonymous\",\"description\":\"Worldwide 12-step Fellowship for Internet and Technology Addiction\",\"publisher\":{\"@id\":\"https:\\\/\\\/internetaddictsanonymous.org\\\/#organization\"},\"potentialAction\":[{\"@type\":\"SearchAction\",\"target\":{\"@type\":\"EntryPoint\",\"urlTemplate\":\"https:\\\/\\\/internetaddictsanonymous.org\\\/?s={search_term_string}\"},\"query-input\":{\"@type\":\"PropertyValueSpecification\",\"valueRequired\":true,\"valueName\":\"search_term_string\"}}],\"inLanguage\":\"fi\"},{\"@type\":\"Organization\",\"@id\":\"https:\\\/\\\/internetaddictsanonymous.org\\\/#organization\",\"name\":\"Internet and Technology Addicts Anonymous\",\"url\":\"https:\\\/\\\/internetaddictsanonymous.org\\\/\",\"logo\":{\"@type\":\"ImageObject\",\"inLanguage\":\"fi\",\"@id\":\"https:\\\/\\\/internetaddictsanonymous.org\\\/#\\\/schema\\\/logo\\\/image\\\/\",\"url\":\"https:\\\/\\\/internetaddictsanonymous.org\\\/wp-content\\\/uploads\\\/2023\\\/01\\\/cropped-ITAA-logo-480px.png\",\"contentUrl\":\"https:\\\/\\\/internetaddictsanonymous.org\\\/wp-content\\\/uploads\\\/2023\\\/01\\\/cropped-ITAA-logo-480px.png\",\"width\":480,\"height\":480,\"caption\":\"Internet and Technology Addicts Anonymous\"},\"image\":{\"@id\":\"https:\\\/\\\/internetaddictsanonymous.org\\\/#\\\/schema\\\/logo\\\/image\\\/\"}}]}<\/script>\n<!-- \/ Yoast SEO plugin. -->","yoast_head_json":{"title":"Etsint\u00e4puheluiden tekeminen \u2013 Internet- ja teknologiariippuvaiset Anonyymit","robots":{"index":"index","follow":"follow","max-snippet":"max-snippet:-1","max-image-preview":"max-image-preview:large","max-video-preview":"max-video-preview:-1"},"canonical":"https:\/\/internetaddictsanonymous.org\/fi\/opas-etsiviin-puheluihin-itaassa\/","og_locale":"fi_FI","og_type":"article","og_title":"Making Outreach Calls &#8211; Internet and Technology Addicts Anonymous","og_description":"What is an outreach call? Outreach calls are just a way to connect with other ITAA members one on one. They are what you make of them. Outreach calls are a great way to grow your network within ITAA, learn from other members, share your experience, stay connected to the program, receive\/provide support in tough &hellip; Continue reading Making Outreach Calls","og_url":"https:\/\/internetaddictsanonymous.org\/fi\/opas-etsiviin-puheluihin-itaassa\/","og_site_name":"Internet and Technology Addicts Anonymous","article_modified_time":"2026-01-18T20:20:20+00:00","twitter_card":"summary_large_image","twitter_misc":{"Arvioitu lukuaika":"9 minuuttia"},"schema":{"@context":"https:\/\/schema.org","@graph":[{"@type":"WebPage","@id":"https:\/\/internetaddictsanonymous.org\/a-guide-to-outreach-calls-in-itaa\/","url":"https:\/\/internetaddictsanonymous.org\/a-guide-to-outreach-calls-in-itaa\/","name":"Etsint\u00e4puheluiden tekeminen \u2013 Internet- ja teknologiariippuvaiset Anonyymit","isPartOf":{"@id":"https:\/\/internetaddictsanonymous.org\/#website"},"datePublished":"2021-04-18T11:14:38+00:00","dateModified":"2026-01-18T20:20:20+00:00","breadcrumb":{"@id":"https:\/\/internetaddictsanonymous.org\/a-guide-to-outreach-calls-in-itaa\/#breadcrumb"},"inLanguage":"fi","potentialAction":[{"@type":"ReadAction","target":["https:\/\/internetaddictsanonymous.org\/a-guide-to-outreach-calls-in-itaa\/"]}]},{"@type":"BreadcrumbList","@id":"https:\/\/internetaddictsanonymous.org\/a-guide-to-outreach-calls-in-itaa\/#breadcrumb","itemListElement":[{"@type":"ListItem","position":1,"name":"Home","item":"https:\/\/internetaddictsanonymous.org\/"},{"@type":"ListItem","position":2,"name":"Making Outreach Calls"}]},{"@type":"WebSite","@id":"https:\/\/internetaddictsanonymous.org\/#website","url":"https:\/\/internetaddictsanonymous.org\/","name":"Nimett\u00f6m\u00e4t internetin ja teknologian ongelmak\u00e4ytt\u00e4j\u00e4t","description":"Maailmanlaajuinen 12 askeleen yhteis\u00f6 Internet- ja teknologiariippuvuutta varten","publisher":{"@id":"https:\/\/internetaddictsanonymous.org\/#organization"},"potentialAction":[{"@type":"SearchAction","target":{"@type":"EntryPoint","urlTemplate":"https:\/\/internetaddictsanonymous.org\/?s={search_term_string}"},"query-input":{"@type":"PropertyValueSpecification","valueRequired":true,"valueName":"search_term_string"}}],"inLanguage":"fi"},{"@type":"Organization","@id":"https:\/\/internetaddictsanonymous.org\/#organization","name":"Nimett\u00f6m\u00e4t internetin ja teknologian ongelmak\u00e4ytt\u00e4j\u00e4t","url":"https:\/\/internetaddictsanonymous.org\/","logo":{"@type":"ImageObject","inLanguage":"fi","@id":"https:\/\/internetaddictsanonymous.org\/#\/schema\/logo\/image\/","url":"https:\/\/internetaddictsanonymous.org\/wp-content\/uploads\/2023\/01\/cropped-ITAA-logo-480px.png","contentUrl":"https:\/\/internetaddictsanonymous.org\/wp-content\/uploads\/2023\/01\/cropped-ITAA-logo-480px.png","width":480,"height":480,"caption":"Internet and Technology Addicts Anonymous"},"image":{"@id":"https:\/\/internetaddictsanonymous.org\/#\/schema\/logo\/image\/"}}]}},"jetpack_sharing_enabled":true,"jetpack_shortlink":"https:\/\/wp.me\/P9Fwob-3l9","_links":{"self":[{"href":"https:\/\/internetaddictsanonymous.org\/fi\/wp-json\/wp\/v2\/pages\/12843","targetHints":{"allow":["GET"]}}],"collection":[{"href":"https:\/\/internetaddictsanonymous.org\/fi\/wp-json\/wp\/v2\/pages"}],"about":[{"href":"https:\/\/internetaddictsanonymous.org\/fi\/wp-json\/wp\/v2\/types\/page"}],"author":[{"embeddable":true,"href":"https:\/\/internetaddictsanonymous.org\/fi\/wp-json\/wp\/v2\/users\/35194237"}],"replies":[{"embeddable":true,"href":"https:\/\/internetaddictsanonymous.org\/fi\/wp-json\/wp\/v2\/comments?post=12843"}],"version-history":[{"count":14,"href":"https:\/\/internetaddictsanonymous.org\/fi\/wp-json\/wp\/v2\/pages\/12843\/revisions"}],"predecessor-version":[{"id":20914,"href":"https:\/\/internetaddictsanonymous.org\/fi\/wp-json\/wp\/v2\/pages\/12843\/revisions\/20914"}],"wp:attachment":[{"href":"https:\/\/internetaddictsanonymous.org\/fi\/wp-json\/wp\/v2\/media?parent=12843"}],"wp:term":[{"taxonomy":"post_tag","embeddable":true,"href":"https:\/\/internetaddictsanonymous.org\/fi\/wp-json\/wp\/v2\/tags?post=12843"}],"curies":[{"name":"wp","href":"https:\/\/api.w.org\/{rel}","templated":true}]}}