{"id":12898,"date":"2021-05-05T19:25:45","date_gmt":"2021-05-05T19:25:45","guid":{"rendered":"https:\/\/internetaddictsanonymous.org\/?page_id=12898"},"modified":"2024-04-08T01:08:56","modified_gmt":"2024-04-08T05:08:56","slug":"itaa-kokousten-isantien-turvallisuusohjeet","status":"publish","type":"page","link":"https:\/\/internetaddictsanonymous.org\/fi\/security-guidelines-for-itaa-meeting-hosts\/","title":{"rendered":"ITAA-kokousten is\u00e4ntien turvallisuusohjeet"},"content":{"rendered":"<p>ITAA-kokoukset voivat olla h\u00e4iritsevien trollien kohteena. Alla on joitakin ehdotuksia, jotka voivat auttaa sinua pit\u00e4m\u00e4\u00e4n Zoom-kokouksesi turvallisina. Kokouksissa kannustetaan pit\u00e4m\u00e4\u00e4n ryhm\u00e4tuntoa ja keskustelemaan suunnitelmista h\u00e4iri\u00f6iden ehk\u00e4isemiseksi ja niihin reagoimiseksi. <strong>Ehdotuksista on videoesittely alta. <a href=\"https:\/\/www.loom.com\/share\/0962dd4d02924e9caa30ff0ee7ec326e?sid=cb36c3e4-46ac-45b0-8550-04b095fab1ef\" target=\"_blank\" rel=\"noreferrer noopener\">t\u00e4ss\u00e4<\/a>.<\/strong><\/p>\n\n\n\n<p><em>Huomaathan, ett\u00e4 n\u00e4m\u00e4 turvatoimet on tarkoitettu vain tarkoituksella h\u00e4iritseville ihmisille, eiv\u00e4tk\u00e4 ne ole tarkoitettu est\u00e4m\u00e4\u00e4n aitoja osallistujia jakamasta sis\u00e4lt\u00f6\u00e4, vaikka heid\u00e4n sanomansa saattaisi \u00e4rsytt\u00e4\u00e4 muita. Kuten kolmas perinteemme toteaa, ITAA-j\u00e4senyyden ainoa vaatimus on halu lopettaa internetin ja teknologian pakonomaisen k\u00e4yt\u00f6n.<\/em><\/p>\n\n\n\n<ul class=\"wp-block-list\">\n<li><strong><mark style=\"background-color:rgba(0, 0, 0, 0);color:#ff0000\" class=\"has-inline-color\">Jos h\u00e4iri\u00f6t\u00e4 esiintyy<\/mark><\/strong>, <em>varmista, ett\u00e4 olet lunastanut is\u00e4nt\u00e4koodin<\/em> ja napsauta Zoom-n\u00e4yt\u00f6n alareunassa olevaa \u201cTurvallisuus\u201d-painiketta (kilven muotoinen) ja paina punaista \u201cKeskeyt\u00e4 osallistujan toiminnot\u201d -painiketta. <strong>T\u00e4m\u00e4 on nopein tapa lopettaa zoom-pommitukset.<\/strong> Sinun on vahvistettava kokous painamalla toista punaista &quot;Keskeyt\u00e4&quot;-painiketta ponnahdusikkunassa. T\u00e4m\u00e4 poistaa videon ja \u00e4\u00e4nen k\u00e4yt\u00f6st\u00e4, poistaa chatin k\u00e4yt\u00f6st\u00e4, est\u00e4\u00e4 k\u00e4ytt\u00e4ji\u00e4 nime\u00e4m\u00e4st\u00e4 itse\u00e4\u00e4n uudelleen ja lukitsee kokouksen (mik\u00e4 est\u00e4\u00e4 uusia k\u00e4ytt\u00e4ji\u00e4 liittym\u00e4st\u00e4). Voit sitten poistaa h\u00e4iritsev\u00e4n osallistujan. <strong>ja ilmoita niist\u00e4 Zoomiin<\/strong>.<\/li>\n<\/ul>\n\n\n\n<ul class=\"wp-block-list\">\n<li><strong><mark style=\"background-color:rgba(0, 0, 0, 0);color:#ff0000\" class=\"has-inline-color\">Is\u00e4nt\u00e4koodin lunastamiseksi<\/mark><\/strong>, napsauta Zoom-n\u00e4yt\u00f6n alareunassa olevaa \u201cOsallistujat\u201d-v\u00e4lilehte\u00e4 avataksesi osallistujien sivupalkin. Sivupalkin oikeassa alakulmassa on painike, jossa lukee \u201cVaraa is\u00e4nt\u00e4\u201d. Kun olet napsauttanut sit\u00e4, sinua pyydet\u00e4\u00e4n antamaan is\u00e4nt\u00e4koodi. Yleisesti ottaen suosittelemme saapumaan kokoukseen muutama minuutti etuajassa ja antamaan is\u00e4nt\u00e4koodin, jotta olet valmistautunut. <\/li>\n<\/ul>\n\n\n\n<ul class=\"wp-block-list\">\n<li><strong><mark style=\"background-color:rgba(0, 0, 0, 0);color:#ff0000\" class=\"has-inline-color\">Tee ainakin yhdest\u00e4 luotettavasta j\u00e4senest\u00e4 Zoom-yhteisis\u00e4nt\u00e4<\/mark><\/strong>. Yhteisj\u00e4rjest\u00e4jill\u00e4 on p\u00e4\u00e4sy kaikkiin Zoomin tietoturva-asetuksiin. Voit tehd\u00e4 henkil\u00f6st\u00e4 yhteisj\u00e4rjest\u00e4j\u00e4n napsauttamalla &quot;...&quot;-merkki\u00e4 h\u00e4nen videoneli\u00f6ns\u00e4 oikeassa yl\u00e4kulmassa tai h\u00e4nen nimens\u00e4 vieress\u00e4 osallistujien sivupalkissa. Varmista, ett\u00e4 tunnistat h\u00e4nen \u00e4\u00e4nens\u00e4 tai ett\u00e4 h\u00e4nen videonsa on p\u00e4\u00e4ll\u00e4, ennen kuin teet h\u00e4nest\u00e4 yhteisj\u00e4rjest\u00e4j\u00e4n, sill\u00e4 Zoom-pommittajat joskus esiintyv\u00e4t toisina j\u00e4senin\u00e4. Kokouksesi voi haluta perustaa s\u00e4\u00e4nn\u00f6llisen teknisen is\u00e4nn\u00e4n palvelupisteen auttamaan tietoturva-asetusten hallinnassa ja h\u00e4iritsevien j\u00e4senten poistamisessa.<\/li>\n<\/ul>\n\n\n\n<ul class=\"wp-block-list\">\n<li><strong>Odotushuone. <\/strong>Voit ottaa odotushuoneen k\u00e4ytt\u00f6\u00f6n napsauttamalla zoomausn\u00e4yt\u00f6n alareunassa olevaa \u201cTurvallisuus\u201d-painiketta. Voit halutessasi odottaa minuutin tai pari ennen kuin p\u00e4\u00e4st\u00e4t tuntemattomia nimi\u00e4 kokoukseen. Trollit liittyv\u00e4t usein kokouksiin kesken kokouksen ja ty\u00f6skentelev\u00e4t ryhmiss\u00e4, joten jos n\u00e4et kokouksen keskell\u00e4 ryhm\u00e4n ihmisi\u00e4 liittyv\u00e4n odotushuoneeseen kerralla, se on merkki siit\u00e4, ett\u00e4 he saattavat olla trolleja (varsinkin jos heill\u00e4 on ep\u00e4tavallisia k\u00e4ytt\u00e4j\u00e4tunnuksia, kuten kuuluisien julkkisten). Jos olet ep\u00e4varma, voit halutessasi p\u00e4\u00e4st\u00e4\u00e4 osallistujia mukaan, mutta ole valpas ja valmis toimimaan nopeasti, jos jotain h\u00e4iritsev\u00e4\u00e4 tapahtuu.<\/li>\n<\/ul>\n\n\n\n<ul class=\"wp-block-list\">\n<li><strong>Poista k\u00e4yt\u00f6st\u00e4 osallistujien mahdollisuus poistaa mykistys<\/strong>. Voit tehd\u00e4 t\u00e4m\u00e4n napsauttamalla \u201cTurvallisuus\u201d-painiketta. Osallistujien on nostettava k\u00e4tens\u00e4 (tai painettava *9, jos soitat), mink\u00e4 j\u00e4lkeen is\u00e4nt\u00e4 voi poistaa heid\u00e4n mykistyksens\u00e4. T\u00e4m\u00e4 est\u00e4\u00e4 trolleja keskeytt\u00e4m\u00e4st\u00e4 j\u00e4seni\u00e4 jakamisen aikana. Vaihtoehtoisesti voit poistaa osallistujien mahdollisuuden poistaa mykistyksens\u00e4 vain, kun joku jakaa, ja ottaa sitten uudelleen k\u00e4ytt\u00f6\u00f6n osallistujien mahdollisuuden poistaa mykistyksens\u00e4, kun jakaminen on p\u00e4\u00e4ttynyt. T\u00e4m\u00e4 est\u00e4\u00e4 keskeytykset, mutta antaa osallistujien silti poistaa mykistyksens\u00e4 (ilman k\u00e4den nostamista), kun he tuntevat tarvetta jakaa.<\/li>\n<\/ul>\n\n\n\n<ul class=\"wp-block-list\">\n<li><strong>Poista osallistujilta mahdollisuus nimet\u00e4 itsens\u00e4 uudelleen<\/strong>. Voit tehd\u00e4 t\u00e4m\u00e4n napsauttamalla \u201cTurvallisuus\u201d-painiketta. T\u00e4m\u00e4 est\u00e4\u00e4 trolleja vaihtamasta nimi\u00e4\u00e4n matkiakseen muita kokouksen j\u00e4seni\u00e4 tai piiloutuakseen kokouksen is\u00e4nnilt\u00e4.<\/li>\n<\/ul>\n\n\n\n<ul class=\"wp-block-list\">\n<li><strong>Edellytt\u00e4\u00e4 videon olevan p\u00e4\u00e4ll\u00e4. <\/strong>Voit pyyt\u00e4\u00e4 kaikkia osallistujia laittamaan videon p\u00e4\u00e4lle kokouksen ajaksi tai ainakin laittamaan videon p\u00e4\u00e4lle esitelless\u00e4\u00e4n itsens\u00e4. Jos uusia j\u00e4seni\u00e4 liittyy, heit\u00e4 voidaan vaatia laittamaan video p\u00e4\u00e4lle ja esittelem\u00e4\u00e4n itsens\u00e4. T\u00e4m\u00e4 karkottaa trolleja, jotka haluavat pysy\u00e4 piilossa.<\/li>\n<\/ul>\n\n\n\n<ul class=\"wp-block-list\">\n<li><strong>Poista yksityisviestit k\u00e4yt\u00f6st\u00e4.<\/strong> Voit poistaa t\u00e4m\u00e4n k\u00e4yt\u00f6st\u00e4 avaamalla keskustelupalkin, napsauttamalla oikeassa alakulmassa olevaa \u201c\u2026\u201d-painiketta ja valitsemalla \u201cOsallistujat voivat keskustella julkisesti kaikkien kanssa\u201d. Voit my\u00f6s muuttaa t\u00e4m\u00e4n asetukseksi \u201cOsallistujat voivat keskustella vain is\u00e4nn\u00e4n kanssa\u201d.\u201d<\/li>\n<\/ul>\n\n\n\n<ul class=\"wp-block-list\">\n<li>Viel\u00e4 paremman kokousturvallisuuden saavuttamiseksi voit k\u00e4ytt\u00e4\u00e4 pienryhm\u00e4huonetta varsinaista kokousta varten ja sitten p\u00e4\u00e4huonetta odotushuoneen osallistujien yksi kerrallaan p\u00e4\u00e4st\u00e4miseen sis\u00e4\u00e4n ja mahdollisten trollien tarkistamiseen. T\u00e4m\u00e4 on monimutkaisempaa, mutta eritt\u00e4in turvallista. Opas ja videoopas l\u00f6ytyv\u00e4t t\u00e4\u00e4lt\u00e4. <a href=\"https:\/\/docs.google.com\/document\/d\/1SJwND-Ugc_MGlyOKVr_wqd89esfXkgrbAyNejL6bQ5M\/edit?usp=sharing\">t\u00e4ss\u00e4<\/a>.<\/li>\n<\/ul>\n\n\n\n<ul class=\"wp-block-list\">\n<li>Voit my\u00f6s vaatia, ett\u00e4 ihmiset l\u00e4hett\u00e4v\u00e4t etuk\u00e4teen s\u00e4hk\u00f6postin yhteystietoihin ja pyyt\u00e4v\u00e4t liittymistunnusta ja salasanaa.<\/li>\n<\/ul>\n<!-- PMB print buttons is only displayed on a single post\/page URLs-->","protected":false},"excerpt":{"rendered":"<p>ITAA-kokoukset voivat olla h\u00e4iritsevien trollien kohteena. Alla on joitakin ehdotuksia, jotka voivat auttaa sinua pit\u00e4m\u00e4\u00e4n Zoom-kokouksesi turvallisina. Kokouksissa kannustetaan pit\u00e4m\u00e4\u00e4n ryhm\u00e4tuntoa ja keskustelemaan suunnitelmista h\u00e4iri\u00f6iden ehk\u00e4isemiseksi ja niihin reagoimiseksi. Videoesittely alla olevista ehdotuksista l\u00f6ytyy t\u00e4\u00e4lt\u00e4. Huomaa, ett\u00e4\u2026 <a href=\"https:\/\/internetaddictsanonymous.org\/fi\/security-guidelines-for-itaa-meeting-hosts\/\" class=\"more-link\">Jatka lukemista <span class=\"screen-reader-text\">ITAA-kokousten is\u00e4ntien turvallisuusohjeet<\/span><\/a><\/p>","protected":false},"author":35194237,"featured_media":0,"parent":0,"menu_order":0,"comment_status":"closed","ping_status":"closed","template":"full-width-page.php","meta":{"inline_featured_image":false,"_lmt_disableupdate":"","_lmt_disable":"","jetpack_post_was_ever_published":false,"footnotes":""},"tags":[],"class_list":["post-12898","page","type-page","status-publish","hentry"],"yoast_head":"<!-- This site is optimized with the Yoast SEO plugin v27.3 - https:\/\/yoast.com\/product\/yoast-seo-wordpress\/ -->\n<title>Security guidelines for ITAA meeting hosts &#8211; Internet and Technology Addicts Anonymous<\/title>\n<meta name=\"robots\" content=\"index, follow, max-snippet:-1, max-image-preview:large, max-video-preview:-1\" \/>\n<link rel=\"canonical\" href=\"https:\/\/internetaddictsanonymous.org\/fi\/itaa-kokousten-isantien-turvallisuusohjeet\/\" \/>\n<meta property=\"og:locale\" content=\"fi_FI\" \/>\n<meta property=\"og:type\" content=\"article\" \/>\n<meta property=\"og:title\" content=\"Security guidelines for ITAA meeting hosts &#8211; Internet and Technology Addicts Anonymous\" \/>\n<meta property=\"og:description\" content=\"ITAA meetings may be targeted by disruptive trolls. Below are some suggestions that can help you keep your Zoom meeting safe and secure. Meetings are encouraged to hold group consciences and discuss plans for how to prevent and respond to disruption. A video demo of the suggestions below can be found here. Please note that &hellip; Continue reading Security guidelines for ITAA meeting hosts\" \/>\n<meta property=\"og:url\" content=\"https:\/\/internetaddictsanonymous.org\/fi\/itaa-kokousten-isantien-turvallisuusohjeet\/\" \/>\n<meta property=\"og:site_name\" content=\"Internet and Technology Addicts Anonymous\" \/>\n<meta property=\"article:modified_time\" content=\"2024-04-08T05:08:56+00:00\" \/>\n<meta name=\"twitter:card\" content=\"summary_large_image\" \/>\n<meta name=\"twitter:label1\" content=\"Arvioitu lukuaika\" \/>\n\t<meta name=\"twitter:data1\" content=\"4 minuuttia\" \/>\n<script type=\"application\/ld+json\" class=\"yoast-schema-graph\">{\"@context\":\"https:\\\/\\\/schema.org\",\"@graph\":[{\"@type\":\"WebPage\",\"@id\":\"https:\\\/\\\/internetaddictsanonymous.org\\\/security-guidelines-for-itaa-meeting-hosts\\\/\",\"url\":\"https:\\\/\\\/internetaddictsanonymous.org\\\/security-guidelines-for-itaa-meeting-hosts\\\/\",\"name\":\"Security guidelines for ITAA meeting hosts &#8211; Internet and Technology Addicts Anonymous\",\"isPartOf\":{\"@id\":\"https:\\\/\\\/internetaddictsanonymous.org\\\/#website\"},\"datePublished\":\"2021-05-05T19:25:45+00:00\",\"dateModified\":\"2024-04-08T05:08:56+00:00\",\"breadcrumb\":{\"@id\":\"https:\\\/\\\/internetaddictsanonymous.org\\\/security-guidelines-for-itaa-meeting-hosts\\\/#breadcrumb\"},\"inLanguage\":\"fi\",\"potentialAction\":[{\"@type\":\"ReadAction\",\"target\":[\"https:\\\/\\\/internetaddictsanonymous.org\\\/security-guidelines-for-itaa-meeting-hosts\\\/\"]}]},{\"@type\":\"BreadcrumbList\",\"@id\":\"https:\\\/\\\/internetaddictsanonymous.org\\\/security-guidelines-for-itaa-meeting-hosts\\\/#breadcrumb\",\"itemListElement\":[{\"@type\":\"ListItem\",\"position\":1,\"name\":\"Home\",\"item\":\"https:\\\/\\\/internetaddictsanonymous.org\\\/\"},{\"@type\":\"ListItem\",\"position\":2,\"name\":\"Security guidelines for ITAA meeting hosts\"}]},{\"@type\":\"WebSite\",\"@id\":\"https:\\\/\\\/internetaddictsanonymous.org\\\/#website\",\"url\":\"https:\\\/\\\/internetaddictsanonymous.org\\\/\",\"name\":\"Internet and Technology Addicts Anonymous\",\"description\":\"Worldwide 12-step Fellowship for Internet and Technology Addiction\",\"publisher\":{\"@id\":\"https:\\\/\\\/internetaddictsanonymous.org\\\/#organization\"},\"potentialAction\":[{\"@type\":\"SearchAction\",\"target\":{\"@type\":\"EntryPoint\",\"urlTemplate\":\"https:\\\/\\\/internetaddictsanonymous.org\\\/?s={search_term_string}\"},\"query-input\":{\"@type\":\"PropertyValueSpecification\",\"valueRequired\":true,\"valueName\":\"search_term_string\"}}],\"inLanguage\":\"fi\"},{\"@type\":\"Organization\",\"@id\":\"https:\\\/\\\/internetaddictsanonymous.org\\\/#organization\",\"name\":\"Internet and Technology Addicts Anonymous\",\"url\":\"https:\\\/\\\/internetaddictsanonymous.org\\\/\",\"logo\":{\"@type\":\"ImageObject\",\"inLanguage\":\"fi\",\"@id\":\"https:\\\/\\\/internetaddictsanonymous.org\\\/#\\\/schema\\\/logo\\\/image\\\/\",\"url\":\"https:\\\/\\\/internetaddictsanonymous.org\\\/wp-content\\\/uploads\\\/2023\\\/01\\\/cropped-ITAA-logo-480px.png\",\"contentUrl\":\"https:\\\/\\\/internetaddictsanonymous.org\\\/wp-content\\\/uploads\\\/2023\\\/01\\\/cropped-ITAA-logo-480px.png\",\"width\":480,\"height\":480,\"caption\":\"Internet and Technology Addicts Anonymous\"},\"image\":{\"@id\":\"https:\\\/\\\/internetaddictsanonymous.org\\\/#\\\/schema\\\/logo\\\/image\\\/\"}}]}<\/script>\n<!-- \/ Yoast SEO plugin. -->","yoast_head_json":{"title":"ITAA-kokousten is\u00e4ntien turvallisuusohjeet \u2013 Internet- ja teknologiariippuvaiset Anonyymit","robots":{"index":"index","follow":"follow","max-snippet":"max-snippet:-1","max-image-preview":"max-image-preview:large","max-video-preview":"max-video-preview:-1"},"canonical":"https:\/\/internetaddictsanonymous.org\/fi\/itaa-kokousten-isantien-turvallisuusohjeet\/","og_locale":"fi_FI","og_type":"article","og_title":"Security guidelines for ITAA meeting hosts &#8211; Internet and Technology Addicts Anonymous","og_description":"ITAA meetings may be targeted by disruptive trolls. Below are some suggestions that can help you keep your Zoom meeting safe and secure. Meetings are encouraged to hold group consciences and discuss plans for how to prevent and respond to disruption. A video demo of the suggestions below can be found here. Please note that &hellip; Continue reading Security guidelines for ITAA meeting hosts","og_url":"https:\/\/internetaddictsanonymous.org\/fi\/itaa-kokousten-isantien-turvallisuusohjeet\/","og_site_name":"Internet and Technology Addicts Anonymous","article_modified_time":"2024-04-08T05:08:56+00:00","twitter_card":"summary_large_image","twitter_misc":{"Arvioitu lukuaika":"4 minuuttia"},"schema":{"@context":"https:\/\/schema.org","@graph":[{"@type":"WebPage","@id":"https:\/\/internetaddictsanonymous.org\/security-guidelines-for-itaa-meeting-hosts\/","url":"https:\/\/internetaddictsanonymous.org\/security-guidelines-for-itaa-meeting-hosts\/","name":"ITAA-kokousten is\u00e4ntien turvallisuusohjeet \u2013 Internet- ja teknologiariippuvaiset Anonyymit","isPartOf":{"@id":"https:\/\/internetaddictsanonymous.org\/#website"},"datePublished":"2021-05-05T19:25:45+00:00","dateModified":"2024-04-08T05:08:56+00:00","breadcrumb":{"@id":"https:\/\/internetaddictsanonymous.org\/security-guidelines-for-itaa-meeting-hosts\/#breadcrumb"},"inLanguage":"fi","potentialAction":[{"@type":"ReadAction","target":["https:\/\/internetaddictsanonymous.org\/security-guidelines-for-itaa-meeting-hosts\/"]}]},{"@type":"BreadcrumbList","@id":"https:\/\/internetaddictsanonymous.org\/security-guidelines-for-itaa-meeting-hosts\/#breadcrumb","itemListElement":[{"@type":"ListItem","position":1,"name":"Home","item":"https:\/\/internetaddictsanonymous.org\/"},{"@type":"ListItem","position":2,"name":"Security guidelines for ITAA meeting hosts"}]},{"@type":"WebSite","@id":"https:\/\/internetaddictsanonymous.org\/#website","url":"https:\/\/internetaddictsanonymous.org\/","name":"Nimett\u00f6m\u00e4t internetin ja teknologian ongelmak\u00e4ytt\u00e4j\u00e4t","description":"Maailmanlaajuinen 12 askeleen yhteis\u00f6 Internet- ja teknologiariippuvuutta varten","publisher":{"@id":"https:\/\/internetaddictsanonymous.org\/#organization"},"potentialAction":[{"@type":"SearchAction","target":{"@type":"EntryPoint","urlTemplate":"https:\/\/internetaddictsanonymous.org\/?s={search_term_string}"},"query-input":{"@type":"PropertyValueSpecification","valueRequired":true,"valueName":"search_term_string"}}],"inLanguage":"fi"},{"@type":"Organization","@id":"https:\/\/internetaddictsanonymous.org\/#organization","name":"Nimett\u00f6m\u00e4t internetin ja teknologian ongelmak\u00e4ytt\u00e4j\u00e4t","url":"https:\/\/internetaddictsanonymous.org\/","logo":{"@type":"ImageObject","inLanguage":"fi","@id":"https:\/\/internetaddictsanonymous.org\/#\/schema\/logo\/image\/","url":"https:\/\/internetaddictsanonymous.org\/wp-content\/uploads\/2023\/01\/cropped-ITAA-logo-480px.png","contentUrl":"https:\/\/internetaddictsanonymous.org\/wp-content\/uploads\/2023\/01\/cropped-ITAA-logo-480px.png","width":480,"height":480,"caption":"Internet and Technology Addicts Anonymous"},"image":{"@id":"https:\/\/internetaddictsanonymous.org\/#\/schema\/logo\/image\/"}}]}},"jetpack_sharing_enabled":true,"jetpack_shortlink":"https:\/\/wp.me\/P9Fwob-3m2","_links":{"self":[{"href":"https:\/\/internetaddictsanonymous.org\/fi\/wp-json\/wp\/v2\/pages\/12898","targetHints":{"allow":["GET"]}}],"collection":[{"href":"https:\/\/internetaddictsanonymous.org\/fi\/wp-json\/wp\/v2\/pages"}],"about":[{"href":"https:\/\/internetaddictsanonymous.org\/fi\/wp-json\/wp\/v2\/types\/page"}],"author":[{"embeddable":true,"href":"https:\/\/internetaddictsanonymous.org\/fi\/wp-json\/wp\/v2\/users\/35194237"}],"replies":[{"embeddable":true,"href":"https:\/\/internetaddictsanonymous.org\/fi\/wp-json\/wp\/v2\/comments?post=12898"}],"version-history":[{"count":30,"href":"https:\/\/internetaddictsanonymous.org\/fi\/wp-json\/wp\/v2\/pages\/12898\/revisions"}],"predecessor-version":[{"id":17841,"href":"https:\/\/internetaddictsanonymous.org\/fi\/wp-json\/wp\/v2\/pages\/12898\/revisions\/17841"}],"wp:attachment":[{"href":"https:\/\/internetaddictsanonymous.org\/fi\/wp-json\/wp\/v2\/media?parent=12898"}],"wp:term":[{"taxonomy":"post_tag","embeddable":true,"href":"https:\/\/internetaddictsanonymous.org\/fi\/wp-json\/wp\/v2\/tags?post=12898"}],"curies":[{"name":"wp","href":"https:\/\/api.w.org\/{rel}","templated":true}]}}