{"id":13073,"date":"2021-08-08T19:06:36","date_gmt":"2021-08-08T19:06:36","guid":{"rendered":"https:\/\/internetaddictsanonymous.org\/?page_id=13073"},"modified":"2026-01-18T11:18:05","modified_gmt":"2026-01-18T19:18:05","slug":"turvallisuus-itaaassa","status":"publish","type":"page","link":"https:\/\/internetaddictsanonymous.org\/fi\/safety-in-itaa\/","title":{"rendered":"ITAA:n turvallisuus"},"content":{"rendered":"<p>Tarvitsemme ITAA:ta turvallisena paikkana meille kaikille toipua. Ensimm\u00e4inen perinteemme on, ett\u00e4 yhteinen hyvinvointimme on etusijalla; henkil\u00f6kohtainen toipuminen riippuu ITAA:n yhten\u00e4isyydest\u00e4. Aggressiiviset, seksuaaliset tai syrjiv\u00e4t kommentit tai k\u00e4yt\u00f6s, jotka kohdistuvat muihin j\u00e4seniin, eiv\u00e4t ole ITAA:ssa sopivia. Jos uskomme, ett\u00e4 toinen j\u00e4sen on toiminut sopimattomasti, t\u00e4ss\u00e4 on joitakin ehdotuksia toimista, joihin voimme ryhty\u00e4:<br><br> <\/p>\n\n\n\n<h3 class=\"wp-block-heading\"><strong>Toimenpiteet, joihin voimme ryhty\u00e4 reagoidaksemme kokouksen aikana sattuneeseen v\u00e4likohtaukseen<\/strong><\/h3>\n\n\n\n<p>Voimme poistaa mykistyksen ja puhua \u00e4\u00e4neen, jos mielest\u00e4mme joku on toiminut sopimattomasti. Voimme vedota <a href=\"https:\/\/internetaddictsanonymous.org\/fi\/12-askelta-itaata\/\">perinteet<\/a> tai kokousk\u00e4sikirjoituksen rivi, jossa todetaan, ett\u00e4 \u201caggressiiviset, seksuaaliset tai syrjiv\u00e4t kommentit tai k\u00e4yt\u00f6s, jotka kohdistuvat muihin j\u00e4seniin, eiv\u00e4t ole sopivia\u201d.\u201d <\/p>\n\n\n\n<p>Voimme pyyt\u00e4\u00e4 henkil\u00f6\u00e4 lopettamaan sopimattoman k\u00e4yt\u00f6ksen:<\/p>\n\n\n\n<p><em>\u201c&quot;Minusta tuntuu ep\u00e4mukavalta juuri sanotun\/tehdyn vuoksi, ja pyyd\u00e4n j\u00e4seni\u00e4 pid\u00e4tt\u00e4ytym\u00e4\u00e4n aggressiivisista, seksuaalisista tai syrjivist\u00e4 kommenteista muita j\u00e4seni\u00e4 kohtaan. Voisimme my\u00f6s keskustella t\u00e4st\u00e4 lis\u00e4\u00e4 kokouksen j\u00e4lkeen, jos joku haluaa.&quot;\u201d<\/em><\/p>\n\n\n\n<p>Jos meit\u00e4 j\u00e4nnitt\u00e4\u00e4 puhua suoraan asiasta, voimme l\u00e4hett\u00e4\u00e4 yksityisviestin puheenjohtajalle tai jollekin toiselle kokouksen j\u00e4senelle tapauksesta ja kysy\u00e4, voisivatko he puhua asiasta ja puuttua asiaan. Voimme my\u00f6s pyyt\u00e4\u00e4 heit\u00e4 toistamaan k\u00e4sikirjoituksen kohdan, jossa todetaan: &quot;Aggressiiviset, seksuaaliset tai syrjiv\u00e4t kommentit tai k\u00e4yt\u00f6s, jotka on suunnattu muihin j\u00e4seniin, ei ole kokouksessa sopivaa.&quot;\u201c<\/p>\n\n\n\n<p>Jos olemme ep\u00e4varmoja siit\u00e4, onko jokin tietty kommentti sopimaton, voimme pyyt\u00e4\u00e4 ryhm\u00e4tuntotestin tekemist\u00e4.<\/p>\n\n\n\n<p>Jos joku l\u00e4hett\u00e4\u00e4 meille kokouksen aikana sopimattomia yksityisviestej\u00e4, saatamme vastata yksityisviestill\u00e4 asettaaksemme rajat ja pyyt\u00e4\u00e4ksemme j\u00e4sent\u00e4 lopettamaan viestittelyn.<\/p>\n\n\n\n<p><em>\u201c&quot;Viestisi tekev\u00e4t minut ep\u00e4mukavaksi. Lopeta yksityisviestien l\u00e4hett\u00e4minen minulle.&quot;\u201d<\/em><br><br><\/p>\n\n\n\n<h3 class=\"wp-block-heading\"><strong>Toimenpiteet, joihin voimme ryhty\u00e4 reagoidaksemme, kun tapaamisen ulkopuolella tapahtuu jotain (kuten puhelun aikana, viestien vaihdon aikana tai henkil\u00f6kohtaisesti)<\/strong><\/h3>\n\n\n\n<p>Voimme kertoa toiselle henkil\u00f6lle, ett\u00e4 h\u00e4nen kommenttinsa tai k\u00e4yt\u00f6ksens\u00e4 on sopimatonta ja aiheuttaa meille ep\u00e4mukavuutta, ja voimme pyyt\u00e4\u00e4 h\u00e4nt\u00e4 pid\u00e4tt\u00e4ytym\u00e4\u00e4n vastaavanlaisista kommenteista tai k\u00e4yt\u00f6ksest\u00e4 tulevaisuudessa.<\/p>\n\n\n\n<p>Voimme ottaa et\u00e4isyytt\u00e4 toiseen henkil\u00f6\u00f6n poistumalla alueelta, lopettamalla puhelun tai olemalla vastaamatta h\u00e4nen viesteihins\u00e4. T\u00e4m\u00e4 voi auttaa meit\u00e4 ottamaan tarvitsemaamme tilaa heng\u00e4ht\u00e4\u00e4 ja selkeytt\u00e4\u00e4 tilannetta.<br><br> <\/p>\n\n\n\n<h3 class=\"wp-block-heading\"><strong>Toimenpiteet, joita voimme tehd\u00e4 tapahtuman j\u00e4lkeen selkeyden saavuttamiseksi<\/strong><\/h3>\n\n\n\n<p>Ensimm\u00e4isen\u00e4 askeleena voimme puhua jonkun sellaisen kanssa, johon uskoudumme ja johon luotamme. Jos tapaus sattui kokouksen aikana, t\u00e4m\u00e4 voi olla ryhm\u00e4n puheenjohtaja tai luotettava j\u00e4sen, joka oli l\u00e4sn\u00e4 kokouksessa. Voimme my\u00f6s ottaa yhteytt\u00e4 kummiimme, terapeuttiin, henkiseen neuvonantajaamme tai l\u00e4heiseen yst\u00e4v\u00e4\u00e4mme saadaksemme lis\u00e4tukea ja ohjausta.<\/p>\n\n\n\n<p>Kymmenennen vaiheen inventaarion kirjoittaminen voi auttaa meit\u00e4 selkeytt\u00e4m\u00e4\u00e4n itse\u00e4mme ja tunnistamaan seuraavat oikeat toimenpiteet. Kymmenennen vaiheen inventaariossa kirjoitetaan usein vastauksia seuraaviin kysymyksiin: Mit\u00e4 tapahtui? Mitk\u00e4 perustarpeet k\u00e4rsiv\u00e4t? Mit\u00e4 tunteita tunnemme? Mik\u00e4 oli meid\u00e4n osuutemme (jos mit\u00e4\u00e4n)? Ja onko olemassa toimenpiteit\u00e4, joita meid\u00e4n on ehk\u00e4 ryhdytt\u00e4v\u00e4? On suositeltavaa, ett\u00e4 luemme kymmenennen vaiheen kirjoituksemme toiselle ITAA:n j\u00e4senelle, johon luotamme.<\/p>\n\n\n\n<p>Voisimme my\u00f6s hakea ohjausta korkeammalta voimaltamme (esimerkiksi rukouksen tai meditaation kautta).<br><br> <\/p>\n\n\n\n<h3 class=\"wp-block-heading\"><strong>Toimenpiteet, joita voimme tehd\u00e4 tapahtuman j\u00e4lkeen k\u00e4ytt\u00e4ytymisen korjaamiseksi<\/strong><\/h3>\n\n\n\n<p>Jos se tuntuu meist\u00e4 mukavalta, voisimme ottaa suoraan yhteytt\u00e4 sopimattomasti toimineeseen henkil\u00f6\u00f6n, kertoa h\u00e4nelle, milt\u00e4 h\u00e4nen k\u00e4yt\u00f6ksens\u00e4 meist\u00e4 tuntui, ja pyyt\u00e4\u00e4 h\u00e4nt\u00e4 muuttamaan k\u00e4yt\u00f6st\u00e4\u00e4n jatkossa.<\/p>\n\n\n\n<p>Voisimme pyyt\u00e4\u00e4 toista luotettavaa j\u00e4sent\u00e4 auttamaan meit\u00e4 puhumaan henkil\u00f6lle, joka aiheutti meille ep\u00e4mukavan olon, tekem\u00e4\u00e4n h\u00e4net tietoiseksi tekojensa seurauksista ja pyyt\u00e4m\u00e4\u00e4n, ettei k\u00e4yt\u00f6s toistu meit\u00e4 tai muita kohtaan. T\u00e4m\u00e4 luotettava j\u00e4sen voi puhua toiselle henkil\u00f6lle puolestamme tai liitty\u00e4 keskusteluun puolueettomana kolmantena osapuolena.<\/p>\n\n\n\n<p><em>Kun tavoittaa j\u00e4senen, joka on toiminut sopimattomasti, voi olla hy\u00f6dyllist\u00e4 ottaa h\u00e4neen yhteytt\u00e4 kasvotusten tai puhelimitse tekstiviestin sijaan, koska t\u00e4m\u00e4 auttaa yleens\u00e4 v\u00e4ltt\u00e4m\u00e4\u00e4n v\u00e4\u00e4rink\u00e4sityksi\u00e4. Toisissa tapauksissa viestien tai s\u00e4hk\u00f6postin l\u00e4hett\u00e4minen voi olla parempi vaihtoehto. Kun joku toimii sopimattomasti, h\u00e4n ei v\u00e4ltt\u00e4m\u00e4tt\u00e4 ymm\u00e4rr\u00e4, milt\u00e4 h\u00e4nen k\u00e4yt\u00f6ksens\u00e4 tuntuu muissa. Usein on k\u00e4ynyt niin, ett\u00e4 kun kerromme henkil\u00f6lle h\u00e4nen tekojensa vaikutuksista ja pyyd\u00e4mme h\u00e4nt\u00e4 muuttamaan k\u00e4yt\u00f6st\u00e4\u00e4n, h\u00e4n on pyyt\u00e4nyt anteeksi ja pyrkinyt muuttumaan.<\/em><\/p>\n\n\n\n<p>Joissakin tapauksissa voi olla parasta katkaista tilap\u00e4isesti yhteydenpito j\u00e4seneen, joka aiheuttaa meille ep\u00e4mukavuutta. Keskustelu toisen j\u00e4senen kanssa voi auttaa meit\u00e4 tekem\u00e4\u00e4n t\u00e4m\u00e4n p\u00e4\u00e4t\u00f6ksen.<\/p>\n\n\n\n<p><em>Kahdennentoista perinteemme mukaan anonymiteetti on kaikkien perinteidemme hengellinen perusta, ja se muistuttaa meit\u00e4 aina asettamaan periaatteet persoonallisuuksien edelle. Kun k\u00e4sittelemme sopimatonta k\u00e4yt\u00f6st\u00e4 tai keskustellaan tapahtumista muiden j\u00e4senten kanssa, mielest\u00e4mme on parasta s\u00e4ilytt\u00e4\u00e4 anonymiteetti ja luottamuksellisuus v\u00e4ltt\u00e4m\u00e4ll\u00e4 asianomaisten j\u00e4senten nimien ja muiden tunnistettavien tietojen k\u00e4ytt\u00f6\u00e4.<\/em><\/p>\n\n\n\n<p>Anonymiteetti ei ole veruke rikollisen k\u00e4ytt\u00e4ytymisen suojelemiseksi. ITAA:n j\u00e4senet ovat my\u00f6s &quot;maailman kansalaisia&quot;, ja kansalaisina emme ole lain yl\u00e4puolella.* Joissakin tapauksissa ja neuvoteltuamme muiden j\u00e4senten kanssa voimme harkita oikeustoimiin ryhtymist\u00e4.&nbsp;<br><br> <\/p>\n\n\n\n<h3 class=\"wp-block-heading\"><strong>Toimenpiteet, joihin ryhm\u00e4 voi ryhty\u00e4 vastatakseen sopimattomaan k\u00e4yt\u00f6kseen<\/strong><\/h3>\n\n\n\n<p>On t\u00e4rke\u00e4\u00e4 keskustella turvallisuusongelmista ennen niiden ilmenemist\u00e4 ja laatia protokolla siit\u00e4, miten ryhm\u00e4 haluaa k\u00e4sitell\u00e4 ep\u00e4asiallista k\u00e4yt\u00f6st\u00e4, jos sit\u00e4 ilmenee. Perinteidemme mukaisesti ryhm\u00e4tietoisuus on paras foorumi t\u00e4llaisen keskustelun k\u00e4ymiseen. Kannustamme j\u00e4seni\u00e4 ottamaan t\u00e4m\u00e4n asian esille ryhm\u00e4ns\u00e4 seuraavassa s\u00e4\u00e4nn\u00f6llisess\u00e4 kokouksessa.<\/p>\n\n\n\n<p>T\u00e4ss\u00e4 on ideoita, joita ryhm\u00e4t voisivat sis\u00e4llytt\u00e4\u00e4 protokollaan sopimattomaan k\u00e4yt\u00f6kseen reagoimiseksi:<\/p>\n\n\n\n<ul class=\"wp-block-list\">\n<li>Kun ep\u00e4asiallista k\u00e4yt\u00f6st\u00e4 esiintyy, puheenjohtaja voi lukea koko kokoukselle lausunnon, esimerkiksi: \u201cTarvitsemme ITAA:n olevan turvallinen paikka meille kaikille toipua. Ensimm\u00e4inen perinteemme on, ett\u00e4 yhteisen hyvinvointimme tulisi olla etusijalla; henkil\u00f6kohtainen toipuminen riippuu ITAA:n yhten\u00e4isyydest\u00e4. Aggressiiviset, seksuaaliset tai syrjiv\u00e4t kommentit tai k\u00e4yt\u00f6s, jotka kohdistuvat muihin j\u00e4seniin, eiv\u00e4t ole ITAA:ssa sopivia.\u201d<\/li>\n\n\n\n<li>Ryhm\u00e4t voivat perustaa palveluroolin tukeakseen kokouksen osallistujia, joihin on vaikuttanut sopimaton k\u00e4yt\u00f6s, ja\/tai puuttuakseen niihin, jotka ovat toimineet sopimattomasti.<\/li>\n\n\n\n<li>Ryhm\u00e4t voivat harkita kahden tai kolmen varoituksen k\u00e4yt\u00e4nt\u00f6\u00e4 henkil\u00f6ille, jotka toistuvasti k\u00e4ytt\u00e4ytyv\u00e4t sopimattomasti. Viimeisen\u00e4 keinona h\u00e4iritsev\u00e4\u00e4 j\u00e4sent\u00e4 voidaan pyyt\u00e4\u00e4 lopettamaan kokouksiin osallistuminen joksikin aikaa.<\/li>\n<\/ul>\n\n\n\n<p>Jos ryhm\u00e4ss\u00e4mme ilmenee sopimatonta k\u00e4yt\u00f6st\u00e4 eik\u00e4 sen k\u00e4sittely\u00e4 varten ole viel\u00e4 laadittu protokollaa, ryhm\u00e4 voi pit\u00e4\u00e4 ryhm\u00e4tuntokokouksen keskustellakseen tilanteeseen reagoinnista ja mahdollisesti pyyt\u00e4\u00e4 rikkomuksen tehnytt\u00e4 osapuolta poistumaan kokouksesta.&nbsp;<br><br> <\/p>\n\n\n\n<h3 class=\"wp-block-heading\"><strong>Kolmastoista askel<\/strong><\/h3>\n\n\n\n<p>Kahdentoista askeleen ohjelmissa &quot;kolmastoista askel&quot; tarkoittaa toipuvan henkil\u00f6n, erityisesti tulokkaan tai kummitettavan, manipulointia seksuaaliseen tai romanttiseen suhteeseen. T\u00e4llainen k\u00e4yt\u00f6s on sopimatonta ja sit\u00e4 ei suositella t\u00e4ysin ITAA:ssa. Kannustamme tulokkaita v\u00e4ltt\u00e4m\u00e4\u00e4n ty\u00f6skentely\u00e4 kummien kanssa tai etsiv\u00e4\u00e4 yhteydenpitoa j\u00e4senten kanssa, joihin saatamme kehitt\u00e4\u00e4 seksuaalista tai romanttista vetovoimaa. Jos koet olevasi sopimattoman tai ei-toivotun seksuaalisen tai romanttisen huomion kohteena, keskustele siit\u00e4 luotettavan j\u00e4senen kanssa \u2013 anonymiteetti ja luottamuksellisuus eiv\u00e4t ole verukkeita sopimattomalle k\u00e4yt\u00f6kselle.<br><br><\/p>\n\n\n\n<h3 class=\"wp-block-heading\"><strong>Lis\u00e4ehdotuksia\u00a0<\/strong><\/h3>\n\n\n\n<p>Sopimattoman k\u00e4yt\u00f6ksen kohteeksi joutuminen tai muiden sopimattoman k\u00e4yt\u00f6ksen kohteeksi joutuneiden tukeminen voi olla emotionaalisesti haastavaa, ja asianomaiset j\u00e4senet voivat huomata, ett\u00e4 itsest\u00e4 huolehtiminen voi olla hy\u00f6dyllist\u00e4. Voimme k\u00e4yd\u00e4 k\u00e4velyll\u00e4, kylvyss\u00e4 tai suihkussa, viett\u00e4\u00e4 aikaa l\u00e4heisen yst\u00e4v\u00e4n kanssa, harjoittaa itsemy\u00f6t\u00e4tuntoa ja keskitty\u00e4 sy\u00f6miseen ja nukkumiseen hyvin. On hyv\u00e4 hidastaa tahtia ja keskitty\u00e4 omiin tarpeisiimme. Voimme my\u00f6s hakea lis\u00e4tukea ammattimaisilta mielenterveyspalveluilta.&nbsp;<\/p>\n\n\n\n<p>Jos joku on pyyt\u00e4nyt meilt\u00e4 apua toisen j\u00e4senen k\u00e4yt\u00f6ksen korjaamisessa, voimme kysy\u00e4 neuvoa muilta tai tutustua t\u00e4h\u00e4n oppaaseen.<br><br> <\/p>\n\n\n\n<h3 class=\"wp-block-heading\"><strong>ITAA:n turvallinen kaikille<\/strong><\/h3>\n\n\n\n<p>ITAA:ssa keskitymme jakamiemme sis\u00e4lt\u00f6jen pohjalta omiin henkil\u00f6kohtaisiin kokemuksiimme. V\u00e4lt\u00e4mme kommentoimasta tai nostamasta esiin muita yksitt\u00e4isi\u00e4 j\u00e4seni\u00e4, ei suoraan eik\u00e4 ep\u00e4suorasti. Lis\u00e4ksi se, mik\u00e4 saattaa tuntua yhdelle j\u00e4senelle flirttailulta, voi toiselle tuntua h\u00e4irinn\u00e4lt\u00e4. Olemme ITAA:ssa toipuaksemme riippuvuudestamme, ja meid\u00e4n on suojeltava huolellisesti ryhmiemme turvallisuutta, jotta kaikki voivat toipua.&nbsp;<\/p>\n\n\n\n<p>Jos joku on kertonut meille, ett\u00e4 k\u00e4yt\u00f6ksemme tai sanamme olivat sopimattomia, voimme pohtia tilannetta ja mietti\u00e4, mit\u00e4 muutoksia voimme tehd\u00e4 v\u00e4ltt\u00e4\u00e4ksemme sopimattoman k\u00e4yt\u00f6ksen toistamisen jatkossa. Jos olemme aiheuttaneet vahinkoa, on suositeltavaa hyvitt\u00e4\u00e4 se keskusteltuamme ensin kokeneen ITAA:n j\u00e4senen kanssa. On t\u00e4rke\u00e4\u00e4 saada palautetta ennen hyvityksen tekemist\u00e4, jotta v\u00e4ltet\u00e4\u00e4n lis\u00e4vahingon aiheuttaminen.<br><br> <br><br> <\/p>\n\n\n\n<p>*Lis\u00e4tietoja ja luettavaa varten: <a href=\"http:\/\/www.avcentraloffice.org\/member\/smf-209_en.pdf\">Turvallisuus ja AA: Yhteinen hyvinvointimme<\/a><\/p>\n<!-- PMB print buttons is only displayed on a single post\/page URLs-->","protected":false},"excerpt":{"rendered":"<p>Tarvitsemme ITAA:ta turvallisena paikkana meille kaikille toipua. Ensimm\u00e4inen perinteemme on, ett\u00e4 yhteinen hyvinvointimme on etusijalla; henkil\u00f6kohtainen toipuminen riippuu ITAA:n yhten\u00e4isyydest\u00e4. Aggressiiviset, seksuaaliset tai syrjiv\u00e4t kommentit tai k\u00e4yt\u00f6s, jotka kohdistuvat muihin j\u00e4seniin, eiv\u00e4t ole ITAA:ssa sopivia. Jos uskomme, ett\u00e4 toinen j\u00e4sen on\u2026 <a href=\"https:\/\/internetaddictsanonymous.org\/fi\/safety-in-itaa\/\" class=\"more-link\">Jatka lukemista <span class=\"screen-reader-text\">ITAA:n turvallisuus<\/span><\/a><\/p>","protected":false},"author":35194237,"featured_media":0,"parent":0,"menu_order":0,"comment_status":"closed","ping_status":"closed","template":"full-width-page.php","meta":{"inline_featured_image":false,"_lmt_disableupdate":"no","_lmt_disable":"","jetpack_post_was_ever_published":false,"footnotes":""},"tags":[],"class_list":["post-13073","page","type-page","status-publish","hentry"],"yoast_head":"<!-- This site is optimized with the Yoast SEO plugin v27.3 - https:\/\/yoast.com\/product\/yoast-seo-wordpress\/ -->\n<title>Safety in ITAA &#8211; Internet and Technology Addicts Anonymous<\/title>\n<meta name=\"robots\" content=\"index, follow, max-snippet:-1, max-image-preview:large, max-video-preview:-1\" \/>\n<link rel=\"canonical\" href=\"https:\/\/internetaddictsanonymous.org\/fi\/turvallisuus-itaaassa\/\" \/>\n<meta property=\"og:locale\" content=\"fi_FI\" \/>\n<meta property=\"og:type\" content=\"article\" \/>\n<meta property=\"og:title\" content=\"Safety in ITAA &#8211; Internet and Technology Addicts Anonymous\" \/>\n<meta property=\"og:description\" content=\"We need ITAA to be a safe place for us all to recover. Our first tradition states that our common welfare should come first; personal recovery depends on ITAA unity. Comments or behavior of an aggressive, sexual, or discriminatory nature directed towards other members are not appropriate in ITAA. If we believe another member has &hellip; Continue reading Safety in ITAA\" \/>\n<meta property=\"og:url\" content=\"https:\/\/internetaddictsanonymous.org\/fi\/turvallisuus-itaaassa\/\" \/>\n<meta property=\"og:site_name\" content=\"Internet and Technology Addicts Anonymous\" \/>\n<meta property=\"article:modified_time\" content=\"2026-01-18T19:18:05+00:00\" \/>\n<meta name=\"twitter:card\" content=\"summary_large_image\" \/>\n<meta name=\"twitter:label1\" content=\"Arvioitu lukuaika\" \/>\n\t<meta name=\"twitter:data1\" content=\"7 minuuttia\" \/>\n<script type=\"application\/ld+json\" class=\"yoast-schema-graph\">{\"@context\":\"https:\\\/\\\/schema.org\",\"@graph\":[{\"@type\":\"WebPage\",\"@id\":\"https:\\\/\\\/internetaddictsanonymous.org\\\/safety-in-itaa\\\/\",\"url\":\"https:\\\/\\\/internetaddictsanonymous.org\\\/safety-in-itaa\\\/\",\"name\":\"Safety in ITAA &#8211; Internet and Technology Addicts Anonymous\",\"isPartOf\":{\"@id\":\"https:\\\/\\\/internetaddictsanonymous.org\\\/#website\"},\"datePublished\":\"2021-08-08T19:06:36+00:00\",\"dateModified\":\"2026-01-18T19:18:05+00:00\",\"breadcrumb\":{\"@id\":\"https:\\\/\\\/internetaddictsanonymous.org\\\/safety-in-itaa\\\/#breadcrumb\"},\"inLanguage\":\"fi\",\"potentialAction\":[{\"@type\":\"ReadAction\",\"target\":[\"https:\\\/\\\/internetaddictsanonymous.org\\\/safety-in-itaa\\\/\"]}]},{\"@type\":\"BreadcrumbList\",\"@id\":\"https:\\\/\\\/internetaddictsanonymous.org\\\/safety-in-itaa\\\/#breadcrumb\",\"itemListElement\":[{\"@type\":\"ListItem\",\"position\":1,\"name\":\"Home\",\"item\":\"https:\\\/\\\/internetaddictsanonymous.org\\\/\"},{\"@type\":\"ListItem\",\"position\":2,\"name\":\"Safety in ITAA\"}]},{\"@type\":\"WebSite\",\"@id\":\"https:\\\/\\\/internetaddictsanonymous.org\\\/#website\",\"url\":\"https:\\\/\\\/internetaddictsanonymous.org\\\/\",\"name\":\"Internet and Technology Addicts Anonymous\",\"description\":\"Worldwide 12-step Fellowship for Internet and Technology Addiction\",\"publisher\":{\"@id\":\"https:\\\/\\\/internetaddictsanonymous.org\\\/#organization\"},\"potentialAction\":[{\"@type\":\"SearchAction\",\"target\":{\"@type\":\"EntryPoint\",\"urlTemplate\":\"https:\\\/\\\/internetaddictsanonymous.org\\\/?s={search_term_string}\"},\"query-input\":{\"@type\":\"PropertyValueSpecification\",\"valueRequired\":true,\"valueName\":\"search_term_string\"}}],\"inLanguage\":\"fi\"},{\"@type\":\"Organization\",\"@id\":\"https:\\\/\\\/internetaddictsanonymous.org\\\/#organization\",\"name\":\"Internet and Technology Addicts Anonymous\",\"url\":\"https:\\\/\\\/internetaddictsanonymous.org\\\/\",\"logo\":{\"@type\":\"ImageObject\",\"inLanguage\":\"fi\",\"@id\":\"https:\\\/\\\/internetaddictsanonymous.org\\\/#\\\/schema\\\/logo\\\/image\\\/\",\"url\":\"https:\\\/\\\/internetaddictsanonymous.org\\\/wp-content\\\/uploads\\\/2023\\\/01\\\/cropped-ITAA-logo-480px.png\",\"contentUrl\":\"https:\\\/\\\/internetaddictsanonymous.org\\\/wp-content\\\/uploads\\\/2023\\\/01\\\/cropped-ITAA-logo-480px.png\",\"width\":480,\"height\":480,\"caption\":\"Internet and Technology Addicts Anonymous\"},\"image\":{\"@id\":\"https:\\\/\\\/internetaddictsanonymous.org\\\/#\\\/schema\\\/logo\\\/image\\\/\"}}]}<\/script>\n<!-- \/ Yoast SEO plugin. -->","yoast_head_json":{"title":"Turvallisuus ITAA:ssa \u2013 Internet- ja teknologiariippuvaiset Anonyymit","robots":{"index":"index","follow":"follow","max-snippet":"max-snippet:-1","max-image-preview":"max-image-preview:large","max-video-preview":"max-video-preview:-1"},"canonical":"https:\/\/internetaddictsanonymous.org\/fi\/turvallisuus-itaaassa\/","og_locale":"fi_FI","og_type":"article","og_title":"Safety in ITAA &#8211; Internet and Technology Addicts Anonymous","og_description":"We need ITAA to be a safe place for us all to recover. Our first tradition states that our common welfare should come first; personal recovery depends on ITAA unity. Comments or behavior of an aggressive, sexual, or discriminatory nature directed towards other members are not appropriate in ITAA. If we believe another member has &hellip; Continue reading Safety in ITAA","og_url":"https:\/\/internetaddictsanonymous.org\/fi\/turvallisuus-itaaassa\/","og_site_name":"Internet and Technology Addicts Anonymous","article_modified_time":"2026-01-18T19:18:05+00:00","twitter_card":"summary_large_image","twitter_misc":{"Arvioitu lukuaika":"7 minuuttia"},"schema":{"@context":"https:\/\/schema.org","@graph":[{"@type":"WebPage","@id":"https:\/\/internetaddictsanonymous.org\/safety-in-itaa\/","url":"https:\/\/internetaddictsanonymous.org\/safety-in-itaa\/","name":"Turvallisuus ITAA:ssa \u2013 Internet- ja teknologiariippuvaiset Anonyymit","isPartOf":{"@id":"https:\/\/internetaddictsanonymous.org\/#website"},"datePublished":"2021-08-08T19:06:36+00:00","dateModified":"2026-01-18T19:18:05+00:00","breadcrumb":{"@id":"https:\/\/internetaddictsanonymous.org\/safety-in-itaa\/#breadcrumb"},"inLanguage":"fi","potentialAction":[{"@type":"ReadAction","target":["https:\/\/internetaddictsanonymous.org\/safety-in-itaa\/"]}]},{"@type":"BreadcrumbList","@id":"https:\/\/internetaddictsanonymous.org\/safety-in-itaa\/#breadcrumb","itemListElement":[{"@type":"ListItem","position":1,"name":"Home","item":"https:\/\/internetaddictsanonymous.org\/"},{"@type":"ListItem","position":2,"name":"Safety in ITAA"}]},{"@type":"WebSite","@id":"https:\/\/internetaddictsanonymous.org\/#website","url":"https:\/\/internetaddictsanonymous.org\/","name":"Nimett\u00f6m\u00e4t internetin ja teknologian ongelmak\u00e4ytt\u00e4j\u00e4t","description":"Maailmanlaajuinen 12 askeleen yhteis\u00f6 Internet- ja teknologiariippuvuutta varten","publisher":{"@id":"https:\/\/internetaddictsanonymous.org\/#organization"},"potentialAction":[{"@type":"SearchAction","target":{"@type":"EntryPoint","urlTemplate":"https:\/\/internetaddictsanonymous.org\/?s={search_term_string}"},"query-input":{"@type":"PropertyValueSpecification","valueRequired":true,"valueName":"search_term_string"}}],"inLanguage":"fi"},{"@type":"Organization","@id":"https:\/\/internetaddictsanonymous.org\/#organization","name":"Nimett\u00f6m\u00e4t internetin ja teknologian ongelmak\u00e4ytt\u00e4j\u00e4t","url":"https:\/\/internetaddictsanonymous.org\/","logo":{"@type":"ImageObject","inLanguage":"fi","@id":"https:\/\/internetaddictsanonymous.org\/#\/schema\/logo\/image\/","url":"https:\/\/internetaddictsanonymous.org\/wp-content\/uploads\/2023\/01\/cropped-ITAA-logo-480px.png","contentUrl":"https:\/\/internetaddictsanonymous.org\/wp-content\/uploads\/2023\/01\/cropped-ITAA-logo-480px.png","width":480,"height":480,"caption":"Internet and Technology Addicts Anonymous"},"image":{"@id":"https:\/\/internetaddictsanonymous.org\/#\/schema\/logo\/image\/"}}]}},"jetpack_sharing_enabled":true,"jetpack_shortlink":"https:\/\/wp.me\/P9Fwob-3oR","_links":{"self":[{"href":"https:\/\/internetaddictsanonymous.org\/fi\/wp-json\/wp\/v2\/pages\/13073","targetHints":{"allow":["GET"]}}],"collection":[{"href":"https:\/\/internetaddictsanonymous.org\/fi\/wp-json\/wp\/v2\/pages"}],"about":[{"href":"https:\/\/internetaddictsanonymous.org\/fi\/wp-json\/wp\/v2\/types\/page"}],"author":[{"embeddable":true,"href":"https:\/\/internetaddictsanonymous.org\/fi\/wp-json\/wp\/v2\/users\/35194237"}],"replies":[{"embeddable":true,"href":"https:\/\/internetaddictsanonymous.org\/fi\/wp-json\/wp\/v2\/comments?post=13073"}],"version-history":[{"count":8,"href":"https:\/\/internetaddictsanonymous.org\/fi\/wp-json\/wp\/v2\/pages\/13073\/revisions"}],"predecessor-version":[{"id":20910,"href":"https:\/\/internetaddictsanonymous.org\/fi\/wp-json\/wp\/v2\/pages\/13073\/revisions\/20910"}],"wp:attachment":[{"href":"https:\/\/internetaddictsanonymous.org\/fi\/wp-json\/wp\/v2\/media?parent=13073"}],"wp:term":[{"taxonomy":"post_tag","embeddable":true,"href":"https:\/\/internetaddictsanonymous.org\/fi\/wp-json\/wp\/v2\/tags?post=13073"}],"curies":[{"name":"wp","href":"https:\/\/api.w.org\/{rel}","templated":true}]}}