{"id":13592,"date":"2022-03-24T00:02:20","date_gmt":"2022-03-24T00:02:20","guid":{"rendered":"https:\/\/internetaddictsanonymous.org\/?page_id=13592"},"modified":"2025-01-21T13:31:26","modified_gmt":"2025-01-21T21:31:26","slug":"gsr","status":"publish","type":"page","link":"https:\/\/internetaddictsanonymous.org\/fi\/gsr\/","title":{"rendered":"Mik\u00e4 on ITAA:n &#039;ryhm\u00e4palveluedustaja&#039;?"},"content":{"rendered":"<p>&#039;Ryhm\u00e4palveluedustaja&#039; (GSR) on ITAA:n j\u00e4sen, jonka tietty ITAA-ryhm\u00e4 on valinnut edustamaan ryhm\u00e4\u00e4 kansainv\u00e4lisiss\u00e4 palvelukokouksissa (ISM). ITAA:n palvelurakenne muistuttaa k\u00e4\u00e4nteist\u00e4 pyramidia, jossa ryhm\u00e4t ovat ylh\u00e4\u00e4ll\u00e4 ja ISM alhaalla. Toisin sanoen kansainv\u00e4liset palvelukokoukset palvelevat ryhmien etuja. T\u00e4m\u00e4 tarkoittaa, ett\u00e4 t\u00e4rkeint\u00e4 palveluelimillemme teht\u00e4v\u00e4ss\u00e4 p\u00e4\u00e4t\u00f6ksenteossa on, ett\u00e4 kaikkien ITAA-ryhmien tarpeet ja n\u00e4k\u00f6kulmat ovat hyvin edustettuina. GSR:t varmistavat, ett\u00e4 ryhmiemme \u00e4\u00e4net tulevat kuulluiksi teht\u00e4ess\u00e4 p\u00e4\u00e4t\u00f6ksentekoa.<\/p>\n\n\n\n<p>Vaikka GSR-j\u00e4senill\u00e4 on erityinen vastuu edustaa ryhmiens\u00e4 n\u00e4kemyksi\u00e4, kaikkia ITAA:n j\u00e4seni\u00e4 kannustetaan vahvasti osallistumaan ja \u00e4\u00e4nest\u00e4m\u00e4\u00e4n ISM:ss\u00e4, sill\u00e4 t\u00e4m\u00e4 auttaa parantamaan yhteis\u00f6mme p\u00e4\u00e4t\u00f6sten monimuotoisuutta ja vahvuutta.&nbsp;<\/p>\n\n\n\n<p>Jokainen ryhm\u00e4 on itsen\u00e4inen ja voi asettaa omat vaatimuksensa, toimikauden pituuden ja teht\u00e4v\u00e4t GSR:lleen\/GSR:illeen. Alla on joitakin ehdotuksia siit\u00e4, miten ryhm\u00e4t voisivat m\u00e4\u00e4ritell\u00e4 GSR:n palveluroolin kokouksessaan.<\/p>\n\n\n\n<h3 class=\"wp-block-heading\"><strong>Ehdotetut vaatimukset<\/strong><\/h3>\n\n\n\n<p>Jokainen ryhm\u00e4 voi m\u00e4\u00e4ritt\u00e4\u00e4 GSR-palveluroolilleen ne vaatimukset, jotka ryhm\u00e4n omatunto katsoo kohtuullisiksi. Joitakin esimerkkej\u00e4 vaatimuksista voisivat olla:<\/p>\n\n\n\n<ul class=\"wp-block-list\">\n<li>Halukkuus<\/li>\n\n\n\n<li>Ollessani osallistunut v\u00e4hint\u00e4\u00e4n 10 ITAA:n kokoukseen<\/li>\n\n\n\n<li>Oltuani ITAA:ssa 3 kuukautta<\/li>\n\n\n\n<li>Osallistut s\u00e4\u00e4nn\u00f6llisesti edustamasi ryhm\u00e4n kokouksiin<\/li>\n\n\n\n<li>Mahdollisuus osallistua edustamasi ryhm\u00e4n ryhm\u00e4tuntoon\u00a0<\/li>\n\n\n\n<li>Osallistuu s\u00e4\u00e4nn\u00f6llisesti ITAA:n kokouksiin<\/li>\n\n\n\n<li>Ty\u00f6skentelee parhaillaan vaiheiden parissa<\/li>\n\n\n\n<li>Perinteiden ja k\u00e4sitteiden tuntemus<\/li>\n\n\n\n<li>Vakaan raittiuden yll\u00e4pit\u00e4minen sellaisena kuin sin\u00e4 sen m\u00e4\u00e4rittelet<\/li>\n\n\n\n<li>Mahdollisuus osallistua yhteen kahdesta ISM-kokousten kiert\u00e4v\u00e4st\u00e4 kokousajasta<\/li>\n\n\n\n<li>Ei viel\u00e4 toisen ryhm\u00e4n GSR<\/li>\n\n\n\n<li>Ei vaatimuksia<\/li>\n<\/ul>\n\n\n\n<h3 class=\"wp-block-heading\"><strong>Ehdotettu lukukauden pituus<\/strong><\/h3>\n\n\n\n<p>Jokaisella ryhm\u00e4ll\u00e4 on my\u00f6s valtuudet asettaa t\u00e4m\u00e4n palveluroolin toimikauden pituus. Kansainv\u00e4linen apuraha on ehdottanut enint\u00e4\u00e4n kahden vuoden toimikaudeksi.<\/p>\n\n\n\n<h3 class=\"wp-block-heading\"><strong>Ehdotetut vastuut<\/strong><\/h3>\n\n\n\n<p>GSR:t yhdist\u00e4v\u00e4t ISM-kokouksen edustamansa ryhm\u00e4n kanssa. Jokainen ryhm\u00e4 voi p\u00e4\u00e4tt\u00e4\u00e4 GSR:ns\u00e4\/GSR:iens\u00e4 vastuualueista. T\u00e4t\u00e4 varten GSR:t voivat:<\/p>\n\n\n\n<ul class=\"wp-block-list\">\n<li>Osallistu kansainv\u00e4lisiin palvelukokouksiin keskustelemalla ja \u00e4\u00e4nest\u00e4m\u00e4ll\u00e4<\/li>\n\n\n\n<li>Edustaa ryhm\u00e4ns\u00e4 tarpeita ja n\u00e4k\u00f6kulmia kansainv\u00e4lisiss\u00e4 palvelukokouksissa<\/li>\n\n\n\n<li>Ilmoita ryhm\u00e4lleen kaikista asiaankuuluvista p\u00e4\u00e4t\u00f6ksist\u00e4 tai tiedoista<\/li>\n\n\n\n<li>Harjoittele ITAA:n 12 perinnett\u00e4 heid\u00e4n palveluksensa kautta<\/li>\n\n\n\n<li>Tarvittaessa pit\u00e4\u00e4 ryhm\u00e4tietoisia kokouksia heid\u00e4n kotiryhmiss\u00e4\u00e4n ISM-kokouksissa k\u00e4sitelt\u00e4vist\u00e4 asialistan asioista ja sitten v\u00e4litt\u00e4\u00e4 ryhm\u00e4tietoisuuden tulokset ja n\u00e4kemykset ISM:lle.<\/li>\n<\/ul>\n\n\n\n<p>Yksitt\u00e4iset ryhm\u00e4t voivat my\u00f6s p\u00e4\u00e4tt\u00e4\u00e4 vaihtoehtoisista tai lis\u00e4teht\u00e4vist\u00e4.<\/p>\n\n\n\n<h3 class=\"wp-block-heading\"><strong>Tutustuminen ITAA:n kahteentoista perinteeseen<\/strong><\/h3>\n\n\n\n<p>Vaikka kaksitoista askelta ohjaavat meit\u00e4 yksil\u00f6llisill\u00e4 toipumispoluillamme, kaksitoista perinnett\u00e4 auttavat pit\u00e4m\u00e4\u00e4n ryhm\u00e4mme ja laajemman yhteis\u00f6mme vakaalla hengellisell\u00e4 pohjalla palvellessamme. Luotettuina palvelijoina GSR:ien on ymm\u00e4rrett\u00e4v\u00e4 perinteit\u00e4 tai oltava halukkaita oppimaan niist\u00e4. Perinteit\u00e4 k\u00e4sittelev\u00e4n kirjallisuuden lukeminen on eritt\u00e4in hy\u00f6dyllist\u00e4. T\u00e4t\u00e4 varten t\u00e4m\u00e4n asiakirjan lopussa on joitakin ehdotettuja resursseja.&nbsp;<\/p>\n\n\n\n<p>Tietyist\u00e4 perinteist\u00e4 voi olla erilaisia tulkintoja, ja lopulta pyrimme soveltamaan ja yll\u00e4pit\u00e4m\u00e4\u00e4n niit\u00e4 parhaamme mukaan ja luotamme siihen, ett\u00e4 Korkeamman Voimamme tahto paljastuu ryhm\u00e4tietoisuuden kautta. Kun olemme ep\u00e4varmoja siit\u00e4, miten tietty\u00e4 perinnett\u00e4 tulisi tulkita tai soveltaa, voimme kysy\u00e4 ohjausta kanssapalveluksessa olevilta kanssaihmisilt\u00e4mme.&nbsp;<\/p>\n\n\n\n<h3 class=\"wp-block-heading\"><strong>Useiden GSR-j\u00e4senten valitsemisesta<\/strong><\/h3>\n\n\n\n<p>ITAA:lla on t\u00e4ll\u00e4 hetkell\u00e4 l\u00e4hes 100 ryhm\u00e4\u00e4 (sek\u00e4 verkossa ett\u00e4 kasvokkain), ja j\u00e4seni\u00e4 on jokaiselta mantereelta. Koska ITAA on kansainv\u00e4linen yhteis\u00f6, kansainv\u00e4liset palvelukokouksemme pidet\u00e4\u00e4n kiert\u00e4v\u00e4ll\u00e4 aikataululla, jotta eri aikavy\u00f6hykkeill\u00e4 olevat j\u00e4senet voivat osallistua. Ihannetapauksessa jokaisessa ISM:ss\u00e4 olisi edustajia monista, ellei kaikista, ITAA-ryhmist\u00e4. T\u00e4t\u00e4 varten ryhm\u00e4t voivat p\u00e4\u00e4tt\u00e4\u00e4 valita useita eri aikavy\u00f6hykkeill\u00e4 toimivia GSR:i\u00e4, jotta ne voivat l\u00e4hett\u00e4\u00e4 edustajan kaikkiin ISM:iin.&nbsp;<\/p>\n\n\n\n<p>Toisaalta ryhm\u00e4t saattavat haluta v\u00e4ltt\u00e4\u00e4 yhden j\u00e4senen valitsemista useiden ryhmien vastuuhenkil\u00f6ksi, jotta useammilla j\u00e4senill\u00e4 on mahdollisuus palvella ja osallistua koko yhteis\u00f6mme ryhm\u00e4n omatuntoon.<\/p>\n\n\n\n<h3 class=\"wp-block-heading\"><strong>\u00c4\u00e4nest\u00e4minen kansainv\u00e4lisiss\u00e4 palvelukokouksissa<\/strong><\/h3>\n\n\n\n<p>ITAA:ssa kuka tahansa j\u00e4sen voi osallistua ja \u00e4\u00e4nest\u00e4\u00e4 kansainv\u00e4lisiss\u00e4 palvelukokouksissa. Osallistuakseen ja \u00e4\u00e4nest\u00e4\u00e4kseen ei tarvitse olla valittu GSR:ksi.<\/p>\n\n\n\n<h3 class=\"wp-block-heading\"><strong>Suositellut resurssit GSR:ille<\/strong><\/h3>\n\n\n\n<p>Kahdentoista perinteen harjoittaminen on keskeist\u00e4 palvelussamme ryhm\u00e4n j\u00e4senin\u00e4. Lis\u00e4ksi Robertin j\u00e4rjestyss\u00e4\u00e4nn\u00f6t ovat menetelm\u00e4 ryhm\u00e4n omantunnon toteuttamiseen ja prosessi keskustelun ja \u00e4\u00e4nestyksen l\u00e4piviemiseksi siten, ett\u00e4 kaikkien \u00e4\u00e4ni tulee kuuluviin. K\u00e4yt\u00e4mme Robertin s\u00e4\u00e4nt\u00f6j\u00e4 kansainv\u00e4listen palvelukokousten j\u00e4rjest\u00e4miseen. Suosittelemme, ett\u00e4 ryhm\u00e4n j\u00e4senet tutustuvat seuraaviin resursseihin:<\/p>\n\n\n\n<ul class=\"wp-block-list\">\n<li><a href=\"https:\/\/internetaddictsanonymous.org\/fi\/12-askelta-itaata\/\">ITAA:n 12 perinnett\u00e4<\/a><\/li>\n\n\n\n<li><a href=\"https:\/\/drive.google.com\/file\/d\/13_d1quYWWJbjwdo9M9LPnczjkyfL1ypR\/view?usp=sharing\">ITAA:n opas Robertin j\u00e4rjestyss\u00e4\u00e4nt\u00f6ihin<\/a><\/li>\n<\/ul>\n\n\n\n<p>Monet meist\u00e4 ovat l\u00f6yt\u00e4neet arvokasta ohjausta my\u00f6s muiden 12 askeleen apurahojen kirjallisuudesta, vaikka kaikki yksityiskohdat eiv\u00e4t sovellukaan ITAA:han:<\/p>\n\n\n\n<ul class=\"wp-block-list\">\n<li><a href=\"https:\/\/www.aa.org\/pages\/en_US\/twelve-steps-and-twelve-traditions\">AA 12 askelta ja 12 perinnett\u00e4<\/a><\/li>\n\n\n\n<li><a href=\"https:\/\/www.alcoholics-anonymous.org.uk\/download\/1\/Library\/Documents\/Literature%20Downloads\/3345%20Twelve%20Traditions%20Checklist.pdf\">AA 12 -perinteiden tarkistuslista<\/a><\/li>\n\n\n\n<li><a href=\"https:\/\/www.aa.org\/sites\/default\/files\/literature\/assets\/p-19_gsr.pdf\">AA GSR -esite<\/a><\/li>\n\n\n\n<li><a href=\"https:\/\/al-anon.org\/pdf\/G11.pdf%20https:\/\/www.alcoholics-\">Al-Anon GSR -esite<\/a><\/li>\n\n\n\n<li><a href=\"http:\/\/www.alcoholics-anonymous.org.uk\/download\/1\/Library\/Documents\/Literature%20Downloads\/3300%20Twelve%20Concepts%20Illustrated.pdf\">AA 12 -k\u00e4sitteet kuvitettuna<\/a><\/li>\n\n\n\n<li><a href=\"http:\/\/www.alcoholics-anonymous.org.uk\/download\/1\/Library\/Documents\/Literature%20Downloads\/3346%20Twelve%20Concepts%20Checklist.pdf\">AA 12 -k\u00e4sitteiden tarkistuslista<\/a><\/li>\n\n\n\n<li><a href=\"http:\/\/aagb.silverink.ie\/download\/1\/Library\/Documents\/Handbooks\/AA%20Service%20Handbook%20for%20Great%20Britain%204th%20edition%202018.pdf\">AA-palveluk\u00e4sikirja<\/a><\/li>\n<\/ul>\n<!-- PMB print buttons is only displayed on a single post\/page URLs-->","protected":false},"excerpt":{"rendered":"<p>A \u2018Group Service Representative\u2019 (GSR) is a member of ITAA who has been elected by a particular ITAA group to represent that group at International Service Meetings (ISMs). ITAA\u2019s service structure resembles an inverted pyramid, with the groups at the top, and the ISM at the bottom. In other words, the International Service Meetings serves &hellip; <a href=\"https:\/\/internetaddictsanonymous.org\/fi\/gsr\/\" class=\"more-link\">Jatka lukemista <span class=\"screen-reader-text\">Mik\u00e4 on ITAA:n &#039;ryhm\u00e4palveluedustaja&#039;?<\/span><\/a><\/p>","protected":false},"author":35194255,"featured_media":0,"parent":0,"menu_order":0,"comment_status":"closed","ping_status":"closed","template":"full-width-page.php","meta":{"inline_featured_image":false,"_lmt_disableupdate":"","_lmt_disable":"","jetpack_post_was_ever_published":false,"footnotes":""},"tags":[],"class_list":["post-13592","page","type-page","status-publish","hentry"],"yoast_head":"<!-- This site is optimized with the Yoast SEO plugin v27.3 - https:\/\/yoast.com\/product\/yoast-seo-wordpress\/ -->\n<title>What is a \u2018Group Service Representative\u2019 in ITAA? &#8211; Internet and Technology Addicts Anonymous<\/title>\n<meta name=\"robots\" content=\"index, follow, max-snippet:-1, max-image-preview:large, max-video-preview:-1\" \/>\n<link rel=\"canonical\" href=\"https:\/\/internetaddictsanonymous.org\/fi\/gsr\/\" \/>\n<meta property=\"og:locale\" content=\"fi_FI\" \/>\n<meta property=\"og:type\" content=\"article\" \/>\n<meta property=\"og:title\" content=\"What is a \u2018Group Service Representative\u2019 in ITAA? &#8211; Internet and Technology Addicts Anonymous\" \/>\n<meta property=\"og:description\" content=\"A \u2018Group Service Representative\u2019 (GSR) is a member of ITAA who has been elected by a particular ITAA group to represent that group at International Service Meetings (ISMs). ITAA\u2019s service structure resembles an inverted pyramid, with the groups at the top, and the ISM at the bottom. In other words, the International Service Meetings serves &hellip; Continue reading What is a \u2018Group Service Representative\u2019 in ITAA?\" \/>\n<meta property=\"og:url\" content=\"https:\/\/internetaddictsanonymous.org\/fi\/gsr\/\" \/>\n<meta property=\"og:site_name\" content=\"Internet and Technology Addicts Anonymous\" \/>\n<meta property=\"article:modified_time\" content=\"2025-01-21T21:31:26+00:00\" \/>\n<meta name=\"twitter:card\" content=\"summary_large_image\" \/>\n<meta name=\"twitter:label1\" content=\"Arvioitu lukuaika\" \/>\n\t<meta name=\"twitter:data1\" content=\"4 minuuttia\" \/>\n<script type=\"application\/ld+json\" class=\"yoast-schema-graph\">{\"@context\":\"https:\\\/\\\/schema.org\",\"@graph\":[{\"@type\":\"WebPage\",\"@id\":\"https:\\\/\\\/internetaddictsanonymous.org\\\/gsr\\\/\",\"url\":\"https:\\\/\\\/internetaddictsanonymous.org\\\/gsr\\\/\",\"name\":\"What is a \u2018Group Service Representative\u2019 in ITAA? &#8211; Internet and Technology Addicts Anonymous\",\"isPartOf\":{\"@id\":\"https:\\\/\\\/internetaddictsanonymous.org\\\/#website\"},\"datePublished\":\"2022-03-24T00:02:20+00:00\",\"dateModified\":\"2025-01-21T21:31:26+00:00\",\"breadcrumb\":{\"@id\":\"https:\\\/\\\/internetaddictsanonymous.org\\\/gsr\\\/#breadcrumb\"},\"inLanguage\":\"fi\",\"potentialAction\":[{\"@type\":\"ReadAction\",\"target\":[\"https:\\\/\\\/internetaddictsanonymous.org\\\/gsr\\\/\"]}]},{\"@type\":\"BreadcrumbList\",\"@id\":\"https:\\\/\\\/internetaddictsanonymous.org\\\/gsr\\\/#breadcrumb\",\"itemListElement\":[{\"@type\":\"ListItem\",\"position\":1,\"name\":\"Home\",\"item\":\"https:\\\/\\\/internetaddictsanonymous.org\\\/\"},{\"@type\":\"ListItem\",\"position\":2,\"name\":\"What is a \u2018Group Service Representative\u2019 in ITAA?\"}]},{\"@type\":\"WebSite\",\"@id\":\"https:\\\/\\\/internetaddictsanonymous.org\\\/#website\",\"url\":\"https:\\\/\\\/internetaddictsanonymous.org\\\/\",\"name\":\"Internet and Technology Addicts Anonymous\",\"description\":\"Worldwide 12-step Fellowship for Internet and Technology Addiction\",\"publisher\":{\"@id\":\"https:\\\/\\\/internetaddictsanonymous.org\\\/#organization\"},\"potentialAction\":[{\"@type\":\"SearchAction\",\"target\":{\"@type\":\"EntryPoint\",\"urlTemplate\":\"https:\\\/\\\/internetaddictsanonymous.org\\\/?s={search_term_string}\"},\"query-input\":{\"@type\":\"PropertyValueSpecification\",\"valueRequired\":true,\"valueName\":\"search_term_string\"}}],\"inLanguage\":\"fi\"},{\"@type\":\"Organization\",\"@id\":\"https:\\\/\\\/internetaddictsanonymous.org\\\/#organization\",\"name\":\"Internet and Technology Addicts Anonymous\",\"url\":\"https:\\\/\\\/internetaddictsanonymous.org\\\/\",\"logo\":{\"@type\":\"ImageObject\",\"inLanguage\":\"fi\",\"@id\":\"https:\\\/\\\/internetaddictsanonymous.org\\\/#\\\/schema\\\/logo\\\/image\\\/\",\"url\":\"https:\\\/\\\/internetaddictsanonymous.org\\\/wp-content\\\/uploads\\\/2023\\\/01\\\/cropped-ITAA-logo-480px.png\",\"contentUrl\":\"https:\\\/\\\/internetaddictsanonymous.org\\\/wp-content\\\/uploads\\\/2023\\\/01\\\/cropped-ITAA-logo-480px.png\",\"width\":480,\"height\":480,\"caption\":\"Internet and Technology Addicts Anonymous\"},\"image\":{\"@id\":\"https:\\\/\\\/internetaddictsanonymous.org\\\/#\\\/schema\\\/logo\\\/image\\\/\"}}]}<\/script>\n<!-- \/ Yoast SEO plugin. -->","yoast_head_json":{"title":"Mik\u00e4 on ITAA:n &#039;ryhm\u00e4palveluedustaja&#039;? \u2013 Internet- ja teknologiariippuvaiset Anonyymit","robots":{"index":"index","follow":"follow","max-snippet":"max-snippet:-1","max-image-preview":"max-image-preview:large","max-video-preview":"max-video-preview:-1"},"canonical":"https:\/\/internetaddictsanonymous.org\/fi\/gsr\/","og_locale":"fi_FI","og_type":"article","og_title":"What is a \u2018Group Service Representative\u2019 in ITAA? &#8211; Internet and Technology Addicts Anonymous","og_description":"A \u2018Group Service Representative\u2019 (GSR) is a member of ITAA who has been elected by a particular ITAA group to represent that group at International Service Meetings (ISMs). ITAA\u2019s service structure resembles an inverted pyramid, with the groups at the top, and the ISM at the bottom. In other words, the International Service Meetings serves &hellip; Continue reading What is a \u2018Group Service Representative\u2019 in ITAA?","og_url":"https:\/\/internetaddictsanonymous.org\/fi\/gsr\/","og_site_name":"Internet and Technology Addicts Anonymous","article_modified_time":"2025-01-21T21:31:26+00:00","twitter_card":"summary_large_image","twitter_misc":{"Arvioitu lukuaika":"4 minuuttia"},"schema":{"@context":"https:\/\/schema.org","@graph":[{"@type":"WebPage","@id":"https:\/\/internetaddictsanonymous.org\/gsr\/","url":"https:\/\/internetaddictsanonymous.org\/gsr\/","name":"Mik\u00e4 on ITAA:n &#039;ryhm\u00e4palveluedustaja&#039;? \u2013 Internet- ja teknologiariippuvaiset Anonyymit","isPartOf":{"@id":"https:\/\/internetaddictsanonymous.org\/#website"},"datePublished":"2022-03-24T00:02:20+00:00","dateModified":"2025-01-21T21:31:26+00:00","breadcrumb":{"@id":"https:\/\/internetaddictsanonymous.org\/gsr\/#breadcrumb"},"inLanguage":"fi","potentialAction":[{"@type":"ReadAction","target":["https:\/\/internetaddictsanonymous.org\/gsr\/"]}]},{"@type":"BreadcrumbList","@id":"https:\/\/internetaddictsanonymous.org\/gsr\/#breadcrumb","itemListElement":[{"@type":"ListItem","position":1,"name":"Home","item":"https:\/\/internetaddictsanonymous.org\/"},{"@type":"ListItem","position":2,"name":"What is a \u2018Group Service Representative\u2019 in ITAA?"}]},{"@type":"WebSite","@id":"https:\/\/internetaddictsanonymous.org\/#website","url":"https:\/\/internetaddictsanonymous.org\/","name":"Nimett\u00f6m\u00e4t internetin ja teknologian ongelmak\u00e4ytt\u00e4j\u00e4t","description":"Maailmanlaajuinen 12 askeleen yhteis\u00f6 Internet- ja teknologiariippuvuutta varten","publisher":{"@id":"https:\/\/internetaddictsanonymous.org\/#organization"},"potentialAction":[{"@type":"SearchAction","target":{"@type":"EntryPoint","urlTemplate":"https:\/\/internetaddictsanonymous.org\/?s={search_term_string}"},"query-input":{"@type":"PropertyValueSpecification","valueRequired":true,"valueName":"search_term_string"}}],"inLanguage":"fi"},{"@type":"Organization","@id":"https:\/\/internetaddictsanonymous.org\/#organization","name":"Nimett\u00f6m\u00e4t internetin ja teknologian ongelmak\u00e4ytt\u00e4j\u00e4t","url":"https:\/\/internetaddictsanonymous.org\/","logo":{"@type":"ImageObject","inLanguage":"fi","@id":"https:\/\/internetaddictsanonymous.org\/#\/schema\/logo\/image\/","url":"https:\/\/internetaddictsanonymous.org\/wp-content\/uploads\/2023\/01\/cropped-ITAA-logo-480px.png","contentUrl":"https:\/\/internetaddictsanonymous.org\/wp-content\/uploads\/2023\/01\/cropped-ITAA-logo-480px.png","width":480,"height":480,"caption":"Internet and Technology Addicts Anonymous"},"image":{"@id":"https:\/\/internetaddictsanonymous.org\/#\/schema\/logo\/image\/"}}]}},"jetpack_sharing_enabled":true,"jetpack_shortlink":"https:\/\/wp.me\/P9Fwob-3xe","_links":{"self":[{"href":"https:\/\/internetaddictsanonymous.org\/fi\/wp-json\/wp\/v2\/pages\/13592","targetHints":{"allow":["GET"]}}],"collection":[{"href":"https:\/\/internetaddictsanonymous.org\/fi\/wp-json\/wp\/v2\/pages"}],"about":[{"href":"https:\/\/internetaddictsanonymous.org\/fi\/wp-json\/wp\/v2\/types\/page"}],"author":[{"embeddable":true,"href":"https:\/\/internetaddictsanonymous.org\/fi\/wp-json\/wp\/v2\/users\/35194255"}],"replies":[{"embeddable":true,"href":"https:\/\/internetaddictsanonymous.org\/fi\/wp-json\/wp\/v2\/comments?post=13592"}],"version-history":[{"count":9,"href":"https:\/\/internetaddictsanonymous.org\/fi\/wp-json\/wp\/v2\/pages\/13592\/revisions"}],"predecessor-version":[{"id":19241,"href":"https:\/\/internetaddictsanonymous.org\/fi\/wp-json\/wp\/v2\/pages\/13592\/revisions\/19241"}],"wp:attachment":[{"href":"https:\/\/internetaddictsanonymous.org\/fi\/wp-json\/wp\/v2\/media?parent=13592"}],"wp:term":[{"taxonomy":"post_tag","embeddable":true,"href":"https:\/\/internetaddictsanonymous.org\/fi\/wp-json\/wp\/v2\/tags?post=13592"}],"curies":[{"name":"wp","href":"https:\/\/api.w.org\/{rel}","templated":true}]}}