{"id":14154,"date":"2022-08-29T17:23:26","date_gmt":"2022-08-29T17:23:26","guid":{"rendered":"https:\/\/internetaddictsanonymous.org\/?page_id=14154"},"modified":"2024-06-16T20:37:33","modified_gmt":"2024-06-17T00:37:33","slug":"kirjallisuutta-ja-oppaita","status":"publish","type":"page","link":"https:\/\/internetaddictsanonymous.org\/fi\/literature-and-guides\/","title":{"rendered":"Luettavaa"},"content":{"rendered":"<p>Alla on luettelo kirjallisista l\u00e4hteist\u00e4, jotka k\u00e4sittelev\u00e4t riippuvuutemme luonnetta ja sit\u00e4, miten voimme parhaiten navigoida toipumismatkallamme. N\u00e4m\u00e4 l\u00e4hteet ovat laatineet verkkosis\u00e4lt\u00f6komiteamme ja kirjallisuuskomiteamme. Jos haluat antaa palautetta tai osallistua pyrkimyksiimme, kuulemme mielell\u00e4mme sinusta tai kutsumme sinut johonkin kokouksiimme. Lis\u00e4tietoja l\u00f6ytyy osoitteesta&nbsp;<a href=\"https:\/\/internetaddictsanonymous.org\/fi\/avoimet-palveluspaikat\/\">Palvelukomiteat<\/a>&nbsp;sivu.<\/p>\n\n\n\n<h2 class=\"wp-block-heading\">Aloittaminen<\/h2>\n\n\n\n<div class=\"wp-block-columns is-layout-flex wp-container-core-columns-is-layout-9d6595d7 wp-block-columns-is-layout-flex\">\n<div class=\"wp-block-column is-layout-flow wp-block-column-is-layout-flow\">\n<p><strong><a href=\"https:\/\/internetaddictsanonymous.org\/fi\/tulokkaan-oppaan\/\">Opas tulokkaille<\/a><br><\/strong>Kuusi yksinkertaista ehdotusta ITAA:n aloittamiseen.<\/p>\n\n\n\n<p><strong><a href=\"https:\/\/internetaddictsanonymous.org\/fi\/resurssit\/toipumisen-tyokalut\/\">Toipumisen ty\u00f6kalut<\/a><br><\/strong>Aikaansa testattuja ty\u00f6kaluja ja strategioita, jotka voivat auttaa meit\u00e4 pysym\u00e4\u00e4n raittiina.<\/p>\n\n\n\n<p><strong><a href=\"https:\/\/internetaddictsanonymous.org\/fi\/raittiuden-loytamisen-tyokirja-johdatus-internetriippuvuudesta-toipumiseen\/\">Raittiuden l\u00f6yt\u00e4minen -ty\u00f6seloste<\/a><\/strong><br>Ty\u00f6arkki, jonka tarkoituksena on auttaa meit\u00e4 kartoittamaan tuloksemme, keskitasomme ja tuloksemme kysymysten ja ohjeiden avulla.<\/p>\n<\/div>\n\n\n\n<div class=\"wp-block-column is-layout-flow wp-block-column-is-layout-flow\">\n<p><strong><a href=\"https:\/\/internetaddictsanonymous.org\/fi\/toipumistarinoita\/\">Toipumistarinat<\/a><br><\/strong>ITAA:n toipuneiden j\u00e4senten \u00e4\u00e4nitettyj\u00e4 ja kirjoitettuja tarinoita.<\/p>\n\n\n\n<p><strong><a href=\"https:\/\/drive.google.com\/file\/d\/1y8ZgwLScawJeQq0LZ8vN3THEhiBk4YAv\/view\">ITAA:n tervetulolehtinen<\/a><\/strong><br>Tulostettava kolmitaittoinen esite, joka antaa yleiskatsauksen ITAA-ohjelmasta (<a href=\"https:\/\/drive.google.com\/file\/d\/1fmIJRc_6SpHw75_1qrfd7NkuC-67Epxm\/view?usp=sharing\" target=\"_blank\" rel=\"noreferrer noopener\">A4<\/a>) (<a href=\"https:\/\/docs.google.com\/document\/d\/1SJDReYLLhs5hgC0I1hotkrCmZ3-6YZmxTNB7lb27KJM\/edit?usp=sharing\" target=\"_blank\" rel=\"noreferrer noopener\">tulostusohjeet<\/a>).<\/p>\n\n\n\n<p><strong><a href=\"https:\/\/internetaddictsanonymous.org\/fi\/12-askelta-itaata\/\">ITAA:n kaksitoista askelta ja kaksitoista perinnett\u00e4<\/a><br><\/strong>Ohjelmamme ohjaavat periaatteet.<\/p>\n<\/div>\n<\/div>\n\n\n\n<p><\/p>\n\n\n\n<h2 class=\"wp-block-heading\">Elpymisen syvent\u00e4minen<\/h2>\n\n\n\n<div class=\"wp-block-columns is-layout-flex wp-container-core-columns-is-layout-9d6595d7 wp-block-columns-is-layout-flex\">\n<div class=\"wp-block-column is-layout-flow wp-block-column-is-layout-flow\">\n<p><a href=\"https:\/\/internetaddictsanonymous.org\/fi\/opas-nostoihin\/\"><strong>Nostojen navigointi<\/strong><\/a><br>Kuvaus vieroitusprosessista sek\u00e4 nelj\u00e4n j\u00e4senen toipumistarinoita.<\/p>\n\n\n\n<p><a href=\"https:\/\/internetaddictsanonymous.org\/fi\/opas-raittiuden-lipsahduksiin-ja-retkahduksiin-itaassa\/\"><strong>Raittiuden, lipsahdusten ja retkahdusten ymm\u00e4rt\u00e4minen<\/strong><\/a><br>Yleiskatsaus siihen, mit\u00e4 raittius tarkoittaa ITAA:ssa, sek\u00e4 siihen, miten lipsahduksia ja retkahduksia voi ehk\u00e4ist\u00e4 ja niist\u00e4 voi oppia.<\/p>\n\n\n\n<p><strong><a href=\"https:\/\/internetaddictsanonymous.org\/fi\/opas-etsiviin-puheluihin-itaassa\/\">Outreach-puheluiden tekeminen<\/a><br><\/strong>Opas muiden j\u00e4senten kutsumiseen kokousten ulkopuolella, joka on yksi toipumisemme t\u00e4rkeimmist\u00e4 ty\u00f6kaluista.<\/p>\n<\/div>\n\n\n\n<div class=\"wp-block-column is-layout-flow wp-block-column-is-layout-flow\">\n<p><a href=\"https:\/\/internetaddictsanonymous.org\/fi\/sponsorointi\/\"><strong>Sponsoroinnin merkitys<\/strong><\/a><br>Sponsorointi on ep\u00e4virallinen suhde, jossa kokeneempi ITAA:n j\u00e4sen opastaa meit\u00e4 toipumisessa.<\/p>\n\n\n\n<p><a href=\"https:\/\/internetaddictsanonymous.org\/fi\/resurssit\/miten-vaiheet-tehdaan\/\"><strong>Miten askeleet toimivat<\/strong><br><\/a>Resursseja, joita voimme k\u00e4ytt\u00e4\u00e4 Kahdentoista askeleen ty\u00f6st\u00e4miseen.<\/p>\n\n\n\n<p><a href=\"https:\/\/internetaddictsanonymous.org\/fi\/the-doctors-opinion\/\"><strong>Tieteellinen n\u00e4ytt\u00f6 internet- ja teknologiariippuvuudesta<\/strong><\/a><br>Katsaus internet- ja teknologiariippuvuuden vaikutuksiin ja seurauksiin.<\/p>\n<\/div>\n<\/div>\n\n\n\n<p><\/p>\n\n\n\n<h2 class=\"wp-block-heading\">Palveleminen<\/h2>\n\n\n\n<div class=\"wp-block-columns is-layout-flex wp-container-core-columns-is-layout-9d6595d7 wp-block-columns-is-layout-flex\">\n<div class=\"wp-block-column is-layout-flow wp-block-column-is-layout-flow\">\n<p><a href=\"https:\/\/internetaddictsanonymous.org\/fi\/leading-and-strengthening-meetings\/\"><strong>Miten kokoukset toimivat<\/strong><\/a><br>Kattava opas vahvojen, terveiden ja kasvavien kokousten luomiseen.<\/p>\n\n\n\n<p><strong><a href=\"https:\/\/internetaddictsanonymous.org\/fi\/opas-ryhmatuntoon\/\">Opas ryhm\u00e4tietoisuuteen<\/a><\/strong><br>Yksityiskohtainen katsaus ryhm\u00e4tietoisuusprosessiin, jonka kautta teemme ryhm\u00e4p\u00e4\u00e4t\u00f6ksi\u00e4.<\/p>\n<\/div>\n\n\n\n<div class=\"wp-block-column is-layout-flow wp-block-column-is-layout-flow\">\n<p><strong><a href=\"https:\/\/internetaddictsanonymous.org\/fi\/turvallisuus-itaaassa\/\">ITAA:n turvallisuus<\/a><br><\/strong>Opas vaaralliseen tai sopimattomaan k\u00e4yt\u00f6kseen reagoimiseen.<\/p>\n\n\n\n<p><strong><a href=\"https:\/\/internetaddictsanonymous.org\/fi\/resurssit\/palveluresurssien-olemassaolo\/chat-ryhmien-periaatteet\/\">Chat-ryhmien periaatteet<\/a><\/strong><br>Opas siit\u00e4, miten varmistaa, ett\u00e4 ITAA:n keskusteluryhm\u00e4t ovat terveellisi\u00e4 v\u00e4lineit\u00e4 toipumisen sanoman levitt\u00e4miseen.<\/p>\n\n\n\n<p><strong><a href=\"https:\/\/internetaddictsanonymous.org\/fi\/gsr\/\">Ryhm\u00e4palveluiden edustajat<\/a><\/strong><br>GSR edustaa yksitt\u00e4ist\u00e4 ryhm\u00e4\u00e4 kansainv\u00e4lisiss\u00e4 palvelukokouksissamme.<br><\/p>\n<\/div>\n<\/div>\n\n\n\n<p><\/p>\n<!-- PMB print buttons is only displayed on a single post\/page URLs-->","protected":false},"excerpt":{"rendered":"<p>Alla on luettelo kirjallisista l\u00e4hteist\u00e4, jotka k\u00e4sittelev\u00e4t riippuvuutemme luonnetta ja sit\u00e4, miten voimme parhaiten navigoida toipumismatkallamme. N\u00e4m\u00e4 l\u00e4hteet ovat verkkosis\u00e4lt\u00f6komiteamme ja kirjallisuuskomiteamme laatimia. Jos haluat antaa palautetta tai osallistua pyrkimyksiimme, kuulisimme mielell\u00e4mme sinusta\u2026 <a href=\"https:\/\/internetaddictsanonymous.org\/fi\/literature-and-guides\/\" class=\"more-link\">Jatka lukemista <span class=\"screen-reader-text\">Luettavaa<\/span><\/a><\/p>","protected":false},"author":35194237,"featured_media":0,"parent":0,"menu_order":0,"comment_status":"closed","ping_status":"closed","template":"full-width-page.php","meta":{"inline_featured_image":false,"_lmt_disableupdate":"","_lmt_disable":"","footnotes":""},"tags":[],"class_list":["post-14154","page","type-page","status-publish","hentry"],"yoast_head":"<!-- This site is optimized with the Yoast SEO plugin v27.5 - https:\/\/yoast.com\/product\/yoast-seo-wordpress\/ -->\n<title>Literature and Guides &#8211; Internet and Technology Addicts Anonymous<\/title>\n<meta name=\"robots\" content=\"index, follow, max-snippet:-1, max-image-preview:large, max-video-preview:-1\" \/>\n<link rel=\"canonical\" href=\"https:\/\/internetaddictsanonymous.org\/fi\/kirjallisuutta-ja-oppaita\/\" \/>\n<meta property=\"og:locale\" content=\"fi_FI\" \/>\n<meta property=\"og:type\" content=\"article\" \/>\n<meta property=\"og:title\" content=\"Literature and Guides &#8211; Internet and Technology Addicts Anonymous\" \/>\n<meta property=\"og:description\" content=\"Below is a list of written resources about the nature of our addiction and how we can best navigate our recovery journey. These resources have been written by our Web Content Committee and our Literature Committee. If you would like to share feedback or contribute to our efforts, we would love to hear from you &hellip; Continue reading Literature and Guides\" \/>\n<meta property=\"og:url\" content=\"https:\/\/internetaddictsanonymous.org\/fi\/kirjallisuutta-ja-oppaita\/\" \/>\n<meta property=\"og:site_name\" content=\"Internet and Technology Addicts Anonymous\" \/>\n<meta property=\"article:modified_time\" content=\"2024-06-17T00:37:33+00:00\" \/>\n<meta name=\"twitter:card\" content=\"summary_large_image\" \/>\n<meta name=\"twitter:label1\" content=\"Arvioitu lukuaika\" \/>\n\t<meta name=\"twitter:data1\" content=\"2 minuuttia\" \/>\n<script type=\"application\/ld+json\" class=\"yoast-schema-graph\">{\"@context\":\"https:\\\/\\\/schema.org\",\"@graph\":[{\"@type\":\"WebPage\",\"@id\":\"https:\\\/\\\/internetaddictsanonymous.org\\\/literature-and-guides\\\/\",\"url\":\"https:\\\/\\\/internetaddictsanonymous.org\\\/literature-and-guides\\\/\",\"name\":\"Literature and Guides &#8211; Internet and Technology Addicts Anonymous\",\"isPartOf\":{\"@id\":\"https:\\\/\\\/internetaddictsanonymous.org\\\/#website\"},\"datePublished\":\"2022-08-29T17:23:26+00:00\",\"dateModified\":\"2024-06-17T00:37:33+00:00\",\"breadcrumb\":{\"@id\":\"https:\\\/\\\/internetaddictsanonymous.org\\\/literature-and-guides\\\/#breadcrumb\"},\"inLanguage\":\"fi\",\"potentialAction\":[{\"@type\":\"ReadAction\",\"target\":[\"https:\\\/\\\/internetaddictsanonymous.org\\\/literature-and-guides\\\/\"]}]},{\"@type\":\"BreadcrumbList\",\"@id\":\"https:\\\/\\\/internetaddictsanonymous.org\\\/literature-and-guides\\\/#breadcrumb\",\"itemListElement\":[{\"@type\":\"ListItem\",\"position\":1,\"name\":\"Home\",\"item\":\"https:\\\/\\\/internetaddictsanonymous.org\\\/\"},{\"@type\":\"ListItem\",\"position\":2,\"name\":\"Literature and Guides\"}]},{\"@type\":\"WebSite\",\"@id\":\"https:\\\/\\\/internetaddictsanonymous.org\\\/#website\",\"url\":\"https:\\\/\\\/internetaddictsanonymous.org\\\/\",\"name\":\"Internet and Technology Addicts Anonymous\",\"description\":\"Worldwide 12-step Fellowship for Internet and Technology Addiction\",\"publisher\":{\"@id\":\"https:\\\/\\\/internetaddictsanonymous.org\\\/#organization\"},\"potentialAction\":[{\"@type\":\"SearchAction\",\"target\":{\"@type\":\"EntryPoint\",\"urlTemplate\":\"https:\\\/\\\/internetaddictsanonymous.org\\\/?s={search_term_string}\"},\"query-input\":{\"@type\":\"PropertyValueSpecification\",\"valueRequired\":true,\"valueName\":\"search_term_string\"}}],\"inLanguage\":\"fi\"},{\"@type\":\"Organization\",\"@id\":\"https:\\\/\\\/internetaddictsanonymous.org\\\/#organization\",\"name\":\"Internet and Technology Addicts Anonymous\",\"url\":\"https:\\\/\\\/internetaddictsanonymous.org\\\/\",\"logo\":{\"@type\":\"ImageObject\",\"inLanguage\":\"fi\",\"@id\":\"https:\\\/\\\/internetaddictsanonymous.org\\\/#\\\/schema\\\/logo\\\/image\\\/\",\"url\":\"https:\\\/\\\/internetaddictsanonymous.org\\\/wp-content\\\/uploads\\\/2023\\\/01\\\/cropped-ITAA-logo-480px.png\",\"contentUrl\":\"https:\\\/\\\/internetaddictsanonymous.org\\\/wp-content\\\/uploads\\\/2023\\\/01\\\/cropped-ITAA-logo-480px.png\",\"width\":480,\"height\":480,\"caption\":\"Internet and Technology Addicts Anonymous\"},\"image\":{\"@id\":\"https:\\\/\\\/internetaddictsanonymous.org\\\/#\\\/schema\\\/logo\\\/image\\\/\"}}]}<\/script>\n<!-- \/ Yoast SEO plugin. -->","yoast_head_json":{"title":"Kirjallisuutta ja oppaita \u2013 Internet- ja teknologiariippuvaiset Anonyymit","robots":{"index":"index","follow":"follow","max-snippet":"max-snippet:-1","max-image-preview":"max-image-preview:large","max-video-preview":"max-video-preview:-1"},"canonical":"https:\/\/internetaddictsanonymous.org\/fi\/kirjallisuutta-ja-oppaita\/","og_locale":"fi_FI","og_type":"article","og_title":"Literature and Guides &#8211; Internet and Technology Addicts Anonymous","og_description":"Below is a list of written resources about the nature of our addiction and how we can best navigate our recovery journey. These resources have been written by our Web Content Committee and our Literature Committee. If you would like to share feedback or contribute to our efforts, we would love to hear from you &hellip; Continue reading Literature and Guides","og_url":"https:\/\/internetaddictsanonymous.org\/fi\/kirjallisuutta-ja-oppaita\/","og_site_name":"Internet and Technology Addicts Anonymous","article_modified_time":"2024-06-17T00:37:33+00:00","twitter_card":"summary_large_image","twitter_misc":{"Arvioitu lukuaika":"2 minuuttia"},"schema":{"@context":"https:\/\/schema.org","@graph":[{"@type":"WebPage","@id":"https:\/\/internetaddictsanonymous.org\/literature-and-guides\/","url":"https:\/\/internetaddictsanonymous.org\/literature-and-guides\/","name":"Kirjallisuutta ja oppaita \u2013 Internet- ja teknologiariippuvaiset Anonyymit","isPartOf":{"@id":"https:\/\/internetaddictsanonymous.org\/#website"},"datePublished":"2022-08-29T17:23:26+00:00","dateModified":"2024-06-17T00:37:33+00:00","breadcrumb":{"@id":"https:\/\/internetaddictsanonymous.org\/literature-and-guides\/#breadcrumb"},"inLanguage":"fi","potentialAction":[{"@type":"ReadAction","target":["https:\/\/internetaddictsanonymous.org\/literature-and-guides\/"]}]},{"@type":"BreadcrumbList","@id":"https:\/\/internetaddictsanonymous.org\/literature-and-guides\/#breadcrumb","itemListElement":[{"@type":"ListItem","position":1,"name":"Home","item":"https:\/\/internetaddictsanonymous.org\/"},{"@type":"ListItem","position":2,"name":"Literature and Guides"}]},{"@type":"WebSite","@id":"https:\/\/internetaddictsanonymous.org\/#website","url":"https:\/\/internetaddictsanonymous.org\/","name":"Nimett\u00f6m\u00e4t internetin ja teknologian ongelmak\u00e4ytt\u00e4j\u00e4t","description":"Maailmanlaajuinen 12 askeleen yhteis\u00f6 Internet- ja teknologiariippuvuutta varten","publisher":{"@id":"https:\/\/internetaddictsanonymous.org\/#organization"},"potentialAction":[{"@type":"SearchAction","target":{"@type":"EntryPoint","urlTemplate":"https:\/\/internetaddictsanonymous.org\/?s={search_term_string}"},"query-input":{"@type":"PropertyValueSpecification","valueRequired":true,"valueName":"search_term_string"}}],"inLanguage":"fi"},{"@type":"Organization","@id":"https:\/\/internetaddictsanonymous.org\/#organization","name":"Nimett\u00f6m\u00e4t internetin ja teknologian ongelmak\u00e4ytt\u00e4j\u00e4t","url":"https:\/\/internetaddictsanonymous.org\/","logo":{"@type":"ImageObject","inLanguage":"fi","@id":"https:\/\/internetaddictsanonymous.org\/#\/schema\/logo\/image\/","url":"https:\/\/internetaddictsanonymous.org\/wp-content\/uploads\/2023\/01\/cropped-ITAA-logo-480px.png","contentUrl":"https:\/\/internetaddictsanonymous.org\/wp-content\/uploads\/2023\/01\/cropped-ITAA-logo-480px.png","width":480,"height":480,"caption":"Internet and Technology Addicts Anonymous"},"image":{"@id":"https:\/\/internetaddictsanonymous.org\/#\/schema\/logo\/image\/"}}]}},"jetpack_sharing_enabled":true,"jetpack_shortlink":"https:\/\/wp.me\/P9Fwob-3Gi","_links":{"self":[{"href":"https:\/\/internetaddictsanonymous.org\/fi\/wp-json\/wp\/v2\/pages\/14154","targetHints":{"allow":["GET"]}}],"collection":[{"href":"https:\/\/internetaddictsanonymous.org\/fi\/wp-json\/wp\/v2\/pages"}],"about":[{"href":"https:\/\/internetaddictsanonymous.org\/fi\/wp-json\/wp\/v2\/types\/page"}],"author":[{"embeddable":true,"href":"https:\/\/internetaddictsanonymous.org\/fi\/wp-json\/wp\/v2\/users\/35194237"}],"replies":[{"embeddable":true,"href":"https:\/\/internetaddictsanonymous.org\/fi\/wp-json\/wp\/v2\/comments?post=14154"}],"version-history":[{"count":11,"href":"https:\/\/internetaddictsanonymous.org\/fi\/wp-json\/wp\/v2\/pages\/14154\/revisions"}],"predecessor-version":[{"id":18152,"href":"https:\/\/internetaddictsanonymous.org\/fi\/wp-json\/wp\/v2\/pages\/14154\/revisions\/18152"}],"wp:attachment":[{"href":"https:\/\/internetaddictsanonymous.org\/fi\/wp-json\/wp\/v2\/media?parent=14154"}],"wp:term":[{"taxonomy":"post_tag","embeddable":true,"href":"https:\/\/internetaddictsanonymous.org\/fi\/wp-json\/wp\/v2\/tags?post=14154"}],"curies":[{"name":"wp","href":"https:\/\/api.w.org\/{rel}","templated":true}]}}