{"id":14520,"date":"2022-11-07T16:51:18","date_gmt":"2022-11-07T21:51:18","guid":{"rendered":"https:\/\/internetaddictsanonymous.org\/?page_id=14520"},"modified":"2023-01-08T17:22:07","modified_gmt":"2023-01-08T22:22:07","slug":"kaksitoista-kasitetta","status":"publish","type":"page","link":"https:\/\/internetaddictsanonymous.org\/fi\/the-twelve-concepts\/","title":{"rendered":"Kaksitoista k\u00e4sitett\u00e4"},"content":{"rendered":"<p>T\u00e4m\u00e4 sivu sis\u00e4lt\u00e4\u00e4 Anonyymien Alkoholistien kaksitoista k\u00e4sitett\u00e4, jotka kuvaavat AA:n ohjaavia toimintaperiaatteita ja palvelurakenteita. Tulevaisuudessa ITAA toivoo muokkaavansa kahtatoista k\u00e4sitett\u00e4 vastaamaan omia ohjaavia toimintaperiaatteitaan ja palvelurakenteitaan, kunnes yhdistys on hyv\u00e4ksynyt ne. Sill\u00e4 v\u00e4lin AA:n kaksitoista k\u00e4sitett\u00e4 voivat toimia hy\u00f6dyllisen\u00e4 viitekehyksen\u00e4.<\/p>\n\n\n\n<ol class=\"wp-block-list\">\n<li>Lopullisen vastuun ja auktoriteetin AA:n maailmanlaajuisista palveluista tulisi aina kantaa koko seurueemme kollektiivisella omallatunnolla.<\/li>\n\n\n\n<li>AA:n yleispalvelukonferenssista on tullut l\u00e4hes kaikissa k\u00e4yt\u00e4nn\u00f6n tarkoituksissa koko yhteiskuntamme aktiivinen \u00e4\u00e4ni ja tehokas omatunto sen maailman asioissa.<\/li>\n\n\n\n<li>Tehokkaan johtajuuden varmistamiseksi meid\u00e4n tulisi antaa jokaiselle AA:n osalle \u2013 konferenssille, yleiselle palveluneuvostolle ja sen palveluj\u00e4rjest\u00f6ille, henkil\u00f6kunnalle, komiteoille ja johtajille \u2013 perinteinen \u201cp\u00e4\u00e4t\u00f6soikeus\u201d.\u201d&nbsp;<\/li>\n\n\n\n<li>Kaikilla vastuutasoilla meid\u00e4n tulisi s\u00e4ilytt\u00e4\u00e4 perinteinen &quot;osallistumisoikeus&quot;, joka sallii \u00e4\u00e4nestysedustuksen kohtuullisessa suhteessa kunkin vastuuseen.&nbsp;<\/li>\n\n\n\n<li>Koko rakenteessamme tulisi vallita perinteinen &quot;valitusoikeus&quot;, jotta v\u00e4hemmist\u00f6n mielipiteet tulevat kuulluiksi ja henkil\u00f6kohtaiset valitukset otetaan huolellisesti huomioon.&nbsp;<\/li>\n\n\n\n<li>Konferenssi tunnustaa, ett\u00e4 p\u00e4\u00e4asiallinen aloiteoikeus ja aktiivinen vastuu useimmissa maailman palvelua koskevissa asioissa tulisi olla konferenssin edunvalvojien j\u00e4senill\u00e4, jotka toimivat yleisen\u00e4 palvelulautakuntana.&nbsp;<\/li>\n\n\n\n<li>Yleisen palveluneuvoston peruskirja ja s\u00e4\u00e4nn\u00f6t ovat oikeudellisia asiakirjoja, jotka valtuuttavat edunvalvojat hallinnoimaan ja hoitamaan maailmanpalveluasioita. Konferenssin peruskirja ei ole oikeudellinen asiakirja; se nojaa perinteeseen ja AA:n rahastoon lopullisen tehokkuuden saavuttamiseksi.&nbsp;<\/li>\n\n\n\n<li>Edunvalvojat ovat yleisen politiikan ja talouden p\u00e4\u00e4asiallisia suunnittelijoita ja hallinnoijia. Heill\u00e4 on erikseen rekister\u00f6ityjen ja jatkuvasti aktiivisten palvelujen2 suojelunvalvonta, ja he k\u00e4ytt\u00e4v\u00e4t t\u00e4t\u00e4 oikeuttaan valita n\u00e4iden yksik\u00f6iden kaikki johtajat.&nbsp;<\/li>\n\n\n\n<li>Hyv\u00e4 palvelujohtaminen kaikilla tasoilla on v\u00e4ltt\u00e4m\u00e4t\u00f6nt\u00e4 tulevan toimintamme ja turvallisuutemme kannalta. Perustajien aiemmin hoitama ensisijainen maailmanlaajuinen palvelujohtajuus on v\u00e4ltt\u00e4m\u00e4tt\u00e4 otettava haltuunsa edunvalvojien.&nbsp;<\/li>\n\n\n\n<li>Jokaiseen palveluvastuuseen tulisi liitty\u00e4 tasavertainen palveluvaltuus, jonka laajuus on selke\u00e4sti m\u00e4\u00e4ritelty.&nbsp;<\/li>\n\n\n\n<li>Hallituksella tulisi aina olla parhaat mahdolliset valiokunnat, yrityspalvelujohtajat, johtajat, henkil\u00f6kunta ja konsultit. Kokoonpano, p\u00e4tevyys, perehdytysmenettelyt sek\u00e4 oikeudet ja velvollisuudet ovat aina vakavasti otettava asia.&nbsp;<\/li>\n\n\n\n<li>Konferenssin tulee noudattaa AA-perinteiden henke\u00e4 ja huolehtia siit\u00e4, ettei siit\u00e4 koskaan tule vaarallisen vaurauden tai vallan keskuspaikkaa; ett\u00e4 sen j\u00e4rkev\u00e4n\u00e4 taloudellisena periaatteena on riitt\u00e4v\u00e4t k\u00e4ytt\u00f6varat ja reservi; ett\u00e4 se ei aseta ket\u00e4\u00e4n j\u00e4sent\u00e4\u00e4n ehdottomaan auktoriteettiasemaan toisten suhteen; ett\u00e4 se tekee kaikki t\u00e4rke\u00e4t p\u00e4\u00e4t\u00f6kset keskustelulla, \u00e4\u00e4nestyksell\u00e4 ja aina kun mahdollista yksimielisesti; ett\u00e4 sen toimet eiv\u00e4t koskaan ole henkil\u00f6kohtaisesti rankaisevia eiv\u00e4tk\u00e4 yllyt\u00e4 julkiseen kiistaan; ett\u00e4 se ei koskaan suorita hallinnollisia toimia; ett\u00e4 se, kuten palvelemansa yhdistys, pysyy aina demokraattisena ajatuksissaan ja toiminnassaan.&nbsp;<\/li>\n<\/ol>\n\n\n\n<p>Tekij\u00e4noikeus \u00a9 1962 Anonyymit Alkoholistit Maailman Palvelut, Inc. Kaikki oikeudet pid\u00e4tet\u00e4\u00e4n<\/p>\n<!-- PMB print buttons is only displayed on a single post\/page URLs-->","protected":false},"excerpt":{"rendered":"<p>This page contains the Twelve Concepts of Alcoholics Anonymous, which describe AA\u2019s guiding operating principles and service structures. In the future, ITAA hopes to modify the Twelve Concepts to reflect our own guiding operating principles and service structures pending Fellowship approval. In the interim, AA\u2019s Twelve Concepts can serve as a useful point of reference. &hellip; <a href=\"https:\/\/internetaddictsanonymous.org\/fi\/the-twelve-concepts\/\" class=\"more-link\">Jatka lukemista <span class=\"screen-reader-text\">Kaksitoista k\u00e4sitett\u00e4<\/span><\/a><\/p>","protected":false},"author":35194237,"featured_media":0,"parent":0,"menu_order":0,"comment_status":"closed","ping_status":"closed","template":"full-width-page.php","meta":{"inline_featured_image":false,"_lmt_disableupdate":"","_lmt_disable":"","footnotes":""},"tags":[],"class_list":["post-14520","page","type-page","status-publish","hentry"],"yoast_head":"<!-- This site is optimized with the Yoast SEO plugin v27.4 - https:\/\/yoast.com\/product\/yoast-seo-wordpress\/ -->\n<title>The Twelve Concepts &#8211; Internet and Technology Addicts Anonymous<\/title>\n<meta name=\"robots\" content=\"index, follow, max-snippet:-1, max-image-preview:large, max-video-preview:-1\" \/>\n<link rel=\"canonical\" href=\"https:\/\/internetaddictsanonymous.org\/fi\/kaksitoista-kasitetta\/\" \/>\n<meta property=\"og:locale\" content=\"fi_FI\" \/>\n<meta property=\"og:type\" content=\"article\" \/>\n<meta property=\"og:title\" content=\"The Twelve Concepts &#8211; Internet and Technology Addicts Anonymous\" \/>\n<meta property=\"og:description\" content=\"This page contains the Twelve Concepts of Alcoholics Anonymous, which describe AA\u2019s guiding operating principles and service structures. In the future, ITAA hopes to modify the Twelve Concepts to reflect our own guiding operating principles and service structures pending Fellowship approval. In the interim, AA\u2019s Twelve Concepts can serve as a useful point of reference. &hellip; Continue reading The Twelve Concepts\" \/>\n<meta property=\"og:url\" content=\"https:\/\/internetaddictsanonymous.org\/fi\/kaksitoista-kasitetta\/\" \/>\n<meta property=\"og:site_name\" content=\"Internet and Technology Addicts Anonymous\" \/>\n<meta property=\"article:modified_time\" content=\"2023-01-08T22:22:07+00:00\" \/>\n<meta name=\"twitter:card\" content=\"summary_large_image\" \/>\n<meta name=\"twitter:label1\" content=\"Arvioitu lukuaika\" \/>\n\t<meta name=\"twitter:data1\" content=\"3 minuuttia\" \/>\n<script type=\"application\/ld+json\" class=\"yoast-schema-graph\">{\"@context\":\"https:\\\/\\\/schema.org\",\"@graph\":[{\"@type\":\"WebPage\",\"@id\":\"https:\\\/\\\/internetaddictsanonymous.org\\\/the-twelve-concepts\\\/\",\"url\":\"https:\\\/\\\/internetaddictsanonymous.org\\\/the-twelve-concepts\\\/\",\"name\":\"The Twelve Concepts &#8211; Internet and Technology Addicts Anonymous\",\"isPartOf\":{\"@id\":\"https:\\\/\\\/internetaddictsanonymous.org\\\/#website\"},\"datePublished\":\"2022-11-07T21:51:18+00:00\",\"dateModified\":\"2023-01-08T22:22:07+00:00\",\"breadcrumb\":{\"@id\":\"https:\\\/\\\/internetaddictsanonymous.org\\\/the-twelve-concepts\\\/#breadcrumb\"},\"inLanguage\":\"fi\",\"potentialAction\":[{\"@type\":\"ReadAction\",\"target\":[\"https:\\\/\\\/internetaddictsanonymous.org\\\/the-twelve-concepts\\\/\"]}]},{\"@type\":\"BreadcrumbList\",\"@id\":\"https:\\\/\\\/internetaddictsanonymous.org\\\/the-twelve-concepts\\\/#breadcrumb\",\"itemListElement\":[{\"@type\":\"ListItem\",\"position\":1,\"name\":\"Home\",\"item\":\"https:\\\/\\\/internetaddictsanonymous.org\\\/\"},{\"@type\":\"ListItem\",\"position\":2,\"name\":\"The Twelve Concepts\"}]},{\"@type\":\"WebSite\",\"@id\":\"https:\\\/\\\/internetaddictsanonymous.org\\\/#website\",\"url\":\"https:\\\/\\\/internetaddictsanonymous.org\\\/\",\"name\":\"Internet and Technology Addicts Anonymous\",\"description\":\"Worldwide 12-step Fellowship for Internet and Technology Addiction\",\"publisher\":{\"@id\":\"https:\\\/\\\/internetaddictsanonymous.org\\\/#organization\"},\"potentialAction\":[{\"@type\":\"SearchAction\",\"target\":{\"@type\":\"EntryPoint\",\"urlTemplate\":\"https:\\\/\\\/internetaddictsanonymous.org\\\/?s={search_term_string}\"},\"query-input\":{\"@type\":\"PropertyValueSpecification\",\"valueRequired\":true,\"valueName\":\"search_term_string\"}}],\"inLanguage\":\"fi\"},{\"@type\":\"Organization\",\"@id\":\"https:\\\/\\\/internetaddictsanonymous.org\\\/#organization\",\"name\":\"Internet and Technology Addicts Anonymous\",\"url\":\"https:\\\/\\\/internetaddictsanonymous.org\\\/\",\"logo\":{\"@type\":\"ImageObject\",\"inLanguage\":\"fi\",\"@id\":\"https:\\\/\\\/internetaddictsanonymous.org\\\/#\\\/schema\\\/logo\\\/image\\\/\",\"url\":\"https:\\\/\\\/internetaddictsanonymous.org\\\/wp-content\\\/uploads\\\/2023\\\/01\\\/cropped-ITAA-logo-480px.png\",\"contentUrl\":\"https:\\\/\\\/internetaddictsanonymous.org\\\/wp-content\\\/uploads\\\/2023\\\/01\\\/cropped-ITAA-logo-480px.png\",\"width\":480,\"height\":480,\"caption\":\"Internet and Technology Addicts Anonymous\"},\"image\":{\"@id\":\"https:\\\/\\\/internetaddictsanonymous.org\\\/#\\\/schema\\\/logo\\\/image\\\/\"}}]}<\/script>\n<!-- \/ Yoast SEO plugin. -->","yoast_head_json":{"title":"Kaksitoista k\u00e4sitett\u00e4 \u2013 Internet- ja teknologiariippuvaiset anonyymit","robots":{"index":"index","follow":"follow","max-snippet":"max-snippet:-1","max-image-preview":"max-image-preview:large","max-video-preview":"max-video-preview:-1"},"canonical":"https:\/\/internetaddictsanonymous.org\/fi\/kaksitoista-kasitetta\/","og_locale":"fi_FI","og_type":"article","og_title":"The Twelve Concepts &#8211; Internet and Technology Addicts Anonymous","og_description":"This page contains the Twelve Concepts of Alcoholics Anonymous, which describe AA\u2019s guiding operating principles and service structures. In the future, ITAA hopes to modify the Twelve Concepts to reflect our own guiding operating principles and service structures pending Fellowship approval. In the interim, AA\u2019s Twelve Concepts can serve as a useful point of reference. &hellip; Continue reading The Twelve Concepts","og_url":"https:\/\/internetaddictsanonymous.org\/fi\/kaksitoista-kasitetta\/","og_site_name":"Internet and Technology Addicts Anonymous","article_modified_time":"2023-01-08T22:22:07+00:00","twitter_card":"summary_large_image","twitter_misc":{"Arvioitu lukuaika":"3 minuuttia"},"schema":{"@context":"https:\/\/schema.org","@graph":[{"@type":"WebPage","@id":"https:\/\/internetaddictsanonymous.org\/the-twelve-concepts\/","url":"https:\/\/internetaddictsanonymous.org\/the-twelve-concepts\/","name":"Kaksitoista k\u00e4sitett\u00e4 \u2013 Internet- ja teknologiariippuvaiset anonyymit","isPartOf":{"@id":"https:\/\/internetaddictsanonymous.org\/#website"},"datePublished":"2022-11-07T21:51:18+00:00","dateModified":"2023-01-08T22:22:07+00:00","breadcrumb":{"@id":"https:\/\/internetaddictsanonymous.org\/the-twelve-concepts\/#breadcrumb"},"inLanguage":"fi","potentialAction":[{"@type":"ReadAction","target":["https:\/\/internetaddictsanonymous.org\/the-twelve-concepts\/"]}]},{"@type":"BreadcrumbList","@id":"https:\/\/internetaddictsanonymous.org\/the-twelve-concepts\/#breadcrumb","itemListElement":[{"@type":"ListItem","position":1,"name":"Home","item":"https:\/\/internetaddictsanonymous.org\/"},{"@type":"ListItem","position":2,"name":"The Twelve Concepts"}]},{"@type":"WebSite","@id":"https:\/\/internetaddictsanonymous.org\/#website","url":"https:\/\/internetaddictsanonymous.org\/","name":"Nimett\u00f6m\u00e4t internetin ja teknologian ongelmak\u00e4ytt\u00e4j\u00e4t","description":"Maailmanlaajuinen 12 askeleen yhteis\u00f6 Internet- ja teknologiariippuvuutta varten","publisher":{"@id":"https:\/\/internetaddictsanonymous.org\/#organization"},"potentialAction":[{"@type":"SearchAction","target":{"@type":"EntryPoint","urlTemplate":"https:\/\/internetaddictsanonymous.org\/?s={search_term_string}"},"query-input":{"@type":"PropertyValueSpecification","valueRequired":true,"valueName":"search_term_string"}}],"inLanguage":"fi"},{"@type":"Organization","@id":"https:\/\/internetaddictsanonymous.org\/#organization","name":"Nimett\u00f6m\u00e4t internetin ja teknologian ongelmak\u00e4ytt\u00e4j\u00e4t","url":"https:\/\/internetaddictsanonymous.org\/","logo":{"@type":"ImageObject","inLanguage":"fi","@id":"https:\/\/internetaddictsanonymous.org\/#\/schema\/logo\/image\/","url":"https:\/\/internetaddictsanonymous.org\/wp-content\/uploads\/2023\/01\/cropped-ITAA-logo-480px.png","contentUrl":"https:\/\/internetaddictsanonymous.org\/wp-content\/uploads\/2023\/01\/cropped-ITAA-logo-480px.png","width":480,"height":480,"caption":"Internet and Technology Addicts Anonymous"},"image":{"@id":"https:\/\/internetaddictsanonymous.org\/#\/schema\/logo\/image\/"}}]}},"jetpack_sharing_enabled":true,"jetpack_shortlink":"https:\/\/wp.me\/P9Fwob-3Mc","_links":{"self":[{"href":"https:\/\/internetaddictsanonymous.org\/fi\/wp-json\/wp\/v2\/pages\/14520","targetHints":{"allow":["GET"]}}],"collection":[{"href":"https:\/\/internetaddictsanonymous.org\/fi\/wp-json\/wp\/v2\/pages"}],"about":[{"href":"https:\/\/internetaddictsanonymous.org\/fi\/wp-json\/wp\/v2\/types\/page"}],"author":[{"embeddable":true,"href":"https:\/\/internetaddictsanonymous.org\/fi\/wp-json\/wp\/v2\/users\/35194237"}],"replies":[{"embeddable":true,"href":"https:\/\/internetaddictsanonymous.org\/fi\/wp-json\/wp\/v2\/comments?post=14520"}],"version-history":[{"count":1,"href":"https:\/\/internetaddictsanonymous.org\/fi\/wp-json\/wp\/v2\/pages\/14520\/revisions"}],"predecessor-version":[{"id":14521,"href":"https:\/\/internetaddictsanonymous.org\/fi\/wp-json\/wp\/v2\/pages\/14520\/revisions\/14521"}],"wp:attachment":[{"href":"https:\/\/internetaddictsanonymous.org\/fi\/wp-json\/wp\/v2\/media?parent=14520"}],"wp:term":[{"taxonomy":"post_tag","embeddable":true,"href":"https:\/\/internetaddictsanonymous.org\/fi\/wp-json\/wp\/v2\/tags?post=14520"}],"curies":[{"name":"wp","href":"https:\/\/api.w.org\/{rel}","templated":true}]}}