{"id":15697,"date":"2023-04-02T16:03:08","date_gmt":"2023-04-02T20:03:08","guid":{"rendered":"https:\/\/internetaddictsanonymous.org\/?page_id=15697"},"modified":"2024-10-02T19:43:14","modified_gmt":"2024-10-03T02:43:14","slug":"askeltyopajat","status":"publish","type":"page","link":"https:\/\/internetaddictsanonymous.org\/fi\/step-workshops\/","title":{"rendered":"Avoimen polun askelty\u00f6pajat"},"content":{"rendered":"<p>T\u00e4ll\u00e4 sivulla on luettelo tulevista Open Path Step -ty\u00f6pajoista, jotka ovat j\u00e4senneltyj\u00e4 ymp\u00e4rist\u00f6j\u00e4 ITAA:n kahdentoista askeleen l\u00e4pik\u00e4ymiseen ryhm\u00e4ss\u00e4 ja joissa on paljon sis\u00e4\u00e4nrakennettua tukea. Kokoukset on j\u00e4rjestetty niin, ett\u00e4 kaikki askelty\u00f6t voidaan tehd\u00e4 kokousaikojen puitteissa (vaikka joka viikko on valinnaisia lis\u00e4kirjoitusharjoituksia, jos haluat syventy\u00e4 asiaan). Sinulla on my\u00f6s mahdollisuus l\u00f6yt\u00e4\u00e4 jakamispari, jotta tapaamisten v\u00e4lill\u00e4 voitte jakaa askelty\u00f6si. Useat ryhm\u00e4n sponsorit ovat my\u00f6s k\u00e4ytett\u00e4viss\u00e4 tiedotuspuheluita ja lis\u00e4tukea varten.<\/p>\n\n\n\n<p>Useita ty\u00f6pajoja j\u00e4rjestet\u00e4\u00e4n eri aikoina ja eri sykleiss\u00e4, ja uusia ty\u00f6pajoja alkaa tyypillisesti kuukauden tai kahden v\u00e4lein. Jotta voit osallistua tulevaan ty\u00f6pajasykliin, sinun on osallistuttava ensimm\u00e4iseen tapaamiseen, joka l\u00f6ytyy alla olevasta kalenterista. T\u00e4ll\u00e4 tavoin jokainen ty\u00f6paja etenee vaiheiden l\u00e4pi intiimin\u00e4, johdonmukaisena ja sitoutuneena ryhm\u00e4n\u00e4. <mark style=\"background-color:rgba(0, 0, 0, 0);color:#000000\" class=\"has-inline-color\">Voit tarkastella ty\u00f6pajan tietoja napsauttamalla <\/mark><mark style=\"background-color:rgba(0, 0, 0, 0);color:#a35555\" class=\"has-inline-color\">ruskea<\/mark><mark style=\"background-color:rgba(0, 0, 0, 0);color:#000000\" class=\"has-inline-color\"> otsikot. <\/mark><strong><mark style=\"background-color:rgba(0, 0, 0, 0)\" class=\"has-inline-color has-blue-color\">Huomioithan, ett\u00e4 ty\u00f6pajat ilmestyv\u00e4t alla olevaan kalenteriin vasta muutamaa viikkoa ennen niiden alkua.<\/mark><\/strong>, ja ett\u00e4 kokoukset noudattavat Yhdysvaltain aikavy\u00f6hykemuutoksia kes\u00e4ajan aikana maalis- ja marraskuussa.<\/p>\n\n\n\n<p><strong>Jos haluat osallistua ty\u00f6pajaan (tai auttaa sellaisen perustamisessa) eik\u00e4 mik\u00e4\u00e4n tulevista ty\u00f6pajoista sovi sinulle, t\u00e4yt\u00e4 lomake <a href=\"https:\/\/forms.gle\/HCqduhu715LUnaPs9\">t\u00e4m\u00e4 kiinnostuksenilmaisulomake<\/a> <strong>\u2665<\/strong><\/strong><\/p>\n\n\n<p><iframe style=\"height: 500px; width: 100%;\" src=\"https:\/\/teamup.com\/ksnufp4vvpv65w7wno?view=a&amp;showHeader=0&amp;showLogo=0&amp;showTitle=0&amp;disableSidepanel=1&amp;showViewSelector=1\" width=\"100%\" height=\"500\" frameborder=\"0\"><\/iframe><\/p>\n\n\n<p>Ty\u00f6pajaan ei tarvitse ilmoittautua \u2013 voit osallistua vain ensimm\u00e4iseen tapaamiseen, niin saat kaikki lis\u00e4tiedot siell\u00e4.<br><br> <\/p>\n\n\n\n<h3 class=\"wp-block-heading\"><strong>Ent\u00e4 jos ei ole olemassa minulle sopivia ty\u00f6paja-aikoja?<\/strong><\/h3>\n\n\n\n<p>Aikatauluusi sopivana ajankohtana ei v\u00e4ltt\u00e4m\u00e4tt\u00e4 ole ty\u00f6pajaa. Jos olet kiinnostunut osallistumaan tai johtamaan ty\u00f6pajaa, jossa on eri viikoittainen kokousaikataulu, t\u00e4yt\u00e4 t\u00e4m\u00e4 lomake. <a href=\"https:\/\/forms.gle\/HCqduhu715LUnaPs9\">t\u00e4m\u00e4 kiinnostuksenilmaisulomake<\/a>. Lis\u00e4ksi, jos haluat yksinkertaisesti k\u00e4yd\u00e4 materiaalit l\u00e4pi sponsorisi tai toisen ohjelman j\u00e4senen kanssa, kaikki ty\u00f6pajojen k\u00e4sikirjoitukset l\u00f6ytyv\u00e4t <a href=\"https:\/\/drive.google.com\/drive\/folders\/1SLvfAX3EbAwG0LMB7j8dXCfTt_0Y_b69?usp=drive_link\">t\u00e4ss\u00e4<\/a>. Voit my\u00f6s ottaa yhteytt\u00e4 osoitteeseen openpathstepworkshop@gmail.com, jos sinulla on kysytt\u00e4v\u00e4\u00e4, niin voimme auttaa sinua alkuun.<br><br><\/p>\n\n\n\n<h3 class=\"wp-block-heading\"><strong>Voinko osallistua, jos en puhu englantia?<\/strong><\/h3>\n\n\n\n<p>Kyll\u00e4, kaikki englantia puhumattomat voivat osallistua ottamalla k\u00e4ytt\u00f6\u00f6n k\u00e4\u00e4nnetyt tekstitykset. Voit ottaa k\u00e4ytt\u00f6\u00f6n k\u00e4\u00e4nnetyt tekstitykset omalla kielell\u00e4si liittym\u00e4ll\u00e4 kokoukseen, napsauttamalla n\u00e4yt\u00f6n alareunassa olevaa \u201cTekstitykset\u201d-painiketta ja ottamalla k\u00e4ytt\u00f6\u00f6n k\u00e4\u00e4nn\u00f6ksen. Lis\u00e4ksi, jos olet kiinnostunut auttamaan ty\u00f6pajan k\u00e4sikirjoitusten k\u00e4\u00e4nt\u00e4misess\u00e4, joko omaksi hy\u00f6dyksesi tai muiden kielt\u00e4si puhuvien hyv\u00e4ksi, meill\u00e4 on opas siihen, miten se tehd\u00e4\u00e4n. <a href=\"https:\/\/docs.google.com\/document\/d\/1OJ3uzB_MhSd5IrNQd430qMLXHy3vvqV1lu-dr8x7jsI\/edit?usp=drive_link\">t\u00e4ss\u00e4<\/a>.<br><br><\/p>\n\n\n\n<h3 class=\"wp-block-heading\"><strong>Mit\u00e4 jos en p\u00e4\u00e4sek\u00e4\u00e4n ensimm\u00e4iseen tapaamiseen?<\/strong><\/h3>\n\n\n\n<p>T\u00e4ss\u00e4 tapauksessa kehotamme sinua odottamaan seuraavan syklin alkuun. Jokainen tapaaminen rakentuu edellisen p\u00e4\u00e4lle, joten on t\u00e4rke\u00e4\u00e4 olla l\u00e4sn\u00e4 alusta alkaen. Jos sinun on ehdottomasti keskeytett\u00e4v\u00e4 ensimm\u00e4inen tapaaminen v\u00e4ist\u00e4m\u00e4tt\u00f6m\u00e4st\u00e4 syyst\u00e4, ota yhteytt\u00e4 osoitteeseen openpathstepworkshop@gmail.com mahdollisimman hyviss\u00e4 ajoin etuk\u00e4teen.<br><br><\/p>\n\n\n\n<h3 class=\"wp-block-heading\"><strong>Mit\u00e4 jos joudun missaamaan kokouksen kesken sen?<\/strong><\/h3>\n\n\n\n<p>Jos joudut j\u00e4tt\u00e4m\u00e4\u00e4n istunnon v\u00e4liin v\u00e4ist\u00e4m\u00e4tt\u00f6m\u00e4st\u00e4 syyst\u00e4, pyyd\u00e4mme sinua lukemaan muistiinpanot j\u00e4lkik\u00e4teen ja korjaamaan kirjoitusvirheet.&nbsp;<br><br> <\/p>\n\n\n\n<h3 class=\"wp-block-heading\"><strong>Tarvitsenko sponsorin osallistuakseni?<\/strong><\/h3>\n\n\n\n<p>Ei lainkaan \u2013 ty\u00f6paja on erityisesti suunniteltu antamaan ihmisille mahdollisuus ty\u00f6skennell\u00e4 askelten l\u00e4pi, vaikka heill\u00e4 ei olisi sponsoria. Osana ty\u00f6pajaa sinulla on mahdollisuus olla yhteydess\u00e4 yhteen tai useampaan jakamiskumppaniin, joiden kanssa voit jakaa askelty\u00f6si, ja meill\u00e4 on my\u00f6s useita ryhm\u00e4sponsoreita, jotka ovat k\u00e4ytett\u00e4viss\u00e4 vastaanottamaan puheluita ja antamaan lis\u00e4tukea. On my\u00f6s hienoa, jos sinulla on jo sponsori, ja olet tervetullut jakamaan askelty\u00f6si h\u00e4nen kanssaan. Kaikki ovat tervetulleita.<br><br> <\/p>\n\n\n\n<h3 class=\"wp-block-heading\"><strong>Voinko osallistua, jos en ole viel\u00e4 varma, haluanko tehd\u00e4 vaiheet?<\/strong><\/h3>\n\n\n\n<p>Ehdottomasti. Voit osallistua vain tarkkailijana, jos olet kiinnostunut oppimaan lis\u00e4\u00e4 vaiheista ja niiden toiminnasta.<br><br> <\/p>\n\n\n\n<h3 class=\"wp-block-heading\"><strong>Voinko osallistua ty\u00f6pajaan ottamalla palveluroolia?<\/strong><\/h3>\n\n\n\n<p>Palvelu on loistava tapa vahvistaa omaa raittiuttamme ja se voi my\u00f6s auttaa meit\u00e4 saapumaan paikalle ja pysym\u00e4\u00e4n sitoutuneina ty\u00f6pajaan. Aloituskokouksessa on mahdollisuus ilmoittautua vapaaehtoisiksi palveluteht\u00e4viin.<br><br> <\/p>\n\n\n\n<h3 class=\"wp-block-heading\"><strong>Voinko tehd\u00e4 jotain valmistautuakseni ty\u00f6pajaan ennen sen alkua?<\/strong><\/h3>\n\n\n\n<p>Ensimm\u00e4isell\u00e4 tapaamisella ehdotamme useita sitoumuksia, joita harjoitellaan ty\u00f6pajan aikana. Voit halutessasi aloittaa niiden parissa jo etuk\u00e4teen:<\/p>\n\n\n\n<ol class=\"wp-block-list\">\n<li>Osallistu 90 kokoukseen 90 p\u00e4iv\u00e4n aikana (ty\u00f6pajakokoukset lasketaan mukaan)<\/li>\n\n\n\n<li>Tee 90 ohjelmakutsua 90 p\u00e4iv\u00e4ss\u00e4<\/li>\n\n\n\n<li>Pid\u00e4tt\u00e4ydy kaikesta tuloksesta.<\/li>\n\n\n\n<li>Harjoittele internetin ja teknologian tarpeettoman k\u00e4yt\u00f6n tarkkailua ja\/tai irtip\u00e4\u00e4st\u00e4mist\u00e4.<\/li>\n<\/ol>\n\n\n\n<p>Nelj\u00e4nnen ehdotuksen kohdalla saatat huomata, ett\u00e4 jokin muu sana kuin \u201ctarpeeton\u201d sopii paremmin, kuten \u201ctiedostamaton\u201d, \u201ctarkoitukseton\u201d, \u201cep\u00e4terveellinen\u201d, \u201cpakkomielteinen\u201d, \u201cliiallinen\u201d jne. Huomaa, ett\u00e4 n\u00e4m\u00e4 ovat vain ehdotuksia, eiv\u00e4t vaatimuksia. Voit vapaasti k\u00e4ytt\u00e4\u00e4 niit\u00e4, muokata niit\u00e4 tai j\u00e4tt\u00e4\u00e4 ne syrj\u00e4\u00e4n.<\/p>\n\n\n\n<p>N\u00e4iden ehdotusten lis\u00e4ksi voit kirjoittaa 1\u20132-sivuisen \u201cEnsimm\u00e4isen vaiheen inventaarion\u201d, jossa kuvailet riippuvuutesi tarinaa: milloin se alkoi, miten se muuttui ajan my\u00f6t\u00e4 ja millainen se on nyt. Voit erityisesti kiinnitt\u00e4\u00e4 huomiota kohtiin, joissa huomaat voimattomuutta tai hallitsemattomuutta tarinassasi.&nbsp;<br><br> <\/p>\n\n\n\n<h3 class=\"wp-block-heading\"><strong>Lis\u00e4kysymyksi\u00e4 varten<\/strong><\/h3>\n\n\n\n<p>Voit ottaa yhteytt\u00e4 osoitteeseen openpathstepworkshop@gmail.com.<\/p>\n\n\n\n<div style=\"height:100px\" aria-hidden=\"true\" class=\"wp-block-spacer\"><\/div>\n\n\n\n<hr class=\"wp-block-separator has-alpha-channel-opacity is-style-wide\"\/>\n<!-- PMB print buttons is only displayed on a single post\/page URLs-->","protected":false},"excerpt":{"rendered":"<p>This page contains a list of upcoming Open Path Step Workshops, structured settings for working through the Twelve Steps of ITAA in a group with lots of built in support. The meetings are set up so that all stepwork can be done within our meeting times (though there are optional additional writing exercises each week &hellip; <a href=\"https:\/\/internetaddictsanonymous.org\/fi\/step-workshops\/\" class=\"more-link\">Jatka lukemista <span class=\"screen-reader-text\">Avoimen polun askelty\u00f6pajat<\/span><\/a><\/p>","protected":false},"author":35194237,"featured_media":0,"parent":0,"menu_order":0,"comment_status":"closed","ping_status":"closed","template":"full-width-page.php","meta":{"inline_featured_image":false,"_lmt_disableupdate":"","_lmt_disable":"","jetpack_post_was_ever_published":false,"footnotes":""},"tags":[],"class_list":["post-15697","page","type-page","status-publish","hentry"],"yoast_head":"<!-- This site is optimized with the Yoast SEO plugin v27.3 - https:\/\/yoast.com\/product\/yoast-seo-wordpress\/ -->\n<title>Open Path Step Workshops &#8211; Internet and Technology Addicts Anonymous<\/title>\n<meta name=\"robots\" content=\"index, follow, max-snippet:-1, max-image-preview:large, max-video-preview:-1\" \/>\n<link rel=\"canonical\" href=\"https:\/\/internetaddictsanonymous.org\/fi\/askeltyopajat\/\" \/>\n<meta property=\"og:locale\" content=\"fi_FI\" \/>\n<meta property=\"og:type\" content=\"article\" \/>\n<meta property=\"og:title\" content=\"Open Path Step Workshops &#8211; Internet and Technology Addicts Anonymous\" \/>\n<meta property=\"og:description\" content=\"This page contains a list of upcoming Open Path Step Workshops, structured settings for working through the Twelve Steps of ITAA in a group with lots of built in support. The meetings are set up so that all stepwork can be done within our meeting times (though there are optional additional writing exercises each week &hellip; Continue reading Open Path Step Workshops\" \/>\n<meta property=\"og:url\" content=\"https:\/\/internetaddictsanonymous.org\/fi\/askeltyopajat\/\" \/>\n<meta property=\"og:site_name\" content=\"Internet and Technology Addicts Anonymous\" \/>\n<meta property=\"article:modified_time\" content=\"2024-10-03T02:43:14+00:00\" \/>\n<meta name=\"twitter:card\" content=\"summary_large_image\" \/>\n<meta name=\"twitter:label1\" content=\"Arvioitu lukuaika\" \/>\n\t<meta name=\"twitter:data1\" content=\"4 minuuttia\" \/>\n<script type=\"application\/ld+json\" class=\"yoast-schema-graph\">{\"@context\":\"https:\\\/\\\/schema.org\",\"@graph\":[{\"@type\":\"WebPage\",\"@id\":\"https:\\\/\\\/internetaddictsanonymous.org\\\/step-workshops\\\/\",\"url\":\"https:\\\/\\\/internetaddictsanonymous.org\\\/step-workshops\\\/\",\"name\":\"Open Path Step Workshops &#8211; Internet and Technology Addicts Anonymous\",\"isPartOf\":{\"@id\":\"https:\\\/\\\/internetaddictsanonymous.org\\\/#website\"},\"datePublished\":\"2023-04-02T20:03:08+00:00\",\"dateModified\":\"2024-10-03T02:43:14+00:00\",\"breadcrumb\":{\"@id\":\"https:\\\/\\\/internetaddictsanonymous.org\\\/step-workshops\\\/#breadcrumb\"},\"inLanguage\":\"fi\",\"potentialAction\":[{\"@type\":\"ReadAction\",\"target\":[\"https:\\\/\\\/internetaddictsanonymous.org\\\/step-workshops\\\/\"]}]},{\"@type\":\"BreadcrumbList\",\"@id\":\"https:\\\/\\\/internetaddictsanonymous.org\\\/step-workshops\\\/#breadcrumb\",\"itemListElement\":[{\"@type\":\"ListItem\",\"position\":1,\"name\":\"Home\",\"item\":\"https:\\\/\\\/internetaddictsanonymous.org\\\/\"},{\"@type\":\"ListItem\",\"position\":2,\"name\":\"Open Path Step Workshops\"}]},{\"@type\":\"WebSite\",\"@id\":\"https:\\\/\\\/internetaddictsanonymous.org\\\/#website\",\"url\":\"https:\\\/\\\/internetaddictsanonymous.org\\\/\",\"name\":\"Internet and Technology Addicts Anonymous\",\"description\":\"Worldwide 12-step Fellowship for Internet and Technology Addiction\",\"publisher\":{\"@id\":\"https:\\\/\\\/internetaddictsanonymous.org\\\/#organization\"},\"potentialAction\":[{\"@type\":\"SearchAction\",\"target\":{\"@type\":\"EntryPoint\",\"urlTemplate\":\"https:\\\/\\\/internetaddictsanonymous.org\\\/?s={search_term_string}\"},\"query-input\":{\"@type\":\"PropertyValueSpecification\",\"valueRequired\":true,\"valueName\":\"search_term_string\"}}],\"inLanguage\":\"fi\"},{\"@type\":\"Organization\",\"@id\":\"https:\\\/\\\/internetaddictsanonymous.org\\\/#organization\",\"name\":\"Internet and Technology Addicts Anonymous\",\"url\":\"https:\\\/\\\/internetaddictsanonymous.org\\\/\",\"logo\":{\"@type\":\"ImageObject\",\"inLanguage\":\"fi\",\"@id\":\"https:\\\/\\\/internetaddictsanonymous.org\\\/#\\\/schema\\\/logo\\\/image\\\/\",\"url\":\"https:\\\/\\\/internetaddictsanonymous.org\\\/wp-content\\\/uploads\\\/2023\\\/01\\\/cropped-ITAA-logo-480px.png\",\"contentUrl\":\"https:\\\/\\\/internetaddictsanonymous.org\\\/wp-content\\\/uploads\\\/2023\\\/01\\\/cropped-ITAA-logo-480px.png\",\"width\":480,\"height\":480,\"caption\":\"Internet and Technology Addicts Anonymous\"},\"image\":{\"@id\":\"https:\\\/\\\/internetaddictsanonymous.org\\\/#\\\/schema\\\/logo\\\/image\\\/\"}}]}<\/script>\n<!-- \/ Yoast SEO plugin. -->","yoast_head_json":{"title":"Avoimen polun ty\u00f6pajat \u2013 internet- ja teknologiariippuvaiset anonyymit","robots":{"index":"index","follow":"follow","max-snippet":"max-snippet:-1","max-image-preview":"max-image-preview:large","max-video-preview":"max-video-preview:-1"},"canonical":"https:\/\/internetaddictsanonymous.org\/fi\/askeltyopajat\/","og_locale":"fi_FI","og_type":"article","og_title":"Open Path Step Workshops &#8211; Internet and Technology Addicts Anonymous","og_description":"This page contains a list of upcoming Open Path Step Workshops, structured settings for working through the Twelve Steps of ITAA in a group with lots of built in support. The meetings are set up so that all stepwork can be done within our meeting times (though there are optional additional writing exercises each week &hellip; Continue reading Open Path Step Workshops","og_url":"https:\/\/internetaddictsanonymous.org\/fi\/askeltyopajat\/","og_site_name":"Internet and Technology Addicts Anonymous","article_modified_time":"2024-10-03T02:43:14+00:00","twitter_card":"summary_large_image","twitter_misc":{"Arvioitu lukuaika":"4 minuuttia"},"schema":{"@context":"https:\/\/schema.org","@graph":[{"@type":"WebPage","@id":"https:\/\/internetaddictsanonymous.org\/step-workshops\/","url":"https:\/\/internetaddictsanonymous.org\/step-workshops\/","name":"Avoimen polun ty\u00f6pajat \u2013 internet- ja teknologiariippuvaiset anonyymit","isPartOf":{"@id":"https:\/\/internetaddictsanonymous.org\/#website"},"datePublished":"2023-04-02T20:03:08+00:00","dateModified":"2024-10-03T02:43:14+00:00","breadcrumb":{"@id":"https:\/\/internetaddictsanonymous.org\/step-workshops\/#breadcrumb"},"inLanguage":"fi","potentialAction":[{"@type":"ReadAction","target":["https:\/\/internetaddictsanonymous.org\/step-workshops\/"]}]},{"@type":"BreadcrumbList","@id":"https:\/\/internetaddictsanonymous.org\/step-workshops\/#breadcrumb","itemListElement":[{"@type":"ListItem","position":1,"name":"Home","item":"https:\/\/internetaddictsanonymous.org\/"},{"@type":"ListItem","position":2,"name":"Open Path Step Workshops"}]},{"@type":"WebSite","@id":"https:\/\/internetaddictsanonymous.org\/#website","url":"https:\/\/internetaddictsanonymous.org\/","name":"Nimett\u00f6m\u00e4t internetin ja teknologian ongelmak\u00e4ytt\u00e4j\u00e4t","description":"Maailmanlaajuinen 12 askeleen yhteis\u00f6 Internet- ja teknologiariippuvuutta varten","publisher":{"@id":"https:\/\/internetaddictsanonymous.org\/#organization"},"potentialAction":[{"@type":"SearchAction","target":{"@type":"EntryPoint","urlTemplate":"https:\/\/internetaddictsanonymous.org\/?s={search_term_string}"},"query-input":{"@type":"PropertyValueSpecification","valueRequired":true,"valueName":"search_term_string"}}],"inLanguage":"fi"},{"@type":"Organization","@id":"https:\/\/internetaddictsanonymous.org\/#organization","name":"Nimett\u00f6m\u00e4t internetin ja teknologian ongelmak\u00e4ytt\u00e4j\u00e4t","url":"https:\/\/internetaddictsanonymous.org\/","logo":{"@type":"ImageObject","inLanguage":"fi","@id":"https:\/\/internetaddictsanonymous.org\/#\/schema\/logo\/image\/","url":"https:\/\/internetaddictsanonymous.org\/wp-content\/uploads\/2023\/01\/cropped-ITAA-logo-480px.png","contentUrl":"https:\/\/internetaddictsanonymous.org\/wp-content\/uploads\/2023\/01\/cropped-ITAA-logo-480px.png","width":480,"height":480,"caption":"Internet and Technology Addicts Anonymous"},"image":{"@id":"https:\/\/internetaddictsanonymous.org\/#\/schema\/logo\/image\/"}}]}},"jetpack_sharing_enabled":true,"jetpack_shortlink":"https:\/\/wp.me\/P9Fwob-45b","_links":{"self":[{"href":"https:\/\/internetaddictsanonymous.org\/fi\/wp-json\/wp\/v2\/pages\/15697","targetHints":{"allow":["GET"]}}],"collection":[{"href":"https:\/\/internetaddictsanonymous.org\/fi\/wp-json\/wp\/v2\/pages"}],"about":[{"href":"https:\/\/internetaddictsanonymous.org\/fi\/wp-json\/wp\/v2\/types\/page"}],"author":[{"embeddable":true,"href":"https:\/\/internetaddictsanonymous.org\/fi\/wp-json\/wp\/v2\/users\/35194237"}],"replies":[{"embeddable":true,"href":"https:\/\/internetaddictsanonymous.org\/fi\/wp-json\/wp\/v2\/comments?post=15697"}],"version-history":[{"count":57,"href":"https:\/\/internetaddictsanonymous.org\/fi\/wp-json\/wp\/v2\/pages\/15697\/revisions"}],"predecessor-version":[{"id":18760,"href":"https:\/\/internetaddictsanonymous.org\/fi\/wp-json\/wp\/v2\/pages\/15697\/revisions\/18760"}],"wp:attachment":[{"href":"https:\/\/internetaddictsanonymous.org\/fi\/wp-json\/wp\/v2\/media?parent=15697"}],"wp:term":[{"taxonomy":"post_tag","embeddable":true,"href":"https:\/\/internetaddictsanonymous.org\/fi\/wp-json\/wp\/v2\/tags?post=15697"}],"curies":[{"name":"wp","href":"https:\/\/api.w.org\/{rel}","templated":true}]}}