{"id":16207,"date":"2023-07-14T19:13:54","date_gmt":"2023-07-14T23:13:54","guid":{"rendered":"https:\/\/internetaddictsanonymous.org\/?page_id=16207"},"modified":"2024-04-28T19:34:34","modified_gmt":"2024-04-28T23:34:34","slug":"venaja","status":"publish","type":"page","link":"https:\/\/internetaddictsanonymous.org\/fi\/russian\/","title":{"rendered":"ITAA ven\u00e4j\u00e4ksi"},"content":{"rendered":"<p>Tervetuloa nimett\u00f6miin internetin ja teknologian ongelmak\u00e4ytt\u00e4jiin! Hienoa, ett\u00e4 olet l\u00f6yt\u00e4nyt meid\u00e4t. Toivomme, ett\u00e4 yhteis\u00f6mme voi olla sinulle yht\u00e4 hy\u00f6dyllinen kuin se on ollut meille.<strong> <mark style=\"background-color:rgba(0, 0, 0, 0)\" class=\"has-inline-color has-dark-gray-color\">ITAA on 12 askeleen toveriseura, joka muodostuu toisiaan tukevista henkil\u00f6ist\u00e4, jotka toipuvat internetin ja teknologian ongelmak\u00e4yt\u00f6st\u00e4.<\/mark><\/strong> T\u00e4h\u00e4n sis\u00e4ltyy riippuvuus sosiaalisesta mediasta, \u00e4lypuhelimista, video- tai \u00e4\u00e4nisis\u00e4ll\u00f6n suoratoistosta, peleist\u00e4, uutisista, pornografiasta, deittisovelluksista, verkkotutkimuksesta, verkko-ostoksista tai muusta digitaalisesta toiminnasta, josta tulee pakonomaista ja ongelmallista.&nbsp;<\/p>\n\n\n\n<p>Alla on verkkokokouksemme aikataulu. <strong>Kokousajat n\u00e4ytet\u00e4\u00e4n paikallisen aikavy\u00f6hykkeesi mukaan.<\/strong> L\u00f6yd\u00e4t kunkin kokouksen tiedot, mukaan lukien linkin ja paikalliset puhelinnumerot, napsauttamalla kokoustapahtumaa kalenterissa. Verkkokokouksiemme lis\u00e4ksi pid\u00e4mme my\u00f6s henkil\u00f6kohtaisia kokouksia <a href=\"https:\/\/internetaddictsanonymous.org\/fi\/henkilokohtaisissa-tapaamisissa\/venaja-moskova\/\">Moskova<\/a>.<\/p>\n\n\n\n<p>Jos olet uusi, kannustamme sinua kokeilemaan kuutta tapaamista lyhyess\u00e4 ajassa n\u00e4hd\u00e4ksesi, olisiko ohjelmastamme sinulle hy\u00f6ty\u00e4. Ven\u00e4j\u00e4nkielisten tapaamisten lis\u00e4ksi voit my\u00f6s tutustua <a href=\"https:\/\/internetaddictsanonymous.org\/fi\/verkkokokoukset\/\">kansainv\u00e4listen kokousten t\u00e4ydellinen aikataulu<\/a>. <strong>Kaikissa n\u00e4iss\u00e4 kokouksissa voit ottaa k\u00e4ytt\u00f6\u00f6n k\u00e4\u00e4nnetyt tekstitykset omalle kielellesi siirtym\u00e4ll\u00e4 kokoukseen, napsauttamalla n\u00e4yt\u00f6n alareunassa olevaa \u201cTekstitykset\u201d-painiketta ja ottamalla k\u00e4\u00e4nn\u00f6ksen k\u00e4ytt\u00f6\u00f6n.<\/strong>  Kaikki tapaamiset ovat t\u00e4ysin ilmaisia ja nimett\u00f6mi\u00e4.<\/p>\n\n\n<p><iframe style=\"height: 500px; width: 100%;\" src=\"https:\/\/teamup.com\/ks8dwbs7gvk4sfi1oj?view=mw&amp;showHeader=0&amp;showLogo=0&amp;showTitle=0&amp;disableSidepanel=1&amp;showViewSelector=1\" width=\"100%\" height=\"500\" frameborder=\"0\"><\/iframe><\/p>\n\n\n<h3 class=\"wp-block-heading\"><strong>Miten kokoukset toimivat?<\/strong><\/h3>\n\n\n\n<p>Jos osallistut kokoukseen ensimm\u00e4ist\u00e4 kertaa, ei tarvitse olla hermostunut. Useimmat kokouksemme ovat hyvin yksinkertaisia; jokaisella kokouksella on puheenjohtaja, joka johtaa kokousta, ja useimmat kokoukset kest\u00e4v\u00e4t tunnin. Puheenjohtaja ja muut vapaaehtoiset lukevat avauspuheenvuoroja, ennen kuin avaamme kokouksen j\u00e4senten jakamista varten. Jakamisvelvollisuutta ei ole, ja voit vain kuunnella. Voit kertoa kuulumisiasi, esitell\u00e4 itsesi ja kertoa, mik\u00e4 toi sinut ITAA:han, tai esitt\u00e4\u00e4 kysymyksi\u00e4. Ellei j\u00e4sen pyyd\u00e4, emme anna ehdotuksia tai kommentteja vastauksena muiden jakamiin ajatuksiin; kuuntelemme vain tuomitsematta. Tunnin lopussa kokous p\u00e4\u00e4ttyy loppupuheenvuoroihin, joiden j\u00e4lkeen j\u00e4senet yleens\u00e4 j\u00e4\u00e4v\u00e4t linjoille keskustelemaan rennosti, esitt\u00e4m\u00e4\u00e4n kysymyksi\u00e4 ja vaihtamaan yhteystietoja.<\/p>\n\n\n\n<h3 class=\"wp-block-heading\">Internet- ja teknologiariippuvuuden materiaalit<\/h3>\n\n\n\n<p>Jos pohdit, voisiko sinulla olla internet- ja teknologiariippuvuus, voit vastata kyselyihimme (englanniksi): <a href=\"https:\/\/internetaddictsanonymous.org\/fi\/internet-ja-teknologia-riippuvuus\/\">nettiriippuvuus<\/a>, <a href=\"https:\/\/internetaddictsanonymous.org\/fi\/internet-ja-teknologia-riippuvuus\/someriippuvuus\/\">someriippuvuus<\/a>, <a href=\"https:\/\/internetaddictsanonymous.org\/fi\/internet-addiktio\/striimausaddiktio\/\">striimausaddiktio<\/a>, <a href=\"https:\/\/internetaddictsanonymous.org\/fi\/internet-ja-teknologia-riippuvuus\/puhelinaddiktio\/\">puhelinaddiktio<\/a>tai <a href=\"https:\/\/internetaddictsanonymous.org\/fi\/internet-ja-teknologia-riippuvuus\/peliaddiktio-2\/\">peliriippuvuus<\/a>Voit my\u00f6s perehty\u00e4 ITAA:han lukemalla&nbsp;<a href=\"https:\/\/internetaddictsanonymous.org\/fi\/tulokkaan-oppaan\/\">tulokkaan oppaan,<\/a>selaamalla l\u00e4pi <a href=\"https:\/\/internetaddictsanonymous.org\/fi\/resurssit\/toipumisen-tyokalut\/\">toipumisen ty\u00f6kalut<\/a>, tai kuuntelemalla <a href=\"https:\/\/internetaddictsanonymous.org\/fi\/toipumistarinoita\/\">j\u00e4senten toipumiskertomuksia<\/a>. Meill\u00e4 on lis\u00e4resursseja osoitteessa&nbsp;<a href=\"https:\/\/internetaddicts.ru\/\" target=\"_blank\" rel=\"noreferrer noopener\">https:\/\/internetaddicts.ru\/<\/a>.<\/p>\n\n\n\n<p>ITAA ei ole sidoksissa mihink\u00e4\u00e4n poliittiseen aatteeseen, uskontoon tai ulkopuolisiin intresseihin. Yll\u00e4pid\u00e4mme itse omaa toimintaamme ja olemme maksuton apu kaikille jotka sit\u00e4 tarvitsevat. Ainoa tarkoituksemme on pid\u00e4tt\u00e4yty\u00e4 pakonomaisesta internetin ja teknologian k\u00e4yt\u00f6st\u00e4 ja auttaa muita vapautumaan t\u00e4st\u00e4 addiktiosta.<\/p>\n\n\n\n<p>Tervetuloa taas! Toivomme, ett\u00e4 t\u00e4m\u00e4 yhteis\u00f6 pystyy tarjoamaan tarvitsemaasi tukea internet- ja teknologiariippuvuudesta toipumiseen. \u00c4l\u00e4 ep\u00e4r\u00f6i ottaa yhteytt\u00e4 osoitteessa <a href=\"https:\/\/t.me\/aiz_itta\" target=\"_blank\" rel=\"noreferrer noopener\">https:\/\/t.me\/aiz_itta<\/a> jos sinulla on mit\u00e4\u00e4n kysytt\u00e4v\u00e4\u00e4.<\/p>\n\n\n\n<h3 class=\"wp-block-heading\"><strong>Turvallisuus<\/strong><\/h3>\n\n\n\n<p>Kokouksissamme n\u00e4yt\u00f6njako on poistettu k\u00e4yt\u00f6st\u00e4 ja salaus k\u00e4yt\u00f6ss\u00e4. J\u00e4rjest\u00e4j\u00e4t voivat mykist\u00e4\u00e4 ja poistaa h\u00e4iritsevi\u00e4 osallistujia. Jos is\u00e4nn\u00f6it kokousta, suosittelemme lukemaan ITAA:n s\u00e4\u00e4nn\u00f6t.&nbsp;<a href=\"https:\/\/internetaddictsanonymous.org\/fi\/itaa-kokousten-isantien-turvallisuusohjeet\/\">opas h\u00e4iri\u00f6iden ehk\u00e4isemiseen ja niihin reagoimiseen<\/a>.<\/p>\n\n\n\n<h3 class=\"wp-block-heading\"><strong>Esteett\u00f6myysresurssit<\/strong><\/h3>\n\n\n\n<p><a href=\"https:\/\/internetaddictsanonymous.org\/fi\/esteettomyys\/\">Esteett\u00f6myys puhe- ja kuulovammaisille j\u00e4senille<\/a><\/p>\n\n\n\n<p><a href=\"https:\/\/support.zoom.us\/hc\/en-us\/articles\/201362893-How-much-bandwidth-do-I-need-when-using-3G-or-4G-LTE\">Kaistanleveyden tarve k\u00e4ytett\u00e4ess\u00e4 3G-, 4G\/LTE- tai 5G-verkkoa (support.zoom.us)<\/a><\/p>\n\n\n\n<p><a href=\"https:\/\/support.zoom.us\/hc\/en-us\/articles\/4409500570381-Stopping-all-incoming-video-in-a-meeting-or-webinar\">Kuinka pys\u00e4ytt\u00e4\u00e4 kaikki saapuvat videot (support.zoom.us<\/a>)<\/p>\n\n\n\n<p><br>  <\/p>\n<!-- PMB print buttons is only displayed on a single post\/page URLs-->","protected":false},"excerpt":{"rendered":"<p>Tervetuloa Internet- ja teknologiariippuvaisten Anonyymien yhteis\u00f6\u00f6n! Olemme iloisia, ett\u00e4 l\u00f6ysit meid\u00e4t, ja toivomme, ett\u00e4 yhteis\u00f6mme voi olla sinulle yht\u00e4 hy\u00f6dyllinen kuin se on ollut meille. ITAA on kahdentoista askeleen yhteis\u00f6, joka koostuu yksil\u00f6ist\u00e4, jotka tukevat toisiaan internet- ja teknologiariippuvuudesta toipumisessa. T\u00e4h\u00e4n sis\u00e4ltyy riippuvuus sosiaalisesta mediasta, \u00e4lypuhelimista, suoratoistosta\u2026 <a href=\"https:\/\/internetaddictsanonymous.org\/fi\/russian\/\" class=\"more-link\">Jatka lukemista <span class=\"screen-reader-text\">ITAA ven\u00e4j\u00e4ksi<\/span><\/a><\/p>","protected":false},"author":35194237,"featured_media":0,"parent":0,"menu_order":0,"comment_status":"closed","ping_status":"closed","template":"full-width-page.php","meta":{"inline_featured_image":false,"_lmt_disableupdate":"","_lmt_disable":"","jetpack_post_was_ever_published":false,"footnotes":""},"tags":[],"class_list":["post-16207","page","type-page","status-publish","hentry"],"yoast_head":"<!-- This site is optimized with the Yoast SEO plugin v27.3 - https:\/\/yoast.com\/product\/yoast-seo-wordpress\/ -->\n<title>ITAA in Russian &#8211; Internet and Technology Addicts Anonymous<\/title>\n<meta name=\"robots\" content=\"index, follow, max-snippet:-1, max-image-preview:large, max-video-preview:-1\" \/>\n<link rel=\"canonical\" href=\"https:\/\/internetaddictsanonymous.org\/fi\/venaja\/\" \/>\n<meta property=\"og:locale\" content=\"fi_FI\" \/>\n<meta property=\"og:type\" content=\"article\" \/>\n<meta property=\"og:title\" content=\"ITAA in Russian &#8211; Internet and Technology Addicts Anonymous\" \/>\n<meta property=\"og:description\" content=\"Welcome to Internet and Technology Addicts Anonymous! We\u2019re glad you\u2019ve found us, and we hope our community can be as helpful to you as it has been for us. ITAA is a Twelve-Step fellowship of individuals who support each other in recovering from internet and technology addiction. This includes addiction to social media, smartphones, streaming &hellip; Continue reading ITAA in Russian\" \/>\n<meta property=\"og:url\" content=\"https:\/\/internetaddictsanonymous.org\/fi\/venaja\/\" \/>\n<meta property=\"og:site_name\" content=\"Internet and Technology Addicts Anonymous\" \/>\n<meta property=\"article:modified_time\" content=\"2024-04-28T23:34:34+00:00\" \/>\n<meta name=\"twitter:card\" content=\"summary_large_image\" \/>\n<meta name=\"twitter:label1\" content=\"Arvioitu lukuaika\" \/>\n\t<meta name=\"twitter:data1\" content=\"3 minuuttia\" \/>\n<script type=\"application\/ld+json\" class=\"yoast-schema-graph\">{\"@context\":\"https:\\\/\\\/schema.org\",\"@graph\":[{\"@type\":\"WebPage\",\"@id\":\"https:\\\/\\\/internetaddictsanonymous.org\\\/russian\\\/\",\"url\":\"https:\\\/\\\/internetaddictsanonymous.org\\\/russian\\\/\",\"name\":\"ITAA in Russian &#8211; Internet and Technology Addicts Anonymous\",\"isPartOf\":{\"@id\":\"https:\\\/\\\/internetaddictsanonymous.org\\\/#website\"},\"datePublished\":\"2023-07-14T23:13:54+00:00\",\"dateModified\":\"2024-04-28T23:34:34+00:00\",\"breadcrumb\":{\"@id\":\"https:\\\/\\\/internetaddictsanonymous.org\\\/russian\\\/#breadcrumb\"},\"inLanguage\":\"fi\",\"potentialAction\":[{\"@type\":\"ReadAction\",\"target\":[\"https:\\\/\\\/internetaddictsanonymous.org\\\/russian\\\/\"]}]},{\"@type\":\"BreadcrumbList\",\"@id\":\"https:\\\/\\\/internetaddictsanonymous.org\\\/russian\\\/#breadcrumb\",\"itemListElement\":[{\"@type\":\"ListItem\",\"position\":1,\"name\":\"Home\",\"item\":\"https:\\\/\\\/internetaddictsanonymous.org\\\/\"},{\"@type\":\"ListItem\",\"position\":2,\"name\":\"ITAA in Russian\"}]},{\"@type\":\"WebSite\",\"@id\":\"https:\\\/\\\/internetaddictsanonymous.org\\\/#website\",\"url\":\"https:\\\/\\\/internetaddictsanonymous.org\\\/\",\"name\":\"Internet and Technology Addicts Anonymous\",\"description\":\"Worldwide 12-step Fellowship for Internet and Technology Addiction\",\"publisher\":{\"@id\":\"https:\\\/\\\/internetaddictsanonymous.org\\\/#organization\"},\"potentialAction\":[{\"@type\":\"SearchAction\",\"target\":{\"@type\":\"EntryPoint\",\"urlTemplate\":\"https:\\\/\\\/internetaddictsanonymous.org\\\/?s={search_term_string}\"},\"query-input\":{\"@type\":\"PropertyValueSpecification\",\"valueRequired\":true,\"valueName\":\"search_term_string\"}}],\"inLanguage\":\"fi\"},{\"@type\":\"Organization\",\"@id\":\"https:\\\/\\\/internetaddictsanonymous.org\\\/#organization\",\"name\":\"Internet and Technology Addicts Anonymous\",\"url\":\"https:\\\/\\\/internetaddictsanonymous.org\\\/\",\"logo\":{\"@type\":\"ImageObject\",\"inLanguage\":\"fi\",\"@id\":\"https:\\\/\\\/internetaddictsanonymous.org\\\/#\\\/schema\\\/logo\\\/image\\\/\",\"url\":\"https:\\\/\\\/internetaddictsanonymous.org\\\/wp-content\\\/uploads\\\/2023\\\/01\\\/cropped-ITAA-logo-480px.png\",\"contentUrl\":\"https:\\\/\\\/internetaddictsanonymous.org\\\/wp-content\\\/uploads\\\/2023\\\/01\\\/cropped-ITAA-logo-480px.png\",\"width\":480,\"height\":480,\"caption\":\"Internet and Technology Addicts Anonymous\"},\"image\":{\"@id\":\"https:\\\/\\\/internetaddictsanonymous.org\\\/#\\\/schema\\\/logo\\\/image\\\/\"}}]}<\/script>\n<!-- \/ Yoast SEO plugin. -->","yoast_head_json":{"title":"ITAA ven\u00e4j\u00e4ksi \u2013 Internet- ja teknologiariippuvaiset anonyymit","robots":{"index":"index","follow":"follow","max-snippet":"max-snippet:-1","max-image-preview":"max-image-preview:large","max-video-preview":"max-video-preview:-1"},"canonical":"https:\/\/internetaddictsanonymous.org\/fi\/venaja\/","og_locale":"fi_FI","og_type":"article","og_title":"ITAA in Russian &#8211; Internet and Technology Addicts Anonymous","og_description":"Welcome to Internet and Technology Addicts Anonymous! We\u2019re glad you\u2019ve found us, and we hope our community can be as helpful to you as it has been for us. ITAA is a Twelve-Step fellowship of individuals who support each other in recovering from internet and technology addiction. This includes addiction to social media, smartphones, streaming &hellip; Continue reading ITAA in Russian","og_url":"https:\/\/internetaddictsanonymous.org\/fi\/venaja\/","og_site_name":"Internet and Technology Addicts Anonymous","article_modified_time":"2024-04-28T23:34:34+00:00","twitter_card":"summary_large_image","twitter_misc":{"Arvioitu lukuaika":"3 minuuttia"},"schema":{"@context":"https:\/\/schema.org","@graph":[{"@type":"WebPage","@id":"https:\/\/internetaddictsanonymous.org\/russian\/","url":"https:\/\/internetaddictsanonymous.org\/russian\/","name":"ITAA ven\u00e4j\u00e4ksi \u2013 Internet- ja teknologiariippuvaiset anonyymit","isPartOf":{"@id":"https:\/\/internetaddictsanonymous.org\/#website"},"datePublished":"2023-07-14T23:13:54+00:00","dateModified":"2024-04-28T23:34:34+00:00","breadcrumb":{"@id":"https:\/\/internetaddictsanonymous.org\/russian\/#breadcrumb"},"inLanguage":"fi","potentialAction":[{"@type":"ReadAction","target":["https:\/\/internetaddictsanonymous.org\/russian\/"]}]},{"@type":"BreadcrumbList","@id":"https:\/\/internetaddictsanonymous.org\/russian\/#breadcrumb","itemListElement":[{"@type":"ListItem","position":1,"name":"Home","item":"https:\/\/internetaddictsanonymous.org\/"},{"@type":"ListItem","position":2,"name":"ITAA in Russian"}]},{"@type":"WebSite","@id":"https:\/\/internetaddictsanonymous.org\/#website","url":"https:\/\/internetaddictsanonymous.org\/","name":"Nimett\u00f6m\u00e4t internetin ja teknologian ongelmak\u00e4ytt\u00e4j\u00e4t","description":"Maailmanlaajuinen 12 askeleen yhteis\u00f6 Internet- ja teknologiariippuvuutta varten","publisher":{"@id":"https:\/\/internetaddictsanonymous.org\/#organization"},"potentialAction":[{"@type":"SearchAction","target":{"@type":"EntryPoint","urlTemplate":"https:\/\/internetaddictsanonymous.org\/?s={search_term_string}"},"query-input":{"@type":"PropertyValueSpecification","valueRequired":true,"valueName":"search_term_string"}}],"inLanguage":"fi"},{"@type":"Organization","@id":"https:\/\/internetaddictsanonymous.org\/#organization","name":"Nimett\u00f6m\u00e4t internetin ja teknologian ongelmak\u00e4ytt\u00e4j\u00e4t","url":"https:\/\/internetaddictsanonymous.org\/","logo":{"@type":"ImageObject","inLanguage":"fi","@id":"https:\/\/internetaddictsanonymous.org\/#\/schema\/logo\/image\/","url":"https:\/\/internetaddictsanonymous.org\/wp-content\/uploads\/2023\/01\/cropped-ITAA-logo-480px.png","contentUrl":"https:\/\/internetaddictsanonymous.org\/wp-content\/uploads\/2023\/01\/cropped-ITAA-logo-480px.png","width":480,"height":480,"caption":"Internet and Technology Addicts Anonymous"},"image":{"@id":"https:\/\/internetaddictsanonymous.org\/#\/schema\/logo\/image\/"}}]}},"jetpack_sharing_enabled":true,"jetpack_shortlink":"https:\/\/wp.me\/P9Fwob-4dp","_links":{"self":[{"href":"https:\/\/internetaddictsanonymous.org\/fi\/wp-json\/wp\/v2\/pages\/16207","targetHints":{"allow":["GET"]}}],"collection":[{"href":"https:\/\/internetaddictsanonymous.org\/fi\/wp-json\/wp\/v2\/pages"}],"about":[{"href":"https:\/\/internetaddictsanonymous.org\/fi\/wp-json\/wp\/v2\/types\/page"}],"author":[{"embeddable":true,"href":"https:\/\/internetaddictsanonymous.org\/fi\/wp-json\/wp\/v2\/users\/35194237"}],"replies":[{"embeddable":true,"href":"https:\/\/internetaddictsanonymous.org\/fi\/wp-json\/wp\/v2\/comments?post=16207"}],"version-history":[{"count":14,"href":"https:\/\/internetaddictsanonymous.org\/fi\/wp-json\/wp\/v2\/pages\/16207\/revisions"}],"predecessor-version":[{"id":17946,"href":"https:\/\/internetaddictsanonymous.org\/fi\/wp-json\/wp\/v2\/pages\/16207\/revisions\/17946"}],"wp:attachment":[{"href":"https:\/\/internetaddictsanonymous.org\/fi\/wp-json\/wp\/v2\/media?parent=16207"}],"wp:term":[{"taxonomy":"post_tag","embeddable":true,"href":"https:\/\/internetaddictsanonymous.org\/fi\/wp-json\/wp\/v2\/tags?post=16207"}],"curies":[{"name":"wp","href":"https:\/\/api.w.org\/{rel}","templated":true}]}}