{"id":16390,"date":"2023-07-16T14:01:24","date_gmt":"2023-07-16T18:01:24","guid":{"rendered":"https:\/\/internetaddictsanonymous.org\/?page_id=16390"},"modified":"2026-04-03T06:55:28","modified_gmt":"2026-04-03T13:55:28","slug":"iso-britannia-lontoo","status":"publish","type":"page","link":"https:\/\/internetaddictsanonymous.org\/fi\/in-person-meetings\/uk-london\/","title":{"rendered":"ITAA Yhdistyneess\u00e4 kuningaskunnassa"},"content":{"rendered":"<p>Tervetuloa nimett\u00f6miin internetin ja teknologian ongelmak\u00e4ytt\u00e4jiin! Hienoa, ett\u00e4 olet l\u00f6yt\u00e4nyt meid\u00e4t. Toivomme, ett\u00e4 yhteis\u00f6mme voi olla sinulle yht\u00e4 hy\u00f6dyllinen kuin se on ollut meille.<strong> <mark style=\"background-color:rgba(0, 0, 0, 0)\" class=\"has-inline-color has-dark-gray-color\">ITAA on 12 askeleen toveriseura, joka muodostuu toisiaan tukevista henkil\u00f6ist\u00e4, jotka toipuvat internetin ja teknologian ongelmak\u00e4yt\u00f6st\u00e4.<\/mark><\/strong> T\u00e4h\u00e4n sis\u00e4ltyy riippuvuus sosiaalisesta mediasta, \u00e4lypuhelimista, video- tai \u00e4\u00e4nisis\u00e4ll\u00f6n suoratoistosta, peleist\u00e4, uutisista, pornografiasta, deittisovelluksista, verkkotutkimuksesta, verkko-ostoksista tai muusta digitaalisesta toiminnasta, josta tulee pakonomaista ja ongelmallista.&nbsp;<\/p>\n\n\n\n<h3 class=\"wp-block-heading\">Kokoukset Cambridgessa (Mahdollisia)<\/h3>\n\n\n\n<p>Kokouksen aloittamiseen Cambridgessa on kiinnostusta. Ota yhteytt\u00e4 <a href=\"mailto:recovering.rhys@gmail.com\" target=\"_blank\" rel=\"noreferrer noopener\">recovering.rhys@gmail.com<\/a>&nbsp;lis\u00e4tietoja varten.&nbsp;<\/p>\n\n\n\n<h3 class=\"wp-block-heading\">Kokoukset Edinburghissa <\/h3>\n\n\n\n<p>Huomautus: Ota yhteytt\u00e4\u00a0<a href=\"mailto:fellowshipedinburgh@gmail.com\" target=\"_blank\" rel=\"noreferrer noopener\">fellowshipedinburgh@gmail.com<\/a>\u00a0ennen kokoukseen tuloa varmistaaksesi, ett\u00e4 se menee sin\u00e4 p\u00e4iv\u00e4n\u00e4.<\/p>\n\n\n\n<p>Milloin: Kokous pidet\u00e4\u00e4n keskiviikkona klo 19-20 alkaen.<br>Miss\u00e4: Tapahtumapaikka on \u2013 The Space Creative and Cultural Hub, 183 Dalry Road, EH11 2EB.<br>Kuka: Lis\u00e4tietoja saat ottamalla yhteytt\u00e4 Beniin osoitteessa&nbsp;<a href=\"mailto:fellowshipedinburgh@gmail.com\" target=\"_blank\" rel=\"noreferrer noopener\">fellowshipedinburgh@gmail.com<\/a><\/p>\n\n\n\n<h3 class=\"wp-block-heading\">Kokoukset Glasgow&#039;ssa<\/h3>\n\n\n\n<p>Milloin: torstaina klo 18.30-19.30<br>Miss\u00e4: Partick Burgh Hall, 9 Burgh Hall St, Glasgow<br>Ota yhteytt\u00e4&nbsp;<a href=\"mailto:wakeuplookuptheresa@icloud.com\" target=\"_blank\" rel=\"noreferrer noopener\">wakeuplookuptheresa@icloud.com<\/a>&nbsp;tai numerosta +44 7541274057 lis\u00e4tietoja varten<\/p>\n\n\n\n<h3 class=\"wp-block-heading\">Kokous Leedsiss\u00e4 (Mahdollinen)<\/h3>\n\n\n\n<p>J\u00e4sen on kiinnostunut aloittamaan kokouksen Leedsiss\u00e4. Ota yhteytt\u00e4 <a href=\"mailto:seekingserenity35@tuta.io\">seekingserenity35@tuta.io<\/a> jos haluat olla osa sit\u00e4.<\/p>\n\n\n\n<h3 class=\"wp-block-heading\">Kokoukset Lontoossa<\/h3>\n\n\n\n<p>Milloin: Joka sunnuntai klo 13.30 ja sen kesto on yksi tunti. Meill\u00e4 on my\u00f6s uusi kokous tiistaina 24.2.26 klo 17.55-19.00 alkaen. <br>Miss\u00e4: Pieni kokoushuone Soho Recovery Centress\u00e4, osoitteessa 123 Charing Cross Road, Lontoo, WC2H 0EW, Iso-Britannia.<br>Yhteystiedot: Ota yhteytt\u00e4&nbsp;<a href=\"mailto:londonitaa@gmail.com\" target=\"_blank\" rel=\"noreferrer noopener\">londonitaa@gmail.com<\/a>&nbsp;jos sinulla on kysytt\u00e4v\u00e4\u00e4 tai haluat lis\u00e4tietoja tapaamisestamme.<br><br>Ketk\u00e4 voivat osallistua: T\u00e4m\u00e4 kokous on tarkoitettu ihmisille, jotka ovat riippuvaisia internetist\u00e4 ja teknologiasta tai jotka ep\u00e4ilev\u00e4t olevansa.<\/p>\n\n\n\n<h3 class=\"wp-block-heading\">Kokoukset Newcastlessa (Mahdollisia)<\/h3>\n\n\n\n<p>J\u00e4sen on kiinnostunut aloittamaan henkil\u00f6kohtaisen tapaamisen Newcastle upon Tyness\u00e4. Ota yhteytt\u00e4 <a href=\"mailto:shmulybee1@gmail.com\">shmulybee1@gmail.com<\/a> lis\u00e4tietoja varten.<\/p>\n\n\n\n<h3 class=\"wp-block-heading\">Kokoukset Oxfordissa<\/h3>\n\n\n\n<p>Milloin: joka keskiviikko klo 18-19<br>Miss\u00e4: West Oxfordin yhteis\u00f6keskus, Botley Rd, Oxford OX2 0BT \u2013 Kun saavut keskukseen, \u00e4l\u00e4 mene sis\u00e4\u00e4n p\u00e4\u00e4ovesta, vaan kierr\u00e4 rakennuksen ulkopuolelta oikealle puolelle l\u00f6yt\u00e4\u00e4ksesi seminaarihuoneen 1.<br>Contact:&nbsp;itaaoxford@gmail.com<br>Lis\u00e4tietoja: Kutsumme l\u00e4mpim\u00e4sti kaikki uudet tulokkaat ja kaikki, jotka kokevat itsens\u00e4 internet- ja teknologiaaddikteiksi, osallistumaan t\u00e4h\u00e4n kokoukseen. T\u00e4m\u00e4 on suljettu kokous, mik\u00e4 tarkoittaa, ett\u00e4 pyyd\u00e4mme tutkijoita, toimittajia, yst\u00e4vi\u00e4 ja perheenj\u00e4seni\u00e4 etsim\u00e4\u00e4n avoimen kokouksen osallistumista varten. Tarjolla on useita avoimia verkkokokouksia, jotka sopivat my\u00f6s muille kuin riippuville. Jos haluat lis\u00e4tietoja Oxfordin kokouksestamme, ota yhteytt\u00e4 s\u00e4hk\u00f6postiosoitteeseen.<br>Huom: Botley Road on suljettu autoilta ja busseilta rautatiesillan kohdalla. Jos saavut autolla, sinun on l\u00e4hestytt\u00e4v\u00e4 l\u00e4nnest\u00e4. Paikan p\u00e4\u00e4ll\u00e4 on ilmainen pys\u00e4k\u00f6inti. L\u00e4het\u00e4 meille s\u00e4hk\u00f6postia, jos sinulla on kysytt\u00e4v\u00e4\u00e4 saapumisesta.<\/p>\n\n\n\n<figure class=\"wp-block-image\"><img decoding=\"async\" width=\"681\" height=\"376\" src=\"https:\/\/internetaddictsanonymous.org\/wp-content\/uploads\/2023\/07\/directions-to-WOCC-seminar-room-1.png\" alt=\"\" class=\"wp-image-16457\" srcset=\"https:\/\/internetaddictsanonymous.org\/wp-content\/uploads\/2023\/07\/directions-to-WOCC-seminar-room-1.png 681w, https:\/\/internetaddictsanonymous.org\/wp-content\/uploads\/2023\/07\/directions-to-WOCC-seminar-room-1-300x166.png 300w, https:\/\/internetaddictsanonymous.org\/wp-content\/uploads\/2023\/07\/directions-to-WOCC-seminar-room-1-18x10.png 18w\" sizes=\"(max-width: 681px) 100vw, 681px\" \/><\/figure>\n\n\n\n<h3 class=\"wp-block-heading\">Lis\u00e4kokoukset<\/h3>\n\n\n\n<p>Jos olet uusi, kannustamme sinua kokeilemaan kuutta tapaamista lyhyess\u00e4 ajassa n\u00e4hd\u00e4ksesi, olisiko ohjelmastamme sinulle hy\u00f6ty\u00e4. Paikallisten tapaamisten lis\u00e4ksi voit my\u00f6s tutustua seuraaviin tuotteisiimme: <a href=\"https:\/\/internetaddictsanonymous.org\/fi\/henkilokohtaisissa-tapaamisissa\/\">muut henkil\u00f6kohtaiset tapaamiset<\/a> ja <a href=\"https:\/\/internetaddictsanonymous.org\/fi\/verkkokokoukset\/\">t\u00e4ydellinen online-kokousten aikataulu<\/a>. Kaikki tapaamiset ovat t\u00e4ysin ilmaisia ja nimett\u00f6mi\u00e4.<\/p>\n\n\n\n<h3 class=\"wp-block-heading\">Miten kokoukset toimivat?<\/h3>\n\n\n\n<p>Jos osallistut kokoukseen ensimm\u00e4ist\u00e4 kertaa, ei tarvitse olla hermostunut. Useimmat kokouksemme ovat hyvin yksinkertaisia; jokaisella kokouksella on puheenjohtaja, joka johtaa kokousta, ja useimmat kokoukset kest\u00e4v\u00e4t tunnin. Puheenjohtaja ja muut vapaaehtoiset lukevat avauspuheenvuoroja, ennen kuin avaamme kokouksen j\u00e4senten jakamista varten. Jakamisvelvollisuutta ei ole, ja voit vain kuunnella. Jos tunnet olosi mukavaksi, voit esitell\u00e4 itsesi ja kertoa, mik\u00e4 toi sinut ITAA:han. Ellei j\u00e4sen pyyd\u00e4, emme anna ehdotuksia tai kommentteja vastauksena muiden jakamiin ajatuksiin; kuuntelemme vain tuomitsematta. Tunnin lopussa kokous p\u00e4\u00e4ttyy loppupuheenvuoroihin, joiden j\u00e4lkeen j\u00e4senet yleens\u00e4 keskustelevat rennosti, esitt\u00e4v\u00e4t kysymyksi\u00e4 ja vaihtavat yhteystietoja.<\/p>\n\n\n\n<h3 class=\"wp-block-heading\">Internet- ja teknologiariippuvuuden materiaalit<\/h3>\n\n\n\n<p>Jos pohdit, voisiko sinulla olla internet- ja teknologiariippuvuus, voit vastata kyselyihimme (englanniksi): <a href=\"https:\/\/internetaddictsanonymous.org\/fi\/internet-ja-teknologia-riippuvuus\/\">nettiriippuvuus<\/a>, <a href=\"https:\/\/internetaddictsanonymous.org\/fi\/internet-ja-teknologia-riippuvuus\/someriippuvuus\/\">someriippuvuus<\/a>, <a href=\"https:\/\/internetaddictsanonymous.org\/fi\/internet-addiktio\/striimausaddiktio\/\">striimausaddiktio<\/a>, <a href=\"https:\/\/internetaddictsanonymous.org\/fi\/internet-ja-teknologia-riippuvuus\/puhelinaddiktio\/\">puhelinaddiktio<\/a>tai <a href=\"https:\/\/internetaddictsanonymous.org\/fi\/internet-ja-teknologia-riippuvuus\/peliaddiktio-2\/\">peliriippuvuus<\/a>Voit my\u00f6s perehty\u00e4 ITAA:han lukemalla&nbsp;<a href=\"https:\/\/internetaddictsanonymous.org\/fi\/tulokkaan-oppaan\/\">tulokkaan oppaan,<\/a>selaamalla l\u00e4pi <a href=\"https:\/\/internetaddictsanonymous.org\/fi\/resurssit\/toipumisen-tyokalut\/\">toipumisen ty\u00f6kalut<\/a>, tai kuuntelemalla <a href=\"https:\/\/internetaddictsanonymous.org\/fi\/toipumistarinoita\/\">j\u00e4senten toipumiskertomuksia<\/a>.<\/p>\n\n\n\n<p>ITAA ei ole sidoksissa mihink\u00e4\u00e4n poliittiseen aatteeseen, uskontoon tai ulkopuolisiin intresseihin. Yll\u00e4pid\u00e4mme itse omaa toimintaamme ja olemme maksuton apu kaikille jotka sit\u00e4 tarvitsevat. Ainoa tarkoituksemme on pid\u00e4tt\u00e4yty\u00e4 pakonomaisesta internetin ja teknologian k\u00e4yt\u00f6st\u00e4 ja auttaa muita vapautumaan t\u00e4st\u00e4 addiktiosta.<\/p>\n\n\n\n<p>Tervetuloa taas! Toivomme, ett\u00e4 t\u00e4m\u00e4 yhteis\u00f6 pystyy tarjoamaan tarvitsemaasi tukea internet- ja teknologiariippuvuudesta toipumiseen. \u00c4l\u00e4 ep\u00e4r\u00f6i ottaa meihin yhteytt\u00e4, jos sinulla on kysytt\u00e4v\u00e4\u00e4.<\/p>\n<!-- PMB print buttons is only displayed on a single post\/page URLs-->","protected":false},"excerpt":{"rendered":"<p>Tervetuloa Internet- ja teknologiariippuvaisten Anonyymien yhteis\u00f6\u00f6n! Olemme iloisia, ett\u00e4 l\u00f6ysit meid\u00e4t, ja toivomme, ett\u00e4 yhteis\u00f6mme voi olla sinulle yht\u00e4 hy\u00f6dyllinen kuin se on ollut meille. ITAA on kahdentoista askeleen yhteis\u00f6, joka koostuu yksil\u00f6ist\u00e4, jotka tukevat toisiaan internet- ja teknologiariippuvuudesta toipumisessa. T\u00e4h\u00e4n sis\u00e4ltyy riippuvuus sosiaalisesta mediasta, \u00e4lypuhelimista, suoratoistosta\u2026 <a href=\"https:\/\/internetaddictsanonymous.org\/fi\/in-person-meetings\/uk-london\/\" class=\"more-link\">Jatka lukemista <span class=\"screen-reader-text\">ITAA Yhdistyneess\u00e4 kuningaskunnassa<\/span><\/a><\/p>","protected":false},"author":35194237,"featured_media":0,"parent":148,"menu_order":0,"comment_status":"closed","ping_status":"closed","template":"full-width-page.php","meta":{"inline_featured_image":false,"_lmt_disableupdate":"","_lmt_disable":"","footnotes":""},"tags":[],"class_list":["post-16390","page","type-page","status-publish","hentry"],"yoast_head":"<!-- This site is optimized with the Yoast SEO plugin v27.5 - https:\/\/yoast.com\/product\/yoast-seo-wordpress\/ -->\n<title>ITAA in United Kingdom &#8211; Internet and Technology Addicts Anonymous<\/title>\n<meta name=\"robots\" content=\"index, follow, max-snippet:-1, max-image-preview:large, max-video-preview:-1\" \/>\n<link rel=\"canonical\" href=\"https:\/\/internetaddictsanonymous.org\/fi\/henkilokohtaisissa-tapaamisissa\/iso-britannia-lontoo\/\" \/>\n<meta property=\"og:locale\" content=\"fi_FI\" \/>\n<meta property=\"og:type\" content=\"article\" \/>\n<meta property=\"og:title\" content=\"ITAA in United Kingdom &#8211; Internet and Technology Addicts Anonymous\" \/>\n<meta property=\"og:description\" content=\"Welcome to Internet and Technology Addicts Anonymous! We\u2019re glad you\u2019ve found us, and we hope our community can be as helpful to you as it has been for us. ITAA is a Twelve-Step fellowship of individuals who support each other in recovering from internet and technology addiction. This includes addiction to social media, smartphones, streaming &hellip; Continue reading ITAA in United Kingdom\" \/>\n<meta property=\"og:url\" content=\"https:\/\/internetaddictsanonymous.org\/fi\/henkilokohtaisissa-tapaamisissa\/iso-britannia-lontoo\/\" \/>\n<meta property=\"og:site_name\" content=\"Internet and Technology Addicts Anonymous\" \/>\n<meta property=\"article:modified_time\" content=\"2026-04-03T13:55:28+00:00\" \/>\n<meta property=\"og:image\" content=\"https:\/\/internetaddictsanonymous.org\/wp-content\/uploads\/2023\/07\/directions-to-WOCC-seminar-room-1.png\" \/>\n\t<meta property=\"og:image:width\" content=\"681\" \/>\n\t<meta property=\"og:image:height\" content=\"376\" \/>\n\t<meta property=\"og:image:type\" content=\"image\/png\" \/>\n<meta name=\"twitter:card\" content=\"summary_large_image\" \/>\n<meta name=\"twitter:label1\" content=\"Arvioitu lukuaika\" \/>\n\t<meta name=\"twitter:data1\" content=\"4 minuuttia\" \/>\n<script type=\"application\/ld+json\" class=\"yoast-schema-graph\">{\"@context\":\"https:\\\/\\\/schema.org\",\"@graph\":[{\"@type\":\"WebPage\",\"@id\":\"https:\\\/\\\/internetaddictsanonymous.org\\\/in-person-meetings\\\/uk-london\\\/\",\"url\":\"https:\\\/\\\/internetaddictsanonymous.org\\\/in-person-meetings\\\/uk-london\\\/\",\"name\":\"ITAA in United Kingdom &#8211; Internet and Technology Addicts Anonymous\",\"isPartOf\":{\"@id\":\"https:\\\/\\\/internetaddictsanonymous.org\\\/#website\"},\"primaryImageOfPage\":{\"@id\":\"https:\\\/\\\/internetaddictsanonymous.org\\\/in-person-meetings\\\/uk-london\\\/#primaryimage\"},\"image\":{\"@id\":\"https:\\\/\\\/internetaddictsanonymous.org\\\/in-person-meetings\\\/uk-london\\\/#primaryimage\"},\"thumbnailUrl\":\"https:\\\/\\\/internetaddictsanonymous.org\\\/wp-content\\\/uploads\\\/2023\\\/07\\\/directions-to-WOCC-seminar-room-1.png\",\"datePublished\":\"2023-07-16T18:01:24+00:00\",\"dateModified\":\"2026-04-03T13:55:28+00:00\",\"breadcrumb\":{\"@id\":\"https:\\\/\\\/internetaddictsanonymous.org\\\/in-person-meetings\\\/uk-london\\\/#breadcrumb\"},\"inLanguage\":\"fi\",\"potentialAction\":[{\"@type\":\"ReadAction\",\"target\":[\"https:\\\/\\\/internetaddictsanonymous.org\\\/in-person-meetings\\\/uk-london\\\/\"]}]},{\"@type\":\"ImageObject\",\"inLanguage\":\"fi\",\"@id\":\"https:\\\/\\\/internetaddictsanonymous.org\\\/in-person-meetings\\\/uk-london\\\/#primaryimage\",\"url\":\"https:\\\/\\\/internetaddictsanonymous.org\\\/wp-content\\\/uploads\\\/2023\\\/07\\\/directions-to-WOCC-seminar-room-1.png\",\"contentUrl\":\"https:\\\/\\\/internetaddictsanonymous.org\\\/wp-content\\\/uploads\\\/2023\\\/07\\\/directions-to-WOCC-seminar-room-1.png\"},{\"@type\":\"BreadcrumbList\",\"@id\":\"https:\\\/\\\/internetaddictsanonymous.org\\\/in-person-meetings\\\/uk-london\\\/#breadcrumb\",\"itemListElement\":[{\"@type\":\"ListItem\",\"position\":1,\"name\":\"Home\",\"item\":\"https:\\\/\\\/internetaddictsanonymous.org\\\/\"},{\"@type\":\"ListItem\",\"position\":2,\"name\":\"In-Person Meetings\",\"item\":\"https:\\\/\\\/internetaddictsanonymous.org\\\/in-person-meetings\\\/\"},{\"@type\":\"ListItem\",\"position\":3,\"name\":\"ITAA in United Kingdom\"}]},{\"@type\":\"WebSite\",\"@id\":\"https:\\\/\\\/internetaddictsanonymous.org\\\/#website\",\"url\":\"https:\\\/\\\/internetaddictsanonymous.org\\\/\",\"name\":\"Internet and Technology Addicts Anonymous\",\"description\":\"Worldwide 12-step Fellowship for Internet and Technology Addiction\",\"publisher\":{\"@id\":\"https:\\\/\\\/internetaddictsanonymous.org\\\/#organization\"},\"potentialAction\":[{\"@type\":\"SearchAction\",\"target\":{\"@type\":\"EntryPoint\",\"urlTemplate\":\"https:\\\/\\\/internetaddictsanonymous.org\\\/?s={search_term_string}\"},\"query-input\":{\"@type\":\"PropertyValueSpecification\",\"valueRequired\":true,\"valueName\":\"search_term_string\"}}],\"inLanguage\":\"fi\"},{\"@type\":\"Organization\",\"@id\":\"https:\\\/\\\/internetaddictsanonymous.org\\\/#organization\",\"name\":\"Internet and Technology Addicts Anonymous\",\"url\":\"https:\\\/\\\/internetaddictsanonymous.org\\\/\",\"logo\":{\"@type\":\"ImageObject\",\"inLanguage\":\"fi\",\"@id\":\"https:\\\/\\\/internetaddictsanonymous.org\\\/#\\\/schema\\\/logo\\\/image\\\/\",\"url\":\"https:\\\/\\\/internetaddictsanonymous.org\\\/wp-content\\\/uploads\\\/2023\\\/01\\\/cropped-ITAA-logo-480px.png\",\"contentUrl\":\"https:\\\/\\\/internetaddictsanonymous.org\\\/wp-content\\\/uploads\\\/2023\\\/01\\\/cropped-ITAA-logo-480px.png\",\"width\":480,\"height\":480,\"caption\":\"Internet and Technology Addicts Anonymous\"},\"image\":{\"@id\":\"https:\\\/\\\/internetaddictsanonymous.org\\\/#\\\/schema\\\/logo\\\/image\\\/\"}}]}<\/script>\n<!-- \/ Yoast SEO plugin. -->","yoast_head_json":{"title":"ITAA Yhdistyneess\u00e4 kuningaskunnassa \u2013 Internet- ja teknologiariippuvaiset Anonyymit","robots":{"index":"index","follow":"follow","max-snippet":"max-snippet:-1","max-image-preview":"max-image-preview:large","max-video-preview":"max-video-preview:-1"},"canonical":"https:\/\/internetaddictsanonymous.org\/fi\/henkilokohtaisissa-tapaamisissa\/iso-britannia-lontoo\/","og_locale":"fi_FI","og_type":"article","og_title":"ITAA in United Kingdom &#8211; Internet and Technology Addicts Anonymous","og_description":"Welcome to Internet and Technology Addicts Anonymous! We\u2019re glad you\u2019ve found us, and we hope our community can be as helpful to you as it has been for us. ITAA is a Twelve-Step fellowship of individuals who support each other in recovering from internet and technology addiction. This includes addiction to social media, smartphones, streaming &hellip; Continue reading ITAA in United Kingdom","og_url":"https:\/\/internetaddictsanonymous.org\/fi\/henkilokohtaisissa-tapaamisissa\/iso-britannia-lontoo\/","og_site_name":"Internet and Technology Addicts Anonymous","article_modified_time":"2026-04-03T13:55:28+00:00","og_image":[{"width":681,"height":376,"url":"https:\/\/internetaddictsanonymous.org\/wp-content\/uploads\/2023\/07\/directions-to-WOCC-seminar-room-1.png","type":"image\/png"}],"twitter_card":"summary_large_image","twitter_misc":{"Arvioitu lukuaika":"4 minuuttia"},"schema":{"@context":"https:\/\/schema.org","@graph":[{"@type":"WebPage","@id":"https:\/\/internetaddictsanonymous.org\/in-person-meetings\/uk-london\/","url":"https:\/\/internetaddictsanonymous.org\/in-person-meetings\/uk-london\/","name":"ITAA Yhdistyneess\u00e4 kuningaskunnassa \u2013 Internet- ja teknologiariippuvaiset Anonyymit","isPartOf":{"@id":"https:\/\/internetaddictsanonymous.org\/#website"},"primaryImageOfPage":{"@id":"https:\/\/internetaddictsanonymous.org\/in-person-meetings\/uk-london\/#primaryimage"},"image":{"@id":"https:\/\/internetaddictsanonymous.org\/in-person-meetings\/uk-london\/#primaryimage"},"thumbnailUrl":"https:\/\/internetaddictsanonymous.org\/wp-content\/uploads\/2023\/07\/directions-to-WOCC-seminar-room-1.png","datePublished":"2023-07-16T18:01:24+00:00","dateModified":"2026-04-03T13:55:28+00:00","breadcrumb":{"@id":"https:\/\/internetaddictsanonymous.org\/in-person-meetings\/uk-london\/#breadcrumb"},"inLanguage":"fi","potentialAction":[{"@type":"ReadAction","target":["https:\/\/internetaddictsanonymous.org\/in-person-meetings\/uk-london\/"]}]},{"@type":"ImageObject","inLanguage":"fi","@id":"https:\/\/internetaddictsanonymous.org\/in-person-meetings\/uk-london\/#primaryimage","url":"https:\/\/internetaddictsanonymous.org\/wp-content\/uploads\/2023\/07\/directions-to-WOCC-seminar-room-1.png","contentUrl":"https:\/\/internetaddictsanonymous.org\/wp-content\/uploads\/2023\/07\/directions-to-WOCC-seminar-room-1.png"},{"@type":"BreadcrumbList","@id":"https:\/\/internetaddictsanonymous.org\/in-person-meetings\/uk-london\/#breadcrumb","itemListElement":[{"@type":"ListItem","position":1,"name":"Home","item":"https:\/\/internetaddictsanonymous.org\/"},{"@type":"ListItem","position":2,"name":"In-Person Meetings","item":"https:\/\/internetaddictsanonymous.org\/in-person-meetings\/"},{"@type":"ListItem","position":3,"name":"ITAA in United Kingdom"}]},{"@type":"WebSite","@id":"https:\/\/internetaddictsanonymous.org\/#website","url":"https:\/\/internetaddictsanonymous.org\/","name":"Nimett\u00f6m\u00e4t internetin ja teknologian ongelmak\u00e4ytt\u00e4j\u00e4t","description":"Maailmanlaajuinen 12 askeleen yhteis\u00f6 Internet- ja teknologiariippuvuutta varten","publisher":{"@id":"https:\/\/internetaddictsanonymous.org\/#organization"},"potentialAction":[{"@type":"SearchAction","target":{"@type":"EntryPoint","urlTemplate":"https:\/\/internetaddictsanonymous.org\/?s={search_term_string}"},"query-input":{"@type":"PropertyValueSpecification","valueRequired":true,"valueName":"search_term_string"}}],"inLanguage":"fi"},{"@type":"Organization","@id":"https:\/\/internetaddictsanonymous.org\/#organization","name":"Nimett\u00f6m\u00e4t internetin ja teknologian ongelmak\u00e4ytt\u00e4j\u00e4t","url":"https:\/\/internetaddictsanonymous.org\/","logo":{"@type":"ImageObject","inLanguage":"fi","@id":"https:\/\/internetaddictsanonymous.org\/#\/schema\/logo\/image\/","url":"https:\/\/internetaddictsanonymous.org\/wp-content\/uploads\/2023\/01\/cropped-ITAA-logo-480px.png","contentUrl":"https:\/\/internetaddictsanonymous.org\/wp-content\/uploads\/2023\/01\/cropped-ITAA-logo-480px.png","width":480,"height":480,"caption":"Internet and Technology Addicts Anonymous"},"image":{"@id":"https:\/\/internetaddictsanonymous.org\/#\/schema\/logo\/image\/"}}]}},"jetpack_sharing_enabled":true,"jetpack_shortlink":"https:\/\/wp.me\/P9Fwob-4gm","_links":{"self":[{"href":"https:\/\/internetaddictsanonymous.org\/fi\/wp-json\/wp\/v2\/pages\/16390","targetHints":{"allow":["GET"]}}],"collection":[{"href":"https:\/\/internetaddictsanonymous.org\/fi\/wp-json\/wp\/v2\/pages"}],"about":[{"href":"https:\/\/internetaddictsanonymous.org\/fi\/wp-json\/wp\/v2\/types\/page"}],"author":[{"embeddable":true,"href":"https:\/\/internetaddictsanonymous.org\/fi\/wp-json\/wp\/v2\/users\/35194237"}],"replies":[{"embeddable":true,"href":"https:\/\/internetaddictsanonymous.org\/fi\/wp-json\/wp\/v2\/comments?post=16390"}],"version-history":[{"count":26,"href":"https:\/\/internetaddictsanonymous.org\/fi\/wp-json\/wp\/v2\/pages\/16390\/revisions"}],"predecessor-version":[{"id":21166,"href":"https:\/\/internetaddictsanonymous.org\/fi\/wp-json\/wp\/v2\/pages\/16390\/revisions\/21166"}],"up":[{"embeddable":true,"href":"https:\/\/internetaddictsanonymous.org\/fi\/wp-json\/wp\/v2\/pages\/148"}],"wp:attachment":[{"href":"https:\/\/internetaddictsanonymous.org\/fi\/wp-json\/wp\/v2\/media?parent=16390"}],"wp:term":[{"taxonomy":"post_tag","embeddable":true,"href":"https:\/\/internetaddictsanonymous.org\/fi\/wp-json\/wp\/v2\/tags?post=16390"}],"curies":[{"name":"wp","href":"https:\/\/api.w.org\/{rel}","templated":true}]}}