{"id":16397,"date":"2023-07-16T14:05:34","date_gmt":"2023-07-16T18:05:34","guid":{"rendered":"https:\/\/internetaddictsanonymous.org\/?page_id=16397"},"modified":"2025-11-27T12:47:33","modified_gmt":"2025-11-27T20:47:33","slug":"argentiina-rosario","status":"publish","type":"page","link":"https:\/\/internetaddictsanonymous.org\/fi\/in-person-meetings\/argentina-rosario\/","title":{"rendered":"ITAA Argentiinassa"},"content":{"rendered":"<p>\u00a1Bienvenido a Adictos a Internet y la Tecnolog\u00eda An\u00f3nimos!\u00a0<strong>ITAA es una comunidad de Doce Pasos formada por persons que se apoyan mutuamente para recuperarse de la adicci\u00f3n a Internet ya la tecnologia.<\/strong>\u00a0Esto incluye la adicci\u00f3n a las redes sociales, los celulares, los v\u00eddeos online, los videojuegos, las noticias, la pornograf\u00eda, las aplicaciones de citas, la investigaci\u00f3n en l\u00ednea, las compras en l\u00ednea o cualquier en l\u00ednea o cualquier va compulsion se comvier activy problem\u00e1tica.\u00a0<\/p>\n\n\n\n<h3 class=\"wp-block-heading\">Reuniones en Rosario todas las semanas<\/h3>\n\n\n\n<p><strong>Yhdist\u00e4k\u00e4\u00e4 meid\u00e4t <a href=\"https:\/\/tinyurl.com\/Grupo-ITAA-Rosario\">WhatsApp-ryhm\u00e4<\/a> lis\u00e4tietoja varten: <br><a href=\"https:\/\/tinyurl.com\/Grupo-ITAA-Rosario\" target=\"_blank\" rel=\"noreferrer noopener\">https:\/\/tinyurl.com\/Grupo-ITAA-Rosario<\/a> <\/strong><br>L\u00e4het\u00e4 s\u00e4hk\u00f6postia\u00a0<a href=\"mailto:mauricioinserenity@gmail.com\" target=\"_blank\" rel=\"noreferrer noopener\">mauricioinserenity@gmail.com<\/a>.<\/p>\n\n\n\n<h3 class=\"wp-block-heading\">Kokoukset Zoomin kautta<\/h3>\n\n\n\n<p>Si sos nuevo, te animamos a que pruebes a asistir a seis reuniones en un breve periodo de tiempo para ver si nuestro programa puede serte \u00fatil. Adem\u00e1s de nuestra reuni\u00f3n semanal en Rosario, tambi\u00e9n podes consultar nuestro\u00a0<a href=\"https:\/\/internetaddictsanonymous.org\/es\/espanol\/\">Zoomin j\u00e4lleenn\u00e4kemisen t\u00e4ydellinen kalenteri<\/a>. Todas las reuniones son totalmente gratuitas y an\u00f3nimas.<\/p>\n\n\n\n<h3 class=\"wp-block-heading\"><strong>Miten kokoukset toimivat?<\/strong><\/h3>\n\n\n\n<p>Jos osallistut kokoukseen ensimm\u00e4ist\u00e4 kertaa, ei tarvitse olla hermostunut. Useimmat kokouksemme ovat hyvin yksinkertaisia; jokaisella kokouksella on puheenjohtaja, joka johtaa kokousta, ja useimmat kokoukset kest\u00e4v\u00e4t tunnin. Puheenjohtaja ja muut vapaaehtoiset lukevat avauspuheenvuoroja, ennen kuin avaamme kokouksen j\u00e4senten jakamista varten. Jakamisvelvollisuutta ei ole, ja voit vain kuunnella. Jos tunnet olosi mukavaksi, voit esitell\u00e4 itsesi ja kertoa, mik\u00e4 toi sinut ITAA:han. Ellei j\u00e4sen pyyd\u00e4, emme anna ehdotuksia tai kommentteja vastauksena muiden jakamiin ajatuksiin; kuuntelemme vain tuomitsematta. Tunnin lopussa kokous p\u00e4\u00e4ttyy loppupuheenvuoroihin, joiden j\u00e4lkeen j\u00e4senet yleens\u00e4 keskustelevat rennosti, esitt\u00e4v\u00e4t kysymyksi\u00e4 ja vaihtavat yhteystietoja.<\/p>\n\n\n\n<h3 class=\"wp-block-heading\">Internet- ja teknologiariippuvuuden materiaalit<\/h3>\n\n\n\n<p>Jos pohdit, voisiko sinulla olla internet- ja teknologiariippuvuus, voit vastata kyselyihimme (englanniksi): <a href=\"https:\/\/internetaddictsanonymous.org\/fi\/internet-ja-teknologia-riippuvuus\/\">nettiriippuvuus<\/a>, <a href=\"https:\/\/internetaddictsanonymous.org\/fi\/internet-ja-teknologia-riippuvuus\/someriippuvuus\/\">someriippuvuus<\/a>, <a href=\"https:\/\/internetaddictsanonymous.org\/fi\/internet-addiktio\/striimausaddiktio\/\">striimausaddiktio<\/a>, <a href=\"https:\/\/internetaddictsanonymous.org\/fi\/internet-ja-teknologia-riippuvuus\/puhelinaddiktio\/\">puhelinaddiktio<\/a>tai <a href=\"https:\/\/internetaddictsanonymous.org\/fi\/internet-ja-teknologia-riippuvuus\/peliaddiktio-2\/\">peliriippuvuus<\/a>Voit my\u00f6s perehty\u00e4 ITAA:han lukemalla&nbsp;<a href=\"https:\/\/internetaddictsanonymous.org\/fi\/tulokkaan-oppaan\/\">tulokkaan oppaan,<\/a>selaamalla l\u00e4pi <a href=\"https:\/\/internetaddictsanonymous.org\/fi\/resurssit\/toipumisen-tyokalut\/\">toipumisen ty\u00f6kalut<\/a>, tai kuuntelemalla <a href=\"https:\/\/internetaddictsanonymous.org\/fi\/toipumistarinoita\/\">j\u00e4senten toipumiskertomuksia<\/a>.<\/p>\n\n\n\n<p>ITAA ei ole sidoksissa mihink\u00e4\u00e4n poliittiseen aatteeseen, uskontoon tai ulkopuolisiin intresseihin. Yll\u00e4pid\u00e4mme itse omaa toimintaamme ja olemme maksuton apu kaikille jotka sit\u00e4 tarvitsevat. Ainoa tarkoituksemme on pid\u00e4tt\u00e4yty\u00e4 pakonomaisesta internetin ja teknologian k\u00e4yt\u00f6st\u00e4 ja auttaa muita vapautumaan t\u00e4st\u00e4 addiktiosta.<\/p>\n\n\n\n<p>Tervetuloa taas! Toivomme, ett\u00e4 t\u00e4m\u00e4 yhteis\u00f6 pystyy tarjoamaan tarvitsemaasi tukea internet- ja teknologiariippuvuudesta toipumiseen. \u00c4l\u00e4 ep\u00e4r\u00f6i ottaa meihin yhteytt\u00e4, jos sinulla on kysytt\u00e4v\u00e4\u00e4.<\/p>\n<!-- PMB print buttons is only displayed on a single post\/page URLs-->","protected":false},"excerpt":{"rendered":"<p>\u00a1Bienvenido a Adictos a Internet y la Tecnolog\u00eda An\u00f3nimos! ITAA es una comunidad de Doce Pasos formada por persons que se apoyan mutuamente para recuperarse de la adicci\u00f3n a Internet ya la tecnologia. Esto incluye la adicci\u00f3n a las redes sociales, los celulares, los v\u00eddeos online, los videojuegos, las noticias, la pornograf\u00eda, las aplicaciones de toties,\u2026 <a href=\"https:\/\/internetaddictsanonymous.org\/fi\/in-person-meetings\/argentina-rosario\/\" class=\"more-link\">Jatka lukemista <span class=\"screen-reader-text\">ITAA Argentiinassa<\/span><\/a><\/p>","protected":false},"author":35194237,"featured_media":0,"parent":148,"menu_order":0,"comment_status":"closed","ping_status":"closed","template":"full-width-page.php","meta":{"inline_featured_image":false,"_lmt_disableupdate":"","_lmt_disable":"","footnotes":""},"tags":[],"class_list":["post-16397","page","type-page","status-publish","hentry"],"yoast_head":"<!-- This site is optimized with the Yoast SEO plugin v27.5 - https:\/\/yoast.com\/product\/yoast-seo-wordpress\/ -->\n<title>ITAA en Argentina &#8211; Internet and Technology Addicts Anonymous<\/title>\n<meta name=\"robots\" content=\"index, follow, max-snippet:-1, max-image-preview:large, max-video-preview:-1\" \/>\n<link rel=\"canonical\" href=\"https:\/\/internetaddictsanonymous.org\/fi\/henkilokohtaisissa-tapaamisissa\/argentiina-rosario\/\" \/>\n<meta property=\"og:locale\" content=\"fi_FI\" \/>\n<meta property=\"og:type\" content=\"article\" \/>\n<meta property=\"og:title\" content=\"ITAA en Argentina &#8211; Internet and Technology Addicts Anonymous\" \/>\n<meta property=\"og:description\" content=\"\u00a1Bienvenido a Adictos a Internet y la Tecnolog\u00eda An\u00f3nimos!\u00a0ITAA es una comunidad de Doce Pasos formada por personas que se apoyan mutuamente para recuperarse de la adicci\u00f3n a Internet y a la tecnolog\u00eda.\u00a0Esto incluye la adicci\u00f3n a las redes sociales, los celulares, los v\u00eddeos online, los videojuegos, las noticias, la pornograf\u00eda, las aplicaciones de citas, &hellip; Continue reading ITAA en Argentina\" \/>\n<meta property=\"og:url\" content=\"https:\/\/internetaddictsanonymous.org\/fi\/henkilokohtaisissa-tapaamisissa\/argentiina-rosario\/\" \/>\n<meta property=\"og:site_name\" content=\"Internet and Technology Addicts Anonymous\" \/>\n<meta property=\"article:modified_time\" content=\"2025-11-27T20:47:33+00:00\" \/>\n<meta name=\"twitter:card\" content=\"summary_large_image\" \/>\n<meta name=\"twitter:label1\" content=\"Arvioitu lukuaika\" \/>\n\t<meta name=\"twitter:data1\" content=\"2 minuuttia\" \/>\n<script type=\"application\/ld+json\" class=\"yoast-schema-graph\">{\"@context\":\"https:\\\/\\\/schema.org\",\"@graph\":[{\"@type\":\"WebPage\",\"@id\":\"https:\\\/\\\/internetaddictsanonymous.org\\\/in-person-meetings\\\/argentina-rosario\\\/\",\"url\":\"https:\\\/\\\/internetaddictsanonymous.org\\\/in-person-meetings\\\/argentina-rosario\\\/\",\"name\":\"ITAA en Argentina &#8211; Internet and Technology Addicts Anonymous\",\"isPartOf\":{\"@id\":\"https:\\\/\\\/internetaddictsanonymous.org\\\/#website\"},\"datePublished\":\"2023-07-16T18:05:34+00:00\",\"dateModified\":\"2025-11-27T20:47:33+00:00\",\"breadcrumb\":{\"@id\":\"https:\\\/\\\/internetaddictsanonymous.org\\\/in-person-meetings\\\/argentina-rosario\\\/#breadcrumb\"},\"inLanguage\":\"fi\",\"potentialAction\":[{\"@type\":\"ReadAction\",\"target\":[\"https:\\\/\\\/internetaddictsanonymous.org\\\/in-person-meetings\\\/argentina-rosario\\\/\"]}]},{\"@type\":\"BreadcrumbList\",\"@id\":\"https:\\\/\\\/internetaddictsanonymous.org\\\/in-person-meetings\\\/argentina-rosario\\\/#breadcrumb\",\"itemListElement\":[{\"@type\":\"ListItem\",\"position\":1,\"name\":\"Home\",\"item\":\"https:\\\/\\\/internetaddictsanonymous.org\\\/\"},{\"@type\":\"ListItem\",\"position\":2,\"name\":\"In-Person Meetings\",\"item\":\"https:\\\/\\\/internetaddictsanonymous.org\\\/in-person-meetings\\\/\"},{\"@type\":\"ListItem\",\"position\":3,\"name\":\"ITAA en Argentina\"}]},{\"@type\":\"WebSite\",\"@id\":\"https:\\\/\\\/internetaddictsanonymous.org\\\/#website\",\"url\":\"https:\\\/\\\/internetaddictsanonymous.org\\\/\",\"name\":\"Internet and Technology Addicts Anonymous\",\"description\":\"Worldwide 12-step Fellowship for Internet and Technology Addiction\",\"publisher\":{\"@id\":\"https:\\\/\\\/internetaddictsanonymous.org\\\/#organization\"},\"potentialAction\":[{\"@type\":\"SearchAction\",\"target\":{\"@type\":\"EntryPoint\",\"urlTemplate\":\"https:\\\/\\\/internetaddictsanonymous.org\\\/?s={search_term_string}\"},\"query-input\":{\"@type\":\"PropertyValueSpecification\",\"valueRequired\":true,\"valueName\":\"search_term_string\"}}],\"inLanguage\":\"fi\"},{\"@type\":\"Organization\",\"@id\":\"https:\\\/\\\/internetaddictsanonymous.org\\\/#organization\",\"name\":\"Internet and Technology Addicts Anonymous\",\"url\":\"https:\\\/\\\/internetaddictsanonymous.org\\\/\",\"logo\":{\"@type\":\"ImageObject\",\"inLanguage\":\"fi\",\"@id\":\"https:\\\/\\\/internetaddictsanonymous.org\\\/#\\\/schema\\\/logo\\\/image\\\/\",\"url\":\"https:\\\/\\\/internetaddictsanonymous.org\\\/wp-content\\\/uploads\\\/2023\\\/01\\\/cropped-ITAA-logo-480px.png\",\"contentUrl\":\"https:\\\/\\\/internetaddictsanonymous.org\\\/wp-content\\\/uploads\\\/2023\\\/01\\\/cropped-ITAA-logo-480px.png\",\"width\":480,\"height\":480,\"caption\":\"Internet and Technology Addicts Anonymous\"},\"image\":{\"@id\":\"https:\\\/\\\/internetaddictsanonymous.org\\\/#\\\/schema\\\/logo\\\/image\\\/\"}}]}<\/script>\n<!-- \/ Yoast SEO plugin. -->","yoast_head_json":{"title":"ITAA Argentiinassa \u2013 Internet- ja teknologiariippuvaiset Anonyymit","robots":{"index":"index","follow":"follow","max-snippet":"max-snippet:-1","max-image-preview":"max-image-preview:large","max-video-preview":"max-video-preview:-1"},"canonical":"https:\/\/internetaddictsanonymous.org\/fi\/henkilokohtaisissa-tapaamisissa\/argentiina-rosario\/","og_locale":"fi_FI","og_type":"article","og_title":"ITAA en Argentina &#8211; Internet and Technology Addicts Anonymous","og_description":"\u00a1Bienvenido a Adictos a Internet y la Tecnolog\u00eda An\u00f3nimos!\u00a0ITAA es una comunidad de Doce Pasos formada por personas que se apoyan mutuamente para recuperarse de la adicci\u00f3n a Internet y a la tecnolog\u00eda.\u00a0Esto incluye la adicci\u00f3n a las redes sociales, los celulares, los v\u00eddeos online, los videojuegos, las noticias, la pornograf\u00eda, las aplicaciones de citas, &hellip; Continue reading ITAA en Argentina","og_url":"https:\/\/internetaddictsanonymous.org\/fi\/henkilokohtaisissa-tapaamisissa\/argentiina-rosario\/","og_site_name":"Internet and Technology Addicts Anonymous","article_modified_time":"2025-11-27T20:47:33+00:00","twitter_card":"summary_large_image","twitter_misc":{"Arvioitu lukuaika":"2 minuuttia"},"schema":{"@context":"https:\/\/schema.org","@graph":[{"@type":"WebPage","@id":"https:\/\/internetaddictsanonymous.org\/in-person-meetings\/argentina-rosario\/","url":"https:\/\/internetaddictsanonymous.org\/in-person-meetings\/argentina-rosario\/","name":"ITAA Argentiinassa \u2013 Internet- ja teknologiariippuvaiset Anonyymit","isPartOf":{"@id":"https:\/\/internetaddictsanonymous.org\/#website"},"datePublished":"2023-07-16T18:05:34+00:00","dateModified":"2025-11-27T20:47:33+00:00","breadcrumb":{"@id":"https:\/\/internetaddictsanonymous.org\/in-person-meetings\/argentina-rosario\/#breadcrumb"},"inLanguage":"fi","potentialAction":[{"@type":"ReadAction","target":["https:\/\/internetaddictsanonymous.org\/in-person-meetings\/argentina-rosario\/"]}]},{"@type":"BreadcrumbList","@id":"https:\/\/internetaddictsanonymous.org\/in-person-meetings\/argentina-rosario\/#breadcrumb","itemListElement":[{"@type":"ListItem","position":1,"name":"Home","item":"https:\/\/internetaddictsanonymous.org\/"},{"@type":"ListItem","position":2,"name":"In-Person Meetings","item":"https:\/\/internetaddictsanonymous.org\/in-person-meetings\/"},{"@type":"ListItem","position":3,"name":"ITAA en Argentina"}]},{"@type":"WebSite","@id":"https:\/\/internetaddictsanonymous.org\/#website","url":"https:\/\/internetaddictsanonymous.org\/","name":"Nimett\u00f6m\u00e4t internetin ja teknologian ongelmak\u00e4ytt\u00e4j\u00e4t","description":"Maailmanlaajuinen 12 askeleen yhteis\u00f6 Internet- ja teknologiariippuvuutta varten","publisher":{"@id":"https:\/\/internetaddictsanonymous.org\/#organization"},"potentialAction":[{"@type":"SearchAction","target":{"@type":"EntryPoint","urlTemplate":"https:\/\/internetaddictsanonymous.org\/?s={search_term_string}"},"query-input":{"@type":"PropertyValueSpecification","valueRequired":true,"valueName":"search_term_string"}}],"inLanguage":"fi"},{"@type":"Organization","@id":"https:\/\/internetaddictsanonymous.org\/#organization","name":"Nimett\u00f6m\u00e4t internetin ja teknologian ongelmak\u00e4ytt\u00e4j\u00e4t","url":"https:\/\/internetaddictsanonymous.org\/","logo":{"@type":"ImageObject","inLanguage":"fi","@id":"https:\/\/internetaddictsanonymous.org\/#\/schema\/logo\/image\/","url":"https:\/\/internetaddictsanonymous.org\/wp-content\/uploads\/2023\/01\/cropped-ITAA-logo-480px.png","contentUrl":"https:\/\/internetaddictsanonymous.org\/wp-content\/uploads\/2023\/01\/cropped-ITAA-logo-480px.png","width":480,"height":480,"caption":"Internet and Technology Addicts Anonymous"},"image":{"@id":"https:\/\/internetaddictsanonymous.org\/#\/schema\/logo\/image\/"}}]}},"jetpack_sharing_enabled":true,"jetpack_shortlink":"https:\/\/wp.me\/P9Fwob-4gt","_links":{"self":[{"href":"https:\/\/internetaddictsanonymous.org\/fi\/wp-json\/wp\/v2\/pages\/16397","targetHints":{"allow":["GET"]}}],"collection":[{"href":"https:\/\/internetaddictsanonymous.org\/fi\/wp-json\/wp\/v2\/pages"}],"about":[{"href":"https:\/\/internetaddictsanonymous.org\/fi\/wp-json\/wp\/v2\/types\/page"}],"author":[{"embeddable":true,"href":"https:\/\/internetaddictsanonymous.org\/fi\/wp-json\/wp\/v2\/users\/35194237"}],"replies":[{"embeddable":true,"href":"https:\/\/internetaddictsanonymous.org\/fi\/wp-json\/wp\/v2\/comments?post=16397"}],"version-history":[{"count":10,"href":"https:\/\/internetaddictsanonymous.org\/fi\/wp-json\/wp\/v2\/pages\/16397\/revisions"}],"predecessor-version":[{"id":20708,"href":"https:\/\/internetaddictsanonymous.org\/fi\/wp-json\/wp\/v2\/pages\/16397\/revisions\/20708"}],"up":[{"embeddable":true,"href":"https:\/\/internetaddictsanonymous.org\/fi\/wp-json\/wp\/v2\/pages\/148"}],"wp:attachment":[{"href":"https:\/\/internetaddictsanonymous.org\/fi\/wp-json\/wp\/v2\/media?parent=16397"}],"wp:term":[{"taxonomy":"post_tag","embeddable":true,"href":"https:\/\/internetaddictsanonymous.org\/fi\/wp-json\/wp\/v2\/tags?post=16397"}],"curies":[{"name":"wp","href":"https:\/\/api.w.org\/{rel}","templated":true}]}}