{"id":16726,"date":"2023-09-02T13:40:49","date_gmt":"2023-09-02T17:40:49","guid":{"rendered":"https:\/\/internetaddictsanonymous.org\/?page_id=16726"},"modified":"2023-09-02T13:48:45","modified_gmt":"2023-09-02T17:48:45","slug":"ateisteille-ja-agnostikoille","status":"publish","type":"page","link":"https:\/\/internetaddictsanonymous.org\/fi\/for-atheists-and-agnostics\/","title":{"rendered":"Ateisteille ja agnostikoille"},"content":{"rendered":"<p>Liitytty\u00e4mme ITAA:han monet meist\u00e4 ateisteista tai agnostikoista miettiv\u00e4t, oliko kyseess\u00e4 uskonnollinen ohjelma. Vaikka meille kerrottiin, ettei ITAA ole sidoksissa mihink\u00e4\u00e4n uskontoon, jotkut meist\u00e4 kyseenalaistivat silti, v\u00e4ijyik\u00f6 jossain piilossa hienovaraisia uskonnollisia sitoumuksia.<\/p>\n\n\n\n<p>Tosiasia on, ett\u00e4 ohjelmaamme liittyminen, askelten l\u00e4pik\u00e4yminen ja pitk\u00e4aikaisen raittiuden saavuttaminen ei edellyt\u00e4 mink\u00e4\u00e4nlaisia uskonnollisia vakaumuksia. Yhteis\u00f6mme tukee vahvasti jokaisen j\u00e4senen vapautta harjoittaa mit\u00e4 tahansa uskonnollista perinnett\u00e4 tai uskonnotonta perinnett\u00e4, sill\u00e4 se on heille hy\u00f6dyllisint\u00e4 heid\u00e4n omalla toipumispolullaan. Ateismimme ja agnostismimme eiv\u00e4t ole est\u00e4neet meit\u00e4 l\u00f6yt\u00e4m\u00e4st\u00e4 vapautta riippuvuudesta, ja toipumisen kautta olemme kehitt\u00e4neet syvemm\u00e4n yhteyden itseemme, muihin ja ymp\u00e4r\u00f6iv\u00e4\u00e4n maailmaan.&nbsp;<\/p>\n\n\n\n<p>Mit\u00e4 sitten tarkoitetaan ilmaisulla &quot;Korkeampi Voima&quot;, joka esiintyy usein ohjelmassamme? Kaksitoista askelta keskittyv\u00e4t antautumiseen itse\u00e4mme suuremmalle voimalle, ja meit\u00e4 kutsutaan tutkimaan mit\u00e4 tahansa Korkeamman Voiman k\u00e4sitett\u00e4, joka auttaa meit\u00e4 parhaiten omassa toipumisessamme. Eri j\u00e4senet ymm\u00e4rt\u00e4v\u00e4t Korkeamman Voimansa valtavasti eri tavoin, ja meille on hy\u00f6dyllist\u00e4 kysy\u00e4 muilta heid\u00e4n kokemuksistaan. Jotkut j\u00e4senet ymm\u00e4rt\u00e4v\u00e4t Korkeamman Voimansa luontona, maailmankaikkeutena, todellisuutena, k\u00e4sittein\u00e4 kuten rakkaus tai palvelu, nykyhetki, ITAA:n yhteis\u00f6, ihmisyhteyden voima, kaikkien toipuvien ihmisten kollektiivinen viisaus, sis\u00e4inen rakastava vanhempamme, sis\u00e4inen vahvuutemme tai korkeampi itsemme. Toiset l\u00f6yt\u00e4v\u00e4t resonanssin hengellisen olennon, voiman tai energian kanssa. Jotkut j\u00e4senet saattavat k\u00e4ytt\u00e4\u00e4 sanaa Jumala nime\u00e4m\u00e4\u00e4n t\u00e4t\u00e4 voimaa. Jokainen meist\u00e4 on kutsuttu l\u00f6yt\u00e4m\u00e4\u00e4n mik\u00e4 Korkeampi Voima on tehokkain henkil\u00f6kohtaiselle kasvullemme ja toipumisellemme riippuvuudesta.<\/p>\n\n\n\n<p>Usein on todettu, ettei meid\u00e4n tarvitse uskoa Jumalaan voidaksemme noudattaa n\u00e4it\u00e4 Askelia; meid\u00e4n tarvitsee vain uskoa, ettemme ole Jumala. Raittiuden matkalla hyv\u00e4ksymme ensin sen tosiasian, ett\u00e4 meill\u00e4 on vakava ongelma, jota emme voi ratkaista omalla tahdollamme. Sitten alamme uskoa, ett\u00e4 meid\u00e4n ulkopuolellamme voisi olla jotain, mik\u00e4 voi auttaa meit\u00e4 l\u00f6yt\u00e4m\u00e4\u00e4n pitk\u00e4aikaisen toipumisen pakkomielteisest\u00e4 ja itsetuhoisesta k\u00e4ytt\u00e4ytymisest\u00e4mme, mist\u00e4 on osoituksena se, ett\u00e4 miljoonat muut riippuvuussairaudesta k\u00e4rsiv\u00e4t ovat l\u00f6yt\u00e4neet vapauden Kahdentoista Askeleen ohjelmien avulla. Seuraavaksi sitoudumme luottamaan prosessiin ja ottamaan vastaan apua muilta, p\u00e4iv\u00e4 kerrallaan.<\/p>\n\n\n\n<p>Rakkaus, suvaitsevaisuus ja avoimuus ohjaavat meit\u00e4 toipumisessa, ja juhlistamme eri j\u00e4senten kulkemien hengellisten polkujen monimuotoisuutta. Toivomme, ett\u00e4 tunnet olosi tervetulleeksi ITAA:han, ja kannustamme sinua kokeilemaan osallistumista kuuteen eri kokoukseen lyhyess\u00e4 ajassa selvitt\u00e4\u00e4ksesi, voisiko ohjelmamme olla sinulle hy\u00f6dyllinen.<br><br> <\/p>\n\n\n\n<h3 class=\"wp-block-heading\"><strong>J\u00e4senet jakavat kokemuksiaan, voimaansa ja toivoaan toipumisesta ateisteina ja agnostikkoina:<\/strong><\/h3>\n\n\n\n<p><em>Vaikka en harjoita mit\u00e4\u00e4n uskontoa, olen pystynyt noudattamaan Askelia, saamaan Korkeamman Voiman ja l\u00f6yt\u00e4m\u00e4\u00e4n pitk\u00e4aikaisen vapauden riippuvuudestani. Olen tulkinnut ohjelmamme hengellisen ulottuvuuden kutsuksi olla tekemisiss\u00e4 jonkin itse\u00e4ni suuremman kanssa ja kehitt\u00e4\u00e4 merkityksellinen el\u00e4m\u00e4. Toipumisen kautta olen l\u00f6yt\u00e4nyt paljon rikkaamman ja t\u00e4ytel\u00e4isemm\u00e4n tavan el\u00e4\u00e4 kuin mit\u00e4 minulla oli ohjelmaan tullessani. Nyky\u00e4\u00e4n tunnen oloni mukavaksi, kun kuulen muiden j\u00e4senten puhuvan hengellisist\u00e4 poluistaan \u2013 tunnen voivani samaistua heid\u00e4n kokemuksiinsa tuomitsematta.&nbsp;<\/em><\/p>\n\n\n\n<p class=\"has-text-align-center\"><em>***<\/em><\/p>\n\n\n\n<p><em>Minulla oli suuri ongelma Askelten kanssa, kunnes lopulta ymm\u00e4rsin, ettei minun tarvinnut uskoa mihink\u00e4\u00e4n uskontoon tai omistaa mit\u00e4\u00e4n hengellisi\u00e4 vakaumuksia voidakseni ty\u00f6skennell\u00e4 niiden l\u00e4pi. Askeleet korostavat &quot;Korkeampaa Voimaa&quot; <\/em>oman ymm\u00e4rryksemme mukaan<em>\u201c&quot;. Minulle Korkeampi Voimani on rehellisen jakamisen voima muiden kanssa ja my\u00f6t\u00e4tuntoisen ihmisyhteyden voima.&quot;.<\/em><\/p>\n\n\n\n<p class=\"has-text-align-center\">***<\/p>\n\n\n\n<p><em>Olen ateisti, ja liitytty\u00e4ni ITAA:han minulla oli pelkoja k\u00e4\u00e4ntymyksest\u00e4. Minun piti l\u00f6yt\u00e4\u00e4 jotain, johon luotin. Aloin k\u00e4yd\u00e4 ateistien ja agnostikkojen kokouksissa, ja ne olivat eritt\u00e4in hy\u00f6dyllisi\u00e4. Ne antoivat minulle luvan uskoa korkeampaan voimaan, joka minulla nyt on.&nbsp;<\/em><\/p>\n\n\n\n<p class=\"has-text-align-center\">***<\/p>\n\n\n\n<p><em>T\u00e4rke\u00e4 osa ateismiani on sitoutuminen totuuteen. Toipuminen auttoi minua p\u00e4\u00e4st\u00e4m\u00e4\u00e4n irti illuusiosta, ett\u00e4 voisin p\u00e4ihitt\u00e4\u00e4 neurologisen sairauden. En pysty. Tarvitsen apua, joskus tavoilla, joita en ymm\u00e4rr\u00e4. Toipumisen ja muiden tuen avulla olen kehitt\u00e4nyt syvemp\u00e4\u00e4 ymm\u00e4rryst\u00e4 itsest\u00e4ni ja pystyn paremmin el\u00e4m\u00e4\u00e4n el\u00e4m\u00e4\u00e4ni todellisuuden mukaisesti. Prosessin aikana olen pystynyt saavuttamaan ja yll\u00e4pit\u00e4m\u00e4\u00e4n jatkuvaa pid\u00e4ttyvyytt\u00e4 riippuvuudestani yli kolmen vuoden ajan.&nbsp;<\/em><\/p>\n\n\n\n<p class=\"has-text-align-center\">***<\/p>\n\n\n\n<p>Toipumisessa meit\u00e4 kaikkia pyydet\u00e4\u00e4n k\u00e4\u00e4nt\u00e4m\u00e4\u00e4n ohjelmamme kieli meille sopivaksi, ja voimme halutessaan j\u00e4tt\u00e4\u00e4 syrj\u00e4\u00e4n kaiken, mit\u00e4 emme koe hy\u00f6dylliseksi. Kaikki ohjelmassamme on vain ehdotusta. Jos haluat lopettaa teknologian pakonomaisen k\u00e4yt\u00f6n ja olet kiinnostunut kokeilemaan ohjelmaamme, suosittelemme osallistumaan kuuteen tapaamiseen lyhyess\u00e4 ajassa n\u00e4hd\u00e4ksesi, voisiko ITAA olla hy\u00f6dyllinen sinulle. Toivomme, ett\u00e4 l\u00f6yd\u00e4t tapaamisistamme saman helpotuksen ja vapauden, jota niin monet meist\u00e4 ovat kokeneet.<\/p>\n\n\n\n<div class=\"wp-block-buttons is-content-justification-left is-layout-flex wp-container-core-buttons-is-layout-fdcfc74e wp-block-buttons-is-layout-flex\">\n<div class=\"wp-block-button has-custom-width wp-block-button__width-50 has-custom-font-size is-style-fill\" style=\"font-size:25px;font-style:normal;font-weight:900\"><a class=\"wp-block-button__link has-white-color has-blue-background-color has-text-color has-background wp-element-button\" href=\"https:\/\/internetaddictsanonymous.org\/fi\/verkkokokoukset\/\" style=\"border-radius:100px\">Liity kokoukseen<\/a><\/div>\n\n\n<\/div>\n\n\n\n<div style=\"height:75px\" aria-hidden=\"true\" class=\"wp-block-spacer\"><\/div>\n<!-- PMB print buttons is only displayed on a single post\/page URLs-->","protected":false},"excerpt":{"rendered":"<p>Liitytty\u00e4mme ITAA:han monet meist\u00e4 ateisteista tai agnostikoista miettiv\u00e4t, oliko kyseess\u00e4 uskonnollinen ohjelma. Vaikka meille kerrottiin, ettei ITAA ole sidoksissa mihink\u00e4\u00e4n uskontoon, jotkut meist\u00e4 kyseenalaistivat silti, v\u00e4ijyik\u00f6 jossain piilossa hienovaraisia uskonnollisia sitoumuksia. Tosiasia on, ett\u00e4 uskonnollisia vakaumuksia ei ole olemassa... <a href=\"https:\/\/internetaddictsanonymous.org\/fi\/for-atheists-and-agnostics\/\" class=\"more-link\">Jatka lukemista <span class=\"screen-reader-text\">Ateisteille ja agnostikoille<\/span><\/a><\/p>","protected":false},"author":35194237,"featured_media":0,"parent":0,"menu_order":0,"comment_status":"closed","ping_status":"closed","template":"full-width-page.php","meta":{"inline_featured_image":false,"_lmt_disableupdate":"","_lmt_disable":"","footnotes":""},"tags":[],"class_list":["post-16726","page","type-page","status-publish","hentry"],"yoast_head":"<!-- This site is optimized with the Yoast SEO plugin v27.6 - https:\/\/yoast.com\/product\/yoast-seo-wordpress\/ -->\n<title>For Atheists and Agnostics &#8211; Internet and Technology Addicts Anonymous<\/title>\n<meta name=\"robots\" content=\"index, follow, max-snippet:-1, max-image-preview:large, max-video-preview:-1\" \/>\n<link rel=\"canonical\" href=\"https:\/\/internetaddictsanonymous.org\/fi\/ateisteille-ja-agnostikoille\/\" \/>\n<meta property=\"og:locale\" content=\"fi_FI\" \/>\n<meta property=\"og:type\" content=\"article\" \/>\n<meta property=\"og:title\" content=\"For Atheists and Agnostics &#8211; Internet and Technology Addicts Anonymous\" \/>\n<meta property=\"og:description\" content=\"Upon entering ITAA, many of us who are atheists or agnostics wondered whether this was a religious program. Even when we were informed that ITAA isn\u2019t affiliated with any religion, some of us still questioned whether there were subtle religious commitments lurking somewhere out of sight. The fact is that there are no religious beliefs &hellip; Continue reading For Atheists and Agnostics\" \/>\n<meta property=\"og:url\" content=\"https:\/\/internetaddictsanonymous.org\/fi\/ateisteille-ja-agnostikoille\/\" \/>\n<meta property=\"og:site_name\" content=\"Internet and Technology Addicts Anonymous\" \/>\n<meta property=\"article:modified_time\" content=\"2023-09-02T17:48:45+00:00\" \/>\n<meta name=\"twitter:card\" content=\"summary_large_image\" \/>\n<meta name=\"twitter:label1\" content=\"Arvioitu lukuaika\" \/>\n\t<meta name=\"twitter:data1\" content=\"4 minuuttia\" \/>\n<script type=\"application\/ld+json\" class=\"yoast-schema-graph\">{\"@context\":\"https:\\\/\\\/schema.org\",\"@graph\":[{\"@type\":\"WebPage\",\"@id\":\"https:\\\/\\\/internetaddictsanonymous.org\\\/for-atheists-and-agnostics\\\/\",\"url\":\"https:\\\/\\\/internetaddictsanonymous.org\\\/for-atheists-and-agnostics\\\/\",\"name\":\"For Atheists and Agnostics &#8211; Internet and Technology Addicts Anonymous\",\"isPartOf\":{\"@id\":\"https:\\\/\\\/internetaddictsanonymous.org\\\/#website\"},\"datePublished\":\"2023-09-02T17:40:49+00:00\",\"dateModified\":\"2023-09-02T17:48:45+00:00\",\"breadcrumb\":{\"@id\":\"https:\\\/\\\/internetaddictsanonymous.org\\\/for-atheists-and-agnostics\\\/#breadcrumb\"},\"inLanguage\":\"fi\",\"potentialAction\":[{\"@type\":\"ReadAction\",\"target\":[\"https:\\\/\\\/internetaddictsanonymous.org\\\/for-atheists-and-agnostics\\\/\"]}]},{\"@type\":\"BreadcrumbList\",\"@id\":\"https:\\\/\\\/internetaddictsanonymous.org\\\/for-atheists-and-agnostics\\\/#breadcrumb\",\"itemListElement\":[{\"@type\":\"ListItem\",\"position\":1,\"name\":\"Home\",\"item\":\"https:\\\/\\\/internetaddictsanonymous.org\\\/\"},{\"@type\":\"ListItem\",\"position\":2,\"name\":\"For Atheists and Agnostics\"}]},{\"@type\":\"WebSite\",\"@id\":\"https:\\\/\\\/internetaddictsanonymous.org\\\/#website\",\"url\":\"https:\\\/\\\/internetaddictsanonymous.org\\\/\",\"name\":\"Internet and Technology Addicts Anonymous\",\"description\":\"Worldwide 12-step Fellowship for Internet and Technology Addiction\",\"publisher\":{\"@id\":\"https:\\\/\\\/internetaddictsanonymous.org\\\/#organization\"},\"potentialAction\":[{\"@type\":\"SearchAction\",\"target\":{\"@type\":\"EntryPoint\",\"urlTemplate\":\"https:\\\/\\\/internetaddictsanonymous.org\\\/?s={search_term_string}\"},\"query-input\":{\"@type\":\"PropertyValueSpecification\",\"valueRequired\":true,\"valueName\":\"search_term_string\"}}],\"inLanguage\":\"fi\"},{\"@type\":\"Organization\",\"@id\":\"https:\\\/\\\/internetaddictsanonymous.org\\\/#organization\",\"name\":\"Internet and Technology Addicts Anonymous\",\"url\":\"https:\\\/\\\/internetaddictsanonymous.org\\\/\",\"logo\":{\"@type\":\"ImageObject\",\"inLanguage\":\"fi\",\"@id\":\"https:\\\/\\\/internetaddictsanonymous.org\\\/#\\\/schema\\\/logo\\\/image\\\/\",\"url\":\"https:\\\/\\\/internetaddictsanonymous.org\\\/wp-content\\\/uploads\\\/2023\\\/01\\\/cropped-ITAA-logo-480px.png\",\"contentUrl\":\"https:\\\/\\\/internetaddictsanonymous.org\\\/wp-content\\\/uploads\\\/2023\\\/01\\\/cropped-ITAA-logo-480px.png\",\"width\":480,\"height\":480,\"caption\":\"Internet and Technology Addicts Anonymous\"},\"image\":{\"@id\":\"https:\\\/\\\/internetaddictsanonymous.org\\\/#\\\/schema\\\/logo\\\/image\\\/\"}}]}<\/script>\n<!-- \/ Yoast SEO plugin. -->","yoast_head_json":{"title":"Ateisteille ja agnostikoille \u2013 Anonyymit internet- ja teknologiariippuvaiset","robots":{"index":"index","follow":"follow","max-snippet":"max-snippet:-1","max-image-preview":"max-image-preview:large","max-video-preview":"max-video-preview:-1"},"canonical":"https:\/\/internetaddictsanonymous.org\/fi\/ateisteille-ja-agnostikoille\/","og_locale":"fi_FI","og_type":"article","og_title":"For Atheists and Agnostics &#8211; Internet and Technology Addicts Anonymous","og_description":"Upon entering ITAA, many of us who are atheists or agnostics wondered whether this was a religious program. Even when we were informed that ITAA isn\u2019t affiliated with any religion, some of us still questioned whether there were subtle religious commitments lurking somewhere out of sight. The fact is that there are no religious beliefs &hellip; Continue reading For Atheists and Agnostics","og_url":"https:\/\/internetaddictsanonymous.org\/fi\/ateisteille-ja-agnostikoille\/","og_site_name":"Internet and Technology Addicts Anonymous","article_modified_time":"2023-09-02T17:48:45+00:00","twitter_card":"summary_large_image","twitter_misc":{"Arvioitu lukuaika":"4 minuuttia"},"schema":{"@context":"https:\/\/schema.org","@graph":[{"@type":"WebPage","@id":"https:\/\/internetaddictsanonymous.org\/for-atheists-and-agnostics\/","url":"https:\/\/internetaddictsanonymous.org\/for-atheists-and-agnostics\/","name":"Ateisteille ja agnostikoille \u2013 Anonyymit internet- ja teknologiariippuvaiset","isPartOf":{"@id":"https:\/\/internetaddictsanonymous.org\/#website"},"datePublished":"2023-09-02T17:40:49+00:00","dateModified":"2023-09-02T17:48:45+00:00","breadcrumb":{"@id":"https:\/\/internetaddictsanonymous.org\/for-atheists-and-agnostics\/#breadcrumb"},"inLanguage":"fi","potentialAction":[{"@type":"ReadAction","target":["https:\/\/internetaddictsanonymous.org\/for-atheists-and-agnostics\/"]}]},{"@type":"BreadcrumbList","@id":"https:\/\/internetaddictsanonymous.org\/for-atheists-and-agnostics\/#breadcrumb","itemListElement":[{"@type":"ListItem","position":1,"name":"Home","item":"https:\/\/internetaddictsanonymous.org\/"},{"@type":"ListItem","position":2,"name":"For Atheists and Agnostics"}]},{"@type":"WebSite","@id":"https:\/\/internetaddictsanonymous.org\/#website","url":"https:\/\/internetaddictsanonymous.org\/","name":"Nimett\u00f6m\u00e4t internetin ja teknologian ongelmak\u00e4ytt\u00e4j\u00e4t","description":"Maailmanlaajuinen 12 askeleen yhteis\u00f6 Internet- ja teknologiariippuvuutta varten","publisher":{"@id":"https:\/\/internetaddictsanonymous.org\/#organization"},"potentialAction":[{"@type":"SearchAction","target":{"@type":"EntryPoint","urlTemplate":"https:\/\/internetaddictsanonymous.org\/?s={search_term_string}"},"query-input":{"@type":"PropertyValueSpecification","valueRequired":true,"valueName":"search_term_string"}}],"inLanguage":"fi"},{"@type":"Organization","@id":"https:\/\/internetaddictsanonymous.org\/#organization","name":"Nimett\u00f6m\u00e4t internetin ja teknologian ongelmak\u00e4ytt\u00e4j\u00e4t","url":"https:\/\/internetaddictsanonymous.org\/","logo":{"@type":"ImageObject","inLanguage":"fi","@id":"https:\/\/internetaddictsanonymous.org\/#\/schema\/logo\/image\/","url":"https:\/\/internetaddictsanonymous.org\/wp-content\/uploads\/2023\/01\/cropped-ITAA-logo-480px.png","contentUrl":"https:\/\/internetaddictsanonymous.org\/wp-content\/uploads\/2023\/01\/cropped-ITAA-logo-480px.png","width":480,"height":480,"caption":"Internet and Technology Addicts Anonymous"},"image":{"@id":"https:\/\/internetaddictsanonymous.org\/#\/schema\/logo\/image\/"}}]}},"jetpack_sharing_enabled":true,"jetpack_shortlink":"https:\/\/wp.me\/P9Fwob-4lM","_links":{"self":[{"href":"https:\/\/internetaddictsanonymous.org\/fi\/wp-json\/wp\/v2\/pages\/16726","targetHints":{"allow":["GET"]}}],"collection":[{"href":"https:\/\/internetaddictsanonymous.org\/fi\/wp-json\/wp\/v2\/pages"}],"about":[{"href":"https:\/\/internetaddictsanonymous.org\/fi\/wp-json\/wp\/v2\/types\/page"}],"author":[{"embeddable":true,"href":"https:\/\/internetaddictsanonymous.org\/fi\/wp-json\/wp\/v2\/users\/35194237"}],"replies":[{"embeddable":true,"href":"https:\/\/internetaddictsanonymous.org\/fi\/wp-json\/wp\/v2\/comments?post=16726"}],"version-history":[{"count":5,"href":"https:\/\/internetaddictsanonymous.org\/fi\/wp-json\/wp\/v2\/pages\/16726\/revisions"}],"predecessor-version":[{"id":16733,"href":"https:\/\/internetaddictsanonymous.org\/fi\/wp-json\/wp\/v2\/pages\/16726\/revisions\/16733"}],"wp:attachment":[{"href":"https:\/\/internetaddictsanonymous.org\/fi\/wp-json\/wp\/v2\/media?parent=16726"}],"wp:term":[{"taxonomy":"post_tag","embeddable":true,"href":"https:\/\/internetaddictsanonymous.org\/fi\/wp-json\/wp\/v2\/tags?post=16726"}],"curies":[{"name":"wp","href":"https:\/\/api.w.org\/{rel}","templated":true}]}}