{"id":17595,"date":"2024-02-18T19:47:54","date_gmt":"2024-02-19T00:47:54","guid":{"rendered":"https:\/\/internetaddictsanonymous.org\/?page_id=17595"},"modified":"2026-04-23T15:20:14","modified_gmt":"2026-04-23T22:20:14","slug":"yhdysvallat-kanada","status":"publish","type":"page","link":"https:\/\/internetaddictsanonymous.org\/fi\/in-person-meetings\/usa-ca\/","title":{"rendered":"ITAA Kaliforniassa, Yhdysvalloissa"},"content":{"rendered":"<p>Tervetuloa nimett\u00f6miin internetin ja teknologian ongelmak\u00e4ytt\u00e4jiin! Hienoa, ett\u00e4 olet l\u00f6yt\u00e4nyt meid\u00e4t. Toivomme, ett\u00e4 yhteis\u00f6mme voi olla sinulle yht\u00e4 hy\u00f6dyllinen kuin se on ollut meille.<strong> <mark style=\"background-color:rgba(0, 0, 0, 0)\" class=\"has-inline-color has-dark-gray-color\">ITAA on 12 askeleen toveriseura, joka muodostuu toisiaan tukevista henkil\u00f6ist\u00e4, jotka toipuvat internetin ja teknologian ongelmak\u00e4yt\u00f6st\u00e4.<\/mark><\/strong> T\u00e4h\u00e4n sis\u00e4ltyy riippuvuus sosiaalisesta mediasta, \u00e4lypuhelimista, video- tai \u00e4\u00e4nisis\u00e4ll\u00f6n suoratoistosta, peleist\u00e4, uutisista, pornografiasta, deittisovelluksista, verkkotutkimuksesta, verkko-ostoksista tai muusta digitaalisesta toiminnasta, josta tulee pakonomaista ja ongelmallista.&nbsp;<\/p>\n\n\n\n<h4 class=\"wp-block-heading has-text-align-center\">~ <em><strong>Pohjois-Kaliforniassa <\/strong><\/em>~<\/h4>\n\n\n\n<h3 class=\"wp-block-heading\">Kokoukset Chicossa (Mahdollisia)<\/h3>\n\n\n\n<p>Jos olet kiinnostunut ottamaan yhteytt\u00e4 muihin ITAA:n j\u00e4seniin Chicossa, Kaliforniassa, ota yhteytt\u00e4 yhteystietoihin s\u00e4hk\u00f6postiosoitteeseen.<br>Yhteystiedot: <a href=\"mailto:Chico.ITAA@gmail.com\" target=\"_blank\" rel=\"noreferrer noopener\">Chico.ITAA@gmail.com<\/a><\/p>\n\n\n\n<h3 class=\"wp-block-heading\">Meetings in South Bay (Sunnyvale)<\/h3>\n\n\n\n<p>When: Thursdays, 6:30 &#8211; 7:30 pm<br>Where: Sunnyvale Library<br>Whatsapp (primary): Contact our phone number below for an invite link! <br>Phone (Aye Bea): 408-507-3975 (feel free to text \/ call directly if you&#8217;re having trouble locating us!) <br>S\u00e4hk\u00f6posti: <a href=\"mailto:southbay.itaa@gmail.com\">southbay.itaa@gmail.com<\/a> (~up to 24 hours for a response).<\/p>\n\n\n\n<p>About this chapter: We aim to be a welcoming, casual space for people to share their struggles, progress, or any thoughts on technology addiction, broadly including any digital activity that becomes compulsive and problematic. We are always open to any suggestions and feedback! <\/p>\n\n\n\n<h3 class=\"wp-block-heading\">Kokoukset Berkeleyss\u00e4<\/h3>\n\n\n\n<p>Milloin: Sunnuntaisin klo 13-14<br>Miss\u00e4: Berkeleyn unitaarinen universalistikirkko, 1606 Bonita Ave, Berkeley, Kalifornia<br>Yhteystiedot:&nbsp;<a href=\"mailto:nolan.s.itaa@gmail.com\" target=\"_blank\" rel=\"noreferrer noopener\">nolan.s.itaa@gmail.com<\/a><\/p>\n\n\n\n<h3 class=\"wp-block-heading\">Kokoukset San Franciscossa<\/h3>\n\n\n\n<p>Milloin: Lauantaisin klo 13-14.<br>Miss\u00e4: Ensimm\u00e4inen unitaarinen universalistikirkko ja -keskus (UUSF), Franklin Street 1187, San Francisco, Kalifornia<br>Huone: Fahs-huone<br>Lis\u00e4tietoja: Soita ovikelloa lasiovien luona etuportaiden j\u00e4lkeen (ei puisten ovien luona). Kun olet sis\u00e4\u00e4n rakennukseen, k\u00e4\u00e4nny vasemmalle ja k\u00e4vele koko matka sis\u00e4pihan ymp\u00e4ri kulkevaa k\u00e4yt\u00e4v\u00e4\u00e4 pitkin. Fahsin huone on aivan k\u00e4yt\u00e4v\u00e4n p\u00e4\u00e4ss\u00e4 vasemmalla, kappelin ohi. Jos ovi on kiinni, tule sis\u00e4\u00e4n! Odotamme innolla tapaamistamme.<br>Yhteystiedot: Tom\u00e1s K, tomask.itaa@gmail.com, 917 725 2192 (jos sinulla on vaikeuksia l\u00f6yt\u00e4\u00e4 huonetta, voit soittaa suoraan)<\/p>\n\n\n\n<h4 class=\"wp-block-heading\">Kokoukset Yuba Cityss\u00e4<\/h4>\n\n\n\n<p>Milloin: Ensimm\u00e4iset lauantait, klo 13-14<br>Miss\u00e4: Feather River Parkway, Yuba City, Kalifornia<br>Yhteystiedot:&nbsp;<a href=\"mailto:graham.recovery.in.itaa@gmail.com\" target=\"_blank\" rel=\"noreferrer noopener\">ITAA.NorCal@gmail.com<\/a><\/p>\n\n\n\n<p>Tule viett\u00e4m\u00e4\u00e4n aikaa pienen mutta mahtavan porukan kanssa tukien toisianne toipuaksenne p\u00e4iv\u00e4 kerrallaan.<\/p>\n\n\n\n<p>T\u00e4m\u00e4 on avoin kokous; kaikki ovat tervetulleita. Pyyd\u00e4mme vierailijoita kunnioittamaan kokouksen ensisijaista tarkoitusta, joka on vied\u00e4 toipumisen sanomaa internetin ja teknologian pakkomielteisille k\u00e4ytt\u00e4jille, jotka edelleen k\u00e4rsiv\u00e4t.<\/p>\n\n\n\n<h4 class=\"wp-block-heading has-text-align-center\">~ <strong><em>Etel\u00e4-Kaliforniassa<\/em><\/strong> ~<\/h4>\n\n\n\n<h3 class=\"wp-block-heading\">Kokoukset Los Angelesissa, Kaliforniassa<\/h3>\n\n\n\n<h4 class=\"wp-block-heading\">\u201cHollywood ITAA:n kokous \u201dVaihe 11 klo 11:11\u201d<\/h4>\n\n\n\n<p>Milloin: Lauantaisin klo 11.00\u201312.30<br>Miss\u00e4: Plummer Park, osoitteessa 7377 Santa Monica Blvd, West Hollywood, CA 90046<br>S\u00e4hk\u00f6posti:&nbsp;<a href=\"mailto:Hollywood.ITAA@gmail.com\" target=\"_blank\" rel=\"noreferrer noopener\">Hollywood.ITAA@gmail.com<\/a><br>Signaali: <a href=\"https:\/\/signal.group\/#CjQKIH-GZ6WbWSa6lwfAKdOepX8k4djVGaUHOwAdyez5Cu5eEhCnuuYB18fbYFqkoxdGW3hp\" target=\"_blank\" rel=\"noreferrer noopener\">https:\/\/signal.group\/#CjQKIH-GZ6WbWSa6lwfAKdOepX8k4djVGaUHOwAdyez5Cu5eEhCnuuYB18fbYFqkoxdGW3hp<\/a><\/p>\n\n\n\n<p>T\u00e4m\u00e4 on avoin kokous; kaikki ovat tervetulleita. Pyyd\u00e4mme vierailijoita kunnioittamaan kokouksen ensisijaista tarkoitusta, joka on vied\u00e4 toipumisen sanomaa internetin ja teknologian pakkomielteisille k\u00e4ytt\u00e4jille, jotka edelleen k\u00e4rsiv\u00e4t.<\/p>\n\n\n\n<p>Tarkka sijainti: Tapaamme nurmialueella aivan tenniskenttien etel\u00e4puolella. Tarkat GPS-koordinaatit ovat:&nbsp;<br>(34.0929888, -118.3514780).<\/p>\n\n\n\n<p>Pys\u00e4k\u00f6inti: Puiston pohjois- ja etel\u00e4puolella on puiston asiakkaille ilmainen kolmen tunnin pys\u00e4k\u00f6intialue. My\u00f6s kadunvarsipys\u00e4k\u00f6inti on mahdollista, mutta pid\u00e4th\u00e4n mieless\u00e4 kaupungin kadunvarsipys\u00e4k\u00f6intirajoitukset.<\/p>\n\n\n\n<p>Lis\u00e4tietoja:<br>1) Jos sinulla on kysytt\u00e4v\u00e4\u00e4, ota rohkeasti yhteytt\u00e4 s\u00e4hk\u00f6postitse tai WhatsApp-ryhm\u00e4\u00e4n, mutta ulkoilmakokouksen luonteen vuoksi my\u00f6s spontaanit saapumiset ovat tervetulleita.<\/p>\n\n\n\n<p>2) Saavuthan paikalle klo 11 menness\u00e4 ja huomioithan pys\u00e4k\u00f6intiajan. Kokous alkaa klo 11.11, mink\u00e4 j\u00e4lkeen sis\u00e4\u00e4np\u00e4\u00e4sy kokoukseen suljetaan, kunnes meditaation j\u00e4lkeinen jakamisosuus alkaa noin klo 12. Jos saavut t\u00e4n\u00e4 aikana, soita yhteyshenkil\u00f6lle, niin sinut p\u00e4\u00e4stet\u00e4\u00e4n sis\u00e4\u00e4n meditaation j\u00e4lkeen.<\/p>\n\n\n\n<p>3) Lis\u00e4ksi, jos et halua istua nurmikolla, otathan mukaan oman tuolin tai viltin. Majoitus voidaan mahdollisesti j\u00e4rjest\u00e4\u00e4, jos sinulla ei ole sellaista.<\/p>\n\n\n\n<p><\/p>\n\n\n\n<h4 class=\"wp-block-heading\">Kokoukset Pasadenassa<\/h4>\n\n\n\n<p>Milloin: Torstaisin klo 11.00<br>Paikka: Central Park, Pasadena. Saavuthan viisi minuuttia etuajassa tavataksesi National Humane Alliance -suihkul\u00e4hteen luona, joka sijaitsee Raymond Avenuen ja E Dayton Streetin kulmassa. Istumme suurten puiden varjossa \u2013 tuothan tuolin, pyyhkeen tai viltin, jos haluat.<br>Yhteystiedot:&nbsp;<a href=\"mailto:mishainla.itaa@gmail.com\" target=\"_blank\" rel=\"noreferrer noopener\">mishainla.itaa@gmail.com<\/a><br><\/p>\n\n\n\n<p>Lis\u00e4tietoja:<br>1) Kadunvarsipys\u00e4k\u00f6inti\u00e4 on E Dayton Streetill\u00e4, S Raymond Avenuella ja Fair Oaks Avenuella hintaan $1.25 per tunti. Del Marin aseman pys\u00e4k\u00f6intihallissa (230 S Raymond Ave) on my\u00f6s pys\u00e4k\u00f6intihalli, jossa on pys\u00e4k\u00f6intipaikka hintaan $1.00 per tunti 90 minuutiksi. Metrolla matkustaessa A-linja (sininen linja) pys\u00e4htyy t\u00e4ll\u00e4 l\u00e4heisell\u00e4 Del Marin asemalla.<br>2) T\u00e4t\u00e4 kokousta harvoin, mutta satunnaisesti, perutaan tai siirret\u00e4\u00e4n s\u00e4\u00e4n vuoksi. Uusien osallistujien on suositeltavaa, mutta heid\u00e4n ei tarvitse ilmoittautua Mishan luokse ennen osallistumista:&nbsp;<a href=\"mailto:mishainla.itaa@gmail.com\" target=\"_blank\" rel=\"noreferrer noopener\">mishainla.itaa@gmail.com<\/a><\/p>\n\n\n\n<h4 class=\"wp-block-heading\">Suuri kirjantutkimuskokous Santa Monicassa<\/h4>\n\n\n\n<p>Huom: Kokeilemme uusia paikkoja l\u00e4hist\u00f6ll\u00e4, joten emme v\u00e4ltt\u00e4m\u00e4tt\u00e4 ole t\u00e4ss\u00e4 kahvilassa joka viikko. L\u00e4het\u00e4 tekstiviesti Evanille numeroon (424) 392-9023 saadaksesi ajantasaisen sijainnin ja ajan.<\/p>\n\n\n\n<p>Milloin: keskiviikkoiltaisin klo 17.30-18.30<br>Miss\u00e4: 3301 Pico Blvd, Santa Monica, CA 90405 (sis\u00e4\u00e4nk\u00e4ynti Urban Avenuelta)<\/p>\n\n\n\n<p>T\u00e4m\u00e4 on avoin kokous; kaikki ovat tervetulleita. Pyyd\u00e4mme vierailijoita kunnioittamaan kokouksen ensisijaista tarkoitusta, joka on vied\u00e4 toipumisen sanomaa internetin ja teknologian pakkomielteisille k\u00e4ytt\u00e4jille, jotka edelleen k\u00e4rsiv\u00e4t.<\/p>\n\n\n\n<p>Muoto: T\u00e4m\u00e4 on kirjallisuustutkimukseen ja osallistumiseen keskittyv\u00e4 kokous. Luemme Anonyymien Alkoholistien suurta kirjaa ja jaamme lukemaansa tai mit\u00e4 tahansa mieless\u00e4mme on.<\/p>\n\n\n\n<p>T\u00e4m\u00e4 kokous pidet\u00e4\u00e4n kulman kahvilassa \u2013 sis\u00e4\u00e4nk\u00e4ynti on Urban Avenuella. Pys\u00e4k\u00f6inti on kadulla, huomioithan pys\u00e4k\u00f6intirajoitukset.<\/p>\n\n\n\n<p>Yhteystiedot: <a href=\"mailto:Westside.ITAA@gmail.com\" target=\"_blank\" rel=\"noreferrer noopener\">Westside.ITAA@gmail.com<\/a>.<\/p>\n\n\n\n<p class=\"has-text-align-center\">-~-<\/p>\n\n\n\n<h3 class=\"wp-block-heading\">Lis\u00e4kokoukset<\/h3>\n\n\n\n<p>Jos olet uusi, kannustamme sinua kokeilemaan kuutta tapaamista lyhyess\u00e4 ajassa n\u00e4hd\u00e4ksesi, olisiko ohjelmastamme sinulle hy\u00f6ty\u00e4. Paikallisten tapaamisten lis\u00e4ksi voit my\u00f6s tutustua seuraaviin tuotteisiimme: <a href=\"https:\/\/internetaddictsanonymous.org\/fi\/henkilokohtaisissa-tapaamisissa\/\">muut henkil\u00f6kohtaiset tapaamiset<\/a> ja <a href=\"https:\/\/internetaddictsanonymous.org\/fi\/verkkokokoukset\/\">t\u00e4ydellinen online-kokousten aikataulu<\/a>. Kaikki tapaamiset ovat t\u00e4ysin ilmaisia ja nimett\u00f6mi\u00e4.<\/p>\n\n\n\n<h3 class=\"wp-block-heading\"><strong>Miten kokoukset toimivat?<\/strong><\/h3>\n\n\n\n<p>Jos osallistut kokoukseen ensimm\u00e4ist\u00e4 kertaa, ei tarvitse olla hermostunut. Useimmat kokouksemme ovat hyvin yksinkertaisia; jokaisella kokouksella on puheenjohtaja, joka johtaa kokousta, ja useimmat kokoukset kest\u00e4v\u00e4t tunnin. Puheenjohtaja ja muut vapaaehtoiset lukevat avauspuheenvuoroja, ennen kuin avaamme kokouksen j\u00e4senten jakamista varten. Jakamisvelvollisuutta ei ole, ja voit vain kuunnella. Jos tunnet olosi mukavaksi, voit esitell\u00e4 itsesi ja kertoa, mik\u00e4 toi sinut ITAA:han. Ellei j\u00e4sen pyyd\u00e4, emme anna ehdotuksia tai kommentteja vastauksena muiden jakamiin ajatuksiin; kuuntelemme vain tuomitsematta. Tunnin lopussa kokous p\u00e4\u00e4ttyy loppupuheenvuoroihin, joiden j\u00e4lkeen j\u00e4senet yleens\u00e4 keskustelevat rennosti, esitt\u00e4v\u00e4t kysymyksi\u00e4 ja vaihtavat yhteystietoja.<\/p>\n\n\n\n<h3 class=\"wp-block-heading\">Internet- ja teknologiariippuvuuden materiaalit<\/h3>\n\n\n\n<p>Jos pohdit, voisiko sinulla olla internet- ja teknologiariippuvuus, voit vastata kyselyihimme (englanniksi): <a href=\"https:\/\/internetaddictsanonymous.org\/fi\/internet-ja-teknologia-riippuvuus\/\">nettiriippuvuus<\/a>, <a href=\"https:\/\/internetaddictsanonymous.org\/fi\/internet-ja-teknologia-riippuvuus\/someriippuvuus\/\">someriippuvuus<\/a>, <a href=\"https:\/\/internetaddictsanonymous.org\/fi\/internet-addiktio\/striimausaddiktio\/\">striimausaddiktio<\/a>, <a href=\"https:\/\/internetaddictsanonymous.org\/fi\/internet-ja-teknologia-riippuvuus\/puhelinaddiktio\/\">puhelinaddiktio<\/a>tai <a href=\"https:\/\/internetaddictsanonymous.org\/fi\/internet-ja-teknologia-riippuvuus\/peliaddiktio-2\/\">peliriippuvuus<\/a>Voit my\u00f6s perehty\u00e4 ITAA:han lukemalla&nbsp;<a href=\"https:\/\/internetaddictsanonymous.org\/fi\/tulokkaan-oppaan\/\">tulokkaan oppaan,<\/a>selaamalla l\u00e4pi <a href=\"https:\/\/internetaddictsanonymous.org\/fi\/resurssit\/toipumisen-tyokalut\/\">toipumisen ty\u00f6kalut<\/a>, tai kuuntelemalla <a href=\"https:\/\/internetaddictsanonymous.org\/fi\/toipumistarinoita\/\">j\u00e4senten toipumiskertomuksia<\/a>.<\/p>\n\n\n\n<p>ITAA ei ole sidoksissa mihink\u00e4\u00e4n poliittiseen aatteeseen, uskontoon tai ulkopuolisiin intresseihin. Yll\u00e4pid\u00e4mme itse omaa toimintaamme ja olemme maksuton apu kaikille jotka sit\u00e4 tarvitsevat. Ainoa tarkoituksemme on pid\u00e4tt\u00e4yty\u00e4 pakonomaisesta internetin ja teknologian k\u00e4yt\u00f6st\u00e4 ja auttaa muita vapautumaan t\u00e4st\u00e4 addiktiosta.<\/p>\n\n\n\n<p>Tervetuloa taas! Toivomme, ett\u00e4 t\u00e4m\u00e4 yhteis\u00f6 pystyy tarjoamaan tarvitsemaasi tukea internet- ja teknologiariippuvuudesta toipumiseen. \u00c4l\u00e4 ep\u00e4r\u00f6i ottaa meihin yhteytt\u00e4, jos sinulla on kysytt\u00e4v\u00e4\u00e4.<\/p>\n<!-- PMB print buttons is only displayed on a single post\/page URLs-->","protected":false},"excerpt":{"rendered":"<p>Tervetuloa Internet- ja teknologiariippuvaisten Anonyymien yhteis\u00f6\u00f6n! Olemme iloisia, ett\u00e4 l\u00f6ysit meid\u00e4t, ja toivomme, ett\u00e4 yhteis\u00f6mme voi olla sinulle yht\u00e4 hy\u00f6dyllinen kuin se on ollut meille. ITAA on kahdentoista askeleen yhteis\u00f6, joka koostuu yksil\u00f6ist\u00e4, jotka tukevat toisiaan internet- ja teknologiariippuvuudesta toipumisessa. T\u00e4h\u00e4n sis\u00e4ltyy riippuvuus sosiaalisesta mediasta, \u00e4lypuhelimista, suoratoistosta\u2026 <a href=\"https:\/\/internetaddictsanonymous.org\/fi\/in-person-meetings\/usa-ca\/\" class=\"more-link\">Jatka lukemista <span class=\"screen-reader-text\">ITAA Kaliforniassa, Yhdysvalloissa<\/span><\/a><\/p>","protected":false},"author":35194255,"featured_media":0,"parent":148,"menu_order":0,"comment_status":"closed","ping_status":"closed","template":"full-width-page.php","meta":{"inline_featured_image":false,"_lmt_disableupdate":"","_lmt_disable":"","footnotes":""},"tags":[],"class_list":["post-17595","page","type-page","status-publish","hentry"],"yoast_head":"<!-- This site is optimized with the Yoast SEO plugin v27.5 - https:\/\/yoast.com\/product\/yoast-seo-wordpress\/ -->\n<title>ITAA in California, US &#8211; Internet and Technology Addicts Anonymous<\/title>\n<meta name=\"description\" content=\"There are several in-person ITAA meetings in Southern California including in Santa Monica, Pasadena, and Hollywood. More coming soon!\" \/>\n<meta name=\"robots\" content=\"index, follow, max-snippet:-1, max-image-preview:large, max-video-preview:-1\" \/>\n<link rel=\"canonical\" href=\"https:\/\/internetaddictsanonymous.org\/fi\/henkilokohtaisissa-tapaamisissa\/yhdysvallat-kanada\/\" \/>\n<meta property=\"og:locale\" content=\"fi_FI\" \/>\n<meta property=\"og:type\" content=\"article\" \/>\n<meta property=\"og:title\" content=\"ITAA in California, US &#8211; Internet and Technology Addicts Anonymous\" \/>\n<meta property=\"og:description\" content=\"There are several in-person ITAA meetings in Southern California including in Santa Monica, Pasadena, and Hollywood. More coming soon!\" \/>\n<meta property=\"og:url\" content=\"https:\/\/internetaddictsanonymous.org\/fi\/henkilokohtaisissa-tapaamisissa\/yhdysvallat-kanada\/\" \/>\n<meta property=\"og:site_name\" content=\"Internet and Technology Addicts Anonymous\" \/>\n<meta property=\"article:modified_time\" content=\"2026-04-23T22:20:14+00:00\" \/>\n<meta name=\"twitter:card\" content=\"summary_large_image\" \/>\n<meta name=\"twitter:label1\" content=\"Arvioitu lukuaika\" \/>\n\t<meta name=\"twitter:data1\" content=\"6 minuuttia\" \/>\n<script type=\"application\/ld+json\" class=\"yoast-schema-graph\">{\"@context\":\"https:\\\/\\\/schema.org\",\"@graph\":[{\"@type\":\"WebPage\",\"@id\":\"https:\\\/\\\/internetaddictsanonymous.org\\\/in-person-meetings\\\/usa-ca\\\/\",\"url\":\"https:\\\/\\\/internetaddictsanonymous.org\\\/in-person-meetings\\\/usa-ca\\\/\",\"name\":\"ITAA in California, US &#8211; Internet and Technology Addicts Anonymous\",\"isPartOf\":{\"@id\":\"https:\\\/\\\/internetaddictsanonymous.org\\\/#website\"},\"datePublished\":\"2024-02-19T00:47:54+00:00\",\"dateModified\":\"2026-04-23T22:20:14+00:00\",\"description\":\"There are several in-person ITAA meetings in Southern California including in Santa Monica, Pasadena, and Hollywood. More coming soon!\",\"breadcrumb\":{\"@id\":\"https:\\\/\\\/internetaddictsanonymous.org\\\/in-person-meetings\\\/usa-ca\\\/#breadcrumb\"},\"inLanguage\":\"fi\",\"potentialAction\":[{\"@type\":\"ReadAction\",\"target\":[\"https:\\\/\\\/internetaddictsanonymous.org\\\/in-person-meetings\\\/usa-ca\\\/\"]}]},{\"@type\":\"BreadcrumbList\",\"@id\":\"https:\\\/\\\/internetaddictsanonymous.org\\\/in-person-meetings\\\/usa-ca\\\/#breadcrumb\",\"itemListElement\":[{\"@type\":\"ListItem\",\"position\":1,\"name\":\"Home\",\"item\":\"https:\\\/\\\/internetaddictsanonymous.org\\\/\"},{\"@type\":\"ListItem\",\"position\":2,\"name\":\"In-Person Meetings\",\"item\":\"https:\\\/\\\/internetaddictsanonymous.org\\\/in-person-meetings\\\/\"},{\"@type\":\"ListItem\",\"position\":3,\"name\":\"ITAA in California, US\"}]},{\"@type\":\"WebSite\",\"@id\":\"https:\\\/\\\/internetaddictsanonymous.org\\\/#website\",\"url\":\"https:\\\/\\\/internetaddictsanonymous.org\\\/\",\"name\":\"Internet and Technology Addicts Anonymous\",\"description\":\"Worldwide 12-step Fellowship for Internet and Technology Addiction\",\"publisher\":{\"@id\":\"https:\\\/\\\/internetaddictsanonymous.org\\\/#organization\"},\"potentialAction\":[{\"@type\":\"SearchAction\",\"target\":{\"@type\":\"EntryPoint\",\"urlTemplate\":\"https:\\\/\\\/internetaddictsanonymous.org\\\/?s={search_term_string}\"},\"query-input\":{\"@type\":\"PropertyValueSpecification\",\"valueRequired\":true,\"valueName\":\"search_term_string\"}}],\"inLanguage\":\"fi\"},{\"@type\":\"Organization\",\"@id\":\"https:\\\/\\\/internetaddictsanonymous.org\\\/#organization\",\"name\":\"Internet and Technology Addicts Anonymous\",\"url\":\"https:\\\/\\\/internetaddictsanonymous.org\\\/\",\"logo\":{\"@type\":\"ImageObject\",\"inLanguage\":\"fi\",\"@id\":\"https:\\\/\\\/internetaddictsanonymous.org\\\/#\\\/schema\\\/logo\\\/image\\\/\",\"url\":\"https:\\\/\\\/internetaddictsanonymous.org\\\/wp-content\\\/uploads\\\/2023\\\/01\\\/cropped-ITAA-logo-480px.png\",\"contentUrl\":\"https:\\\/\\\/internetaddictsanonymous.org\\\/wp-content\\\/uploads\\\/2023\\\/01\\\/cropped-ITAA-logo-480px.png\",\"width\":480,\"height\":480,\"caption\":\"Internet and Technology Addicts Anonymous\"},\"image\":{\"@id\":\"https:\\\/\\\/internetaddictsanonymous.org\\\/#\\\/schema\\\/logo\\\/image\\\/\"}}]}<\/script>\n<!-- \/ Yoast SEO plugin. -->","yoast_head_json":{"title":"ITAA Kaliforniassa, Yhdysvalloissa \u2013 Internet- ja teknologiariippuvaiset Anonyymit","description":"Etel\u00e4-Kaliforniassa on useita ITAA:n kokouksia paikan p\u00e4\u00e4ll\u00e4, kuten Santa Monicassa, Pasadenassa ja Hollywoodissa. Lis\u00e4\u00e4 tulossa pian!","robots":{"index":"index","follow":"follow","max-snippet":"max-snippet:-1","max-image-preview":"max-image-preview:large","max-video-preview":"max-video-preview:-1"},"canonical":"https:\/\/internetaddictsanonymous.org\/fi\/henkilokohtaisissa-tapaamisissa\/yhdysvallat-kanada\/","og_locale":"fi_FI","og_type":"article","og_title":"ITAA in California, US &#8211; Internet and Technology Addicts Anonymous","og_description":"There are several in-person ITAA meetings in Southern California including in Santa Monica, Pasadena, and Hollywood. More coming soon!","og_url":"https:\/\/internetaddictsanonymous.org\/fi\/henkilokohtaisissa-tapaamisissa\/yhdysvallat-kanada\/","og_site_name":"Internet and Technology Addicts Anonymous","article_modified_time":"2026-04-23T22:20:14+00:00","twitter_card":"summary_large_image","twitter_misc":{"Arvioitu lukuaika":"6 minuuttia"},"schema":{"@context":"https:\/\/schema.org","@graph":[{"@type":"WebPage","@id":"https:\/\/internetaddictsanonymous.org\/in-person-meetings\/usa-ca\/","url":"https:\/\/internetaddictsanonymous.org\/in-person-meetings\/usa-ca\/","name":"ITAA Kaliforniassa, Yhdysvalloissa \u2013 Internet- ja teknologiariippuvaiset Anonyymit","isPartOf":{"@id":"https:\/\/internetaddictsanonymous.org\/#website"},"datePublished":"2024-02-19T00:47:54+00:00","dateModified":"2026-04-23T22:20:14+00:00","description":"Etel\u00e4-Kaliforniassa on useita ITAA:n kokouksia paikan p\u00e4\u00e4ll\u00e4, kuten Santa Monicassa, Pasadenassa ja Hollywoodissa. Lis\u00e4\u00e4 tulossa pian!","breadcrumb":{"@id":"https:\/\/internetaddictsanonymous.org\/in-person-meetings\/usa-ca\/#breadcrumb"},"inLanguage":"fi","potentialAction":[{"@type":"ReadAction","target":["https:\/\/internetaddictsanonymous.org\/in-person-meetings\/usa-ca\/"]}]},{"@type":"BreadcrumbList","@id":"https:\/\/internetaddictsanonymous.org\/in-person-meetings\/usa-ca\/#breadcrumb","itemListElement":[{"@type":"ListItem","position":1,"name":"Home","item":"https:\/\/internetaddictsanonymous.org\/"},{"@type":"ListItem","position":2,"name":"In-Person Meetings","item":"https:\/\/internetaddictsanonymous.org\/in-person-meetings\/"},{"@type":"ListItem","position":3,"name":"ITAA in California, US"}]},{"@type":"WebSite","@id":"https:\/\/internetaddictsanonymous.org\/#website","url":"https:\/\/internetaddictsanonymous.org\/","name":"Nimett\u00f6m\u00e4t internetin ja teknologian ongelmak\u00e4ytt\u00e4j\u00e4t","description":"Maailmanlaajuinen 12 askeleen yhteis\u00f6 Internet- ja teknologiariippuvuutta varten","publisher":{"@id":"https:\/\/internetaddictsanonymous.org\/#organization"},"potentialAction":[{"@type":"SearchAction","target":{"@type":"EntryPoint","urlTemplate":"https:\/\/internetaddictsanonymous.org\/?s={search_term_string}"},"query-input":{"@type":"PropertyValueSpecification","valueRequired":true,"valueName":"search_term_string"}}],"inLanguage":"fi"},{"@type":"Organization","@id":"https:\/\/internetaddictsanonymous.org\/#organization","name":"Nimett\u00f6m\u00e4t internetin ja teknologian ongelmak\u00e4ytt\u00e4j\u00e4t","url":"https:\/\/internetaddictsanonymous.org\/","logo":{"@type":"ImageObject","inLanguage":"fi","@id":"https:\/\/internetaddictsanonymous.org\/#\/schema\/logo\/image\/","url":"https:\/\/internetaddictsanonymous.org\/wp-content\/uploads\/2023\/01\/cropped-ITAA-logo-480px.png","contentUrl":"https:\/\/internetaddictsanonymous.org\/wp-content\/uploads\/2023\/01\/cropped-ITAA-logo-480px.png","width":480,"height":480,"caption":"Internet and Technology Addicts Anonymous"},"image":{"@id":"https:\/\/internetaddictsanonymous.org\/#\/schema\/logo\/image\/"}}]}},"jetpack_sharing_enabled":true,"jetpack_shortlink":"https:\/\/wp.me\/P9Fwob-4zN","_links":{"self":[{"href":"https:\/\/internetaddictsanonymous.org\/fi\/wp-json\/wp\/v2\/pages\/17595","targetHints":{"allow":["GET"]}}],"collection":[{"href":"https:\/\/internetaddictsanonymous.org\/fi\/wp-json\/wp\/v2\/pages"}],"about":[{"href":"https:\/\/internetaddictsanonymous.org\/fi\/wp-json\/wp\/v2\/types\/page"}],"author":[{"embeddable":true,"href":"https:\/\/internetaddictsanonymous.org\/fi\/wp-json\/wp\/v2\/users\/35194255"}],"replies":[{"embeddable":true,"href":"https:\/\/internetaddictsanonymous.org\/fi\/wp-json\/wp\/v2\/comments?post=17595"}],"version-history":[{"count":94,"href":"https:\/\/internetaddictsanonymous.org\/fi\/wp-json\/wp\/v2\/pages\/17595\/revisions"}],"predecessor-version":[{"id":21247,"href":"https:\/\/internetaddictsanonymous.org\/fi\/wp-json\/wp\/v2\/pages\/17595\/revisions\/21247"}],"up":[{"embeddable":true,"href":"https:\/\/internetaddictsanonymous.org\/fi\/wp-json\/wp\/v2\/pages\/148"}],"wp:attachment":[{"href":"https:\/\/internetaddictsanonymous.org\/fi\/wp-json\/wp\/v2\/media?parent=17595"}],"wp:term":[{"taxonomy":"post_tag","embeddable":true,"href":"https:\/\/internetaddictsanonymous.org\/fi\/wp-json\/wp\/v2\/tags?post=17595"}],"curies":[{"name":"wp","href":"https:\/\/api.w.org\/{rel}","templated":true}]}}