{"id":18078,"date":"2024-06-03T01:33:23","date_gmt":"2024-06-03T05:33:23","guid":{"rendered":"https:\/\/internetaddictsanonymous.org\/?page_id=18078"},"modified":"2024-06-03T01:33:25","modified_gmt":"2024-06-03T05:33:25","slug":"syventamalla-toipumisresurssejamme","status":"publish","type":"page","link":"https:\/\/internetaddictsanonymous.org\/fi\/resources\/deepening-our-recovery-resources\/","title":{"rendered":"Elpymisen syvent\u00e4minen"},"content":{"rendered":"<p><a href=\"https:\/\/internetaddictsanonymous.org\/fi\/opas-nostoihin\/\"><strong>Nostojen navigointi<\/strong><\/a><br>Kuvaus vieroitusprosessista sek\u00e4 nelj\u00e4n j\u00e4senen toipumistarinoita.<\/p>\n\n\n\n<p><a href=\"https:\/\/internetaddictsanonymous.org\/fi\/opas-raittiuden-lipsahduksiin-ja-retkahduksiin-itaassa\/\"><strong>Raittiuden, lipsahdusten ja retkahdusten ymm\u00e4rt\u00e4minen<\/strong><\/a><br>Yleiskatsaus siihen, mit\u00e4 raittius tarkoittaa ITAA:ssa, sek\u00e4 siihen, miten lipsahduksia ja retkahduksia voi ehk\u00e4ist\u00e4 ja niist\u00e4 voi oppia.<\/p>\n\n\n\n<p><strong><a href=\"https:\/\/internetaddictsanonymous.org\/fi\/opas-etsiviin-puheluihin-itaassa\/\">Outreach-puheluiden tekeminen<\/a><br><\/strong>Opas muiden j\u00e4senten kutsumiseen kokousten ulkopuolella, joka on yksi toipumisemme t\u00e4rkeimmist\u00e4 ty\u00f6kaluista.<\/p>\n\n\n\n<p><a href=\"https:\/\/internetaddictsanonymous.org\/fi\/sponsorointi\/\"><strong>Sponsoroinnin merkitys<\/strong><\/a><br>Sponsorointi on ep\u00e4virallinen suhde, jossa kokeneempi ITAA:n j\u00e4sen opastaa meit\u00e4 toipumisessa.<\/p>\n\n\n\n<p><a href=\"https:\/\/internetaddictsanonymous.org\/fi\/resurssit\/miten-vaiheet-tehdaan\/\"><strong>Miten askeleet toimivat<\/strong><br><\/a>Resursseja, joita voimme k\u00e4ytt\u00e4\u00e4 Kahdentoista askeleen ty\u00f6st\u00e4miseen.<\/p>\n\n\n\n<p><a href=\"https:\/\/internetaddictsanonymous.org\/fi\/the-doctors-opinion\/\"><strong>Tieteellinen n\u00e4ytt\u00f6 internet- ja teknologiariippuvuudesta<\/strong><\/a><br>Katsaus internet- ja teknologiariippuvuuden vaikutuksiin ja seurauksiin.<\/p>\n<!-- PMB print buttons is only displayed on a single post\/page URLs-->","protected":false},"excerpt":{"rendered":"<p>Vieroitusoireiden sel\u00e4tt\u00e4misess\u00e4Kuvaus vieroitusprosessista sek\u00e4 nelj\u00e4n j\u00e4senen toipumistarinoita. Raittiuden, lipsahdusten ja retkahdusten ymm\u00e4rt\u00e4minenYleiskatsaus siihen, mit\u00e4 raittius tarkoittaa ITAA:ssa, sek\u00e4 miten ehk\u00e4ist\u00e4 lipsahduksia ja retkahduksia ja kasvaa niist\u00e4. YhteydenototOpas muiden j\u00e4senten tapaamiseen kokousten ulkopuolella, yksi t\u00e4rkeimmist\u00e4 ty\u00f6kaluista\u2026 <a href=\"https:\/\/internetaddictsanonymous.org\/fi\/resources\/deepening-our-recovery-resources\/\" class=\"more-link\">Jatka lukemista <span class=\"screen-reader-text\">Elpymisen syvent\u00e4minen<\/span><\/a><\/p>","protected":false},"author":35194237,"featured_media":0,"parent":42,"menu_order":0,"comment_status":"closed","ping_status":"closed","template":"full-width-page.php","meta":{"inline_featured_image":false,"_lmt_disableupdate":"","_lmt_disable":"","footnotes":""},"tags":[],"class_list":["post-18078","page","type-page","status-publish","hentry"],"yoast_head":"<!-- This site is optimized with the Yoast SEO plugin v27.5 - https:\/\/yoast.com\/product\/yoast-seo-wordpress\/ -->\n<title>Deepening our recovery &#8211; Internet and Technology Addicts Anonymous<\/title>\n<meta name=\"robots\" content=\"index, follow, max-snippet:-1, max-image-preview:large, max-video-preview:-1\" \/>\n<link rel=\"canonical\" href=\"https:\/\/internetaddictsanonymous.org\/fi\/resurssit\/syventamalla-toipumisresurssejamme\/\" \/>\n<meta property=\"og:locale\" content=\"fi_FI\" \/>\n<meta property=\"og:type\" content=\"article\" \/>\n<meta property=\"og:title\" content=\"Deepening our recovery &#8211; Internet and Technology Addicts Anonymous\" \/>\n<meta property=\"og:description\" content=\"Navigating WithdrawalsA description of the withdrawals process, along with recovery stories from four members. Understanding Sobriety, Slips, and RelapsesAn overview of what sobriety means in ITAA, as well as how to prevent and grow from slips and relapses. Making Outreach CallsA guide to calling other members outside of meetings, one of the vital tools of &hellip; Continue reading Deepening our recovery\" \/>\n<meta property=\"og:url\" content=\"https:\/\/internetaddictsanonymous.org\/fi\/resurssit\/syventamalla-toipumisresurssejamme\/\" \/>\n<meta property=\"og:site_name\" content=\"Internet and Technology Addicts Anonymous\" \/>\n<meta property=\"article:modified_time\" content=\"2024-06-03T05:33:25+00:00\" \/>\n<meta name=\"twitter:card\" content=\"summary_large_image\" \/>\n<meta name=\"twitter:label1\" content=\"Arvioitu lukuaika\" \/>\n\t<meta name=\"twitter:data1\" content=\"1 minuutti\" \/>\n<script type=\"application\/ld+json\" class=\"yoast-schema-graph\">{\"@context\":\"https:\\\/\\\/schema.org\",\"@graph\":[{\"@type\":\"WebPage\",\"@id\":\"https:\\\/\\\/internetaddictsanonymous.org\\\/resources\\\/deepening-our-recovery-resources\\\/\",\"url\":\"https:\\\/\\\/internetaddictsanonymous.org\\\/resources\\\/deepening-our-recovery-resources\\\/\",\"name\":\"Deepening our recovery &#8211; Internet and Technology Addicts Anonymous\",\"isPartOf\":{\"@id\":\"https:\\\/\\\/internetaddictsanonymous.org\\\/#website\"},\"datePublished\":\"2024-06-03T05:33:23+00:00\",\"dateModified\":\"2024-06-03T05:33:25+00:00\",\"breadcrumb\":{\"@id\":\"https:\\\/\\\/internetaddictsanonymous.org\\\/resources\\\/deepening-our-recovery-resources\\\/#breadcrumb\"},\"inLanguage\":\"fi\",\"potentialAction\":[{\"@type\":\"ReadAction\",\"target\":[\"https:\\\/\\\/internetaddictsanonymous.org\\\/resources\\\/deepening-our-recovery-resources\\\/\"]}]},{\"@type\":\"BreadcrumbList\",\"@id\":\"https:\\\/\\\/internetaddictsanonymous.org\\\/resources\\\/deepening-our-recovery-resources\\\/#breadcrumb\",\"itemListElement\":[{\"@type\":\"ListItem\",\"position\":1,\"name\":\"Home\",\"item\":\"https:\\\/\\\/internetaddictsanonymous.org\\\/\"},{\"@type\":\"ListItem\",\"position\":2,\"name\":\"Resources\",\"item\":\"https:\\\/\\\/internetaddictsanonymous.org\\\/resources\\\/\"},{\"@type\":\"ListItem\",\"position\":3,\"name\":\"Deepening our recovery\"}]},{\"@type\":\"WebSite\",\"@id\":\"https:\\\/\\\/internetaddictsanonymous.org\\\/#website\",\"url\":\"https:\\\/\\\/internetaddictsanonymous.org\\\/\",\"name\":\"Internet and Technology Addicts Anonymous\",\"description\":\"Worldwide 12-step Fellowship for Internet and Technology Addiction\",\"publisher\":{\"@id\":\"https:\\\/\\\/internetaddictsanonymous.org\\\/#organization\"},\"potentialAction\":[{\"@type\":\"SearchAction\",\"target\":{\"@type\":\"EntryPoint\",\"urlTemplate\":\"https:\\\/\\\/internetaddictsanonymous.org\\\/?s={search_term_string}\"},\"query-input\":{\"@type\":\"PropertyValueSpecification\",\"valueRequired\":true,\"valueName\":\"search_term_string\"}}],\"inLanguage\":\"fi\"},{\"@type\":\"Organization\",\"@id\":\"https:\\\/\\\/internetaddictsanonymous.org\\\/#organization\",\"name\":\"Internet and Technology Addicts Anonymous\",\"url\":\"https:\\\/\\\/internetaddictsanonymous.org\\\/\",\"logo\":{\"@type\":\"ImageObject\",\"inLanguage\":\"fi\",\"@id\":\"https:\\\/\\\/internetaddictsanonymous.org\\\/#\\\/schema\\\/logo\\\/image\\\/\",\"url\":\"https:\\\/\\\/internetaddictsanonymous.org\\\/wp-content\\\/uploads\\\/2023\\\/01\\\/cropped-ITAA-logo-480px.png\",\"contentUrl\":\"https:\\\/\\\/internetaddictsanonymous.org\\\/wp-content\\\/uploads\\\/2023\\\/01\\\/cropped-ITAA-logo-480px.png\",\"width\":480,\"height\":480,\"caption\":\"Internet and Technology Addicts Anonymous\"},\"image\":{\"@id\":\"https:\\\/\\\/internetaddictsanonymous.org\\\/#\\\/schema\\\/logo\\\/image\\\/\"}}]}<\/script>\n<!-- \/ Yoast SEO plugin. -->","yoast_head_json":{"title":"Syvenn\u00e4mme toipumistamme \u2013 Internet- ja teknologiariippuvaiset Anonyymit","robots":{"index":"index","follow":"follow","max-snippet":"max-snippet:-1","max-image-preview":"max-image-preview:large","max-video-preview":"max-video-preview:-1"},"canonical":"https:\/\/internetaddictsanonymous.org\/fi\/resurssit\/syventamalla-toipumisresurssejamme\/","og_locale":"fi_FI","og_type":"article","og_title":"Deepening our recovery &#8211; Internet and Technology Addicts Anonymous","og_description":"Navigating WithdrawalsA description of the withdrawals process, along with recovery stories from four members. Understanding Sobriety, Slips, and RelapsesAn overview of what sobriety means in ITAA, as well as how to prevent and grow from slips and relapses. Making Outreach CallsA guide to calling other members outside of meetings, one of the vital tools of &hellip; Continue reading Deepening our recovery","og_url":"https:\/\/internetaddictsanonymous.org\/fi\/resurssit\/syventamalla-toipumisresurssejamme\/","og_site_name":"Internet and Technology Addicts Anonymous","article_modified_time":"2024-06-03T05:33:25+00:00","twitter_card":"summary_large_image","twitter_misc":{"Arvioitu lukuaika":"1 minuutti"},"schema":{"@context":"https:\/\/schema.org","@graph":[{"@type":"WebPage","@id":"https:\/\/internetaddictsanonymous.org\/resources\/deepening-our-recovery-resources\/","url":"https:\/\/internetaddictsanonymous.org\/resources\/deepening-our-recovery-resources\/","name":"Syvenn\u00e4mme toipumistamme \u2013 Internet- ja teknologiariippuvaiset Anonyymit","isPartOf":{"@id":"https:\/\/internetaddictsanonymous.org\/#website"},"datePublished":"2024-06-03T05:33:23+00:00","dateModified":"2024-06-03T05:33:25+00:00","breadcrumb":{"@id":"https:\/\/internetaddictsanonymous.org\/resources\/deepening-our-recovery-resources\/#breadcrumb"},"inLanguage":"fi","potentialAction":[{"@type":"ReadAction","target":["https:\/\/internetaddictsanonymous.org\/resources\/deepening-our-recovery-resources\/"]}]},{"@type":"BreadcrumbList","@id":"https:\/\/internetaddictsanonymous.org\/resources\/deepening-our-recovery-resources\/#breadcrumb","itemListElement":[{"@type":"ListItem","position":1,"name":"Home","item":"https:\/\/internetaddictsanonymous.org\/"},{"@type":"ListItem","position":2,"name":"Resources","item":"https:\/\/internetaddictsanonymous.org\/resources\/"},{"@type":"ListItem","position":3,"name":"Deepening our recovery"}]},{"@type":"WebSite","@id":"https:\/\/internetaddictsanonymous.org\/#website","url":"https:\/\/internetaddictsanonymous.org\/","name":"Nimett\u00f6m\u00e4t internetin ja teknologian ongelmak\u00e4ytt\u00e4j\u00e4t","description":"Maailmanlaajuinen 12 askeleen yhteis\u00f6 Internet- ja teknologiariippuvuutta varten","publisher":{"@id":"https:\/\/internetaddictsanonymous.org\/#organization"},"potentialAction":[{"@type":"SearchAction","target":{"@type":"EntryPoint","urlTemplate":"https:\/\/internetaddictsanonymous.org\/?s={search_term_string}"},"query-input":{"@type":"PropertyValueSpecification","valueRequired":true,"valueName":"search_term_string"}}],"inLanguage":"fi"},{"@type":"Organization","@id":"https:\/\/internetaddictsanonymous.org\/#organization","name":"Nimett\u00f6m\u00e4t internetin ja teknologian ongelmak\u00e4ytt\u00e4j\u00e4t","url":"https:\/\/internetaddictsanonymous.org\/","logo":{"@type":"ImageObject","inLanguage":"fi","@id":"https:\/\/internetaddictsanonymous.org\/#\/schema\/logo\/image\/","url":"https:\/\/internetaddictsanonymous.org\/wp-content\/uploads\/2023\/01\/cropped-ITAA-logo-480px.png","contentUrl":"https:\/\/internetaddictsanonymous.org\/wp-content\/uploads\/2023\/01\/cropped-ITAA-logo-480px.png","width":480,"height":480,"caption":"Internet and Technology Addicts Anonymous"},"image":{"@id":"https:\/\/internetaddictsanonymous.org\/#\/schema\/logo\/image\/"}}]}},"jetpack_sharing_enabled":true,"jetpack_shortlink":"https:\/\/wp.me\/P9Fwob-4HA","_links":{"self":[{"href":"https:\/\/internetaddictsanonymous.org\/fi\/wp-json\/wp\/v2\/pages\/18078","targetHints":{"allow":["GET"]}}],"collection":[{"href":"https:\/\/internetaddictsanonymous.org\/fi\/wp-json\/wp\/v2\/pages"}],"about":[{"href":"https:\/\/internetaddictsanonymous.org\/fi\/wp-json\/wp\/v2\/types\/page"}],"author":[{"embeddable":true,"href":"https:\/\/internetaddictsanonymous.org\/fi\/wp-json\/wp\/v2\/users\/35194237"}],"replies":[{"embeddable":true,"href":"https:\/\/internetaddictsanonymous.org\/fi\/wp-json\/wp\/v2\/comments?post=18078"}],"version-history":[{"count":1,"href":"https:\/\/internetaddictsanonymous.org\/fi\/wp-json\/wp\/v2\/pages\/18078\/revisions"}],"predecessor-version":[{"id":18079,"href":"https:\/\/internetaddictsanonymous.org\/fi\/wp-json\/wp\/v2\/pages\/18078\/revisions\/18079"}],"up":[{"embeddable":true,"href":"https:\/\/internetaddictsanonymous.org\/fi\/wp-json\/wp\/v2\/pages\/42"}],"wp:attachment":[{"href":"https:\/\/internetaddictsanonymous.org\/fi\/wp-json\/wp\/v2\/media?parent=18078"}],"wp:term":[{"taxonomy":"post_tag","embeddable":true,"href":"https:\/\/internetaddictsanonymous.org\/fi\/wp-json\/wp\/v2\/tags?post=18078"}],"curies":[{"name":"wp","href":"https:\/\/api.w.org\/{rel}","templated":true}]}}