{"id":18148,"date":"2024-06-16T20:35:42","date_gmt":"2024-06-17T00:35:42","guid":{"rendered":"https:\/\/internetaddictsanonymous.org\/?page_id=18148"},"modified":"2024-07-28T14:35:31","modified_gmt":"2024-07-28T18:35:31","slug":"chat-ryhmien-periaatteet","status":"publish","type":"page","link":"https:\/\/internetaddictsanonymous.org\/fi\/resources\/being-of-service-resources\/principles-for-chat-groups\/","title":{"rendered":"ITAA:n keskusteluryhmi\u00e4 koskevat periaatteet"},"content":{"rendered":"<p>Internet-addikteina meid\u00e4n on kiinnitett\u00e4v\u00e4 erityist\u00e4 huomiota siihen, miten k\u00e4yt\u00e4mme teknologiaa toipumisemme ja kokouksiemme tukena. Esimerkiksi Zoom ja verkkosivustomme ovat olleet olennaisia ty\u00f6kaluja, jotka auttavat yhteis\u00f6\u00e4mme tavoittamaan addikteja, joilla ei ole p\u00e4\u00e4sy\u00e4 kasvokkain j\u00e4rjestett\u00e4viin kokouksiin. Samaan aikaan muilla teknologioilla \u2013 suoratoistoalustoilla, sosiaalisen median sy\u00f6tteill\u00e4, deittisovelluksilla ja videopeleill\u00e4 \u2013 ei selv\u00e4stik\u00e4\u00e4n ole sijaa yhteis\u00f6ss\u00e4mme. Keskusteluryhm\u00e4t voivat sijoittua johonkin silt\u00e4 v\u00e4lilt\u00e4: ne voivat olla hy\u00f6dyllisi\u00e4 koordinaation yll\u00e4pit\u00e4miseksi kokousten ulkopuolella, mutta ne voivat my\u00f6s ruokkia ep\u00e4terveellisi\u00e4 riippuvuustaipumuksia. T\u00e4m\u00e4n asiakirjan tarkoituksena on ehdottaa periaatteita, jotka auttavat ITAA:n keskusteluryhmi\u00e4 varmistamaan, ett\u00e4 ne palvelevat ensisijaista tarkoitustamme: v\u00e4litt\u00e4\u00e4 viesti\u00e4 internetin ja teknologian pakonomaiselle k\u00e4ytt\u00e4j\u00e4lle, joka edelleen k\u00e4rsii.<\/p>\n\n\n\n<p>Yleisesti ottaen suosittelemme, ett\u00e4 ITAA:n keskusteluryhm\u00e4t noudattavat seuraavia periaatteita:<\/p>\n\n\n\n<ol class=\"wp-block-list\">\n<li><strong>Kahdentoista perinteen ohjaamina: <\/strong>Keskusteluryhm\u00e4t toimivat usein hyvin, kun ne ovat yhteydess\u00e4 yksitt\u00e4iseen ITAA-kokoukseen, joka hallinnoi keskustelua j\u00e4sentens\u00e4 hy\u00f6dyksi ja voi keskustella keskusteluryhm\u00e4\u00e4n liittyvist\u00e4 aiheista omilla ryhm\u00e4kokouksillaan. Jos keskusteluryhm\u00e4mme ei ole yhteydess\u00e4 tiettyyn ITAA-kokoukseen, voimme pit\u00e4\u00e4 s\u00e4\u00e4nn\u00f6llisi\u00e4 ryhm\u00e4kokouksia (mieluiten live-keskusteluina kasvokkain tai Zoomissa), valita luotettuja palvelijoita ja harjoittaa <a href=\"https:\/\/internetaddictsanonymous.org\/fi\/12-askelta-itaata\/\">Kaksitoista perinnett\u00e4<\/a>, aivan kuten miss\u00e4 tahansa muussakin kokouksessa. Muuten keskusteluryhm\u00e4\u00e4 kannustetaan pysym\u00e4\u00e4n <em>ep\u00e4virallinen<\/em>, mik\u00e4 tarkoittaa, ett\u00e4 se ei k\u00e4yt\u00e4 ITAA:n nime\u00e4 tai logoa, eik\u00e4 j\u00e4senten tule mainostaa sit\u00e4 uusille tulokkaille tai muille ITAA:n j\u00e4senille.<br><\/li>\n\n\n\n<li><strong>Selke\u00e4 tarkoitus: <\/strong>ITAA-keskusteluryhm\u00e4t voivat hy\u00f6ty\u00e4 selke\u00e4st\u00e4 tarkoituksesta, joka on linjassa yhteis\u00f6mme ensisijaisen tarkoituksen kanssa: <em>viem\u00e4\u00e4n viesti\u00e4 internetin ja teknologian pakkomielteiselle k\u00e4ytt\u00e4j\u00e4lle, joka edelleen k\u00e4rsii<\/em>. Esimerkkej\u00e4 tarkoituksista voivat olla luotettujen palvelijoiden koordinointi kokousta varten tai avustuspuheluiden soittaminen. Viralliset ITAA:n keskusteluryhm\u00e4t sopivat v\u00e4hemm\u00e4n hyvin foorumeiksi strukturoimattomalle jakamiselle, ristiriidalle tai ep\u00e4viralliselle keskustelulle, joista voi tulla v\u00e4line pakonomaiselle julkaisemiselle, ilmoitusten tarkistamiselle, parososiaaliselle yhteydelle ja ihmisten v\u00e4lisille konflikteille. Vaikka kutakin ryhm\u00e4\u00e4 kannustetaan m\u00e4\u00e4ritt\u00e4m\u00e4\u00e4n itse keskustelunsa erityinen tarkoitus, internet- ja teknologiariippuvaisina meid\u00e4n on hyv\u00e4 olla varovaisia k\u00e4ytt\u00e4ess\u00e4mme sosiaalisen median alustaa viestin v\u00e4litt\u00e4miseen uusille tulokkaille. Voimme pit\u00e4\u00e4 mieless\u00e4, ett\u00e4 kahdentoista askeleen toipumisyhteis\u00f6jen narkomaanit ovat raitistuneet ilman keskusteluryhmi\u00e4 l\u00e4hes 100 vuoden ajan. Kasvokkain tapahtuvien tapaamisten, satojen verkkotapaamisten ja tuhansien avustuspuheluihin k\u00e4ytett\u00e4viss\u00e4 olevien j\u00e4senten m\u00e4\u00e4r\u00e4n kasvaessa on olemassa monia aikaa kest\u00e4vi\u00e4 v\u00e4lineit\u00e4 keskustelun lis\u00e4ksi internet- ja teknologiariippuvaisille, jotka etsiv\u00e4t tapaa jakaa.<br><\/li>\n\n\n\n<li><strong>Selke\u00e4sti m\u00e4\u00e4ritellyt rajat ja j\u00e4rjestelm\u00e4nvalvojan oikeudet:<\/strong> Keskusteluryhmiss\u00e4mme on kirjalliset rajat ryhm\u00e4n tarkoituksesta ja erityiset ohjeet viestimiseen, ja viestimme n\u00e4ist\u00e4 ohjeista uusille tulokkaille. Esimerkki t\u00e4llaisista rajoista l\u00f6ytyy t\u00e4m\u00e4n sivun alareunasta. Valitsemme luotettuja palvelijoita, joilla on m\u00e4\u00e4r\u00e4aikaiset rajoitukset, jotka harjoittavat palveluksen kiertoa ja jotka voivat ryhty\u00e4 toimiin rajojen yll\u00e4pit\u00e4miseksi. Saatamme pit\u00e4\u00e4 hy\u00f6dyllisen\u00e4 ottaa k\u00e4ytt\u00f6\u00f6n kolmen varoituksen k\u00e4yt\u00e4nt\u00f6 s\u00e4\u00e4nn\u00f6llisiin rikkomuksiin (ryhm\u00e4n rajojen ulkopuolinen viestittely, ilmoitukset ei-toivotusta flirttailusta jne.), mink\u00e4 j\u00e4lkeen j\u00e4sen voidaan poistaa 3\u20136 kuukaudeksi ennen kuin h\u00e4net kutsutaan liittym\u00e4\u00e4n uudelleen, jos h\u00e4n on halukas kunnioittamaan ryhm\u00e4n rajoja. Vakavissa rikkomuksissa (v\u00e4kivaltaiset loukkaukset, seksuaaliset viestit tai kuvat jne.) j\u00e4sen voidaan poistaa v\u00e4litt\u00f6m\u00e4sti v\u00e4liaikaisesti, kunnes ryhm\u00e4n omatunto keskustelee poistamisen kestosta, tyypillisesti 6 kuukaudesta m\u00e4\u00e4r\u00e4\u00e4m\u00e4tt\u00f6m\u00e4ksi ajaksi. P\u00e4\u00e4t\u00f6s j\u00e4senen poistamisesta ryhm\u00e4st\u00e4, edes rajoitetuksi ajaksi, tulee ottaa eritt\u00e4in vakavasti, ja kaikista poistamisista tulee aina keskustella ryhm\u00e4n omassatunnossa (mieluiten etuk\u00e4teen). Lis\u00e4\u00e4 ehdotuksia haastavan k\u00e4ytt\u00e4ytymisen k\u00e4sittelemiseksi l\u00f6ytyy\u2026 <a href=\"https:\/\/internetaddictsanonymous.org\/fi\/turvallisuus-itaaassa\/\">ITAA:n turvallisuusopas<\/a>.<br><\/li>\n\n\n\n<li><strong>Chat-ryhmien ei pit\u00e4isi olla ensimm\u00e4inen yhteydenottopiste:<\/strong> Joissakin kokouksissa on yritetty julkaista linkki\u00e4 keskusteluryhm\u00e4\u00e4n verkossa, jotta uusien tulokkaiden olisi helpompi esitt\u00e4\u00e4 kysymyksi\u00e4 kokouksesta. Olemme usein havainneet, ett\u00e4 uusilla tulokkailla, jotka eiv\u00e4t ole koskaan olleet kokouksessa tai puhuneet toisen j\u00e4senen kanssa, ei v\u00e4ltt\u00e4m\u00e4tt\u00e4 ole riitt\u00e4v\u00e4sti tietoisuutta tai raittiutta yll\u00e4pit\u00e4\u00e4 turvallisia rajoja ryhm\u00e4ss\u00e4 tai muita j\u00e4seni\u00e4 kohtaan. Lis\u00e4ksi keskusteluryhm\u00e4n linkin julkaiseminen julkisesti altistaa meid\u00e4t roskapostittajille ja trolleille. Kokousten j\u00e4seni\u00e4 kannustetaan antamaan yhteystietoja uusille tulokkaille, jotka ovat kiinnostuneita osallistumaan, ei keskusteluryhm\u00e4n linkkej\u00e4. Jos tuntematon j\u00e4sen pyyt\u00e4\u00e4 liittymist\u00e4 keskusteluryhm\u00e4\u00e4n, on sopivaa ensin kysy\u00e4 muutama kysymys siit\u00e4, mist\u00e4 he kuulivat keskusteluryhm\u00e4st\u00e4, jotta voidaan suodattaa pois pahantahtoiset toimijat.<\/li>\n<\/ol>\n\n\n\n<p>Pohjimmiltaan n\u00e4m\u00e4 periaatteet suosittelevat, ett\u00e4 keskusteluryhmien tulisi olla hyvin j\u00e4senneltyj\u00e4, laajuudeltaan rajattuja ja kahdentoista perinteemme ohjaamia. N\u00e4m\u00e4 ovat vain suosituksia, ja luotamme siihen, ett\u00e4 j\u00e4senet ja ryhm\u00e4t l\u00f6yt\u00e4v\u00e4t oman polkunsa eteenp\u00e4in ryhm\u00e4tietoisuusprosessin kautta. Toivomme, ett\u00e4 n\u00e4m\u00e4 periaatteet voivat ohjata meit\u00e4 yhteis\u00f6n\u00e4 kohti suhdetta keskusteluryhmiin, joka auttaa useampia riippuvaisia ymp\u00e4ri maailmaa l\u00f6yt\u00e4m\u00e4\u00e4n vakaan, turvallisen ja suojaisan yhteis\u00f6n toipumiseen.<\/p>\n\n\n\n<h2 class=\"wp-block-heading\"><strong>Esimerkki chat-ryhm\u00e4n kuvauksesta ja rajoista:<\/strong><\/h2>\n\n\n\n<p>T\u00e4m\u00e4n chatin tarkoituksena on helpottaa {Kokouksen nimi} ITAA-ryhm\u00e4n j\u00e4senten v\u00e4lisi\u00e4 ulkoisia puheluita. Voit l\u00e4hett\u00e4\u00e4 chattiin viestin, jos tarvitset ulkoista puhelua, ja toinen j\u00e4sen vastaa viestiisi, jos h\u00e4n on tavoitettavissa, ja soittaa sinulle sitten. Muista seuraavat rajoitukset:<\/p>\n\n\n\n<ul class=\"wp-block-list\">\n<li>Jaa t\u00e4m\u00e4 ryhm\u00e4 vain muiden ITAA:n j\u00e4senten kanssa.<\/li>\n\n\n\n<li>T\u00e4m\u00e4n ryhm\u00e4n ainoa tarkoitus on pyyt\u00e4\u00e4 yhteydenottoja muilta j\u00e4senilt\u00e4. Pysy aiheessa ja v\u00e4lt\u00e4 ep\u00e4olennaisten viestien jakamista. Jos sinun t\u00e4ytyy jakaa, soita j\u00e4senelle tai osallistu kokoukseen.<\/li>\n\n\n\n<li>S\u00e4ilyt\u00e4 muiden j\u00e4senten anonymiteetti. \u00c4l\u00e4 koskaan jaa toisen j\u00e4senen nime\u00e4, puhelinnumeroa tai henkil\u00f6llisyytt\u00e4 ilman heid\u00e4n lupaansa.&nbsp;<\/li>\n\n\n\n<li>\u00c4l\u00e4 julkaise linkkej\u00e4, videoita, meemej\u00e4, gifej\u00e4 tai muuta ulkopuolista sis\u00e4lt\u00f6\u00e4.<\/li>\n\n\n\n<li>V\u00e4lt\u00e4 mainostamasta omia tai muiden tarjoamia ammattipalveluita.<\/li>\n\n\n\n<li>V\u00e4lt\u00e4 roskapostitusta, tyhjennyst\u00e4 tai purkausta. Mieti ennen kuin julkaiset, \u00e4l\u00e4k\u00e4 vastaa h\u00e4t\u00e4isesti. Muista, ett\u00e4 olemme toipuvia internet-addikteja ja ett\u00e4 viestisi vaikuttavat kaikkien muiden osallistujien mielenterveyteen.<\/li>\n\n\n\n<li>\u00c4l\u00e4 koskaan k\u00e4yt\u00e4 ryhm\u00e4\u00e4 jonkun nuhtelemiseen tai ep\u00e4kohtien esitt\u00e4miseen. Puhu asianomaiselle henkil\u00f6lle kahden kesken kunnioittavasti, mieluiten sen j\u00e4lkeen, kun olet ensin tehnyt inventaarion ja keskustellut sponsorisi kanssa.<\/li>\n\n\n\n<li>T\u00e4m\u00e4 ei ole paikka tavata deittikumppaneita. V\u00e4lt\u00e4 kaikenlaista flirttailua, mukaan lukien pyyt\u00e4m\u00e4tt\u00e4 annetut kohteliaisuudet, \u00e4rh\u00e4k\u00e4t vitsit tai yritykset olla vuorovaikutuksessa j\u00e4senen kanssa, joka on ilmaissut olevansa ei tavoitettavissa.<\/li>\n<\/ul>\n\n\n\n<p>Noudatamme kolmen varoituksen k\u00e4yt\u00e4nt\u00f6\u00e4, mik\u00e4 tarkoittaa, ett\u00e4 jos rikot n\u00e4it\u00e4 rajoja kolme kertaa, yll\u00e4pit\u00e4j\u00e4 voi poistaa sinut 3\u20136 kuukaudeksi. Toisaalta seuraavat k\u00e4yt\u00f6kset ovat perusteita v\u00e4litt\u00f6m\u00e4lle ja mahdollisesti pysyv\u00e4lle poistamiselle:<\/p>\n\n\n\n<ul class=\"wp-block-list\">\n<li>V\u00e4kivaltainen tai aggressiivinen k\u00e4yt\u00f6s, mukaan lukien nimittely, loukkaukset, n\u00f6yryytys, pilkka tai uhkailu.&nbsp;<\/li>\n\n\n\n<li>Seksuaalinen k\u00e4ytt\u00e4ytyminen, mukaan lukien seksuaalisten kommenttien tai pyynt\u00f6jen esitt\u00e4minen muille j\u00e4senille tai seksuaalisen sis\u00e4ll\u00f6n l\u00e4hett\u00e4minen.<\/li>\n\n\n\n<li>Kaikenlainen syrjint\u00e4, mukaan lukien rotuun, sukupuoleen, sukupuoli-identiteettiin, uskontoon, uskontoon, seksuaaliseen suuntautumiseen, kehonkoostumukseen, vammaisuuteen tai neurodiversiteettiin perustuva syrjint\u00e4.<\/li>\n\n\n\n<li>H\u00e4irint\u00e4, vainoaminen tai muu rikollinen k\u00e4ytt\u00e4ytyminen.<\/li>\n<\/ul>\n\n\n\n<p>T\u00e4m\u00e4 keskustelu noudattaa kahtatoista perinnett\u00e4 ja kuuluu ryhm\u00e4kokouksemme omaantuntoon. Kokous pidet\u00e4\u00e4n joka kuukauden ensimm\u00e4isess\u00e4 kokouksessa klo 13 paikallista aikaa.<\/p>\n<!-- PMB print buttons is only displayed on a single post\/page URLs-->","protected":false},"excerpt":{"rendered":"<p>Internet-addikteina meid\u00e4n on oltava erityisen huolellisia siin\u00e4, miten k\u00e4yt\u00e4mme teknologiaa toipumisemme ja kokouksiemme tukena. Esimerkiksi Zoom ja verkkosivustomme ovat olleet olennaisia ty\u00f6kaluja, jotka auttavat yhteis\u00f6\u00e4mme tavoittamaan addikteja, joilla ei ole p\u00e4\u00e4sy\u00e4 kasvokkain j\u00e4rjestett\u00e4viin kokouksiin. Samaan aikaan muilla teknologioilla \u2013 suoratoistopalveluilla, sosiaalisen median sy\u00f6tteill\u00e4, deittisovelluksilla, videopeleill\u00e4 \u2013 ei selv\u00e4stik\u00e4\u00e4n ole\u2026 <a href=\"https:\/\/internetaddictsanonymous.org\/fi\/resources\/being-of-service-resources\/principles-for-chat-groups\/\" class=\"more-link\">Jatka lukemista <span class=\"screen-reader-text\">ITAA:n keskusteluryhmi\u00e4 koskevat periaatteet<\/span><\/a><\/p>","protected":false},"author":35194237,"featured_media":0,"parent":18080,"menu_order":0,"comment_status":"closed","ping_status":"closed","template":"full-width-page.php","meta":{"inline_featured_image":false,"_lmt_disableupdate":"","_lmt_disable":"","jetpack_post_was_ever_published":false,"footnotes":""},"tags":[],"class_list":["post-18148","page","type-page","status-publish","hentry"],"yoast_head":"<!-- This site is optimized with the Yoast SEO plugin v27.3 - https:\/\/yoast.com\/product\/yoast-seo-wordpress\/ -->\n<title>Principles for ITAA chat groups &#8211; Internet and Technology Addicts Anonymous<\/title>\n<meta name=\"robots\" content=\"index, follow, max-snippet:-1, max-image-preview:large, max-video-preview:-1\" \/>\n<link rel=\"canonical\" href=\"https:\/\/internetaddictsanonymous.org\/fi\/resurssit\/palveluresurssien-olemassaolo\/chat-ryhmien-periaatteet\/\" \/>\n<meta property=\"og:locale\" content=\"fi_FI\" \/>\n<meta property=\"og:type\" content=\"article\" \/>\n<meta property=\"og:title\" content=\"Principles for ITAA chat groups &#8211; Internet and Technology Addicts Anonymous\" \/>\n<meta property=\"og:description\" content=\"As internet addicts, we need take special care how we use technology to support our recoveries and our meetings. For example, Zoom and our website have been essential tools to help our fellowship reach addicts who don\u2019t have access to in-person meetings. Meanwhile, other technologies\u2014streaming platforms, social media feeds, dating apps, video games\u2014clearly have no &hellip; Continue reading Principles for ITAA chat groups\" \/>\n<meta property=\"og:url\" content=\"https:\/\/internetaddictsanonymous.org\/fi\/resurssit\/palveluresurssien-olemassaolo\/chat-ryhmien-periaatteet\/\" \/>\n<meta property=\"og:site_name\" content=\"Internet and Technology Addicts Anonymous\" \/>\n<meta property=\"article:modified_time\" content=\"2024-07-28T18:35:31+00:00\" \/>\n<meta name=\"twitter:card\" content=\"summary_large_image\" \/>\n<meta name=\"twitter:label1\" content=\"Arvioitu lukuaika\" \/>\n\t<meta name=\"twitter:data1\" content=\"6 minuuttia\" \/>\n<script type=\"application\/ld+json\" class=\"yoast-schema-graph\">{\"@context\":\"https:\\\/\\\/schema.org\",\"@graph\":[{\"@type\":\"WebPage\",\"@id\":\"https:\\\/\\\/internetaddictsanonymous.org\\\/resources\\\/being-of-service-resources\\\/principles-for-chat-groups\\\/\",\"url\":\"https:\\\/\\\/internetaddictsanonymous.org\\\/resources\\\/being-of-service-resources\\\/principles-for-chat-groups\\\/\",\"name\":\"Principles for ITAA chat groups &#8211; Internet and Technology Addicts Anonymous\",\"isPartOf\":{\"@id\":\"https:\\\/\\\/internetaddictsanonymous.org\\\/#website\"},\"datePublished\":\"2024-06-17T00:35:42+00:00\",\"dateModified\":\"2024-07-28T18:35:31+00:00\",\"breadcrumb\":{\"@id\":\"https:\\\/\\\/internetaddictsanonymous.org\\\/resources\\\/being-of-service-resources\\\/principles-for-chat-groups\\\/#breadcrumb\"},\"inLanguage\":\"fi\",\"potentialAction\":[{\"@type\":\"ReadAction\",\"target\":[\"https:\\\/\\\/internetaddictsanonymous.org\\\/resources\\\/being-of-service-resources\\\/principles-for-chat-groups\\\/\"]}]},{\"@type\":\"BreadcrumbList\",\"@id\":\"https:\\\/\\\/internetaddictsanonymous.org\\\/resources\\\/being-of-service-resources\\\/principles-for-chat-groups\\\/#breadcrumb\",\"itemListElement\":[{\"@type\":\"ListItem\",\"position\":1,\"name\":\"Home\",\"item\":\"https:\\\/\\\/internetaddictsanonymous.org\\\/\"},{\"@type\":\"ListItem\",\"position\":2,\"name\":\"Resources\",\"item\":\"https:\\\/\\\/internetaddictsanonymous.org\\\/resources\\\/\"},{\"@type\":\"ListItem\",\"position\":3,\"name\":\"Being of service\",\"item\":\"https:\\\/\\\/internetaddictsanonymous.org\\\/resources\\\/being-of-service-resources\\\/\"},{\"@type\":\"ListItem\",\"position\":4,\"name\":\"Principles for ITAA chat groups\"}]},{\"@type\":\"WebSite\",\"@id\":\"https:\\\/\\\/internetaddictsanonymous.org\\\/#website\",\"url\":\"https:\\\/\\\/internetaddictsanonymous.org\\\/\",\"name\":\"Internet and Technology Addicts Anonymous\",\"description\":\"Worldwide 12-step Fellowship for Internet and Technology Addiction\",\"publisher\":{\"@id\":\"https:\\\/\\\/internetaddictsanonymous.org\\\/#organization\"},\"potentialAction\":[{\"@type\":\"SearchAction\",\"target\":{\"@type\":\"EntryPoint\",\"urlTemplate\":\"https:\\\/\\\/internetaddictsanonymous.org\\\/?s={search_term_string}\"},\"query-input\":{\"@type\":\"PropertyValueSpecification\",\"valueRequired\":true,\"valueName\":\"search_term_string\"}}],\"inLanguage\":\"fi\"},{\"@type\":\"Organization\",\"@id\":\"https:\\\/\\\/internetaddictsanonymous.org\\\/#organization\",\"name\":\"Internet and Technology Addicts Anonymous\",\"url\":\"https:\\\/\\\/internetaddictsanonymous.org\\\/\",\"logo\":{\"@type\":\"ImageObject\",\"inLanguage\":\"fi\",\"@id\":\"https:\\\/\\\/internetaddictsanonymous.org\\\/#\\\/schema\\\/logo\\\/image\\\/\",\"url\":\"https:\\\/\\\/internetaddictsanonymous.org\\\/wp-content\\\/uploads\\\/2023\\\/01\\\/cropped-ITAA-logo-480px.png\",\"contentUrl\":\"https:\\\/\\\/internetaddictsanonymous.org\\\/wp-content\\\/uploads\\\/2023\\\/01\\\/cropped-ITAA-logo-480px.png\",\"width\":480,\"height\":480,\"caption\":\"Internet and Technology Addicts Anonymous\"},\"image\":{\"@id\":\"https:\\\/\\\/internetaddictsanonymous.org\\\/#\\\/schema\\\/logo\\\/image\\\/\"}}]}<\/script>\n<!-- \/ Yoast SEO plugin. -->","yoast_head_json":{"title":"ITAA-keskusteluryhmien periaatteet \u2013 Internet- ja teknologiariippuvaiset Anonyymit","robots":{"index":"index","follow":"follow","max-snippet":"max-snippet:-1","max-image-preview":"max-image-preview:large","max-video-preview":"max-video-preview:-1"},"canonical":"https:\/\/internetaddictsanonymous.org\/fi\/resurssit\/palveluresurssien-olemassaolo\/chat-ryhmien-periaatteet\/","og_locale":"fi_FI","og_type":"article","og_title":"Principles for ITAA chat groups &#8211; Internet and Technology Addicts Anonymous","og_description":"As internet addicts, we need take special care how we use technology to support our recoveries and our meetings. For example, Zoom and our website have been essential tools to help our fellowship reach addicts who don\u2019t have access to in-person meetings. Meanwhile, other technologies\u2014streaming platforms, social media feeds, dating apps, video games\u2014clearly have no &hellip; Continue reading Principles for ITAA chat groups","og_url":"https:\/\/internetaddictsanonymous.org\/fi\/resurssit\/palveluresurssien-olemassaolo\/chat-ryhmien-periaatteet\/","og_site_name":"Internet and Technology Addicts Anonymous","article_modified_time":"2024-07-28T18:35:31+00:00","twitter_card":"summary_large_image","twitter_misc":{"Arvioitu lukuaika":"6 minuuttia"},"schema":{"@context":"https:\/\/schema.org","@graph":[{"@type":"WebPage","@id":"https:\/\/internetaddictsanonymous.org\/resources\/being-of-service-resources\/principles-for-chat-groups\/","url":"https:\/\/internetaddictsanonymous.org\/resources\/being-of-service-resources\/principles-for-chat-groups\/","name":"ITAA-keskusteluryhmien periaatteet \u2013 Internet- ja teknologiariippuvaiset Anonyymit","isPartOf":{"@id":"https:\/\/internetaddictsanonymous.org\/#website"},"datePublished":"2024-06-17T00:35:42+00:00","dateModified":"2024-07-28T18:35:31+00:00","breadcrumb":{"@id":"https:\/\/internetaddictsanonymous.org\/resources\/being-of-service-resources\/principles-for-chat-groups\/#breadcrumb"},"inLanguage":"fi","potentialAction":[{"@type":"ReadAction","target":["https:\/\/internetaddictsanonymous.org\/resources\/being-of-service-resources\/principles-for-chat-groups\/"]}]},{"@type":"BreadcrumbList","@id":"https:\/\/internetaddictsanonymous.org\/resources\/being-of-service-resources\/principles-for-chat-groups\/#breadcrumb","itemListElement":[{"@type":"ListItem","position":1,"name":"Home","item":"https:\/\/internetaddictsanonymous.org\/"},{"@type":"ListItem","position":2,"name":"Resources","item":"https:\/\/internetaddictsanonymous.org\/resources\/"},{"@type":"ListItem","position":3,"name":"Being of service","item":"https:\/\/internetaddictsanonymous.org\/resources\/being-of-service-resources\/"},{"@type":"ListItem","position":4,"name":"Principles for ITAA chat groups"}]},{"@type":"WebSite","@id":"https:\/\/internetaddictsanonymous.org\/#website","url":"https:\/\/internetaddictsanonymous.org\/","name":"Nimett\u00f6m\u00e4t internetin ja teknologian ongelmak\u00e4ytt\u00e4j\u00e4t","description":"Maailmanlaajuinen 12 askeleen yhteis\u00f6 Internet- ja teknologiariippuvuutta varten","publisher":{"@id":"https:\/\/internetaddictsanonymous.org\/#organization"},"potentialAction":[{"@type":"SearchAction","target":{"@type":"EntryPoint","urlTemplate":"https:\/\/internetaddictsanonymous.org\/?s={search_term_string}"},"query-input":{"@type":"PropertyValueSpecification","valueRequired":true,"valueName":"search_term_string"}}],"inLanguage":"fi"},{"@type":"Organization","@id":"https:\/\/internetaddictsanonymous.org\/#organization","name":"Nimett\u00f6m\u00e4t internetin ja teknologian ongelmak\u00e4ytt\u00e4j\u00e4t","url":"https:\/\/internetaddictsanonymous.org\/","logo":{"@type":"ImageObject","inLanguage":"fi","@id":"https:\/\/internetaddictsanonymous.org\/#\/schema\/logo\/image\/","url":"https:\/\/internetaddictsanonymous.org\/wp-content\/uploads\/2023\/01\/cropped-ITAA-logo-480px.png","contentUrl":"https:\/\/internetaddictsanonymous.org\/wp-content\/uploads\/2023\/01\/cropped-ITAA-logo-480px.png","width":480,"height":480,"caption":"Internet and Technology Addicts Anonymous"},"image":{"@id":"https:\/\/internetaddictsanonymous.org\/#\/schema\/logo\/image\/"}}]}},"jetpack_sharing_enabled":true,"jetpack_shortlink":"https:\/\/wp.me\/P9Fwob-4II","_links":{"self":[{"href":"https:\/\/internetaddictsanonymous.org\/fi\/wp-json\/wp\/v2\/pages\/18148","targetHints":{"allow":["GET"]}}],"collection":[{"href":"https:\/\/internetaddictsanonymous.org\/fi\/wp-json\/wp\/v2\/pages"}],"about":[{"href":"https:\/\/internetaddictsanonymous.org\/fi\/wp-json\/wp\/v2\/types\/page"}],"author":[{"embeddable":true,"href":"https:\/\/internetaddictsanonymous.org\/fi\/wp-json\/wp\/v2\/users\/35194237"}],"replies":[{"embeddable":true,"href":"https:\/\/internetaddictsanonymous.org\/fi\/wp-json\/wp\/v2\/comments?post=18148"}],"version-history":[{"count":3,"href":"https:\/\/internetaddictsanonymous.org\/fi\/wp-json\/wp\/v2\/pages\/18148\/revisions"}],"predecessor-version":[{"id":18354,"href":"https:\/\/internetaddictsanonymous.org\/fi\/wp-json\/wp\/v2\/pages\/18148\/revisions\/18354"}],"up":[{"embeddable":true,"href":"https:\/\/internetaddictsanonymous.org\/fi\/wp-json\/wp\/v2\/pages\/18080"}],"wp:attachment":[{"href":"https:\/\/internetaddictsanonymous.org\/fi\/wp-json\/wp\/v2\/media?parent=18148"}],"wp:term":[{"taxonomy":"post_tag","embeddable":true,"href":"https:\/\/internetaddictsanonymous.org\/fi\/wp-json\/wp\/v2\/tags?post=18148"}],"curies":[{"name":"wp","href":"https:\/\/api.w.org\/{rel}","templated":true}]}}