{"id":19828,"date":"2025-05-23T21:58:27","date_gmt":"2025-05-24T04:58:27","guid":{"rendered":"https:\/\/internetaddictsanonymous.org\/?page_id=19828"},"modified":"2026-02-25T11:59:12","modified_gmt":"2026-02-25T19:59:12","slug":"yhdysvallat-mi","status":"publish","type":"page","link":"https:\/\/internetaddictsanonymous.org\/fi\/in-person-meetings\/usa-mi\/","title":{"rendered":"ITAA Michiganissa, Yhdysvalloissa"},"content":{"rendered":"<p>Tervetuloa nimett\u00f6miin internetin ja teknologian ongelmak\u00e4ytt\u00e4jiin! Hienoa, ett\u00e4 olet l\u00f6yt\u00e4nyt meid\u00e4t. Toivomme, ett\u00e4 yhteis\u00f6mme voi olla sinulle yht\u00e4 hy\u00f6dyllinen kuin se on ollut meille.<strong> <mark style=\"background-color:rgba(0, 0, 0, 0)\" class=\"has-inline-color has-dark-gray-color\">ITAA on 12 askeleen toveriseura, joka muodostuu toisiaan tukevista henkil\u00f6ist\u00e4, jotka toipuvat internetin ja teknologian ongelmak\u00e4yt\u00f6st\u00e4.<\/mark><\/strong> T\u00e4h\u00e4n sis\u00e4ltyy riippuvuus sosiaalisesta mediasta, \u00e4lypuhelimista, video- tai \u00e4\u00e4nisis\u00e4ll\u00f6n suoratoistosta, peleist\u00e4, uutisista, pornografiasta, deittisovelluksista, verkkotutkimuksesta, verkko-ostoksista tai muusta digitaalisesta toiminnasta, josta tulee pakonomaista ja ongelmallista.&nbsp;<\/p>\n\n\n\n<p class=\"has-text-align-center\">-~-<\/p>\n\n\n\n<h3 class=\"wp-block-heading\"><strong>Kokoukset Westlandissa<\/strong><\/h3>\n\n\n\n<p>Otsikko: Internet-, teknologia- ja mediariippuvuudesta toipuminen<br><br>Milloin: Tiistaisin klo 18.00 paikallista aikaa<br>Miss\u00e4: Southfieldin julkinen kirjasto, 26300 Evergreen Road, Southfield, MI 48076, 2. kerros. Kokoonnumme miss\u00e4 tahansa vapaana olevassa 2. kerroksen huoneessa tai tilassa.<br><br>Yhteystiedot: Tom M., puh. 313-720-4308 tai s\u00e4hk\u00f6posti: tmchenry@umich.edu. Meill\u00e4 on ryhm\u00e4tekstiviesti, voit l\u00e4hett\u00e4\u00e4 tekstiviestin Tom M:lle, jos haluat lis\u00e4t\u00e4 sinut.<br><br>T\u00e4m\u00e4 on avoin kokous, kaikki ovat tervetulleita.<\/p>\n\n\n\n<p class=\"has-text-align-center\">-~-<\/p>\n\n\n\n<h3 class=\"wp-block-heading\"><strong>Kokoukset Grand Rapidsissa<\/strong><\/h3>\n\n\n\n<p>Milloin: Joka lauantai klo 13.15.<\/p>\n\n\n\n<p>Paikka: Grand Rapids, Michigan. Sijainti: North Alano Club of Kent County, osoitteessa 1020 College Ave NE, Grand Rapids, MI 49503, huoneessa 3.<\/p>\n\n\n\n<p>Yhteystiedot: Nick, nickc.inrecovery@gmail.com<\/p>\n\n\n\n<p>T\u00e4m\u00e4 on avoin kokous, kaikki ovat tervetulleita.<\/p>\n\n\n\n<p class=\"has-text-align-center\">-~-<\/p>\n\n\n\n<h3 class=\"wp-block-heading\"><strong>Lis\u00e4kokoukset<\/strong><\/h3>\n\n\n\n<p>Jos olet uusi, kannustamme sinua kokeilemaan kuutta tapaamista lyhyess\u00e4 ajassa n\u00e4hd\u00e4ksesi, olisiko ohjelmastamme sinulle hy\u00f6ty\u00e4. Paikallisten tapaamisten lis\u00e4ksi voit my\u00f6s tutustua seuraaviin tuotteisiimme: <a href=\"https:\/\/internetaddictsanonymous.org\/fi\/henkilokohtaisissa-tapaamisissa\/\">muut henkil\u00f6kohtaiset tapaamiset<\/a> ja <a href=\"https:\/\/internetaddictsanonymous.org\/fi\/verkkokokoukset\/\">t\u00e4ydellinen online-kokousten aikataulu<\/a>. Kaikki tapaamiset ovat t\u00e4ysin ilmaisia ja nimett\u00f6mi\u00e4.<\/p>\n\n\n\n<h3 class=\"wp-block-heading\"><strong>Miten kokoukset toimivat?<\/strong><\/h3>\n\n\n\n<p>Jos osallistut kokoukseen ensimm\u00e4ist\u00e4 kertaa, ei tarvitse olla hermostunut. Useimmat kokouksemme ovat hyvin yksinkertaisia; jokaisella kokouksella on puheenjohtaja, joka johtaa kokousta, ja useimmat kokoukset kest\u00e4v\u00e4t tunnin. Puheenjohtaja ja muut vapaaehtoiset lukevat avauspuheenvuoroja, ennen kuin avaamme kokouksen j\u00e4senten jakamista varten. Jakamisvelvollisuutta ei ole, ja voit vain kuunnella. Jos tunnet olosi mukavaksi, voit esitell\u00e4 itsesi ja kertoa, mik\u00e4 toi sinut ITAA:han. Ellei j\u00e4sen pyyd\u00e4, emme anna ehdotuksia tai kommentteja vastauksena muiden jakamiin ajatuksiin; kuuntelemme vain tuomitsematta. Tunnin lopussa kokous p\u00e4\u00e4ttyy loppupuheenvuoroihin, joiden j\u00e4lkeen j\u00e4senet yleens\u00e4 keskustelevat rennosti, esitt\u00e4v\u00e4t kysymyksi\u00e4 ja vaihtavat yhteystietoja.<\/p>\n\n\n\n<h3 class=\"wp-block-heading\"><strong>Internet- ja teknologiariippuvuuden materiaalit<\/strong><\/h3>\n\n\n\n<p>Jos pohdit, voisiko sinulla olla internet- ja teknologiariippuvuus, voit vastata kyselyihimme (englanniksi): <a href=\"https:\/\/internetaddictsanonymous.org\/fi\/internet-ja-teknologia-riippuvuus\/\">nettiriippuvuus<\/a>, <a href=\"https:\/\/internetaddictsanonymous.org\/fi\/internet-ja-teknologia-riippuvuus\/someriippuvuus\/\">someriippuvuus<\/a>, <a href=\"https:\/\/internetaddictsanonymous.org\/fi\/internet-addiktio\/striimausaddiktio\/\">striimausaddiktio<\/a>, <a href=\"https:\/\/internetaddictsanonymous.org\/fi\/internet-ja-teknologia-riippuvuus\/puhelinaddiktio\/\">puhelinaddiktio<\/a>tai <a href=\"https:\/\/internetaddictsanonymous.org\/fi\/internet-ja-teknologia-riippuvuus\/peliaddiktio-2\/\">peliriippuvuus<\/a>Voit my\u00f6s perehty\u00e4 ITAA:han lukemalla&nbsp;<a href=\"https:\/\/internetaddictsanonymous.org\/fi\/tulokkaan-oppaan\/\">tulokkaan oppaan,<\/a>selaamalla l\u00e4pi <a href=\"https:\/\/internetaddictsanonymous.org\/fi\/resurssit\/toipumisen-tyokalut\/\">toipumisen ty\u00f6kalut<\/a>, tai kuuntelemalla <a href=\"https:\/\/internetaddictsanonymous.org\/fi\/toipumistarinoita\/\">j\u00e4senten toipumiskertomuksia<\/a>.<\/p>\n\n\n\n<p>ITAA ei ole sidoksissa mihink\u00e4\u00e4n poliittiseen aatteeseen, uskontoon tai ulkopuolisiin intresseihin. Yll\u00e4pid\u00e4mme itse omaa toimintaamme ja olemme maksuton apu kaikille jotka sit\u00e4 tarvitsevat. Ainoa tarkoituksemme on pid\u00e4tt\u00e4yty\u00e4 pakonomaisesta internetin ja teknologian k\u00e4yt\u00f6st\u00e4 ja auttaa muita vapautumaan t\u00e4st\u00e4 addiktiosta.<\/p>\n\n\n\n<p>Tervetuloa taas! Toivomme, ett\u00e4 t\u00e4m\u00e4 yhteis\u00f6 pystyy tarjoamaan tarvitsemaasi tukea internet- ja teknologiariippuvuudesta toipumiseen. \u00c4l\u00e4 ep\u00e4r\u00f6i ottaa meihin yhteytt\u00e4, jos sinulla on kysytt\u00e4v\u00e4\u00e4.<\/p>\n<!-- PMB print buttons is only displayed on a single post\/page URLs-->","protected":false},"excerpt":{"rendered":"<p>Tervetuloa Internet- ja teknologiariippuvaisten Anonyymien yhteis\u00f6\u00f6n! Olemme iloisia, ett\u00e4 l\u00f6ysit meid\u00e4t, ja toivomme, ett\u00e4 yhteis\u00f6mme voi olla sinulle yht\u00e4 hy\u00f6dyllinen kuin se on ollut meille. ITAA on kahdentoista askeleen yhteis\u00f6, joka koostuu yksil\u00f6ist\u00e4, jotka tukevat toisiaan internet- ja teknologiariippuvuudesta toipumisessa. T\u00e4h\u00e4n sis\u00e4ltyy riippuvuus sosiaalisesta mediasta, \u00e4lypuhelimista, suoratoistosta\u2026 <a href=\"https:\/\/internetaddictsanonymous.org\/fi\/in-person-meetings\/usa-mi\/\" class=\"more-link\">Jatka lukemista <span class=\"screen-reader-text\">ITAA Michiganissa, Yhdysvalloissa<\/span><\/a><\/p>","protected":false},"author":35194291,"featured_media":0,"parent":148,"menu_order":0,"comment_status":"closed","ping_status":"closed","template":"full-width-page.php","meta":{"inline_featured_image":false,"_lmt_disableupdate":"","_lmt_disable":"","footnotes":""},"tags":[655524913,655524906,307668,655524904,655524905,655524900,534293],"class_list":["post-19828","page","type-page","status-publish","hentry","tag-12-steps","tag-balanced-technology-use","tag-internet-addiction","tag-internet-addicts-anonymous","tag-mindful-internet-use","tag-smartphone-addiction","tag-support-group"],"yoast_head":"<!-- This site is optimized with the Yoast SEO plugin v27.5 - https:\/\/yoast.com\/product\/yoast-seo-wordpress\/ -->\n<title>ITAA in Michigan, US &#8211; Internet and Technology Addicts Anonymous<\/title>\n<meta name=\"description\" content=\"There is interest in starting an in-person meeting in Detroit, MI. If you are interested in attending, please reach out to the contact.\" \/>\n<meta name=\"robots\" content=\"index, follow, max-snippet:-1, max-image-preview:large, max-video-preview:-1\" \/>\n<link rel=\"canonical\" href=\"https:\/\/internetaddictsanonymous.org\/fi\/henkilokohtaisissa-tapaamisissa\/yhdysvallat-mi\/\" \/>\n<meta property=\"og:locale\" content=\"fi_FI\" \/>\n<meta property=\"og:type\" content=\"article\" \/>\n<meta property=\"og:title\" content=\"ITAA in Michigan, US &#8211; Internet and Technology Addicts Anonymous\" \/>\n<meta property=\"og:description\" content=\"There is interest in starting an in-person meeting in Detroit, MI. If you are interested in attending, please reach out to the contact.\" \/>\n<meta property=\"og:url\" content=\"https:\/\/internetaddictsanonymous.org\/fi\/henkilokohtaisissa-tapaamisissa\/yhdysvallat-mi\/\" \/>\n<meta property=\"og:site_name\" content=\"Internet and Technology Addicts Anonymous\" \/>\n<meta property=\"article:modified_time\" content=\"2026-02-25T19:59:12+00:00\" \/>\n<meta name=\"twitter:card\" content=\"summary_large_image\" \/>\n<meta name=\"twitter:label1\" content=\"Arvioitu lukuaika\" \/>\n\t<meta name=\"twitter:data1\" content=\"3 minuuttia\" \/>\n<script type=\"application\/ld+json\" class=\"yoast-schema-graph\">{\"@context\":\"https:\\\/\\\/schema.org\",\"@graph\":[{\"@type\":\"WebPage\",\"@id\":\"https:\\\/\\\/internetaddictsanonymous.org\\\/in-person-meetings\\\/usa-mi\\\/\",\"url\":\"https:\\\/\\\/internetaddictsanonymous.org\\\/in-person-meetings\\\/usa-mi\\\/\",\"name\":\"ITAA in Michigan, US &#8211; Internet and Technology Addicts Anonymous\",\"isPartOf\":{\"@id\":\"https:\\\/\\\/internetaddictsanonymous.org\\\/#website\"},\"datePublished\":\"2025-05-24T04:58:27+00:00\",\"dateModified\":\"2026-02-25T19:59:12+00:00\",\"description\":\"There is interest in starting an in-person meeting in Detroit, MI. If you are interested in attending, please reach out to the contact.\",\"breadcrumb\":{\"@id\":\"https:\\\/\\\/internetaddictsanonymous.org\\\/in-person-meetings\\\/usa-mi\\\/#breadcrumb\"},\"inLanguage\":\"fi\",\"potentialAction\":[{\"@type\":\"ReadAction\",\"target\":[\"https:\\\/\\\/internetaddictsanonymous.org\\\/in-person-meetings\\\/usa-mi\\\/\"]}]},{\"@type\":\"BreadcrumbList\",\"@id\":\"https:\\\/\\\/internetaddictsanonymous.org\\\/in-person-meetings\\\/usa-mi\\\/#breadcrumb\",\"itemListElement\":[{\"@type\":\"ListItem\",\"position\":1,\"name\":\"Home\",\"item\":\"https:\\\/\\\/internetaddictsanonymous.org\\\/\"},{\"@type\":\"ListItem\",\"position\":2,\"name\":\"In-Person Meetings\",\"item\":\"https:\\\/\\\/internetaddictsanonymous.org\\\/in-person-meetings\\\/\"},{\"@type\":\"ListItem\",\"position\":3,\"name\":\"ITAA in Michigan, US\"}]},{\"@type\":\"WebSite\",\"@id\":\"https:\\\/\\\/internetaddictsanonymous.org\\\/#website\",\"url\":\"https:\\\/\\\/internetaddictsanonymous.org\\\/\",\"name\":\"Internet and Technology Addicts Anonymous\",\"description\":\"Worldwide 12-step Fellowship for Internet and Technology Addiction\",\"publisher\":{\"@id\":\"https:\\\/\\\/internetaddictsanonymous.org\\\/#organization\"},\"potentialAction\":[{\"@type\":\"SearchAction\",\"target\":{\"@type\":\"EntryPoint\",\"urlTemplate\":\"https:\\\/\\\/internetaddictsanonymous.org\\\/?s={search_term_string}\"},\"query-input\":{\"@type\":\"PropertyValueSpecification\",\"valueRequired\":true,\"valueName\":\"search_term_string\"}}],\"inLanguage\":\"fi\"},{\"@type\":\"Organization\",\"@id\":\"https:\\\/\\\/internetaddictsanonymous.org\\\/#organization\",\"name\":\"Internet and Technology Addicts Anonymous\",\"url\":\"https:\\\/\\\/internetaddictsanonymous.org\\\/\",\"logo\":{\"@type\":\"ImageObject\",\"inLanguage\":\"fi\",\"@id\":\"https:\\\/\\\/internetaddictsanonymous.org\\\/#\\\/schema\\\/logo\\\/image\\\/\",\"url\":\"https:\\\/\\\/internetaddictsanonymous.org\\\/wp-content\\\/uploads\\\/2023\\\/01\\\/cropped-ITAA-logo-480px.png\",\"contentUrl\":\"https:\\\/\\\/internetaddictsanonymous.org\\\/wp-content\\\/uploads\\\/2023\\\/01\\\/cropped-ITAA-logo-480px.png\",\"width\":480,\"height\":480,\"caption\":\"Internet and Technology Addicts Anonymous\"},\"image\":{\"@id\":\"https:\\\/\\\/internetaddictsanonymous.org\\\/#\\\/schema\\\/logo\\\/image\\\/\"}}]}<\/script>\n<!-- \/ Yoast SEO plugin. -->","yoast_head_json":{"title":"ITAA Michiganissa, Yhdysvalloissa \u2013 Internet- ja teknologiariippuvaiset Anonyymit","description":"Detroitissa, Michiganissa, j\u00e4rjestet\u00e4\u00e4n kasvokkain tapaaminen. Jos olet kiinnostunut osallistumaan, ota yhteytt\u00e4 yhteyshenkil\u00f6\u00f6n.","robots":{"index":"index","follow":"follow","max-snippet":"max-snippet:-1","max-image-preview":"max-image-preview:large","max-video-preview":"max-video-preview:-1"},"canonical":"https:\/\/internetaddictsanonymous.org\/fi\/henkilokohtaisissa-tapaamisissa\/yhdysvallat-mi\/","og_locale":"fi_FI","og_type":"article","og_title":"ITAA in Michigan, US &#8211; Internet and Technology Addicts Anonymous","og_description":"There is interest in starting an in-person meeting in Detroit, MI. If you are interested in attending, please reach out to the contact.","og_url":"https:\/\/internetaddictsanonymous.org\/fi\/henkilokohtaisissa-tapaamisissa\/yhdysvallat-mi\/","og_site_name":"Internet and Technology Addicts Anonymous","article_modified_time":"2026-02-25T19:59:12+00:00","twitter_card":"summary_large_image","twitter_misc":{"Arvioitu lukuaika":"3 minuuttia"},"schema":{"@context":"https:\/\/schema.org","@graph":[{"@type":"WebPage","@id":"https:\/\/internetaddictsanonymous.org\/in-person-meetings\/usa-mi\/","url":"https:\/\/internetaddictsanonymous.org\/in-person-meetings\/usa-mi\/","name":"ITAA Michiganissa, Yhdysvalloissa \u2013 Internet- ja teknologiariippuvaiset Anonyymit","isPartOf":{"@id":"https:\/\/internetaddictsanonymous.org\/#website"},"datePublished":"2025-05-24T04:58:27+00:00","dateModified":"2026-02-25T19:59:12+00:00","description":"Detroitissa, Michiganissa, j\u00e4rjestet\u00e4\u00e4n kasvokkain tapaaminen. Jos olet kiinnostunut osallistumaan, ota yhteytt\u00e4 yhteyshenkil\u00f6\u00f6n.","breadcrumb":{"@id":"https:\/\/internetaddictsanonymous.org\/in-person-meetings\/usa-mi\/#breadcrumb"},"inLanguage":"fi","potentialAction":[{"@type":"ReadAction","target":["https:\/\/internetaddictsanonymous.org\/in-person-meetings\/usa-mi\/"]}]},{"@type":"BreadcrumbList","@id":"https:\/\/internetaddictsanonymous.org\/in-person-meetings\/usa-mi\/#breadcrumb","itemListElement":[{"@type":"ListItem","position":1,"name":"Home","item":"https:\/\/internetaddictsanonymous.org\/"},{"@type":"ListItem","position":2,"name":"In-Person Meetings","item":"https:\/\/internetaddictsanonymous.org\/in-person-meetings\/"},{"@type":"ListItem","position":3,"name":"ITAA in Michigan, US"}]},{"@type":"WebSite","@id":"https:\/\/internetaddictsanonymous.org\/#website","url":"https:\/\/internetaddictsanonymous.org\/","name":"Nimett\u00f6m\u00e4t internetin ja teknologian ongelmak\u00e4ytt\u00e4j\u00e4t","description":"Maailmanlaajuinen 12 askeleen yhteis\u00f6 Internet- ja teknologiariippuvuutta varten","publisher":{"@id":"https:\/\/internetaddictsanonymous.org\/#organization"},"potentialAction":[{"@type":"SearchAction","target":{"@type":"EntryPoint","urlTemplate":"https:\/\/internetaddictsanonymous.org\/?s={search_term_string}"},"query-input":{"@type":"PropertyValueSpecification","valueRequired":true,"valueName":"search_term_string"}}],"inLanguage":"fi"},{"@type":"Organization","@id":"https:\/\/internetaddictsanonymous.org\/#organization","name":"Nimett\u00f6m\u00e4t internetin ja teknologian ongelmak\u00e4ytt\u00e4j\u00e4t","url":"https:\/\/internetaddictsanonymous.org\/","logo":{"@type":"ImageObject","inLanguage":"fi","@id":"https:\/\/internetaddictsanonymous.org\/#\/schema\/logo\/image\/","url":"https:\/\/internetaddictsanonymous.org\/wp-content\/uploads\/2023\/01\/cropped-ITAA-logo-480px.png","contentUrl":"https:\/\/internetaddictsanonymous.org\/wp-content\/uploads\/2023\/01\/cropped-ITAA-logo-480px.png","width":480,"height":480,"caption":"Internet and Technology Addicts Anonymous"},"image":{"@id":"https:\/\/internetaddictsanonymous.org\/#\/schema\/logo\/image\/"}}]}},"jetpack_sharing_enabled":true,"jetpack_shortlink":"https:\/\/wp.me\/P9Fwob-59O","_links":{"self":[{"href":"https:\/\/internetaddictsanonymous.org\/fi\/wp-json\/wp\/v2\/pages\/19828","targetHints":{"allow":["GET"]}}],"collection":[{"href":"https:\/\/internetaddictsanonymous.org\/fi\/wp-json\/wp\/v2\/pages"}],"about":[{"href":"https:\/\/internetaddictsanonymous.org\/fi\/wp-json\/wp\/v2\/types\/page"}],"author":[{"embeddable":true,"href":"https:\/\/internetaddictsanonymous.org\/fi\/wp-json\/wp\/v2\/users\/35194291"}],"replies":[{"embeddable":true,"href":"https:\/\/internetaddictsanonymous.org\/fi\/wp-json\/wp\/v2\/comments?post=19828"}],"version-history":[{"count":19,"href":"https:\/\/internetaddictsanonymous.org\/fi\/wp-json\/wp\/v2\/pages\/19828\/revisions"}],"predecessor-version":[{"id":21075,"href":"https:\/\/internetaddictsanonymous.org\/fi\/wp-json\/wp\/v2\/pages\/19828\/revisions\/21075"}],"up":[{"embeddable":true,"href":"https:\/\/internetaddictsanonymous.org\/fi\/wp-json\/wp\/v2\/pages\/148"}],"wp:attachment":[{"href":"https:\/\/internetaddictsanonymous.org\/fi\/wp-json\/wp\/v2\/media?parent=19828"}],"wp:term":[{"taxonomy":"post_tag","embeddable":true,"href":"https:\/\/internetaddictsanonymous.org\/fi\/wp-json\/wp\/v2\/tags?post=19828"}],"curies":[{"name":"wp","href":"https:\/\/api.w.org\/{rel}","templated":true}]}}