{"id":20032,"date":"2025-06-13T19:32:11","date_gmt":"2025-06-14T02:32:11","guid":{"rendered":"https:\/\/internetaddictsanonymous.org\/?page_id=20032"},"modified":"2026-04-27T05:08:24","modified_gmt":"2026-04-27T12:08:24","slug":"yhdysvaltain-texas","status":"publish","type":"page","link":"https:\/\/internetaddictsanonymous.org\/fi\/in-person-meetings\/us-tx\/","title":{"rendered":"ITAA Texasissa, Yhdysvalloissa"},"content":{"rendered":"<p>Tervetuloa nimett\u00f6miin internetin ja teknologian ongelmak\u00e4ytt\u00e4jiin! Hienoa, ett\u00e4 olet l\u00f6yt\u00e4nyt meid\u00e4t. Toivomme, ett\u00e4 yhteis\u00f6mme voi olla sinulle yht\u00e4 hy\u00f6dyllinen kuin se on ollut meille.<strong> <mark style=\"background-color:rgba(0, 0, 0, 0)\" class=\"has-inline-color has-dark-gray-color\">ITAA on 12 askeleen toveriseura, joka muodostuu toisiaan tukevista henkil\u00f6ist\u00e4, jotka toipuvat internetin ja teknologian ongelmak\u00e4yt\u00f6st\u00e4.<\/mark><\/strong> T\u00e4h\u00e4n sis\u00e4ltyy riippuvuus sosiaalisesta mediasta, \u00e4lypuhelimista, video- tai \u00e4\u00e4nisis\u00e4ll\u00f6n suoratoistosta, peleist\u00e4, uutisista, pornografiasta, deittisovelluksista, verkkotutkimuksesta, verkko-ostoksista tai muusta digitaalisesta toiminnasta, josta tulee pakonomaista ja ongelmallista.&nbsp;<\/p>\n\n\n\n<h3 class=\"wp-block-heading\">ITAA-kokoukset Dallasissa<\/h3>\n\n\n\n<p>Milloin: Maanantaisin klo 18.30-19.30<br>Sijainti: Hengellisen kehityksen keskus<br>5324 W Northwest Hwy, Dallas, TX 75220<br>Huone 200 (Yl\u00e4kerta)<\/p>\n\n\n\n<p>Yhteystiedot: <a href=\"mailto:DFWitaa@gmail.com\" target=\"_blank\" rel=\"noreferrer noopener\">DFWitaa@gmail.com<\/a><\/p>\n\n\n\n<h3 class=\"wp-block-heading\"><span style=\"color:orange;\"><mark style=\"background-color:rgba(0, 0, 0, 0)\" class=\"has-inline-color has-dark-gray-color\">ITAA-kokoukset Pohjois-Dallasissa<\/mark><\/span><\/h3>\n\n\n\n<p>Milloin: Sunnuntaisin<br>Aika: klo 15.00<br>Sijainti: Carrolltonin julkisen kirjaston ty\u00f6huoneet (etsi ITAA-merkint\u00e4 valkotaululta) Josey Ranch Lakessa, osoitteessa 1700 Keller Springs Rd, Carrollton, TX 75006<\/p>\n\n\n\n<p>Yhteystiedot:&nbsp;<a target=\"_blank\" rel=\"noreferrer noopener\" href=\"mailto:tanya.s.itaa@gmail.com\">tanya.s.itaa@gmail.com<\/a><\/p>\n\n\n\n<h3 class=\"wp-block-heading\">ITAA-kokoukset Houstonissa<\/h3>\n\n\n\n<h5 class=\"wp-block-heading\">Sunnuntain ITAA-kokoukset Houstonissa<\/h5>\n\n\n\n<p><em>Asutko Houstonin, Texasin, Yhdysvaltojen alueella vai haluatko matkustaa ja tulla k\u00e4ym\u00e4\u00e4n luonamme? Mahtavaa! Sovitaan lounas! Joka toinen sunnuntai klo 13.30 ennen tapaamista. Ota yhteytt\u00e4 Phoenixiin tai Tomiin tai s\u00e4hk\u00f6postitse osoitteeseen WTF83itaa@gmail.com. Jes!<\/em><\/p>\n\n\n\n<p>Milloin: Sunnuntaisin klo 15.00<br>Miss\u00e4: Lambda Club, 1201 W. Clay, Houston, TX 77019 \u2014 Huone 3.<br>Yhteystiedot: Alice G, puh. 817-823-0708 tai&nbsp;<a href=\"mailto:Aliceinserenity@gmail.com\" target=\"_blank\" rel=\"noreferrer noopener\">Aliceinserenity@gmail.com<\/a>; Tom G osoitteessa&nbsp;<a href=\"tel:+1-727-422-0303\" target=\"_blank\" rel=\"noreferrer noopener\">832-613-7547<\/a>&nbsp;tai&nbsp;<a href=\"mailto:patrickg.itaa@gmail.com\" target=\"_blank\" rel=\"noreferrer noopener\">tomg.everyday@gmail.com<\/a>.<br>Pys\u00e4k\u00f6intitilaa edess\u00e4 on rajoitetusti, joten pys\u00e4k\u00f6i kadulle tai Bell St.:n varrella olevalle parkkipaikalle klubin taakse.<\/p>\n\n\n\n<p>T\u00e4m\u00e4 on LGBTQ+- ja liittolaisyst\u00e4v\u00e4llinen kokous. Koska kokous pidet\u00e4\u00e4n toipumistilassa, j\u00e4senten ei tule tulla humalassa tai p\u00e4ihtyneen\u00e4.<\/p>\n\n\n\n<p>J\u00e4senet ovat joskus my\u00f6h\u00e4ss\u00e4, ja viralliseen aloitusaikaan paikalla on niin v\u00e4h\u00e4n ihmisi\u00e4. Soita Alicelle tai Tomille, jos et l\u00f6yd\u00e4 meit\u00e4.<\/p>\n\n\n\n<p>-~-<\/p>\n\n\n\n<h5 class=\"wp-block-heading\">Torstain ITAA-kokoukset Houstonissa<\/h5>\n\n\n\n<p>Milloin: Torstaisin klo 19-20.&nbsp;<\/p>\n\n\n\n<p>Sijainti: Elpymisneuvosto: 303 Jackson Hill Street, Houston, Texas 77007<\/p>\n\n\n\n<p>Kuvaus: Kokoushuone on listattu kunnan p\u00e4iv\u00e4ohjelmaan. Soita Alicelle tai Tomille, jos et l\u00f6yd\u00e4 meit\u00e4.&nbsp;<\/p>\n\n\n\n<h3 class=\"wp-block-heading\">Lis\u00e4kokoukset<\/h3>\n\n\n\n<p>Jos olet uusi, kannustamme sinua kokeilemaan kuutta tapaamista lyhyess\u00e4 ajassa n\u00e4hd\u00e4ksesi, olisiko ohjelmastamme sinulle hy\u00f6ty\u00e4. Paikallisten tapaamisten lis\u00e4ksi voit my\u00f6s tutustua seuraaviin tuotteisiimme: <a href=\"https:\/\/internetaddictsanonymous.org\/fi\/henkilokohtaisissa-tapaamisissa\/\">muut henkil\u00f6kohtaiset tapaamiset<\/a> ja <a href=\"https:\/\/internetaddictsanonymous.org\/fi\/verkkokokoukset\/\">t\u00e4ydellinen online-kokousten aikataulu<\/a>. Kaikki tapaamiset ovat t\u00e4ysin ilmaisia ja nimett\u00f6mi\u00e4.<\/p>\n\n\n\n<h3 class=\"wp-block-heading\"><strong>Miten kokoukset toimivat?<\/strong><\/h3>\n\n\n\n<p>Jos osallistut kokoukseen ensimm\u00e4ist\u00e4 kertaa, ei tarvitse olla hermostunut. Useimmat kokouksemme ovat hyvin yksinkertaisia; jokaisella kokouksella on puheenjohtaja, joka johtaa kokousta, ja useimmat kokoukset kest\u00e4v\u00e4t tunnin. Puheenjohtaja ja muut vapaaehtoiset lukevat avauspuheenvuoroja, ennen kuin avaamme kokouksen j\u00e4senten jakamista varten. Jakamisvelvollisuutta ei ole, ja voit vain kuunnella. Voit kertoa kuulumisiasi, esitell\u00e4 itsesi ja kertoa, mik\u00e4 toi sinut ITAA:han, tai esitt\u00e4\u00e4 kysymyksi\u00e4. Ellei j\u00e4sen pyyd\u00e4, emme anna ehdotuksia tai kommentteja vastauksena muiden jakamiin ajatuksiin; kuuntelemme vain tuomitsematta. Tunnin lopussa kokous p\u00e4\u00e4ttyy loppupuheenvuoroihin, joiden j\u00e4lkeen j\u00e4senet yleens\u00e4 keskustelevat rennosti, esitt\u00e4v\u00e4t kysymyksi\u00e4 ja vaihtavat yhteystietoja.<\/p>\n\n\n\n<h3 class=\"wp-block-heading\">Internet- ja teknologiariippuvuuden materiaalit<\/h3>\n\n\n\n<p>Jos pohdit, voisiko sinulla olla internet- ja teknologiariippuvuus, voit vastata kyselyihimme (englanniksi): <a href=\"https:\/\/internetaddictsanonymous.org\/fi\/internet-ja-teknologia-riippuvuus\/\">nettiriippuvuus<\/a>, <a href=\"https:\/\/internetaddictsanonymous.org\/fi\/internet-ja-teknologia-riippuvuus\/someriippuvuus\/\">someriippuvuus<\/a>, <a href=\"https:\/\/internetaddictsanonymous.org\/fi\/internet-addiktio\/striimausaddiktio\/\">striimausaddiktio<\/a>, <a href=\"https:\/\/internetaddictsanonymous.org\/fi\/internet-ja-teknologia-riippuvuus\/puhelinaddiktio\/\">puhelinaddiktio<\/a>tai <a href=\"https:\/\/internetaddictsanonymous.org\/fi\/internet-ja-teknologia-riippuvuus\/peliaddiktio-2\/\">peliriippuvuus<\/a>Voit my\u00f6s perehty\u00e4 ITAA:han lukemalla&nbsp;<a href=\"https:\/\/internetaddictsanonymous.org\/fi\/tulokkaan-oppaan\/\">tulokkaan oppaan,<\/a>selaamalla l\u00e4pi <a href=\"https:\/\/internetaddictsanonymous.org\/fi\/resurssit\/toipumisen-tyokalut\/\">toipumisen ty\u00f6kalut<\/a>, tai kuuntelemalla <a href=\"https:\/\/internetaddictsanonymous.org\/fi\/toipumistarinoita\/\">j\u00e4senten toipumiskertomuksia<\/a>.<\/p>\n\n\n\n<p>ITAA ei ole sidoksissa mihink\u00e4\u00e4n poliittiseen aatteeseen, uskontoon tai ulkopuolisiin intresseihin. Yll\u00e4pid\u00e4mme itse omaa toimintaamme ja olemme maksuton apu kaikille jotka sit\u00e4 tarvitsevat. Ainoa tarkoituksemme on pid\u00e4tt\u00e4yty\u00e4 pakonomaisesta internetin ja teknologian k\u00e4yt\u00f6st\u00e4 ja auttaa muita vapautumaan t\u00e4st\u00e4 addiktiosta.<\/p>\n\n\n\n<p>Tervetuloa taas! Toivomme, ett\u00e4 t\u00e4m\u00e4 yhteis\u00f6 pystyy tarjoamaan tarvitsemaasi tukea internet- ja teknologiariippuvuudesta toipumiseen. \u00c4l\u00e4 ep\u00e4r\u00f6i ottaa meihin yhteytt\u00e4, jos sinulla on kysytt\u00e4v\u00e4\u00e4.<\/p>\n<!-- PMB print buttons is only displayed on a single post\/page URLs-->","protected":false},"excerpt":{"rendered":"<p>Tervetuloa Internet- ja teknologiariippuvaisten Anonyymien yhteis\u00f6\u00f6n! Olemme iloisia, ett\u00e4 l\u00f6ysit meid\u00e4t, ja toivomme, ett\u00e4 yhteis\u00f6mme voi olla sinulle yht\u00e4 hy\u00f6dyllinen kuin se on ollut meille. ITAA on kahdentoista askeleen yhteis\u00f6, joka koostuu yksil\u00f6ist\u00e4, jotka tukevat toisiaan internet- ja teknologiariippuvuudesta toipumisessa. T\u00e4h\u00e4n sis\u00e4ltyy riippuvuus sosiaalisesta mediasta, \u00e4lypuhelimista, suoratoistosta\u2026 <a href=\"https:\/\/internetaddictsanonymous.org\/fi\/in-person-meetings\/us-tx\/\" class=\"more-link\">Jatka lukemista <span class=\"screen-reader-text\">ITAA Texasissa, Yhdysvalloissa<\/span><\/a><\/p>","protected":false},"author":35194291,"featured_media":0,"parent":148,"menu_order":0,"comment_status":"closed","ping_status":"closed","template":"full-width-page.php","meta":{"inline_featured_image":false,"_lmt_disableupdate":"","_lmt_disable":"","footnotes":""},"tags":[655524913,655524906,307668,655524904,655524910,655524900,534293,1410996,655525133],"class_list":["post-20032","page","type-page","status-publish","hentry","tag-12-steps","tag-balanced-technology-use","tag-internet-addiction","tag-internet-addicts-anonymous","tag-meeting-times","tag-smartphone-addiction","tag-support-group","tag-technology-addiction","tag-texas"],"yoast_head":"<!-- This site is optimized with the Yoast SEO plugin v27.5 - https:\/\/yoast.com\/product\/yoast-seo-wordpress\/ -->\n<title>ITAA in Texas, US &#8211; Internet and Technology Addicts Anonymous<\/title>\n<meta name=\"robots\" content=\"index, follow, max-snippet:-1, max-image-preview:large, max-video-preview:-1\" \/>\n<link rel=\"canonical\" href=\"https:\/\/internetaddictsanonymous.org\/fi\/henkilokohtaisissa-tapaamisissa\/yhdysvaltain-texas\/\" \/>\n<meta property=\"og:locale\" content=\"fi_FI\" \/>\n<meta property=\"og:type\" content=\"article\" \/>\n<meta property=\"og:title\" content=\"ITAA in Texas, US &#8211; Internet and Technology Addicts Anonymous\" \/>\n<meta property=\"og:description\" content=\"Welcome to Internet and Technology Addicts Anonymous! We\u2019re glad you\u2019ve found us, and we hope our community can be as helpful to you as it has been for us. ITAA is a Twelve-Step fellowship of individuals who support each other in recovering from internet and technology addiction. This includes addiction to social media, smartphones, streaming &hellip; Continue reading ITAA in Texas, US\" \/>\n<meta property=\"og:url\" content=\"https:\/\/internetaddictsanonymous.org\/fi\/henkilokohtaisissa-tapaamisissa\/yhdysvaltain-texas\/\" \/>\n<meta property=\"og:site_name\" content=\"Internet and Technology Addicts Anonymous\" \/>\n<meta property=\"article:modified_time\" content=\"2026-04-27T12:08:24+00:00\" \/>\n<meta name=\"twitter:card\" content=\"summary_large_image\" \/>\n<meta name=\"twitter:label1\" content=\"Arvioitu lukuaika\" \/>\n\t<meta name=\"twitter:data1\" content=\"3 minuuttia\" \/>\n<script type=\"application\/ld+json\" class=\"yoast-schema-graph\">{\"@context\":\"https:\\\/\\\/schema.org\",\"@graph\":[{\"@type\":\"WebPage\",\"@id\":\"https:\\\/\\\/internetaddictsanonymous.org\\\/in-person-meetings\\\/us-tx\\\/\",\"url\":\"https:\\\/\\\/internetaddictsanonymous.org\\\/in-person-meetings\\\/us-tx\\\/\",\"name\":\"ITAA in Texas, US &#8211; Internet and Technology Addicts Anonymous\",\"isPartOf\":{\"@id\":\"https:\\\/\\\/internetaddictsanonymous.org\\\/#website\"},\"datePublished\":\"2025-06-14T02:32:11+00:00\",\"dateModified\":\"2026-04-27T12:08:24+00:00\",\"breadcrumb\":{\"@id\":\"https:\\\/\\\/internetaddictsanonymous.org\\\/in-person-meetings\\\/us-tx\\\/#breadcrumb\"},\"inLanguage\":\"fi\",\"potentialAction\":[{\"@type\":\"ReadAction\",\"target\":[\"https:\\\/\\\/internetaddictsanonymous.org\\\/in-person-meetings\\\/us-tx\\\/\"]}]},{\"@type\":\"BreadcrumbList\",\"@id\":\"https:\\\/\\\/internetaddictsanonymous.org\\\/in-person-meetings\\\/us-tx\\\/#breadcrumb\",\"itemListElement\":[{\"@type\":\"ListItem\",\"position\":1,\"name\":\"Home\",\"item\":\"https:\\\/\\\/internetaddictsanonymous.org\\\/\"},{\"@type\":\"ListItem\",\"position\":2,\"name\":\"In-Person Meetings\",\"item\":\"https:\\\/\\\/internetaddictsanonymous.org\\\/in-person-meetings\\\/\"},{\"@type\":\"ListItem\",\"position\":3,\"name\":\"ITAA in Texas, US\"}]},{\"@type\":\"WebSite\",\"@id\":\"https:\\\/\\\/internetaddictsanonymous.org\\\/#website\",\"url\":\"https:\\\/\\\/internetaddictsanonymous.org\\\/\",\"name\":\"Internet and Technology Addicts Anonymous\",\"description\":\"Worldwide 12-step Fellowship for Internet and Technology Addiction\",\"publisher\":{\"@id\":\"https:\\\/\\\/internetaddictsanonymous.org\\\/#organization\"},\"potentialAction\":[{\"@type\":\"SearchAction\",\"target\":{\"@type\":\"EntryPoint\",\"urlTemplate\":\"https:\\\/\\\/internetaddictsanonymous.org\\\/?s={search_term_string}\"},\"query-input\":{\"@type\":\"PropertyValueSpecification\",\"valueRequired\":true,\"valueName\":\"search_term_string\"}}],\"inLanguage\":\"fi\"},{\"@type\":\"Organization\",\"@id\":\"https:\\\/\\\/internetaddictsanonymous.org\\\/#organization\",\"name\":\"Internet and Technology Addicts Anonymous\",\"url\":\"https:\\\/\\\/internetaddictsanonymous.org\\\/\",\"logo\":{\"@type\":\"ImageObject\",\"inLanguage\":\"fi\",\"@id\":\"https:\\\/\\\/internetaddictsanonymous.org\\\/#\\\/schema\\\/logo\\\/image\\\/\",\"url\":\"https:\\\/\\\/internetaddictsanonymous.org\\\/wp-content\\\/uploads\\\/2023\\\/01\\\/cropped-ITAA-logo-480px.png\",\"contentUrl\":\"https:\\\/\\\/internetaddictsanonymous.org\\\/wp-content\\\/uploads\\\/2023\\\/01\\\/cropped-ITAA-logo-480px.png\",\"width\":480,\"height\":480,\"caption\":\"Internet and Technology Addicts Anonymous\"},\"image\":{\"@id\":\"https:\\\/\\\/internetaddictsanonymous.org\\\/#\\\/schema\\\/logo\\\/image\\\/\"}}]}<\/script>\n<!-- \/ Yoast SEO plugin. -->","yoast_head_json":{"title":"ITAA Texasissa, Yhdysvalloissa \u2013 Internet- ja teknologiariippuvaiset Anonyymit","robots":{"index":"index","follow":"follow","max-snippet":"max-snippet:-1","max-image-preview":"max-image-preview:large","max-video-preview":"max-video-preview:-1"},"canonical":"https:\/\/internetaddictsanonymous.org\/fi\/henkilokohtaisissa-tapaamisissa\/yhdysvaltain-texas\/","og_locale":"fi_FI","og_type":"article","og_title":"ITAA in Texas, US &#8211; Internet and Technology Addicts Anonymous","og_description":"Welcome to Internet and Technology Addicts Anonymous! We\u2019re glad you\u2019ve found us, and we hope our community can be as helpful to you as it has been for us. ITAA is a Twelve-Step fellowship of individuals who support each other in recovering from internet and technology addiction. This includes addiction to social media, smartphones, streaming &hellip; Continue reading ITAA in Texas, US","og_url":"https:\/\/internetaddictsanonymous.org\/fi\/henkilokohtaisissa-tapaamisissa\/yhdysvaltain-texas\/","og_site_name":"Internet and Technology Addicts Anonymous","article_modified_time":"2026-04-27T12:08:24+00:00","twitter_card":"summary_large_image","twitter_misc":{"Arvioitu lukuaika":"3 minuuttia"},"schema":{"@context":"https:\/\/schema.org","@graph":[{"@type":"WebPage","@id":"https:\/\/internetaddictsanonymous.org\/in-person-meetings\/us-tx\/","url":"https:\/\/internetaddictsanonymous.org\/in-person-meetings\/us-tx\/","name":"ITAA Texasissa, Yhdysvalloissa \u2013 Internet- ja teknologiariippuvaiset Anonyymit","isPartOf":{"@id":"https:\/\/internetaddictsanonymous.org\/#website"},"datePublished":"2025-06-14T02:32:11+00:00","dateModified":"2026-04-27T12:08:24+00:00","breadcrumb":{"@id":"https:\/\/internetaddictsanonymous.org\/in-person-meetings\/us-tx\/#breadcrumb"},"inLanguage":"fi","potentialAction":[{"@type":"ReadAction","target":["https:\/\/internetaddictsanonymous.org\/in-person-meetings\/us-tx\/"]}]},{"@type":"BreadcrumbList","@id":"https:\/\/internetaddictsanonymous.org\/in-person-meetings\/us-tx\/#breadcrumb","itemListElement":[{"@type":"ListItem","position":1,"name":"Home","item":"https:\/\/internetaddictsanonymous.org\/"},{"@type":"ListItem","position":2,"name":"In-Person Meetings","item":"https:\/\/internetaddictsanonymous.org\/in-person-meetings\/"},{"@type":"ListItem","position":3,"name":"ITAA in Texas, US"}]},{"@type":"WebSite","@id":"https:\/\/internetaddictsanonymous.org\/#website","url":"https:\/\/internetaddictsanonymous.org\/","name":"Nimett\u00f6m\u00e4t internetin ja teknologian ongelmak\u00e4ytt\u00e4j\u00e4t","description":"Maailmanlaajuinen 12 askeleen yhteis\u00f6 Internet- ja teknologiariippuvuutta varten","publisher":{"@id":"https:\/\/internetaddictsanonymous.org\/#organization"},"potentialAction":[{"@type":"SearchAction","target":{"@type":"EntryPoint","urlTemplate":"https:\/\/internetaddictsanonymous.org\/?s={search_term_string}"},"query-input":{"@type":"PropertyValueSpecification","valueRequired":true,"valueName":"search_term_string"}}],"inLanguage":"fi"},{"@type":"Organization","@id":"https:\/\/internetaddictsanonymous.org\/#organization","name":"Nimett\u00f6m\u00e4t internetin ja teknologian ongelmak\u00e4ytt\u00e4j\u00e4t","url":"https:\/\/internetaddictsanonymous.org\/","logo":{"@type":"ImageObject","inLanguage":"fi","@id":"https:\/\/internetaddictsanonymous.org\/#\/schema\/logo\/image\/","url":"https:\/\/internetaddictsanonymous.org\/wp-content\/uploads\/2023\/01\/cropped-ITAA-logo-480px.png","contentUrl":"https:\/\/internetaddictsanonymous.org\/wp-content\/uploads\/2023\/01\/cropped-ITAA-logo-480px.png","width":480,"height":480,"caption":"Internet and Technology Addicts Anonymous"},"image":{"@id":"https:\/\/internetaddictsanonymous.org\/#\/schema\/logo\/image\/"}}]}},"jetpack_sharing_enabled":true,"jetpack_shortlink":"https:\/\/wp.me\/P9Fwob-5d6","_links":{"self":[{"href":"https:\/\/internetaddictsanonymous.org\/fi\/wp-json\/wp\/v2\/pages\/20032","targetHints":{"allow":["GET"]}}],"collection":[{"href":"https:\/\/internetaddictsanonymous.org\/fi\/wp-json\/wp\/v2\/pages"}],"about":[{"href":"https:\/\/internetaddictsanonymous.org\/fi\/wp-json\/wp\/v2\/types\/page"}],"author":[{"embeddable":true,"href":"https:\/\/internetaddictsanonymous.org\/fi\/wp-json\/wp\/v2\/users\/35194291"}],"replies":[{"embeddable":true,"href":"https:\/\/internetaddictsanonymous.org\/fi\/wp-json\/wp\/v2\/comments?post=20032"}],"version-history":[{"count":9,"href":"https:\/\/internetaddictsanonymous.org\/fi\/wp-json\/wp\/v2\/pages\/20032\/revisions"}],"predecessor-version":[{"id":20985,"href":"https:\/\/internetaddictsanonymous.org\/fi\/wp-json\/wp\/v2\/pages\/20032\/revisions\/20985"}],"up":[{"embeddable":true,"href":"https:\/\/internetaddictsanonymous.org\/fi\/wp-json\/wp\/v2\/pages\/148"}],"wp:attachment":[{"href":"https:\/\/internetaddictsanonymous.org\/fi\/wp-json\/wp\/v2\/media?parent=20032"}],"wp:term":[{"taxonomy":"post_tag","embeddable":true,"href":"https:\/\/internetaddictsanonymous.org\/fi\/wp-json\/wp\/v2\/tags?post=20032"}],"curies":[{"name":"wp","href":"https:\/\/api.w.org\/{rel}","templated":true}]}}