{"id":25,"date":"2018-02-17T01:54:04","date_gmt":"2018-02-17T01:54:04","guid":{"rendered":"https:\/\/internetandtechaa.wordpress.com\/?page_id=25"},"modified":"2024-05-23T23:38:38","modified_gmt":"2024-05-24T03:38:38","slug":"onko-internet-ja-teknologiariippuvainen-minulle-anonyymi","status":"publish","type":"page","link":"https:\/\/internetaddictsanonymous.org\/fi\/is-internet-and-technology-addicts-anonymous-for-me\/","title":{"rendered":"Tulokkaalle"},"content":{"rendered":"<p>Tervetuloa! Jos olet uusi ITAA:ssa, kannustamme sinua osallistumaan <a href=\"https:\/\/internetaddictsanonymous.org\/fi\/phone-online-meetings\/\">kuusi kokousta<\/a> lyhyess\u00e4 ajassa selvitt\u00e4\u00e4ksemme, voisiko ohjelmamme olla sinulle hy\u00f6dyllinen. Kokouksemme perustuvat tuomitsemattomaan ja my\u00f6t\u00e4tuntoiseen kuunteluun, ja kokouksissa uusilla tulokkailla on mahdollisuus esitt\u00e4\u00e4 kysymyksi\u00e4.<\/p>\n<p>Saattaa olla hy\u00f6dyllist\u00e4 tarkastella my\u00f6s joitakin yleisi\u00e4 kaavoja ja oireita, joita muut internet- ja teknologiariippuvaiset kokevat:<\/p>\n<p><a href=\"https:\/\/internetaddictsanonymous.org\/fi\/internet-ja-teknologia-riippuvuus\/\">Internetin ja teknologian ongelmak\u00e4ytt\u00f6<\/a><br \/>\n<a href=\"https:\/\/internetaddictsanonymous.org\/fi\/someriippuvuus\/\">Someriippuvuus<\/a><br \/>\n<a href=\"https:\/\/internetaddictsanonymous.org\/fi\/puhelinriippuvuus\/\">\u00c4lypuhelinriippuvuus<\/a><br \/>\n<a href=\"https:\/\/internetaddictsanonymous.org\/fi\/striimausaddiktio\/\">Videoriippuvuus<\/a><br \/>\n<a href=\"https:\/\/internetaddictsanonymous.org\/fi\/internet-ja-teknologia-riippuvuus\/peliaddiktio-2\/\">Videopeliriippuvuus<\/a><\/p>\n<p><span style=\"font-weight: 400;\">Olet tervetullut ottamaan yhteytt\u00e4 kauttamme <a href=\"https:\/\/internetaddictsanonymous.org\/fi\/yhteystiedot\/\">yhteydenottolomake<\/a> kysy\u00e4ksesi kysymyksi\u00e4 tai sopiaksesi puhelun toisen toipuvan j\u00e4senen kanssa. Odotamme innolla yhteydenottoasi!<\/span><\/p>\n<!-- PMB print buttons is only displayed on a single post\/page URLs-->","protected":false},"excerpt":{"rendered":"<p>Tervetuloa! Jos olet uusi ITAA:ssa, kannustamme sinua osallistumaan kuuteen kokoukseen lyhyen ajan sis\u00e4ll\u00e4 selvitt\u00e4\u00e4ksesi, voisiko ohjelmastamme olla sinulle hy\u00f6dyllinen. Kokouksemme perustuvat tuomitsemattomaan ja my\u00f6t\u00e4tuntoiseen kuunteluun, ja kokouksissa on uusilla tulokkailla mahdollisuus esitt\u00e4\u00e4 kysymyksi\u00e4. Saatat my\u00f6s pit\u00e4\u00e4 hy\u00f6dyllisen\u00e4 tutustua joihinkin\u2026 <a href=\"https:\/\/internetaddictsanonymous.org\/fi\/is-internet-and-technology-addicts-anonymous-for-me\/\" class=\"more-link\">Jatka lukemista <span class=\"screen-reader-text\">Tulokkaalle<\/span><\/a><\/p>","protected":false},"author":35194237,"featured_media":0,"parent":0,"menu_order":0,"comment_status":"closed","ping_status":"closed","template":"full-width-page.php","meta":{"inline_featured_image":false,"_lmt_disableupdate":"no","_lmt_disable":"","jetpack_post_was_ever_published":false,"footnotes":""},"tags":[],"class_list":["post-25","page","type-page","status-publish","hentry"],"yoast_head":"<!-- This site is optimized with the Yoast SEO plugin v27.3 - https:\/\/yoast.com\/product\/yoast-seo-wordpress\/ -->\n<title>Getting Started &#8211; Internet and Technology Addicts Anonymous<\/title>\n<meta name=\"robots\" content=\"index, follow, max-snippet:-1, max-image-preview:large, max-video-preview:-1\" \/>\n<link rel=\"canonical\" href=\"https:\/\/internetaddictsanonymous.org\/fi\/onko-internet-ja-teknologiariippuvainen-minulle-anonyymi\/\" \/>\n<meta property=\"og:locale\" content=\"fi_FI\" \/>\n<meta property=\"og:type\" content=\"article\" \/>\n<meta property=\"og:title\" content=\"Getting Started &#8211; Internet and Technology Addicts Anonymous\" \/>\n<meta property=\"og:description\" content=\"Welcome! If you&#8217;re new to ITAA, we encourage you to attend six meetings within a short period of time to determine whether our program may be helpful for you. Our meetings are based on non-judgmental, compassionate listening, and meetings have opportunities for newcomers to ask questions. You may also find it helpful to review some &hellip; Continue reading Getting Started\" \/>\n<meta property=\"og:url\" content=\"https:\/\/internetaddictsanonymous.org\/fi\/onko-internet-ja-teknologiariippuvainen-minulle-anonyymi\/\" \/>\n<meta property=\"og:site_name\" content=\"Internet and Technology Addicts Anonymous\" \/>\n<meta property=\"article:modified_time\" content=\"2024-05-24T03:38:38+00:00\" \/>\n<meta name=\"twitter:card\" content=\"summary_large_image\" \/>\n<meta name=\"twitter:label1\" content=\"Arvioitu lukuaika\" \/>\n\t<meta name=\"twitter:data1\" content=\"1 minuutti\" \/>\n<script type=\"application\/ld+json\" class=\"yoast-schema-graph\">{\"@context\":\"https:\\\/\\\/schema.org\",\"@graph\":[{\"@type\":\"WebPage\",\"@id\":\"https:\\\/\\\/internetaddictsanonymous.org\\\/is-internet-and-technology-addicts-anonymous-for-me\\\/\",\"url\":\"https:\\\/\\\/internetaddictsanonymous.org\\\/is-internet-and-technology-addicts-anonymous-for-me\\\/\",\"name\":\"Getting Started &#8211; Internet and Technology Addicts Anonymous\",\"isPartOf\":{\"@id\":\"https:\\\/\\\/internetaddictsanonymous.org\\\/#website\"},\"datePublished\":\"2018-02-17T01:54:04+00:00\",\"dateModified\":\"2024-05-24T03:38:38+00:00\",\"breadcrumb\":{\"@id\":\"https:\\\/\\\/internetaddictsanonymous.org\\\/is-internet-and-technology-addicts-anonymous-for-me\\\/#breadcrumb\"},\"inLanguage\":\"fi\",\"potentialAction\":[{\"@type\":\"ReadAction\",\"target\":[\"https:\\\/\\\/internetaddictsanonymous.org\\\/is-internet-and-technology-addicts-anonymous-for-me\\\/\"]}]},{\"@type\":\"BreadcrumbList\",\"@id\":\"https:\\\/\\\/internetaddictsanonymous.org\\\/is-internet-and-technology-addicts-anonymous-for-me\\\/#breadcrumb\",\"itemListElement\":[{\"@type\":\"ListItem\",\"position\":1,\"name\":\"Home\",\"item\":\"https:\\\/\\\/internetaddictsanonymous.org\\\/\"},{\"@type\":\"ListItem\",\"position\":2,\"name\":\"Getting Started\"}]},{\"@type\":\"WebSite\",\"@id\":\"https:\\\/\\\/internetaddictsanonymous.org\\\/#website\",\"url\":\"https:\\\/\\\/internetaddictsanonymous.org\\\/\",\"name\":\"Internet and Technology Addicts Anonymous\",\"description\":\"Worldwide 12-step Fellowship for Internet and Technology Addiction\",\"publisher\":{\"@id\":\"https:\\\/\\\/internetaddictsanonymous.org\\\/#organization\"},\"potentialAction\":[{\"@type\":\"SearchAction\",\"target\":{\"@type\":\"EntryPoint\",\"urlTemplate\":\"https:\\\/\\\/internetaddictsanonymous.org\\\/?s={search_term_string}\"},\"query-input\":{\"@type\":\"PropertyValueSpecification\",\"valueRequired\":true,\"valueName\":\"search_term_string\"}}],\"inLanguage\":\"fi\"},{\"@type\":\"Organization\",\"@id\":\"https:\\\/\\\/internetaddictsanonymous.org\\\/#organization\",\"name\":\"Internet and Technology Addicts Anonymous\",\"url\":\"https:\\\/\\\/internetaddictsanonymous.org\\\/\",\"logo\":{\"@type\":\"ImageObject\",\"inLanguage\":\"fi\",\"@id\":\"https:\\\/\\\/internetaddictsanonymous.org\\\/#\\\/schema\\\/logo\\\/image\\\/\",\"url\":\"https:\\\/\\\/internetaddictsanonymous.org\\\/wp-content\\\/uploads\\\/2023\\\/01\\\/cropped-ITAA-logo-480px.png\",\"contentUrl\":\"https:\\\/\\\/internetaddictsanonymous.org\\\/wp-content\\\/uploads\\\/2023\\\/01\\\/cropped-ITAA-logo-480px.png\",\"width\":480,\"height\":480,\"caption\":\"Internet and Technology Addicts Anonymous\"},\"image\":{\"@id\":\"https:\\\/\\\/internetaddictsanonymous.org\\\/#\\\/schema\\\/logo\\\/image\\\/\"}}]}<\/script>\n<!-- \/ Yoast SEO plugin. -->","yoast_head_json":{"title":"Aloittaminen \u2013 Internet- ja teknologiariippuvaiset Anonyymit","robots":{"index":"index","follow":"follow","max-snippet":"max-snippet:-1","max-image-preview":"max-image-preview:large","max-video-preview":"max-video-preview:-1"},"canonical":"https:\/\/internetaddictsanonymous.org\/fi\/onko-internet-ja-teknologiariippuvainen-minulle-anonyymi\/","og_locale":"fi_FI","og_type":"article","og_title":"Getting Started &#8211; Internet and Technology Addicts Anonymous","og_description":"Welcome! If you&#8217;re new to ITAA, we encourage you to attend six meetings within a short period of time to determine whether our program may be helpful for you. Our meetings are based on non-judgmental, compassionate listening, and meetings have opportunities for newcomers to ask questions. You may also find it helpful to review some &hellip; Continue reading Getting Started","og_url":"https:\/\/internetaddictsanonymous.org\/fi\/onko-internet-ja-teknologiariippuvainen-minulle-anonyymi\/","og_site_name":"Internet and Technology Addicts Anonymous","article_modified_time":"2024-05-24T03:38:38+00:00","twitter_card":"summary_large_image","twitter_misc":{"Arvioitu lukuaika":"1 minuutti"},"schema":{"@context":"https:\/\/schema.org","@graph":[{"@type":"WebPage","@id":"https:\/\/internetaddictsanonymous.org\/is-internet-and-technology-addicts-anonymous-for-me\/","url":"https:\/\/internetaddictsanonymous.org\/is-internet-and-technology-addicts-anonymous-for-me\/","name":"Aloittaminen \u2013 Internet- ja teknologiariippuvaiset Anonyymit","isPartOf":{"@id":"https:\/\/internetaddictsanonymous.org\/#website"},"datePublished":"2018-02-17T01:54:04+00:00","dateModified":"2024-05-24T03:38:38+00:00","breadcrumb":{"@id":"https:\/\/internetaddictsanonymous.org\/is-internet-and-technology-addicts-anonymous-for-me\/#breadcrumb"},"inLanguage":"fi","potentialAction":[{"@type":"ReadAction","target":["https:\/\/internetaddictsanonymous.org\/is-internet-and-technology-addicts-anonymous-for-me\/"]}]},{"@type":"BreadcrumbList","@id":"https:\/\/internetaddictsanonymous.org\/is-internet-and-technology-addicts-anonymous-for-me\/#breadcrumb","itemListElement":[{"@type":"ListItem","position":1,"name":"Home","item":"https:\/\/internetaddictsanonymous.org\/"},{"@type":"ListItem","position":2,"name":"Getting Started"}]},{"@type":"WebSite","@id":"https:\/\/internetaddictsanonymous.org\/#website","url":"https:\/\/internetaddictsanonymous.org\/","name":"Nimett\u00f6m\u00e4t internetin ja teknologian ongelmak\u00e4ytt\u00e4j\u00e4t","description":"Maailmanlaajuinen 12 askeleen yhteis\u00f6 Internet- ja teknologiariippuvuutta varten","publisher":{"@id":"https:\/\/internetaddictsanonymous.org\/#organization"},"potentialAction":[{"@type":"SearchAction","target":{"@type":"EntryPoint","urlTemplate":"https:\/\/internetaddictsanonymous.org\/?s={search_term_string}"},"query-input":{"@type":"PropertyValueSpecification","valueRequired":true,"valueName":"search_term_string"}}],"inLanguage":"fi"},{"@type":"Organization","@id":"https:\/\/internetaddictsanonymous.org\/#organization","name":"Nimett\u00f6m\u00e4t internetin ja teknologian ongelmak\u00e4ytt\u00e4j\u00e4t","url":"https:\/\/internetaddictsanonymous.org\/","logo":{"@type":"ImageObject","inLanguage":"fi","@id":"https:\/\/internetaddictsanonymous.org\/#\/schema\/logo\/image\/","url":"https:\/\/internetaddictsanonymous.org\/wp-content\/uploads\/2023\/01\/cropped-ITAA-logo-480px.png","contentUrl":"https:\/\/internetaddictsanonymous.org\/wp-content\/uploads\/2023\/01\/cropped-ITAA-logo-480px.png","width":480,"height":480,"caption":"Internet and Technology Addicts Anonymous"},"image":{"@id":"https:\/\/internetaddictsanonymous.org\/#\/schema\/logo\/image\/"}}]}},"jetpack_sharing_enabled":false,"jetpack_shortlink":"https:\/\/wp.me\/P9Fwob-p","_links":{"self":[{"href":"https:\/\/internetaddictsanonymous.org\/fi\/wp-json\/wp\/v2\/pages\/25","targetHints":{"allow":["GET"]}}],"collection":[{"href":"https:\/\/internetaddictsanonymous.org\/fi\/wp-json\/wp\/v2\/pages"}],"about":[{"href":"https:\/\/internetaddictsanonymous.org\/fi\/wp-json\/wp\/v2\/types\/page"}],"author":[{"embeddable":true,"href":"https:\/\/internetaddictsanonymous.org\/fi\/wp-json\/wp\/v2\/users\/35194237"}],"replies":[{"embeddable":true,"href":"https:\/\/internetaddictsanonymous.org\/fi\/wp-json\/wp\/v2\/comments?post=25"}],"version-history":[{"count":24,"href":"https:\/\/internetaddictsanonymous.org\/fi\/wp-json\/wp\/v2\/pages\/25\/revisions"}],"predecessor-version":[{"id":18045,"href":"https:\/\/internetaddictsanonymous.org\/fi\/wp-json\/wp\/v2\/pages\/25\/revisions\/18045"}],"wp:attachment":[{"href":"https:\/\/internetaddictsanonymous.org\/fi\/wp-json\/wp\/v2\/media?parent=25"}],"wp:term":[{"taxonomy":"post_tag","embeddable":true,"href":"https:\/\/internetaddictsanonymous.org\/fi\/wp-json\/wp\/v2\/tags?post=25"}],"curies":[{"name":"wp","href":"https:\/\/api.w.org\/{rel}","templated":true}]}}