{"id":4541,"date":"2019-01-08T21:42:04","date_gmt":"2019-01-08T21:42:04","guid":{"rendered":"https:\/\/internetaddictsanonymous.org\/?page_id=4541"},"modified":"2024-11-15T21:50:57","modified_gmt":"2024-11-16T05:50:57","slug":"12-askelta-itaata","status":"publish","type":"page","link":"https:\/\/internetaddictsanonymous.org\/fi\/12-steps-of-itaa\/","title":{"rendered":"ITAA:n kaksitoista askelta ja kaksitoista perinnett\u00e4"},"content":{"rendered":"<p>Kaksitoista askelta ovat toipumisohjelmamme hengellinen ydin, joka ohjaa meid\u00e4t pois riippuvuudesta kohti raittiutta, tyyneytt\u00e4 ja rauhaa. Samaan aikaan kaksitoista perinnett\u00e4mme auttavat ryhmi\u00e4mme navigoimaan kohti ykseytt\u00e4, selkeytt\u00e4 ja palvelemista. Olemme havainneet, ett\u00e4 askeltemme ja perinteidemme opiskelu ja harjoittaminen korkeamman voimamme ja muiden j\u00e4senten avulla ovat avaimia pitk\u00e4n aikav\u00e4lin toipumiseemme. L\u00f6yd\u00e4t lis\u00e4resursseja siit\u00e4, miten askelten kanssa ty\u00f6skennell\u00e4\u00e4n. <a href=\"https:\/\/internetaddictsanonymous.org\/fi\/resurssit\/miten-vaiheet-tehdaan\/\">t\u00e4ss\u00e4<\/a>.<\/p>\n\n\n\n<h3 class=\"wp-block-heading\"><strong>ITAA:n 12 askelta:<\/strong><\/h3>\n\n\n\n<p>1. My\u00f6nsimme olevamme voimattomia internetin ja teknologian edess\u00e4 \u2013 ett\u00e4 el\u00e4m\u00e4st\u00e4mme oli tullut hallitsematonta.<\/p>\n\n\n\n<p>2. Aloimme uskoa, ett\u00e4 meit\u00e4 suurempi Voima voisi palauttaa meille j\u00e4rjen.<\/p>\n\n\n\n<p>3. P\u00e4\u00e4timme antaa tahtomme ja el\u00e4m\u00e4mme Korkeamman Voiman huostaan&nbsp;<em>oman ymm\u00e4rryksemme mukaan<\/em>.&nbsp;<\/p>\n\n\n\n<p>4. Teimme perusteellisen ja pelottoman itsetutkiskelun.<\/p>\n\n\n\n<p>5. My\u00f6nn\u00e4mme Korkeammalle Voimallemme, itsellemme ja toiselle ihmiselle virheidemme todellisen luonteen.<\/p>\n\n\n\n<p>6. Olimme t\u00e4ysin valmiita siihen, ett\u00e4 Korkeampi Voimamme poistaisi kaikki n\u00e4m\u00e4 luonteenpuutteet.<\/p>\n\n\n\n<p>7. N\u00f6yr\u00e4sti pyysimme Korkeampaa Voimaamme poistamaan puutteemme.<\/p>\n\n\n\n<p>8. Teimme listan kaikista niist\u00e4, joille olimme tehneet pahaa, ja olimme halukkaita hyvitt\u00e4m\u00e4\u00e4n heille kaikille.<\/p>\n\n\n\n<p>9. Teimme suoria hyvityksi\u00e4 vahingoittamillemme aina kun mahdollista, paitsi silloin, kun se vahingoittaisi heit\u00e4 tai muita.<\/p>\n\n\n\n<p>10. Jatkoimme itsetutkiskelua ja my\u00f6nsimme sen heti, kun olimme v\u00e4\u00e4r\u00e4ss\u00e4.<\/p>\n\n\n\n<p>11. Pyrimme rukouksen ja meditaation kaltaisten harjoitusten avulla parantamaan tietoista yhteytt\u00e4mme itse\u00e4mme suurempaan Voimaan, rukoillen vain tietoa Korkeamman Voimamme tahdosta meit\u00e4 kohtaan ja voimaa sen toteuttamiseen.<\/p>\n\n\n\n<p>12. Koettuamme hengellisen her\u00e4\u00e4misen n\u00e4iden askelten seurauksena, pyrimme viem\u00e4\u00e4n t\u00e4t\u00e4 viesti\u00e4 internet- ja teknologiariippuvaisille ja noudattamaan n\u00e4it\u00e4 periaatteita kaikissa toimissamme.<\/p>\n\n\n\n<p><mark style=\"background-color:rgba(0, 0, 0, 0)\" class=\"has-inline-color has-white-color\"> .<\/mark><\/p>\n\n\n\n<h3 class=\"wp-block-heading\"><strong>ITAA:n 12 perinnett\u00e4:<\/strong><\/h3>\n\n\n\n<p>Perinne 1: Yhteinen hyvinvointimme on etusijalla; henkil\u00f6kohtainen toipuminen riippuu ITAA:n yhten\u00e4isyydest\u00e4.<\/p>\n\n\n\n<p>Perinne 2: Ryhm\u00e4mme tarkoitusperi\u00e4 varten on vain yksi perimm\u00e4inen auktoriteetti \u2013 rakastava Korkeampi Voima, joka voidaan ilmaista ryhm\u00e4tietoisuutemme kautta. Johtajamme ovat vain luotettuja palvelijoita; he eiv\u00e4t hallitse.<\/p>\n\n\n\n<p>Perinne 3: ITAA-j\u00e4senyyden ainoa vaatimus on halu lopettaa internetin ja teknologian pakonomaisen k\u00e4yt\u00f6n.<\/p>\n\n\n\n<p>Perinne 4: Jokaisen ryhm\u00e4n tulisi olla itsen\u00e4inen lukuun ottamatta asioita, jotka vaikuttavat muihin ryhmiin tai koko ITAA:han.<\/p>\n\n\n\n<p>Perinne 5: Jokaisella ryhm\u00e4ll\u00e4 on vain yksi ensisijainen tarkoitus \u2013 vied\u00e4 viestins\u00e4 internetin ja teknologian pakonomaiselle k\u00e4ytt\u00e4j\u00e4lle, joka edelleen k\u00e4rsii.<\/p>\n\n\n\n<p>Perinne 6: ITAA-ryhm\u00e4n ei tule koskaan tukea, rahoittaa tai lainata ITAA-nime\u00e4 millek\u00e4\u00e4n siihen liittyv\u00e4lle laitokselle tai ulkopuoliselle yritykselle, etteiv\u00e4t raha-, omaisuus- ja arvovaltaongelmat vieroittaisi meit\u00e4 pois ensisijaisesta tarkoituksestamme.<\/p>\n\n\n\n<p>Perinne 7: Jokaisen ITAA-ryhm\u00e4n tulisi olla t\u00e4ysin omavarainen ja kielt\u00e4yty\u00e4 ulkopuolisista lahjoituksista.<\/p>\n\n\n\n<p>Perinne 8: Vaikka palveluj\u00e4rjest\u00f6mme saattavat palkata p\u00e4tevi\u00e4 ty\u00f6ntekij\u00f6it\u00e4, yhden j\u00e4senen auttamisesta toista ei pit\u00e4isi koskaan saada korvausta, mik\u00e4 varmistaa, ett\u00e4 ITAA pysyy aina ep\u00e4ammattimaisena.<\/p>\n\n\n\n<p>Perinne 9: ITAA:ta ei tulisi koskaan j\u00e4rjest\u00e4\u00e4 hierarkkisesti, mutta voimme perustaa palvelulautakuntia tai komiteoita, jotka ovat suoraan vastuussa niille, joita ne palvelevat.<\/p>\n\n\n\n<p>Perinne 10: ITAA:lla ei ole mielipidett\u00e4 ulkopuolisista asioista, joten ITAA:n nime\u00e4 ei tule koskaan vet\u00e4\u00e4 julkiseen kiistaan.<\/p>\n\n\n\n<p>Perinne 11: Tiedotuspolitiikkamme perustuu pikemminkin houkuttelevuuteen kuin mainontaan; meid\u00e4n on aina s\u00e4ilytett\u00e4v\u00e4 henkil\u00f6kohtainen nimett\u00f6myytemme lehdist\u00f6ss\u00e4, radiossa, elokuvissa, televisiossa ja muissa julkisissa viestint\u00e4v\u00e4lineiss\u00e4.<\/p>\n\n\n\n<p>Perinne 12: Anonymiteetti on kaikkien n\u00e4iden perinteiden hengellinen perusta, joka muistuttaa meit\u00e4 aina asettamaan periaatteet persoonallisuuksien edelle.<\/p>\n\n\n\n<p><br>Stepsien laatimisen historia l\u00f6ytyy <a href=\"https:\/\/docs.google.com\/document\/d\/1p7lMaWd-PplLBSP2ulwmFvUSWR2bPam79UIJffN4UTM\/edit?usp=sharing\">t\u00e4ss\u00e4<\/a>. Vaikka meill\u00e4 ei viel\u00e4 ole omaa sanamuotoa kahdelletoista k\u00e4sitteelle, AA:n k\u00e4sitteiden sanamuodot l\u00f6ytyv\u00e4t <a href=\"https:\/\/internetaddictsanonymous.org\/fi\/kaksitoista-kasitetta\/\">t\u00e4ss\u00e4<\/a>, joka voi toimia hy\u00f6dyllisen\u00e4 l\u00e4hteen\u00e4.<br><\/p>\n\n\n\n<p><em>Anonyymien Alkoholistien Kaksitoista Askelta ja Kaksitoista Perinnett\u00e4 on mukautettu Anonyymien Alkoholistien Maailmanpalveluksen (&quot;AAWS&quot;) luvalla. Lupa Kahdentoista Askeleen ja Kahdentoista Perinteen mukauttamiseen ei tarkoita, ett\u00e4 Anonyymit Alkoholistit olisivat sidoksissa t\u00e4h\u00e4n ohjelmaan. AA on ainoastaan alkoholismista toipumiseen tarkoitettu ohjelma \u2013 AA:n Askeleiden tai niiden mukautetun version k\u00e4ytt\u00f6 AA:n mallin mukaisten ohjelmien ja toimintojen yhteydess\u00e4, jotka k\u00e4sittelev\u00e4t muita ongelmia, tai k\u00e4ytt\u00f6 miss\u00e4 tahansa muussa AA:n ulkopuolisessa yhteydess\u00e4 ei tarkoita muuta.<\/em><\/p>\n<!-- PMB print buttons is only displayed on a single post\/page URLs-->","protected":false},"excerpt":{"rendered":"<p>Kaksitoista askelta ovat toipumisohjelmamme hengellinen ydin, joka ohjaa meid\u00e4t pois riippuvuudesta kohti raittiutta, tyyneytt\u00e4 ja rauhaa. Samaan aikaan kaksitoista perinnett\u00e4mme auttavat ryhmi\u00e4mme navigoimaan kohti ykseytt\u00e4, selkeytt\u00e4 ja palvelua. Olemme havainneet, ett\u00e4 askeltemme ja perinteidemme tutkiminen ja harjoittaminen Korkeamman Voimamme avulla\u2026 <a href=\"https:\/\/internetaddictsanonymous.org\/fi\/12-steps-of-itaa\/\" class=\"more-link\">Jatka lukemista <span class=\"screen-reader-text\">ITAA:n kaksitoista askelta ja kaksitoista perinnett\u00e4<\/span><\/a><\/p>","protected":false},"author":35194238,"featured_media":0,"parent":0,"menu_order":0,"comment_status":"closed","ping_status":"closed","template":"full-width-page.php","meta":{"inline_featured_image":false,"_lmt_disableupdate":"no","_lmt_disable":"","footnotes":""},"tags":[655524913],"class_list":["post-4541","page","type-page","status-publish","hentry","tag-12-steps"],"yoast_head":"<!-- This site is optimized with the Yoast SEO plugin v27.5 - https:\/\/yoast.com\/product\/yoast-seo-wordpress\/ -->\n<title>The Twelve Steps and Twelve Traditions of ITAA &#8211; Internet and Technology Addicts Anonymous<\/title>\n<meta name=\"description\" content=\"The 12 Steps of ITAA, which guide us in our recovery.\" \/>\n<meta name=\"robots\" content=\"index, follow, max-snippet:-1, max-image-preview:large, max-video-preview:-1\" \/>\n<link rel=\"canonical\" href=\"https:\/\/internetaddictsanonymous.org\/fi\/12-askelta-itaata\/\" \/>\n<meta property=\"og:locale\" content=\"fi_FI\" \/>\n<meta property=\"og:type\" content=\"article\" \/>\n<meta property=\"og:title\" content=\"The Twelve Steps and Twelve Traditions of ITAA &#8211; Internet and Technology Addicts Anonymous\" \/>\n<meta property=\"og:description\" content=\"The 12 Steps of ITAA, which guide us in our recovery.\" \/>\n<meta property=\"og:url\" content=\"https:\/\/internetaddictsanonymous.org\/fi\/12-askelta-itaata\/\" \/>\n<meta property=\"og:site_name\" content=\"Internet and Technology Addicts Anonymous\" \/>\n<meta property=\"article:modified_time\" content=\"2024-11-16T05:50:57+00:00\" \/>\n<meta name=\"twitter:card\" content=\"summary_large_image\" \/>\n<meta name=\"twitter:label1\" content=\"Arvioitu lukuaika\" \/>\n\t<meta name=\"twitter:data1\" content=\"4 minuuttia\" \/>\n<script type=\"application\/ld+json\" class=\"yoast-schema-graph\">{\"@context\":\"https:\\\/\\\/schema.org\",\"@graph\":[{\"@type\":\"WebPage\",\"@id\":\"https:\\\/\\\/internetaddictsanonymous.org\\\/12-steps-of-itaa\\\/\",\"url\":\"https:\\\/\\\/internetaddictsanonymous.org\\\/12-steps-of-itaa\\\/\",\"name\":\"The Twelve Steps and Twelve Traditions of ITAA &#8211; Internet and Technology Addicts Anonymous\",\"isPartOf\":{\"@id\":\"https:\\\/\\\/internetaddictsanonymous.org\\\/#website\"},\"datePublished\":\"2019-01-08T21:42:04+00:00\",\"dateModified\":\"2024-11-16T05:50:57+00:00\",\"description\":\"The 12 Steps of ITAA, which guide us in our recovery.\",\"breadcrumb\":{\"@id\":\"https:\\\/\\\/internetaddictsanonymous.org\\\/12-steps-of-itaa\\\/#breadcrumb\"},\"inLanguage\":\"fi\",\"potentialAction\":[{\"@type\":\"ReadAction\",\"target\":[\"https:\\\/\\\/internetaddictsanonymous.org\\\/12-steps-of-itaa\\\/\"]}]},{\"@type\":\"BreadcrumbList\",\"@id\":\"https:\\\/\\\/internetaddictsanonymous.org\\\/12-steps-of-itaa\\\/#breadcrumb\",\"itemListElement\":[{\"@type\":\"ListItem\",\"position\":1,\"name\":\"Home\",\"item\":\"https:\\\/\\\/internetaddictsanonymous.org\\\/\"},{\"@type\":\"ListItem\",\"position\":2,\"name\":\"The Twelve Steps and Twelve Traditions of ITAA\"}]},{\"@type\":\"WebSite\",\"@id\":\"https:\\\/\\\/internetaddictsanonymous.org\\\/#website\",\"url\":\"https:\\\/\\\/internetaddictsanonymous.org\\\/\",\"name\":\"Internet and Technology Addicts Anonymous\",\"description\":\"Worldwide 12-step Fellowship for Internet and Technology Addiction\",\"publisher\":{\"@id\":\"https:\\\/\\\/internetaddictsanonymous.org\\\/#organization\"},\"potentialAction\":[{\"@type\":\"SearchAction\",\"target\":{\"@type\":\"EntryPoint\",\"urlTemplate\":\"https:\\\/\\\/internetaddictsanonymous.org\\\/?s={search_term_string}\"},\"query-input\":{\"@type\":\"PropertyValueSpecification\",\"valueRequired\":true,\"valueName\":\"search_term_string\"}}],\"inLanguage\":\"fi\"},{\"@type\":\"Organization\",\"@id\":\"https:\\\/\\\/internetaddictsanonymous.org\\\/#organization\",\"name\":\"Internet and Technology Addicts Anonymous\",\"url\":\"https:\\\/\\\/internetaddictsanonymous.org\\\/\",\"logo\":{\"@type\":\"ImageObject\",\"inLanguage\":\"fi\",\"@id\":\"https:\\\/\\\/internetaddictsanonymous.org\\\/#\\\/schema\\\/logo\\\/image\\\/\",\"url\":\"https:\\\/\\\/internetaddictsanonymous.org\\\/wp-content\\\/uploads\\\/2023\\\/01\\\/cropped-ITAA-logo-480px.png\",\"contentUrl\":\"https:\\\/\\\/internetaddictsanonymous.org\\\/wp-content\\\/uploads\\\/2023\\\/01\\\/cropped-ITAA-logo-480px.png\",\"width\":480,\"height\":480,\"caption\":\"Internet and Technology Addicts Anonymous\"},\"image\":{\"@id\":\"https:\\\/\\\/internetaddictsanonymous.org\\\/#\\\/schema\\\/logo\\\/image\\\/\"}}]}<\/script>\n<!-- \/ Yoast SEO plugin. -->","yoast_head_json":{"title":"ITAA:n kaksitoista askelta ja kaksitoista perinnett\u00e4 \u2013 Internet- ja teknologiariippuvaiset anonyymit","description":"ITAA:n 12 askelta, jotka ohjaavat meit\u00e4 toipumisessamme.","robots":{"index":"index","follow":"follow","max-snippet":"max-snippet:-1","max-image-preview":"max-image-preview:large","max-video-preview":"max-video-preview:-1"},"canonical":"https:\/\/internetaddictsanonymous.org\/fi\/12-askelta-itaata\/","og_locale":"fi_FI","og_type":"article","og_title":"The Twelve Steps and Twelve Traditions of ITAA &#8211; Internet and Technology Addicts Anonymous","og_description":"The 12 Steps of ITAA, which guide us in our recovery.","og_url":"https:\/\/internetaddictsanonymous.org\/fi\/12-askelta-itaata\/","og_site_name":"Internet and Technology Addicts Anonymous","article_modified_time":"2024-11-16T05:50:57+00:00","twitter_card":"summary_large_image","twitter_misc":{"Arvioitu lukuaika":"4 minuuttia"},"schema":{"@context":"https:\/\/schema.org","@graph":[{"@type":"WebPage","@id":"https:\/\/internetaddictsanonymous.org\/12-steps-of-itaa\/","url":"https:\/\/internetaddictsanonymous.org\/12-steps-of-itaa\/","name":"ITAA:n kaksitoista askelta ja kaksitoista perinnett\u00e4 \u2013 Internet- ja teknologiariippuvaiset anonyymit","isPartOf":{"@id":"https:\/\/internetaddictsanonymous.org\/#website"},"datePublished":"2019-01-08T21:42:04+00:00","dateModified":"2024-11-16T05:50:57+00:00","description":"ITAA:n 12 askelta, jotka ohjaavat meit\u00e4 toipumisessamme.","breadcrumb":{"@id":"https:\/\/internetaddictsanonymous.org\/12-steps-of-itaa\/#breadcrumb"},"inLanguage":"fi","potentialAction":[{"@type":"ReadAction","target":["https:\/\/internetaddictsanonymous.org\/12-steps-of-itaa\/"]}]},{"@type":"BreadcrumbList","@id":"https:\/\/internetaddictsanonymous.org\/12-steps-of-itaa\/#breadcrumb","itemListElement":[{"@type":"ListItem","position":1,"name":"Home","item":"https:\/\/internetaddictsanonymous.org\/"},{"@type":"ListItem","position":2,"name":"The Twelve Steps and Twelve Traditions of ITAA"}]},{"@type":"WebSite","@id":"https:\/\/internetaddictsanonymous.org\/#website","url":"https:\/\/internetaddictsanonymous.org\/","name":"Nimett\u00f6m\u00e4t internetin ja teknologian ongelmak\u00e4ytt\u00e4j\u00e4t","description":"Maailmanlaajuinen 12 askeleen yhteis\u00f6 Internet- ja teknologiariippuvuutta varten","publisher":{"@id":"https:\/\/internetaddictsanonymous.org\/#organization"},"potentialAction":[{"@type":"SearchAction","target":{"@type":"EntryPoint","urlTemplate":"https:\/\/internetaddictsanonymous.org\/?s={search_term_string}"},"query-input":{"@type":"PropertyValueSpecification","valueRequired":true,"valueName":"search_term_string"}}],"inLanguage":"fi"},{"@type":"Organization","@id":"https:\/\/internetaddictsanonymous.org\/#organization","name":"Nimett\u00f6m\u00e4t internetin ja teknologian ongelmak\u00e4ytt\u00e4j\u00e4t","url":"https:\/\/internetaddictsanonymous.org\/","logo":{"@type":"ImageObject","inLanguage":"fi","@id":"https:\/\/internetaddictsanonymous.org\/#\/schema\/logo\/image\/","url":"https:\/\/internetaddictsanonymous.org\/wp-content\/uploads\/2023\/01\/cropped-ITAA-logo-480px.png","contentUrl":"https:\/\/internetaddictsanonymous.org\/wp-content\/uploads\/2023\/01\/cropped-ITAA-logo-480px.png","width":480,"height":480,"caption":"Internet and Technology Addicts Anonymous"},"image":{"@id":"https:\/\/internetaddictsanonymous.org\/#\/schema\/logo\/image\/"}}]}},"jetpack_sharing_enabled":true,"jetpack_shortlink":"https:\/\/wp.me\/P9Fwob-1bf","_links":{"self":[{"href":"https:\/\/internetaddictsanonymous.org\/fi\/wp-json\/wp\/v2\/pages\/4541","targetHints":{"allow":["GET"]}}],"collection":[{"href":"https:\/\/internetaddictsanonymous.org\/fi\/wp-json\/wp\/v2\/pages"}],"about":[{"href":"https:\/\/internetaddictsanonymous.org\/fi\/wp-json\/wp\/v2\/types\/page"}],"author":[{"embeddable":true,"href":"https:\/\/internetaddictsanonymous.org\/fi\/wp-json\/wp\/v2\/users\/35194238"}],"replies":[{"embeddable":true,"href":"https:\/\/internetaddictsanonymous.org\/fi\/wp-json\/wp\/v2\/comments?post=4541"}],"version-history":[{"count":24,"href":"https:\/\/internetaddictsanonymous.org\/fi\/wp-json\/wp\/v2\/pages\/4541\/revisions"}],"predecessor-version":[{"id":18938,"href":"https:\/\/internetaddictsanonymous.org\/fi\/wp-json\/wp\/v2\/pages\/4541\/revisions\/18938"}],"wp:attachment":[{"href":"https:\/\/internetaddictsanonymous.org\/fi\/wp-json\/wp\/v2\/media?parent=4541"}],"wp:term":[{"taxonomy":"post_tag","embeddable":true,"href":"https:\/\/internetaddictsanonymous.org\/fi\/wp-json\/wp\/v2\/tags?post=4541"}],"curies":[{"name":"wp","href":"https:\/\/api.w.org\/{rel}","templated":true}]}}